{"id":24952,"date":"2021-03-16T00:06:08","date_gmt":"2021-08-02T21:15:28","guid":{"rendered":"https:\/\/www.versiegelung24.com\/produkt\/dezinfectarea-incaltamintei-pedexan"},"modified":"2025-01-13T16:32:55","modified_gmt":"2025-01-13T15:32:55","slug":"dezinfectarea-pantofilor-pedexan","status":"publish","type":"product","link":"https:\/\/www.versiegelung24.com\/ro\/dezinfectarea-pantofilor-pedexan.html","title":{"rendered":"Dezinfectarea pantofilor Pedexan cu efect pe termen lung Flacon pulverizator cu pompa de 125 ml"},"content":{"rendered":"\n<h2 class=\"wp-block-heading\" id=\"pedexan-schuhdesinfektion-alaska-frische-fur-die-schuhe\">Dezinfectarea \u00eenc\u0103l\u021b\u0103mintei Pedexan &#8211; prospe\u021bime din Alaska pentru \u00eenc\u0103l\u021b\u0103minte<\/h2>\n\n<p><strong>Flacon de pulverizare cu pomp\u0103 de 125 ml pentru utilizare u\u0219oar\u0103 acas\u0103 sau \u00een deplasare<\/strong><\/p>\n\n<p>Dac\u0103 pantofii de lucru sau pantofii casual sunt folosi\u021bi intens pe o perioad\u0103 lung\u0103 de timp, se creeaz\u0103 adesea un mediu ideal pentru ca bacteriile \u0219i ciupercile s\u0103 se \u00eenmul\u021beasc\u0103 \u0219i se creeaz\u0103 mirosuri nepl\u0103cute.<\/p>\n\n<p>Chiar \u0219i cu \u0219osete proaspete \u0219i aerisirea pantofilor, duhoarea nepl\u0103cut\u0103 r\u0103m\u00e2ne \u0219i poate provoca chiar \u0219i infec\u021bii ur\u00e2te la picioare.<\/p>\n\n<p>Dezinfectarea pantofilor <strong>Pedexan<\/strong> poate ajuta aici. Bacteriile \u0219i ciupercile sunt \u00eendep\u0103rtate eficient, iar formarea altora noi este prevenit\u0103 prin efectul pe termen lung.<\/p>\n\n<p>Cu parfumul s\u0103u de Alaska, Pedexan asigur\u0103 o prospe\u021bime pl\u0103cut\u0103 \u0219i este chiar biocompatibil.<\/p>\n\n<hr \/>\n\n<h4 class=\"wp-block-heading\" id=\"application\">Aplica\u021bie<\/h4>\n\n<p>Aplica\u021bia este foarte simpl\u0103:<\/p>\n\n<p><br \/><br \/><br \/>&#8211; Pulveriza\u021bi interiorul pantofilor \u00een aer liber. &#8211; Recomand\u0103m 5 p\u00e2n\u0103 la 10 pulveriz\u0103ri pentru prima aplicare. &#8211; Dezinfectantul pentru pantofi Pedexan trebuie utilizat de 1-2 ori pe s\u0103pt\u0103m\u00e2n\u0103 sau \u00een func\u021bie de necesit\u0103\u021bi. &#8211; Reumplere op\u021bional\u0103 cu<a href=\"https:\/\/www.versiegelung24.com\/ro\/sticla-de-reumplere-pentru-dezinfectia-pantofilor-pedexan.html\">sticla de reumplere a dezinfectantului pentru pantofi Pedexan de 1 litru<\/a><\/p>\n\n<hr \/>\n\n<h4 class=\"wp-block-heading\" id=\"advisor\">Consilier<\/h4>\n\n<p><strong>Sfaturi de securitate:<\/strong><\/p>\n\n<p>Asigura\u021bi-v\u0103 c\u0103 nota\u021bi! Asigura\u021bi o ventila\u021bie adecvat\u0103 \u00een timpul tratamentului. Lichid \u0219i vapori foarte inflamabili. Provoac\u0103 irita\u021bii oculare grave. A se p\u0103stra departe de c\u0103ldur\u0103, suprafe\u021be fierbin\u021bi, sc\u00e2ntei, fl\u0103c\u0103ri deschise \u0219i alte surse de aprindere. Nu fuma. A se p\u0103stra \u00eentr-un loc r\u0103coros, bine ventilat. \u00cen cazul \u00een care este necesar un aviz medical, preg\u0103ti\u021bi ambalajul sau eticheta. A nu se p\u0103stra la \u00eendem\u00e2na copiilor.<\/p>\n\n<p>Poate fi folosit pentru toate suprafe\u021bele interioare ale pantofilor. Dac\u0103 ave\u021bi dubii, testa\u021bi Pedexan \u00eentr-un loc invizibil.<\/p>\n\n<p>Depozita\u021bi numai \u00eentr-un recipient \u00eenchis. Recipientul poate fi reciclat numai atunci c\u00e2nd este complet gol. Nu se utilizeaz\u0103 dup\u0103 data de expirare.<\/p>\n\n<p>Nr.reg. Biocid: N-25889<\/p>\n\n<p>Important: Folosi\u021bi cu aten\u021bie produsele biocide. Citi\u021bi \u00eentotdeauna eticheta \u0219i informa\u021biile despre produs \u00eenainte de utilizare.<\/p>\n","protected":false},"excerpt":{"rendered":"<p>Dezinfectarea \u00eenc\u0103l\u021b\u0103mintei Pedexan &#8211; prospe\u021bime din Alaska pentru \u00eenc\u0103l\u021b\u0103minte Flacon de pulverizare cu pomp\u0103 de 125 ml pentru utilizare u\u0219oar\u0103 acas\u0103 sau \u00een deplasare Dac\u0103 pantofii de lucru sau pantofii casual sunt folosi\u021bi intens pe o perioad\u0103 lung\u0103 de timp, se creeaz\u0103 adesea un mediu ideal pentru ca bacteriile \u0219i ciupercile s\u0103 se \u00eenmul\u021beasc\u0103 \u0219i&hellip;&nbsp;<a href=\"https:\/\/www.versiegelung24.com\/ro\/dezinfectarea-pantofilor-pedexan.html\" rel=\"bookmark\">Read More &raquo;<span class=\"screen-reader-text\">Dezinfectarea pantofilor Pedexan cu efect pe termen lung Flacon pulverizator cu pompa de 125 ml<\/span><\/a><\/p>\n","protected":false},"featured_media":21911,"template":"","meta":{"_acf_changed":false,"neve_meta_sidebar":"","neve_meta_container":"","neve_meta_enable_content_width":"","neve_meta_content_width":0,"neve_meta_title_alignment":"","neve_meta_author_avatar":"","neve_post_elements_order":"","neve_meta_disable_header":"","neve_meta_disable_footer":"","neve_meta_disable_title":"","neve_meta_reading_time":"","_surfaces":[],"_ver_product_tabs":[],"footnotes":""},"product_brand":[],"product_cat":[2277,2885],"product_tag":[],"class_list":{"0":"post-24952","1":"product","2":"type-product","3":"status-publish","4":"has-post-thumbnail","6":"product_cat-dezinfectanti","7":"product_cat-dezinfectanti-pentru-pantofi","9":"first","10":"instock","11":"taxable","12":"shipping-taxable","13":"purchasable","14":"product-type-simple"},"acf":[],"yoast_head":"<!-- This site is optimized with the Yoast SEO Premium plugin v22.8 (Yoast SEO v27.5) - https:\/\/yoast.com\/product\/yoast-seo-premium-wordpress\/ -->\n<title>Dezinfectarea pantofilor Pedexan cu efect pe termen lung Flacon pulverizator cu pompa de 125 ml - versiegelung24.com<\/title>\n<meta name=\"description\" content=\"Dezinfectarea \u00eenc\u0103l\u021b\u0103mintei Pedexan - solu\u021bia \u00eempotriva mirosurilor nepl\u0103cute, bacteriilor \u0219i ciupercilor.\" \/>\n<meta name=\"robots\" content=\"index, follow, max-snippet:-1, max-image-preview:large, max-video-preview:-1\" \/>\n<link rel=\"canonical\" href=\"https:\/\/www.versiegelung24.com\/ro\/dezinfectarea-pantofilor-pedexan.html\" \/>\n<meta property=\"og:locale\" content=\"ro_RO\" \/>\n<meta property=\"og:type\" content=\"article\" \/>\n<meta property=\"og:title\" content=\"Dezinfectarea pantofilor Pedexan cu efect pe termen lung Flacon pulverizator cu pompa de 125 ml\" \/>\n<meta property=\"og:description\" content=\"Dezinfectarea \u00eenc\u0103l\u021b\u0103mintei Pedexan - solu\u021bia \u00eempotriva mirosurilor nepl\u0103cute, bacteriilor \u0219i ciupercilor.\" \/>\n<meta property=\"og:url\" content=\"https:\/\/www.versiegelung24.com\/ro\/dezinfectarea-pantofilor-pedexan.html\" \/>\n<meta property=\"og:site_name\" content=\"versiegelung24.com\" \/>\n<meta property=\"article:modified_time\" content=\"2025-01-13T15:32:55+00:00\" \/>\n<meta property=\"og:image\" content=\"https:\/\/www.versiegelung24.com\/wp-content\/uploads\/2021\/03\/pedexan-schuhdesinfektion-125ml.png\" \/>\n\t<meta property=\"og:image:width\" content=\"700\" \/>\n\t<meta property=\"og:image:height\" content=\"700\" \/>\n\t<meta property=\"og:image:type\" content=\"image\/png\" \/>\n<meta name=\"twitter:card\" content=\"summary_large_image\" \/>\n<meta name=\"twitter:label1\" content=\"Pre\u021b\" \/>\n\t<meta name=\"twitter:data1\" content=\"10,99&euro;\" \/>\n\t<meta name=\"twitter:label2\" content=\"Disponibilitate\" \/>\n\t<meta name=\"twitter:data2\" content=\"\u00cen stoc\" \/>\n<script type=\"application\/ld+json\" class=\"yoast-schema-graph\">{\"@context\":\"https:\\\/\\\/schema.org\",\"@graph\":[{\"@type\":\"WebPage\",\"@id\":\"https:\\\/\\\/www.versiegelung24.com\\\/ro\\\/dezinfectarea-pantofilor-pedexan.html\",\"url\":\"https:\\\/\\\/www.versiegelung24.com\\\/ro\\\/dezinfectarea-pantofilor-pedexan.html\",\"name\":\"Dezinfectarea pantofilor Pedexan cu efect pe termen lung Flacon pulverizator cu pompa de 125 ml - versiegelung24.com\",\"isPartOf\":{\"@id\":\"https:\\\/\\\/www.versiegelung24.com\\\/ro\\\/#website\"},\"primaryImageOfPage\":{\"@id\":\"https:\\\/\\\/www.versiegelung24.com\\\/ro\\\/dezinfectarea-pantofilor-pedexan.html#primaryimage\"},\"image\":{\"@id\":\"https:\\\/\\\/www.versiegelung24.com\\\/ro\\\/dezinfectarea-pantofilor-pedexan.html#primaryimage\"},\"thumbnailUrl\":\"https:\\\/\\\/www.versiegelung24.com\\\/wp-content\\\/uploads\\\/2021\\\/03\\\/pedexan-schuhdesinfektion-125ml.png\",\"datePublished\":\"2021-08-02T21:15:28+00:00\",\"dateModified\":\"2025-01-13T15:32:55+00:00\",\"description\":\"Dezinfectarea \u00eenc\u0103l\u021b\u0103mintei Pedexan - solu\u021bia \u00eempotriva mirosurilor nepl\u0103cute, bacteriilor \u0219i ciupercilor.\",\"breadcrumb\":{\"@id\":\"https:\\\/\\\/www.versiegelung24.com\\\/ro\\\/dezinfectarea-pantofilor-pedexan.html#breadcrumb\"},\"inLanguage\":\"ro-RO\",\"potentialAction\":[{\"@type\":\"ReadAction\",\"target\":[\"https:\\\/\\\/www.versiegelung24.com\\\/ro\\\/dezinfectarea-pantofilor-pedexan.html\"]}]},{\"@type\":\"ImageObject\",\"inLanguage\":\"ro-RO\",\"@id\":\"https:\\\/\\\/www.versiegelung24.com\\\/ro\\\/dezinfectarea-pantofilor-pedexan.html#primaryimage\",\"url\":\"https:\\\/\\\/www.versiegelung24.com\\\/wp-content\\\/uploads\\\/2021\\\/03\\\/pedexan-schuhdesinfektion-125ml.png\",\"contentUrl\":\"https:\\\/\\\/www.versiegelung24.com\\\/wp-content\\\/uploads\\\/2021\\\/03\\\/pedexan-schuhdesinfektion-125ml.png\",\"width\":700,\"height\":700},{\"@type\":\"BreadcrumbList\",\"@id\":\"https:\\\/\\\/www.versiegelung24.com\\\/ro\\\/dezinfectarea-pantofilor-pedexan.html#breadcrumb\",\"itemListElement\":[{\"@type\":\"ListItem\",\"position\":1,\"name\":\"Pagina de start\",\"item\":\"https:\\\/\\\/www.versiegelung24.com\\\/ro\\\/fata\\\/\"},{\"@type\":\"ListItem\",\"position\":2,\"name\":\"Magazin\",\"item\":\"https:\\\/\\\/www.versiegelung24.com\\\/ro\\\/magazin_ro\\\/\"},{\"@type\":\"ListItem\",\"position\":3,\"name\":\"Dezinfectarea pantofilor Pedexan cu efect pe termen lung Flacon pulverizator cu pompa de 125 ml\"}]},{\"@type\":\"WebSite\",\"@id\":\"https:\\\/\\\/www.versiegelung24.com\\\/ro\\\/#website\",\"url\":\"https:\\\/\\\/www.versiegelung24.com\\\/ro\\\/\",\"name\":\"versiegelung24.com\",\"description\":\"Fl\u00fcssigglas-Versiegelung - Made in Germany\",\"publisher\":{\"@id\":\"https:\\\/\\\/www.versiegelung24.com\\\/ro\\\/#organization\"},\"potentialAction\":[{\"@type\":\"SearchAction\",\"target\":{\"@type\":\"EntryPoint\",\"urlTemplate\":\"https:\\\/\\\/www.versiegelung24.com\\\/ro\\\/?s={search_term_string}\"},\"query-input\":{\"@type\":\"PropertyValueSpecification\",\"valueRequired\":true,\"valueName\":\"search_term_string\"}}],\"inLanguage\":\"ro-RO\"},{\"@type\":\"Organization\",\"@id\":\"https:\\\/\\\/www.versiegelung24.com\\\/ro\\\/#organization\",\"name\":\"versiegelung24\",\"url\":\"https:\\\/\\\/www.versiegelung24.com\\\/ro\\\/\",\"logo\":{\"@type\":\"ImageObject\",\"inLanguage\":\"ro-RO\",\"@id\":\"https:\\\/\\\/www.versiegelung24.com\\\/ro\\\/#\\\/schema\\\/logo\\\/image\\\/\",\"url\":\"https:\\\/\\\/www.versiegelung24.com\\\/wp-content\\\/uploads\\\/2020\\\/04\\\/versiegelung24.png\",\"contentUrl\":\"https:\\\/\\\/www.versiegelung24.com\\\/wp-content\\\/uploads\\\/2020\\\/04\\\/versiegelung24.png\",\"width\":470,\"height\":102,\"caption\":\"versiegelung24\"},\"image\":{\"@id\":\"https:\\\/\\\/www.versiegelung24.com\\\/ro\\\/#\\\/schema\\\/logo\\\/image\\\/\"}}]}<\/script>\n<meta property=\"product:price:amount\" content=\"10.99\" \/>\n<meta property=\"product:price:currency\" content=\"EUR\" \/>\n<meta property=\"og:availability\" content=\"instock\" \/>\n<meta property=\"product:availability\" content=\"instock\" \/>\n<meta property=\"product:retailer_item_id\" content=\"PED-125A\" \/>\n<meta property=\"product:condition\" content=\"new\" \/>\n<!-- \/ Yoast SEO Premium plugin. -->","yoast_head_json":{"title":"Dezinfectarea pantofilor Pedexan cu efect pe termen lung Flacon pulverizator cu pompa de 125 ml - versiegelung24.com","description":"Dezinfectarea \u00eenc\u0103l\u021b\u0103mintei Pedexan - solu\u021bia \u00eempotriva mirosurilor nepl\u0103cute, bacteriilor \u0219i ciupercilor.","robots":{"index":"index","follow":"follow","max-snippet":"max-snippet:-1","max-image-preview":"max-image-preview:large","max-video-preview":"max-video-preview:-1"},"canonical":"https:\/\/www.versiegelung24.com\/ro\/dezinfectarea-pantofilor-pedexan.html","og_locale":"ro_RO","og_type":"article","og_title":"Dezinfectarea pantofilor Pedexan cu efect pe termen lung Flacon pulverizator cu pompa de 125 ml","og_description":"Dezinfectarea \u00eenc\u0103l\u021b\u0103mintei Pedexan - solu\u021bia \u00eempotriva mirosurilor nepl\u0103cute, bacteriilor \u0219i ciupercilor.","og_url":"https:\/\/www.versiegelung24.com\/ro\/dezinfectarea-pantofilor-pedexan.html","og_site_name":"versiegelung24.com","article_modified_time":"2025-01-13T15:32:55+00:00","og_image":[{"width":700,"height":700,"url":"https:\/\/www.versiegelung24.com\/wp-content\/uploads\/2021\/03\/pedexan-schuhdesinfektion-125ml.png","type":"image\/png"}],"twitter_card":"summary_large_image","twitter_misc":{"Pre\u021b":"10,99&euro;","Disponibilitate":"\u00cen stoc"},"schema":{"@context":"https:\/\/schema.org","@graph":[{"@type":"WebPage","@id":"https:\/\/www.versiegelung24.com\/ro\/dezinfectarea-pantofilor-pedexan.html","url":"https:\/\/www.versiegelung24.com\/ro\/dezinfectarea-pantofilor-pedexan.html","name":"Dezinfectarea pantofilor Pedexan cu efect pe termen lung Flacon pulverizator cu pompa de 125 ml - versiegelung24.com","isPartOf":{"@id":"https:\/\/www.versiegelung24.com\/ro\/#website"},"primaryImageOfPage":{"@id":"https:\/\/www.versiegelung24.com\/ro\/dezinfectarea-pantofilor-pedexan.html#primaryimage"},"image":{"@id":"https:\/\/www.versiegelung24.com\/ro\/dezinfectarea-pantofilor-pedexan.html#primaryimage"},"thumbnailUrl":"https:\/\/www.versiegelung24.com\/wp-content\/uploads\/2021\/03\/pedexan-schuhdesinfektion-125ml.png","datePublished":"2021-08-02T21:15:28+00:00","dateModified":"2025-01-13T15:32:55+00:00","description":"Dezinfectarea \u00eenc\u0103l\u021b\u0103mintei Pedexan - solu\u021bia \u00eempotriva mirosurilor nepl\u0103cute, bacteriilor \u0219i ciupercilor.","breadcrumb":{"@id":"https:\/\/www.versiegelung24.com\/ro\/dezinfectarea-pantofilor-pedexan.html#breadcrumb"},"inLanguage":"ro-RO","potentialAction":[{"@type":"ReadAction","target":["https:\/\/www.versiegelung24.com\/ro\/dezinfectarea-pantofilor-pedexan.html"]}]},{"@type":"ImageObject","inLanguage":"ro-RO","@id":"https:\/\/www.versiegelung24.com\/ro\/dezinfectarea-pantofilor-pedexan.html#primaryimage","url":"https:\/\/www.versiegelung24.com\/wp-content\/uploads\/2021\/03\/pedexan-schuhdesinfektion-125ml.png","contentUrl":"https:\/\/www.versiegelung24.com\/wp-content\/uploads\/2021\/03\/pedexan-schuhdesinfektion-125ml.png","width":700,"height":700},{"@type":"BreadcrumbList","@id":"https:\/\/www.versiegelung24.com\/ro\/dezinfectarea-pantofilor-pedexan.html#breadcrumb","itemListElement":[{"@type":"ListItem","position":1,"name":"Pagina de start","item":"https:\/\/www.versiegelung24.com\/ro\/fata\/"},{"@type":"ListItem","position":2,"name":"Magazin","item":"https:\/\/www.versiegelung24.com\/ro\/magazin_ro\/"},{"@type":"ListItem","position":3,"name":"Dezinfectarea pantofilor Pedexan cu efect pe termen lung Flacon pulverizator cu pompa de 125 ml"}]},{"@type":"WebSite","@id":"https:\/\/www.versiegelung24.com\/ro\/#website","url":"https:\/\/www.versiegelung24.com\/ro\/","name":"versiegelung24.com","description":"Fl\u00fcssigglas-Versiegelung - Made in Germany","publisher":{"@id":"https:\/\/www.versiegelung24.com\/ro\/#organization"},"potentialAction":[{"@type":"SearchAction","target":{"@type":"EntryPoint","urlTemplate":"https:\/\/www.versiegelung24.com\/ro\/?s={search_term_string}"},"query-input":{"@type":"PropertyValueSpecification","valueRequired":true,"valueName":"search_term_string"}}],"inLanguage":"ro-RO"},{"@type":"Organization","@id":"https:\/\/www.versiegelung24.com\/ro\/#organization","name":"versiegelung24","url":"https:\/\/www.versiegelung24.com\/ro\/","logo":{"@type":"ImageObject","inLanguage":"ro-RO","@id":"https:\/\/www.versiegelung24.com\/ro\/#\/schema\/logo\/image\/","url":"https:\/\/www.versiegelung24.com\/wp-content\/uploads\/2020\/04\/versiegelung24.png","contentUrl":"https:\/\/www.versiegelung24.com\/wp-content\/uploads\/2020\/04\/versiegelung24.png","width":470,"height":102,"caption":"versiegelung24"},"image":{"@id":"https:\/\/www.versiegelung24.com\/ro\/#\/schema\/logo\/image\/"}}]},"product_price_amount":"10.99","product_price_currency":"EUR","og_availability":"instock","product_availability":"instock","product_retailer_item_id":"PED-125A","product_condition":"new"},"_links":{"self":[{"href":"https:\/\/www.versiegelung24.com\/ro\/wp-json\/wp\/v2\/product\/24952","targetHints":{"allow":["GET"]}}],"collection":[{"href":"https:\/\/www.versiegelung24.com\/ro\/wp-json\/wp\/v2\/product"}],"about":[{"href":"https:\/\/www.versiegelung24.com\/ro\/wp-json\/wp\/v2\/types\/product"}],"version-history":[{"count":20,"href":"https:\/\/www.versiegelung24.com\/ro\/wp-json\/wp\/v2\/product\/24952\/revisions"}],"predecessor-version":[{"id":180406,"href":"https:\/\/www.versiegelung24.com\/ro\/wp-json\/wp\/v2\/product\/24952\/revisions\/180406"}],"wp:featuredmedia":[{"embeddable":true,"href":"https:\/\/www.versiegelung24.com\/ro\/wp-json\/wp\/v2\/media\/21911"}],"wp:attachment":[{"href":"https:\/\/www.versiegelung24.com\/ro\/wp-json\/wp\/v2\/media?parent=24952"}],"wp:term":[{"taxonomy":"product_brand","embeddable":true,"href":"https:\/\/www.versiegelung24.com\/ro\/wp-json\/wp\/v2\/product_brand?post=24952"},{"taxonomy":"product_cat","embeddable":true,"href":"https:\/\/www.versiegelung24.com\/ro\/wp-json\/wp\/v2\/product_cat?post=24952"},{"taxonomy":"product_tag","embeddable":true,"href":"https:\/\/www.versiegelung24.com\/ro\/wp-json\/wp\/v2\/product_tag?post=24952"}],"curies":[{"name":"wp","href":"https:\/\/api.w.org\/{rel}","templated":true}]}}