{"id":25505,"date":"2020-04-04T18:53:18","date_gmt":"2021-08-03T08:08:19","guid":{"rendered":"https:\/\/www.versiegelung24.com\/produkt\/servetele-de-dezinfectare-de-suprafata-pe-termen-lung-bacoban-50-de-bucati-intr-un-pachet-plat"},"modified":"2025-01-13T16:38:02","modified_gmt":"2025-01-13T15:38:02","slug":"bacoban-carpe-de-dezinfectie-pe-termen-lung-de-suprafata-50-bucati-in-pachet-plat-panza-format-180-x-200mm","status":"publish","type":"product","link":"https:\/\/www.versiegelung24.com\/ro\/bacoban-carpe-de-dezinfectie-pe-termen-lung-de-suprafata-50-bucati-in-pachet-plat-panza-format-180-x-200mm.html","title":{"rendered":"\u0218erve\u021bele de dezinfectare de suprafa\u021b\u0103 pe termen lung BACOBAN\u00ae, 50 de buc\u0103\u021bi \u00eentr-un pachet plat"},"content":{"rendered":"\n<p>Servetele umede gata de utilizare pentru dezinfectarea suprafetelor rezistente la alcool<\/p>\n\n<hr \/>\n\n<h4 class=\"wp-block-heading\" id=\"properties\">Caracteristicile produsului<\/h4>\n\n<div class=\"wp-block-columns is-layout-flex wp-container-core-columns-is-layout-9d6595d7 wp-block-columns-is-layout-flex\">\n<div class=\"wp-block-column is-layout-flow wp-block-column-is-layout-flow\">\n<ul class=\"wp-block-list\">\n<li><br \/>Efect antimicrobian de durat\u0103 (efect de remanen\u021b\u0103) p\u00e2n\u0103 la 10 zile<\/li>\n\n\n\n<li>eficient \u00eempotriva coronavirusului<\/li>\n\n\n\n<li>toleran\u021b\u0103 foarte bun\u0103 a pielii<\/li>\n\n\n\n<li>efect de curatare ridicat<\/li>\n\n\n\n<li>Aplica\u021bie practic\u0103 testat\u0103 \u00een testul \u00een 4 c\u00e2mpuri<\/li>\n<\/ul>\n<\/div>\n\n\n\n<div class=\"wp-block-column is-layout-flow wp-block-column-is-layout-flow\">\n<h3 class=\"wp-block-heading\" id=\"zusammensetzung\">compozi\u0163ie<\/h3>\n\n\n\n<p>Solu\u021bia de 100 g con\u021bine:<br \/><br \/>Clorur\u0103 de benzalconiu 0,26 g, pirition\u0103 de sodiu 0,025 g, policondensa\u021bi, parfumuri, ap\u0103 purificat\u0103. Ingrediente conform Regulamentului (CE) nr. 648\/2004: mai pu\u021bin de 5% agen\u021bi tensioactivi cationici, dezinfectant, parfum. F\u0103r\u0103 formaldehid\u0103, f\u0103r\u0103 fenol.<\/p>\n<\/div>\n<\/div>\n\n<hr \/>\n\n<h4 class=\"wp-block-heading\" id=\"application\">Aplica\u021bie<\/h4>\n\n<p><strong>Bacoban<\/strong><sup> \u00ae<\/sup><strong> DL<\/strong> este o solu\u021bie gata de utilizare, pe baz\u0103 de ap\u0103, pentru dezinfectarea \u0219i cur\u0103\u021barea suprafe\u021belor cu efect antimicrobian de durat\u0103 (efect de remanen\u021b\u0103).<\/p>\n\n<h3 class=\"wp-block-heading\" id=\"gebrauch\">utilizare<\/h3>\n\n<p><strong>Bacoban<\/strong><sup> \u00ae<\/sup><strong> DL<\/strong> \u00cendep\u0103rta\u021bi c\u00e2rpa gata de utilizare \u0219i distribui\u021bi lichidul uniform pe suprafa\u021b\u0103. Apoi l\u0103sa\u021bi-l s\u0103 se usuce. Nu cl\u0103ti\u021bi \u0219i nu freca\u021bi uscat.<\/p>\n\n<figure class=\"wp-block-table\"><table><tbody><tr><td>eficacitate<\/td><\/tr><tr><td>Testarea conform ghidurilor DVV \/ RKI<\/td><td>Timp de expunere<\/td><\/tr><tr><td><br \/>Virucid limitat (virusuri \u00eenvelite, inclusiv <strong>coronavirus<\/strong>, HIV, HBV, HCV, grip\u0103, herpes, virusul Ebola&#8230;.)<\/td><td>5 minute<\/td><\/tr><tr><td>Rotavirus<\/td><td>5 minute<\/td><\/tr><tr><td>Norovirus<\/td><td>30 minute<\/td><\/tr><tr><td>Papilomavirus (HPV)<\/td><td>60 min<\/td><\/tr><tr><td>Testare conform ghidului DGHM (cu mecanic\u0103, sarcin\u0103 mare)<\/td><\/tr><tr><td>bactericid\u0103 \u0219i levidicid\u0103<\/td><td>5 minute<\/td><\/tr><tr><td>Standardele EN<\/td><\/tr><tr><td>EN 1040 (bactericid)<\/td><td>5 minute<\/td><\/tr><tr><td>EN 1275 (levidicid)<\/td><td>5 minute<\/td><\/tr><tr><td>EN 1276 (bactericid)<\/td><td>5 minute<\/td><\/tr><tr><td>EN 13727 (bactericid)<\/td><td>5 minute<\/td><\/tr><tr><td>EN 13624 (drojdicid, fungicid)<\/td><td>5 minute<\/td><\/tr><tr><td>EN 1650 (levidicid)<\/td><td>5 minute<\/td><\/tr><tr><td>EN 13697 (bactericid)<\/td><td>5 minute<\/td><\/tr><tr><td>EN 14561 (bactericid)<\/td><td>60 min<\/td><\/tr><tr><td>EN 14562 (levidicid)<\/td><td>60 min<\/td><\/tr><tr><td>EN 16615 (bactericid, drojdicid) (test pe 4 c\u00e2mpuri)<\/td><td>5 minute<\/td><\/tr><\/tbody><\/table><\/figure>\n\n<hr \/>\n\n<h4 class=\"wp-block-heading\" id=\"advisor\">Consilier<\/h4>\n\n<h3 class=\"wp-block-heading\" id=\"lagerung\">depozitare<\/h3>\n\n<p><strong>Bacoban<\/strong><sup> \u00ae<\/sup><strong> DL<\/strong> depozita\u021bi la +5 p\u00e2n\u0103 la + 25 \u00b0 C. Proteja\u021bi-v\u0103 de \u00eenghe\u021b \u0219i de lumina direct\u0103 a soarelui.<\/p>\n\n<h3 class=\"wp-block-heading\" id=\"gutachten\">Evaluare<\/h3>\n\n<p>Produsele noastre au fost testate extensiv. La cerere, v\u0103 vom oferi cu pl\u0103cere rapoartele noastre microbiologice \u0219i dermatologice.<\/p>\n\n<h3 class=\"wp-block-heading\" id=\"sicherheitshinweis\">Not\u0103 de siguran\u021b\u0103<\/h3>\n\n<p>Fi\u0219a cu date de securitate este disponibil\u0103 la cerere.<\/p>\n\n<p><br \/>Efect antimicrobian de durat\u0103 <strong>(efect de remanen\u021b\u0103)<\/strong> de p\u00e2n\u0103 la <strong>10 zile<\/strong> (testat \u00een conformitate cu ASTM E 2180). Testat dermatologic (test epicutanat cu 30 de subiec\u021bi): compatibilitate cutanat\u0103 foarte bun\u0103.<\/p>\n\n<p><strong>Important<\/strong> ! Efectul remanent antimicrobian al<strong> Bacoban<\/strong><sup> \u00ae<\/sup><strong> DL<\/strong> nu trebuie s\u0103 conduc\u0103 la omiterea m\u0103surilor de dezinfec\u021bie necesare \u00een cazul unei contamin\u0103ri vizibile \u0219i \/ sau discutabile!<\/p>\n\n<p><strong>Folosi\u021bi cu aten\u021bie dezinfectan\u021bii. Citi\u021bi \u00eentotdeauna eticheta \u0219i informa\u021biile despre produs \u00eenainte de utilizare.<\/strong><\/p>\n\n<p>Nr.reg. Biocid: N-34071 (D), 262\/17 \/ L (Lu), PT2<\/p>\n","protected":false},"excerpt":{"rendered":"<p><strong>\u0218erve\u021bele umede gata de utilizare pentru dezinfectarea suprafe\u021belor<\/strong><\/p>\n","protected":false},"featured_media":176471,"template":"","meta":{"_acf_changed":false,"neve_meta_sidebar":"","neve_meta_container":"","neve_meta_enable_content_width":"","neve_meta_content_width":0,"neve_meta_title_alignment":"","neve_meta_author_avatar":"","neve_post_elements_order":"","neve_meta_disable_header":"","neve_meta_disable_footer":"","neve_meta_disable_title":"","neve_meta_reading_time":"","_surfaces":[],"_ver_product_tabs":[],"footnotes":""},"product_brand":[],"product_cat":[2277,2279],"product_tag":[],"class_list":{"0":"post-25505","1":"product","2":"type-product","3":"status-publish","4":"has-post-thumbnail","6":"product_cat-dezinfectanti","7":"product_cat-dezinfectanti-de-suprafata","9":"first","10":"onbackorder","11":"taxable","12":"shipping-taxable","13":"purchasable","14":"product-type-simple"},"acf":[],"yoast_head":"<!-- This site is optimized with the Yoast SEO Premium plugin v22.8 (Yoast SEO v27.5) - https:\/\/yoast.com\/product\/yoast-seo-premium-wordpress\/ -->\n<title>\u0218erve\u021bele de dezinfectare de suprafa\u021b\u0103 pe termen lung BACOBAN\u00ae, 50 de buc\u0103\u021bi \u00eentr-un pachet plat - versiegelung24.com<\/title>\n<meta name=\"robots\" content=\"index, follow, max-snippet:-1, max-image-preview:large, max-video-preview:-1\" \/>\n<link rel=\"canonical\" href=\"https:\/\/www.versiegelung24.com\/ro\/bacoban-carpe-de-dezinfectie-pe-termen-lung-de-suprafata-50-bucati-in-pachet-plat-panza-format-180-x-200mm.html\" \/>\n<meta property=\"og:locale\" content=\"ro_RO\" \/>\n<meta property=\"og:type\" content=\"article\" \/>\n<meta property=\"og:title\" content=\"\u0218erve\u021bele de dezinfectare de suprafa\u021b\u0103 pe termen lung BACOBAN\u00ae, 50 de buc\u0103\u021bi \u00eentr-un pachet plat\" \/>\n<meta property=\"og:description\" content=\"\u0218erve\u021bele umede gata de utilizare pentru dezinfectarea suprafe\u021belor\" \/>\n<meta property=\"og:url\" content=\"https:\/\/www.versiegelung24.com\/ro\/bacoban-carpe-de-dezinfectie-pe-termen-lung-de-suprafata-50-bucati-in-pachet-plat-panza-format-180-x-200mm.html\" \/>\n<meta property=\"og:site_name\" content=\"versiegelung24.com\" \/>\n<meta property=\"article:modified_time\" content=\"2025-01-13T15:38:02+00:00\" \/>\n<meta property=\"og:image\" content=\"https:\/\/www.versiegelung24.com\/wp-content\/uploads\/2020\/04\/bacotue-produktbild-schraeg.webp\" \/>\n\t<meta property=\"og:image:width\" content=\"2000\" \/>\n\t<meta property=\"og:image:height\" content=\"2000\" \/>\n\t<meta property=\"og:image:type\" content=\"image\/webp\" \/>\n<meta name=\"twitter:card\" content=\"summary_large_image\" \/>\n<meta name=\"twitter:label1\" content=\"Pre\u021b\" \/>\n\t<meta name=\"twitter:data1\" content=\"7,79&euro;\" \/>\n\t<meta name=\"twitter:label2\" content=\"Disponibilitate\" \/>\n\t<meta name=\"twitter:data2\" content=\"Precomand\u0103\" \/>\n<script type=\"application\/ld+json\" class=\"yoast-schema-graph\">{\"@context\":\"https:\\\/\\\/schema.org\",\"@graph\":[{\"@type\":\"WebPage\",\"@id\":\"https:\\\/\\\/www.versiegelung24.com\\\/ro\\\/bacoban-carpe-de-dezinfectie-pe-termen-lung-de-suprafata-50-bucati-in-pachet-plat-panza-format-180-x-200mm.html\",\"url\":\"https:\\\/\\\/www.versiegelung24.com\\\/ro\\\/bacoban-carpe-de-dezinfectie-pe-termen-lung-de-suprafata-50-bucati-in-pachet-plat-panza-format-180-x-200mm.html\",\"name\":\"\u0218erve\u021bele de dezinfectare de suprafa\u021b\u0103 pe termen lung BACOBAN\u00ae, 50 de buc\u0103\u021bi \u00eentr-un pachet plat - versiegelung24.com\",\"isPartOf\":{\"@id\":\"https:\\\/\\\/www.versiegelung24.com\\\/ro\\\/#website\"},\"primaryImageOfPage\":{\"@id\":\"https:\\\/\\\/www.versiegelung24.com\\\/ro\\\/bacoban-carpe-de-dezinfectie-pe-termen-lung-de-suprafata-50-bucati-in-pachet-plat-panza-format-180-x-200mm.html#primaryimage\"},\"image\":{\"@id\":\"https:\\\/\\\/www.versiegelung24.com\\\/ro\\\/bacoban-carpe-de-dezinfectie-pe-termen-lung-de-suprafata-50-bucati-in-pachet-plat-panza-format-180-x-200mm.html#primaryimage\"},\"thumbnailUrl\":\"https:\\\/\\\/www.versiegelung24.com\\\/wp-content\\\/uploads\\\/2020\\\/04\\\/bacotue-produktbild-schraeg.webp\",\"datePublished\":\"2021-08-03T08:08:19+00:00\",\"dateModified\":\"2025-01-13T15:38:02+00:00\",\"breadcrumb\":{\"@id\":\"https:\\\/\\\/www.versiegelung24.com\\\/ro\\\/bacoban-carpe-de-dezinfectie-pe-termen-lung-de-suprafata-50-bucati-in-pachet-plat-panza-format-180-x-200mm.html#breadcrumb\"},\"inLanguage\":\"ro-RO\",\"potentialAction\":[{\"@type\":\"ReadAction\",\"target\":[\"https:\\\/\\\/www.versiegelung24.com\\\/ro\\\/bacoban-carpe-de-dezinfectie-pe-termen-lung-de-suprafata-50-bucati-in-pachet-plat-panza-format-180-x-200mm.html\"]}]},{\"@type\":\"ImageObject\",\"inLanguage\":\"ro-RO\",\"@id\":\"https:\\\/\\\/www.versiegelung24.com\\\/ro\\\/bacoban-carpe-de-dezinfectie-pe-termen-lung-de-suprafata-50-bucati-in-pachet-plat-panza-format-180-x-200mm.html#primaryimage\",\"url\":\"https:\\\/\\\/www.versiegelung24.com\\\/wp-content\\\/uploads\\\/2020\\\/04\\\/bacotue-produktbild-schraeg.webp\",\"contentUrl\":\"https:\\\/\\\/www.versiegelung24.com\\\/wp-content\\\/uploads\\\/2020\\\/04\\\/bacotue-produktbild-schraeg.webp\",\"width\":2000,\"height\":2000},{\"@type\":\"BreadcrumbList\",\"@id\":\"https:\\\/\\\/www.versiegelung24.com\\\/ro\\\/bacoban-carpe-de-dezinfectie-pe-termen-lung-de-suprafata-50-bucati-in-pachet-plat-panza-format-180-x-200mm.html#breadcrumb\",\"itemListElement\":[{\"@type\":\"ListItem\",\"position\":1,\"name\":\"Pagina de start\",\"item\":\"https:\\\/\\\/www.versiegelung24.com\\\/ro\\\/fata\\\/\"},{\"@type\":\"ListItem\",\"position\":2,\"name\":\"Magazin\",\"item\":\"https:\\\/\\\/www.versiegelung24.com\\\/ro\\\/magazin_ro\\\/\"},{\"@type\":\"ListItem\",\"position\":3,\"name\":\"\u0218erve\u021bele de dezinfectare de suprafa\u021b\u0103 pe termen lung BACOBAN\u00ae, 50 de buc\u0103\u021bi \u00eentr-un pachet plat\"}]},{\"@type\":\"WebSite\",\"@id\":\"https:\\\/\\\/www.versiegelung24.com\\\/ro\\\/#website\",\"url\":\"https:\\\/\\\/www.versiegelung24.com\\\/ro\\\/\",\"name\":\"versiegelung24.com\",\"description\":\"Fl\u00fcssigglas-Versiegelung - Made in Germany\",\"publisher\":{\"@id\":\"https:\\\/\\\/www.versiegelung24.com\\\/ro\\\/#organization\"},\"potentialAction\":[{\"@type\":\"SearchAction\",\"target\":{\"@type\":\"EntryPoint\",\"urlTemplate\":\"https:\\\/\\\/www.versiegelung24.com\\\/ro\\\/?s={search_term_string}\"},\"query-input\":{\"@type\":\"PropertyValueSpecification\",\"valueRequired\":true,\"valueName\":\"search_term_string\"}}],\"inLanguage\":\"ro-RO\"},{\"@type\":\"Organization\",\"@id\":\"https:\\\/\\\/www.versiegelung24.com\\\/ro\\\/#organization\",\"name\":\"versiegelung24\",\"url\":\"https:\\\/\\\/www.versiegelung24.com\\\/ro\\\/\",\"logo\":{\"@type\":\"ImageObject\",\"inLanguage\":\"ro-RO\",\"@id\":\"https:\\\/\\\/www.versiegelung24.com\\\/ro\\\/#\\\/schema\\\/logo\\\/image\\\/\",\"url\":\"https:\\\/\\\/www.versiegelung24.com\\\/wp-content\\\/uploads\\\/2020\\\/04\\\/versiegelung24.png\",\"contentUrl\":\"https:\\\/\\\/www.versiegelung24.com\\\/wp-content\\\/uploads\\\/2020\\\/04\\\/versiegelung24.png\",\"width\":470,\"height\":102,\"caption\":\"versiegelung24\"},\"image\":{\"@id\":\"https:\\\/\\\/www.versiegelung24.com\\\/ro\\\/#\\\/schema\\\/logo\\\/image\\\/\"}}]}<\/script>\n<meta property=\"product:price:amount\" content=\"7.79\" \/>\n<meta property=\"product:price:currency\" content=\"EUR\" \/>\n<meta property=\"og:availability\" content=\"backorder\" \/>\n<meta property=\"product:availability\" content=\"available for order\" \/>\n<meta property=\"product:retailer_item_id\" content=\"BACTUE\" \/>\n<meta property=\"product:condition\" content=\"new\" \/>\n<!-- \/ Yoast SEO Premium plugin. -->","yoast_head_json":{"title":"\u0218erve\u021bele de dezinfectare de suprafa\u021b\u0103 pe termen lung BACOBAN\u00ae, 50 de buc\u0103\u021bi \u00eentr-un pachet plat - versiegelung24.com","robots":{"index":"index","follow":"follow","max-snippet":"max-snippet:-1","max-image-preview":"max-image-preview:large","max-video-preview":"max-video-preview:-1"},"canonical":"https:\/\/www.versiegelung24.com\/ro\/bacoban-carpe-de-dezinfectie-pe-termen-lung-de-suprafata-50-bucati-in-pachet-plat-panza-format-180-x-200mm.html","og_locale":"ro_RO","og_type":"article","og_title":"\u0218erve\u021bele de dezinfectare de suprafa\u021b\u0103 pe termen lung BACOBAN\u00ae, 50 de buc\u0103\u021bi \u00eentr-un pachet plat","og_description":"\u0218erve\u021bele umede gata de utilizare pentru dezinfectarea suprafe\u021belor","og_url":"https:\/\/www.versiegelung24.com\/ro\/bacoban-carpe-de-dezinfectie-pe-termen-lung-de-suprafata-50-bucati-in-pachet-plat-panza-format-180-x-200mm.html","og_site_name":"versiegelung24.com","article_modified_time":"2025-01-13T15:38:02+00:00","og_image":[{"width":2000,"height":2000,"url":"https:\/\/www.versiegelung24.com\/wp-content\/uploads\/2020\/04\/bacotue-produktbild-schraeg.webp","type":"image\/webp"}],"twitter_card":"summary_large_image","twitter_misc":{"Pre\u021b":"7,79&euro;","Disponibilitate":"Precomand\u0103"},"schema":{"@context":"https:\/\/schema.org","@graph":[{"@type":"WebPage","@id":"https:\/\/www.versiegelung24.com\/ro\/bacoban-carpe-de-dezinfectie-pe-termen-lung-de-suprafata-50-bucati-in-pachet-plat-panza-format-180-x-200mm.html","url":"https:\/\/www.versiegelung24.com\/ro\/bacoban-carpe-de-dezinfectie-pe-termen-lung-de-suprafata-50-bucati-in-pachet-plat-panza-format-180-x-200mm.html","name":"\u0218erve\u021bele de dezinfectare de suprafa\u021b\u0103 pe termen lung BACOBAN\u00ae, 50 de buc\u0103\u021bi \u00eentr-un pachet plat - versiegelung24.com","isPartOf":{"@id":"https:\/\/www.versiegelung24.com\/ro\/#website"},"primaryImageOfPage":{"@id":"https:\/\/www.versiegelung24.com\/ro\/bacoban-carpe-de-dezinfectie-pe-termen-lung-de-suprafata-50-bucati-in-pachet-plat-panza-format-180-x-200mm.html#primaryimage"},"image":{"@id":"https:\/\/www.versiegelung24.com\/ro\/bacoban-carpe-de-dezinfectie-pe-termen-lung-de-suprafata-50-bucati-in-pachet-plat-panza-format-180-x-200mm.html#primaryimage"},"thumbnailUrl":"https:\/\/www.versiegelung24.com\/wp-content\/uploads\/2020\/04\/bacotue-produktbild-schraeg.webp","datePublished":"2021-08-03T08:08:19+00:00","dateModified":"2025-01-13T15:38:02+00:00","breadcrumb":{"@id":"https:\/\/www.versiegelung24.com\/ro\/bacoban-carpe-de-dezinfectie-pe-termen-lung-de-suprafata-50-bucati-in-pachet-plat-panza-format-180-x-200mm.html#breadcrumb"},"inLanguage":"ro-RO","potentialAction":[{"@type":"ReadAction","target":["https:\/\/www.versiegelung24.com\/ro\/bacoban-carpe-de-dezinfectie-pe-termen-lung-de-suprafata-50-bucati-in-pachet-plat-panza-format-180-x-200mm.html"]}]},{"@type":"ImageObject","inLanguage":"ro-RO","@id":"https:\/\/www.versiegelung24.com\/ro\/bacoban-carpe-de-dezinfectie-pe-termen-lung-de-suprafata-50-bucati-in-pachet-plat-panza-format-180-x-200mm.html#primaryimage","url":"https:\/\/www.versiegelung24.com\/wp-content\/uploads\/2020\/04\/bacotue-produktbild-schraeg.webp","contentUrl":"https:\/\/www.versiegelung24.com\/wp-content\/uploads\/2020\/04\/bacotue-produktbild-schraeg.webp","width":2000,"height":2000},{"@type":"BreadcrumbList","@id":"https:\/\/www.versiegelung24.com\/ro\/bacoban-carpe-de-dezinfectie-pe-termen-lung-de-suprafata-50-bucati-in-pachet-plat-panza-format-180-x-200mm.html#breadcrumb","itemListElement":[{"@type":"ListItem","position":1,"name":"Pagina de start","item":"https:\/\/www.versiegelung24.com\/ro\/fata\/"},{"@type":"ListItem","position":2,"name":"Magazin","item":"https:\/\/www.versiegelung24.com\/ro\/magazin_ro\/"},{"@type":"ListItem","position":3,"name":"\u0218erve\u021bele de dezinfectare de suprafa\u021b\u0103 pe termen lung BACOBAN\u00ae, 50 de buc\u0103\u021bi \u00eentr-un pachet plat"}]},{"@type":"WebSite","@id":"https:\/\/www.versiegelung24.com\/ro\/#website","url":"https:\/\/www.versiegelung24.com\/ro\/","name":"versiegelung24.com","description":"Fl\u00fcssigglas-Versiegelung - Made in Germany","publisher":{"@id":"https:\/\/www.versiegelung24.com\/ro\/#organization"},"potentialAction":[{"@type":"SearchAction","target":{"@type":"EntryPoint","urlTemplate":"https:\/\/www.versiegelung24.com\/ro\/?s={search_term_string}"},"query-input":{"@type":"PropertyValueSpecification","valueRequired":true,"valueName":"search_term_string"}}],"inLanguage":"ro-RO"},{"@type":"Organization","@id":"https:\/\/www.versiegelung24.com\/ro\/#organization","name":"versiegelung24","url":"https:\/\/www.versiegelung24.com\/ro\/","logo":{"@type":"ImageObject","inLanguage":"ro-RO","@id":"https:\/\/www.versiegelung24.com\/ro\/#\/schema\/logo\/image\/","url":"https:\/\/www.versiegelung24.com\/wp-content\/uploads\/2020\/04\/versiegelung24.png","contentUrl":"https:\/\/www.versiegelung24.com\/wp-content\/uploads\/2020\/04\/versiegelung24.png","width":470,"height":102,"caption":"versiegelung24"},"image":{"@id":"https:\/\/www.versiegelung24.com\/ro\/#\/schema\/logo\/image\/"}}]},"product_price_amount":"7.79","product_price_currency":"EUR","og_availability":"backorder","product_availability":"available for order","product_retailer_item_id":"BACTUE","product_condition":"new"},"_links":{"self":[{"href":"https:\/\/www.versiegelung24.com\/ro\/wp-json\/wp\/v2\/product\/25505","targetHints":{"allow":["GET"]}}],"collection":[{"href":"https:\/\/www.versiegelung24.com\/ro\/wp-json\/wp\/v2\/product"}],"about":[{"href":"https:\/\/www.versiegelung24.com\/ro\/wp-json\/wp\/v2\/types\/product"}],"version-history":[{"count":15,"href":"https:\/\/www.versiegelung24.com\/ro\/wp-json\/wp\/v2\/product\/25505\/revisions"}],"predecessor-version":[{"id":180568,"href":"https:\/\/www.versiegelung24.com\/ro\/wp-json\/wp\/v2\/product\/25505\/revisions\/180568"}],"wp:featuredmedia":[{"embeddable":true,"href":"https:\/\/www.versiegelung24.com\/ro\/wp-json\/wp\/v2\/media\/176471"}],"wp:attachment":[{"href":"https:\/\/www.versiegelung24.com\/ro\/wp-json\/wp\/v2\/media?parent=25505"}],"wp:term":[{"taxonomy":"product_brand","embeddable":true,"href":"https:\/\/www.versiegelung24.com\/ro\/wp-json\/wp\/v2\/product_brand?post=25505"},{"taxonomy":"product_cat","embeddable":true,"href":"https:\/\/www.versiegelung24.com\/ro\/wp-json\/wp\/v2\/product_cat?post=25505"},{"taxonomy":"product_tag","embeddable":true,"href":"https:\/\/www.versiegelung24.com\/ro\/wp-json\/wp\/v2\/product_tag?post=25505"}],"curies":[{"name":"wp","href":"https:\/\/api.w.org\/{rel}","templated":true}]}}