{"id":37461,"date":"2021-09-27T11:17:44","date_gmt":"2021-09-27T09:31:37","guid":{"rendered":"https:\/\/www.versiegelung24.com\/produkt\/strat-protector-de-telefon-mobil-realizat-din-sticla-lichida-impotriva-bacteriilor-si-virusilor"},"modified":"2025-01-05T15:38:59","modified_gmt":"2025-01-05T14:38:59","slug":"strat-de-protectie-sticla-lichid-la-indemana-impotriva-bacteriilor-virusi","status":"publish","type":"product","link":"https:\/\/www.versiegelung24.com\/ro\/strat-de-protectie-sticla-lichid-la-indemana-impotriva-bacteriilor-virusi.html","title":{"rendered":"Dezinfectant pe termen lung pentru smartphone \u0219i telefon mobil \u00eempotriva bacteriilor \u0219i viru\u0219ilor"},"content":{"rendered":"\n<h2 class=\"wp-block-heading\" id=\"h-neuheit-am-markt-smartphones-amp-handys-fur-3-monate-mit-einer-unsichtbaren-flussigglas-schicht-gegen-bakterien-viren-und-pilze-schutzen\">Nou pe pia\u021b\u0103: Proteja\u021bi smartphone-urile \u0219i telefoanele mobile \u00eempotriva bacteriilor, viru\u0219ilor \u0219i ciupercilor timp de 3 luni<\/h2>\n<div class=\"wp-block-image\">\n<figure class=\"aligncenter size-large\"><img fetchpriority=\"high\" decoding=\"async\" width=\"2560\" height=\"1440\" src=\"https:\/\/www.versiegelung24.com\/wp-content\/uploads\/2021\/09\/handy_bakterien-viren-edited-scaled.jpeg\" alt=\"\" class=\"wp-image-38698\" srcset=\"https:\/\/www.versiegelung24.com\/wp-content\/uploads\/2021\/09\/handy_bakterien-viren-edited-scaled.jpeg 2560w, https:\/\/www.versiegelung24.com\/wp-content\/uploads\/2021\/09\/handy_bakterien-viren-edited-scaled-600x338.jpeg 600w, https:\/\/www.versiegelung24.com\/wp-content\/uploads\/2021\/09\/handy_bakterien-viren-edited-300x169.jpeg 300w, https:\/\/www.versiegelung24.com\/wp-content\/uploads\/2021\/09\/handy_bakterien-viren-edited-1300x731.jpeg 1300w, https:\/\/www.versiegelung24.com\/wp-content\/uploads\/2021\/09\/handy_bakterien-viren-edited-768x432.jpeg 768w, https:\/\/www.versiegelung24.com\/wp-content\/uploads\/2021\/09\/handy_bakterien-viren-edited-1536x864.jpeg 1536w, https:\/\/www.versiegelung24.com\/wp-content\/uploads\/2021\/09\/handy_bakterien-viren-edited-2048x1152.jpeg 2048w\" sizes=\"(max-width: 2560px) 100vw, 2560px\" \/><figcaption class=\"wp-element-caption\">Smartphone-ul ca purt\u0103tor de bacterii, viru\u0219i \u0219i ciuperci<\/figcaption><\/figure>\n<\/div>\n<p>Ast\u0103zi, smartphone-ul este un companion constant. Mul\u021bi oameni \u00eel ridic\u0103 de sute de ori \u00een timpul zilei. Telefonul mobil este prezent peste tot<strong> &#8211;<\/strong> indiferent dac\u0103 dormi\u021bi \u0219i v\u0103 odihni\u021bi, fie c\u0103 v\u0103 afla\u021bi pe toalet\u0103 sau \u00een timpul sportului \u0219i al timpului liber. O adev\u0103rat\u0103 s\u0103rb\u0103toare pentru transmiterea virusurilor \u0219i bacteriilor. <\/p>\n\n<p>Utilizatorul ar trebui s\u0103 ia foarte serios riscul de bacterii, ciuperci \u0219i viru\u0219i pe smartphone-uri. Nu numai c\u0103 sunt insalubre, dar pot afecta at\u00e2t bun\u0103starea, c\u00e2t \u0219i s\u0103n\u0103tatea. De altfel, este mult mai pl\u0103cut s\u0103 folosi\u021bi un telefon mobil sau un smartphone \u00een general curat \u0219i \u00eentre\u021binut igienic.<\/p>\n\n<hr\/>\n\n<h4 class=\"wp-block-heading\" id=\"video\">Video<\/h4>\n\n<figure class=\"wp-block-embed aligncenter is-type-rich is-provider-handler-einbetten wp-block-embed-handler-einbetten wp-embed-aspect-16-9 wp-has-aspect-ratio\"><div class=\"wp-block-embed__wrapper\"> \n<div class=\"nv-iframe-embed\"><iframe title=\"Award-winning Mobile Phone Sanitizer by LiquiGlas (904)\" width=\"1200\" height=\"675\" src=\"https:\/\/www.youtube.com\/embed\/OPwnhKcFTvA?feature=oembed\" frameborder=\"0\" allow=\"accelerometer; autoplay; clipboard-write; encrypted-media; gyroscope; picture-in-picture\" allowfullscreen><\/iframe><\/div>\n <\/div><\/figure>\n\n<hr\/>\n\n<h4 class=\"wp-block-heading\" id=\"properties\">Caracteristicile produsului<\/h4>\n\n<div class=\"wp-block-columns is-layout-flex wp-container-core-columns-is-layout-9d6595d7 wp-block-columns-is-layout-flex\">\n<div class=\"wp-block-column is-layout-flow wp-block-column-is-layout-flow\">\n<h2 class=\"wp-block-heading\" id=\"die-highlights-auf-einen-blick\">Cele mai importante momente dintr-o privire<\/h2>\n\n\n\n<p><br\/><br\/><br\/><br\/><br\/>&#8211; protec\u021bie bacterian\u0103 excep\u021bional\u0103 p\u00e2n\u0103 la unic\u0103 pe termen lung &#8211; neutralizare garantat\u0103 a bacteriilor, ciupercilor \u0219i viru\u0219ilor &#8211; simplu \u0219i u\u0219or de utilizat &#8211; dezinfec\u021bie de grad medical &#8211; protec\u021bie suplimentar\u0103 \u00eempotriva coronavirusului &#8211; c\u00e2\u0219tig\u0103tor al 2020 MedTech Award &#8211; cel mai bun efect pe termen lung pe suprafe\u021be \u00eempotriva agen\u021bilor patogeni<\/p>\n<\/div>\n\n\n\n<div class=\"wp-block-column is-layout-flow wp-block-column-is-layout-flow\">\n<h2 class=\"wp-block-heading\" id=\"lieferumfang\">scopul livrarii<\/h2>\n\n\n\n<p>12 \u0219erve\u021bele de protec\u021bie \u00eempotriva bacteriilor, pentru utilizare 1 x pe s\u0103pt\u0103m\u00e2n\u0103 = 3 luni<\/p>\n<\/div>\n<\/div>\n\n<hr\/>\n\n<h4 class=\"wp-block-heading\" id=\"application\">Aplica\u021bie<\/h4>\n\n<h2 class=\"wp-block-heading\" id=\"die-anwendung-hygienisch-sauberes-handy\">Aplica\u021bia &#8211; telefon mobil curat igienic<\/h2>\n\n<div class=\"wp-block-getwid-toggle has-icon-left\">\n<div class=\"wp-block-getwid-toggle__row\"><div class=\"wp-block-getwid-toggle__header-wrapper\"><span class=\"wp-block-getwid-toggle__header\"><a href=\"#\"><span class=\"wp-block-getwid-toggle__header-title\">1. Smartphone s\u00e4ubern<\/span><span class=\"wp-block-getwid-toggle__icon is-active\"><i class=\"fas fa-plus\"><\/i><\/span><span class=\"wp-block-getwid-toggle__icon is-passive\"><i class=\"fas fa-minus\"><\/i><\/span><\/a><\/span><\/div><div class=\"wp-block-getwid-toggle__content-wrapper\"><div class=\"wp-block-getwid-toggle__content\">\n<p>Dispozitivul final este \u0219ters pe fa\u021b\u0103 \u0219i pe spate cu o c\u00e2rp\u0103 din microfibr\u0103 sau o c\u00e2rp\u0103 uscat\u0103, f\u0103r\u0103 scame, cu scopul de a \u00eendep\u0103rta amprentele, murd\u0103ria \u0219i orice abraziune.<\/p>\n<\/div><\/div><\/div>\n\n\n\n<div class=\"wp-block-getwid-toggle__row\"><div class=\"wp-block-getwid-toggle__header-wrapper\"><span class=\"wp-block-getwid-toggle__header\"><a href=\"#\"><span class=\"wp-block-getwid-toggle__header-title\">2. Smartphone desinfizieren<\/span><span class=\"wp-block-getwid-toggle__icon is-active\"><i class=\"fas fa-plus\"><\/i><\/span><span class=\"wp-block-getwid-toggle__icon is-passive\"><i class=\"fas fa-minus\"><\/i><\/span><\/a><\/span><\/div><div class=\"wp-block-getwid-toggle__content-wrapper\"><div class=\"wp-block-getwid-toggle__content\">\n<p>Pachetul de 12 este deschis \u0219i se \u0219terge prima \u0219tergere dezinfectant\u0103 \u00eenvelit\u0103 prin retractare. Cu o parte a \u0219tergerii dezinfectantului, telefonul mobil este cur\u0103\u021bat temeinic pe fa\u021b\u0103 \u0219i pe spate, cu alte cuvinte \u0219ters. Aceasta este urmat\u0103 de dezinfectarea dispozitivului final timp de aproximativ 30 de secunde cu cealalt\u0103 parte, \u00eenc\u0103 curat\u0103 a c\u00e2rpei. Acest lucru creeaz\u0103 un u\u0219or voal pe suprafa\u021ba sa.<\/p>\n<\/div><\/div><\/div>\n\n\n\n<div class=\"wp-block-getwid-toggle__row\"><div class=\"wp-block-getwid-toggle__header-wrapper\"><span class=\"wp-block-getwid-toggle__header\"><a href=\"#\"><span class=\"wp-block-getwid-toggle__header-title\">3. Trocknungsvorgang<\/span><span class=\"wp-block-getwid-toggle__icon is-active\"><i class=\"fas fa-plus\"><\/i><\/span><span class=\"wp-block-getwid-toggle__icon is-passive\"><i class=\"fas fa-minus\"><\/i><\/span><\/a><\/span><\/div><div class=\"wp-block-getwid-toggle__content-wrapper\"><div class=\"wp-block-getwid-toggle__content\">\n<p>Acesta este urmat de un proces de uscare de dou\u0103 p\u00e2n\u0103 la trei minute. Lichidul aplicat ac\u021bioneaz\u0103 \u0219i formeaz\u0103 un strat protector dezinfectant.<\/p>\n<\/div><\/div><\/div>\n\n\n\n<div class=\"wp-block-getwid-toggle__row\"><div class=\"wp-block-getwid-toggle__header-wrapper\"><span class=\"wp-block-getwid-toggle__header\"><a href=\"#\"><span class=\"wp-block-getwid-toggle__header-title\">4. Nachpolieren<\/span><span class=\"wp-block-getwid-toggle__icon is-active\"><i class=\"fas fa-plus\"><\/i><\/span><span class=\"wp-block-getwid-toggle__icon is-passive\"><i class=\"fas fa-minus\"><\/i><\/span><\/a><\/span><\/div><div class=\"wp-block-getwid-toggle__content-wrapper\"><div class=\"wp-block-getwid-toggle__content\">\n<p>La sf\u00e2r\u0219itul procesului de uscare, telefonul mobil este din nou acoperit cu o c\u00e2rp\u0103 de uscare curat\u0103<strong> &#8211;<\/strong> de exemplu din microfibre<strong> &#8211;<\/strong> Repolosit p\u00e2n\u0103 c\u00e2nd suprafa\u021ba nu prezint\u0103 dungi. Protec\u021bia de dezinfec\u021bie pe termen lung care a fost dezvoltat\u0103 continu\u0103 s\u0103 func\u021bioneze intens \u00een urm\u0103toarele \u0219apte p\u00e2n\u0103 la zece zile.<\/p>\n<\/div><\/div><\/div>\n<\/div>\n\n<br\/>\n\n<hr\/>\n\n<h4 class=\"wp-block-heading\" id=\"advisor\">Consilier<\/h4>\n\n<h2 class=\"wp-block-heading\" id=\"award-gewinner-handy-desinfektion-raumt-ab\">C\u00e2\u0219tig\u0103tor &#8211; c\u00e2\u0219tig\u0103 dezinfectarea telefonului mobil<\/h2>\n\n<p>Noutatea de pe pia\u021b\u0103 pentru protec\u021bia \u00eempotriva dezinfect\u0103rii dispozitivelor mobile, cum ar fi telefoanele mobile, smartphone-urile sau tabletele, este pachetul de 12 \u0219erve\u021bele de protec\u021bie bacteriene de la CCM\u00ae. CCM \u00eenseamn\u0103 Creative Chemical Manufacturer GmbH cu sediul \u00een Overath, Renania de Nord-Westfalia.<\/p>\n\n<figure class=\"wp-block-image size-full\"><img decoding=\"async\" width=\"700\" height=\"207\" src=\"https:\/\/www.versiegelung24.com\/wp-content\/uploads\/2021\/09\/2020-MedTech-Awards-2.png\" alt=\"\" class=\"wp-image-37295\" srcset=\"https:\/\/www.versiegelung24.com\/wp-content\/uploads\/2021\/09\/2020-MedTech-Awards-2.png 700w, https:\/\/www.versiegelung24.com\/wp-content\/uploads\/2021\/09\/2020-MedTech-Awards-2-600x177.png 600w, https:\/\/www.versiegelung24.com\/wp-content\/uploads\/2021\/09\/2020-MedTech-Awards-2-300x89.png 300w\" sizes=\"(max-width: 700px) 100vw, 700px\" \/><figcaption class=\"wp-element-caption\"><strong>A primit MedTech Award &#8211; Cea mai bun\u0103 solu\u021bie de protec\u021bie anti-patogen pe termen lung<\/strong><\/figcaption><\/figure>\n\n<h2 class=\"wp-block-heading\" id=\"ohne-handy-und-smartphone-desinfizieren-geht-es-einfach-nicht\">Dezinfectarea f\u0103r\u0103 telefon mobil \u0219i smartphone pur \u0219i simplu nu este posibil\u0103!<\/h2>\n\n<p>Oamenii sunt obi\u0219nui\u021bi acum s\u0103 se spele \u0219i s\u0103 se dezinfecteze \u00een mod regulat pe m\u00e2ini. Este cu at\u00e2t mai important s\u0103 nu uita\u021bi s\u0103 v\u0103 dezinfecta\u021bi propriul smartphone. Dac\u0103 este utilizat\u0103 corect, p\u00e2nza bacterian\u0103 de protec\u021bie dezvolt\u0103 un efect dezinfectant constant timp de p\u00e2n\u0103 la zece zile. Cu pachetul de 12, dispozitivul final este \u00eentotdeauna \u00eentr-o stare igienic\u0103 perfect\u0103 timp de un sfert de an.<\/p>\n\n<p><\/p>\n\n<p><strong>Utilizarea regulat\u0103 a celor dou\u0103sprezece c\u00e2rpe de protec\u021bie creeaz\u0103 un strat ultra-sub\u021bire de sticl\u0103 lichid\u0103 pe suprafa\u021ba smartphone-ului.<\/strong> Previne formarea \u0219i, ca urmare, stabilirea agen\u021bilor patogeni. Ca efect secundar pozitiv, suprafa\u021ba devine din ce \u00een ce mai neted\u0103 \u0219i poate fi cur\u0103\u021bat\u0103 foarte u\u0219or. Acest efect cre\u0219te cu c\u00e2t sunt utilizate \u0219erve\u021belele dezinfectante mai mult timp.<\/p>\n","protected":false},"excerpt":{"rendered":"<p>Noutatea de pe pia\u021b\u0103 pentru protec\u021bia \u00eempotriva dezinfect\u0103rii dispozitivelor mobile, cum ar fi telefoanele mobile, smartphone-urile sau tabletele, este pachetul de 12 \u0219erve\u021bele de protec\u021bie bacteriene de la CCM\u00ae.<\/p>\n<p>Certificat cu MedTech Award<strong>&#8220;Cea mai bun\u0103 solu\u021bie de protec\u021bie anti-patogen\u0103 pe termen lung&#8221;<\/p>\n<p><\/strong><\/p>\n<p><img decoding=\"async\" class=\"alignnone size-medium wp-image-37295\" src=\"https:\/\/www.versiegelung24.com\/wp-content\/uploads\/2021\/09\/2020-MedTech-Awards-2-300x89.png\" alt=\"\" width=\"300\" height=\"89\" srcset=\"https:\/\/www.versiegelung24.com\/wp-content\/uploads\/2021\/09\/2020-MedTech-Awards-2-300x89.png 300w, https:\/\/www.versiegelung24.com\/wp-content\/uploads\/2021\/09\/2020-MedTech-Awards-2-600x177.png 600w, https:\/\/www.versiegelung24.com\/wp-content\/uploads\/2021\/09\/2020-MedTech-Awards-2.png 700w\" sizes=\"(max-width: 300px) 100vw, 300px\" \/><\/p>\n","protected":false},"featured_media":63249,"template":"","meta":{"_acf_changed":false,"neve_meta_sidebar":"","neve_meta_container":"","neve_meta_enable_content_width":"","neve_meta_content_width":0,"neve_meta_title_alignment":"","neve_meta_author_avatar":"","neve_post_elements_order":"","neve_meta_disable_header":"","neve_meta_disable_footer":"","neve_meta_disable_title":"","neve_meta_reading_time":"","_surfaces":[],"_ver_product_tabs":[],"footnotes":""},"product_brand":[],"product_cat":[2277,3012],"product_tag":[],"class_list":{"0":"post-37461","1":"product","2":"type-product","3":"status-publish","4":"has-post-thumbnail","6":"product_cat-dezinfectanti","7":"product_cat-dezinfectant-pentru-telefonul-mobil","9":"first","10":"instock","11":"taxable","12":"shipping-taxable","13":"purchasable","14":"product-type-simple"},"acf":[],"yoast_head":"<!-- This site is optimized with the Yoast SEO Premium plugin v22.8 (Yoast SEO v27.5) - https:\/\/yoast.com\/product\/yoast-seo-premium-wordpress\/ -->\n<title>Dezinfectant pe termen lung pentru smartphone \u0219i telefon mobil \u00eempotriva bacteriilor \u0219i viru\u0219ilor - versiegelung24.com<\/title>\n<meta name=\"robots\" content=\"index, follow, max-snippet:-1, max-image-preview:large, max-video-preview:-1\" \/>\n<link rel=\"canonical\" href=\"https:\/\/www.versiegelung24.com\/ro\/strat-de-protectie-sticla-lichid-la-indemana-impotriva-bacteriilor-virusi.html\" \/>\n<meta property=\"og:locale\" content=\"ro_RO\" \/>\n<meta property=\"og:type\" content=\"article\" \/>\n<meta property=\"og:title\" content=\"Dezinfectant pe termen lung pentru smartphone \u0219i telefon mobil \u00eempotriva bacteriilor \u0219i viru\u0219ilor\" \/>\n<meta property=\"og:description\" content=\"Noutatea de pe pia\u021b\u0103 pentru protec\u021bia \u00eempotriva dezinfect\u0103rii dispozitivelor mobile, cum ar fi telefoanele mobile, smartphone-urile sau tabletele, este pachetul de 12 \u0219erve\u021bele de protec\u021bie bacteriene de la CCM\u00ae. Certificat cu MedTech Award&quot;Cea mai bun\u0103 solu\u021bie de protec\u021bie anti-patogen\u0103 pe termen lung&quot;\" \/>\n<meta property=\"og:url\" content=\"https:\/\/www.versiegelung24.com\/ro\/strat-de-protectie-sticla-lichid-la-indemana-impotriva-bacteriilor-virusi.html\" \/>\n<meta property=\"og:site_name\" content=\"versiegelung24.com\" \/>\n<meta property=\"article:modified_time\" content=\"2025-01-05T14:38:59+00:00\" \/>\n<meta property=\"og:image\" content=\"https:\/\/www.versiegelung24.com\/wp-content\/uploads\/2021\/09\/produkt-4009-904-Handy-Bakterienschutz-Verpackung1.jpg\" \/>\n\t<meta property=\"og:image:width\" content=\"2000\" \/>\n\t<meta property=\"og:image:height\" content=\"2000\" \/>\n\t<meta property=\"og:image:type\" content=\"image\/jpeg\" \/>\n<meta name=\"twitter:card\" content=\"summary_large_image\" \/>\n<meta name=\"twitter:label1\" content=\"Pre\u021b\" \/>\n\t<meta name=\"twitter:data1\" content=\"10,99&euro;\" \/>\n\t<meta name=\"twitter:label2\" content=\"Disponibilitate\" \/>\n\t<meta name=\"twitter:data2\" content=\"\u00cen stoc\" \/>\n<script type=\"application\/ld+json\" class=\"yoast-schema-graph\">{\"@context\":\"https:\\\/\\\/schema.org\",\"@graph\":[{\"@type\":\"WebPage\",\"@id\":\"https:\\\/\\\/www.versiegelung24.com\\\/ro\\\/strat-de-protectie-sticla-lichid-la-indemana-impotriva-bacteriilor-virusi.html\",\"url\":\"https:\\\/\\\/www.versiegelung24.com\\\/ro\\\/strat-de-protectie-sticla-lichid-la-indemana-impotriva-bacteriilor-virusi.html\",\"name\":\"Dezinfectant pe termen lung pentru smartphone \u0219i telefon mobil \u00eempotriva bacteriilor \u0219i viru\u0219ilor - versiegelung24.com\",\"isPartOf\":{\"@id\":\"https:\\\/\\\/www.versiegelung24.com\\\/ro\\\/#website\"},\"primaryImageOfPage\":{\"@id\":\"https:\\\/\\\/www.versiegelung24.com\\\/ro\\\/strat-de-protectie-sticla-lichid-la-indemana-impotriva-bacteriilor-virusi.html#primaryimage\"},\"image\":{\"@id\":\"https:\\\/\\\/www.versiegelung24.com\\\/ro\\\/strat-de-protectie-sticla-lichid-la-indemana-impotriva-bacteriilor-virusi.html#primaryimage\"},\"thumbnailUrl\":\"https:\\\/\\\/www.versiegelung24.com\\\/wp-content\\\/uploads\\\/2021\\\/09\\\/produkt-4009-904-Handy-Bakterienschutz-Verpackung1.jpg\",\"datePublished\":\"2021-09-27T09:31:37+00:00\",\"dateModified\":\"2025-01-05T14:38:59+00:00\",\"breadcrumb\":{\"@id\":\"https:\\\/\\\/www.versiegelung24.com\\\/ro\\\/strat-de-protectie-sticla-lichid-la-indemana-impotriva-bacteriilor-virusi.html#breadcrumb\"},\"inLanguage\":\"ro-RO\",\"potentialAction\":[{\"@type\":\"ReadAction\",\"target\":[\"https:\\\/\\\/www.versiegelung24.com\\\/ro\\\/strat-de-protectie-sticla-lichid-la-indemana-impotriva-bacteriilor-virusi.html\"]}]},{\"@type\":\"ImageObject\",\"inLanguage\":\"ro-RO\",\"@id\":\"https:\\\/\\\/www.versiegelung24.com\\\/ro\\\/strat-de-protectie-sticla-lichid-la-indemana-impotriva-bacteriilor-virusi.html#primaryimage\",\"url\":\"https:\\\/\\\/www.versiegelung24.com\\\/wp-content\\\/uploads\\\/2021\\\/09\\\/produkt-4009-904-Handy-Bakterienschutz-Verpackung1.jpg\",\"contentUrl\":\"https:\\\/\\\/www.versiegelung24.com\\\/wp-content\\\/uploads\\\/2021\\\/09\\\/produkt-4009-904-Handy-Bakterienschutz-Verpackung1.jpg\",\"width\":2000,\"height\":2000},{\"@type\":\"BreadcrumbList\",\"@id\":\"https:\\\/\\\/www.versiegelung24.com\\\/ro\\\/strat-de-protectie-sticla-lichid-la-indemana-impotriva-bacteriilor-virusi.html#breadcrumb\",\"itemListElement\":[{\"@type\":\"ListItem\",\"position\":1,\"name\":\"Pagina de start\",\"item\":\"https:\\\/\\\/www.versiegelung24.com\\\/ro\\\/fata\\\/\"},{\"@type\":\"ListItem\",\"position\":2,\"name\":\"Magazin\",\"item\":\"https:\\\/\\\/www.versiegelung24.com\\\/ro\\\/magazin_ro\\\/\"},{\"@type\":\"ListItem\",\"position\":3,\"name\":\"Dezinfectant pe termen lung pentru smartphone \u0219i telefon mobil \u00eempotriva bacteriilor \u0219i viru\u0219ilor\"}]},{\"@type\":\"WebSite\",\"@id\":\"https:\\\/\\\/www.versiegelung24.com\\\/ro\\\/#website\",\"url\":\"https:\\\/\\\/www.versiegelung24.com\\\/ro\\\/\",\"name\":\"versiegelung24.com\",\"description\":\"Fl\u00fcssigglas-Versiegelung - Made in Germany\",\"publisher\":{\"@id\":\"https:\\\/\\\/www.versiegelung24.com\\\/ro\\\/#organization\"},\"potentialAction\":[{\"@type\":\"SearchAction\",\"target\":{\"@type\":\"EntryPoint\",\"urlTemplate\":\"https:\\\/\\\/www.versiegelung24.com\\\/ro\\\/?s={search_term_string}\"},\"query-input\":{\"@type\":\"PropertyValueSpecification\",\"valueRequired\":true,\"valueName\":\"search_term_string\"}}],\"inLanguage\":\"ro-RO\"},{\"@type\":\"Organization\",\"@id\":\"https:\\\/\\\/www.versiegelung24.com\\\/ro\\\/#organization\",\"name\":\"versiegelung24\",\"url\":\"https:\\\/\\\/www.versiegelung24.com\\\/ro\\\/\",\"logo\":{\"@type\":\"ImageObject\",\"inLanguage\":\"ro-RO\",\"@id\":\"https:\\\/\\\/www.versiegelung24.com\\\/ro\\\/#\\\/schema\\\/logo\\\/image\\\/\",\"url\":\"https:\\\/\\\/www.versiegelung24.com\\\/wp-content\\\/uploads\\\/2020\\\/04\\\/versiegelung24.png\",\"contentUrl\":\"https:\\\/\\\/www.versiegelung24.com\\\/wp-content\\\/uploads\\\/2020\\\/04\\\/versiegelung24.png\",\"width\":470,\"height\":102,\"caption\":\"versiegelung24\"},\"image\":{\"@id\":\"https:\\\/\\\/www.versiegelung24.com\\\/ro\\\/#\\\/schema\\\/logo\\\/image\\\/\"}}]}<\/script>\n<meta property=\"product:price:amount\" content=\"10.99\" \/>\n<meta property=\"product:price:currency\" content=\"EUR\" \/>\n<meta property=\"og:availability\" content=\"instock\" \/>\n<meta property=\"product:availability\" content=\"instock\" \/>\n<meta property=\"product:retailer_item_id\" content=\"4009-904\" \/>\n<meta property=\"product:condition\" content=\"new\" \/>\n<!-- \/ Yoast SEO Premium plugin. -->","yoast_head_json":{"title":"Dezinfectant pe termen lung pentru smartphone \u0219i telefon mobil \u00eempotriva bacteriilor \u0219i viru\u0219ilor - versiegelung24.com","robots":{"index":"index","follow":"follow","max-snippet":"max-snippet:-1","max-image-preview":"max-image-preview:large","max-video-preview":"max-video-preview:-1"},"canonical":"https:\/\/www.versiegelung24.com\/ro\/strat-de-protectie-sticla-lichid-la-indemana-impotriva-bacteriilor-virusi.html","og_locale":"ro_RO","og_type":"article","og_title":"Dezinfectant pe termen lung pentru smartphone \u0219i telefon mobil \u00eempotriva bacteriilor \u0219i viru\u0219ilor","og_description":"Noutatea de pe pia\u021b\u0103 pentru protec\u021bia \u00eempotriva dezinfect\u0103rii dispozitivelor mobile, cum ar fi telefoanele mobile, smartphone-urile sau tabletele, este pachetul de 12 \u0219erve\u021bele de protec\u021bie bacteriene de la CCM\u00ae. Certificat cu MedTech Award\"Cea mai bun\u0103 solu\u021bie de protec\u021bie anti-patogen\u0103 pe termen lung\"","og_url":"https:\/\/www.versiegelung24.com\/ro\/strat-de-protectie-sticla-lichid-la-indemana-impotriva-bacteriilor-virusi.html","og_site_name":"versiegelung24.com","article_modified_time":"2025-01-05T14:38:59+00:00","og_image":[{"width":2000,"height":2000,"url":"https:\/\/www.versiegelung24.com\/wp-content\/uploads\/2021\/09\/produkt-4009-904-Handy-Bakterienschutz-Verpackung1.jpg","type":"image\/jpeg"}],"twitter_card":"summary_large_image","twitter_misc":{"Pre\u021b":"10,99&euro;","Disponibilitate":"\u00cen stoc"},"schema":{"@context":"https:\/\/schema.org","@graph":[{"@type":"WebPage","@id":"https:\/\/www.versiegelung24.com\/ro\/strat-de-protectie-sticla-lichid-la-indemana-impotriva-bacteriilor-virusi.html","url":"https:\/\/www.versiegelung24.com\/ro\/strat-de-protectie-sticla-lichid-la-indemana-impotriva-bacteriilor-virusi.html","name":"Dezinfectant pe termen lung pentru smartphone \u0219i telefon mobil \u00eempotriva bacteriilor \u0219i viru\u0219ilor - versiegelung24.com","isPartOf":{"@id":"https:\/\/www.versiegelung24.com\/ro\/#website"},"primaryImageOfPage":{"@id":"https:\/\/www.versiegelung24.com\/ro\/strat-de-protectie-sticla-lichid-la-indemana-impotriva-bacteriilor-virusi.html#primaryimage"},"image":{"@id":"https:\/\/www.versiegelung24.com\/ro\/strat-de-protectie-sticla-lichid-la-indemana-impotriva-bacteriilor-virusi.html#primaryimage"},"thumbnailUrl":"https:\/\/www.versiegelung24.com\/wp-content\/uploads\/2021\/09\/produkt-4009-904-Handy-Bakterienschutz-Verpackung1.jpg","datePublished":"2021-09-27T09:31:37+00:00","dateModified":"2025-01-05T14:38:59+00:00","breadcrumb":{"@id":"https:\/\/www.versiegelung24.com\/ro\/strat-de-protectie-sticla-lichid-la-indemana-impotriva-bacteriilor-virusi.html#breadcrumb"},"inLanguage":"ro-RO","potentialAction":[{"@type":"ReadAction","target":["https:\/\/www.versiegelung24.com\/ro\/strat-de-protectie-sticla-lichid-la-indemana-impotriva-bacteriilor-virusi.html"]}]},{"@type":"ImageObject","inLanguage":"ro-RO","@id":"https:\/\/www.versiegelung24.com\/ro\/strat-de-protectie-sticla-lichid-la-indemana-impotriva-bacteriilor-virusi.html#primaryimage","url":"https:\/\/www.versiegelung24.com\/wp-content\/uploads\/2021\/09\/produkt-4009-904-Handy-Bakterienschutz-Verpackung1.jpg","contentUrl":"https:\/\/www.versiegelung24.com\/wp-content\/uploads\/2021\/09\/produkt-4009-904-Handy-Bakterienschutz-Verpackung1.jpg","width":2000,"height":2000},{"@type":"BreadcrumbList","@id":"https:\/\/www.versiegelung24.com\/ro\/strat-de-protectie-sticla-lichid-la-indemana-impotriva-bacteriilor-virusi.html#breadcrumb","itemListElement":[{"@type":"ListItem","position":1,"name":"Pagina de start","item":"https:\/\/www.versiegelung24.com\/ro\/fata\/"},{"@type":"ListItem","position":2,"name":"Magazin","item":"https:\/\/www.versiegelung24.com\/ro\/magazin_ro\/"},{"@type":"ListItem","position":3,"name":"Dezinfectant pe termen lung pentru smartphone \u0219i telefon mobil \u00eempotriva bacteriilor \u0219i viru\u0219ilor"}]},{"@type":"WebSite","@id":"https:\/\/www.versiegelung24.com\/ro\/#website","url":"https:\/\/www.versiegelung24.com\/ro\/","name":"versiegelung24.com","description":"Fl\u00fcssigglas-Versiegelung - Made in Germany","publisher":{"@id":"https:\/\/www.versiegelung24.com\/ro\/#organization"},"potentialAction":[{"@type":"SearchAction","target":{"@type":"EntryPoint","urlTemplate":"https:\/\/www.versiegelung24.com\/ro\/?s={search_term_string}"},"query-input":{"@type":"PropertyValueSpecification","valueRequired":true,"valueName":"search_term_string"}}],"inLanguage":"ro-RO"},{"@type":"Organization","@id":"https:\/\/www.versiegelung24.com\/ro\/#organization","name":"versiegelung24","url":"https:\/\/www.versiegelung24.com\/ro\/","logo":{"@type":"ImageObject","inLanguage":"ro-RO","@id":"https:\/\/www.versiegelung24.com\/ro\/#\/schema\/logo\/image\/","url":"https:\/\/www.versiegelung24.com\/wp-content\/uploads\/2020\/04\/versiegelung24.png","contentUrl":"https:\/\/www.versiegelung24.com\/wp-content\/uploads\/2020\/04\/versiegelung24.png","width":470,"height":102,"caption":"versiegelung24"},"image":{"@id":"https:\/\/www.versiegelung24.com\/ro\/#\/schema\/logo\/image\/"}}]},"product_price_amount":"10.99","product_price_currency":"EUR","og_availability":"instock","product_availability":"instock","product_retailer_item_id":"4009-904","product_condition":"new"},"_links":{"self":[{"href":"https:\/\/www.versiegelung24.com\/ro\/wp-json\/wp\/v2\/product\/37461","targetHints":{"allow":["GET"]}}],"collection":[{"href":"https:\/\/www.versiegelung24.com\/ro\/wp-json\/wp\/v2\/product"}],"about":[{"href":"https:\/\/www.versiegelung24.com\/ro\/wp-json\/wp\/v2\/types\/product"}],"version-history":[{"count":80,"href":"https:\/\/www.versiegelung24.com\/ro\/wp-json\/wp\/v2\/product\/37461\/revisions"}],"predecessor-version":[{"id":178262,"href":"https:\/\/www.versiegelung24.com\/ro\/wp-json\/wp\/v2\/product\/37461\/revisions\/178262"}],"wp:featuredmedia":[{"embeddable":true,"href":"https:\/\/www.versiegelung24.com\/ro\/wp-json\/wp\/v2\/media\/63249"}],"wp:attachment":[{"href":"https:\/\/www.versiegelung24.com\/ro\/wp-json\/wp\/v2\/media?parent=37461"}],"wp:term":[{"taxonomy":"product_brand","embeddable":true,"href":"https:\/\/www.versiegelung24.com\/ro\/wp-json\/wp\/v2\/product_brand?post=37461"},{"taxonomy":"product_cat","embeddable":true,"href":"https:\/\/www.versiegelung24.com\/ro\/wp-json\/wp\/v2\/product_cat?post=37461"},{"taxonomy":"product_tag","embeddable":true,"href":"https:\/\/www.versiegelung24.com\/ro\/wp-json\/wp\/v2\/product_tag?post=37461"}],"curies":[{"name":"wp","href":"https:\/\/api.w.org\/{rel}","templated":true}]}}