{"id":46814,"date":"2022-01-04T20:13:16","date_gmt":"2022-01-04T19:13:39","guid":{"rendered":"https:\/\/www.versiegelung24.com\/?post_type=product&#038;p=46814"},"modified":"2025-01-13T16:34:55","modified_gmt":"2025-01-13T15:34:55","slug":"dozator-dezinfectare-pantofi-pedexan-pedspend","status":"publish","type":"product","link":"https:\/\/www.versiegelung24.com\/ro\/dozator-dezinfectare-pantofi-pedexan-pedspend.html","title":{"rendered":"PedSpend &#8211; dozator cu lance de pulverizare pentru dezinfectarea pantofilor Pedexan"},"content":{"rendered":"\n<h1 class=\"wp-block-heading\" id=\"pedspend-spender-mit-spruhlanze-fur-pedexan-schuhdesinfektion\">PedSpend \u2013 dozator cu lance de pulverizare pentru dezinfectarea pantofilor Pedexan<\/h1>\n\n<p><strong>Dozator de dezinfectant pentru \u00eenc\u0103l\u021b\u0103minte pentru uz sta\u021bionar sau mobil. Ideal pentru reprocesarea igienic\u0103 a pantofilor, de exemplu pentru \u00eenc\u0103l\u021b\u0103mintea de lucru \u00een industrie \u0219i me\u0219te\u0219uguri, piste de bowling sau \u00eenchiriere de schiuri.<\/strong><\/p>\n\n<h4 class=\"wp-block-heading\" id=\"properties\">Caracteristicile produsului<\/h4>\n\n<div class=\"wp-block-columns is-layout-flex wp-container-core-columns-is-layout-9d6595d7 wp-block-columns-is-layout-flex\">\n<div class=\"wp-block-column is-layout-flow wp-block-column-is-layout-flow\">\n<p>Con\u021binutul <strong>livr\u0103rii:<\/strong> dozator de dezinfec\u021bie a pantofilor PedSpend (cu blocare) cu lance de pulverizare de 1,4 m<\/p>\n<\/div>\n\n\n\n<div class=\"wp-block-column is-layout-flow wp-block-column-is-layout-flow\">\n<p><strong>Potrivit pentru: <a href=\"https:\/\/www.versiegelung24.com\/ro\/sticla-de-reumplere-pentru-dezinfectia-pantofilor-pedexan.html\">dezinfectarea pantofilor Pedexan<\/a><\/strong> sticle de reumplere de 1 litru \u0219i toate sticlele de reumplere cu dozator Euro de 1 litru<\/p>\n<\/div>\n<\/div>\n\n<hr \/>\n\n<h4 class=\"wp-block-heading\" id=\"application\">Aplica\u021bie<\/h4>\n\n<p>Domenii de <strong>aplicare:<\/strong> industrie si comert, inchiriere pantofi de bowling, bocanci de schi, patine pentru gheata<\/p>\n","protected":false},"excerpt":{"rendered":"<p>PedSpend \u2013 dozator cu lance de pulverizare pentru dezinfectarea pantofilor Pedexan Dozator de dezinfectant pentru \u00eenc\u0103l\u021b\u0103minte pentru uz sta\u021bionar sau mobil. Ideal pentru reprocesarea igienic\u0103 a pantofilor, de exemplu pentru \u00eenc\u0103l\u021b\u0103mintea de lucru \u00een industrie \u0219i me\u0219te\u0219uguri, piste de bowling sau \u00eenchiriere de schiuri. Caracteristicile produsului Con\u021binutul livr\u0103rii: dozator de dezinfec\u021bie a pantofilor PedSpend (cu&hellip;&nbsp;<a href=\"https:\/\/www.versiegelung24.com\/ro\/dozator-dezinfectare-pantofi-pedexan-pedspend.html\" rel=\"bookmark\">Read More &raquo;<span class=\"screen-reader-text\">PedSpend &#8211; dozator cu lance de pulverizare pentru dezinfectarea pantofilor Pedexan<\/span><\/a><\/p>\n","protected":false},"featured_media":46877,"template":"","meta":{"_acf_changed":false,"neve_meta_sidebar":"","neve_meta_container":"","neve_meta_enable_content_width":"","neve_meta_content_width":0,"neve_meta_title_alignment":"","neve_meta_author_avatar":"","neve_post_elements_order":"","neve_meta_disable_header":"","neve_meta_disable_footer":"","neve_meta_disable_title":"","neve_meta_reading_time":"","_surfaces":[],"_ver_product_tabs":[],"footnotes":""},"product_brand":[],"product_cat":[2277,2885],"product_tag":[],"class_list":{"0":"post-46814","1":"product","2":"type-product","3":"status-publish","4":"has-post-thumbnail","6":"product_cat-dezinfectanti","7":"product_cat-dezinfectanti-pentru-pantofi","9":"first","10":"instock","11":"taxable","12":"shipping-taxable","13":"purchasable","14":"product-type-simple"},"acf":[],"yoast_head":"<!-- This site is optimized with the Yoast SEO Premium plugin v22.8 (Yoast SEO v27.5) - https:\/\/yoast.com\/product\/yoast-seo-premium-wordpress\/ -->\n<title>PedSpend - dozator cu lance de pulverizare pentru dezinfectarea pantofilor Pedexan - versiegelung24.com<\/title>\n<meta name=\"description\" content=\"Dezinfectarea \u00eenc\u0103l\u021b\u0103mintei Pedexan - solu\u021bia \u00eempotriva mirosurilor nepl\u0103cute, bacteriilor \u0219i ciupercilor.\" \/>\n<meta name=\"robots\" content=\"index, follow, max-snippet:-1, max-image-preview:large, max-video-preview:-1\" \/>\n<link rel=\"canonical\" href=\"https:\/\/www.versiegelung24.com\/ro\/dozator-dezinfectare-pantofi-pedexan-pedspend.html\" \/>\n<meta property=\"og:locale\" content=\"ro_RO\" \/>\n<meta property=\"og:type\" content=\"article\" \/>\n<meta property=\"og:title\" content=\"PedSpend - dozator cu lance de pulverizare pentru dezinfectarea pantofilor Pedexan\" \/>\n<meta property=\"og:description\" content=\"Dezinfectarea \u00eenc\u0103l\u021b\u0103mintei Pedexan - solu\u021bia \u00eempotriva mirosurilor nepl\u0103cute, bacteriilor \u0219i ciupercilor.\" \/>\n<meta property=\"og:url\" content=\"https:\/\/www.versiegelung24.com\/ro\/dozator-dezinfectare-pantofi-pedexan-pedspend.html\" \/>\n<meta property=\"og:site_name\" content=\"versiegelung24.com\" \/>\n<meta property=\"article:modified_time\" content=\"2025-01-13T15:34:55+00:00\" \/>\n<meta property=\"og:image\" content=\"https:\/\/www.versiegelung24.com\/wp-content\/uploads\/2022\/01\/produkt-pedexan-pedspend.png\" \/>\n\t<meta property=\"og:image:width\" content=\"2000\" \/>\n\t<meta property=\"og:image:height\" content=\"2000\" \/>\n\t<meta property=\"og:image:type\" content=\"image\/png\" \/>\n<meta name=\"twitter:card\" content=\"summary_large_image\" \/>\n<meta name=\"twitter:label1\" content=\"Pre\u021b\" \/>\n\t<meta name=\"twitter:data1\" content=\"119,00&euro;\" \/>\n\t<meta name=\"twitter:label2\" content=\"Disponibilitate\" \/>\n\t<meta name=\"twitter:data2\" content=\"\u00cen stoc\" \/>\n<script type=\"application\/ld+json\" class=\"yoast-schema-graph\">{\"@context\":\"https:\\\/\\\/schema.org\",\"@graph\":[{\"@type\":\"WebPage\",\"@id\":\"https:\\\/\\\/www.versiegelung24.com\\\/ro\\\/dozator-dezinfectare-pantofi-pedexan-pedspend.html\",\"url\":\"https:\\\/\\\/www.versiegelung24.com\\\/ro\\\/dozator-dezinfectare-pantofi-pedexan-pedspend.html\",\"name\":\"PedSpend - dozator cu lance de pulverizare pentru dezinfectarea pantofilor Pedexan - versiegelung24.com\",\"isPartOf\":{\"@id\":\"https:\\\/\\\/www.versiegelung24.com\\\/ro\\\/#website\"},\"primaryImageOfPage\":{\"@id\":\"https:\\\/\\\/www.versiegelung24.com\\\/ro\\\/dozator-dezinfectare-pantofi-pedexan-pedspend.html#primaryimage\"},\"image\":{\"@id\":\"https:\\\/\\\/www.versiegelung24.com\\\/ro\\\/dozator-dezinfectare-pantofi-pedexan-pedspend.html#primaryimage\"},\"thumbnailUrl\":\"https:\\\/\\\/www.versiegelung24.com\\\/wp-content\\\/uploads\\\/2022\\\/01\\\/produkt-pedexan-pedspend.png\",\"datePublished\":\"2022-01-04T19:13:39+00:00\",\"dateModified\":\"2025-01-13T15:34:55+00:00\",\"description\":\"Dezinfectarea \u00eenc\u0103l\u021b\u0103mintei Pedexan - solu\u021bia \u00eempotriva mirosurilor nepl\u0103cute, bacteriilor \u0219i ciupercilor.\",\"breadcrumb\":{\"@id\":\"https:\\\/\\\/www.versiegelung24.com\\\/ro\\\/dozator-dezinfectare-pantofi-pedexan-pedspend.html#breadcrumb\"},\"inLanguage\":\"ro-RO\",\"potentialAction\":[{\"@type\":\"ReadAction\",\"target\":[\"https:\\\/\\\/www.versiegelung24.com\\\/ro\\\/dozator-dezinfectare-pantofi-pedexan-pedspend.html\"]}]},{\"@type\":\"ImageObject\",\"inLanguage\":\"ro-RO\",\"@id\":\"https:\\\/\\\/www.versiegelung24.com\\\/ro\\\/dozator-dezinfectare-pantofi-pedexan-pedspend.html#primaryimage\",\"url\":\"https:\\\/\\\/www.versiegelung24.com\\\/wp-content\\\/uploads\\\/2022\\\/01\\\/produkt-pedexan-pedspend.png\",\"contentUrl\":\"https:\\\/\\\/www.versiegelung24.com\\\/wp-content\\\/uploads\\\/2022\\\/01\\\/produkt-pedexan-pedspend.png\",\"width\":2000,\"height\":2000},{\"@type\":\"BreadcrumbList\",\"@id\":\"https:\\\/\\\/www.versiegelung24.com\\\/ro\\\/dozator-dezinfectare-pantofi-pedexan-pedspend.html#breadcrumb\",\"itemListElement\":[{\"@type\":\"ListItem\",\"position\":1,\"name\":\"Pagina de start\",\"item\":\"https:\\\/\\\/www.versiegelung24.com\\\/ro\\\/fata\\\/\"},{\"@type\":\"ListItem\",\"position\":2,\"name\":\"Magazin\",\"item\":\"https:\\\/\\\/www.versiegelung24.com\\\/ro\\\/magazin_ro\\\/\"},{\"@type\":\"ListItem\",\"position\":3,\"name\":\"PedSpend &#8211; dozator cu lance de pulverizare pentru dezinfectarea pantofilor Pedexan\"}]},{\"@type\":\"WebSite\",\"@id\":\"https:\\\/\\\/www.versiegelung24.com\\\/ro\\\/#website\",\"url\":\"https:\\\/\\\/www.versiegelung24.com\\\/ro\\\/\",\"name\":\"versiegelung24.com\",\"description\":\"Fl\u00fcssigglas-Versiegelung - Made in Germany\",\"publisher\":{\"@id\":\"https:\\\/\\\/www.versiegelung24.com\\\/ro\\\/#organization\"},\"potentialAction\":[{\"@type\":\"SearchAction\",\"target\":{\"@type\":\"EntryPoint\",\"urlTemplate\":\"https:\\\/\\\/www.versiegelung24.com\\\/ro\\\/?s={search_term_string}\"},\"query-input\":{\"@type\":\"PropertyValueSpecification\",\"valueRequired\":true,\"valueName\":\"search_term_string\"}}],\"inLanguage\":\"ro-RO\"},{\"@type\":\"Organization\",\"@id\":\"https:\\\/\\\/www.versiegelung24.com\\\/ro\\\/#organization\",\"name\":\"versiegelung24\",\"url\":\"https:\\\/\\\/www.versiegelung24.com\\\/ro\\\/\",\"logo\":{\"@type\":\"ImageObject\",\"inLanguage\":\"ro-RO\",\"@id\":\"https:\\\/\\\/www.versiegelung24.com\\\/ro\\\/#\\\/schema\\\/logo\\\/image\\\/\",\"url\":\"https:\\\/\\\/www.versiegelung24.com\\\/wp-content\\\/uploads\\\/2020\\\/04\\\/versiegelung24.png\",\"contentUrl\":\"https:\\\/\\\/www.versiegelung24.com\\\/wp-content\\\/uploads\\\/2020\\\/04\\\/versiegelung24.png\",\"width\":470,\"height\":102,\"caption\":\"versiegelung24\"},\"image\":{\"@id\":\"https:\\\/\\\/www.versiegelung24.com\\\/ro\\\/#\\\/schema\\\/logo\\\/image\\\/\"}}]}<\/script>\n<meta property=\"product:price:amount\" content=\"119.00\" \/>\n<meta property=\"product:price:currency\" content=\"EUR\" \/>\n<meta property=\"og:availability\" content=\"instock\" \/>\n<meta property=\"product:availability\" content=\"instock\" \/>\n<meta property=\"product:retailer_item_id\" content=\"PED-spend\" \/>\n<meta property=\"product:condition\" content=\"new\" \/>\n<!-- \/ Yoast SEO Premium plugin. -->","yoast_head_json":{"title":"PedSpend - dozator cu lance de pulverizare pentru dezinfectarea pantofilor Pedexan - versiegelung24.com","description":"Dezinfectarea \u00eenc\u0103l\u021b\u0103mintei Pedexan - solu\u021bia \u00eempotriva mirosurilor nepl\u0103cute, bacteriilor \u0219i ciupercilor.","robots":{"index":"index","follow":"follow","max-snippet":"max-snippet:-1","max-image-preview":"max-image-preview:large","max-video-preview":"max-video-preview:-1"},"canonical":"https:\/\/www.versiegelung24.com\/ro\/dozator-dezinfectare-pantofi-pedexan-pedspend.html","og_locale":"ro_RO","og_type":"article","og_title":"PedSpend - dozator cu lance de pulverizare pentru dezinfectarea pantofilor Pedexan","og_description":"Dezinfectarea \u00eenc\u0103l\u021b\u0103mintei Pedexan - solu\u021bia \u00eempotriva mirosurilor nepl\u0103cute, bacteriilor \u0219i ciupercilor.","og_url":"https:\/\/www.versiegelung24.com\/ro\/dozator-dezinfectare-pantofi-pedexan-pedspend.html","og_site_name":"versiegelung24.com","article_modified_time":"2025-01-13T15:34:55+00:00","og_image":[{"width":2000,"height":2000,"url":"https:\/\/www.versiegelung24.com\/wp-content\/uploads\/2022\/01\/produkt-pedexan-pedspend.png","type":"image\/png"}],"twitter_card":"summary_large_image","twitter_misc":{"Pre\u021b":"119,00&euro;","Disponibilitate":"\u00cen stoc"},"schema":{"@context":"https:\/\/schema.org","@graph":[{"@type":"WebPage","@id":"https:\/\/www.versiegelung24.com\/ro\/dozator-dezinfectare-pantofi-pedexan-pedspend.html","url":"https:\/\/www.versiegelung24.com\/ro\/dozator-dezinfectare-pantofi-pedexan-pedspend.html","name":"PedSpend - dozator cu lance de pulverizare pentru dezinfectarea pantofilor Pedexan - versiegelung24.com","isPartOf":{"@id":"https:\/\/www.versiegelung24.com\/ro\/#website"},"primaryImageOfPage":{"@id":"https:\/\/www.versiegelung24.com\/ro\/dozator-dezinfectare-pantofi-pedexan-pedspend.html#primaryimage"},"image":{"@id":"https:\/\/www.versiegelung24.com\/ro\/dozator-dezinfectare-pantofi-pedexan-pedspend.html#primaryimage"},"thumbnailUrl":"https:\/\/www.versiegelung24.com\/wp-content\/uploads\/2022\/01\/produkt-pedexan-pedspend.png","datePublished":"2022-01-04T19:13:39+00:00","dateModified":"2025-01-13T15:34:55+00:00","description":"Dezinfectarea \u00eenc\u0103l\u021b\u0103mintei Pedexan - solu\u021bia \u00eempotriva mirosurilor nepl\u0103cute, bacteriilor \u0219i ciupercilor.","breadcrumb":{"@id":"https:\/\/www.versiegelung24.com\/ro\/dozator-dezinfectare-pantofi-pedexan-pedspend.html#breadcrumb"},"inLanguage":"ro-RO","potentialAction":[{"@type":"ReadAction","target":["https:\/\/www.versiegelung24.com\/ro\/dozator-dezinfectare-pantofi-pedexan-pedspend.html"]}]},{"@type":"ImageObject","inLanguage":"ro-RO","@id":"https:\/\/www.versiegelung24.com\/ro\/dozator-dezinfectare-pantofi-pedexan-pedspend.html#primaryimage","url":"https:\/\/www.versiegelung24.com\/wp-content\/uploads\/2022\/01\/produkt-pedexan-pedspend.png","contentUrl":"https:\/\/www.versiegelung24.com\/wp-content\/uploads\/2022\/01\/produkt-pedexan-pedspend.png","width":2000,"height":2000},{"@type":"BreadcrumbList","@id":"https:\/\/www.versiegelung24.com\/ro\/dozator-dezinfectare-pantofi-pedexan-pedspend.html#breadcrumb","itemListElement":[{"@type":"ListItem","position":1,"name":"Pagina de start","item":"https:\/\/www.versiegelung24.com\/ro\/fata\/"},{"@type":"ListItem","position":2,"name":"Magazin","item":"https:\/\/www.versiegelung24.com\/ro\/magazin_ro\/"},{"@type":"ListItem","position":3,"name":"PedSpend &#8211; dozator cu lance de pulverizare pentru dezinfectarea pantofilor Pedexan"}]},{"@type":"WebSite","@id":"https:\/\/www.versiegelung24.com\/ro\/#website","url":"https:\/\/www.versiegelung24.com\/ro\/","name":"versiegelung24.com","description":"Fl\u00fcssigglas-Versiegelung - Made in Germany","publisher":{"@id":"https:\/\/www.versiegelung24.com\/ro\/#organization"},"potentialAction":[{"@type":"SearchAction","target":{"@type":"EntryPoint","urlTemplate":"https:\/\/www.versiegelung24.com\/ro\/?s={search_term_string}"},"query-input":{"@type":"PropertyValueSpecification","valueRequired":true,"valueName":"search_term_string"}}],"inLanguage":"ro-RO"},{"@type":"Organization","@id":"https:\/\/www.versiegelung24.com\/ro\/#organization","name":"versiegelung24","url":"https:\/\/www.versiegelung24.com\/ro\/","logo":{"@type":"ImageObject","inLanguage":"ro-RO","@id":"https:\/\/www.versiegelung24.com\/ro\/#\/schema\/logo\/image\/","url":"https:\/\/www.versiegelung24.com\/wp-content\/uploads\/2020\/04\/versiegelung24.png","contentUrl":"https:\/\/www.versiegelung24.com\/wp-content\/uploads\/2020\/04\/versiegelung24.png","width":470,"height":102,"caption":"versiegelung24"},"image":{"@id":"https:\/\/www.versiegelung24.com\/ro\/#\/schema\/logo\/image\/"}}]},"product_price_amount":"119.00","product_price_currency":"EUR","og_availability":"instock","product_availability":"instock","product_retailer_item_id":"PED-spend","product_condition":"new"},"_links":{"self":[{"href":"https:\/\/www.versiegelung24.com\/ro\/wp-json\/wp\/v2\/product\/46814","targetHints":{"allow":["GET"]}}],"collection":[{"href":"https:\/\/www.versiegelung24.com\/ro\/wp-json\/wp\/v2\/product"}],"about":[{"href":"https:\/\/www.versiegelung24.com\/ro\/wp-json\/wp\/v2\/types\/product"}],"version-history":[{"count":16,"href":"https:\/\/www.versiegelung24.com\/ro\/wp-json\/wp\/v2\/product\/46814\/revisions"}],"predecessor-version":[{"id":180460,"href":"https:\/\/www.versiegelung24.com\/ro\/wp-json\/wp\/v2\/product\/46814\/revisions\/180460"}],"wp:featuredmedia":[{"embeddable":true,"href":"https:\/\/www.versiegelung24.com\/ro\/wp-json\/wp\/v2\/media\/46877"}],"wp:attachment":[{"href":"https:\/\/www.versiegelung24.com\/ro\/wp-json\/wp\/v2\/media?parent=46814"}],"wp:term":[{"taxonomy":"product_brand","embeddable":true,"href":"https:\/\/www.versiegelung24.com\/ro\/wp-json\/wp\/v2\/product_brand?post=46814"},{"taxonomy":"product_cat","embeddable":true,"href":"https:\/\/www.versiegelung24.com\/ro\/wp-json\/wp\/v2\/product_cat?post=46814"},{"taxonomy":"product_tag","embeddable":true,"href":"https:\/\/www.versiegelung24.com\/ro\/wp-json\/wp\/v2\/product_tag?post=46814"}],"curies":[{"name":"wp","href":"https:\/\/api.w.org\/{rel}","templated":true}]}}