{"id":62258,"date":"2022-02-06T23:03:40","date_gmt":"2022-02-06T22:04:03","guid":{"rendered":"https:\/\/www.versiegelung24.com\/?post_type=product&#038;p=62258"},"modified":"2025-01-05T17:32:27","modified_gmt":"2025-01-05T16:32:27","slug":"set-complet-sistem-solar-premium-etansare-fotovoltaica-cu-durabilitate-extrema-si-cresterea-eficientei","status":"publish","type":"product","link":"https:\/\/www.versiegelung24.com\/ro\/set-complet-sistem-solar-premium-etansare-fotovoltaica-cu-durabilitate-extrema-si-cresterea-eficientei.html","title":{"rendered":"Set complet pentru etan\u0219area sistemelor solare\/fotovoltaice"},"content":{"rendered":"\n<p><strong>Set complet format din pre-cur\u0103\u021b\u0103tor biologic, bioetanol pentru \u00eendep\u0103rtarea gr\u0103similor \u0219i nano-etan\u0219are de \u00eenalt\u0103 performan\u021b\u0103 pe baz\u0103 de sticl\u0103 lichid\u0103<\/strong><\/p>\n\n<p><strong>Nano-acoperire extrem de eficient\u0103 pentru sistemele solare, cu efect de lotus (hidrofug)<\/strong><\/p>\n\n<p>\u00cenalt\u0103 calitate Fabricat \u00een Germania<\/p>\n\n<h4 class=\"wp-block-heading\" id=\"properties\">propriet\u0103\u021bi<\/h4>\n\n<div class=\"wp-block-columns is-layout-flex wp-container-core-columns-is-layout-9d6595d7 wp-block-columns-is-layout-flex\">\n<div class=\"wp-block-column is-layout-flow wp-block-column-is-layout-flow\">\n<ul class=\"wp-block-list\">\n<li>Tehnologie viitoare cu un strat de protec\u021bie invizibil, aproximativ 100 nm (nanometri) \u201egros\u201d.<\/li>\n\n\n\n<li>Protejeaz\u0103 suprafa\u021ba<\/li>\n\n\n\n<li>Rezistent la caldura si inghet<\/li>\n\n\n\n<li>Rezistent la ap\u0103 de mare \u0219i sare (acid\/alcalin 1,5 p\u00e2n\u0103 la 12,5 ph)<\/li>\n\n\n\n<li>Repelent la ap\u0103 \u0219i murd\u0103rie<\/li>\n\n\n\n<li>Aplicare simpl\u0103 \u0219i rapid\u0103<\/li>\n\n\n\n<li>Aplicabil la +10\u00b0 p\u00e2n\u0103 la +30\u00b0C<\/li>\n\n\n\n<li>Stabil la UV<\/li>\n\n\n\n<li>Efect \u201eU\u0219or de cur\u0103\u021bat\u201d (suprafe\u021bele sunt u\u0219or de cur\u0103\u021bat = economise\u0219te timp \u0219i bani \u0219i o parte de murd\u0103rie este deja sp\u0103lat\u0103 de ploaie)<\/li>\n\n\n\n<li>Consum: aproximativ 150 m\u00b2 cu un litru<\/li>\n\n\n\n<li>Reduce amprenta ecologic\u0103 (CO2) la cur\u0103\u021bare:\n<ul class=\"wp-block-list\">\n<li>Este nevoie de mai pu\u021bin\u0103 ap\u0103<\/li>\n\n\n\n<li>Sunt necesari mai putini agenti de curatare chimici<\/li>\n<\/ul>\n<\/li>\n<\/ul>\n<\/div>\n\n\n\n<div class=\"wp-block-column is-layout-flow wp-block-column-is-layout-flow\">\n<p><strong>Scopul livrarii:<\/strong><\/p>\n\n\n\n<ul class=\"wp-block-list\">\n<li>500 ml Biosativa\u00ae concentrat de cur\u0103\u021bare organic 1:10 pentru pre-cur\u0103\u021bare<\/li>\n\n\n\n<li>1.000 ml alcool izopropanolic 99,9% pentru degresare<\/li>\n\n\n\n<li>500 ml de etan\u0219are din sticl\u0103 lichid\u0103 7601 (pentru aprox. 75-100 m\u00b2)<\/li>\n\n\n\n<li>100 de prosoape de uscare 25 x 16 cm pentru pre-cur\u0103\u021bare<\/li>\n\n\n\n<li>10 c\u00e2rpe din microfibr\u0103 10 x 10 cm pentru aplicare<\/li>\n\n\n\n<li>5 c\u00e2rpe din microfibr\u0103 30 x 30 cm pentru lustruire<\/li>\n\n\n\n<li>10 m\u0103nu\u0219i de protec\u021bie de unic\u0103 folosin\u021b\u0103<\/li>\n<\/ul>\n<\/div>\n<\/div>\n\n<hr\/>\n\n<h4 class=\"wp-block-heading\" id=\"application\">Aplica\u021bie<\/h4>\n\n<p>Aplicare simpl\u0103<\/p>\n\n<ol class=\"wp-block-list\">\n<li>Pre-cur\u0103\u021ba\u021bi modulul foarte bine cu Biosativa (cu c\u00e2t pre-cur\u0103\u021barea este mai bun\u0103, cu at\u00e2t va dura mai mult etan\u0219area)<\/li>\n\n\n\n<li>Cur\u0103\u021ba\u021bi din nou cu alcool \u00eenainte de sigilare<\/li>\n\n\n\n<li>Aplica\u021bi etan\u0219area cu o c\u00e2rp\u0103, lustrui\u021bi &#8211; gata.<\/li>\n<\/ol>\n\n<p><\/p>\n","protected":false},"excerpt":{"rendered":"<div class=\"column mcb-column mcb-item-mrk8thufa one column_column column-margin-0px\">\n<div class=\"column_attr clearfix\"><b>Modulele fotovoltaice aduc cel mai bun randament \u00een condi\u021bii optime<\/b> <b>.<\/b> <\/div>\n<div class=\"column_attr clearfix\"><b>Cu sigiliul nostru special, extindem ciclul de cur\u0103\u021bare \u0219i simplific\u0103m considerabil cur\u0103\u021barea. <\/b><\/div>\n<div class=\"column_attr clearfix\"><b>Acest lucru duce la o rentabilitate crescut\u0103 a investi\u021biei dvs.<\/b><\/div>\n<\/div>\n","protected":false},"featured_media":18511,"template":"","meta":{"_acf_changed":false,"neve_meta_sidebar":"","neve_meta_container":"","neve_meta_enable_content_width":"","neve_meta_content_width":0,"neve_meta_title_alignment":"","neve_meta_author_avatar":"","neve_post_elements_order":"","neve_meta_disable_header":"","neve_meta_disable_footer":"","neve_meta_disable_title":"","neve_meta_reading_time":"","_surfaces":[],"_ver_product_tabs":[],"footnotes":""},"product_brand":[],"product_cat":[2166],"product_tag":[],"class_list":{"0":"post-62258","1":"product","2":"type-product","3":"status-publish","4":"has-post-thumbnail","6":"product_cat-etansare-pentru-sticla-si-ceramica","8":"first","9":"instock","10":"taxable","11":"shipping-taxable","12":"purchasable","13":"product-type-simple"},"acf":[],"yoast_head":"<!-- This site is optimized with the Yoast SEO Premium plugin v22.8 (Yoast SEO v27.5) - https:\/\/yoast.com\/product\/yoast-seo-premium-wordpress\/ -->\n<title>Set complet pentru etan\u0219area sistemelor solare\/fotovoltaice - versiegelung24.com<\/title>\n<meta name=\"robots\" content=\"index, follow, max-snippet:-1, max-image-preview:large, max-video-preview:-1\" \/>\n<link rel=\"canonical\" href=\"https:\/\/www.versiegelung24.com\/ro\/set-complet-sistem-solar-premium-etansare-fotovoltaica-cu-durabilitate-extrema-si-cresterea-eficientei.html\" \/>\n<meta property=\"og:locale\" content=\"ro_RO\" \/>\n<meta property=\"og:type\" content=\"article\" \/>\n<meta property=\"og:title\" content=\"Set complet pentru etan\u0219area sistemelor solare\/fotovoltaice\" \/>\n<meta property=\"og:description\" content=\"Modulele fotovoltaice aduc cel mai bun randament \u00een condi\u021bii optime . Cu sigiliul nostru special, extindem ciclul de cur\u0103\u021bare \u0219i simplific\u0103m considerabil cur\u0103\u021barea. Acest lucru duce la o rentabilitate crescut\u0103 a investi\u021biei dvs.\" \/>\n<meta property=\"og:url\" content=\"https:\/\/www.versiegelung24.com\/ro\/set-complet-sistem-solar-premium-etansare-fotovoltaica-cu-durabilitate-extrema-si-cresterea-eficientei.html\" \/>\n<meta property=\"og:site_name\" content=\"versiegelung24.com\" \/>\n<meta property=\"article:modified_time\" content=\"2025-01-05T16:32:27+00:00\" \/>\n<meta property=\"og:image\" content=\"https:\/\/www.versiegelung24.com\/wp-content\/uploads\/2020\/06\/produkt-7000-7601-1000-Solarversiegelung-scaled.jpg\" \/>\n\t<meta property=\"og:image:width\" content=\"2560\" \/>\n\t<meta property=\"og:image:height\" content=\"2560\" \/>\n\t<meta property=\"og:image:type\" content=\"image\/jpeg\" \/>\n<meta name=\"twitter:card\" content=\"summary_large_image\" \/>\n<meta name=\"twitter:label1\" content=\"Pre\u021b\" \/>\n\t<meta name=\"twitter:data1\" content=\"199,00&euro;\" \/>\n\t<meta name=\"twitter:label2\" content=\"Disponibilitate\" \/>\n\t<meta name=\"twitter:data2\" content=\"\u00cen stoc\" \/>\n<script type=\"application\/ld+json\" class=\"yoast-schema-graph\">{\"@context\":\"https:\\\/\\\/schema.org\",\"@graph\":[{\"@type\":\"WebPage\",\"@id\":\"https:\\\/\\\/www.versiegelung24.com\\\/ro\\\/set-complet-sistem-solar-premium-etansare-fotovoltaica-cu-durabilitate-extrema-si-cresterea-eficientei.html\",\"url\":\"https:\\\/\\\/www.versiegelung24.com\\\/ro\\\/set-complet-sistem-solar-premium-etansare-fotovoltaica-cu-durabilitate-extrema-si-cresterea-eficientei.html\",\"name\":\"Set complet pentru etan\u0219area sistemelor solare\\\/fotovoltaice - versiegelung24.com\",\"isPartOf\":{\"@id\":\"https:\\\/\\\/www.versiegelung24.com\\\/ro\\\/#website\"},\"primaryImageOfPage\":{\"@id\":\"https:\\\/\\\/www.versiegelung24.com\\\/ro\\\/set-complet-sistem-solar-premium-etansare-fotovoltaica-cu-durabilitate-extrema-si-cresterea-eficientei.html#primaryimage\"},\"image\":{\"@id\":\"https:\\\/\\\/www.versiegelung24.com\\\/ro\\\/set-complet-sistem-solar-premium-etansare-fotovoltaica-cu-durabilitate-extrema-si-cresterea-eficientei.html#primaryimage\"},\"thumbnailUrl\":\"https:\\\/\\\/www.versiegelung24.com\\\/wp-content\\\/uploads\\\/2020\\\/06\\\/produkt-7000-7601-1000-Solarversiegelung-scaled.jpg\",\"datePublished\":\"2022-02-06T22:04:03+00:00\",\"dateModified\":\"2025-01-05T16:32:27+00:00\",\"breadcrumb\":{\"@id\":\"https:\\\/\\\/www.versiegelung24.com\\\/ro\\\/set-complet-sistem-solar-premium-etansare-fotovoltaica-cu-durabilitate-extrema-si-cresterea-eficientei.html#breadcrumb\"},\"inLanguage\":\"ro-RO\",\"potentialAction\":[{\"@type\":\"ReadAction\",\"target\":[\"https:\\\/\\\/www.versiegelung24.com\\\/ro\\\/set-complet-sistem-solar-premium-etansare-fotovoltaica-cu-durabilitate-extrema-si-cresterea-eficientei.html\"]}]},{\"@type\":\"ImageObject\",\"inLanguage\":\"ro-RO\",\"@id\":\"https:\\\/\\\/www.versiegelung24.com\\\/ro\\\/set-complet-sistem-solar-premium-etansare-fotovoltaica-cu-durabilitate-extrema-si-cresterea-eficientei.html#primaryimage\",\"url\":\"https:\\\/\\\/www.versiegelung24.com\\\/wp-content\\\/uploads\\\/2020\\\/06\\\/produkt-7000-7601-1000-Solarversiegelung-scaled.jpg\",\"contentUrl\":\"https:\\\/\\\/www.versiegelung24.com\\\/wp-content\\\/uploads\\\/2020\\\/06\\\/produkt-7000-7601-1000-Solarversiegelung-scaled.jpg\",\"width\":2560,\"height\":2560},{\"@type\":\"BreadcrumbList\",\"@id\":\"https:\\\/\\\/www.versiegelung24.com\\\/ro\\\/set-complet-sistem-solar-premium-etansare-fotovoltaica-cu-durabilitate-extrema-si-cresterea-eficientei.html#breadcrumb\",\"itemListElement\":[{\"@type\":\"ListItem\",\"position\":1,\"name\":\"Pagina de start\",\"item\":\"https:\\\/\\\/www.versiegelung24.com\\\/ro\\\/fata\\\/\"},{\"@type\":\"ListItem\",\"position\":2,\"name\":\"Magazin\",\"item\":\"https:\\\/\\\/www.versiegelung24.com\\\/ro\\\/magazin_ro\\\/\"},{\"@type\":\"ListItem\",\"position\":3,\"name\":\"Set complet pentru etan\u0219area sistemelor solare\\\/fotovoltaice\"}]},{\"@type\":\"WebSite\",\"@id\":\"https:\\\/\\\/www.versiegelung24.com\\\/ro\\\/#website\",\"url\":\"https:\\\/\\\/www.versiegelung24.com\\\/ro\\\/\",\"name\":\"versiegelung24.com\",\"description\":\"Fl\u00fcssigglas-Versiegelung - Made in Germany\",\"publisher\":{\"@id\":\"https:\\\/\\\/www.versiegelung24.com\\\/ro\\\/#organization\"},\"potentialAction\":[{\"@type\":\"SearchAction\",\"target\":{\"@type\":\"EntryPoint\",\"urlTemplate\":\"https:\\\/\\\/www.versiegelung24.com\\\/ro\\\/?s={search_term_string}\"},\"query-input\":{\"@type\":\"PropertyValueSpecification\",\"valueRequired\":true,\"valueName\":\"search_term_string\"}}],\"inLanguage\":\"ro-RO\"},{\"@type\":\"Organization\",\"@id\":\"https:\\\/\\\/www.versiegelung24.com\\\/ro\\\/#organization\",\"name\":\"versiegelung24\",\"url\":\"https:\\\/\\\/www.versiegelung24.com\\\/ro\\\/\",\"logo\":{\"@type\":\"ImageObject\",\"inLanguage\":\"ro-RO\",\"@id\":\"https:\\\/\\\/www.versiegelung24.com\\\/ro\\\/#\\\/schema\\\/logo\\\/image\\\/\",\"url\":\"https:\\\/\\\/www.versiegelung24.com\\\/wp-content\\\/uploads\\\/2020\\\/04\\\/versiegelung24.png\",\"contentUrl\":\"https:\\\/\\\/www.versiegelung24.com\\\/wp-content\\\/uploads\\\/2020\\\/04\\\/versiegelung24.png\",\"width\":470,\"height\":102,\"caption\":\"versiegelung24\"},\"image\":{\"@id\":\"https:\\\/\\\/www.versiegelung24.com\\\/ro\\\/#\\\/schema\\\/logo\\\/image\\\/\"}}]}<\/script>\n<meta property=\"product:price:amount\" content=\"199.00\" \/>\n<meta property=\"product:price:currency\" content=\"EUR\" \/>\n<meta property=\"og:availability\" content=\"instock\" \/>\n<meta property=\"product:availability\" content=\"instock\" \/>\n<meta property=\"product:retailer_item_id\" content=\"7005-5575-komplettset\" \/>\n<meta property=\"product:condition\" content=\"new\" \/>\n<!-- \/ Yoast SEO Premium plugin. -->","yoast_head_json":{"title":"Set complet pentru etan\u0219area sistemelor solare\/fotovoltaice - versiegelung24.com","robots":{"index":"index","follow":"follow","max-snippet":"max-snippet:-1","max-image-preview":"max-image-preview:large","max-video-preview":"max-video-preview:-1"},"canonical":"https:\/\/www.versiegelung24.com\/ro\/set-complet-sistem-solar-premium-etansare-fotovoltaica-cu-durabilitate-extrema-si-cresterea-eficientei.html","og_locale":"ro_RO","og_type":"article","og_title":"Set complet pentru etan\u0219area sistemelor solare\/fotovoltaice","og_description":"Modulele fotovoltaice aduc cel mai bun randament \u00een condi\u021bii optime . Cu sigiliul nostru special, extindem ciclul de cur\u0103\u021bare \u0219i simplific\u0103m considerabil cur\u0103\u021barea. Acest lucru duce la o rentabilitate crescut\u0103 a investi\u021biei dvs.","og_url":"https:\/\/www.versiegelung24.com\/ro\/set-complet-sistem-solar-premium-etansare-fotovoltaica-cu-durabilitate-extrema-si-cresterea-eficientei.html","og_site_name":"versiegelung24.com","article_modified_time":"2025-01-05T16:32:27+00:00","og_image":[{"width":2560,"height":2560,"url":"https:\/\/www.versiegelung24.com\/wp-content\/uploads\/2020\/06\/produkt-7000-7601-1000-Solarversiegelung-scaled.jpg","type":"image\/jpeg"}],"twitter_card":"summary_large_image","twitter_misc":{"Pre\u021b":"199,00&euro;","Disponibilitate":"\u00cen stoc"},"schema":{"@context":"https:\/\/schema.org","@graph":[{"@type":"WebPage","@id":"https:\/\/www.versiegelung24.com\/ro\/set-complet-sistem-solar-premium-etansare-fotovoltaica-cu-durabilitate-extrema-si-cresterea-eficientei.html","url":"https:\/\/www.versiegelung24.com\/ro\/set-complet-sistem-solar-premium-etansare-fotovoltaica-cu-durabilitate-extrema-si-cresterea-eficientei.html","name":"Set complet pentru etan\u0219area sistemelor solare\/fotovoltaice - versiegelung24.com","isPartOf":{"@id":"https:\/\/www.versiegelung24.com\/ro\/#website"},"primaryImageOfPage":{"@id":"https:\/\/www.versiegelung24.com\/ro\/set-complet-sistem-solar-premium-etansare-fotovoltaica-cu-durabilitate-extrema-si-cresterea-eficientei.html#primaryimage"},"image":{"@id":"https:\/\/www.versiegelung24.com\/ro\/set-complet-sistem-solar-premium-etansare-fotovoltaica-cu-durabilitate-extrema-si-cresterea-eficientei.html#primaryimage"},"thumbnailUrl":"https:\/\/www.versiegelung24.com\/wp-content\/uploads\/2020\/06\/produkt-7000-7601-1000-Solarversiegelung-scaled.jpg","datePublished":"2022-02-06T22:04:03+00:00","dateModified":"2025-01-05T16:32:27+00:00","breadcrumb":{"@id":"https:\/\/www.versiegelung24.com\/ro\/set-complet-sistem-solar-premium-etansare-fotovoltaica-cu-durabilitate-extrema-si-cresterea-eficientei.html#breadcrumb"},"inLanguage":"ro-RO","potentialAction":[{"@type":"ReadAction","target":["https:\/\/www.versiegelung24.com\/ro\/set-complet-sistem-solar-premium-etansare-fotovoltaica-cu-durabilitate-extrema-si-cresterea-eficientei.html"]}]},{"@type":"ImageObject","inLanguage":"ro-RO","@id":"https:\/\/www.versiegelung24.com\/ro\/set-complet-sistem-solar-premium-etansare-fotovoltaica-cu-durabilitate-extrema-si-cresterea-eficientei.html#primaryimage","url":"https:\/\/www.versiegelung24.com\/wp-content\/uploads\/2020\/06\/produkt-7000-7601-1000-Solarversiegelung-scaled.jpg","contentUrl":"https:\/\/www.versiegelung24.com\/wp-content\/uploads\/2020\/06\/produkt-7000-7601-1000-Solarversiegelung-scaled.jpg","width":2560,"height":2560},{"@type":"BreadcrumbList","@id":"https:\/\/www.versiegelung24.com\/ro\/set-complet-sistem-solar-premium-etansare-fotovoltaica-cu-durabilitate-extrema-si-cresterea-eficientei.html#breadcrumb","itemListElement":[{"@type":"ListItem","position":1,"name":"Pagina de start","item":"https:\/\/www.versiegelung24.com\/ro\/fata\/"},{"@type":"ListItem","position":2,"name":"Magazin","item":"https:\/\/www.versiegelung24.com\/ro\/magazin_ro\/"},{"@type":"ListItem","position":3,"name":"Set complet pentru etan\u0219area sistemelor solare\/fotovoltaice"}]},{"@type":"WebSite","@id":"https:\/\/www.versiegelung24.com\/ro\/#website","url":"https:\/\/www.versiegelung24.com\/ro\/","name":"versiegelung24.com","description":"Fl\u00fcssigglas-Versiegelung - Made in Germany","publisher":{"@id":"https:\/\/www.versiegelung24.com\/ro\/#organization"},"potentialAction":[{"@type":"SearchAction","target":{"@type":"EntryPoint","urlTemplate":"https:\/\/www.versiegelung24.com\/ro\/?s={search_term_string}"},"query-input":{"@type":"PropertyValueSpecification","valueRequired":true,"valueName":"search_term_string"}}],"inLanguage":"ro-RO"},{"@type":"Organization","@id":"https:\/\/www.versiegelung24.com\/ro\/#organization","name":"versiegelung24","url":"https:\/\/www.versiegelung24.com\/ro\/","logo":{"@type":"ImageObject","inLanguage":"ro-RO","@id":"https:\/\/www.versiegelung24.com\/ro\/#\/schema\/logo\/image\/","url":"https:\/\/www.versiegelung24.com\/wp-content\/uploads\/2020\/04\/versiegelung24.png","contentUrl":"https:\/\/www.versiegelung24.com\/wp-content\/uploads\/2020\/04\/versiegelung24.png","width":470,"height":102,"caption":"versiegelung24"},"image":{"@id":"https:\/\/www.versiegelung24.com\/ro\/#\/schema\/logo\/image\/"}}]},"product_price_amount":"199.00","product_price_currency":"EUR","og_availability":"instock","product_availability":"instock","product_retailer_item_id":"7005-5575-komplettset","product_condition":"new"},"_links":{"self":[{"href":"https:\/\/www.versiegelung24.com\/ro\/wp-json\/wp\/v2\/product\/62258","targetHints":{"allow":["GET"]}}],"collection":[{"href":"https:\/\/www.versiegelung24.com\/ro\/wp-json\/wp\/v2\/product"}],"about":[{"href":"https:\/\/www.versiegelung24.com\/ro\/wp-json\/wp\/v2\/types\/product"}],"version-history":[{"count":13,"href":"https:\/\/www.versiegelung24.com\/ro\/wp-json\/wp\/v2\/product\/62258\/revisions"}],"predecessor-version":[{"id":141445,"href":"https:\/\/www.versiegelung24.com\/ro\/wp-json\/wp\/v2\/product\/62258\/revisions\/141445"}],"wp:featuredmedia":[{"embeddable":true,"href":"https:\/\/www.versiegelung24.com\/ro\/wp-json\/wp\/v2\/media\/18511"}],"wp:attachment":[{"href":"https:\/\/www.versiegelung24.com\/ro\/wp-json\/wp\/v2\/media?parent=62258"}],"wp:term":[{"taxonomy":"product_brand","embeddable":true,"href":"https:\/\/www.versiegelung24.com\/ro\/wp-json\/wp\/v2\/product_brand?post=62258"},{"taxonomy":"product_cat","embeddable":true,"href":"https:\/\/www.versiegelung24.com\/ro\/wp-json\/wp\/v2\/product_cat?post=62258"},{"taxonomy":"product_tag","embeddable":true,"href":"https:\/\/www.versiegelung24.com\/ro\/wp-json\/wp\/v2\/product_tag?post=62258"}],"curies":[{"name":"wp","href":"https:\/\/api.w.org\/{rel}","templated":true}]}}