{"id":82339,"date":"2022-02-23T12:42:58","date_gmt":"2022-02-23T11:42:58","guid":{"rendered":"https:\/\/www.versiegelung24.com\/produkt\/manusi-galbene-de-lucru-din-nitril-cu-mansete-tricotate\/"},"modified":"2025-12-19T14:35:46","modified_gmt":"2025-12-19T13:35:46","slug":"manusi-de-lucrare-nitril-cu-mansete-tricotate-galben","status":"publish","type":"product","link":"https:\/\/www.versiegelung24.com\/ro\/manusi-galbene-de-lucru-din-nitril-cu-mansete-tricotate.html","title":{"rendered":"M\u0103nu\u0219i galbene de lucru din nitril cu man\u0219ete tricotate"},"content":{"rendered":"\n<h4 class=\"wp-block-heading\" id=\"h-beschreibung\">Descriere a<\/h4>\n\n<p>M\u0103nu\u0219i universale din nitril pentru medii uscate sau umede. Potrivit pentru lucr\u0103ri cu riscuri medii \u0219i solicit\u0103ri ridicate la abraziune (artizanat, construc\u021bii, construc\u021bii de standuri expozi\u021bionale, industria auto, industria mecanic\u0103, industria siderurgic\u0103, industria sticlei, industria alimentar\u0103, agricultur\u0103 etc.) EN 420 categoria II, EN 388<\/p>\n\n<hr \/>\n\n<h4 class=\"wp-block-heading\" id=\"properties\">Caracteristicile produsului<\/h4>\n\n<div class=\"wp-block-columns is-layout-flex wp-container-core-columns-is-layout-9d6595d7 wp-block-columns-is-layout-flex\">\n<div class=\"wp-block-column is-layout-flow wp-block-column-is-layout-flow\">\n<p>\u2713 Acoperit cu nitril galben<\/p>\n\n\n\n<p>\u2713 Dosul m\u00e2inii respirabil<\/p>\n\n\n\n<p>\u2713 Extrem de confortabil datorit\u0103 potrivirii perfecte<\/p>\n\n\n\n<p>\u2713 EN 420 Categoria II, EN 388<\/p>\n\n\n\n<p>\u2713 Rezisten\u021ba la abraziune: nivelul de performan\u021b\u0103 4<\/p>\n\n\n\n<p>\u2713 Rezisten\u021ba la t\u0103iere: nivelul de performan\u021b\u0103 1<\/p>\n\n\n\n<p>\u2713 Rezisten\u021ba la rupere: nivelul de performan\u021b\u0103 1<\/p>\n\n\n\n<p>\u2713 Puterea de perforare: nivelul de putere 1<\/p>\n\n\n\n<p>\u2713 Dimensiune: 9<\/p>\n<\/div>\n<\/div>\n","protected":false},"excerpt":{"rendered":"<div class=\"product_text_extra\">\n<p>\u2713 Acoperit cu nitril galben<\/p>\n<p>\u2713 Dosul m\u00e2inii respirabil<\/p>\n<p>\u2713 Extrem de confortabil datorit\u0103 potrivirii perfecte<\/p>\n<p>\u2713 EN 420 Categoria II, EN 388<\/p>\n<p>\u2713 Rezisten\u021ba la abraziune: nivelul de performan\u021b\u0103 4<\/p>\n<\/div>\n","protected":false},"featured_media":82274,"template":"","meta":{"_acf_changed":false,"neve_meta_sidebar":"","neve_meta_container":"","neve_meta_enable_content_width":"","neve_meta_content_width":0,"neve_meta_title_alignment":"","neve_meta_author_avatar":"","neve_post_elements_order":"","neve_meta_disable_header":"","neve_meta_disable_footer":"","neve_meta_disable_title":"","neve_meta_reading_time":"","_surfaces":[],"_ver_product_tabs":[],"footnotes":""},"product_brand":[],"product_cat":[3083],"product_tag":[],"class_list":{"0":"post-82339","1":"product","2":"type-product","3":"status-publish","4":"has-post-thumbnail","6":"product_cat-echipamente","8":"first","9":"instock","10":"taxable","11":"shipping-taxable","12":"purchasable","13":"product-type-simple"},"acf":[],"yoast_head":"<!-- This site is optimized with the Yoast SEO Premium plugin v22.8 (Yoast SEO v27.5) - https:\/\/yoast.com\/product\/yoast-seo-premium-wordpress\/ -->\n<title>M\u0103nu\u0219i galbene de lucru din nitril cu man\u0219ete tricotate - versiegelung24.com<\/title>\n<meta name=\"robots\" content=\"index, follow, max-snippet:-1, max-image-preview:large, max-video-preview:-1\" \/>\n<link rel=\"canonical\" href=\"https:\/\/www.versiegelung24.com\/ro\/manusi-galbene-de-lucru-din-nitril-cu-mansete-tricotate.html\" \/>\n<meta property=\"og:locale\" content=\"ro_RO\" \/>\n<meta property=\"og:type\" content=\"article\" \/>\n<meta property=\"og:title\" content=\"M\u0103nu\u0219i galbene de lucru din nitril cu man\u0219ete tricotate\" \/>\n<meta property=\"og:description\" content=\"\u2713 Acoperit cu nitril galben \u2713 Dosul m\u00e2inii respirabil \u2713 Extrem de confortabil datorit\u0103 potrivirii perfecte \u2713 EN 420 Categoria II, EN 388 \u2713 Rezisten\u021ba la abraziune: nivelul de performan\u021b\u0103 4\" \/>\n<meta property=\"og:url\" content=\"https:\/\/www.versiegelung24.com\/ro\/manusi-galbene-de-lucru-din-nitril-cu-mansete-tricotate.html\" \/>\n<meta property=\"og:site_name\" content=\"versiegelung24.com\" \/>\n<meta property=\"article:modified_time\" content=\"2025-12-19T13:35:46+00:00\" \/>\n<meta name=\"twitter:card\" content=\"summary_large_image\" \/>\n<meta name=\"twitter:label1\" content=\"Pre\u021b\" \/>\n\t<meta name=\"twitter:data1\" content=\"2,69&euro;\" \/>\n\t<meta name=\"twitter:label2\" content=\"Disponibilitate\" \/>\n\t<meta name=\"twitter:data2\" content=\"\u00cen stoc\" \/>\n<script type=\"application\/ld+json\" class=\"yoast-schema-graph\">{\"@context\":\"https:\\\/\\\/schema.org\",\"@graph\":[{\"@type\":\"WebPage\",\"@id\":\"https:\\\/\\\/www.versiegelung24.com\\\/ro\\\/manusi-galbene-de-lucru-din-nitril-cu-mansete-tricotate.html\",\"url\":\"https:\\\/\\\/www.versiegelung24.com\\\/ro\\\/manusi-galbene-de-lucru-din-nitril-cu-mansete-tricotate.html\",\"name\":\"M\u0103nu\u0219i galbene de lucru din nitril cu man\u0219ete tricotate - versiegelung24.com\",\"isPartOf\":{\"@id\":\"https:\\\/\\\/www.versiegelung24.com\\\/ro\\\/#website\"},\"primaryImageOfPage\":{\"@id\":\"https:\\\/\\\/www.versiegelung24.com\\\/ro\\\/manusi-galbene-de-lucru-din-nitril-cu-mansete-tricotate.html#primaryimage\"},\"image\":{\"@id\":\"https:\\\/\\\/www.versiegelung24.com\\\/ro\\\/manusi-galbene-de-lucru-din-nitril-cu-mansete-tricotate.html#primaryimage\"},\"thumbnailUrl\":\"https:\\\/\\\/www.versiegelung24.com\\\/wp-content\\\/uploads\\\/2022\\\/02\\\/produkt-v24-sb403-10-arbeitshandschuh.jpg\",\"datePublished\":\"2022-02-23T11:42:58+00:00\",\"dateModified\":\"2025-12-19T13:35:46+00:00\",\"breadcrumb\":{\"@id\":\"https:\\\/\\\/www.versiegelung24.com\\\/ro\\\/manusi-galbene-de-lucru-din-nitril-cu-mansete-tricotate.html#breadcrumb\"},\"inLanguage\":\"ro-RO\",\"potentialAction\":[{\"@type\":\"ReadAction\",\"target\":[\"https:\\\/\\\/www.versiegelung24.com\\\/ro\\\/manusi-galbene-de-lucru-din-nitril-cu-mansete-tricotate.html\"]}]},{\"@type\":\"ImageObject\",\"inLanguage\":\"ro-RO\",\"@id\":\"https:\\\/\\\/www.versiegelung24.com\\\/ro\\\/manusi-galbene-de-lucru-din-nitril-cu-mansete-tricotate.html#primaryimage\",\"url\":\"https:\\\/\\\/www.versiegelung24.com\\\/wp-content\\\/uploads\\\/2022\\\/02\\\/produkt-v24-sb403-10-arbeitshandschuh.jpg\",\"contentUrl\":\"https:\\\/\\\/www.versiegelung24.com\\\/wp-content\\\/uploads\\\/2022\\\/02\\\/produkt-v24-sb403-10-arbeitshandschuh.jpg\",\"width\":2000,\"height\":2000},{\"@type\":\"BreadcrumbList\",\"@id\":\"https:\\\/\\\/www.versiegelung24.com\\\/ro\\\/manusi-galbene-de-lucru-din-nitril-cu-mansete-tricotate.html#breadcrumb\",\"itemListElement\":[{\"@type\":\"ListItem\",\"position\":1,\"name\":\"Pagina de start\",\"item\":\"https:\\\/\\\/www.versiegelung24.com\\\/ro\\\/fata\\\/\"},{\"@type\":\"ListItem\",\"position\":2,\"name\":\"Magazin\",\"item\":\"https:\\\/\\\/www.versiegelung24.com\\\/ro\\\/magazin_ro\\\/\"},{\"@type\":\"ListItem\",\"position\":3,\"name\":\"M\u0103nu\u0219i galbene de lucru din nitril cu man\u0219ete tricotate\"}]},{\"@type\":\"WebSite\",\"@id\":\"https:\\\/\\\/www.versiegelung24.com\\\/ro\\\/#website\",\"url\":\"https:\\\/\\\/www.versiegelung24.com\\\/ro\\\/\",\"name\":\"versiegelung24.com\",\"description\":\"Fl\u00fcssigglas-Versiegelung - Made in Germany\",\"publisher\":{\"@id\":\"https:\\\/\\\/www.versiegelung24.com\\\/ro\\\/#organization\"},\"potentialAction\":[{\"@type\":\"SearchAction\",\"target\":{\"@type\":\"EntryPoint\",\"urlTemplate\":\"https:\\\/\\\/www.versiegelung24.com\\\/ro\\\/?s={search_term_string}\"},\"query-input\":{\"@type\":\"PropertyValueSpecification\",\"valueRequired\":true,\"valueName\":\"search_term_string\"}}],\"inLanguage\":\"ro-RO\"},{\"@type\":\"Organization\",\"@id\":\"https:\\\/\\\/www.versiegelung24.com\\\/ro\\\/#organization\",\"name\":\"versiegelung24\",\"url\":\"https:\\\/\\\/www.versiegelung24.com\\\/ro\\\/\",\"logo\":{\"@type\":\"ImageObject\",\"inLanguage\":\"ro-RO\",\"@id\":\"https:\\\/\\\/www.versiegelung24.com\\\/ro\\\/#\\\/schema\\\/logo\\\/image\\\/\",\"url\":\"https:\\\/\\\/www.versiegelung24.com\\\/wp-content\\\/uploads\\\/2020\\\/04\\\/versiegelung24.png\",\"contentUrl\":\"https:\\\/\\\/www.versiegelung24.com\\\/wp-content\\\/uploads\\\/2020\\\/04\\\/versiegelung24.png\",\"width\":470,\"height\":102,\"caption\":\"versiegelung24\"},\"image\":{\"@id\":\"https:\\\/\\\/www.versiegelung24.com\\\/ro\\\/#\\\/schema\\\/logo\\\/image\\\/\"}}]}<\/script>\n<meta property=\"product:price:amount\" content=\"2.69\" \/>\n<meta property=\"product:price:currency\" content=\"EUR\" \/>\n<meta property=\"og:availability\" content=\"instock\" \/>\n<meta property=\"product:availability\" content=\"instock\" \/>\n<meta property=\"product:retailer_item_id\" content=\"V24-SB403-10\" \/>\n<meta property=\"product:condition\" content=\"new\" \/>\n<!-- \/ Yoast SEO Premium plugin. -->","yoast_head_json":{"title":"M\u0103nu\u0219i galbene de lucru din nitril cu man\u0219ete tricotate - versiegelung24.com","robots":{"index":"index","follow":"follow","max-snippet":"max-snippet:-1","max-image-preview":"max-image-preview:large","max-video-preview":"max-video-preview:-1"},"canonical":"https:\/\/www.versiegelung24.com\/ro\/manusi-galbene-de-lucru-din-nitril-cu-mansete-tricotate.html","og_locale":"ro_RO","og_type":"article","og_title":"M\u0103nu\u0219i galbene de lucru din nitril cu man\u0219ete tricotate","og_description":"\u2713 Acoperit cu nitril galben \u2713 Dosul m\u00e2inii respirabil \u2713 Extrem de confortabil datorit\u0103 potrivirii perfecte \u2713 EN 420 Categoria II, EN 388 \u2713 Rezisten\u021ba la abraziune: nivelul de performan\u021b\u0103 4","og_url":"https:\/\/www.versiegelung24.com\/ro\/manusi-galbene-de-lucru-din-nitril-cu-mansete-tricotate.html","og_site_name":"versiegelung24.com","article_modified_time":"2025-12-19T13:35:46+00:00","twitter_card":"summary_large_image","twitter_misc":{"Pre\u021b":"2,69&euro;","Disponibilitate":"\u00cen stoc"},"schema":{"@context":"https:\/\/schema.org","@graph":[{"@type":"WebPage","@id":"https:\/\/www.versiegelung24.com\/ro\/manusi-galbene-de-lucru-din-nitril-cu-mansete-tricotate.html","url":"https:\/\/www.versiegelung24.com\/ro\/manusi-galbene-de-lucru-din-nitril-cu-mansete-tricotate.html","name":"M\u0103nu\u0219i galbene de lucru din nitril cu man\u0219ete tricotate - versiegelung24.com","isPartOf":{"@id":"https:\/\/www.versiegelung24.com\/ro\/#website"},"primaryImageOfPage":{"@id":"https:\/\/www.versiegelung24.com\/ro\/manusi-galbene-de-lucru-din-nitril-cu-mansete-tricotate.html#primaryimage"},"image":{"@id":"https:\/\/www.versiegelung24.com\/ro\/manusi-galbene-de-lucru-din-nitril-cu-mansete-tricotate.html#primaryimage"},"thumbnailUrl":"https:\/\/www.versiegelung24.com\/wp-content\/uploads\/2022\/02\/produkt-v24-sb403-10-arbeitshandschuh.jpg","datePublished":"2022-02-23T11:42:58+00:00","dateModified":"2025-12-19T13:35:46+00:00","breadcrumb":{"@id":"https:\/\/www.versiegelung24.com\/ro\/manusi-galbene-de-lucru-din-nitril-cu-mansete-tricotate.html#breadcrumb"},"inLanguage":"ro-RO","potentialAction":[{"@type":"ReadAction","target":["https:\/\/www.versiegelung24.com\/ro\/manusi-galbene-de-lucru-din-nitril-cu-mansete-tricotate.html"]}]},{"@type":"ImageObject","inLanguage":"ro-RO","@id":"https:\/\/www.versiegelung24.com\/ro\/manusi-galbene-de-lucru-din-nitril-cu-mansete-tricotate.html#primaryimage","url":"https:\/\/www.versiegelung24.com\/wp-content\/uploads\/2022\/02\/produkt-v24-sb403-10-arbeitshandschuh.jpg","contentUrl":"https:\/\/www.versiegelung24.com\/wp-content\/uploads\/2022\/02\/produkt-v24-sb403-10-arbeitshandschuh.jpg","width":2000,"height":2000},{"@type":"BreadcrumbList","@id":"https:\/\/www.versiegelung24.com\/ro\/manusi-galbene-de-lucru-din-nitril-cu-mansete-tricotate.html#breadcrumb","itemListElement":[{"@type":"ListItem","position":1,"name":"Pagina de start","item":"https:\/\/www.versiegelung24.com\/ro\/fata\/"},{"@type":"ListItem","position":2,"name":"Magazin","item":"https:\/\/www.versiegelung24.com\/ro\/magazin_ro\/"},{"@type":"ListItem","position":3,"name":"M\u0103nu\u0219i galbene de lucru din nitril cu man\u0219ete tricotate"}]},{"@type":"WebSite","@id":"https:\/\/www.versiegelung24.com\/ro\/#website","url":"https:\/\/www.versiegelung24.com\/ro\/","name":"versiegelung24.com","description":"Fl\u00fcssigglas-Versiegelung - Made in Germany","publisher":{"@id":"https:\/\/www.versiegelung24.com\/ro\/#organization"},"potentialAction":[{"@type":"SearchAction","target":{"@type":"EntryPoint","urlTemplate":"https:\/\/www.versiegelung24.com\/ro\/?s={search_term_string}"},"query-input":{"@type":"PropertyValueSpecification","valueRequired":true,"valueName":"search_term_string"}}],"inLanguage":"ro-RO"},{"@type":"Organization","@id":"https:\/\/www.versiegelung24.com\/ro\/#organization","name":"versiegelung24","url":"https:\/\/www.versiegelung24.com\/ro\/","logo":{"@type":"ImageObject","inLanguage":"ro-RO","@id":"https:\/\/www.versiegelung24.com\/ro\/#\/schema\/logo\/image\/","url":"https:\/\/www.versiegelung24.com\/wp-content\/uploads\/2020\/04\/versiegelung24.png","contentUrl":"https:\/\/www.versiegelung24.com\/wp-content\/uploads\/2020\/04\/versiegelung24.png","width":470,"height":102,"caption":"versiegelung24"},"image":{"@id":"https:\/\/www.versiegelung24.com\/ro\/#\/schema\/logo\/image\/"}}]},"product_price_amount":"2.69","product_price_currency":"EUR","og_availability":"instock","product_availability":"instock","product_retailer_item_id":"V24-SB403-10","product_condition":"new"},"_links":{"self":[{"href":"https:\/\/www.versiegelung24.com\/ro\/wp-json\/wp\/v2\/product\/82339","targetHints":{"allow":["GET"]}}],"collection":[{"href":"https:\/\/www.versiegelung24.com\/ro\/wp-json\/wp\/v2\/product"}],"about":[{"href":"https:\/\/www.versiegelung24.com\/ro\/wp-json\/wp\/v2\/types\/product"}],"version-history":[{"count":10,"href":"https:\/\/www.versiegelung24.com\/ro\/wp-json\/wp\/v2\/product\/82339\/revisions"}],"predecessor-version":[{"id":180759,"href":"https:\/\/www.versiegelung24.com\/ro\/wp-json\/wp\/v2\/product\/82339\/revisions\/180759"}],"wp:featuredmedia":[{"embeddable":true,"href":"https:\/\/www.versiegelung24.com\/ro\/wp-json\/wp\/v2\/media\/82274"}],"wp:attachment":[{"href":"https:\/\/www.versiegelung24.com\/ro\/wp-json\/wp\/v2\/media?parent=82339"}],"wp:term":[{"taxonomy":"product_brand","embeddable":true,"href":"https:\/\/www.versiegelung24.com\/ro\/wp-json\/wp\/v2\/product_brand?post=82339"},{"taxonomy":"product_cat","embeddable":true,"href":"https:\/\/www.versiegelung24.com\/ro\/wp-json\/wp\/v2\/product_cat?post=82339"},{"taxonomy":"product_tag","embeddable":true,"href":"https:\/\/www.versiegelung24.com\/ro\/wp-json\/wp\/v2\/product_tag?post=82339"}],"curies":[{"name":"wp","href":"https:\/\/api.w.org\/{rel}","templated":true}]}}