{"id":93761,"date":"2022-10-21T16:49:10","date_gmt":"2022-10-21T14:49:10","guid":{"rendered":"https:\/\/www.versiegelung24.com\/?post_type=product&#038;p=93761"},"modified":"2025-03-31T14:58:31","modified_gmt":"2025-03-31T12:58:31","slug":"aplicatie-sponge-95x40x23mm","status":"publish","type":"product","link":"https:\/\/www.versiegelung24.com\/ro\/aplicatie-sponge-95x40x23mm.html","title":{"rendered":"Burete de aplicare 95x40x23mm"},"content":{"rendered":"\n<p>Burete pentru aplicare  <\/p>\n\n<p>Ideal pentru a fi utilizat \u00een combina\u021bie cu <a href=\"https:\/\/www.versiegelung24.com\/applikationstuch-20x20cm.html\">c\u00e2rpa noastr\u0103 din microfibre pentru aplicarea etan\u0219an\u021bilor no\u0219tri lichizi pentru sticl\u0103<\/a>.<\/p>\n\n<p>V\u0103 recomand\u0103m s\u0103 folosi\u021bi o c\u00e2rp\u0103 din microfibr\u0103 separat\u0103 pentru fiecare etap\u0103 de aplicare a produselor noastre de etan\u0219are \u0219i impregnare a suprafe\u021belor.<\/p>\n\n<p>Utiliz\u00e2nd buretele de aplicare \u00een combina\u021bie cu c\u00e2rpele noastre din microfibr\u0103, este posibil s\u0103 se dozeze \u0219i s\u0103 se optimizeze aplicarea sau lustruirea \u00een func\u021bie de partea buretelui, de starea suprafe\u021bei \u0219i de presiunea aplicat\u0103.<\/p>\n\n<hr \/>\n\n<h4 class=\"wp-block-heading\" id=\"properties\">Caracteristicile produsului<\/h4>\n\n<div class=\"wp-block-columns is-layout-flex wp-container-core-columns-is-layout-9d6595d7 wp-block-columns-is-layout-flex\">\n<div class=\"wp-block-column is-layout-flow wp-block-column-is-layout-flow\">\n<p>Burete pentru aplicare \u0219i lustruire Dimensiune: 95 x 40 x 23mm  <\/p>\n<\/div>\n\n\n\n<div class=\"wp-block-column is-layout-flow wp-block-column-is-layout-flow\">\n<p>Strat superior dur 5mm alb XPE 3000-33 Strat intermediar moale 18mm S2145 albastru<\/p>\n<\/div>\n<\/div>\n\n<hr \/>\n\n<h4 class=\"wp-block-heading\" id=\"application\">Aplica\u021bie<\/h4>\n\n<p>Pentru a aplica etan\u0219an\u021bii no\u0219tri pe suprafe\u021be netede, neabsorbante, v\u0103 recomand\u0103m s\u0103 le combina\u021bi cu <a href=\"https:\/\/www.versiegelung24.com\/applikationstuch-20x20cm.html\">c\u00e2rpa<\/a> noastr\u0103 <a href=\"https:\/\/www.versiegelung24.com\/applikationstuch-20x20cm.html\">din microfibr\u0103 pentru aplicarea etan\u0219an\u021bilor lichizi pentru sticl\u0103<\/a>. A\u0219eza\u021bi c\u00e2rpa din microfibr\u0103 pe partea tare alb\u0103 pentru aplicarea etan\u0219antului \u0219i aplica\u021bi etan\u0219antul \u00een conformitate cu instruc\u021biunile de aplicare respective.<\/p>\n\n<p>Pentru lustruire cu <a href=\"https:\/\/www.versiegelung24.com\/ro\/carpa-microfibra-30x30cm-pentru-pre-curatare-sau-lustruire.html\">c\u00e2rpa<\/a> noastr\u0103 <a href=\"https:\/\/www.versiegelung24.com\/ro\/carpa-microfibra-30x30cm-pentru-pre-curatare-sau-lustruire.html\">din microfibr\u0103 de 30&#215;30 cm pentru pre-cur\u0103\u021bare sau lustruire<\/a>, a\u0219eza\u021bi c\u00e2rpa pe burete \u0219i utiliza\u021bi partea tare sau moale a buretelui, \u00een func\u021bie de starea \u0219i cerin\u021bele suprafe\u021bei, pentru a crea o presiune uniform\u0103 pe o suprafa\u021b\u0103 m\u0103rit\u0103.<\/p>\n","protected":false},"excerpt":{"rendered":"<p><strong>Burete pentru aplicarea de materiale de etan\u0219are<\/strong><\/p>\n<p>\u2713 Reutilizabil<\/p>\n<p>\u2713 Prietenos cu mediul \u00eenconjur\u0103tor<\/p>\n<p>\u2713 Handy<\/p>\n<p>\u2713 Partea tare \u0219i moale<\/p>\n<p>\u2713 95x40x23mm<\/p>\n<p>&nbsp;<\/p>\n","protected":false},"featured_media":13267,"template":"","meta":{"_acf_changed":false,"neve_meta_sidebar":"","neve_meta_container":"","neve_meta_enable_content_width":"","neve_meta_content_width":0,"neve_meta_title_alignment":"","neve_meta_author_avatar":"","neve_post_elements_order":"","neve_meta_disable_header":"","neve_meta_disable_footer":"","neve_meta_disable_title":"","neve_meta_reading_time":"","_surfaces":[],"_ver_product_tabs":[],"footnotes":""},"product_brand":[],"product_cat":[2166,2201,2279,2447,2454,2477,3083],"product_tag":[],"class_list":{"0":"post-93761","1":"product","2":"type-product","3":"status-publish","4":"has-post-thumbnail","6":"product_cat-etansare-pentru-sticla-si-ceramica","7":"product_cat-etansarea-masinii","8":"product_cat-dezinfectanti-de-suprafata","9":"product_cat-etansare-din-metal-si-plastic","10":"product_cat-produse-de-curatat","11":"product_cat-etansare-universala","12":"product_cat-echipamente","14":"first","15":"instock","16":"taxable","17":"shipping-taxable","18":"purchasable","19":"product-type-simple"},"acf":[],"yoast_head":"<!-- This site is optimized with the Yoast SEO Premium plugin v22.8 (Yoast SEO v27.5) - https:\/\/yoast.com\/product\/yoast-seo-premium-wordpress\/ -->\n<title>Burete de aplicare 95x40x23mm - versiegelung24.com<\/title>\n<meta name=\"description\" content=\"Burete de aplicare - Ideal pentru aplicarea etan\u0219an\u021bilor no\u0219tri. O solu\u021bie universal\u0103 \u00een combina\u021bie cu c\u00e2rpele noastre din microfibre.\" \/>\n<meta name=\"robots\" content=\"index, follow, max-snippet:-1, max-image-preview:large, max-video-preview:-1\" \/>\n<link rel=\"canonical\" href=\"https:\/\/www.versiegelung24.com\/ro\/aplicatie-sponge-95x40x23mm.html\" \/>\n<meta property=\"og:locale\" content=\"ro_RO\" \/>\n<meta property=\"og:type\" content=\"article\" \/>\n<meta property=\"og:title\" content=\"Burete de aplicare 95x40x23mm\" \/>\n<meta property=\"og:description\" content=\"Burete de aplicare - Ideal pentru aplicarea etan\u0219an\u021bilor no\u0219tri. O solu\u021bie universal\u0103 \u00een combina\u021bie cu c\u00e2rpele noastre din microfibre.\" \/>\n<meta property=\"og:url\" content=\"https:\/\/www.versiegelung24.com\/ro\/aplicatie-sponge-95x40x23mm.html\" \/>\n<meta property=\"og:site_name\" content=\"versiegelung24.com\" \/>\n<meta property=\"article:modified_time\" content=\"2025-03-31T12:58:31+00:00\" \/>\n<meta property=\"og:image\" content=\"https:\/\/www.versiegelung24.com\/wp-content\/uploads\/2020\/04\/mikrofasertuch.png\" \/>\n\t<meta property=\"og:image:width\" content=\"1000\" \/>\n\t<meta property=\"og:image:height\" content=\"1000\" \/>\n\t<meta property=\"og:image:type\" content=\"image\/png\" \/>\n<meta name=\"twitter:card\" content=\"summary_large_image\" \/>\n<meta name=\"twitter:label1\" content=\"Pre\u021b\" \/>\n\t<meta name=\"twitter:data1\" content=\"1,99&euro;\" \/>\n\t<meta name=\"twitter:label2\" content=\"Disponibilitate\" \/>\n\t<meta name=\"twitter:data2\" content=\"\u00cen stoc\" \/>\n<script type=\"application\/ld+json\" class=\"yoast-schema-graph\">{\"@context\":\"https:\\\/\\\/schema.org\",\"@graph\":[{\"@type\":\"WebPage\",\"@id\":\"https:\\\/\\\/www.versiegelung24.com\\\/ro\\\/aplicatie-sponge-95x40x23mm.html\",\"url\":\"https:\\\/\\\/www.versiegelung24.com\\\/ro\\\/aplicatie-sponge-95x40x23mm.html\",\"name\":\"Burete de aplicare 95x40x23mm - versiegelung24.com\",\"isPartOf\":{\"@id\":\"https:\\\/\\\/www.versiegelung24.com\\\/ro\\\/#website\"},\"primaryImageOfPage\":{\"@id\":\"https:\\\/\\\/www.versiegelung24.com\\\/ro\\\/aplicatie-sponge-95x40x23mm.html#primaryimage\"},\"image\":{\"@id\":\"https:\\\/\\\/www.versiegelung24.com\\\/ro\\\/aplicatie-sponge-95x40x23mm.html#primaryimage\"},\"thumbnailUrl\":\"https:\\\/\\\/www.versiegelung24.com\\\/wp-content\\\/uploads\\\/2020\\\/04\\\/mikrofasertuch.png\",\"datePublished\":\"2022-10-21T14:49:10+00:00\",\"dateModified\":\"2025-03-31T12:58:31+00:00\",\"description\":\"Burete de aplicare - Ideal pentru aplicarea etan\u0219an\u021bilor no\u0219tri. O solu\u021bie universal\u0103 \u00een combina\u021bie cu c\u00e2rpele noastre din microfibre.\",\"breadcrumb\":{\"@id\":\"https:\\\/\\\/www.versiegelung24.com\\\/ro\\\/aplicatie-sponge-95x40x23mm.html#breadcrumb\"},\"inLanguage\":\"ro-RO\",\"potentialAction\":[{\"@type\":\"ReadAction\",\"target\":[\"https:\\\/\\\/www.versiegelung24.com\\\/ro\\\/aplicatie-sponge-95x40x23mm.html\"]}]},{\"@type\":\"ImageObject\",\"inLanguage\":\"ro-RO\",\"@id\":\"https:\\\/\\\/www.versiegelung24.com\\\/ro\\\/aplicatie-sponge-95x40x23mm.html#primaryimage\",\"url\":\"https:\\\/\\\/www.versiegelung24.com\\\/wp-content\\\/uploads\\\/2020\\\/04\\\/mikrofasertuch.png\",\"contentUrl\":\"https:\\\/\\\/www.versiegelung24.com\\\/wp-content\\\/uploads\\\/2020\\\/04\\\/mikrofasertuch.png\",\"width\":1000,\"height\":1000},{\"@type\":\"BreadcrumbList\",\"@id\":\"https:\\\/\\\/www.versiegelung24.com\\\/ro\\\/aplicatie-sponge-95x40x23mm.html#breadcrumb\",\"itemListElement\":[{\"@type\":\"ListItem\",\"position\":1,\"name\":\"Pagina de start\",\"item\":\"https:\\\/\\\/www.versiegelung24.com\\\/ro\\\/fata\\\/\"},{\"@type\":\"ListItem\",\"position\":2,\"name\":\"Magazin\",\"item\":\"https:\\\/\\\/www.versiegelung24.com\\\/ro\\\/magazin_ro\\\/\"},{\"@type\":\"ListItem\",\"position\":3,\"name\":\"Burete de aplicare 95x40x23mm\"}]},{\"@type\":\"WebSite\",\"@id\":\"https:\\\/\\\/www.versiegelung24.com\\\/ro\\\/#website\",\"url\":\"https:\\\/\\\/www.versiegelung24.com\\\/ro\\\/\",\"name\":\"versiegelung24.com\",\"description\":\"Fl\u00fcssigglas-Versiegelung - Made in Germany\",\"publisher\":{\"@id\":\"https:\\\/\\\/www.versiegelung24.com\\\/ro\\\/#organization\"},\"potentialAction\":[{\"@type\":\"SearchAction\",\"target\":{\"@type\":\"EntryPoint\",\"urlTemplate\":\"https:\\\/\\\/www.versiegelung24.com\\\/ro\\\/?s={search_term_string}\"},\"query-input\":{\"@type\":\"PropertyValueSpecification\",\"valueRequired\":true,\"valueName\":\"search_term_string\"}}],\"inLanguage\":\"ro-RO\"},{\"@type\":\"Organization\",\"@id\":\"https:\\\/\\\/www.versiegelung24.com\\\/ro\\\/#organization\",\"name\":\"versiegelung24\",\"url\":\"https:\\\/\\\/www.versiegelung24.com\\\/ro\\\/\",\"logo\":{\"@type\":\"ImageObject\",\"inLanguage\":\"ro-RO\",\"@id\":\"https:\\\/\\\/www.versiegelung24.com\\\/ro\\\/#\\\/schema\\\/logo\\\/image\\\/\",\"url\":\"https:\\\/\\\/www.versiegelung24.com\\\/wp-content\\\/uploads\\\/2020\\\/04\\\/versiegelung24.png\",\"contentUrl\":\"https:\\\/\\\/www.versiegelung24.com\\\/wp-content\\\/uploads\\\/2020\\\/04\\\/versiegelung24.png\",\"width\":470,\"height\":102,\"caption\":\"versiegelung24\"},\"image\":{\"@id\":\"https:\\\/\\\/www.versiegelung24.com\\\/ro\\\/#\\\/schema\\\/logo\\\/image\\\/\"}}]}<\/script>\n<meta property=\"product:price:amount\" content=\"1.99\" \/>\n<meta property=\"product:price:currency\" content=\"EUR\" \/>\n<meta property=\"og:availability\" content=\"instock\" \/>\n<meta property=\"product:availability\" content=\"instock\" \/>\n<meta property=\"product:retailer_item_id\" content=\"V24-9010-1\" \/>\n<meta property=\"product:condition\" content=\"new\" \/>\n<!-- \/ Yoast SEO Premium plugin. -->","yoast_head_json":{"title":"Burete de aplicare 95x40x23mm - versiegelung24.com","description":"Burete de aplicare - Ideal pentru aplicarea etan\u0219an\u021bilor no\u0219tri. O solu\u021bie universal\u0103 \u00een combina\u021bie cu c\u00e2rpele noastre din microfibre.","robots":{"index":"index","follow":"follow","max-snippet":"max-snippet:-1","max-image-preview":"max-image-preview:large","max-video-preview":"max-video-preview:-1"},"canonical":"https:\/\/www.versiegelung24.com\/ro\/aplicatie-sponge-95x40x23mm.html","og_locale":"ro_RO","og_type":"article","og_title":"Burete de aplicare 95x40x23mm","og_description":"Burete de aplicare - Ideal pentru aplicarea etan\u0219an\u021bilor no\u0219tri. O solu\u021bie universal\u0103 \u00een combina\u021bie cu c\u00e2rpele noastre din microfibre.","og_url":"https:\/\/www.versiegelung24.com\/ro\/aplicatie-sponge-95x40x23mm.html","og_site_name":"versiegelung24.com","article_modified_time":"2025-03-31T12:58:31+00:00","og_image":[{"width":1000,"height":1000,"url":"https:\/\/www.versiegelung24.com\/wp-content\/uploads\/2020\/04\/mikrofasertuch.png","type":"image\/png"}],"twitter_card":"summary_large_image","twitter_misc":{"Pre\u021b":"1,99&euro;","Disponibilitate":"\u00cen stoc"},"schema":{"@context":"https:\/\/schema.org","@graph":[{"@type":"WebPage","@id":"https:\/\/www.versiegelung24.com\/ro\/aplicatie-sponge-95x40x23mm.html","url":"https:\/\/www.versiegelung24.com\/ro\/aplicatie-sponge-95x40x23mm.html","name":"Burete de aplicare 95x40x23mm - versiegelung24.com","isPartOf":{"@id":"https:\/\/www.versiegelung24.com\/ro\/#website"},"primaryImageOfPage":{"@id":"https:\/\/www.versiegelung24.com\/ro\/aplicatie-sponge-95x40x23mm.html#primaryimage"},"image":{"@id":"https:\/\/www.versiegelung24.com\/ro\/aplicatie-sponge-95x40x23mm.html#primaryimage"},"thumbnailUrl":"https:\/\/www.versiegelung24.com\/wp-content\/uploads\/2020\/04\/mikrofasertuch.png","datePublished":"2022-10-21T14:49:10+00:00","dateModified":"2025-03-31T12:58:31+00:00","description":"Burete de aplicare - Ideal pentru aplicarea etan\u0219an\u021bilor no\u0219tri. O solu\u021bie universal\u0103 \u00een combina\u021bie cu c\u00e2rpele noastre din microfibre.","breadcrumb":{"@id":"https:\/\/www.versiegelung24.com\/ro\/aplicatie-sponge-95x40x23mm.html#breadcrumb"},"inLanguage":"ro-RO","potentialAction":[{"@type":"ReadAction","target":["https:\/\/www.versiegelung24.com\/ro\/aplicatie-sponge-95x40x23mm.html"]}]},{"@type":"ImageObject","inLanguage":"ro-RO","@id":"https:\/\/www.versiegelung24.com\/ro\/aplicatie-sponge-95x40x23mm.html#primaryimage","url":"https:\/\/www.versiegelung24.com\/wp-content\/uploads\/2020\/04\/mikrofasertuch.png","contentUrl":"https:\/\/www.versiegelung24.com\/wp-content\/uploads\/2020\/04\/mikrofasertuch.png","width":1000,"height":1000},{"@type":"BreadcrumbList","@id":"https:\/\/www.versiegelung24.com\/ro\/aplicatie-sponge-95x40x23mm.html#breadcrumb","itemListElement":[{"@type":"ListItem","position":1,"name":"Pagina de start","item":"https:\/\/www.versiegelung24.com\/ro\/fata\/"},{"@type":"ListItem","position":2,"name":"Magazin","item":"https:\/\/www.versiegelung24.com\/ro\/magazin_ro\/"},{"@type":"ListItem","position":3,"name":"Burete de aplicare 95x40x23mm"}]},{"@type":"WebSite","@id":"https:\/\/www.versiegelung24.com\/ro\/#website","url":"https:\/\/www.versiegelung24.com\/ro\/","name":"versiegelung24.com","description":"Fl\u00fcssigglas-Versiegelung - Made in Germany","publisher":{"@id":"https:\/\/www.versiegelung24.com\/ro\/#organization"},"potentialAction":[{"@type":"SearchAction","target":{"@type":"EntryPoint","urlTemplate":"https:\/\/www.versiegelung24.com\/ro\/?s={search_term_string}"},"query-input":{"@type":"PropertyValueSpecification","valueRequired":true,"valueName":"search_term_string"}}],"inLanguage":"ro-RO"},{"@type":"Organization","@id":"https:\/\/www.versiegelung24.com\/ro\/#organization","name":"versiegelung24","url":"https:\/\/www.versiegelung24.com\/ro\/","logo":{"@type":"ImageObject","inLanguage":"ro-RO","@id":"https:\/\/www.versiegelung24.com\/ro\/#\/schema\/logo\/image\/","url":"https:\/\/www.versiegelung24.com\/wp-content\/uploads\/2020\/04\/versiegelung24.png","contentUrl":"https:\/\/www.versiegelung24.com\/wp-content\/uploads\/2020\/04\/versiegelung24.png","width":470,"height":102,"caption":"versiegelung24"},"image":{"@id":"https:\/\/www.versiegelung24.com\/ro\/#\/schema\/logo\/image\/"}}]},"product_price_amount":"1.99","product_price_currency":"EUR","og_availability":"instock","product_availability":"instock","product_retailer_item_id":"V24-9010-1","product_condition":"new"},"_links":{"self":[{"href":"https:\/\/www.versiegelung24.com\/ro\/wp-json\/wp\/v2\/product\/93761","targetHints":{"allow":["GET"]}}],"collection":[{"href":"https:\/\/www.versiegelung24.com\/ro\/wp-json\/wp\/v2\/product"}],"about":[{"href":"https:\/\/www.versiegelung24.com\/ro\/wp-json\/wp\/v2\/types\/product"}],"version-history":[{"count":12,"href":"https:\/\/www.versiegelung24.com\/ro\/wp-json\/wp\/v2\/product\/93761\/revisions"}],"predecessor-version":[{"id":180677,"href":"https:\/\/www.versiegelung24.com\/ro\/wp-json\/wp\/v2\/product\/93761\/revisions\/180677"}],"wp:featuredmedia":[{"embeddable":true,"href":"https:\/\/www.versiegelung24.com\/ro\/wp-json\/wp\/v2\/media\/13267"}],"wp:attachment":[{"href":"https:\/\/www.versiegelung24.com\/ro\/wp-json\/wp\/v2\/media?parent=93761"}],"wp:term":[{"taxonomy":"product_brand","embeddable":true,"href":"https:\/\/www.versiegelung24.com\/ro\/wp-json\/wp\/v2\/product_brand?post=93761"},{"taxonomy":"product_cat","embeddable":true,"href":"https:\/\/www.versiegelung24.com\/ro\/wp-json\/wp\/v2\/product_cat?post=93761"},{"taxonomy":"product_tag","embeddable":true,"href":"https:\/\/www.versiegelung24.com\/ro\/wp-json\/wp\/v2\/product_tag?post=93761"}],"curies":[{"name":"wp","href":"https:\/\/api.w.org\/{rel}","templated":true}]}}