{"id":94891,"date":"2022-11-29T14:50:43","date_gmt":"2022-11-29T13:50:48","guid":{"rendered":"https:\/\/www.versiegelung24.com\/?post_type=product&#038;p=94891"},"modified":"2025-01-05T17:41:22","modified_gmt":"2025-01-05T16:41:22","slug":"percent-c2-percent","status":"publish","type":"product","link":"https:\/\/www.versiegelung24.com\/ro\/percent-c2-percent.html","title":{"rendered":"TiOSEPT\u00ae SG-55 Protec\u021bie pe termen lung a suprafe\u021belor, 20 de seturi pentru 1m\u00b2 fiecare"},"content":{"rendered":"\n<p><strong>Etan\u0219ant lichid antimicrobian pentru sticl\u0103<\/strong>, <strong>eficient timp de p\u00e2n\u0103 la 18 luni<\/strong> &#8211; 20 de seturi de plicuri gata de utilizare pentru o suprafa\u021b\u0103 de 1 m\u00b2 fiecare.  <\/p>\n\n<p><strong>Protec\u021bie pe termen lung a suprafe\u021belor, potrivit\u0103 pentru suprafe\u021be netede<\/strong>: Sticl\u0103, o\u021bel inoxidabil, aluminiu \u0219i lemn tratat<\/p>\n\n<hr\/>\n\n<h4 class=\"wp-block-heading\" id=\"properties\">Caracteristicile produsului<\/h4>\n\n<div class=\"wp-block-columns is-layout-flex wp-container-core-columns-is-layout-9d6595d7 wp-block-columns-is-layout-flex\">\n<div class=\"wp-block-column is-layout-flow wp-block-column-is-layout-flow\">\n<ul class=\"wp-block-list\">\n<li>Elimin\u0103 bacteriile (E.coli, S. aureus) \u0219i virusurile \u00eenvelite (Corona, Ebola, Rota virus) p\u00e2n\u0103 la 99,99%.<\/li>\n\n\n\n<li>\u00cempiedic\u0103 colonizarea ciupercilor de drojdie \u0219i mucegai<\/li>\n\n\n\n<li>Testat dermatologic &#8220;foarte bun<\/li>\n\n\n\n<li>Suprafe\u021bele devin mai u\u0219or \u0219i mai rapid de cur\u0103\u021bat (&#8220;easy-to-clean&#8221;)<\/li>\n\n\n\n<li>Pentru interior \u0219i exterior<\/li>\n\n\n\n<li>Rezistent la abraziune (rezisten\u021b\u0103 sporit\u0103 la zg\u00e2rieturi)<\/li>\n\n\n\n<li>Aplicare simpl\u0103 \u0219i rapid\u0103<\/li>\n\n\n\n<li>Duritatea suprafe\u021bei pe sticl\u0103 9H (test T\u00dcV \u00een conformitate cu MSZ EN ISO 15184:2013)<\/li>\n\n\n\n<li>Duritatea la zg\u00e2rieturi pe sticl\u0103 10N (test T\u00dcV conform MSZ 9640\/41:1983)<\/li>\n\n\n\n<li>Unghi de contact 95\u00b0 pe sticl\u0103 \u0219i 91\u00b0 pe o\u021bel inoxidabil, dup\u0103 10.000 de cicluri de cur\u0103\u021bare 92\u00b0 + 85\u00b0 (testat de T\u00dcV cu ap\u0103)<\/li>\n<\/ul>\n<\/div>\n\n\n\n<div class=\"wp-block-column is-layout-flow wp-block-column-is-layout-flow\">\n<ul class=\"wp-block-list\">\n<li>Grosimea stratului aprox. 20 nm (nanometri)<\/li>\n\n\n\n<li>Rugozitate: 6 nm pe suprafa\u021b\u0103<\/li>\n\n\n\n<li>Sachete (\u0219erve\u021bele umede ambalate individual)<\/li>\n\n\n\n<li>Pachetul 1: P\u00e2nz\u0103 de pre-cur\u0103\u021bare, \u00eembibat\u0103 cu IPA (izopropanol) 99%.<\/li>\n\n\n\n<li>Sachet 2: P\u00e2nz\u0103 de etan\u0219are \u00eembibat\u0103 cu TiOSEPT\u00ae SG-55<\/li>\n\n\n\n<li>V\u00e2scoz\u0103 fleece, f\u0103r\u0103 plastic, 60 g\/m\u00b2.<\/li>\n\n\n\n<li>Dimensiune p\u00e2nz\u0103 100 x 140 mm<\/li>\n\n\n\n<li>O c\u00e2rp\u0103 este suficient\u0103 pentru aproximativ 1 m\u00b2.<\/li>\n\n\n\n<li>BAUA-Reg.nr. N-104947<\/li>\n<\/ul>\n<\/div>\n<\/div>\n\n<hr\/>\n\n<h4 class=\"wp-block-heading\" id=\"application\">Aplica\u021bie<\/h4>\n\n<p><strong>TiOSEPT\u00ae SG-55 <\/strong>set de plicuri gata de utilizare pentru suprafe\u021be netede din sticl\u0103, o\u021bel inoxidabil, o\u021bel, aluminiu, plastic \u0219i lemn tratat<\/p>\n\n<h5 class=\"wp-block-heading\">Pre-cur\u0103\u021bare<\/h5>\n\n<p>Se recomand\u0103 purtarea de m\u0103nu\u0219i de protec\u021bie de unic\u0103 folosin\u021b\u0103. Temperatura de aplicare 5 &#8211; 35\u00b0C.<\/p>\n\n<ol class=\"wp-block-list\">\n<li>Cur\u0103\u021ba\u021bi suprafa\u021ba cu deosebit\u0103 aten\u021bie cu detergen\u021bi disponibili \u00een comer\u021b. Cu c\u00e2t cur\u0103\u021barea este mai bun\u0103, cu at\u00e2t va dura mai mult sigiliul. Apoi se usuc\u0103 suprafa\u021ba.<\/li>\n\n\n\n<li>Scoate\u021bi c\u00e2rpa de pre-cur\u0103\u021bare cu alcool din plicule\u021b \u0219i degresa\u021bi bine suprafa\u021ba cu aceasta.<\/li>\n\n\n\n<li>Suprafa\u021b\u0103 min. Se las\u0103 s\u0103 se usuce timp de 1 minut.<\/li>\n<\/ol>\n\n<h5 class=\"wp-block-heading\">Etan\u0219are<\/h5>\n\n<p>Se recomand\u0103 purtarea de m\u0103nu\u0219i de protec\u021bie de unic\u0103 folosin\u021b\u0103. Temperatura de aplicare 5 &#8211; 35\u00b0C.<\/p>\n\n<ol class=\"wp-block-list\">\n<li>Scoate\u021bi c\u00e2rpa de sigilare din plic \u0219i \u0219terge\u021bi suprafa\u021ba o dat\u0103 pe vertical\u0103 \u0219i o dat\u0103 pe orizontal\u0103. P\u00e2nza este suficient\u0103 pentru aprox. 1 m\u00b2. Este important s\u0103 lucra\u021bi rapid, deoarece c\u00e2rpa este uscat\u0103 dup\u0103 aproximativ 90 de secunde.<\/li>\n\n\n\n<li>L\u0103sa\u021bi suprafa\u021ba s\u0103 se usuce timp de cel pu\u021bin 2 minute (sub 15\u00b0C = 10 minute), nu o atinge\u021bi timp de 10 minute. Uscare complet\u0103 dup\u0103 10 ore. Repeta\u021bi aplicarea dac\u0103 este necesar. \u00cen cazul \u00een care exist\u0103 o u\u0219oar\u0103 alunecare cenu\u0219ie, aceasta poate fi \u0219lefuit\u0103 cu grij\u0103 cu o c\u00e2rp\u0103 din microfibre.<\/li>\n<\/ol>\n\n<p>Suprafe\u021bele din plastic devin antimicrobiene \u0219i cap\u0103t\u0103 o hidrofobicitate sporit\u0103, rezisten\u021ba la zg\u00e2rieturi nu se modific\u0103. Nu se recomand\u0103 aplicarea pe policarbonat \u0219i Plexiglas\u00ae.<\/p>\n\n<h5 class=\"wp-block-heading\" id=\"gebrauch\">depozitare<\/h5>\n\n<p>P\u0103stra\u021bi <strong>TiOSEPT\u00ae SG-55<\/strong> la o temperatur\u0103 cuprins\u0103 \u00eentre +5 \u0219i +25\u00b0C. Proteja\u021bi-v\u0103 de \u00eenghe\u021b \u0219i de lumina direct\u0103 a soarelui.<\/p>\n","protected":false},"excerpt":{"rendered":"<p><strong>Protec\u021bie antimicrobian\u0103 pe termen lung de p\u00e2n\u0103 la 18 luni<\/strong> <strong>pentru suprafe\u021be netede<\/strong><\/p>\n<p>\u2713 Transparent \u0219i invizibil<\/p>\n<p>\u2713 Repelent la ap\u0103<\/p>\n<p>Testat de institute de testare independente<\/p>\n<p>\u2713 Seturi de plicuri gata de utilizare pentru pre-cur\u0103\u021bare \u0219i sigilare<\/p>\n","protected":false},"featured_media":94932,"template":"","meta":{"_acf_changed":false,"neve_meta_sidebar":"","neve_meta_container":"","neve_meta_enable_content_width":"","neve_meta_content_width":0,"neve_meta_title_alignment":"","neve_meta_author_avatar":"","neve_post_elements_order":"","neve_meta_disable_header":"","neve_meta_disable_footer":"","neve_meta_disable_title":"","neve_meta_reading_time":"","_surfaces":[],"_ver_product_tabs":[],"footnotes":""},"product_brand":[],"product_cat":[2447,2477,3012,2166,2277,2279],"product_tag":[],"class_list":{"0":"post-94891","1":"product","2":"type-product","3":"status-publish","4":"has-post-thumbnail","6":"product_cat-etansare-din-metal-si-plastic","7":"product_cat-etansare-universala","8":"product_cat-dezinfectant-pentru-telefonul-mobil","9":"product_cat-etansare-pentru-sticla-si-ceramica","10":"product_cat-dezinfectanti","11":"product_cat-dezinfectanti-de-suprafata","13":"first","14":"onbackorder","15":"taxable","16":"shipping-taxable","17":"purchasable","18":"product-type-simple"},"acf":[],"yoast_head":"<!-- This site is optimized with the Yoast SEO Premium plugin v22.8 (Yoast SEO v27.5) - https:\/\/yoast.com\/product\/yoast-seo-premium-wordpress\/ -->\n<title>TiOSEPT\u00ae SG-55 Protec\u021bie pe termen lung a suprafe\u021belor, 20 de seturi pentru 1m\u00b2 fiecare - versiegelung24.com<\/title>\n<meta name=\"robots\" content=\"index, follow, max-snippet:-1, max-image-preview:large, max-video-preview:-1\" \/>\n<link rel=\"canonical\" href=\"https:\/\/www.versiegelung24.com\/ro\/percent-c2-percent.html\" \/>\n<meta property=\"og:locale\" content=\"ro_RO\" \/>\n<meta property=\"og:type\" content=\"article\" \/>\n<meta property=\"og:title\" content=\"TiOSEPT\u00ae SG-55 Protec\u021bie pe termen lung a suprafe\u021belor, 20 de seturi pentru 1m\u00b2 fiecare\" \/>\n<meta property=\"og:description\" content=\"Protec\u021bie antimicrobian\u0103 pe termen lung de p\u00e2n\u0103 la 18 luni pentru suprafe\u021be netede \u2713 Transparent \u0219i invizibil \u2713 Repelent la ap\u0103 Testat de institute de testare independente \u2713 Seturi de plicuri gata de utilizare pentru pre-cur\u0103\u021bare \u0219i sigilare\" \/>\n<meta property=\"og:url\" content=\"https:\/\/www.versiegelung24.com\/ro\/percent-c2-percent.html\" \/>\n<meta property=\"og:site_name\" content=\"versiegelung24.com\" \/>\n<meta property=\"article:modified_time\" content=\"2025-01-05T16:41:22+00:00\" \/>\n<meta property=\"og:image\" content=\"https:\/\/www.versiegelung24.com\/wp-content\/uploads\/2022\/11\/Tiosept-Schachtel-rechts.jpg\" \/>\n\t<meta property=\"og:image:width\" content=\"1668\" \/>\n\t<meta property=\"og:image:height\" content=\"1568\" \/>\n\t<meta property=\"og:image:type\" content=\"image\/jpeg\" \/>\n<meta name=\"twitter:card\" content=\"summary_large_image\" \/>\n<meta name=\"twitter:label1\" content=\"Pre\u021b\" \/>\n\t<meta name=\"twitter:data1\" content=\"79,99&euro;\" \/>\n\t<meta name=\"twitter:label2\" content=\"Disponibilitate\" \/>\n\t<meta name=\"twitter:data2\" content=\"Precomand\u0103\" \/>\n<script type=\"application\/ld+json\" class=\"yoast-schema-graph\">{\"@context\":\"https:\\\/\\\/schema.org\",\"@graph\":[{\"@type\":\"WebPage\",\"@id\":\"https:\\\/\\\/www.versiegelung24.com\\\/ro\\\/percent-c2-percent.html\",\"url\":\"https:\\\/\\\/www.versiegelung24.com\\\/ro\\\/percent-c2-percent.html\",\"name\":\"TiOSEPT\u00ae SG-55 Protec\u021bie pe termen lung a suprafe\u021belor, 20 de seturi pentru 1m\u00b2 fiecare - versiegelung24.com\",\"isPartOf\":{\"@id\":\"https:\\\/\\\/www.versiegelung24.com\\\/ro\\\/#website\"},\"primaryImageOfPage\":{\"@id\":\"https:\\\/\\\/www.versiegelung24.com\\\/ro\\\/percent-c2-percent.html#primaryimage\"},\"image\":{\"@id\":\"https:\\\/\\\/www.versiegelung24.com\\\/ro\\\/percent-c2-percent.html#primaryimage\"},\"thumbnailUrl\":\"https:\\\/\\\/www.versiegelung24.com\\\/wp-content\\\/uploads\\\/2022\\\/11\\\/Tiosept-Schachtel-rechts.jpg\",\"datePublished\":\"2022-11-29T13:50:48+00:00\",\"dateModified\":\"2025-01-05T16:41:22+00:00\",\"breadcrumb\":{\"@id\":\"https:\\\/\\\/www.versiegelung24.com\\\/ro\\\/percent-c2-percent.html#breadcrumb\"},\"inLanguage\":\"ro-RO\",\"potentialAction\":[{\"@type\":\"ReadAction\",\"target\":[\"https:\\\/\\\/www.versiegelung24.com\\\/ro\\\/percent-c2-percent.html\"]}]},{\"@type\":\"ImageObject\",\"inLanguage\":\"ro-RO\",\"@id\":\"https:\\\/\\\/www.versiegelung24.com\\\/ro\\\/percent-c2-percent.html#primaryimage\",\"url\":\"https:\\\/\\\/www.versiegelung24.com\\\/wp-content\\\/uploads\\\/2022\\\/11\\\/Tiosept-Schachtel-rechts.jpg\",\"contentUrl\":\"https:\\\/\\\/www.versiegelung24.com\\\/wp-content\\\/uploads\\\/2022\\\/11\\\/Tiosept-Schachtel-rechts.jpg\",\"width\":1668,\"height\":1568},{\"@type\":\"BreadcrumbList\",\"@id\":\"https:\\\/\\\/www.versiegelung24.com\\\/ro\\\/percent-c2-percent.html#breadcrumb\",\"itemListElement\":[{\"@type\":\"ListItem\",\"position\":1,\"name\":\"Pagina de start\",\"item\":\"https:\\\/\\\/www.versiegelung24.com\\\/ro\\\/fata\\\/\"},{\"@type\":\"ListItem\",\"position\":2,\"name\":\"Magazin\",\"item\":\"https:\\\/\\\/www.versiegelung24.com\\\/ro\\\/magazin_ro\\\/\"},{\"@type\":\"ListItem\",\"position\":3,\"name\":\"TiOSEPT\u00ae SG-55 Protec\u021bie pe termen lung a suprafe\u021belor, 20 de seturi pentru 1m\u00b2 fiecare\"}]},{\"@type\":\"WebSite\",\"@id\":\"https:\\\/\\\/www.versiegelung24.com\\\/ro\\\/#website\",\"url\":\"https:\\\/\\\/www.versiegelung24.com\\\/ro\\\/\",\"name\":\"versiegelung24.com\",\"description\":\"Fl\u00fcssigglas-Versiegelung - Made in Germany\",\"publisher\":{\"@id\":\"https:\\\/\\\/www.versiegelung24.com\\\/ro\\\/#organization\"},\"potentialAction\":[{\"@type\":\"SearchAction\",\"target\":{\"@type\":\"EntryPoint\",\"urlTemplate\":\"https:\\\/\\\/www.versiegelung24.com\\\/ro\\\/?s={search_term_string}\"},\"query-input\":{\"@type\":\"PropertyValueSpecification\",\"valueRequired\":true,\"valueName\":\"search_term_string\"}}],\"inLanguage\":\"ro-RO\"},{\"@type\":\"Organization\",\"@id\":\"https:\\\/\\\/www.versiegelung24.com\\\/ro\\\/#organization\",\"name\":\"versiegelung24\",\"url\":\"https:\\\/\\\/www.versiegelung24.com\\\/ro\\\/\",\"logo\":{\"@type\":\"ImageObject\",\"inLanguage\":\"ro-RO\",\"@id\":\"https:\\\/\\\/www.versiegelung24.com\\\/ro\\\/#\\\/schema\\\/logo\\\/image\\\/\",\"url\":\"https:\\\/\\\/www.versiegelung24.com\\\/wp-content\\\/uploads\\\/2020\\\/04\\\/versiegelung24.png\",\"contentUrl\":\"https:\\\/\\\/www.versiegelung24.com\\\/wp-content\\\/uploads\\\/2020\\\/04\\\/versiegelung24.png\",\"width\":470,\"height\":102,\"caption\":\"versiegelung24\"},\"image\":{\"@id\":\"https:\\\/\\\/www.versiegelung24.com\\\/ro\\\/#\\\/schema\\\/logo\\\/image\\\/\"}}]}<\/script>\n<meta property=\"product:price:amount\" content=\"79.99\" \/>\n<meta property=\"product:price:currency\" content=\"EUR\" \/>\n<meta property=\"og:availability\" content=\"backorder\" \/>\n<meta property=\"product:availability\" content=\"available for order\" \/>\n<meta property=\"product:retailer_item_id\" content=\"TiOS-SG55-SA1-20\" \/>\n<meta property=\"product:condition\" content=\"new\" \/>\n<!-- \/ Yoast SEO Premium plugin. -->","yoast_head_json":{"title":"TiOSEPT\u00ae SG-55 Protec\u021bie pe termen lung a suprafe\u021belor, 20 de seturi pentru 1m\u00b2 fiecare - versiegelung24.com","robots":{"index":"index","follow":"follow","max-snippet":"max-snippet:-1","max-image-preview":"max-image-preview:large","max-video-preview":"max-video-preview:-1"},"canonical":"https:\/\/www.versiegelung24.com\/ro\/percent-c2-percent.html","og_locale":"ro_RO","og_type":"article","og_title":"TiOSEPT\u00ae SG-55 Protec\u021bie pe termen lung a suprafe\u021belor, 20 de seturi pentru 1m\u00b2 fiecare","og_description":"Protec\u021bie antimicrobian\u0103 pe termen lung de p\u00e2n\u0103 la 18 luni pentru suprafe\u021be netede \u2713 Transparent \u0219i invizibil \u2713 Repelent la ap\u0103 Testat de institute de testare independente \u2713 Seturi de plicuri gata de utilizare pentru pre-cur\u0103\u021bare \u0219i sigilare","og_url":"https:\/\/www.versiegelung24.com\/ro\/percent-c2-percent.html","og_site_name":"versiegelung24.com","article_modified_time":"2025-01-05T16:41:22+00:00","og_image":[{"width":1668,"height":1568,"url":"https:\/\/www.versiegelung24.com\/wp-content\/uploads\/2022\/11\/Tiosept-Schachtel-rechts.jpg","type":"image\/jpeg"}],"twitter_card":"summary_large_image","twitter_misc":{"Pre\u021b":"79,99&euro;","Disponibilitate":"Precomand\u0103"},"schema":{"@context":"https:\/\/schema.org","@graph":[{"@type":"WebPage","@id":"https:\/\/www.versiegelung24.com\/ro\/percent-c2-percent.html","url":"https:\/\/www.versiegelung24.com\/ro\/percent-c2-percent.html","name":"TiOSEPT\u00ae SG-55 Protec\u021bie pe termen lung a suprafe\u021belor, 20 de seturi pentru 1m\u00b2 fiecare - versiegelung24.com","isPartOf":{"@id":"https:\/\/www.versiegelung24.com\/ro\/#website"},"primaryImageOfPage":{"@id":"https:\/\/www.versiegelung24.com\/ro\/percent-c2-percent.html#primaryimage"},"image":{"@id":"https:\/\/www.versiegelung24.com\/ro\/percent-c2-percent.html#primaryimage"},"thumbnailUrl":"https:\/\/www.versiegelung24.com\/wp-content\/uploads\/2022\/11\/Tiosept-Schachtel-rechts.jpg","datePublished":"2022-11-29T13:50:48+00:00","dateModified":"2025-01-05T16:41:22+00:00","breadcrumb":{"@id":"https:\/\/www.versiegelung24.com\/ro\/percent-c2-percent.html#breadcrumb"},"inLanguage":"ro-RO","potentialAction":[{"@type":"ReadAction","target":["https:\/\/www.versiegelung24.com\/ro\/percent-c2-percent.html"]}]},{"@type":"ImageObject","inLanguage":"ro-RO","@id":"https:\/\/www.versiegelung24.com\/ro\/percent-c2-percent.html#primaryimage","url":"https:\/\/www.versiegelung24.com\/wp-content\/uploads\/2022\/11\/Tiosept-Schachtel-rechts.jpg","contentUrl":"https:\/\/www.versiegelung24.com\/wp-content\/uploads\/2022\/11\/Tiosept-Schachtel-rechts.jpg","width":1668,"height":1568},{"@type":"BreadcrumbList","@id":"https:\/\/www.versiegelung24.com\/ro\/percent-c2-percent.html#breadcrumb","itemListElement":[{"@type":"ListItem","position":1,"name":"Pagina de start","item":"https:\/\/www.versiegelung24.com\/ro\/fata\/"},{"@type":"ListItem","position":2,"name":"Magazin","item":"https:\/\/www.versiegelung24.com\/ro\/magazin_ro\/"},{"@type":"ListItem","position":3,"name":"TiOSEPT\u00ae SG-55 Protec\u021bie pe termen lung a suprafe\u021belor, 20 de seturi pentru 1m\u00b2 fiecare"}]},{"@type":"WebSite","@id":"https:\/\/www.versiegelung24.com\/ro\/#website","url":"https:\/\/www.versiegelung24.com\/ro\/","name":"versiegelung24.com","description":"Fl\u00fcssigglas-Versiegelung - Made in Germany","publisher":{"@id":"https:\/\/www.versiegelung24.com\/ro\/#organization"},"potentialAction":[{"@type":"SearchAction","target":{"@type":"EntryPoint","urlTemplate":"https:\/\/www.versiegelung24.com\/ro\/?s={search_term_string}"},"query-input":{"@type":"PropertyValueSpecification","valueRequired":true,"valueName":"search_term_string"}}],"inLanguage":"ro-RO"},{"@type":"Organization","@id":"https:\/\/www.versiegelung24.com\/ro\/#organization","name":"versiegelung24","url":"https:\/\/www.versiegelung24.com\/ro\/","logo":{"@type":"ImageObject","inLanguage":"ro-RO","@id":"https:\/\/www.versiegelung24.com\/ro\/#\/schema\/logo\/image\/","url":"https:\/\/www.versiegelung24.com\/wp-content\/uploads\/2020\/04\/versiegelung24.png","contentUrl":"https:\/\/www.versiegelung24.com\/wp-content\/uploads\/2020\/04\/versiegelung24.png","width":470,"height":102,"caption":"versiegelung24"},"image":{"@id":"https:\/\/www.versiegelung24.com\/ro\/#\/schema\/logo\/image\/"}}]},"product_price_amount":"79.99","product_price_currency":"EUR","og_availability":"backorder","product_availability":"available for order","product_retailer_item_id":"TiOS-SG55-SA1-20","product_condition":"new"},"_links":{"self":[{"href":"https:\/\/www.versiegelung24.com\/ro\/wp-json\/wp\/v2\/product\/94891","targetHints":{"allow":["GET"]}}],"collection":[{"href":"https:\/\/www.versiegelung24.com\/ro\/wp-json\/wp\/v2\/product"}],"about":[{"href":"https:\/\/www.versiegelung24.com\/ro\/wp-json\/wp\/v2\/types\/product"}],"version-history":[{"count":13,"href":"https:\/\/www.versiegelung24.com\/ro\/wp-json\/wp\/v2\/product\/94891\/revisions"}],"predecessor-version":[{"id":171373,"href":"https:\/\/www.versiegelung24.com\/ro\/wp-json\/wp\/v2\/product\/94891\/revisions\/171373"}],"wp:featuredmedia":[{"embeddable":true,"href":"https:\/\/www.versiegelung24.com\/ro\/wp-json\/wp\/v2\/media\/94932"}],"wp:attachment":[{"href":"https:\/\/www.versiegelung24.com\/ro\/wp-json\/wp\/v2\/media?parent=94891"}],"wp:term":[{"taxonomy":"product_brand","embeddable":true,"href":"https:\/\/www.versiegelung24.com\/ro\/wp-json\/wp\/v2\/product_brand?post=94891"},{"taxonomy":"product_cat","embeddable":true,"href":"https:\/\/www.versiegelung24.com\/ro\/wp-json\/wp\/v2\/product_cat?post=94891"},{"taxonomy":"product_tag","embeddable":true,"href":"https:\/\/www.versiegelung24.com\/ro\/wp-json\/wp\/v2\/product_tag?post=94891"}],"curies":[{"name":"wp","href":"https:\/\/api.w.org\/{rel}","templated":true}]}}