{"id":22093,"date":"2021-08-02T20:20:18","date_gmt":"2021-08-02T18:20:18","guid":{"rendered":"https:\/\/www.versiegelung24.com\/odtlacok"},"modified":"2024-05-05T11:01:05","modified_gmt":"2024-05-05T09:01:05","slug":"odtlacok","status":"publish","type":"page","link":"https:\/\/www.versiegelung24.com\/sk\/odtlacok\/","title":{"rendered":"odtla\u010dok"},"content":{"rendered":"\n<p><strong>Spracovanie objedn\u00e1vky a platby<\/strong><\/p>\n\n<p>Holger K\u00e4ding<br\/>Na Ellmen 14<br\/>53773 Hennef<br\/>Nemecko<\/p>\n\n<p>Tel.: 02242-9695650<br\/>E -mail: info@versiegelung24.com<br\/>Identifika\u010dn\u00e9 \u010d\u00edslo dane z obratu pod\u013ea \u00a7 27 a z\u00e1kona o dani z obratu: DE213785156<\/p>\n\n<p><strong>Detaily \u00fa\u010dtu<\/strong><\/p>\n\n<p>Prij\u00edmate\u013e: Holger K\u00e4ding<br\/>IBAN: DE30370502990011006269<br\/>BIC \/ SWIFT: COKSDE33<br\/>Kreissparkasse Kol\u00edn nad R\u00fdnom<\/p>\n\n<p><strong>Vlastn\u00edk a zodpovednos\u0165 za obsah pod\u013ea \u00a7 6 MDStV:<\/strong><\/p>\n\n<p>Bastian Walger &#8211; digit\u00e1lny marketing<br\/>Lodenica Agrippina 6<br\/>50678 Kol\u00edn nad R\u00fdnom<\/p>\n\n<p>Identifika\u010dn\u00e9 \u010d\u00edslo dane z obratu pod\u013ea \u00a7 27 a z\u00e1kona o dani z obratu:<br\/>DE241077366<\/p>\n\n<p>Platforma Komisie E\u00da pre rie\u0161enie sporov online:<a href=\"https:\/\/ec.europa.eu\/consumers\/odr\" target=\"_blank\" rel=\"noreferrer noopener\"> www.ec.europa.eu\/consumers\/odr<\/a><\/p>\n\n<p>Nie sme ani povinn\u00ed, ani ochotn\u00ed z\u00fa\u010dastni\u0165 sa postupu urovn\u00e1vania sporov pred spotrebite\u013eskou arbitr\u00e1\u017enou radou.<\/p>\n\n<p><strong>Fotografick\u00e9 kredity<\/strong><\/p>\n\n<p>Odstra\u0148ova\u010d graffiti -&gt; istockphoto \/ schfer<br\/>Anti graffiti ochrann\u00fd n\u00e1ter -&gt; istockphoto \/ MachineHeadz<\/p>\n\n<p>Bykfa\/Depositphotos.com<br\/>iulal\/Depositphotos.com<br\/>hodim\/Depositphotos.com<br\/>sergiibaibak\/Depositphotos.com<br\/>HunterBliss\/Depositphotos.com<\/p>\n","protected":false},"excerpt":{"rendered":"<p>Spracovanie objedn\u00e1vky a platby Holger K\u00e4dingNa Ellmen 1453773 HennefNemecko Tel.: 02242-9695650E -mail: info@versiegelung24.comIdentifika\u010dn\u00e9 \u010d\u00edslo dane z obratu pod\u013ea \u00a7 27 a z\u00e1kona o dani z obratu: DE213785156 Detaily \u00fa\u010dtu Prij\u00edmate\u013e: Holger K\u00e4dingIBAN: DE30370502990011006269BIC \/ SWIFT: COKSDE33Kreissparkasse Kol\u00edn nad R\u00fdnom Vlastn\u00edk a zodpovednos\u0165 za obsah pod\u013ea \u00a7 6 MDStV: Bastian Walger &#8211; digit\u00e1lny marketingLodenica Agrippina 650678&hellip;&nbsp;<a href=\"https:\/\/www.versiegelung24.com\/sk\/odtlacok\/\" rel=\"bookmark\">Read More &raquo;<span class=\"screen-reader-text\">odtla\u010dok<\/span><\/a><\/p>\n","protected":false},"author":932,"featured_media":70724,"parent":0,"menu_order":0,"comment_status":"closed","ping_status":"closed","template":"","meta":{"_acf_changed":false,"neve_meta_sidebar":"","neve_meta_container":"","neve_meta_enable_content_width":"","neve_meta_content_width":0,"neve_meta_title_alignment":"","neve_meta_author_avatar":"","neve_post_elements_order":"","neve_meta_disable_header":"","neve_meta_disable_footer":"","neve_meta_disable_title":"","neve_meta_reading_time":"","footnotes":""},"categories":[],"seiten_kategorie":[],"class_list":["post-22093","page","type-page","status-publish","has-post-thumbnail","hentry"],"acf":[],"yoast_head":"<!-- This site is optimized with the Yoast SEO Premium plugin v22.8 (Yoast SEO v27.5) - https:\/\/yoast.com\/product\/yoast-seo-premium-wordpress\/ -->\n<title>odtla\u010dok - versiegelung24.com<\/title>\n<meta name=\"robots\" content=\"index, follow, max-snippet:-1, max-image-preview:large, max-video-preview:-1\" \/>\n<link rel=\"canonical\" href=\"https:\/\/www.versiegelung24.com\/sk\/odtlacok\/\" \/>\n<meta property=\"og:locale\" content=\"sk_SK\" \/>\n<meta property=\"og:type\" content=\"article\" \/>\n<meta property=\"og:title\" content=\"odtla\u010dok\" \/>\n<meta property=\"og:description\" content=\"Spracovanie objedn\u00e1vky a platby Holger K\u00e4dingNa Ellmen 1453773 HennefNemecko Tel.: 02242-9695650E -mail: info@versiegelung24.comIdentifika\u010dn\u00e9 \u010d\u00edslo dane z obratu pod\u013ea \u00a7 27 a z\u00e1kona o dani z obratu: DE213785156 Detaily \u00fa\u010dtu Prij\u00edmate\u013e: Holger K\u00e4dingIBAN: DE30370502990011006269BIC \/ SWIFT: COKSDE33Kreissparkasse Kol\u00edn nad R\u00fdnom Vlastn\u00edk a zodpovednos\u0165 za obsah pod\u013ea \u00a7 6 MDStV: Bastian Walger &#8211; digit\u00e1lny marketingLodenica Agrippina 650678&hellip;&nbsp;Read More &raquo;odtla\u010dok\" \/>\n<meta property=\"og:url\" content=\"https:\/\/www.versiegelung24.com\/sk\/odtlacok\/\" \/>\n<meta property=\"og:site_name\" content=\"versiegelung24.com\" \/>\n<meta property=\"article:modified_time\" content=\"2024-05-05T09:01:05+00:00\" \/>\n<meta property=\"og:image\" content=\"https:\/\/www.versiegelung24.com\/wp-content\/uploads\/2022\/02\/Impressum.png\" \/>\n\t<meta property=\"og:image:width\" content=\"2000\" \/>\n\t<meta property=\"og:image:height\" content=\"2000\" \/>\n\t<meta property=\"og:image:type\" content=\"image\/png\" \/>\n<meta name=\"twitter:card\" content=\"summary_large_image\" \/>\n<meta name=\"twitter:label1\" content=\"Predpokladan\u00fd \u010das \u010d\u00edtania\" \/>\n\t<meta name=\"twitter:data1\" content=\"1 min\u00fata\" \/>\n<script type=\"application\/ld+json\" class=\"yoast-schema-graph\">{\"@context\":\"https:\\\/\\\/schema.org\",\"@graph\":[{\"@type\":\"WebPage\",\"@id\":\"https:\\\/\\\/www.versiegelung24.com\\\/sk\\\/odtlacok\\\/\",\"url\":\"https:\\\/\\\/www.versiegelung24.com\\\/sk\\\/odtlacok\\\/\",\"name\":\"odtla\u010dok - versiegelung24.com\",\"isPartOf\":{\"@id\":\"https:\\\/\\\/www.versiegelung24.com\\\/sk\\\/#website\"},\"primaryImageOfPage\":{\"@id\":\"https:\\\/\\\/www.versiegelung24.com\\\/sk\\\/odtlacok\\\/#primaryimage\"},\"image\":{\"@id\":\"https:\\\/\\\/www.versiegelung24.com\\\/sk\\\/odtlacok\\\/#primaryimage\"},\"thumbnailUrl\":\"https:\\\/\\\/www.versiegelung24.com\\\/wp-content\\\/uploads\\\/2022\\\/02\\\/Impressum.png\",\"datePublished\":\"2021-08-02T18:20:18+00:00\",\"dateModified\":\"2024-05-05T09:01:05+00:00\",\"breadcrumb\":{\"@id\":\"https:\\\/\\\/www.versiegelung24.com\\\/sk\\\/odtlacok\\\/#breadcrumb\"},\"inLanguage\":\"sk-SK\",\"potentialAction\":[{\"@type\":\"ReadAction\",\"target\":[\"https:\\\/\\\/www.versiegelung24.com\\\/sk\\\/odtlacok\\\/\"]}]},{\"@type\":\"ImageObject\",\"inLanguage\":\"sk-SK\",\"@id\":\"https:\\\/\\\/www.versiegelung24.com\\\/sk\\\/odtlacok\\\/#primaryimage\",\"url\":\"https:\\\/\\\/www.versiegelung24.com\\\/wp-content\\\/uploads\\\/2022\\\/02\\\/Impressum.png\",\"contentUrl\":\"https:\\\/\\\/www.versiegelung24.com\\\/wp-content\\\/uploads\\\/2022\\\/02\\\/Impressum.png\",\"width\":2000,\"height\":2000},{\"@type\":\"BreadcrumbList\",\"@id\":\"https:\\\/\\\/www.versiegelung24.com\\\/sk\\\/odtlacok\\\/#breadcrumb\",\"itemListElement\":[{\"@type\":\"ListItem\",\"position\":1,\"name\":\"\u00davodn\u00e1 str\u00e1nka\",\"item\":\"https:\\\/\\\/www.versiegelung24.com\\\/sk\\\/predna-strana\\\/\"},{\"@type\":\"ListItem\",\"position\":2,\"name\":\"odtla\u010dok\"}]},{\"@type\":\"WebSite\",\"@id\":\"https:\\\/\\\/www.versiegelung24.com\\\/sk\\\/#website\",\"url\":\"https:\\\/\\\/www.versiegelung24.com\\\/sk\\\/\",\"name\":\"versiegelung24.com\",\"description\":\"Fl\u00fcssigglas-Versiegelung - Made in Germany\",\"publisher\":{\"@id\":\"https:\\\/\\\/www.versiegelung24.com\\\/sk\\\/#organization\"},\"potentialAction\":[{\"@type\":\"SearchAction\",\"target\":{\"@type\":\"EntryPoint\",\"urlTemplate\":\"https:\\\/\\\/www.versiegelung24.com\\\/sk\\\/?s={search_term_string}\"},\"query-input\":{\"@type\":\"PropertyValueSpecification\",\"valueRequired\":true,\"valueName\":\"search_term_string\"}}],\"inLanguage\":\"sk-SK\"},{\"@type\":\"Organization\",\"@id\":\"https:\\\/\\\/www.versiegelung24.com\\\/sk\\\/#organization\",\"name\":\"versiegelung24\",\"url\":\"https:\\\/\\\/www.versiegelung24.com\\\/sk\\\/\",\"logo\":{\"@type\":\"ImageObject\",\"inLanguage\":\"sk-SK\",\"@id\":\"https:\\\/\\\/www.versiegelung24.com\\\/sk\\\/#\\\/schema\\\/logo\\\/image\\\/\",\"url\":\"https:\\\/\\\/www.versiegelung24.com\\\/wp-content\\\/uploads\\\/2020\\\/04\\\/versiegelung24.png\",\"contentUrl\":\"https:\\\/\\\/www.versiegelung24.com\\\/wp-content\\\/uploads\\\/2020\\\/04\\\/versiegelung24.png\",\"width\":470,\"height\":102,\"caption\":\"versiegelung24\"},\"image\":{\"@id\":\"https:\\\/\\\/www.versiegelung24.com\\\/sk\\\/#\\\/schema\\\/logo\\\/image\\\/\"}}]}<\/script>\n<!-- \/ Yoast SEO Premium plugin. -->","yoast_head_json":{"title":"odtla\u010dok - versiegelung24.com","robots":{"index":"index","follow":"follow","max-snippet":"max-snippet:-1","max-image-preview":"max-image-preview:large","max-video-preview":"max-video-preview:-1"},"canonical":"https:\/\/www.versiegelung24.com\/sk\/odtlacok\/","og_locale":"sk_SK","og_type":"article","og_title":"odtla\u010dok","og_description":"Spracovanie objedn\u00e1vky a platby Holger K\u00e4dingNa Ellmen 1453773 HennefNemecko Tel.: 02242-9695650E -mail: info@versiegelung24.comIdentifika\u010dn\u00e9 \u010d\u00edslo dane z obratu pod\u013ea \u00a7 27 a z\u00e1kona o dani z obratu: DE213785156 Detaily \u00fa\u010dtu Prij\u00edmate\u013e: Holger K\u00e4dingIBAN: DE30370502990011006269BIC \/ SWIFT: COKSDE33Kreissparkasse Kol\u00edn nad R\u00fdnom Vlastn\u00edk a zodpovednos\u0165 za obsah pod\u013ea \u00a7 6 MDStV: Bastian Walger &#8211; digit\u00e1lny marketingLodenica Agrippina 650678&hellip;&nbsp;Read More &raquo;odtla\u010dok","og_url":"https:\/\/www.versiegelung24.com\/sk\/odtlacok\/","og_site_name":"versiegelung24.com","article_modified_time":"2024-05-05T09:01:05+00:00","og_image":[{"width":2000,"height":2000,"url":"https:\/\/www.versiegelung24.com\/wp-content\/uploads\/2022\/02\/Impressum.png","type":"image\/png"}],"twitter_card":"summary_large_image","twitter_misc":{"Predpokladan\u00fd \u010das \u010d\u00edtania":"1 min\u00fata"},"schema":{"@context":"https:\/\/schema.org","@graph":[{"@type":"WebPage","@id":"https:\/\/www.versiegelung24.com\/sk\/odtlacok\/","url":"https:\/\/www.versiegelung24.com\/sk\/odtlacok\/","name":"odtla\u010dok - versiegelung24.com","isPartOf":{"@id":"https:\/\/www.versiegelung24.com\/sk\/#website"},"primaryImageOfPage":{"@id":"https:\/\/www.versiegelung24.com\/sk\/odtlacok\/#primaryimage"},"image":{"@id":"https:\/\/www.versiegelung24.com\/sk\/odtlacok\/#primaryimage"},"thumbnailUrl":"https:\/\/www.versiegelung24.com\/wp-content\/uploads\/2022\/02\/Impressum.png","datePublished":"2021-08-02T18:20:18+00:00","dateModified":"2024-05-05T09:01:05+00:00","breadcrumb":{"@id":"https:\/\/www.versiegelung24.com\/sk\/odtlacok\/#breadcrumb"},"inLanguage":"sk-SK","potentialAction":[{"@type":"ReadAction","target":["https:\/\/www.versiegelung24.com\/sk\/odtlacok\/"]}]},{"@type":"ImageObject","inLanguage":"sk-SK","@id":"https:\/\/www.versiegelung24.com\/sk\/odtlacok\/#primaryimage","url":"https:\/\/www.versiegelung24.com\/wp-content\/uploads\/2022\/02\/Impressum.png","contentUrl":"https:\/\/www.versiegelung24.com\/wp-content\/uploads\/2022\/02\/Impressum.png","width":2000,"height":2000},{"@type":"BreadcrumbList","@id":"https:\/\/www.versiegelung24.com\/sk\/odtlacok\/#breadcrumb","itemListElement":[{"@type":"ListItem","position":1,"name":"\u00davodn\u00e1 str\u00e1nka","item":"https:\/\/www.versiegelung24.com\/sk\/predna-strana\/"},{"@type":"ListItem","position":2,"name":"odtla\u010dok"}]},{"@type":"WebSite","@id":"https:\/\/www.versiegelung24.com\/sk\/#website","url":"https:\/\/www.versiegelung24.com\/sk\/","name":"versiegelung24.com","description":"Fl\u00fcssigglas-Versiegelung - Made in Germany","publisher":{"@id":"https:\/\/www.versiegelung24.com\/sk\/#organization"},"potentialAction":[{"@type":"SearchAction","target":{"@type":"EntryPoint","urlTemplate":"https:\/\/www.versiegelung24.com\/sk\/?s={search_term_string}"},"query-input":{"@type":"PropertyValueSpecification","valueRequired":true,"valueName":"search_term_string"}}],"inLanguage":"sk-SK"},{"@type":"Organization","@id":"https:\/\/www.versiegelung24.com\/sk\/#organization","name":"versiegelung24","url":"https:\/\/www.versiegelung24.com\/sk\/","logo":{"@type":"ImageObject","inLanguage":"sk-SK","@id":"https:\/\/www.versiegelung24.com\/sk\/#\/schema\/logo\/image\/","url":"https:\/\/www.versiegelung24.com\/wp-content\/uploads\/2020\/04\/versiegelung24.png","contentUrl":"https:\/\/www.versiegelung24.com\/wp-content\/uploads\/2020\/04\/versiegelung24.png","width":470,"height":102,"caption":"versiegelung24"},"image":{"@id":"https:\/\/www.versiegelung24.com\/sk\/#\/schema\/logo\/image\/"}}]}},"_links":{"self":[{"href":"https:\/\/www.versiegelung24.com\/sk\/wp-json\/wp\/v2\/pages\/22093","targetHints":{"allow":["GET"]}}],"collection":[{"href":"https:\/\/www.versiegelung24.com\/sk\/wp-json\/wp\/v2\/pages"}],"about":[{"href":"https:\/\/www.versiegelung24.com\/sk\/wp-json\/wp\/v2\/types\/page"}],"author":[{"embeddable":true,"href":"https:\/\/www.versiegelung24.com\/sk\/wp-json\/wp\/v2\/users\/932"}],"replies":[{"embeddable":true,"href":"https:\/\/www.versiegelung24.com\/sk\/wp-json\/wp\/v2\/comments?post=22093"}],"version-history":[{"count":5,"href":"https:\/\/www.versiegelung24.com\/sk\/wp-json\/wp\/v2\/pages\/22093\/revisions"}],"predecessor-version":[{"id":160712,"href":"https:\/\/www.versiegelung24.com\/sk\/wp-json\/wp\/v2\/pages\/22093\/revisions\/160712"}],"wp:featuredmedia":[{"embeddable":true,"href":"https:\/\/www.versiegelung24.com\/sk\/wp-json\/wp\/v2\/media\/70724"}],"wp:attachment":[{"href":"https:\/\/www.versiegelung24.com\/sk\/wp-json\/wp\/v2\/media?parent=22093"}],"wp:term":[{"taxonomy":"category","embeddable":true,"href":"https:\/\/www.versiegelung24.com\/sk\/wp-json\/wp\/v2\/categories?post=22093"},{"taxonomy":"seiten_kategorie","embeddable":true,"href":"https:\/\/www.versiegelung24.com\/sk\/wp-json\/wp\/v2\/seiten_kategorie?post=22093"}],"curies":[{"name":"wp","href":"https:\/\/api.w.org\/{rel}","templated":true}]}}