{"id":22669,"date":"2021-08-02T20:52:19","date_gmt":"2021-08-02T18:52:19","guid":{"rendered":"https:\/\/www.versiegelung24.com\/sposob-platby"},"modified":"2024-07-09T09:46:38","modified_gmt":"2024-07-09T07:46:38","slug":"sposoby-platby","status":"publish","type":"page","link":"https:\/\/www.versiegelung24.com\/sk\/sposob-platby\/","title":{"rendered":"sp\u00f4sob platby"},"content":{"rendered":"\n<h1 class=\"wp-block-heading\" id=\"h-zahlungsarten\">sp\u00f4sob platby<\/h1>\n<p>Pre va\u0161u objedn\u00e1vku na versiegelung24.com pon\u00fakame nasleduj\u00face sp\u00f4soby platby:<\/p>\n<p><img fetchpriority=\"high\" decoding=\"async\" class=\"alignnone wp-image-133349 \" src=\"https:\/\/www.versiegelung24.com\/wp-content\/uploads\/2023\/11\/v24-footer-zahlungsarten-1300x93.webp\" alt=\"\" width=\"780\" height=\"76\"><\/p>\n<h3>Paypal<\/h3>\n<p>Ak je suma platby zaplaten\u00e1 prostredn\u00edctvom syst\u00e9mu PayPal, va\u0161a objedn\u00e1vka bude okam\u017eite spracovan\u00e1.<\/p>\n<h3>Platba vopred bankov\u00fdm prevodom<\/h3>\n<p>Po prijat\u00ed platby vopred prevodom na n\u00e1\u0161 bankov\u00fd \u00fa\u010det bude va\u0161a z\u00e1sielka odoslan\u00e1.<\/p>\n<p>Prij\u00edmate\u013e: Holger K\u00e4ding<br \/>IBAN: DE30370502990011006269<br \/>BIC \/ SWIFT: COKSDE33<br \/>Kreissparkasse Kol\u00edn nad R\u00fdnom<\/p>\n<h3>N\u00e1kup na fakt\u00faru<\/h3>\n<p>Pre org\u00e1ny verejnej moci a in\u0161tit\u00facie pon\u00fakame na po\u017eiadanie aj n\u00e1kup na \u00fa\u010det. <a href=\"https:\/\/www.versiegelung24.com\/sk\/kontakt\/\">V tejto veci n\u00e1s pros\u00edm kontaktujte<\/a> .<\/p>\n","protected":false},"excerpt":{"rendered":"<p>sp\u00f4sob platby Pre va\u0161u objedn\u00e1vku na versiegelung24.com pon\u00fakame nasleduj\u00face sp\u00f4soby platby: Paypal Ak je suma platby zaplaten\u00e1 prostredn\u00edctvom syst\u00e9mu PayPal, va\u0161a objedn\u00e1vka bude okam\u017eite spracovan\u00e1. Platba vopred bankov\u00fdm prevodom Po prijat\u00ed platby vopred prevodom na n\u00e1\u0161 bankov\u00fd \u00fa\u010det bude va\u0161a z\u00e1sielka odoslan\u00e1. Prij\u00edmate\u013e: Holger K\u00e4dingIBAN: DE30370502990011006269BIC \/ SWIFT: COKSDE33Kreissparkasse Kol\u00edn nad R\u00fdnom N\u00e1kup na fakt\u00faru&hellip;&nbsp;<a href=\"https:\/\/www.versiegelung24.com\/sk\/sposob-platby\/\" rel=\"bookmark\">Read More &raquo;<span class=\"screen-reader-text\">sp\u00f4sob platby<\/span><\/a><\/p>\n","protected":false},"author":932,"featured_media":70664,"parent":0,"menu_order":0,"comment_status":"closed","ping_status":"closed","template":"","meta":{"_acf_changed":false,"neve_meta_sidebar":"","neve_meta_container":"","neve_meta_enable_content_width":"","neve_meta_content_width":0,"neve_meta_title_alignment":"","neve_meta_author_avatar":"","neve_post_elements_order":"","neve_meta_disable_header":"","neve_meta_disable_footer":"","neve_meta_disable_title":"","neve_meta_reading_time":"","footnotes":""},"categories":[],"seiten_kategorie":[],"class_list":["post-22669","page","type-page","status-publish","has-post-thumbnail","hentry"],"acf":[],"yoast_head":"<!-- This site is optimized with the Yoast SEO Premium plugin v22.8 (Yoast SEO v27.5) - https:\/\/yoast.com\/product\/yoast-seo-premium-wordpress\/ -->\n<title>sp\u00f4sob platby - versiegelung24.com<\/title>\n<meta name=\"robots\" content=\"index, follow, max-snippet:-1, max-image-preview:large, max-video-preview:-1\" \/>\n<link rel=\"canonical\" href=\"https:\/\/www.versiegelung24.com\/sk\/sposob-platby\/\" \/>\n<meta property=\"og:locale\" content=\"sk_SK\" \/>\n<meta property=\"og:type\" content=\"article\" \/>\n<meta property=\"og:title\" content=\"sp\u00f4sob platby\" \/>\n<meta property=\"og:description\" content=\"sp\u00f4sob platby Pre va\u0161u objedn\u00e1vku na versiegelung24.com pon\u00fakame nasleduj\u00face sp\u00f4soby platby: Paypal Ak je suma platby zaplaten\u00e1 prostredn\u00edctvom syst\u00e9mu PayPal, va\u0161a objedn\u00e1vka bude okam\u017eite spracovan\u00e1. Platba vopred bankov\u00fdm prevodom Po prijat\u00ed platby vopred prevodom na n\u00e1\u0161 bankov\u00fd \u00fa\u010det bude va\u0161a z\u00e1sielka odoslan\u00e1. Prij\u00edmate\u013e: Holger K\u00e4dingIBAN: DE30370502990011006269BIC \/ SWIFT: COKSDE33Kreissparkasse Kol\u00edn nad R\u00fdnom N\u00e1kup na fakt\u00faru&hellip;&nbsp;Read More &raquo;sp\u00f4sob platby\" \/>\n<meta property=\"og:url\" content=\"https:\/\/www.versiegelung24.com\/sk\/sposob-platby\/\" \/>\n<meta property=\"og:site_name\" content=\"versiegelung24.com\" \/>\n<meta property=\"article:modified_time\" content=\"2024-07-09T07:46:38+00:00\" \/>\n<meta property=\"og:image\" content=\"https:\/\/www.versiegelung24.com\/wp-content\/uploads\/2022\/02\/Payment.png\" \/>\n\t<meta property=\"og:image:width\" content=\"2000\" \/>\n\t<meta property=\"og:image:height\" content=\"2000\" \/>\n\t<meta property=\"og:image:type\" content=\"image\/png\" \/>\n<meta name=\"twitter:card\" content=\"summary_large_image\" \/>\n<meta name=\"twitter:label1\" content=\"Predpokladan\u00fd \u010das \u010d\u00edtania\" \/>\n\t<meta name=\"twitter:data1\" content=\"1 min\u00fata\" \/>\n<script type=\"application\/ld+json\" class=\"yoast-schema-graph\">{\"@context\":\"https:\\\/\\\/schema.org\",\"@graph\":[{\"@type\":\"WebPage\",\"@id\":\"https:\\\/\\\/www.versiegelung24.com\\\/sk\\\/sposob-platby\\\/\",\"url\":\"https:\\\/\\\/www.versiegelung24.com\\\/sk\\\/sposob-platby\\\/\",\"name\":\"sp\u00f4sob platby - versiegelung24.com\",\"isPartOf\":{\"@id\":\"https:\\\/\\\/www.versiegelung24.com\\\/sk\\\/#website\"},\"primaryImageOfPage\":{\"@id\":\"https:\\\/\\\/www.versiegelung24.com\\\/sk\\\/sposob-platby\\\/#primaryimage\"},\"image\":{\"@id\":\"https:\\\/\\\/www.versiegelung24.com\\\/sk\\\/sposob-platby\\\/#primaryimage\"},\"thumbnailUrl\":\"https:\\\/\\\/www.versiegelung24.com\\\/wp-content\\\/uploads\\\/2022\\\/02\\\/Payment.png\",\"datePublished\":\"2021-08-02T18:52:19+00:00\",\"dateModified\":\"2024-07-09T07:46:38+00:00\",\"breadcrumb\":{\"@id\":\"https:\\\/\\\/www.versiegelung24.com\\\/sk\\\/sposob-platby\\\/#breadcrumb\"},\"inLanguage\":\"sk-SK\",\"potentialAction\":[{\"@type\":\"ReadAction\",\"target\":[\"https:\\\/\\\/www.versiegelung24.com\\\/sk\\\/sposob-platby\\\/\"]}]},{\"@type\":\"ImageObject\",\"inLanguage\":\"sk-SK\",\"@id\":\"https:\\\/\\\/www.versiegelung24.com\\\/sk\\\/sposob-platby\\\/#primaryimage\",\"url\":\"https:\\\/\\\/www.versiegelung24.com\\\/wp-content\\\/uploads\\\/2022\\\/02\\\/Payment.png\",\"contentUrl\":\"https:\\\/\\\/www.versiegelung24.com\\\/wp-content\\\/uploads\\\/2022\\\/02\\\/Payment.png\",\"width\":2000,\"height\":2000},{\"@type\":\"BreadcrumbList\",\"@id\":\"https:\\\/\\\/www.versiegelung24.com\\\/sk\\\/sposob-platby\\\/#breadcrumb\",\"itemListElement\":[{\"@type\":\"ListItem\",\"position\":1,\"name\":\"\u00davodn\u00e1 str\u00e1nka\",\"item\":\"https:\\\/\\\/www.versiegelung24.com\\\/sk\\\/predna-strana\\\/\"},{\"@type\":\"ListItem\",\"position\":2,\"name\":\"sp\u00f4sob platby\"}]},{\"@type\":\"WebSite\",\"@id\":\"https:\\\/\\\/www.versiegelung24.com\\\/sk\\\/#website\",\"url\":\"https:\\\/\\\/www.versiegelung24.com\\\/sk\\\/\",\"name\":\"versiegelung24.com\",\"description\":\"Fl\u00fcssigglas-Versiegelung - Made in Germany\",\"publisher\":{\"@id\":\"https:\\\/\\\/www.versiegelung24.com\\\/sk\\\/#organization\"},\"potentialAction\":[{\"@type\":\"SearchAction\",\"target\":{\"@type\":\"EntryPoint\",\"urlTemplate\":\"https:\\\/\\\/www.versiegelung24.com\\\/sk\\\/?s={search_term_string}\"},\"query-input\":{\"@type\":\"PropertyValueSpecification\",\"valueRequired\":true,\"valueName\":\"search_term_string\"}}],\"inLanguage\":\"sk-SK\"},{\"@type\":\"Organization\",\"@id\":\"https:\\\/\\\/www.versiegelung24.com\\\/sk\\\/#organization\",\"name\":\"versiegelung24\",\"url\":\"https:\\\/\\\/www.versiegelung24.com\\\/sk\\\/\",\"logo\":{\"@type\":\"ImageObject\",\"inLanguage\":\"sk-SK\",\"@id\":\"https:\\\/\\\/www.versiegelung24.com\\\/sk\\\/#\\\/schema\\\/logo\\\/image\\\/\",\"url\":\"https:\\\/\\\/www.versiegelung24.com\\\/wp-content\\\/uploads\\\/2020\\\/04\\\/versiegelung24.png\",\"contentUrl\":\"https:\\\/\\\/www.versiegelung24.com\\\/wp-content\\\/uploads\\\/2020\\\/04\\\/versiegelung24.png\",\"width\":470,\"height\":102,\"caption\":\"versiegelung24\"},\"image\":{\"@id\":\"https:\\\/\\\/www.versiegelung24.com\\\/sk\\\/#\\\/schema\\\/logo\\\/image\\\/\"}}]}<\/script>\n<!-- \/ Yoast SEO Premium plugin. -->","yoast_head_json":{"title":"sp\u00f4sob platby - versiegelung24.com","robots":{"index":"index","follow":"follow","max-snippet":"max-snippet:-1","max-image-preview":"max-image-preview:large","max-video-preview":"max-video-preview:-1"},"canonical":"https:\/\/www.versiegelung24.com\/sk\/sposob-platby\/","og_locale":"sk_SK","og_type":"article","og_title":"sp\u00f4sob platby","og_description":"sp\u00f4sob platby Pre va\u0161u objedn\u00e1vku na versiegelung24.com pon\u00fakame nasleduj\u00face sp\u00f4soby platby: Paypal Ak je suma platby zaplaten\u00e1 prostredn\u00edctvom syst\u00e9mu PayPal, va\u0161a objedn\u00e1vka bude okam\u017eite spracovan\u00e1. Platba vopred bankov\u00fdm prevodom Po prijat\u00ed platby vopred prevodom na n\u00e1\u0161 bankov\u00fd \u00fa\u010det bude va\u0161a z\u00e1sielka odoslan\u00e1. Prij\u00edmate\u013e: Holger K\u00e4dingIBAN: DE30370502990011006269BIC \/ SWIFT: COKSDE33Kreissparkasse Kol\u00edn nad R\u00fdnom N\u00e1kup na fakt\u00faru&hellip;&nbsp;Read More &raquo;sp\u00f4sob platby","og_url":"https:\/\/www.versiegelung24.com\/sk\/sposob-platby\/","og_site_name":"versiegelung24.com","article_modified_time":"2024-07-09T07:46:38+00:00","og_image":[{"width":2000,"height":2000,"url":"https:\/\/www.versiegelung24.com\/wp-content\/uploads\/2022\/02\/Payment.png","type":"image\/png"}],"twitter_card":"summary_large_image","twitter_misc":{"Predpokladan\u00fd \u010das \u010d\u00edtania":"1 min\u00fata"},"schema":{"@context":"https:\/\/schema.org","@graph":[{"@type":"WebPage","@id":"https:\/\/www.versiegelung24.com\/sk\/sposob-platby\/","url":"https:\/\/www.versiegelung24.com\/sk\/sposob-platby\/","name":"sp\u00f4sob platby - versiegelung24.com","isPartOf":{"@id":"https:\/\/www.versiegelung24.com\/sk\/#website"},"primaryImageOfPage":{"@id":"https:\/\/www.versiegelung24.com\/sk\/sposob-platby\/#primaryimage"},"image":{"@id":"https:\/\/www.versiegelung24.com\/sk\/sposob-platby\/#primaryimage"},"thumbnailUrl":"https:\/\/www.versiegelung24.com\/wp-content\/uploads\/2022\/02\/Payment.png","datePublished":"2021-08-02T18:52:19+00:00","dateModified":"2024-07-09T07:46:38+00:00","breadcrumb":{"@id":"https:\/\/www.versiegelung24.com\/sk\/sposob-platby\/#breadcrumb"},"inLanguage":"sk-SK","potentialAction":[{"@type":"ReadAction","target":["https:\/\/www.versiegelung24.com\/sk\/sposob-platby\/"]}]},{"@type":"ImageObject","inLanguage":"sk-SK","@id":"https:\/\/www.versiegelung24.com\/sk\/sposob-platby\/#primaryimage","url":"https:\/\/www.versiegelung24.com\/wp-content\/uploads\/2022\/02\/Payment.png","contentUrl":"https:\/\/www.versiegelung24.com\/wp-content\/uploads\/2022\/02\/Payment.png","width":2000,"height":2000},{"@type":"BreadcrumbList","@id":"https:\/\/www.versiegelung24.com\/sk\/sposob-platby\/#breadcrumb","itemListElement":[{"@type":"ListItem","position":1,"name":"\u00davodn\u00e1 str\u00e1nka","item":"https:\/\/www.versiegelung24.com\/sk\/predna-strana\/"},{"@type":"ListItem","position":2,"name":"sp\u00f4sob platby"}]},{"@type":"WebSite","@id":"https:\/\/www.versiegelung24.com\/sk\/#website","url":"https:\/\/www.versiegelung24.com\/sk\/","name":"versiegelung24.com","description":"Fl\u00fcssigglas-Versiegelung - Made in Germany","publisher":{"@id":"https:\/\/www.versiegelung24.com\/sk\/#organization"},"potentialAction":[{"@type":"SearchAction","target":{"@type":"EntryPoint","urlTemplate":"https:\/\/www.versiegelung24.com\/sk\/?s={search_term_string}"},"query-input":{"@type":"PropertyValueSpecification","valueRequired":true,"valueName":"search_term_string"}}],"inLanguage":"sk-SK"},{"@type":"Organization","@id":"https:\/\/www.versiegelung24.com\/sk\/#organization","name":"versiegelung24","url":"https:\/\/www.versiegelung24.com\/sk\/","logo":{"@type":"ImageObject","inLanguage":"sk-SK","@id":"https:\/\/www.versiegelung24.com\/sk\/#\/schema\/logo\/image\/","url":"https:\/\/www.versiegelung24.com\/wp-content\/uploads\/2020\/04\/versiegelung24.png","contentUrl":"https:\/\/www.versiegelung24.com\/wp-content\/uploads\/2020\/04\/versiegelung24.png","width":470,"height":102,"caption":"versiegelung24"},"image":{"@id":"https:\/\/www.versiegelung24.com\/sk\/#\/schema\/logo\/image\/"}}]}},"_links":{"self":[{"href":"https:\/\/www.versiegelung24.com\/sk\/wp-json\/wp\/v2\/pages\/22669","targetHints":{"allow":["GET"]}}],"collection":[{"href":"https:\/\/www.versiegelung24.com\/sk\/wp-json\/wp\/v2\/pages"}],"about":[{"href":"https:\/\/www.versiegelung24.com\/sk\/wp-json\/wp\/v2\/types\/page"}],"author":[{"embeddable":true,"href":"https:\/\/www.versiegelung24.com\/sk\/wp-json\/wp\/v2\/users\/932"}],"replies":[{"embeddable":true,"href":"https:\/\/www.versiegelung24.com\/sk\/wp-json\/wp\/v2\/comments?post=22669"}],"version-history":[{"count":8,"href":"https:\/\/www.versiegelung24.com\/sk\/wp-json\/wp\/v2\/pages\/22669\/revisions"}],"predecessor-version":[{"id":169477,"href":"https:\/\/www.versiegelung24.com\/sk\/wp-json\/wp\/v2\/pages\/22669\/revisions\/169477"}],"wp:featuredmedia":[{"embeddable":true,"href":"https:\/\/www.versiegelung24.com\/sk\/wp-json\/wp\/v2\/media\/70664"}],"wp:attachment":[{"href":"https:\/\/www.versiegelung24.com\/sk\/wp-json\/wp\/v2\/media?parent=22669"}],"wp:term":[{"taxonomy":"category","embeddable":true,"href":"https:\/\/www.versiegelung24.com\/sk\/wp-json\/wp\/v2\/categories?post=22669"},{"taxonomy":"seiten_kategorie","embeddable":true,"href":"https:\/\/www.versiegelung24.com\/sk\/wp-json\/wp\/v2\/seiten_kategorie?post=22669"}],"curies":[{"name":"wp","href":"https:\/\/api.w.org\/{rel}","templated":true}]}}