{"id":25549,"date":"2021-08-03T10:29:00","date_gmt":"2021-08-03T08:29:00","guid":{"rendered":"https:\/\/www.versiegelung24.com\/nakupte-produkty-ccm-gmbh-v-online-obchode"},"modified":"2024-06-25T20:51:23","modified_gmt":"2024-06-25T18:51:23","slug":"o-ccm-gmbh","status":"publish","type":"page","link":"https:\/\/www.versiegelung24.com\/sk\/nakupte-produkty-ccm-gmbh-v-online-obchode\/","title":{"rendered":"Nak\u00fapte produkty CCM GmbH v online obchode"},"content":{"rendered":"<h2><span style=\"color: var(--nv-text-color);font-family: Graphik,-apple-system,BlinkMacSystemFont,Segoe UI,var(--nv-fallback-ff);font-size: 2em;font-weight: 600;background-color: var(--nv-site-bg)\">K\u00fapte si v online obchode v\u00fdrobky od spolo\u010dnosti CCM GmbH zo spolo\u010dnosti Overath \/ Nemecko<\/span><\/h2>\n<div class=\"std\">\n<div>\n<figure id=\"attachment_15244\" aria-describedby=\"caption-attachment-15244\" style=\"width: 300px\" class=\"wp-caption alignleft\"><a href=\"https:\/\/www.versiegelung24.com\/wp-content\/uploads\/2020\/05\/CCM_Gebaeude-300x203.jpg\"><img fetchpriority=\"high\" decoding=\"async\" class=\"wp-image-7780 size-medium\" src=\"https:\/\/www.versiegelung24.com\/wp-content\/uploads\/2020\/05\/CCM_Gebaeude-300x203.jpg\" alt=\"CCM Zentrale in Overath\" width=\"300\" height=\"203\" srcset=\"https:\/\/www.versiegelung24.com\/wp-content\/uploads\/2020\/05\/CCM_Gebaeude-300x203.jpg 300w, https:\/\/www.versiegelung24.com\/wp-content\/uploads\/2020\/05\/CCM_Gebaeude-16x12.jpg 16w, https:\/\/www.versiegelung24.com\/wp-content\/uploads\/2020\/05\/CCM_Gebaeude.jpg 400w\" sizes=\"(max-width: 300px) 100vw, 300px\" \/><\/a><figcaption id=\"caption-attachment-15244\" class=\"wp-caption-text\">Centr\u00e1la CCM v Overathe<\/figcaption><\/figure>\n<p>\u201eMade in Germany\u201c je glob\u00e1lny v\u00fdraz pre inov\u00e1cie a najvy\u0161\u0161iu kvalitu a je zn\u00e1my napr\u00edklad v oblasti automobilov, stroj\u00e1rstva a ch\u00e9mie. Okrem ve\u013ek\u00fdch nadn\u00e1rodn\u00fdch spolo\u010dnost\u00ed m\u00e1 Nemecko predov\u0161etk\u00fdm kult\u00faru st\u00e1tis\u00edcov inovat\u00edvnych mal\u00fdch a stredn\u00fdch spolo\u010dnost\u00ed, ktor\u00e9 s\u00fa ve\u013emi kreat\u00edvne a vo svojich mal\u00fdch \u0161pecializ\u00e1ci\u00e1ch s\u00fa \u010dasto l\u00eddrami na svetovom trhu (tieto spolo\u010dnosti sa be\u017ene ozna\u010duj\u00fa ako \u201eskryt\u00ed \u0161ampi\u00f3ni\u201c ).<\/p>\n<\/div>\n<div>\n<p>CCM GmbH vyr\u00e1ba a pred\u00e1va n\u00e1pady nemeck\u00fdch vyn\u00e1lezcov, jedine\u010dn\u00e9 rie\u0161enia probl\u00e9mov najvy\u0161\u0161ej kvality. Bola zalo\u017een\u00e1 v roku 2007 dvoma gener\u00e1lnymi riadite\u013emi Heinerom Perkom a Berndom Zimmermannom a je jedine\u010dnou sie\u0165ou inov\u00e1ci\u00ed, v\u00fdroby a glob\u00e1lneho predaja. Vyroben\u00e9 v Nemecku.<\/p>\n<p>CCM \u017eije v hlbokom presved\u010den\u00ed, \u017ee jedine\u010dn\u00e9 v\u00fdrobky m\u00f4\u017eu by\u0165 \u00faspe\u0161ne pred\u00e1van\u00e9 na celom svete iba vtedy, ak za nimi stoja partneri jedine\u010dn\u00ed \u013eudia. CCM GmbH u\u017e s tak\u00fdmito \u013eu\u010fmi spolupracuje vo viac ako 40 krajin\u00e1ch na v\u0161etk\u00fdch kontinentoch.<\/p>\n<p>V\u0161etky \u010dinnosti s\u00fa riaden\u00e9 zo s\u00eddla spolo\u010dnosti v Overathe pri Kol\u00edne v Nemecku.<\/p>\n<p>Modern\u00e9 technol\u00f3gie a siete umo\u017e\u0148uj\u00fa p\u00f4sobi\u0165 ako celok bez toho, aby v\u0161etci zamestnanci museli pracova\u0165 na jednom mieste.<\/p>\n<p>Tesnenia \u201etekut\u00e9 sklo\u201c od CCM GmbH u\u017e boli nominovan\u00e9 na r\u00f4zne ceny.<\/p>\n<p>Nechajte sa in\u0161pirova\u0165 konceptmi, my\u0161lienkami a sk\u00fasenos\u0165ami CCM GmbH.<\/p>\n<\/div>\n<h2>K\u00fapte si v\u00fdrobky CCM GmbH v internetovom obchode:<\/h2>\n<div class=\"woocommerce columns-4\"><ul class=\"products columns-4\">\n<li class=\"product-category product first\">\n\t<a aria-label=\"Nav\u0161t\u00edvi\u0165 kateg\u00f3riu produktov Utes\u0148ovanie kame\u0148a a bet\u00f3nu\" href=\"https:\/\/www.versiegelung24.com\/sk\/tesnenie-z-tekuteho-skla\/tesnenie-kamena-a-betonu\/\"><img decoding=\"async\" src=\"https:\/\/www.versiegelung24.com\/wp-content\/uploads\/2023\/06\/V24-steinkategorie-2306-400x400.webp\" alt=\"Utes\u0148ovanie kame\u0148a a bet\u00f3nu\" width=\"400\" height=\"400\" srcset=\"https:\/\/www.versiegelung24.com\/wp-content\/uploads\/2023\/06\/V24-steinkategorie-2306-400x400.webp 400w, https:\/\/www.versiegelung24.com\/wp-content\/uploads\/2023\/06\/V24-steinkategorie-2306-80x80.webp 80w, https:\/\/www.versiegelung24.com\/wp-content\/uploads\/2023\/06\/V24-steinkategorie-2306-70x70.webp 70w, https:\/\/www.versiegelung24.com\/wp-content\/uploads\/2023\/06\/V24-steinkategorie-2306-100x100.webp 100w\" sizes=\"(max-width: 400px) 100vw, 400px\" \/>\t\t<h2 class=\"woocommerce-loop-category__title\">\n\t\t\tUtes\u0148ovanie kame\u0148a a bet\u00f3nu <mark class=\"count\">(12)<\/mark>\t\t<\/h2>\n\t\t<\/a><\/li>\n<li class=\"product-category product\">\n\t<a aria-label=\"Nav\u0161t\u00edvi\u0165 kateg\u00f3riu produktov Tesnenie auta\" href=\"https:\/\/www.versiegelung24.com\/sk\/tesnenie-z-tekuteho-skla\/tesnenie-auta\/\"><img decoding=\"async\" src=\"https:\/\/www.versiegelung24.com\/wp-content\/uploads\/2022\/08\/Kategorie_Auto-400x400.jpg\" alt=\"Tesnenie auta\" width=\"400\" height=\"400\" srcset=\"https:\/\/www.versiegelung24.com\/wp-content\/uploads\/2022\/08\/Kategorie_Auto-400x400.jpg 400w, https:\/\/www.versiegelung24.com\/wp-content\/uploads\/2022\/08\/Kategorie_Auto-80x80.jpg 80w, https:\/\/www.versiegelung24.com\/wp-content\/uploads\/2022\/08\/Kategorie_Auto-70x70.jpg 70w, https:\/\/www.versiegelung24.com\/wp-content\/uploads\/2022\/08\/Kategorie_Auto-100x100.jpg 100w\" sizes=\"(max-width: 400px) 100vw, 400px\" \/>\t\t<h2 class=\"woocommerce-loop-category__title\">\n\t\t\tTesnenie auta <mark class=\"count\">(19)<\/mark>\t\t<\/h2>\n\t\t<\/a><\/li>\n<li class=\"product-category product\">\n\t<a aria-label=\"Nav\u0161t\u00edvi\u0165 kateg\u00f3riu produktov Tesnenie pre sklo a keramiku\" href=\"https:\/\/www.versiegelung24.com\/sk\/tesnenie-z-tekuteho-skla\/tesnenie-na-sklo-a-keramiku\/\"><img loading=\"lazy\" decoding=\"async\" src=\"https:\/\/www.versiegelung24.com\/wp-content\/uploads\/2022\/07\/Startseite_Banner-400x400.jpg\" alt=\"Tesnenie pre sklo a keramiku\" width=\"400\" height=\"400\" srcset=\"https:\/\/www.versiegelung24.com\/wp-content\/uploads\/2022\/07\/Startseite_Banner-400x400.jpg 400w, https:\/\/www.versiegelung24.com\/wp-content\/uploads\/2022\/07\/Startseite_Banner-80x80.jpg 80w, https:\/\/www.versiegelung24.com\/wp-content\/uploads\/2022\/07\/Startseite_Banner-70x70.jpg 70w, https:\/\/www.versiegelung24.com\/wp-content\/uploads\/2022\/07\/Startseite_Banner-100x100.jpg 100w\" sizes=\"(max-width: 400px) 100vw, 400px\" \/>\t\t<h2 class=\"woocommerce-loop-category__title\">\n\t\t\tTesnenie pre sklo a keramiku <mark class=\"count\">(18)<\/mark>\t\t<\/h2>\n\t\t<\/a><\/li>\n<li class=\"product-category product last\">\n\t<a aria-label=\"Nav\u0161t\u00edvi\u0165 kateg\u00f3riu produktov Tesnenie z kovu a plastu\" href=\"https:\/\/www.versiegelung24.com\/sk\/tesnenie-z-tekuteho-skla\/kovove-a-plastove-tesnenie\/\"><img loading=\"lazy\" decoding=\"async\" src=\"https:\/\/www.versiegelung24.com\/wp-content\/uploads\/2022\/08\/Kategorie_Metall-400x400.jpg\" alt=\"Tesnenie z kovu a plastu\" width=\"400\" height=\"400\" srcset=\"https:\/\/www.versiegelung24.com\/wp-content\/uploads\/2022\/08\/Kategorie_Metall-400x400.jpg 400w, https:\/\/www.versiegelung24.com\/wp-content\/uploads\/2022\/08\/Kategorie_Metall-80x80.jpg 80w, https:\/\/www.versiegelung24.com\/wp-content\/uploads\/2022\/08\/Kategorie_Metall-70x70.jpg 70w, https:\/\/www.versiegelung24.com\/wp-content\/uploads\/2022\/08\/Kategorie_Metall-100x100.jpg 100w\" sizes=\"(max-width: 400px) 100vw, 400px\" \/>\t\t<h2 class=\"woocommerce-loop-category__title\">\n\t\t\tTesnenie z kovu a plastu <mark class=\"count\">(16)<\/mark>\t\t<\/h2>\n\t\t<\/a><\/li>\n<li class=\"product-category product first\">\n\t<a aria-label=\"Nav\u0161t\u00edvi\u0165 kateg\u00f3riu produktov \u010cistiace prostriedky\" href=\"https:\/\/www.versiegelung24.com\/sk\/cistiace-prostriedky\/\"><img loading=\"lazy\" decoding=\"async\" src=\"https:\/\/www.versiegelung24.com\/wp-content\/uploads\/2022\/08\/Kategorie_Bioreiniger-400x400.jpg\" alt=\"\u010cistiace prostriedky\" width=\"400\" height=\"400\" srcset=\"https:\/\/www.versiegelung24.com\/wp-content\/uploads\/2022\/08\/Kategorie_Bioreiniger-400x400.jpg 400w, https:\/\/www.versiegelung24.com\/wp-content\/uploads\/2022\/08\/Kategorie_Bioreiniger-80x80.jpg 80w, https:\/\/www.versiegelung24.com\/wp-content\/uploads\/2022\/08\/Kategorie_Bioreiniger-70x70.jpg 70w, https:\/\/www.versiegelung24.com\/wp-content\/uploads\/2022\/08\/Kategorie_Bioreiniger-100x100.jpg 100w\" sizes=\"(max-width: 400px) 100vw, 400px\" \/>\t\t<h2 class=\"woocommerce-loop-category__title\">\n\t\t\t\u010cistiace prostriedky <mark class=\"count\">(10)<\/mark>\t\t<\/h2>\n\t\t<\/a><\/li>\n<li class=\"product-category product\">\n\t<a aria-label=\"Nav\u0161t\u00edvi\u0165 kateg\u00f3riu produktov Tesnenie ko\u017ee a textilu\" href=\"https:\/\/www.versiegelung24.com\/sk\/tesnenie-z-tekuteho-skla\/tesnenie-koze-a-textilu\/\"><img loading=\"lazy\" decoding=\"async\" src=\"https:\/\/www.versiegelung24.com\/wp-content\/uploads\/2023\/06\/waterpoof-jacket-in-detail-400x400.jpg\" alt=\"Tesnenie ko\u017ee a textilu\" width=\"400\" height=\"400\" srcset=\"https:\/\/www.versiegelung24.com\/wp-content\/uploads\/2023\/06\/waterpoof-jacket-in-detail-400x400.jpg 400w, https:\/\/www.versiegelung24.com\/wp-content\/uploads\/2023\/06\/waterpoof-jacket-in-detail-80x80.jpg 80w, https:\/\/www.versiegelung24.com\/wp-content\/uploads\/2023\/06\/waterpoof-jacket-in-detail-70x70.jpg 70w, https:\/\/www.versiegelung24.com\/wp-content\/uploads\/2023\/06\/waterpoof-jacket-in-detail-100x100.jpg 100w\" sizes=\"(max-width: 400px) 100vw, 400px\" \/>\t\t<h2 class=\"woocommerce-loop-category__title\">\n\t\t\tTesnenie ko\u017ee a textilu <mark class=\"count\">(3)<\/mark>\t\t<\/h2>\n\t\t<\/a><\/li>\n<li class=\"product-category product\">\n\t<a aria-label=\"Nav\u0161t\u00edvi\u0165 kateg\u00f3riu produktov Univerz\u00e1lny tmel\" href=\"https:\/\/www.versiegelung24.com\/sk\/tesnenie-z-tekuteho-skla\/univerzalne-tesnenie\/\"><img loading=\"lazy\" decoding=\"async\" src=\"https:\/\/www.versiegelung24.com\/wp-content\/uploads\/2022\/08\/Kategorie_Universal-400x400.jpg\" alt=\"Univerz\u00e1lny tmel\" width=\"400\" height=\"400\" srcset=\"https:\/\/www.versiegelung24.com\/wp-content\/uploads\/2022\/08\/Kategorie_Universal-400x400.jpg 400w, https:\/\/www.versiegelung24.com\/wp-content\/uploads\/2022\/08\/Kategorie_Universal-80x80.jpg 80w, https:\/\/www.versiegelung24.com\/wp-content\/uploads\/2022\/08\/Kategorie_Universal-70x70.jpg 70w, https:\/\/www.versiegelung24.com\/wp-content\/uploads\/2022\/08\/Kategorie_Universal-100x100.jpg 100w\" sizes=\"(max-width: 400px) 100vw, 400px\" \/>\t\t<h2 class=\"woocommerce-loop-category__title\">\n\t\t\tUniverz\u00e1lny tmel <mark class=\"count\">(13)<\/mark>\t\t<\/h2>\n\t\t<\/a><\/li>\n<li class=\"product-category product last\">\n\t<a aria-label=\"Nav\u0161t\u00edvi\u0165 kateg\u00f3riu produktov Utesnenie dreva\" href=\"https:\/\/www.versiegelung24.com\/sk\/tesnenie-z-tekuteho-skla\/tesnenie-dreva\/\"><img loading=\"lazy\" decoding=\"async\" src=\"https:\/\/www.versiegelung24.com\/wp-content\/uploads\/2022\/08\/Kategorie_Holz-400x400.jpg\" alt=\"Utesnenie dreva\" width=\"400\" height=\"400\" srcset=\"https:\/\/www.versiegelung24.com\/wp-content\/uploads\/2022\/08\/Kategorie_Holz-400x400.jpg 400w, https:\/\/www.versiegelung24.com\/wp-content\/uploads\/2022\/08\/Kategorie_Holz-80x80.jpg 80w, https:\/\/www.versiegelung24.com\/wp-content\/uploads\/2022\/08\/Kategorie_Holz-70x70.jpg 70w, https:\/\/www.versiegelung24.com\/wp-content\/uploads\/2022\/08\/Kategorie_Holz-100x100.jpg 100w\" sizes=\"(max-width: 400px) 100vw, 400px\" \/>\t\t<h2 class=\"woocommerce-loop-category__title\">\n\t\t\tUtesnenie dreva <mark class=\"count\">(3)<\/mark>\t\t<\/h2>\n\t\t<\/a><\/li>\n<\/ul>\n<\/div>\n<\/div>\n","protected":false},"excerpt":{"rendered":"<p>K\u00fapte si v online obchode v\u00fdrobky od spolo\u010dnosti CCM GmbH zo spolo\u010dnosti Overath \/ Nemecko \u201eMade in Germany\u201c je glob\u00e1lny v\u00fdraz pre inov\u00e1cie a najvy\u0161\u0161iu kvalitu a je zn\u00e1my napr\u00edklad v oblasti automobilov, stroj\u00e1rstva a ch\u00e9mie. Okrem ve\u013ek\u00fdch nadn\u00e1rodn\u00fdch spolo\u010dnost\u00ed m\u00e1 Nemecko predov\u0161etk\u00fdm kult\u00faru st\u00e1tis\u00edcov inovat\u00edvnych mal\u00fdch a stredn\u00fdch spolo\u010dnost\u00ed, ktor\u00e9 s\u00fa ve\u013emi kreat\u00edvne a&hellip;&nbsp;<a href=\"https:\/\/www.versiegelung24.com\/sk\/nakupte-produkty-ccm-gmbh-v-online-obchode\/\" rel=\"bookmark\">Read More &raquo;<span class=\"screen-reader-text\">Nak\u00fapte produkty CCM GmbH v online obchode<\/span><\/a><\/p>\n","protected":false},"author":932,"featured_media":70233,"parent":0,"menu_order":0,"comment_status":"closed","ping_status":"closed","template":"","meta":{"_acf_changed":false,"neve_meta_sidebar":"","neve_meta_container":"","neve_meta_enable_content_width":"","neve_meta_content_width":0,"neve_meta_title_alignment":"","neve_meta_author_avatar":"","neve_post_elements_order":"","neve_meta_disable_header":"","neve_meta_disable_footer":"","neve_meta_disable_title":"","neve_meta_reading_time":"","footnotes":""},"categories":[],"seiten_kategorie":[],"class_list":["post-25549","page","type-page","status-publish","has-post-thumbnail","hentry"],"acf":[],"yoast_head":"<!-- This site is optimized with the Yoast SEO Premium plugin v22.8 (Yoast SEO v27.4) - https:\/\/yoast.com\/product\/yoast-seo-premium-wordpress\/ -->\n<title>Nak\u00fapte produkty CCM GmbH v online obchode<\/title>\n<meta name=\"description\" content=\"Nakupujte online tekut\u00e9 sklenen\u00e9 nano tesnenia, \u010distiace prostriedky, dezinfek\u010dn\u00e9 prostriedky a \u010fal\u0161ie produkty od CCM GmbH z Overath Germany.\" \/>\n<meta name=\"robots\" content=\"index, follow, max-snippet:-1, max-image-preview:large, max-video-preview:-1\" \/>\n<link rel=\"canonical\" href=\"https:\/\/www.versiegelung24.com\/sk\/nakupte-produkty-ccm-gmbh-v-online-obchode\/\" \/>\n<meta property=\"og:locale\" content=\"sk_SK\" \/>\n<meta property=\"og:type\" content=\"article\" \/>\n<meta property=\"og:title\" content=\"Nak\u00fapte produkty CCM GmbH v online obchode\" \/>\n<meta property=\"og:description\" content=\"Nakupujte online tekut\u00e9 sklenen\u00e9 nano tesnenia, \u010distiace prostriedky, dezinfek\u010dn\u00e9 prostriedky a \u010fal\u0161ie produkty od CCM GmbH z Overath Germany.\" \/>\n<meta property=\"og:url\" content=\"https:\/\/www.versiegelung24.com\/sk\/nakupte-produkty-ccm-gmbh-v-online-obchode\/\" \/>\n<meta property=\"og:site_name\" content=\"versiegelung24.com\" \/>\n<meta property=\"article:modified_time\" content=\"2024-06-25T18:51:23+00:00\" \/>\n<meta property=\"og:image\" content=\"https:\/\/www.versiegelung24.com\/wp-content\/uploads\/2022\/02\/Flasche.png\" \/>\n\t<meta property=\"og:image:width\" content=\"2560\" \/>\n\t<meta property=\"og:image:height\" content=\"2560\" \/>\n\t<meta property=\"og:image:type\" content=\"image\/png\" \/>\n<meta name=\"twitter:card\" content=\"summary_large_image\" \/>\n<meta name=\"twitter:label1\" content=\"Predpokladan\u00fd \u010das \u010d\u00edtania\" \/>\n\t<meta name=\"twitter:data1\" content=\"2 min\u00faty\" \/>\n<script type=\"application\/ld+json\" class=\"yoast-schema-graph\">{\"@context\":\"https:\\\/\\\/schema.org\",\"@graph\":[{\"@type\":\"WebPage\",\"@id\":\"https:\\\/\\\/www.versiegelung24.com\\\/sk\\\/nakupte-produkty-ccm-gmbh-v-online-obchode\\\/\",\"url\":\"https:\\\/\\\/www.versiegelung24.com\\\/sk\\\/nakupte-produkty-ccm-gmbh-v-online-obchode\\\/\",\"name\":\"Nak\u00fapte produkty CCM GmbH v online obchode\",\"isPartOf\":{\"@id\":\"https:\\\/\\\/www.versiegelung24.com\\\/sk\\\/#website\"},\"primaryImageOfPage\":{\"@id\":\"https:\\\/\\\/www.versiegelung24.com\\\/sk\\\/nakupte-produkty-ccm-gmbh-v-online-obchode\\\/#primaryimage\"},\"image\":{\"@id\":\"https:\\\/\\\/www.versiegelung24.com\\\/sk\\\/nakupte-produkty-ccm-gmbh-v-online-obchode\\\/#primaryimage\"},\"thumbnailUrl\":\"https:\\\/\\\/www.versiegelung24.com\\\/wp-content\\\/uploads\\\/2022\\\/02\\\/Flasche.png\",\"datePublished\":\"2021-08-03T08:29:00+00:00\",\"dateModified\":\"2024-06-25T18:51:23+00:00\",\"description\":\"Nakupujte online tekut\u00e9 sklenen\u00e9 nano tesnenia, \u010distiace prostriedky, dezinfek\u010dn\u00e9 prostriedky a \u010fal\u0161ie produkty od CCM GmbH z Overath Germany.\",\"breadcrumb\":{\"@id\":\"https:\\\/\\\/www.versiegelung24.com\\\/sk\\\/nakupte-produkty-ccm-gmbh-v-online-obchode\\\/#breadcrumb\"},\"inLanguage\":\"sk-SK\",\"potentialAction\":[{\"@type\":\"ReadAction\",\"target\":[\"https:\\\/\\\/www.versiegelung24.com\\\/sk\\\/nakupte-produkty-ccm-gmbh-v-online-obchode\\\/\"]}]},{\"@type\":\"ImageObject\",\"inLanguage\":\"sk-SK\",\"@id\":\"https:\\\/\\\/www.versiegelung24.com\\\/sk\\\/nakupte-produkty-ccm-gmbh-v-online-obchode\\\/#primaryimage\",\"url\":\"https:\\\/\\\/www.versiegelung24.com\\\/wp-content\\\/uploads\\\/2022\\\/02\\\/Flasche.png\",\"contentUrl\":\"https:\\\/\\\/www.versiegelung24.com\\\/wp-content\\\/uploads\\\/2022\\\/02\\\/Flasche.png\",\"width\":2560,\"height\":2560},{\"@type\":\"BreadcrumbList\",\"@id\":\"https:\\\/\\\/www.versiegelung24.com\\\/sk\\\/nakupte-produkty-ccm-gmbh-v-online-obchode\\\/#breadcrumb\",\"itemListElement\":[{\"@type\":\"ListItem\",\"position\":1,\"name\":\"\u00davodn\u00e1 str\u00e1nka\",\"item\":\"https:\\\/\\\/www.versiegelung24.com\\\/sk\\\/predna-strana\\\/\"},{\"@type\":\"ListItem\",\"position\":2,\"name\":\"Nak\u00fapte produkty CCM GmbH v online obchode\"}]},{\"@type\":\"WebSite\",\"@id\":\"https:\\\/\\\/www.versiegelung24.com\\\/sk\\\/#website\",\"url\":\"https:\\\/\\\/www.versiegelung24.com\\\/sk\\\/\",\"name\":\"versiegelung24.com\",\"description\":\"Fl\u00fcssigglas-Versiegelung - Made in Germany\",\"publisher\":{\"@id\":\"https:\\\/\\\/www.versiegelung24.com\\\/sk\\\/#organization\"},\"potentialAction\":[{\"@type\":\"SearchAction\",\"target\":{\"@type\":\"EntryPoint\",\"urlTemplate\":\"https:\\\/\\\/www.versiegelung24.com\\\/sk\\\/?s={search_term_string}\"},\"query-input\":{\"@type\":\"PropertyValueSpecification\",\"valueRequired\":true,\"valueName\":\"search_term_string\"}}],\"inLanguage\":\"sk-SK\"},{\"@type\":\"Organization\",\"@id\":\"https:\\\/\\\/www.versiegelung24.com\\\/sk\\\/#organization\",\"name\":\"versiegelung24\",\"url\":\"https:\\\/\\\/www.versiegelung24.com\\\/sk\\\/\",\"logo\":{\"@type\":\"ImageObject\",\"inLanguage\":\"sk-SK\",\"@id\":\"https:\\\/\\\/www.versiegelung24.com\\\/sk\\\/#\\\/schema\\\/logo\\\/image\\\/\",\"url\":\"https:\\\/\\\/www.versiegelung24.com\\\/wp-content\\\/uploads\\\/2020\\\/04\\\/versiegelung24.png\",\"contentUrl\":\"https:\\\/\\\/www.versiegelung24.com\\\/wp-content\\\/uploads\\\/2020\\\/04\\\/versiegelung24.png\",\"width\":470,\"height\":102,\"caption\":\"versiegelung24\"},\"image\":{\"@id\":\"https:\\\/\\\/www.versiegelung24.com\\\/sk\\\/#\\\/schema\\\/logo\\\/image\\\/\"}}]}<\/script>\n<!-- \/ Yoast SEO Premium plugin. -->","yoast_head_json":{"title":"Nak\u00fapte produkty CCM GmbH v online obchode","description":"Nakupujte online tekut\u00e9 sklenen\u00e9 nano tesnenia, \u010distiace prostriedky, dezinfek\u010dn\u00e9 prostriedky a \u010fal\u0161ie produkty od CCM GmbH z Overath Germany.","robots":{"index":"index","follow":"follow","max-snippet":"max-snippet:-1","max-image-preview":"max-image-preview:large","max-video-preview":"max-video-preview:-1"},"canonical":"https:\/\/www.versiegelung24.com\/sk\/nakupte-produkty-ccm-gmbh-v-online-obchode\/","og_locale":"sk_SK","og_type":"article","og_title":"Nak\u00fapte produkty CCM GmbH v online obchode","og_description":"Nakupujte online tekut\u00e9 sklenen\u00e9 nano tesnenia, \u010distiace prostriedky, dezinfek\u010dn\u00e9 prostriedky a \u010fal\u0161ie produkty od CCM GmbH z Overath Germany.","og_url":"https:\/\/www.versiegelung24.com\/sk\/nakupte-produkty-ccm-gmbh-v-online-obchode\/","og_site_name":"versiegelung24.com","article_modified_time":"2024-06-25T18:51:23+00:00","og_image":[{"width":2560,"height":2560,"url":"https:\/\/www.versiegelung24.com\/wp-content\/uploads\/2022\/02\/Flasche.png","type":"image\/png"}],"twitter_card":"summary_large_image","twitter_misc":{"Predpokladan\u00fd \u010das \u010d\u00edtania":"2 min\u00faty"},"schema":{"@context":"https:\/\/schema.org","@graph":[{"@type":"WebPage","@id":"https:\/\/www.versiegelung24.com\/sk\/nakupte-produkty-ccm-gmbh-v-online-obchode\/","url":"https:\/\/www.versiegelung24.com\/sk\/nakupte-produkty-ccm-gmbh-v-online-obchode\/","name":"Nak\u00fapte produkty CCM GmbH v online obchode","isPartOf":{"@id":"https:\/\/www.versiegelung24.com\/sk\/#website"},"primaryImageOfPage":{"@id":"https:\/\/www.versiegelung24.com\/sk\/nakupte-produkty-ccm-gmbh-v-online-obchode\/#primaryimage"},"image":{"@id":"https:\/\/www.versiegelung24.com\/sk\/nakupte-produkty-ccm-gmbh-v-online-obchode\/#primaryimage"},"thumbnailUrl":"https:\/\/www.versiegelung24.com\/wp-content\/uploads\/2022\/02\/Flasche.png","datePublished":"2021-08-03T08:29:00+00:00","dateModified":"2024-06-25T18:51:23+00:00","description":"Nakupujte online tekut\u00e9 sklenen\u00e9 nano tesnenia, \u010distiace prostriedky, dezinfek\u010dn\u00e9 prostriedky a \u010fal\u0161ie produkty od CCM GmbH z Overath Germany.","breadcrumb":{"@id":"https:\/\/www.versiegelung24.com\/sk\/nakupte-produkty-ccm-gmbh-v-online-obchode\/#breadcrumb"},"inLanguage":"sk-SK","potentialAction":[{"@type":"ReadAction","target":["https:\/\/www.versiegelung24.com\/sk\/nakupte-produkty-ccm-gmbh-v-online-obchode\/"]}]},{"@type":"ImageObject","inLanguage":"sk-SK","@id":"https:\/\/www.versiegelung24.com\/sk\/nakupte-produkty-ccm-gmbh-v-online-obchode\/#primaryimage","url":"https:\/\/www.versiegelung24.com\/wp-content\/uploads\/2022\/02\/Flasche.png","contentUrl":"https:\/\/www.versiegelung24.com\/wp-content\/uploads\/2022\/02\/Flasche.png","width":2560,"height":2560},{"@type":"BreadcrumbList","@id":"https:\/\/www.versiegelung24.com\/sk\/nakupte-produkty-ccm-gmbh-v-online-obchode\/#breadcrumb","itemListElement":[{"@type":"ListItem","position":1,"name":"\u00davodn\u00e1 str\u00e1nka","item":"https:\/\/www.versiegelung24.com\/sk\/predna-strana\/"},{"@type":"ListItem","position":2,"name":"Nak\u00fapte produkty CCM GmbH v online obchode"}]},{"@type":"WebSite","@id":"https:\/\/www.versiegelung24.com\/sk\/#website","url":"https:\/\/www.versiegelung24.com\/sk\/","name":"versiegelung24.com","description":"Fl\u00fcssigglas-Versiegelung - Made in Germany","publisher":{"@id":"https:\/\/www.versiegelung24.com\/sk\/#organization"},"potentialAction":[{"@type":"SearchAction","target":{"@type":"EntryPoint","urlTemplate":"https:\/\/www.versiegelung24.com\/sk\/?s={search_term_string}"},"query-input":{"@type":"PropertyValueSpecification","valueRequired":true,"valueName":"search_term_string"}}],"inLanguage":"sk-SK"},{"@type":"Organization","@id":"https:\/\/www.versiegelung24.com\/sk\/#organization","name":"versiegelung24","url":"https:\/\/www.versiegelung24.com\/sk\/","logo":{"@type":"ImageObject","inLanguage":"sk-SK","@id":"https:\/\/www.versiegelung24.com\/sk\/#\/schema\/logo\/image\/","url":"https:\/\/www.versiegelung24.com\/wp-content\/uploads\/2020\/04\/versiegelung24.png","contentUrl":"https:\/\/www.versiegelung24.com\/wp-content\/uploads\/2020\/04\/versiegelung24.png","width":470,"height":102,"caption":"versiegelung24"},"image":{"@id":"https:\/\/www.versiegelung24.com\/sk\/#\/schema\/logo\/image\/"}}]}},"_links":{"self":[{"href":"https:\/\/www.versiegelung24.com\/sk\/wp-json\/wp\/v2\/pages\/25549","targetHints":{"allow":["GET"]}}],"collection":[{"href":"https:\/\/www.versiegelung24.com\/sk\/wp-json\/wp\/v2\/pages"}],"about":[{"href":"https:\/\/www.versiegelung24.com\/sk\/wp-json\/wp\/v2\/types\/page"}],"author":[{"embeddable":true,"href":"https:\/\/www.versiegelung24.com\/sk\/wp-json\/wp\/v2\/users\/932"}],"replies":[{"embeddable":true,"href":"https:\/\/www.versiegelung24.com\/sk\/wp-json\/wp\/v2\/comments?post=25549"}],"version-history":[{"count":2,"href":"https:\/\/www.versiegelung24.com\/sk\/wp-json\/wp\/v2\/pages\/25549\/revisions"}],"predecessor-version":[{"id":167659,"href":"https:\/\/www.versiegelung24.com\/sk\/wp-json\/wp\/v2\/pages\/25549\/revisions\/167659"}],"wp:featuredmedia":[{"embeddable":true,"href":"https:\/\/www.versiegelung24.com\/sk\/wp-json\/wp\/v2\/media\/70233"}],"wp:attachment":[{"href":"https:\/\/www.versiegelung24.com\/sk\/wp-json\/wp\/v2\/media?parent=25549"}],"wp:term":[{"taxonomy":"category","embeddable":true,"href":"https:\/\/www.versiegelung24.com\/sk\/wp-json\/wp\/v2\/categories?post=25549"},{"taxonomy":"seiten_kategorie","embeddable":true,"href":"https:\/\/www.versiegelung24.com\/sk\/wp-json\/wp\/v2\/seiten_kategorie?post=25549"}],"curies":[{"name":"wp","href":"https:\/\/api.w.org\/{rel}","templated":true}]}}