{"id":25971,"date":"2021-08-03T12:06:27","date_gmt":"2021-08-03T10:06:27","guid":{"rendered":"https:\/\/www.versiegelung24.com\/storno-podmienky-a-storno-formular"},"modified":"2024-06-25T20:51:07","modified_gmt":"2024-06-25T18:51:07","slug":"zasady-zrusenia","status":"publish","type":"page","link":"https:\/\/www.versiegelung24.com\/sk\/zasady-zrusenia\/","title":{"rendered":"Storno podmienky a storno formul\u00e1r"},"content":{"rendered":"<div class=\"main-container col1-layout\">\n<div class=\"main container\">\n<div class=\"inner-container\">\n<div class=\"col-main\">\n<div class=\"std\">\n<p>Spotrebitelia maj\u00fa pr\u00e1vo na odst\u00fapenie od zmluvy v s\u00falade s nasleduj\u00facimi ustanoveniami, pri\u010dom spotrebite\u013eom je ka\u017ed\u00e1 fyzick\u00e1 osoba, ktor\u00e1 uzatv\u00e1ra pr\u00e1vne transakcie na \u00fa\u010dely, ktor\u00e9 nie s\u00fa preva\u017ene komer\u010dn\u00e9 ani samostatne z\u00e1robkovo \u010dinn\u00e9:<\/p>\n<p><strong>A. Storno podmienky<\/strong><\/p>\n<p><strong>Pr\u00e1vo na odst\u00fapenie od zmluvy<br \/>\n<\/strong> M\u00e1te pr\u00e1vo odst\u00fapi\u0165 od tejto zmluvy do 14 dn\u00ed bez uvedenia d\u00f4vodu.<\/p>\n<p>Lehota na odst\u00fapenie od zmluvy je 14 dn\u00ed odo d\u0148a, ke\u010f ste Vy alebo Vami menovan\u00e1 tretia strana, ktor\u00e1 nie je dopravcom, prevzalo posledn\u00fd tovar.<\/p>\n<p>Ak chcete uplatni\u0165 svoje pr\u00e1vo na odst\u00fapenie od zmluvy, mus\u00edte n\u00e1s informova\u0165 (Holger K\u00e4ding, An den Ellmen 14, 53773 Hennef, tel.: 02242-9695650, e-mail: info@versiegelung24.com) prostredn\u00edctvom jasn\u00e9ho vyhl\u00e1senia (napr. listom alebo e-mailom zaslan\u00fdm po\u0161tou) o svojom rozhodnut\u00ed odst\u00fapi\u0165 od tejto zmluvy. Na tento \u00fa\u010del m\u00f4\u017eete pou\u017ei\u0165 prilo\u017een\u00fd vzorov\u00fd formul\u00e1r na odst\u00fapenie od zmluvy, nie je to v\u0161ak povinn\u00e9.<\/p>\n<p>Aby ste dodr\u017eali lehotu na zru\u0161enie, sta\u010d\u00ed, aby ste odoslali ozn\u00e1menie o uplatnen\u00ed svojho pr\u00e1va na zru\u0161enie pred uplynut\u00edm lehoty na zru\u0161enie.<\/p>\n<p><strong><br \/>\nD\u00f4sledky odst\u00fapenia od<\/strong>zmluvy Ak odst\u00fapite od tejto zmluvy, vr\u00e1time v\u00e1m v\u0161etky platby, ktor\u00e9 sme od v\u00e1s prijali, vr\u00e1tane n\u00e1kladov na doru\u010denie (s v\u00fdnimkou dodato\u010dn\u00fdch n\u00e1kladov vypl\u00fdvaj\u00facich z v\u00e1\u0161ho v\u00fdberu in\u00e9ho typu doru\u010denia, ako je najlacnej\u0161\u00ed typ \u0161tandardn\u00e9ho doru\u010denia, ktor\u00fd pon\u00fakame), a to bez zbyto\u010dn\u00e9ho odkladu a v ka\u017edom pr\u00edpade najnesk\u00f4r do 14 dn\u00ed odo d\u0148a, ke\u010f sme boli informovan\u00ed o va\u0161om rozhodnut\u00ed odst\u00fapi\u0165 od tejto zmluvy.<strong><\/strong> Na t\u00fato spl\u00e1tku pou\u017eijeme rovnak\u00fd platobn\u00fd prostriedok, ktor\u00fd ste pou\u017eili pri p\u00f4vodnej transakcii, pokia\u013e s vami nebolo v\u00fdslovne dohodnut\u00e9 nie\u010do in\u00e9; V \u017eiadnom pr\u00edpade v\u00e1m za t\u00fato spl\u00e1tku nebud\u00fa \u00fa\u010dtovan\u00e9 \u017eiadne poplatky. M\u00f4\u017eeme odmietnu\u0165 vr\u00e1tenie platby, pokia\u013e nedostaneme tovar sp\u00e4\u0165 alebo pokia\u013e nepreuk\u00e1\u017eete, \u017ee ste tovar odoslali sp\u00e4\u0165, pod\u013ea toho, \u010do nastane sk\u00f4r.<\/p>\n<p>Tovar n\u00e1m mus\u00edte vr\u00e1ti\u0165 alebo odovzda\u0165 ihne\u010f a v ka\u017edom pr\u00edpade najnesk\u00f4r do \u0161trn\u00e1stich dn\u00ed odo d\u0148a, ke\u010f ste n\u00e1s informovali o zru\u0161en\u00ed tejto zmluvy. Lehota je dodr\u017ean\u00e1, ak tovar odo\u0161lete pred uplynut\u00edm \u0161trn\u00e1stich dn\u00ed.<\/p>\n<p>Priame n\u00e1klady na vr\u00e1tenie tovaru zn\u00e1\u0161ate vy.<\/p>\n<p>Ak\u00fako\u013evek stratu na hodnote tovaru mus\u00edte zaplati\u0165 iba vtedy, ak je t\u00e1to strata hodnoty sp\u00f4soben\u00e1 manipul\u00e1ciou s tovarom, ktor\u00e1 nie je potrebn\u00e1 na kontrolu povahy, vlastnost\u00ed a funk\u010dnosti tovaru.<\/p>\n<p>Vyl\u00fa\u010denie alebo pred\u010dasn\u00e9 uplynutie pr\u00e1va na odst\u00fapenie<\/p>\n<p>Pr\u00e1vo na odst\u00fapenie od zmluvy zanik\u00e1 pred\u010dasne v pr\u00edpade zml\u00fav na dodanie zvukov\u00fdch alebo obrazov\u00fdch z\u00e1znamov alebo po\u010d\u00edta\u010dov\u00e9ho softv\u00e9ru v zape\u010datenom obale, ak bola plomba po dodan\u00ed odstr\u00e1nen\u00e1.<\/p>\n<p><strong>B. Formul\u00e1r na odst\u00fapenie od zmluvy<\/strong><\/p>\n<p>Ak chcete zru\u0161i\u0165 zmluvu, vypl\u0148te pros\u00edm tento formul\u00e1r a odo\u0161lite ho sp\u00e4\u0165.<\/p>\n<p>Zapnut\u00e9<\/p>\n<p>samstore.de<\/p>\n<p>Holger K\u00e4ding<br \/>\nNa Ellmen 14<br \/>\n53773 Hennef<br \/>\nNemecko<br \/>\nE -mail: info@versiegelung24.com<\/p>\n<p>Ja \/ my (*) t\u00fdmto ru\u0161\u00edme zmluvu, ktor\u00fa som ja \/ my (*) uzatvoril na n\u00e1kup nasleduj\u00faceho tovaru (*) \/ poskytnutie nasleduj\u00facej slu\u017eby (*)<\/p>\n<p>_______________________________________________________<\/p>\n<p>_______________________________________________________<\/p>\n<p>Objednan\u00e9 d\u0148a (*) ____________ \/ prijat\u00e9 (*) __________________<\/p>\n<p>________________________________________________________<\/p>\n<p>Meno spotrebite\u013ea<\/p>\n<p>________________________________________________________<\/p>\n<p>Adresa spotrebite\u013ea<\/p>\n<p>________________________________________________________<\/p>\n<p>Podpis spotrebite\u013ea (spotrebite\u013eov) (iba ak je to ozn\u00e1men\u00e9 na papieri)<\/p>\n<p>_________________________<\/p>\n<p>d\u00e1tum<\/p>\n<p>(*) Nehodiace sa pre\u010diarknite<\/p>\n<\/div>\n<\/div>\n<div class=\"postscript\"><\/div>\n<\/div>\n<\/div>\n<div class=\"main-bottom-container\"><\/div>\n<\/div>\n<div class=\"footer-container\">\n<div class=\"footer-container2\">\n<div class=\"footer-container3\">\n<div class=\"footer-primary-container section-container\">\n<div class=\"footer-primary footer container\">\n<div class=\"inner-container\">\n<div class=\"clearer\">\n<div class=\"grid12-3\">\n<div class=\"std\">\n<div class=\"collapsible mobile-collapsible\"><\/div>\n<\/div>\n<\/div>\n<\/div>\n<\/div>\n<\/div>\n<\/div>\n<\/div>\n<\/div>\n<\/div>\n","protected":false},"excerpt":{"rendered":"<p>Spotrebitelia maj\u00fa pr\u00e1vo na odst\u00fapenie od zmluvy v s\u00falade s nasleduj\u00facimi ustanoveniami, pri\u010dom spotrebite\u013eom je ka\u017ed\u00e1 fyzick\u00e1 osoba, ktor\u00e1 uzatv\u00e1ra pr\u00e1vne transakcie na \u00fa\u010dely, ktor\u00e9 nie s\u00fa preva\u017ene komer\u010dn\u00e9 ani samostatne z\u00e1robkovo \u010dinn\u00e9: A. Storno podmienky Pr\u00e1vo na odst\u00fapenie od zmluvy M\u00e1te pr\u00e1vo odst\u00fapi\u0165 od tejto zmluvy do 14 dn\u00ed bez uvedenia d\u00f4vodu. Lehota na&hellip;&nbsp;<a href=\"https:\/\/www.versiegelung24.com\/sk\/zasady-zrusenia\/\" rel=\"bookmark\">Read More &raquo;<span class=\"screen-reader-text\">Storno podmienky a storno formul\u00e1r<\/span><\/a><\/p>\n","protected":false},"author":932,"featured_media":71034,"parent":0,"menu_order":0,"comment_status":"closed","ping_status":"closed","template":"","meta":{"_acf_changed":false,"neve_meta_sidebar":"","neve_meta_container":"","neve_meta_enable_content_width":"","neve_meta_content_width":0,"neve_meta_title_alignment":"","neve_meta_author_avatar":"","neve_post_elements_order":"","neve_meta_disable_header":"","neve_meta_disable_footer":"","neve_meta_disable_title":"","neve_meta_reading_time":"","footnotes":""},"categories":[],"seiten_kategorie":[],"class_list":["post-25971","page","type-page","status-publish","has-post-thumbnail","hentry"],"acf":[],"yoast_head":"<!-- This site is optimized with the Yoast SEO Premium plugin v22.8 (Yoast SEO v27.5) - https:\/\/yoast.com\/product\/yoast-seo-premium-wordpress\/ -->\n<title>Storno podmienky a storno formul\u00e1r - versiegelung24.com<\/title>\n<meta name=\"robots\" content=\"index, follow, max-snippet:-1, max-image-preview:large, max-video-preview:-1\" \/>\n<link rel=\"canonical\" href=\"https:\/\/www.versiegelung24.com\/sk\/zasady-zrusenia\/\" \/>\n<meta property=\"og:locale\" content=\"sk_SK\" \/>\n<meta property=\"og:type\" content=\"article\" \/>\n<meta property=\"og:title\" content=\"Storno podmienky a storno formul\u00e1r\" \/>\n<meta property=\"og:description\" content=\"Spotrebitelia maj\u00fa pr\u00e1vo na odst\u00fapenie od zmluvy v s\u00falade s nasleduj\u00facimi ustanoveniami, pri\u010dom spotrebite\u013eom je ka\u017ed\u00e1 fyzick\u00e1 osoba, ktor\u00e1 uzatv\u00e1ra pr\u00e1vne transakcie na \u00fa\u010dely, ktor\u00e9 nie s\u00fa preva\u017ene komer\u010dn\u00e9 ani samostatne z\u00e1robkovo \u010dinn\u00e9: A. Storno podmienky Pr\u00e1vo na odst\u00fapenie od zmluvy M\u00e1te pr\u00e1vo odst\u00fapi\u0165 od tejto zmluvy do 14 dn\u00ed bez uvedenia d\u00f4vodu. Lehota na&hellip;&nbsp;Read More &raquo;Storno podmienky a storno formul\u00e1r\" \/>\n<meta property=\"og:url\" content=\"https:\/\/www.versiegelung24.com\/sk\/zasady-zrusenia\/\" \/>\n<meta property=\"og:site_name\" content=\"versiegelung24.com\" \/>\n<meta property=\"article:modified_time\" content=\"2024-06-25T18:51:07+00:00\" \/>\n<meta property=\"og:image\" content=\"https:\/\/www.versiegelung24.com\/wp-content\/uploads\/2022\/02\/Widerruf.png\" \/>\n\t<meta property=\"og:image:width\" content=\"2000\" \/>\n\t<meta property=\"og:image:height\" content=\"2000\" \/>\n\t<meta property=\"og:image:type\" content=\"image\/png\" \/>\n<meta name=\"twitter:card\" content=\"summary_large_image\" \/>\n<meta name=\"twitter:label1\" content=\"Predpokladan\u00fd \u010das \u010d\u00edtania\" \/>\n\t<meta name=\"twitter:data1\" content=\"3 min\u00faty\" \/>\n<script type=\"application\/ld+json\" class=\"yoast-schema-graph\">{\"@context\":\"https:\\\/\\\/schema.org\",\"@graph\":[{\"@type\":\"WebPage\",\"@id\":\"https:\\\/\\\/www.versiegelung24.com\\\/sk\\\/zasady-zrusenia\\\/\",\"url\":\"https:\\\/\\\/www.versiegelung24.com\\\/sk\\\/zasady-zrusenia\\\/\",\"name\":\"Storno podmienky a storno formul\u00e1r - versiegelung24.com\",\"isPartOf\":{\"@id\":\"https:\\\/\\\/www.versiegelung24.com\\\/sk\\\/#website\"},\"primaryImageOfPage\":{\"@id\":\"https:\\\/\\\/www.versiegelung24.com\\\/sk\\\/zasady-zrusenia\\\/#primaryimage\"},\"image\":{\"@id\":\"https:\\\/\\\/www.versiegelung24.com\\\/sk\\\/zasady-zrusenia\\\/#primaryimage\"},\"thumbnailUrl\":\"https:\\\/\\\/www.versiegelung24.com\\\/wp-content\\\/uploads\\\/2022\\\/02\\\/Widerruf.png\",\"datePublished\":\"2021-08-03T10:06:27+00:00\",\"dateModified\":\"2024-06-25T18:51:07+00:00\",\"breadcrumb\":{\"@id\":\"https:\\\/\\\/www.versiegelung24.com\\\/sk\\\/zasady-zrusenia\\\/#breadcrumb\"},\"inLanguage\":\"sk-SK\",\"potentialAction\":[{\"@type\":\"ReadAction\",\"target\":[\"https:\\\/\\\/www.versiegelung24.com\\\/sk\\\/zasady-zrusenia\\\/\"]}]},{\"@type\":\"ImageObject\",\"inLanguage\":\"sk-SK\",\"@id\":\"https:\\\/\\\/www.versiegelung24.com\\\/sk\\\/zasady-zrusenia\\\/#primaryimage\",\"url\":\"https:\\\/\\\/www.versiegelung24.com\\\/wp-content\\\/uploads\\\/2022\\\/02\\\/Widerruf.png\",\"contentUrl\":\"https:\\\/\\\/www.versiegelung24.com\\\/wp-content\\\/uploads\\\/2022\\\/02\\\/Widerruf.png\",\"width\":2000,\"height\":2000},{\"@type\":\"BreadcrumbList\",\"@id\":\"https:\\\/\\\/www.versiegelung24.com\\\/sk\\\/zasady-zrusenia\\\/#breadcrumb\",\"itemListElement\":[{\"@type\":\"ListItem\",\"position\":1,\"name\":\"\u00davodn\u00e1 str\u00e1nka\",\"item\":\"https:\\\/\\\/www.versiegelung24.com\\\/sk\\\/predna-strana\\\/\"},{\"@type\":\"ListItem\",\"position\":2,\"name\":\"Storno podmienky a storno formul\u00e1r\"}]},{\"@type\":\"WebSite\",\"@id\":\"https:\\\/\\\/www.versiegelung24.com\\\/sk\\\/#website\",\"url\":\"https:\\\/\\\/www.versiegelung24.com\\\/sk\\\/\",\"name\":\"versiegelung24.com\",\"description\":\"Fl\u00fcssigglas-Versiegelung - Made in Germany\",\"publisher\":{\"@id\":\"https:\\\/\\\/www.versiegelung24.com\\\/sk\\\/#organization\"},\"potentialAction\":[{\"@type\":\"SearchAction\",\"target\":{\"@type\":\"EntryPoint\",\"urlTemplate\":\"https:\\\/\\\/www.versiegelung24.com\\\/sk\\\/?s={search_term_string}\"},\"query-input\":{\"@type\":\"PropertyValueSpecification\",\"valueRequired\":true,\"valueName\":\"search_term_string\"}}],\"inLanguage\":\"sk-SK\"},{\"@type\":\"Organization\",\"@id\":\"https:\\\/\\\/www.versiegelung24.com\\\/sk\\\/#organization\",\"name\":\"versiegelung24\",\"url\":\"https:\\\/\\\/www.versiegelung24.com\\\/sk\\\/\",\"logo\":{\"@type\":\"ImageObject\",\"inLanguage\":\"sk-SK\",\"@id\":\"https:\\\/\\\/www.versiegelung24.com\\\/sk\\\/#\\\/schema\\\/logo\\\/image\\\/\",\"url\":\"https:\\\/\\\/www.versiegelung24.com\\\/wp-content\\\/uploads\\\/2020\\\/04\\\/versiegelung24.png\",\"contentUrl\":\"https:\\\/\\\/www.versiegelung24.com\\\/wp-content\\\/uploads\\\/2020\\\/04\\\/versiegelung24.png\",\"width\":470,\"height\":102,\"caption\":\"versiegelung24\"},\"image\":{\"@id\":\"https:\\\/\\\/www.versiegelung24.com\\\/sk\\\/#\\\/schema\\\/logo\\\/image\\\/\"}}]}<\/script>\n<!-- \/ Yoast SEO Premium plugin. -->","yoast_head_json":{"title":"Storno podmienky a storno formul\u00e1r - versiegelung24.com","robots":{"index":"index","follow":"follow","max-snippet":"max-snippet:-1","max-image-preview":"max-image-preview:large","max-video-preview":"max-video-preview:-1"},"canonical":"https:\/\/www.versiegelung24.com\/sk\/zasady-zrusenia\/","og_locale":"sk_SK","og_type":"article","og_title":"Storno podmienky a storno formul\u00e1r","og_description":"Spotrebitelia maj\u00fa pr\u00e1vo na odst\u00fapenie od zmluvy v s\u00falade s nasleduj\u00facimi ustanoveniami, pri\u010dom spotrebite\u013eom je ka\u017ed\u00e1 fyzick\u00e1 osoba, ktor\u00e1 uzatv\u00e1ra pr\u00e1vne transakcie na \u00fa\u010dely, ktor\u00e9 nie s\u00fa preva\u017ene komer\u010dn\u00e9 ani samostatne z\u00e1robkovo \u010dinn\u00e9: A. Storno podmienky Pr\u00e1vo na odst\u00fapenie od zmluvy M\u00e1te pr\u00e1vo odst\u00fapi\u0165 od tejto zmluvy do 14 dn\u00ed bez uvedenia d\u00f4vodu. Lehota na&hellip;&nbsp;Read More &raquo;Storno podmienky a storno formul\u00e1r","og_url":"https:\/\/www.versiegelung24.com\/sk\/zasady-zrusenia\/","og_site_name":"versiegelung24.com","article_modified_time":"2024-06-25T18:51:07+00:00","og_image":[{"width":2000,"height":2000,"url":"https:\/\/www.versiegelung24.com\/wp-content\/uploads\/2022\/02\/Widerruf.png","type":"image\/png"}],"twitter_card":"summary_large_image","twitter_misc":{"Predpokladan\u00fd \u010das \u010d\u00edtania":"3 min\u00faty"},"schema":{"@context":"https:\/\/schema.org","@graph":[{"@type":"WebPage","@id":"https:\/\/www.versiegelung24.com\/sk\/zasady-zrusenia\/","url":"https:\/\/www.versiegelung24.com\/sk\/zasady-zrusenia\/","name":"Storno podmienky a storno formul\u00e1r - versiegelung24.com","isPartOf":{"@id":"https:\/\/www.versiegelung24.com\/sk\/#website"},"primaryImageOfPage":{"@id":"https:\/\/www.versiegelung24.com\/sk\/zasady-zrusenia\/#primaryimage"},"image":{"@id":"https:\/\/www.versiegelung24.com\/sk\/zasady-zrusenia\/#primaryimage"},"thumbnailUrl":"https:\/\/www.versiegelung24.com\/wp-content\/uploads\/2022\/02\/Widerruf.png","datePublished":"2021-08-03T10:06:27+00:00","dateModified":"2024-06-25T18:51:07+00:00","breadcrumb":{"@id":"https:\/\/www.versiegelung24.com\/sk\/zasady-zrusenia\/#breadcrumb"},"inLanguage":"sk-SK","potentialAction":[{"@type":"ReadAction","target":["https:\/\/www.versiegelung24.com\/sk\/zasady-zrusenia\/"]}]},{"@type":"ImageObject","inLanguage":"sk-SK","@id":"https:\/\/www.versiegelung24.com\/sk\/zasady-zrusenia\/#primaryimage","url":"https:\/\/www.versiegelung24.com\/wp-content\/uploads\/2022\/02\/Widerruf.png","contentUrl":"https:\/\/www.versiegelung24.com\/wp-content\/uploads\/2022\/02\/Widerruf.png","width":2000,"height":2000},{"@type":"BreadcrumbList","@id":"https:\/\/www.versiegelung24.com\/sk\/zasady-zrusenia\/#breadcrumb","itemListElement":[{"@type":"ListItem","position":1,"name":"\u00davodn\u00e1 str\u00e1nka","item":"https:\/\/www.versiegelung24.com\/sk\/predna-strana\/"},{"@type":"ListItem","position":2,"name":"Storno podmienky a storno formul\u00e1r"}]},{"@type":"WebSite","@id":"https:\/\/www.versiegelung24.com\/sk\/#website","url":"https:\/\/www.versiegelung24.com\/sk\/","name":"versiegelung24.com","description":"Fl\u00fcssigglas-Versiegelung - Made in Germany","publisher":{"@id":"https:\/\/www.versiegelung24.com\/sk\/#organization"},"potentialAction":[{"@type":"SearchAction","target":{"@type":"EntryPoint","urlTemplate":"https:\/\/www.versiegelung24.com\/sk\/?s={search_term_string}"},"query-input":{"@type":"PropertyValueSpecification","valueRequired":true,"valueName":"search_term_string"}}],"inLanguage":"sk-SK"},{"@type":"Organization","@id":"https:\/\/www.versiegelung24.com\/sk\/#organization","name":"versiegelung24","url":"https:\/\/www.versiegelung24.com\/sk\/","logo":{"@type":"ImageObject","inLanguage":"sk-SK","@id":"https:\/\/www.versiegelung24.com\/sk\/#\/schema\/logo\/image\/","url":"https:\/\/www.versiegelung24.com\/wp-content\/uploads\/2020\/04\/versiegelung24.png","contentUrl":"https:\/\/www.versiegelung24.com\/wp-content\/uploads\/2020\/04\/versiegelung24.png","width":470,"height":102,"caption":"versiegelung24"},"image":{"@id":"https:\/\/www.versiegelung24.com\/sk\/#\/schema\/logo\/image\/"}}]}},"_links":{"self":[{"href":"https:\/\/www.versiegelung24.com\/sk\/wp-json\/wp\/v2\/pages\/25971","targetHints":{"allow":["GET"]}}],"collection":[{"href":"https:\/\/www.versiegelung24.com\/sk\/wp-json\/wp\/v2\/pages"}],"about":[{"href":"https:\/\/www.versiegelung24.com\/sk\/wp-json\/wp\/v2\/types\/page"}],"author":[{"embeddable":true,"href":"https:\/\/www.versiegelung24.com\/sk\/wp-json\/wp\/v2\/users\/932"}],"replies":[{"embeddable":true,"href":"https:\/\/www.versiegelung24.com\/sk\/wp-json\/wp\/v2\/comments?post=25971"}],"version-history":[{"count":3,"href":"https:\/\/www.versiegelung24.com\/sk\/wp-json\/wp\/v2\/pages\/25971\/revisions"}],"predecessor-version":[{"id":167638,"href":"https:\/\/www.versiegelung24.com\/sk\/wp-json\/wp\/v2\/pages\/25971\/revisions\/167638"}],"wp:featuredmedia":[{"embeddable":true,"href":"https:\/\/www.versiegelung24.com\/sk\/wp-json\/wp\/v2\/media\/71034"}],"wp:attachment":[{"href":"https:\/\/www.versiegelung24.com\/sk\/wp-json\/wp\/v2\/media?parent=25971"}],"wp:term":[{"taxonomy":"category","embeddable":true,"href":"https:\/\/www.versiegelung24.com\/sk\/wp-json\/wp\/v2\/categories?post=25971"},{"taxonomy":"seiten_kategorie","embeddable":true,"href":"https:\/\/www.versiegelung24.com\/sk\/wp-json\/wp\/v2\/seiten_kategorie?post=25971"}],"curies":[{"name":"wp","href":"https:\/\/api.w.org\/{rel}","templated":true}]}}