{"id":41163,"date":"2021-12-14T14:16:33","date_gmt":"2021-12-14T13:16:33","guid":{"rendered":"https:\/\/www.versiegelung24.com\/rady-k-vyrobkom-versiegelung24\/know-how\/ochrana-proti-graffiti"},"modified":"2024-09-01T18:16:59","modified_gmt":"2024-09-01T16:16:59","slug":"ochrana-proti-graffiti-pomocou-tekuteho-skla","status":"publish","type":"page","link":"https:\/\/www.versiegelung24.com\/sk\/rady-k-vyrobkom-versiegelung24\/know-how\/ochrana-proti-graffiti-pomocou-tekuteho-skla\/","title":{"rendered":"Ochrana fas\u00e1dy proti graffiti"},"content":{"rendered":"\n<h1 class=\"wp-block-heading\" id=\"h-graffiti-schutz-mit-flussigglas\">Ochrana graffiti pomocou tekut\u00e9ho skla<\/h1>\n\n<p>Toto video by malo by\u0165 obzvl\u00e1\u0161\u0165 zauj\u00edmav\u00e9 pre mest\u00e1 a obce alebo pre majite\u013eov po\u0161koden\u00fdch nehnute\u013enost\u00ed, ktor\u00ed u\u017e maj\u00fa sk\u00fasenosti s kontamin\u00e1ciou postrekova\u010dmi graffiti. Farby \u201eumelcov\u201c s\u00fa trval\u00e9 a pri striekan\u00ed prenikaj\u00fa do bet\u00f3nu alebo kame\u0148a. V\u00fdsledkom je, \u017ee odstr\u00e1nenie graffiti je ve\u013emi n\u00e1kladn\u00e9 a \u010dasovo n\u00e1ro\u010dn\u00e9, \u010do sa zvy\u010dajne mus\u00ed vykona\u0165 profesion\u00e1lne.<\/p>\n\n<figure class=\"wp-block-embed aligncenter is-type-video is-provider-youtube wp-block-embed-youtube wp-embed-aspect-16-9 wp-has-aspect-ratio\"><div class=\"wp-block-embed__wrapper\"> \n<div class=\"nv-iframe-embed\"><iframe title=\"Graffiti Protection Pro 626 - How does it work?\" width=\"1200\" height=\"675\" src=\"https:\/\/www.youtube.com\/embed\/dP9jGmUvoek?feature=oembed\" frameborder=\"0\" allow=\"accelerometer; autoplay; clipboard-write; encrypted-media; gyroscope; picture-in-picture\" allowfullscreen><\/iframe><\/div>\n <\/div><\/figure>\n\n<div class=\"wp-block-columns is-layout-flex wp-container-core-columns-is-layout-9d6595d7 wp-block-columns-is-layout-flex\">\n<div class=\"wp-block-column is-layout-flow wp-block-column-is-layout-flow\" style=\"flex-basis:66.66%\">\n<p>Video ukazuje porovnanie s dvoma bet\u00f3nov\u00fdmi tehlami:<\/p>\n\n\n\n<p><a href=\"https:\/\/www.versiegelung24.com\/sk\/antigraffiti-ochranny-nater-vysoko-ucinne-fasadne-tesnenie.html\">Jeden kame\u0148 je \u00faplne utesnen\u00fd tekut\u00fdm sklom<\/a> , druh\u00fd nie. Teraz, ako n\u00e1protivok k farebn\u00e9mu spreju, je fixkou na pr\u00edslu\u0161n\u00fd kame\u0148 nama\u013eovan\u00fd kr\u00ed\u017e. Aj tu m\u00f4\u017eete okam\u017eite vidie\u0165 &#8211; v pr\u00edpade neupraven\u00e9ho kame\u0148a sa \u010dierna farba okam\u017eite vtiahne, kr\u00ed\u017e je dobre vidite\u013en\u00fd. Ke\u010f je kame\u0148 zape\u010daten\u00fd, farba nem\u00f4\u017ee prenikn\u00fa\u0165 do <a href=\"https:\/\/www.versiegelung24.com\/sk\/antigraffiti-ochranny-nater-vysoko-ucinne-fasadne-tesnenie.html\" target=\"_blank\" rel=\"noreferrer noopener\">tekut\u00e9ho<\/a> skla, \u010do znamen\u00e1, \u017ee neexistuje \u017eiadna pri\u013enavos\u0165. Kr\u00ed\u017e je preto iba slabo vidite\u013en\u00fd a d\u00e1 sa odstr\u00e1ni\u0165 iba vodou bez zanechania zvy\u0161kov. M\u00e1rne sa to pok\u00fa\u0161ate urobi\u0165 s neupravenou tehlou vo videu. V mnoh\u00fdch pr\u00edpadoch mo\u017eno \u010distenie vykona\u0165 len pomocou vody, ale \u00fa\u010dinnos\u0165 sa m\u00f4\u017ee l\u00ed\u0161i\u0165 v z\u00e1vislosti od typu graffiti.<\/p>\n\n\n\n<p>Na ochranu povrchu pred graffiti mo\u017eno pou\u017ei\u0165 tekut\u00fd n\u00e1ter na sklo.\nPri spr\u00e1vnej aplik\u00e1cii a za priazniv\u00fdch podmienok m\u00f4\u017ee ochrann\u00fd \u00fa\u010dinok vydr\u017ea\u0165 a\u017e 20 rokov. <\/p>\n\n\n\n<p>Pozrite si video, aby ste videli, ako \u013eahko sa bet\u00f3n utes\u0148uje: Pred nanesen\u00edm tekut\u00e9ho sklenen\u00e9ho n\u00e1teru je potrebn\u00e9 povrch d\u00f4kladne o\u010disti\u0165 a vysu\u0161i\u0165, aby sa zabezpe\u010dila optim\u00e1lna pri\u013enavos\u0165 a rovnomern\u00e9 rozlo\u017eenie tmelu.<\/p>\n<\/div>\n\n\n\n<div class=\"wp-block-column is-layout-flow wp-block-column-is-layout-flow\" style=\"flex-basis:33.33%\"><div class=\"wp-block-image\">\n<figure class=\"alignright size-full is-resized\"><img fetchpriority=\"high\" decoding=\"async\" width=\"1000\" height=\"1000\" src=\"https:\/\/www.versiegelung24.com\/wp-content\/uploads\/2021\/12\/graf-1.jpg\" alt=\"\" class=\"wp-image-40868\" style=\"width:313px;height:313px\" srcset=\"https:\/\/www.versiegelung24.com\/wp-content\/uploads\/2021\/12\/graf-1.jpg 1000w, https:\/\/www.versiegelung24.com\/wp-content\/uploads\/2021\/12\/graf-1-400x400.jpg 400w, https:\/\/www.versiegelung24.com\/wp-content\/uploads\/2021\/12\/graf-1-100x100.jpg 100w, https:\/\/www.versiegelung24.com\/wp-content\/uploads\/2021\/12\/graf-1-600x600.jpg 600w, https:\/\/www.versiegelung24.com\/wp-content\/uploads\/2021\/12\/graf-1-300x300.jpg 300w, https:\/\/www.versiegelung24.com\/wp-content\/uploads\/2021\/12\/graf-1-80x80.jpg 80w, https:\/\/www.versiegelung24.com\/wp-content\/uploads\/2021\/12\/graf-1-768x768.jpg 768w\" sizes=\"(max-width: 1000px) 100vw, 1000px\" \/><\/figure>\n<\/div><\/div>\n<\/div>\n<div class=\"woocommerce columns-4 \"><ul class=\"products columns-4\">\n<li class=\"product type-product post-23969 status-publish first instock product_cat-tesnenie-kamena-a-betonu has-post-thumbnail taxable shipping-taxable purchasable product-type-variable has-default-attributes\">\n\t<div class=\"nv-card-content-wrapper\"><a href=\"https:\/\/www.versiegelung24.com\/sk\/antigraffiti-ochranny-nater-vysoko-ucinne-fasadne-tesnenie.html\" class=\"woocommerce-LoopProduct-link woocommerce-loop-product__link\"><div class=\"sp-product-image \"><div class=\"img-wrap\"><img decoding=\"async\" width=\"400\" height=\"400\" src=\"https:\/\/www.versiegelung24.com\/wp-content\/uploads\/2020\/04\/7626-anti-graffiti-400x400.webp\" class=\"attachment-woocommerce_thumbnail size-woocommerce_thumbnail\" alt=\"Ochrann\u00fd n\u00e1ter proti graffiti - n\u00e1ter proti graffiti\" srcset=\"https:\/\/www.versiegelung24.com\/wp-content\/uploads\/2020\/04\/7626-anti-graffiti-400x400.webp 400w, https:\/\/www.versiegelung24.com\/wp-content\/uploads\/2020\/04\/7626-anti-graffiti-300x300.webp 300w, https:\/\/www.versiegelung24.com\/wp-content\/uploads\/2020\/04\/7626-anti-graffiti-1300x1300.webp 1300w, https:\/\/www.versiegelung24.com\/wp-content\/uploads\/2020\/04\/7626-anti-graffiti-80x80.webp 80w, https:\/\/www.versiegelung24.com\/wp-content\/uploads\/2020\/04\/7626-anti-graffiti-768x768.webp 768w, https:\/\/www.versiegelung24.com\/wp-content\/uploads\/2020\/04\/7626-anti-graffiti-1536x1536.webp 1536w, https:\/\/www.versiegelung24.com\/wp-content\/uploads\/2020\/04\/7626-anti-graffiti-2048x2048.webp 2048w, https:\/\/www.versiegelung24.com\/wp-content\/uploads\/2020\/04\/7626-anti-graffiti-70x70.webp 70w, https:\/\/www.versiegelung24.com\/wp-content\/uploads\/2020\/04\/7626-anti-graffiti-600x600.webp 600w, https:\/\/www.versiegelung24.com\/wp-content\/uploads\/2020\/04\/7626-anti-graffiti-100x100.webp 100w\" sizes=\"(max-width: 400px) 100vw, 400px\" \/><\/div><\/div><h2 class=\"woocommerce-loop-product__title\">Ochrann\u00fd n\u00e1ter proti graffiti &#8211; n\u00e1ter proti graffiti<\/h2>\n\t<span class=\"price\"><span class=\"woocommerce-Price-amount amount\"><bdi>359,00<span class=\"woocommerce-Price-currencySymbol\">&euro;<\/span><\/bdi><\/span><\/span>\n\n\n\t<p class=\"price price-unit smaller wc-gzd-additional-info wc-gzd-additional-info-loop\">(<span class=\"woocommerce-Price-amount amount\">71,80<span class=\"woocommerce-Price-currencySymbol\">&euro;<\/span><\/span> \/ <span class=\"unit\">l<\/span>)<\/p>\n\n<\/a>\t\t<p class=\"artikelnummer wc-gzd-additional-info\">\n\t\t\tKatal\u00f3gov\u00e9 \u010d\u00edslo: 9201-7626-5000\t\t<\/p>\n\t\t\n\t<p class=\"wc-gzd-additional-info wc-gzd-additional-info-loop product-units-wrapper product-units\">Obsah: 5 <span class=\"unit\">l<\/span><\/p>\n\t\t<p class=\"lagerbestand wc-gzd-additional-info\">\n\t\t\t<strong>\n\t\t\t\tSklad\t\t\t\t:\n\t\t\t<\/strong>\n\t\t\tNa sklade\t\t<\/p>\n\t\t\n\t<p class=\"wc-gzd-additional-info delivery-time-info wc-gzd-additional-info-loop\"><span class=\"delivery-time-inner delivery-time-7-pracovnch-dn\">\u010cas dodania:  <span class=\"delivery-time-data\">7 pracovn\u00fdch dn\u00ed<\/span><\/span><\/p>\n\n\t<p class=\"wc-gzd-additional-info wc-gzd-additional-info-loop tax-info\">incl. VAT<\/p>\n\n\t<p class=\"wc-gzd-additional-info wc-gzd-additional-info-loop shipping-costs-info\">plus  <a href=\"https:\/\/www.versiegelung24.com\/sk\/rady-k-vyrobkom-versiegelung24\/doprava\/\" target=\"_blank\">Doprava<\/a><\/p>\n<a href=\"https:\/\/www.versiegelung24.com\/sk\/antigraffiti-ochranny-nater-vysoko-ucinne-fasadne-tesnenie.html\" aria-describedby=\"woocommerce_loop_add_to_cart_link_describedby_23969\" data-quantity=\"1\" class=\"button product_type_variable add_to_cart_button\" data-product_id=\"23969\" data-product_sku=\"9201-7626-5000\" aria-label=\"V\u00fdber nastaven\u00ed pre &ldquo;Ochrann\u00fd n\u00e1ter proti graffiti - n\u00e1ter proti graffiti&rdquo;\" rel=\"nofollow\">V\u00fdber mo\u017enost\u00ed<\/a>\t<span id=\"woocommerce_loop_add_to_cart_link_describedby_23969\" class=\"screen-reader-text\">\n\t\tTento produkt m\u00e1 viacero variantov. Mo\u017enosti si m\u00f4\u017eete vybra\u0165 na str\u00e1nke produktu.\t<\/span>\n<\/div><\/li>\n<\/ul>\n<\/div>\n\n","protected":false},"excerpt":{"rendered":"<p>Vyhl\u00e1ste vojnu graffiti &#8211; \u00fa\u010dinn\u00e1 ochrana va\u0161ej fas\u00e1dy pomocou tekut\u00e9ho skla.<\/p>\n","protected":false},"author":932,"featured_media":40889,"parent":34650,"menu_order":0,"comment_status":"closed","ping_status":"closed","template":"","meta":{"_acf_changed":false,"neve_meta_sidebar":"full-width","neve_meta_container":"","neve_meta_enable_content_width":"on","neve_meta_content_width":100,"neve_meta_title_alignment":"","neve_meta_author_avatar":"","neve_post_elements_order":"","neve_meta_disable_header":"","neve_meta_disable_footer":"","neve_meta_disable_title":"","neve_meta_reading_time":"","footnotes":""},"categories":[3599,3512],"seiten_kategorie":[3840],"class_list":["post-41163","page","type-page","status-publish","has-post-thumbnail","hentry","category-dom-a-zahrada","category-poradenstvo-clanok-casopis"],"acf":[],"yoast_head":"<!-- This site is optimized with the Yoast SEO Premium plugin v22.8 (Yoast SEO v27.5) - https:\/\/yoast.com\/product\/yoast-seo-premium-wordpress\/ -->\n<title>Tekut\u00fd tmel pre diev\u010dat\u00e1 - Ochrana fas\u00e1dy proti graffiti - versiegelung24.com<\/title>\n<meta name=\"description\" content=\"Tekut\u00fd tmel ako ochrana proti graffiti. Zistite od n\u00e1s, ako si m\u00f4\u017eete chr\u00e1ni\u0165 svoje veci.\" \/>\n<meta name=\"robots\" content=\"index, follow, max-snippet:-1, max-image-preview:large, max-video-preview:-1\" \/>\n<link rel=\"canonical\" href=\"https:\/\/www.versiegelung24.com\/sk\/rady-k-vyrobkom-versiegelung24\/know-how\/ochrana-proti-graffiti-pomocou-tekuteho-skla\/\" \/>\n<meta property=\"og:locale\" content=\"sk_SK\" \/>\n<meta property=\"og:type\" content=\"article\" \/>\n<meta property=\"og:title\" content=\"Ochrana fas\u00e1dy proti graffiti\" \/>\n<meta property=\"og:description\" content=\"Tekut\u00fd tmel ako ochrana proti graffiti. Zistite od n\u00e1s, ako si m\u00f4\u017eete chr\u00e1ni\u0165 svoje veci.\" \/>\n<meta property=\"og:url\" content=\"https:\/\/www.versiegelung24.com\/sk\/rady-k-vyrobkom-versiegelung24\/know-how\/ochrana-proti-graffiti-pomocou-tekuteho-skla\/\" \/>\n<meta property=\"og:site_name\" content=\"versiegelung24.com\" \/>\n<meta property=\"article:modified_time\" content=\"2024-09-01T16:16:59+00:00\" \/>\n<meta property=\"og:image\" content=\"https:\/\/www.versiegelung24.com\/wp-content\/uploads\/2021\/12\/graf-1.jpg\" \/>\n\t<meta property=\"og:image:width\" content=\"1000\" \/>\n\t<meta property=\"og:image:height\" content=\"1000\" \/>\n\t<meta property=\"og:image:type\" content=\"image\/jpeg\" \/>\n<meta name=\"twitter:card\" content=\"summary_large_image\" \/>\n<meta name=\"twitter:label1\" content=\"Predpokladan\u00fd \u010das \u010d\u00edtania\" \/>\n\t<meta name=\"twitter:data1\" content=\"2 min\u00faty\" \/>\n<script type=\"application\/ld+json\" class=\"yoast-schema-graph\">{\"@context\":\"https:\\\/\\\/schema.org\",\"@graph\":[{\"@type\":\"WebPage\",\"@id\":\"https:\\\/\\\/www.versiegelung24.com\\\/sk\\\/rady-k-vyrobkom-versiegelung24\\\/know-how\\\/ochrana-proti-graffiti-pomocou-tekuteho-skla\\\/\",\"url\":\"https:\\\/\\\/www.versiegelung24.com\\\/sk\\\/rady-k-vyrobkom-versiegelung24\\\/know-how\\\/ochrana-proti-graffiti-pomocou-tekuteho-skla\\\/\",\"name\":\"Tekut\u00fd tmel pre diev\u010dat\u00e1 - Ochrana fas\u00e1dy proti graffiti - versiegelung24.com\",\"isPartOf\":{\"@id\":\"https:\\\/\\\/www.versiegelung24.com\\\/sk\\\/#website\"},\"primaryImageOfPage\":{\"@id\":\"https:\\\/\\\/www.versiegelung24.com\\\/sk\\\/rady-k-vyrobkom-versiegelung24\\\/know-how\\\/ochrana-proti-graffiti-pomocou-tekuteho-skla\\\/#primaryimage\"},\"image\":{\"@id\":\"https:\\\/\\\/www.versiegelung24.com\\\/sk\\\/rady-k-vyrobkom-versiegelung24\\\/know-how\\\/ochrana-proti-graffiti-pomocou-tekuteho-skla\\\/#primaryimage\"},\"thumbnailUrl\":\"https:\\\/\\\/www.versiegelung24.com\\\/wp-content\\\/uploads\\\/2021\\\/12\\\/graf-1.jpg\",\"datePublished\":\"2021-12-14T13:16:33+00:00\",\"dateModified\":\"2024-09-01T16:16:59+00:00\",\"description\":\"Tekut\u00fd tmel ako ochrana proti graffiti. Zistite od n\u00e1s, ako si m\u00f4\u017eete chr\u00e1ni\u0165 svoje veci.\",\"breadcrumb\":{\"@id\":\"https:\\\/\\\/www.versiegelung24.com\\\/sk\\\/rady-k-vyrobkom-versiegelung24\\\/know-how\\\/ochrana-proti-graffiti-pomocou-tekuteho-skla\\\/#breadcrumb\"},\"inLanguage\":\"sk-SK\",\"potentialAction\":[{\"@type\":\"ReadAction\",\"target\":[\"https:\\\/\\\/www.versiegelung24.com\\\/sk\\\/rady-k-vyrobkom-versiegelung24\\\/know-how\\\/ochrana-proti-graffiti-pomocou-tekuteho-skla\\\/\"]}]},{\"@type\":\"ImageObject\",\"inLanguage\":\"sk-SK\",\"@id\":\"https:\\\/\\\/www.versiegelung24.com\\\/sk\\\/rady-k-vyrobkom-versiegelung24\\\/know-how\\\/ochrana-proti-graffiti-pomocou-tekuteho-skla\\\/#primaryimage\",\"url\":\"https:\\\/\\\/www.versiegelung24.com\\\/wp-content\\\/uploads\\\/2021\\\/12\\\/graf-1.jpg\",\"contentUrl\":\"https:\\\/\\\/www.versiegelung24.com\\\/wp-content\\\/uploads\\\/2021\\\/12\\\/graf-1.jpg\",\"width\":1000,\"height\":1000},{\"@type\":\"BreadcrumbList\",\"@id\":\"https:\\\/\\\/www.versiegelung24.com\\\/sk\\\/rady-k-vyrobkom-versiegelung24\\\/know-how\\\/ochrana-proti-graffiti-pomocou-tekuteho-skla\\\/#breadcrumb\",\"itemListElement\":[{\"@type\":\"ListItem\",\"position\":1,\"name\":\"\u00davodn\u00e1 str\u00e1nka\",\"item\":\"https:\\\/\\\/www.versiegelung24.com\\\/sk\\\/predna-strana\\\/\"},{\"@type\":\"ListItem\",\"position\":2,\"name\":\"Poradca\",\"item\":\"https:\\\/\\\/www.versiegelung24.com\\\/sk\\\/ratgeber\\\/\"},{\"@type\":\"ListItem\",\"position\":3,\"name\":\"\u010dasopis\",\"item\":\"https:\\\/\\\/www.versiegelung24.com\\\/sk\\\/ratgeber\\\/magazin\\\/\"},{\"@type\":\"ListItem\",\"position\":4,\"name\":\"Ochrana fas\u00e1dy proti graffiti\"}]},{\"@type\":\"WebSite\",\"@id\":\"https:\\\/\\\/www.versiegelung24.com\\\/sk\\\/#website\",\"url\":\"https:\\\/\\\/www.versiegelung24.com\\\/sk\\\/\",\"name\":\"versiegelung24.com\",\"description\":\"Fl\u00fcssigglas-Versiegelung - Made in Germany\",\"publisher\":{\"@id\":\"https:\\\/\\\/www.versiegelung24.com\\\/sk\\\/#organization\"},\"potentialAction\":[{\"@type\":\"SearchAction\",\"target\":{\"@type\":\"EntryPoint\",\"urlTemplate\":\"https:\\\/\\\/www.versiegelung24.com\\\/sk\\\/?s={search_term_string}\"},\"query-input\":{\"@type\":\"PropertyValueSpecification\",\"valueRequired\":true,\"valueName\":\"search_term_string\"}}],\"inLanguage\":\"sk-SK\"},{\"@type\":\"Organization\",\"@id\":\"https:\\\/\\\/www.versiegelung24.com\\\/sk\\\/#organization\",\"name\":\"versiegelung24\",\"url\":\"https:\\\/\\\/www.versiegelung24.com\\\/sk\\\/\",\"logo\":{\"@type\":\"ImageObject\",\"inLanguage\":\"sk-SK\",\"@id\":\"https:\\\/\\\/www.versiegelung24.com\\\/sk\\\/#\\\/schema\\\/logo\\\/image\\\/\",\"url\":\"https:\\\/\\\/www.versiegelung24.com\\\/wp-content\\\/uploads\\\/2020\\\/04\\\/versiegelung24.png\",\"contentUrl\":\"https:\\\/\\\/www.versiegelung24.com\\\/wp-content\\\/uploads\\\/2020\\\/04\\\/versiegelung24.png\",\"width\":470,\"height\":102,\"caption\":\"versiegelung24\"},\"image\":{\"@id\":\"https:\\\/\\\/www.versiegelung24.com\\\/sk\\\/#\\\/schema\\\/logo\\\/image\\\/\"}}]}<\/script>\n<!-- \/ Yoast SEO Premium plugin. -->","yoast_head_json":{"title":"Tekut\u00fd tmel pre diev\u010dat\u00e1 - Ochrana fas\u00e1dy proti graffiti - versiegelung24.com","description":"Tekut\u00fd tmel ako ochrana proti graffiti. Zistite od n\u00e1s, ako si m\u00f4\u017eete chr\u00e1ni\u0165 svoje veci.","robots":{"index":"index","follow":"follow","max-snippet":"max-snippet:-1","max-image-preview":"max-image-preview:large","max-video-preview":"max-video-preview:-1"},"canonical":"https:\/\/www.versiegelung24.com\/sk\/rady-k-vyrobkom-versiegelung24\/know-how\/ochrana-proti-graffiti-pomocou-tekuteho-skla\/","og_locale":"sk_SK","og_type":"article","og_title":"Ochrana fas\u00e1dy proti graffiti","og_description":"Tekut\u00fd tmel ako ochrana proti graffiti. Zistite od n\u00e1s, ako si m\u00f4\u017eete chr\u00e1ni\u0165 svoje veci.","og_url":"https:\/\/www.versiegelung24.com\/sk\/rady-k-vyrobkom-versiegelung24\/know-how\/ochrana-proti-graffiti-pomocou-tekuteho-skla\/","og_site_name":"versiegelung24.com","article_modified_time":"2024-09-01T16:16:59+00:00","og_image":[{"width":1000,"height":1000,"url":"https:\/\/www.versiegelung24.com\/wp-content\/uploads\/2021\/12\/graf-1.jpg","type":"image\/jpeg"}],"twitter_card":"summary_large_image","twitter_misc":{"Predpokladan\u00fd \u010das \u010d\u00edtania":"2 min\u00faty"},"schema":{"@context":"https:\/\/schema.org","@graph":[{"@type":"WebPage","@id":"https:\/\/www.versiegelung24.com\/sk\/rady-k-vyrobkom-versiegelung24\/know-how\/ochrana-proti-graffiti-pomocou-tekuteho-skla\/","url":"https:\/\/www.versiegelung24.com\/sk\/rady-k-vyrobkom-versiegelung24\/know-how\/ochrana-proti-graffiti-pomocou-tekuteho-skla\/","name":"Tekut\u00fd tmel pre diev\u010dat\u00e1 - Ochrana fas\u00e1dy proti graffiti - versiegelung24.com","isPartOf":{"@id":"https:\/\/www.versiegelung24.com\/sk\/#website"},"primaryImageOfPage":{"@id":"https:\/\/www.versiegelung24.com\/sk\/rady-k-vyrobkom-versiegelung24\/know-how\/ochrana-proti-graffiti-pomocou-tekuteho-skla\/#primaryimage"},"image":{"@id":"https:\/\/www.versiegelung24.com\/sk\/rady-k-vyrobkom-versiegelung24\/know-how\/ochrana-proti-graffiti-pomocou-tekuteho-skla\/#primaryimage"},"thumbnailUrl":"https:\/\/www.versiegelung24.com\/wp-content\/uploads\/2021\/12\/graf-1.jpg","datePublished":"2021-12-14T13:16:33+00:00","dateModified":"2024-09-01T16:16:59+00:00","description":"Tekut\u00fd tmel ako ochrana proti graffiti. Zistite od n\u00e1s, ako si m\u00f4\u017eete chr\u00e1ni\u0165 svoje veci.","breadcrumb":{"@id":"https:\/\/www.versiegelung24.com\/sk\/rady-k-vyrobkom-versiegelung24\/know-how\/ochrana-proti-graffiti-pomocou-tekuteho-skla\/#breadcrumb"},"inLanguage":"sk-SK","potentialAction":[{"@type":"ReadAction","target":["https:\/\/www.versiegelung24.com\/sk\/rady-k-vyrobkom-versiegelung24\/know-how\/ochrana-proti-graffiti-pomocou-tekuteho-skla\/"]}]},{"@type":"ImageObject","inLanguage":"sk-SK","@id":"https:\/\/www.versiegelung24.com\/sk\/rady-k-vyrobkom-versiegelung24\/know-how\/ochrana-proti-graffiti-pomocou-tekuteho-skla\/#primaryimage","url":"https:\/\/www.versiegelung24.com\/wp-content\/uploads\/2021\/12\/graf-1.jpg","contentUrl":"https:\/\/www.versiegelung24.com\/wp-content\/uploads\/2021\/12\/graf-1.jpg","width":1000,"height":1000},{"@type":"BreadcrumbList","@id":"https:\/\/www.versiegelung24.com\/sk\/rady-k-vyrobkom-versiegelung24\/know-how\/ochrana-proti-graffiti-pomocou-tekuteho-skla\/#breadcrumb","itemListElement":[{"@type":"ListItem","position":1,"name":"\u00davodn\u00e1 str\u00e1nka","item":"https:\/\/www.versiegelung24.com\/sk\/predna-strana\/"},{"@type":"ListItem","position":2,"name":"Poradca","item":"https:\/\/www.versiegelung24.com\/sk\/ratgeber\/"},{"@type":"ListItem","position":3,"name":"\u010dasopis","item":"https:\/\/www.versiegelung24.com\/sk\/ratgeber\/magazin\/"},{"@type":"ListItem","position":4,"name":"Ochrana fas\u00e1dy proti graffiti"}]},{"@type":"WebSite","@id":"https:\/\/www.versiegelung24.com\/sk\/#website","url":"https:\/\/www.versiegelung24.com\/sk\/","name":"versiegelung24.com","description":"Fl\u00fcssigglas-Versiegelung - Made in Germany","publisher":{"@id":"https:\/\/www.versiegelung24.com\/sk\/#organization"},"potentialAction":[{"@type":"SearchAction","target":{"@type":"EntryPoint","urlTemplate":"https:\/\/www.versiegelung24.com\/sk\/?s={search_term_string}"},"query-input":{"@type":"PropertyValueSpecification","valueRequired":true,"valueName":"search_term_string"}}],"inLanguage":"sk-SK"},{"@type":"Organization","@id":"https:\/\/www.versiegelung24.com\/sk\/#organization","name":"versiegelung24","url":"https:\/\/www.versiegelung24.com\/sk\/","logo":{"@type":"ImageObject","inLanguage":"sk-SK","@id":"https:\/\/www.versiegelung24.com\/sk\/#\/schema\/logo\/image\/","url":"https:\/\/www.versiegelung24.com\/wp-content\/uploads\/2020\/04\/versiegelung24.png","contentUrl":"https:\/\/www.versiegelung24.com\/wp-content\/uploads\/2020\/04\/versiegelung24.png","width":470,"height":102,"caption":"versiegelung24"},"image":{"@id":"https:\/\/www.versiegelung24.com\/sk\/#\/schema\/logo\/image\/"}}]}},"_links":{"self":[{"href":"https:\/\/www.versiegelung24.com\/sk\/wp-json\/wp\/v2\/pages\/41163","targetHints":{"allow":["GET"]}}],"collection":[{"href":"https:\/\/www.versiegelung24.com\/sk\/wp-json\/wp\/v2\/pages"}],"about":[{"href":"https:\/\/www.versiegelung24.com\/sk\/wp-json\/wp\/v2\/types\/page"}],"author":[{"embeddable":true,"href":"https:\/\/www.versiegelung24.com\/sk\/wp-json\/wp\/v2\/users\/932"}],"replies":[{"embeddable":true,"href":"https:\/\/www.versiegelung24.com\/sk\/wp-json\/wp\/v2\/comments?post=41163"}],"version-history":[{"count":17,"href":"https:\/\/www.versiegelung24.com\/sk\/wp-json\/wp\/v2\/pages\/41163\/revisions"}],"predecessor-version":[{"id":172649,"href":"https:\/\/www.versiegelung24.com\/sk\/wp-json\/wp\/v2\/pages\/41163\/revisions\/172649"}],"up":[{"embeddable":true,"href":"https:\/\/www.versiegelung24.com\/sk\/wp-json\/wp\/v2\/pages\/34650"}],"wp:featuredmedia":[{"embeddable":true,"href":"https:\/\/www.versiegelung24.com\/sk\/wp-json\/wp\/v2\/media\/40889"}],"wp:attachment":[{"href":"https:\/\/www.versiegelung24.com\/sk\/wp-json\/wp\/v2\/media?parent=41163"}],"wp:term":[{"taxonomy":"category","embeddable":true,"href":"https:\/\/www.versiegelung24.com\/sk\/wp-json\/wp\/v2\/categories?post=41163"},{"taxonomy":"seiten_kategorie","embeddable":true,"href":"https:\/\/www.versiegelung24.com\/sk\/wp-json\/wp\/v2\/seiten_kategorie?post=41163"}],"curies":[{"name":"wp","href":"https:\/\/api.w.org\/{rel}","templated":true}]}}