{"id":41183,"date":"2021-12-14T14:16:42","date_gmt":"2021-12-14T13:16:42","guid":{"rendered":"https:\/\/www.versiegelung24.com\/rady-k-vyrobkom-versiegelung24\/know-how\/smartfon"},"modified":"2024-09-01T22:42:46","modified_gmt":"2024-09-01T20:42:46","slug":"utesnenie-smartfonov-tekutym-sklom","status":"publish","type":"page","link":"https:\/\/www.versiegelung24.com\/sk\/know-how\/smartfon\/","title":{"rendered":"Tekut\u00fd tmel na sklo smartf\u00f3nov a tabletov &#8211; ochrana displejov a zv\u00fd\u0161enie \u017eivotnosti"},"content":{"rendered":"\n<h1 class=\"wp-block-heading\" id=\"h-smartphone-flussigglas-versiegelung\">Tekut\u00e9 sklo pre smartf\u00f3ny<\/h1>\n\n<p>Smartf\u00f3n dnes vlastn\u00ed takmer ka\u017ed\u00fd. Bohu\u017eia\u013e, tieto mal\u00e9 z\u00e1zra\u010dn\u00e9 stroje s\u00fa ve\u013emi jemn\u00e9. Pri ka\u017edodennom pou\u017e\u00edvan\u00ed sa objavuj\u00fa stopy pou\u017e\u00edvania ako \u0161krabance alebo odtla\u010dky prstov, ktor\u00e9 tvrdohlavo zost\u00e1vaj\u00fa na displeji. Nasleduj\u00face video sa zaober\u00e1 t\u00fdmto probl\u00e9mom a ukazuje, ako m\u00f4\u017eete zabr\u00e1ni\u0165 t\u00fdmto zn\u00e1mkam pou\u017e\u00edvania. <\/p>\n\n<figure class=\"wp-block-embed aligncenter is-type-video is-provider-youtube wp-block-embed-youtube wp-embed-aspect-16-9 wp-has-aspect-ratio\"><div class=\"wp-block-embed__wrapper\"> \n<div class=\"nv-iframe-embed\"><iframe title=\"901 LiquiGlas Mobile Phone Coating   Preparation + application process\" width=\"1200\" height=\"675\" src=\"https:\/\/www.youtube.com\/embed\/8JLSZ1KA-yU?feature=oembed\" frameborder=\"0\" allow=\"accelerometer; autoplay; clipboard-write; encrypted-media; gyroscope; picture-in-picture\" allowfullscreen><\/iframe><\/div>\n <\/div><\/figure>\n\n<br\/>\n<br\/>\n\n<div class=\"wp-block-columns is-layout-flex wp-container-core-columns-is-layout-9d6595d7 wp-block-columns-is-layout-flex\">\n<div class=\"wp-block-column is-layout-flow wp-block-column-is-layout-flow\" style=\"flex-basis:33.33%\">\n<h2 class=\"wp-block-heading\" id=\"h-anleitung-smartphone-display-einfach-versiegeln\">Pokyny &#8211; Jednoducho utesnite displej smartf\u00f3nu<\/h2>\n\n\n\n<ul class=\"wp-block-list\">\n<li>Hne\u010f na za\u010diatku videa m\u00f4\u017eete vidie\u0165, \u017ee v\u0161etko, \u010do potrebujete na utesnenie <a href=\"https:\/\/www.versiegelung24.com\/sk\/tekute-sklo-mobil-tesnenie-kvapalina-obrazovka-ochrana.html\" target=\"_blank\" rel=\"noreferrer noopener\">mobilu<\/a> , sa poskladalo do praktickej sady. Toto zah\u0155\u0148a:<\/li>\n\n\n\n<li><strong>Rukavice<\/strong> , aby ste sa vyhli odtla\u010dkom prstov<\/li>\n\n\n\n<li><strong>\u010cistiaca handri\u010dka<a href=\"https:\/\/www.versiegelung24.com\/reinigung\/bioethanol\/\">namo\u010den\u00e1 v etanole<\/a><\/strong><\/li>\n\n\n\n<li><strong>Le\u0161tiaca handri\u010dka<\/strong><\/li>\n\n\n\n<li>A <strong><a href=\"https:\/\/www.versiegelung24.com\/sk\/utierka-z-mikrovlakna-10x10cm-na-profesionalne-aplikacie-tekute-sklo.html\" target=\"_blank\" rel=\"noreferrer noopener\">tkanina z tekut\u00e9ho skla<\/a><\/strong> na utesnenie<\/li>\n<\/ul>\n\n\n\n<p><\/p>\n\n\n\n<p>Po\u010das pou\u017e\u00edvania dr\u017e\u00edte smartphone iba za ruku, na ktorej je umiestnen\u00e1 rukavica, aby ste sa vyhli nov\u00fdm odtla\u010dkom prstov &#8211; tie s\u00fa hrub\u0161ie ako povlak z tekut\u00e9ho skla a br\u00e1nili by spr\u00e1vnemu tesneniu.<\/p>\n<\/div>\n\n\n\n<div class=\"wp-block-column is-layout-flow wp-block-column-is-layout-flow\" style=\"flex-basis:66.66%\">\n<figure class=\"wp-block-image size-large\"><img fetchpriority=\"high\" decoding=\"async\" width=\"1300\" height=\"867\" src=\"https:\/\/www.versiegelung24.com\/wp-content\/uploads\/2021\/12\/smart_liq-1300x867.jpg\" alt=\"\" class=\"wp-image-40898\" srcset=\"https:\/\/www.versiegelung24.com\/wp-content\/uploads\/2021\/12\/smart_liq-1300x867.jpg 1300w, https:\/\/www.versiegelung24.com\/wp-content\/uploads\/2021\/12\/smart_liq-scaled-600x400.jpg 600w, https:\/\/www.versiegelung24.com\/wp-content\/uploads\/2021\/12\/smart_liq-300x200.jpg 300w, https:\/\/www.versiegelung24.com\/wp-content\/uploads\/2021\/12\/smart_liq-768x512.jpg 768w, https:\/\/www.versiegelung24.com\/wp-content\/uploads\/2021\/12\/smart_liq-1536x1024.jpg 1536w, https:\/\/www.versiegelung24.com\/wp-content\/uploads\/2021\/12\/smart_liq-2048x1366.jpg 2048w, https:\/\/www.versiegelung24.com\/wp-content\/uploads\/2021\/12\/smart_liq-930x620.jpg 930w\" sizes=\"(max-width: 1300px) 100vw, 1300px\" \/><\/figure>\n<\/div>\n<\/div>\n\n<p>Po pred\u010disten\u00ed sa displej vtiera do sucha a t\u00fdmto sp\u00f4sobom sa odstr\u00e1nia v\u0161etky zvy\u0161ky v\u00fdtla\u010dkov alebo mastnoty. <strong>Tu by sa mala pou\u017ei\u0165 iba jedna strana utierky z mikrovl\u00e1kna<\/strong> &#8211; <strong>druh\u00e1 strana bude nesk\u00f4r potrebn\u00e1<\/strong> na vyle\u0161tenie tesnenia. V \u010fal\u0161om kroku sa handri\u010dka nasiaknut\u00e1 tekut\u00fdm sklom vybal\u00ed a \u2013 rovnako ako pri pred\u010disten\u00ed \u2013 sa \u0148ou potrie cel\u00fd smartf\u00f3n. D\u00e1 sa dookola zape\u010dati\u0165 tekut\u00fdm sklom. Zadn\u00e9 strany mobiln\u00fdch telef\u00f3nov s\u00fa dnes \u010dasto vyroben\u00e9 zo skla.<\/p>\n\n<p>Po najmenej Povrch smartf\u00f3nu je le\u0161ten\u00fd 30 min\u00fat &#8211; tesnenie je hotov\u00e9. Vo videu m\u00f4\u017eete vidie\u0165 radu, \u017ee je v\u00fdhodn\u00e9 necha\u0165 tekut\u00e9 sklo stuhn\u00fa\u0165 cez noc &#8211; ria\u010fte sa t\u00fdmto odpor\u00fa\u010dan\u00edm, preto\u017ee o to odolnej\u0161ia je potom ochrann\u00e1 vrstva. Na udr\u017eanie ochrany sa odpor\u00fa\u010da nan\u00e1\u0161a\u0165 tmel v pravideln\u00fdch intervaloch.<\/p>\n\n","protected":false},"excerpt":{"rendered":"<p>Maxim\u00e1lna ochrana v\u00e1\u0161ho smartf\u00f3nu s inovat\u00edvnym tesnen\u00edm z tekut\u00e9ho skla.<\/p>\n","protected":false},"author":932,"featured_media":41502,"parent":34650,"menu_order":0,"comment_status":"closed","ping_status":"closed","template":"","meta":{"_acf_changed":false,"neve_meta_sidebar":"full-width","neve_meta_container":"","neve_meta_enable_content_width":"on","neve_meta_content_width":100,"neve_meta_title_alignment":"","neve_meta_author_avatar":"","neve_post_elements_order":"","neve_meta_disable_header":"","neve_meta_disable_footer":"","neve_meta_disable_title":"","neve_meta_reading_time":"","footnotes":""},"categories":[3512,3636],"seiten_kategorie":[3840],"class_list":["post-41183","page","type-page","status-publish","has-post-thumbnail","hentry","category-poradenstvo-clanok-casopis","category-zivotny-styl"],"acf":[],"yoast_head":"<!-- This site is optimized with the Yoast SEO Premium plugin v22.8 (Yoast SEO v27.5) - https:\/\/yoast.com\/product\/yoast-seo-premium-wordpress\/ -->\n<title>Chr\u00e1\u0148te svoj smartf\u00f3n a tablet tekut\u00fdm tmelom na sklo!<\/title>\n<meta name=\"description\" content=\"Chr\u00e1\u0148te svoj smartf\u00f3n a tablet pomocou n\u00e1\u0161ho tmelu! Tekut\u00fd tmel na sklo pre optim\u00e1lnu ochranu displeja smartf\u00f3nu!\" \/>\n<meta name=\"robots\" content=\"index, follow, max-snippet:-1, max-image-preview:large, max-video-preview:-1\" \/>\n<link rel=\"canonical\" href=\"https:\/\/www.versiegelung24.com\/sk\/know-how\/smartfon\/\" \/>\n<meta property=\"og:locale\" content=\"sk_SK\" \/>\n<meta property=\"og:type\" content=\"article\" \/>\n<meta property=\"og:title\" content=\"Tekut\u00fd tmel na sklo smartf\u00f3nov a tabletov - ochrana displejov a zv\u00fd\u0161enie \u017eivotnosti\" \/>\n<meta property=\"og:description\" content=\"Chr\u00e1\u0148te svoj smartf\u00f3n a tablet pomocou n\u00e1\u0161ho tmelu! Tekut\u00fd tmel na sklo pre optim\u00e1lnu ochranu displeja smartf\u00f3nu!\" \/>\n<meta property=\"og:url\" content=\"https:\/\/www.versiegelung24.com\/sk\/know-how\/smartfon\/\" \/>\n<meta property=\"og:site_name\" content=\"versiegelung24.com\" \/>\n<meta property=\"article:modified_time\" content=\"2024-09-01T20:42:46+00:00\" \/>\n<meta property=\"og:image\" content=\"https:\/\/www.versiegelung24.com\/wp-content\/uploads\/2021\/12\/smart_liq-1-scaled.jpg\" \/>\n\t<meta property=\"og:image:width\" content=\"2560\" \/>\n\t<meta property=\"og:image:height\" content=\"2560\" \/>\n\t<meta property=\"og:image:type\" content=\"image\/jpeg\" \/>\n<meta name=\"twitter:card\" content=\"summary_large_image\" \/>\n<meta name=\"twitter:label1\" content=\"Predpokladan\u00fd \u010das \u010d\u00edtania\" \/>\n\t<meta name=\"twitter:data1\" content=\"2 min\u00faty\" \/>\n<script type=\"application\/ld+json\" class=\"yoast-schema-graph\">{\"@context\":\"https:\\\/\\\/schema.org\",\"@graph\":[{\"@type\":\"WebPage\",\"@id\":\"https:\\\/\\\/www.versiegelung24.com\\\/sk\\\/know-how\\\/smartfon\\\/\",\"url\":\"https:\\\/\\\/www.versiegelung24.com\\\/sk\\\/know-how\\\/smartfon\\\/\",\"name\":\"Chr\u00e1\u0148te svoj smartf\u00f3n a tablet tekut\u00fdm tmelom na sklo!\",\"isPartOf\":{\"@id\":\"https:\\\/\\\/www.versiegelung24.com\\\/sk\\\/#website\"},\"primaryImageOfPage\":{\"@id\":\"https:\\\/\\\/www.versiegelung24.com\\\/sk\\\/know-how\\\/smartfon\\\/#primaryimage\"},\"image\":{\"@id\":\"https:\\\/\\\/www.versiegelung24.com\\\/sk\\\/know-how\\\/smartfon\\\/#primaryimage\"},\"thumbnailUrl\":\"https:\\\/\\\/www.versiegelung24.com\\\/wp-content\\\/uploads\\\/2021\\\/12\\\/smart_liq-1-scaled.jpg\",\"datePublished\":\"2021-12-14T13:16:42+00:00\",\"dateModified\":\"2024-09-01T20:42:46+00:00\",\"description\":\"Chr\u00e1\u0148te svoj smartf\u00f3n a tablet pomocou n\u00e1\u0161ho tmelu! Tekut\u00fd tmel na sklo pre optim\u00e1lnu ochranu displeja smartf\u00f3nu!\",\"breadcrumb\":{\"@id\":\"https:\\\/\\\/www.versiegelung24.com\\\/sk\\\/know-how\\\/smartfon\\\/#breadcrumb\"},\"inLanguage\":\"sk-SK\",\"potentialAction\":[{\"@type\":\"ReadAction\",\"target\":[\"https:\\\/\\\/www.versiegelung24.com\\\/sk\\\/know-how\\\/smartfon\\\/\"]}]},{\"@type\":\"ImageObject\",\"inLanguage\":\"sk-SK\",\"@id\":\"https:\\\/\\\/www.versiegelung24.com\\\/sk\\\/know-how\\\/smartfon\\\/#primaryimage\",\"url\":\"https:\\\/\\\/www.versiegelung24.com\\\/wp-content\\\/uploads\\\/2021\\\/12\\\/smart_liq-1-scaled.jpg\",\"contentUrl\":\"https:\\\/\\\/www.versiegelung24.com\\\/wp-content\\\/uploads\\\/2021\\\/12\\\/smart_liq-1-scaled.jpg\",\"width\":2560,\"height\":2560},{\"@type\":\"BreadcrumbList\",\"@id\":\"https:\\\/\\\/www.versiegelung24.com\\\/sk\\\/know-how\\\/smartfon\\\/#breadcrumb\",\"itemListElement\":[{\"@type\":\"ListItem\",\"position\":1,\"name\":\"\u00davodn\u00e1 str\u00e1nka\",\"item\":\"https:\\\/\\\/www.versiegelung24.com\\\/sk\\\/predna-strana\\\/\"},{\"@type\":\"ListItem\",\"position\":2,\"name\":\"Poradca\",\"item\":\"https:\\\/\\\/www.versiegelung24.com\\\/sk\\\/ratgeber\\\/\"},{\"@type\":\"ListItem\",\"position\":3,\"name\":\"\u010dasopis\",\"item\":\"https:\\\/\\\/www.versiegelung24.com\\\/sk\\\/ratgeber\\\/magazin\\\/\"},{\"@type\":\"ListItem\",\"position\":4,\"name\":\"Tekut\u00fd tmel na sklo smartf\u00f3nov a tabletov &#8211; ochrana displejov a zv\u00fd\u0161enie \u017eivotnosti\"}]},{\"@type\":\"WebSite\",\"@id\":\"https:\\\/\\\/www.versiegelung24.com\\\/sk\\\/#website\",\"url\":\"https:\\\/\\\/www.versiegelung24.com\\\/sk\\\/\",\"name\":\"versiegelung24.com\",\"description\":\"Fl\u00fcssigglas-Versiegelung - Made in Germany\",\"publisher\":{\"@id\":\"https:\\\/\\\/www.versiegelung24.com\\\/sk\\\/#organization\"},\"potentialAction\":[{\"@type\":\"SearchAction\",\"target\":{\"@type\":\"EntryPoint\",\"urlTemplate\":\"https:\\\/\\\/www.versiegelung24.com\\\/sk\\\/?s={search_term_string}\"},\"query-input\":{\"@type\":\"PropertyValueSpecification\",\"valueRequired\":true,\"valueName\":\"search_term_string\"}}],\"inLanguage\":\"sk-SK\"},{\"@type\":\"Organization\",\"@id\":\"https:\\\/\\\/www.versiegelung24.com\\\/sk\\\/#organization\",\"name\":\"versiegelung24\",\"url\":\"https:\\\/\\\/www.versiegelung24.com\\\/sk\\\/\",\"logo\":{\"@type\":\"ImageObject\",\"inLanguage\":\"sk-SK\",\"@id\":\"https:\\\/\\\/www.versiegelung24.com\\\/sk\\\/#\\\/schema\\\/logo\\\/image\\\/\",\"url\":\"https:\\\/\\\/www.versiegelung24.com\\\/wp-content\\\/uploads\\\/2020\\\/04\\\/versiegelung24.png\",\"contentUrl\":\"https:\\\/\\\/www.versiegelung24.com\\\/wp-content\\\/uploads\\\/2020\\\/04\\\/versiegelung24.png\",\"width\":470,\"height\":102,\"caption\":\"versiegelung24\"},\"image\":{\"@id\":\"https:\\\/\\\/www.versiegelung24.com\\\/sk\\\/#\\\/schema\\\/logo\\\/image\\\/\"}}]}<\/script>\n<!-- \/ Yoast SEO Premium plugin. -->","yoast_head_json":{"title":"Chr\u00e1\u0148te svoj smartf\u00f3n a tablet tekut\u00fdm tmelom na sklo!","description":"Chr\u00e1\u0148te svoj smartf\u00f3n a tablet pomocou n\u00e1\u0161ho tmelu! Tekut\u00fd tmel na sklo pre optim\u00e1lnu ochranu displeja smartf\u00f3nu!","robots":{"index":"index","follow":"follow","max-snippet":"max-snippet:-1","max-image-preview":"max-image-preview:large","max-video-preview":"max-video-preview:-1"},"canonical":"https:\/\/www.versiegelung24.com\/sk\/know-how\/smartfon\/","og_locale":"sk_SK","og_type":"article","og_title":"Tekut\u00fd tmel na sklo smartf\u00f3nov a tabletov - ochrana displejov a zv\u00fd\u0161enie \u017eivotnosti","og_description":"Chr\u00e1\u0148te svoj smartf\u00f3n a tablet pomocou n\u00e1\u0161ho tmelu! Tekut\u00fd tmel na sklo pre optim\u00e1lnu ochranu displeja smartf\u00f3nu!","og_url":"https:\/\/www.versiegelung24.com\/sk\/know-how\/smartfon\/","og_site_name":"versiegelung24.com","article_modified_time":"2024-09-01T20:42:46+00:00","og_image":[{"width":2560,"height":2560,"url":"https:\/\/www.versiegelung24.com\/wp-content\/uploads\/2021\/12\/smart_liq-1-scaled.jpg","type":"image\/jpeg"}],"twitter_card":"summary_large_image","twitter_misc":{"Predpokladan\u00fd \u010das \u010d\u00edtania":"2 min\u00faty"},"schema":{"@context":"https:\/\/schema.org","@graph":[{"@type":"WebPage","@id":"https:\/\/www.versiegelung24.com\/sk\/know-how\/smartfon\/","url":"https:\/\/www.versiegelung24.com\/sk\/know-how\/smartfon\/","name":"Chr\u00e1\u0148te svoj smartf\u00f3n a tablet tekut\u00fdm tmelom na sklo!","isPartOf":{"@id":"https:\/\/www.versiegelung24.com\/sk\/#website"},"primaryImageOfPage":{"@id":"https:\/\/www.versiegelung24.com\/sk\/know-how\/smartfon\/#primaryimage"},"image":{"@id":"https:\/\/www.versiegelung24.com\/sk\/know-how\/smartfon\/#primaryimage"},"thumbnailUrl":"https:\/\/www.versiegelung24.com\/wp-content\/uploads\/2021\/12\/smart_liq-1-scaled.jpg","datePublished":"2021-12-14T13:16:42+00:00","dateModified":"2024-09-01T20:42:46+00:00","description":"Chr\u00e1\u0148te svoj smartf\u00f3n a tablet pomocou n\u00e1\u0161ho tmelu! Tekut\u00fd tmel na sklo pre optim\u00e1lnu ochranu displeja smartf\u00f3nu!","breadcrumb":{"@id":"https:\/\/www.versiegelung24.com\/sk\/know-how\/smartfon\/#breadcrumb"},"inLanguage":"sk-SK","potentialAction":[{"@type":"ReadAction","target":["https:\/\/www.versiegelung24.com\/sk\/know-how\/smartfon\/"]}]},{"@type":"ImageObject","inLanguage":"sk-SK","@id":"https:\/\/www.versiegelung24.com\/sk\/know-how\/smartfon\/#primaryimage","url":"https:\/\/www.versiegelung24.com\/wp-content\/uploads\/2021\/12\/smart_liq-1-scaled.jpg","contentUrl":"https:\/\/www.versiegelung24.com\/wp-content\/uploads\/2021\/12\/smart_liq-1-scaled.jpg","width":2560,"height":2560},{"@type":"BreadcrumbList","@id":"https:\/\/www.versiegelung24.com\/sk\/know-how\/smartfon\/#breadcrumb","itemListElement":[{"@type":"ListItem","position":1,"name":"\u00davodn\u00e1 str\u00e1nka","item":"https:\/\/www.versiegelung24.com\/sk\/predna-strana\/"},{"@type":"ListItem","position":2,"name":"Poradca","item":"https:\/\/www.versiegelung24.com\/sk\/ratgeber\/"},{"@type":"ListItem","position":3,"name":"\u010dasopis","item":"https:\/\/www.versiegelung24.com\/sk\/ratgeber\/magazin\/"},{"@type":"ListItem","position":4,"name":"Tekut\u00fd tmel na sklo smartf\u00f3nov a tabletov &#8211; ochrana displejov a zv\u00fd\u0161enie \u017eivotnosti"}]},{"@type":"WebSite","@id":"https:\/\/www.versiegelung24.com\/sk\/#website","url":"https:\/\/www.versiegelung24.com\/sk\/","name":"versiegelung24.com","description":"Fl\u00fcssigglas-Versiegelung - Made in Germany","publisher":{"@id":"https:\/\/www.versiegelung24.com\/sk\/#organization"},"potentialAction":[{"@type":"SearchAction","target":{"@type":"EntryPoint","urlTemplate":"https:\/\/www.versiegelung24.com\/sk\/?s={search_term_string}"},"query-input":{"@type":"PropertyValueSpecification","valueRequired":true,"valueName":"search_term_string"}}],"inLanguage":"sk-SK"},{"@type":"Organization","@id":"https:\/\/www.versiegelung24.com\/sk\/#organization","name":"versiegelung24","url":"https:\/\/www.versiegelung24.com\/sk\/","logo":{"@type":"ImageObject","inLanguage":"sk-SK","@id":"https:\/\/www.versiegelung24.com\/sk\/#\/schema\/logo\/image\/","url":"https:\/\/www.versiegelung24.com\/wp-content\/uploads\/2020\/04\/versiegelung24.png","contentUrl":"https:\/\/www.versiegelung24.com\/wp-content\/uploads\/2020\/04\/versiegelung24.png","width":470,"height":102,"caption":"versiegelung24"},"image":{"@id":"https:\/\/www.versiegelung24.com\/sk\/#\/schema\/logo\/image\/"}}]}},"_links":{"self":[{"href":"https:\/\/www.versiegelung24.com\/sk\/wp-json\/wp\/v2\/pages\/41183","targetHints":{"allow":["GET"]}}],"collection":[{"href":"https:\/\/www.versiegelung24.com\/sk\/wp-json\/wp\/v2\/pages"}],"about":[{"href":"https:\/\/www.versiegelung24.com\/sk\/wp-json\/wp\/v2\/types\/page"}],"author":[{"embeddable":true,"href":"https:\/\/www.versiegelung24.com\/sk\/wp-json\/wp\/v2\/users\/932"}],"replies":[{"embeddable":true,"href":"https:\/\/www.versiegelung24.com\/sk\/wp-json\/wp\/v2\/comments?post=41183"}],"version-history":[{"count":15,"href":"https:\/\/www.versiegelung24.com\/sk\/wp-json\/wp\/v2\/pages\/41183\/revisions"}],"predecessor-version":[{"id":173406,"href":"https:\/\/www.versiegelung24.com\/sk\/wp-json\/wp\/v2\/pages\/41183\/revisions\/173406"}],"up":[{"embeddable":true,"href":"https:\/\/www.versiegelung24.com\/sk\/wp-json\/wp\/v2\/pages\/34650"}],"wp:featuredmedia":[{"embeddable":true,"href":"https:\/\/www.versiegelung24.com\/sk\/wp-json\/wp\/v2\/media\/41502"}],"wp:attachment":[{"href":"https:\/\/www.versiegelung24.com\/sk\/wp-json\/wp\/v2\/media?parent=41183"}],"wp:term":[{"taxonomy":"category","embeddable":true,"href":"https:\/\/www.versiegelung24.com\/sk\/wp-json\/wp\/v2\/categories?post=41183"},{"taxonomy":"seiten_kategorie","embeddable":true,"href":"https:\/\/www.versiegelung24.com\/sk\/wp-json\/wp\/v2\/seiten_kategorie?post=41183"}],"curies":[{"name":"wp","href":"https:\/\/api.w.org\/{rel}","templated":true}]}}