{"id":126076,"date":"2023-09-01T15:04:03","date_gmt":"2023-09-01T13:04:40","guid":{"rendered":"https:\/\/www.versiegelung24.com\/product\/tesnenie-celneho-skla-406\/"},"modified":"2025-01-05T17:35:10","modified_gmt":"2025-01-05T16:35:10","slug":"tmel-na-celne-sklo-406","status":"publish","type":"product","link":"https:\/\/www.versiegelung24.com\/sk\/tmel-na-celne-sklo-406.html","title":{"rendered":"Tesnenie \u010deln\u00e9ho skla"},"content":{"rendered":"\n<p><strong>Vst\u00fapte do novej \u00e9ry bezpe\u010dnosti a pohodlia pri jazde s na\u0161\u00edm tmelom na \u010deln\u00e9 sklo schv\u00e1len\u00fdm T\u00dcV<\/strong>. Na\u0161a pokro\u010dil\u00e1 recept\u00fara je nielen neuverite\u013ene odoln\u00e1, ale aj univerz\u00e1lna &#8211; od osobn\u00fdch a n\u00e1kladn\u00fdch vozidiel a\u017e po lode a karavany. Za\u017eite rozdiel a\u017e 20 000 km bezstarostnej jazdy s jedinou aplik\u00e1ciou. Sta\u010d\u00ed ich ka\u017ed\u00fdch \u0161es\u0165 mesiacov znovu aplikova\u0165 a budete sa te\u0161i\u0165 z neprekonate\u013en\u00e9ho videnia po cel\u00fd rok.<\/p>\n\n<p>To v\u0161ak nie je v\u0161etko. Na\u0161a tesniaca hmota zabezpe\u010duje, \u017ee voda sa pri r\u00fdchlosti nad 60 km\/h jednoducho odva\u013euje, tak\u017ee stiera\u010de \u010deln\u00e9ho skla s\u00fa u\u0161etren\u00e9 a vy m\u00e1te aj za nepriazniv\u00e9ho po\u010dasia dobr\u00fd v\u00fdh\u013ead. Jazd\u00edte \u010dasto v noci? N\u00e1\u0161 tesniaci materi\u00e1l zni\u017euje oslnenie a skreslenie svetla, tak\u017ee m\u00f4\u017eete by\u0165 na cest\u00e1ch v bezpe\u010d\u00ed a ist\u00ed.<\/p>\n\n<h2 class=\"wp-block-heading\" id=\"video\">Video<\/h2>\n\n<figure class=\"wp-block-embed is-type-video is-provider-youtube wp-block-embed-youtube wp-embed-aspect-16-9 wp-has-aspect-ratio\"><div class=\"wp-block-embed__wrapper\">\n<div class=\"nv-iframe-embed\"><iframe title=\"Windschutzscheiben Versiegelung - Versiegelung24.com\" width=\"1200\" height=\"675\" src=\"https:\/\/www.youtube.com\/embed\/5cu8smLIMD0?feature=oembed\" frameborder=\"0\" allow=\"accelerometer; autoplay; clipboard-write; encrypted-media; gyroscope; picture-in-picture; web-share\" allowfullscreen><\/iframe><\/div>\n<\/div><\/figure>\n\n<hr class=\"wp-block-separator has-alpha-channel-opacity\"\/>\n\n<h2 class=\"wp-block-heading\" id=\"properties\">vlastnosti<\/h2>\n\n<p><\/p>\n\n<p>Obsah: 2 utierky na pred\u010distenie, 2 utierky na utesnenie (ka\u017ed\u00e1 na 2 m\u00b2), 1 utierka z mikrovl\u00e1kna, 2 jednorazov\u00e9 rukavice<\/p>\n\n<ul class=\"wp-block-list\">\n<li>Dlh\u00e1 \u017eivotnos\u0165 &#8211; a\u017e 20 000 km<\/li>\n\n\n\n<li>Zni\u017euje oslnenie a skreslenie svetla v noci<\/li>\n\n\n\n<li>Vodn\u00e9 perli\u010dky (60+ km\/h), t. j. jasn\u00fd v\u00fdh\u013ead aj bez stiera\u010dov<\/li>\n\n\n\n<li>Chr\u00e1ni stiera\u010de \u010deln\u00e9ho skla<\/li>\n\n\n\n<li>Jednoduch\u00e1 aplik\u00e1cia<\/li>\n\n\n\n<li>Siln\u00e9 antiadh\u00e9zne vlastnosti a men\u0161ia pri\u013enavos\u0165 hmyzu<\/li>\n\n\n\n<li>Zni\u017euje po\u010det mikro\u0161krabancov<\/li>\n\n\n\n<li>Okno sa \u013eah\u0161ie \u010dist\u00ed a \u013ead sa \u013eah\u0161ie odstra\u0148uje<\/li>\n\n\n\n<li>Nevidite\u013en\u00e1 ochrann\u00e1 vrstva &#8211; 500 x ten\u0161ia ako \u013eudsk\u00fd vlas<\/li>\n\n\n\n<li>UV stabiln\u00fd s vysokou odolnos\u0165ou proti oderu<\/li>\n\n\n\n<li>Odolnos\u0165 vo\u010di teplotn\u00fdm v\u00fdkyvom<\/li>\n\n\n\n<li>Chemicky odoln\u00e9 (ph 2 a\u017e 13)<\/li>\n\n\n\n<li>Odolnos\u0165 vo\u010di pr\u00e1\u010dke a vysokotlakov\u00e9mu \u010disti\u010du<\/li>\n\n\n\n<li>Na predn\u00e9 a bo\u010dn\u00e9 okn\u00e1 osobn\u00fdch a n\u00e1kladn\u00fdch automobilov, dod\u00e1vok, lod\u00ed a karavanov<\/li>\n\n\n\n<li>Naneste na \u010deln\u00e9 sklo a opakujte po 6 mesiacoch = trv\u00e1 a\u017e 1 rok<\/li>\n\n\n\n<li>Testovan\u00e9 T\u00dcV<\/li>\n<\/ul>\n","protected":false},"excerpt":{"rendered":"<p>\u2713 Dlh\u00e1 \u017eivotnos\u0165 &#8211; a\u017e 20 000 km<\/p>\n<p>\u2713 Vodn\u00e9 perli\u010dky (60+ km\/h), t. j. jasn\u00fd v\u00fdh\u013ead aj bez stiera\u010dov<\/p>\n<p>\u2713 Siln\u00e9 antiadh\u00e9zne vlastnosti a men\u0161ia pri\u013enavos\u0165 hmyzu<\/p>\n","protected":false},"featured_media":132064,"template":"","meta":{"_acf_changed":false,"neve_meta_sidebar":"","neve_meta_container":"","neve_meta_enable_content_width":"","neve_meta_content_width":0,"neve_meta_title_alignment":"","neve_meta_author_avatar":"","neve_post_elements_order":"","neve_meta_disable_header":"","neve_meta_disable_footer":"","neve_meta_disable_title":"","neve_meta_reading_time":"","_surfaces":[],"_ver_product_tabs":[],"footnotes":""},"product_brand":[],"product_cat":[2221,2269,2986],"product_tag":[],"class_list":{"0":"post-126076","1":"product","2":"type-product","3":"status-publish","4":"has-post-thumbnail","6":"product_cat-tesnenie-auta","7":"product_cat-tesnenie-na-sklo-a-keramiku","8":"product_cat-tesnenie-z-tekuteho-skla","10":"first","11":"instock","12":"taxable","13":"shipping-taxable","14":"purchasable","15":"product-type-simple"},"acf":[],"yoast_head":"<!-- This site is optimized with the Yoast SEO Premium plugin v22.8 (Yoast SEO v27.5) - https:\/\/yoast.com\/product\/yoast-seo-premium-wordpress\/ -->\n<title>Tesnenie \u010deln\u00e9ho skla - versiegelung24.com<\/title>\n<meta name=\"robots\" content=\"index, follow, max-snippet:-1, max-image-preview:large, max-video-preview:-1\" \/>\n<link rel=\"canonical\" href=\"https:\/\/www.versiegelung24.com\/sk\/tmel-na-celne-sklo-406.html\" \/>\n<meta property=\"og:locale\" content=\"sk_SK\" \/>\n<meta property=\"og:type\" content=\"article\" \/>\n<meta property=\"og:title\" content=\"Tesnenie \u010deln\u00e9ho skla\" \/>\n<meta property=\"og:description\" content=\"\u2713 Dlh\u00e1 \u017eivotnos\u0165 - a\u017e 20 000 km \u2713 Vodn\u00e9 perli\u010dky (60+ km\/h), t. j. jasn\u00fd v\u00fdh\u013ead aj bez stiera\u010dov \u2713 Siln\u00e9 antiadh\u00e9zne vlastnosti a men\u0161ia pri\u013enavos\u0165 hmyzu\" \/>\n<meta property=\"og:url\" content=\"https:\/\/www.versiegelung24.com\/sk\/tmel-na-celne-sklo-406.html\" \/>\n<meta property=\"og:site_name\" content=\"versiegelung24.com\" \/>\n<meta property=\"article:modified_time\" content=\"2025-01-05T16:35:10+00:00\" \/>\n<meta property=\"og:image\" content=\"https:\/\/www.versiegelung24.com\/wp-content\/uploads\/2023\/09\/windschutz-1-1.webp\" \/>\n\t<meta property=\"og:image:width\" content=\"2560\" \/>\n\t<meta property=\"og:image:height\" content=\"2560\" \/>\n\t<meta property=\"og:image:type\" content=\"image\/webp\" \/>\n<meta name=\"twitter:card\" content=\"summary_large_image\" \/>\n<meta name=\"twitter:label1\" content=\"Cena\" \/>\n\t<meta name=\"twitter:data1\" content=\"17,99&euro;\" \/>\n\t<meta name=\"twitter:label2\" content=\"Dostupnos\u0165\" \/>\n\t<meta name=\"twitter:data2\" content=\"Na sklade\" \/>\n<script type=\"application\/ld+json\" class=\"yoast-schema-graph\">{\"@context\":\"https:\\\/\\\/schema.org\",\"@graph\":[{\"@type\":\"WebPage\",\"@id\":\"https:\\\/\\\/www.versiegelung24.com\\\/sk\\\/tmel-na-celne-sklo-406.html\",\"url\":\"https:\\\/\\\/www.versiegelung24.com\\\/sk\\\/tmel-na-celne-sklo-406.html\",\"name\":\"Tesnenie \u010deln\u00e9ho skla - versiegelung24.com\",\"isPartOf\":{\"@id\":\"https:\\\/\\\/www.versiegelung24.com\\\/sk\\\/#website\"},\"primaryImageOfPage\":{\"@id\":\"https:\\\/\\\/www.versiegelung24.com\\\/sk\\\/tmel-na-celne-sklo-406.html#primaryimage\"},\"image\":{\"@id\":\"https:\\\/\\\/www.versiegelung24.com\\\/sk\\\/tmel-na-celne-sklo-406.html#primaryimage\"},\"thumbnailUrl\":\"https:\\\/\\\/www.versiegelung24.com\\\/wp-content\\\/uploads\\\/2023\\\/09\\\/windschutz-1-1.webp\",\"datePublished\":\"2023-09-01T13:04:40+00:00\",\"dateModified\":\"2025-01-05T16:35:10+00:00\",\"breadcrumb\":{\"@id\":\"https:\\\/\\\/www.versiegelung24.com\\\/sk\\\/tmel-na-celne-sklo-406.html#breadcrumb\"},\"inLanguage\":\"sk-SK\",\"potentialAction\":[{\"@type\":\"ReadAction\",\"target\":[\"https:\\\/\\\/www.versiegelung24.com\\\/sk\\\/tmel-na-celne-sklo-406.html\"]}]},{\"@type\":\"ImageObject\",\"inLanguage\":\"sk-SK\",\"@id\":\"https:\\\/\\\/www.versiegelung24.com\\\/sk\\\/tmel-na-celne-sklo-406.html#primaryimage\",\"url\":\"https:\\\/\\\/www.versiegelung24.com\\\/wp-content\\\/uploads\\\/2023\\\/09\\\/windschutz-1-1.webp\",\"contentUrl\":\"https:\\\/\\\/www.versiegelung24.com\\\/wp-content\\\/uploads\\\/2023\\\/09\\\/windschutz-1-1.webp\",\"width\":2560,\"height\":2560},{\"@type\":\"BreadcrumbList\",\"@id\":\"https:\\\/\\\/www.versiegelung24.com\\\/sk\\\/tmel-na-celne-sklo-406.html#breadcrumb\",\"itemListElement\":[{\"@type\":\"ListItem\",\"position\":1,\"name\":\"\u00davodn\u00e1 str\u00e1nka\",\"item\":\"https:\\\/\\\/www.versiegelung24.com\\\/sk\\\/predna-strana\\\/\"},{\"@type\":\"ListItem\",\"position\":2,\"name\":\"Obchod\",\"item\":\"https:\\\/\\\/www.versiegelung24.com\\\/sk\\\/obchod\\\/\"},{\"@type\":\"ListItem\",\"position\":3,\"name\":\"Tesnenie \u010deln\u00e9ho skla\"}]},{\"@type\":\"WebSite\",\"@id\":\"https:\\\/\\\/www.versiegelung24.com\\\/sk\\\/#website\",\"url\":\"https:\\\/\\\/www.versiegelung24.com\\\/sk\\\/\",\"name\":\"versiegelung24.com\",\"description\":\"Fl\u00fcssigglas-Versiegelung - Made in Germany\",\"publisher\":{\"@id\":\"https:\\\/\\\/www.versiegelung24.com\\\/sk\\\/#organization\"},\"potentialAction\":[{\"@type\":\"SearchAction\",\"target\":{\"@type\":\"EntryPoint\",\"urlTemplate\":\"https:\\\/\\\/www.versiegelung24.com\\\/sk\\\/?s={search_term_string}\"},\"query-input\":{\"@type\":\"PropertyValueSpecification\",\"valueRequired\":true,\"valueName\":\"search_term_string\"}}],\"inLanguage\":\"sk-SK\"},{\"@type\":\"Organization\",\"@id\":\"https:\\\/\\\/www.versiegelung24.com\\\/sk\\\/#organization\",\"name\":\"versiegelung24\",\"url\":\"https:\\\/\\\/www.versiegelung24.com\\\/sk\\\/\",\"logo\":{\"@type\":\"ImageObject\",\"inLanguage\":\"sk-SK\",\"@id\":\"https:\\\/\\\/www.versiegelung24.com\\\/sk\\\/#\\\/schema\\\/logo\\\/image\\\/\",\"url\":\"https:\\\/\\\/www.versiegelung24.com\\\/wp-content\\\/uploads\\\/2020\\\/04\\\/versiegelung24.png\",\"contentUrl\":\"https:\\\/\\\/www.versiegelung24.com\\\/wp-content\\\/uploads\\\/2020\\\/04\\\/versiegelung24.png\",\"width\":470,\"height\":102,\"caption\":\"versiegelung24\"},\"image\":{\"@id\":\"https:\\\/\\\/www.versiegelung24.com\\\/sk\\\/#\\\/schema\\\/logo\\\/image\\\/\"}}]}<\/script>\n<meta property=\"product:price:amount\" content=\"17.99\" \/>\n<meta property=\"product:price:currency\" content=\"EUR\" \/>\n<meta property=\"og:availability\" content=\"instock\" \/>\n<meta property=\"product:availability\" content=\"instock\" \/>\n<meta property=\"product:retailer_item_id\" content=\"4040-406\" \/>\n<meta property=\"product:condition\" content=\"new\" \/>\n<!-- \/ Yoast SEO Premium plugin. -->","yoast_head_json":{"title":"Tesnenie \u010deln\u00e9ho skla - versiegelung24.com","robots":{"index":"index","follow":"follow","max-snippet":"max-snippet:-1","max-image-preview":"max-image-preview:large","max-video-preview":"max-video-preview:-1"},"canonical":"https:\/\/www.versiegelung24.com\/sk\/tmel-na-celne-sklo-406.html","og_locale":"sk_SK","og_type":"article","og_title":"Tesnenie \u010deln\u00e9ho skla","og_description":"\u2713 Dlh\u00e1 \u017eivotnos\u0165 - a\u017e 20 000 km \u2713 Vodn\u00e9 perli\u010dky (60+ km\/h), t. j. jasn\u00fd v\u00fdh\u013ead aj bez stiera\u010dov \u2713 Siln\u00e9 antiadh\u00e9zne vlastnosti a men\u0161ia pri\u013enavos\u0165 hmyzu","og_url":"https:\/\/www.versiegelung24.com\/sk\/tmel-na-celne-sklo-406.html","og_site_name":"versiegelung24.com","article_modified_time":"2025-01-05T16:35:10+00:00","og_image":[{"width":2560,"height":2560,"url":"https:\/\/www.versiegelung24.com\/wp-content\/uploads\/2023\/09\/windschutz-1-1.webp","type":"image\/webp"}],"twitter_card":"summary_large_image","twitter_misc":{"Cena":"17,99&euro;","Dostupnos\u0165":"Na sklade"},"schema":{"@context":"https:\/\/schema.org","@graph":[{"@type":"WebPage","@id":"https:\/\/www.versiegelung24.com\/sk\/tmel-na-celne-sklo-406.html","url":"https:\/\/www.versiegelung24.com\/sk\/tmel-na-celne-sklo-406.html","name":"Tesnenie \u010deln\u00e9ho skla - versiegelung24.com","isPartOf":{"@id":"https:\/\/www.versiegelung24.com\/sk\/#website"},"primaryImageOfPage":{"@id":"https:\/\/www.versiegelung24.com\/sk\/tmel-na-celne-sklo-406.html#primaryimage"},"image":{"@id":"https:\/\/www.versiegelung24.com\/sk\/tmel-na-celne-sklo-406.html#primaryimage"},"thumbnailUrl":"https:\/\/www.versiegelung24.com\/wp-content\/uploads\/2023\/09\/windschutz-1-1.webp","datePublished":"2023-09-01T13:04:40+00:00","dateModified":"2025-01-05T16:35:10+00:00","breadcrumb":{"@id":"https:\/\/www.versiegelung24.com\/sk\/tmel-na-celne-sklo-406.html#breadcrumb"},"inLanguage":"sk-SK","potentialAction":[{"@type":"ReadAction","target":["https:\/\/www.versiegelung24.com\/sk\/tmel-na-celne-sklo-406.html"]}]},{"@type":"ImageObject","inLanguage":"sk-SK","@id":"https:\/\/www.versiegelung24.com\/sk\/tmel-na-celne-sklo-406.html#primaryimage","url":"https:\/\/www.versiegelung24.com\/wp-content\/uploads\/2023\/09\/windschutz-1-1.webp","contentUrl":"https:\/\/www.versiegelung24.com\/wp-content\/uploads\/2023\/09\/windschutz-1-1.webp","width":2560,"height":2560},{"@type":"BreadcrumbList","@id":"https:\/\/www.versiegelung24.com\/sk\/tmel-na-celne-sklo-406.html#breadcrumb","itemListElement":[{"@type":"ListItem","position":1,"name":"\u00davodn\u00e1 str\u00e1nka","item":"https:\/\/www.versiegelung24.com\/sk\/predna-strana\/"},{"@type":"ListItem","position":2,"name":"Obchod","item":"https:\/\/www.versiegelung24.com\/sk\/obchod\/"},{"@type":"ListItem","position":3,"name":"Tesnenie \u010deln\u00e9ho skla"}]},{"@type":"WebSite","@id":"https:\/\/www.versiegelung24.com\/sk\/#website","url":"https:\/\/www.versiegelung24.com\/sk\/","name":"versiegelung24.com","description":"Fl\u00fcssigglas-Versiegelung - Made in Germany","publisher":{"@id":"https:\/\/www.versiegelung24.com\/sk\/#organization"},"potentialAction":[{"@type":"SearchAction","target":{"@type":"EntryPoint","urlTemplate":"https:\/\/www.versiegelung24.com\/sk\/?s={search_term_string}"},"query-input":{"@type":"PropertyValueSpecification","valueRequired":true,"valueName":"search_term_string"}}],"inLanguage":"sk-SK"},{"@type":"Organization","@id":"https:\/\/www.versiegelung24.com\/sk\/#organization","name":"versiegelung24","url":"https:\/\/www.versiegelung24.com\/sk\/","logo":{"@type":"ImageObject","inLanguage":"sk-SK","@id":"https:\/\/www.versiegelung24.com\/sk\/#\/schema\/logo\/image\/","url":"https:\/\/www.versiegelung24.com\/wp-content\/uploads\/2020\/04\/versiegelung24.png","contentUrl":"https:\/\/www.versiegelung24.com\/wp-content\/uploads\/2020\/04\/versiegelung24.png","width":470,"height":102,"caption":"versiegelung24"},"image":{"@id":"https:\/\/www.versiegelung24.com\/sk\/#\/schema\/logo\/image\/"}}]},"product_price_amount":"17.99","product_price_currency":"EUR","og_availability":"instock","product_availability":"instock","product_retailer_item_id":"4040-406","product_condition":"new"},"_links":{"self":[{"href":"https:\/\/www.versiegelung24.com\/sk\/wp-json\/wp\/v2\/product\/126076","targetHints":{"allow":["GET"]}}],"collection":[{"href":"https:\/\/www.versiegelung24.com\/sk\/wp-json\/wp\/v2\/product"}],"about":[{"href":"https:\/\/www.versiegelung24.com\/sk\/wp-json\/wp\/v2\/types\/product"}],"version-history":[{"count":8,"href":"https:\/\/www.versiegelung24.com\/sk\/wp-json\/wp\/v2\/product\/126076\/revisions"}],"predecessor-version":[{"id":178322,"href":"https:\/\/www.versiegelung24.com\/sk\/wp-json\/wp\/v2\/product\/126076\/revisions\/178322"}],"wp:featuredmedia":[{"embeddable":true,"href":"https:\/\/www.versiegelung24.com\/sk\/wp-json\/wp\/v2\/media\/132064"}],"wp:attachment":[{"href":"https:\/\/www.versiegelung24.com\/sk\/wp-json\/wp\/v2\/media?parent=126076"}],"wp:term":[{"taxonomy":"product_brand","embeddable":true,"href":"https:\/\/www.versiegelung24.com\/sk\/wp-json\/wp\/v2\/product_brand?post=126076"},{"taxonomy":"product_cat","embeddable":true,"href":"https:\/\/www.versiegelung24.com\/sk\/wp-json\/wp\/v2\/product_cat?post=126076"},{"taxonomy":"product_tag","embeddable":true,"href":"https:\/\/www.versiegelung24.com\/sk\/wp-json\/wp\/v2\/product_tag?post=126076"}],"curies":[{"name":"wp","href":"https:\/\/api.w.org\/{rel}","templated":true}]}}