{"id":145284,"date":"2024-01-07T15:15:48","date_gmt":"2024-01-13T10:21:45","guid":{"rendered":"https:\/\/www.versiegelung24.com\/product\/v24-guma-na-necistoty-100x70x30mm\/"},"modified":"2025-01-05T18:01:54","modified_gmt":"2025-01-05T17:01:54","slug":"v24-schmutzradierer-100x70x30mm","status":"publish","type":"product","link":"https:\/\/www.versiegelung24.com\/sk\/v24-guma-na-necistoty-100x70x30mm.html","title":{"rendered":"V24 Guma na ne\u010distoty 100x70x30mm"},"content":{"rendered":"\n<h1 class=\"wp-block-heading\" id=\"h-v24-schmutzradierer-gegen-hartnackige-flecken-online-kaufen\">K\u00fapi\u0165 V24 gumu na \u0161kvrny proti odoln\u00fdm \u0161kvrn\u00e1m online<\/h1>\n\n<h2 class=\"wp-block-heading\" id=\"h-muhelos-hartnackige-flecken-beseitigen-mit-dem-versiegelung24-com-schmutzradierer\">Bez n\u00e1mahy odstr\u00e1\u0148te odoln\u00e9 \u0161kvrny pomocou gumy na \u0161kvrny Versiegelung24.com<\/h2>\n\n<p>Na\u0161imi <a href=\"https:\/\/www.versiegelung24.com\/fluessigglas-versiegelung\/\">tmelmi<\/a> mo\u017eno utesni\u0165 len \u010dist\u00e9 povrchy, preto je nevyhnutn\u00e9 odstr\u00e1ni\u0165 \u013eahk\u00e9 a odoln\u00e9 \u0161kvrny. Na\u0161a guma na ne\u010distoty je \u0161pi\u010dkov\u00e1 melam\u00ednov\u00e1 \u0161pongia, ktor\u00e1 je ide\u00e1lna na \u010distenie povrchov. V pr\u00edpade obzvl\u00e1\u0161\u0165 odoln\u00fdch \u0161kv\u0155n odpor\u00fa\u010dame dodato\u010dne pou\u017ei\u0165 n\u00e1\u0161 100 % biologicky odb\u00farate\u013en\u00fd organick\u00fd \u010distiaci prostriedok <a href=\"https:\/\/www.versiegelung24.com\/sk\/biosativa-biologicky-predcistic.html\">BIOSATIVA\u00ae<\/a>, ale \u017eiadne chemick\u00e9 \u010distiace prostriedky nie s\u00fa potrebn\u00e9.<\/p>\n\n<div class=\"wp-block-columns is-layout-flex wp-container-core-columns-is-layout-9d6595d7 wp-block-columns-is-layout-flex\">\n<div class=\"wp-block-column is-layout-flow wp-block-column-is-layout-flow\">\n<h2 class=\"wp-block-heading\" id=\"properties\">Vlastnosti produktu<\/h2>\n\n\n\n<ul class=\"wp-block-list\">\n<li>\u0160pi\u010dkov\u00e1 melam\u00ednov\u00e1 \u0161pongia<\/li>\n\n\n\n<li>Rozmery: 100x70x30 mm<\/li>\n\n\n\n<li>bez chemick\u00fdch pr\u00edsad<\/li>\n\n\n\n<li>netoxick\u00e9<\/li>\n<\/ul>\n\n\n\n<h2 class=\"wp-block-heading\" id=\"application\">Ako spo\u013eahlivo odstr\u00e1ni\u0165 ne\u010distoty pomocou na\u0161ej gumovej hubky<\/h2>\n\n\n\n<ol class=\"wp-block-list\">\n<li>Navlh\u010dite a vy\u017em\u00fdkajte hubku<\/li>\n\n\n\n<li>\u013dahk\u00fdm tlakom rozotrite ne\u010distoty<\/li>\n\n\n\n<li>Potom hubku opl\u00e1chnite a pou\u017eite ju znova<\/li>\n<\/ol>\n<\/div>\n\n\n\n<div class=\"wp-block-column is-layout-flow wp-block-column-is-layout-flow\">\n<figure class=\"wp-block-image size-full\"><img fetchpriority=\"high\" decoding=\"async\" width=\"1105\" height=\"1105\" src=\"https:\/\/www.versiegelung24.com\/wp-content\/uploads\/2024\/01\/v24-9020-content-1.webp\" alt=\"\" class=\"wp-image-138069\" srcset=\"https:\/\/www.versiegelung24.com\/wp-content\/uploads\/2024\/01\/v24-9020-content-1.webp 1105w, https:\/\/www.versiegelung24.com\/wp-content\/uploads\/2024\/01\/v24-9020-content-1-300x300.webp 300w, https:\/\/www.versiegelung24.com\/wp-content\/uploads\/2024\/01\/v24-9020-content-1-80x80.webp 80w, https:\/\/www.versiegelung24.com\/wp-content\/uploads\/2024\/01\/v24-9020-content-1-768x768.webp 768w, https:\/\/www.versiegelung24.com\/wp-content\/uploads\/2024\/01\/v24-9020-content-1-70x70.webp 70w, https:\/\/www.versiegelung24.com\/wp-content\/uploads\/2024\/01\/v24-9020-content-1-400x400.webp 400w, https:\/\/www.versiegelung24.com\/wp-content\/uploads\/2024\/01\/v24-9020-content-1-600x600.webp 600w, https:\/\/www.versiegelung24.com\/wp-content\/uploads\/2024\/01\/v24-9020-content-1-100x100.webp 100w\" sizes=\"(max-width: 1105px) 100vw, 1105px\" \/><\/figure>\n<\/div>\n<\/div>\n\n<h2 class=\"wp-block-heading\" id=\"h-vielfaltige-einsatzmoglichkeiten-des-schmutzradierers\"><strong>\u0160irok\u00e1 \u0161k\u00e1la aplik\u00e1ci\u00ed pre gumu<\/strong><\/h2>\n\n<p>Guma na ne\u010distoty od spolo\u010dnosti Versiegelung24.com je skuto\u010dne v\u0161estrann\u00fdm pomocn\u00edkom, pokia\u013e ide o odstra\u0148ovanie odoln\u00fdch \u0161kv\u0155n a ne\u010dist\u00f4t. V\u010faka \u0161irokej \u0161k\u00e1le vyu\u017eitia je nepostr\u00e1date\u013en\u00fdm pomocn\u00edkom v dom\u00e1cnosti. Tu je nieko\u013eko pr\u00edkladov, na \u010do m\u00f4\u017eete pou\u017ei\u0165 na\u0161u gumu:<\/p>\n\n<ol class=\"wp-block-list\">\n<li><strong>Odstr\u00e1\u0148te \u0161kvrny na sten\u00e1ch:<\/strong> Ide\u00e1lne na odstra\u0148ovanie st\u00f4p a \u0161kv\u0155n zo stien, ako s\u00fa odtla\u010dky prstov alebo \u0161muhy od \u0161piny.<\/li>\n\n\n\n<li><strong>\u010cistenie kuchynsk\u00fdch spotrebi\u010dov:<\/strong> \u00da\u010dinne odstra\u0148uje mastnotu a zvy\u0161ky jedla z kuchynsk\u00fdch povrchov, spor\u00e1kov a r\u00far.<\/li>\n\n\n\n<li><strong>\u010cistenie k\u00fape\u013ene:<\/strong> Odstra\u0148uje vodn\u00fd kame\u0148 a \u0161kvrny od vody na armat\u00farach, obklada\u010dk\u00e1ch a sprchov\u00fdch k\u00fatoch.<\/li>\n\n\n\n<li><strong>\u010cisti\u010d obuvi:<\/strong> Odstra\u0148uje odoln\u00e9 \u0161kvrny a odreniny na tenisk\u00e1ch a in\u00fdch materi\u00e1loch obuvi.<\/li>\n\n\n\n<li><strong>Starostlivos\u0165 o n\u00e1bytok:<\/strong> Ide\u00e1lny na \u010distenie plastov\u00fdch alebo dreven\u00fdch povrchov n\u00e1bytku, odstra\u0148uje odtla\u010dky prstov a \u0161kvrny.<\/li>\n\n\n\n<li><strong>\u0160kvrny na text\u00edli\u00e1ch:<\/strong> Bezpe\u010dne odstra\u0148uje \u0161kvrny z pohoviek, kresiel alebo in\u00fdch textiln\u00fdch povrchov.<\/li>\n\n\n\n<li><strong>\u010cistenie interi\u00e9ru vozidla:<\/strong> Ide\u00e1lne na \u010distenie palubn\u00fdch dosiek, v\u00fdpln\u00ed dver\u00ed a in\u00fdch plastov\u00fdch \u010dast\u00ed v aute.<\/li>\n\n\n\n<li><strong>Po\u010d\u00edta\u010de a elektronika:<\/strong> Bezpe\u010dn\u00fd na \u010distenie kl\u00e1vesn\u00edc a in\u00fdch citliv\u00fdch elektronick\u00fdch zariaden\u00ed.<\/li>\n\n\n\n<li><strong>\u010cisti\u010d hra\u010diek:<\/strong> Odstra\u0148uje ne\u010distoty a \u0161kvrny z plastov\u00fdch hra\u010diek bez \u0161kodliv\u00fdch chemik\u00e1li\u00ed.<\/li>\n\n\n\n<li><strong>Dvere a k\u013eu\u010dky:<\/strong> \u00da\u010dinn\u00fd na odstra\u0148ovanie odtla\u010dkov prstov a ne\u010dist\u00f4t z k\u013eu\u010diek a r\u00e1mov dver\u00ed.<\/li>\n<\/ol>\n\n<h2 class=\"wp-block-heading\" id=\"h-was-sie-vor-dem-kauf-des-radierschwamms-beachten-sollten\">\u010co by ste mali zv\u00e1\u017ei\u0165 pred k\u00fapou gumovej hubky<\/h2>\n\n<h3 class=\"wp-block-heading\" id=\"h-geeignete-oberflachen-fur-den-wunderschwamm\">Vhodn\u00e9 povrchy pre z\u00e1zra\u010dn\u00fa hubku<\/h3>\n\n<p>Z\u00e1zra\u010dn\u00e1 hubka je univerz\u00e1lny \u010distiaci n\u00e1stroj, ktor\u00fd mo\u017eno pou\u017ei\u0165 na r\u00f4zne povrchy. Medzi vhodn\u00e9 povrchy pre z\u00e1zra\u010dn\u00fa hubku patr\u00ed <strong>plast, nehrdzavej\u00faca oce\u013e, sklo, keramika, tapety, dla\u017edice a mnoho \u010fal\u0161\u00edch<\/strong>. Hubku mo\u017eno \u00fa\u010dinne pou\u017ei\u0165 na tieto materi\u00e1ly na odstr\u00e1nenie ne\u010dist\u00f4t, mastnoty a zvy\u0161kov. Z\u00e1zra\u010dn\u00e1 hubka je vhodn\u00e1 aj na citliv\u00e9 povrchy, ako je drevo, preto\u017ee sa nepo\u0161kriabe a nezanech\u00e1va nevzh\u013eadn\u00e9 stopy. Mo\u017eno ho pou\u017ei\u0165 na jemn\u00e9 \u010distenie povrchov bez ich po\u0161kodenia.  <\/p>\n\n<p><\/p><h3>Na \u010do si da\u0165 pozor<\/h3>\u0160pongiou mo\u017eno upravi\u0165 ve\u013ekos\u0165, aby ste dosiahli do obzvl\u00e1\u0161\u0165 \u0165a\u017eko pr\u00edstupn\u00fdch oblast\u00ed.  <strong>Opatrnos\u0165 sa odpor\u00fa\u010da pri obzvl\u00e1\u0161\u0165 citliv\u00fdch<\/strong>, <strong>leskl\u00fdch<\/strong>, <strong>lakovan\u00fdch<\/strong> a <strong>le\u0161ten\u00fdch<\/strong> <strong>povrchoch<\/strong>! Odpor\u00fa\u010da sa vopred vykona\u0165 sk\u00fa\u0161ku na nen\u00e1padnej ploche a v\u0161imn\u00fa\u0165 si, \u017ee v\u00fdrobok sa zotiera, najm\u00e4 na drsn\u00fdch povrchoch. Po aplik\u00e1cii by sa mali povrchy o\u010disti\u0165 \u010distou vodou, aby sa odstr\u00e1nili v\u0161etky zvy\u0161ky.\n","protected":false},"excerpt":{"rendered":"<p class=\"MsoNormal\"><strong>Melam\u00ednov\u00e1 \u0161pongia na pred\u010distenie povrchov<\/strong><\/p>\n<p>\u2713 Opakovane pou\u017eite\u013en\u00e9<\/p>\n<p>\u2713 \u0160etrn\u00e9 k \u017eivotn\u00e9mu prostrediu<\/p>\n<p>\u2713 \u0160ikovn\u00fd<\/p>\n<p>\u2713 Univerz\u00e1lne pou\u017eite\u013en\u00e9<\/p>\n<p>\u2713 100x70x30mm<\/p>\n<p>&nbsp;<\/p>\n","protected":false},"featured_media":138040,"template":"","meta":{"_acf_changed":false,"neve_meta_sidebar":"","neve_meta_container":"","neve_meta_enable_content_width":"","neve_meta_content_width":0,"neve_meta_title_alignment":"","neve_meta_author_avatar":"","neve_post_elements_order":"","neve_meta_disable_header":"","neve_meta_disable_footer":"","neve_meta_disable_title":"","neve_meta_reading_time":"","_surfaces":[],"_ver_product_tabs":[],"footnotes":""},"product_brand":[],"product_cat":[2221,2269,2405,2412,2490,3089],"product_tag":[],"class_list":{"0":"post-145284","1":"product","2":"type-product","3":"status-publish","4":"has-post-thumbnail","6":"product_cat-tesnenie-auta","7":"product_cat-tesnenie-na-sklo-a-keramiku","8":"product_cat-kovove-a-plastove-tesnenie","9":"product_cat-cistiace-prostriedky","10":"product_cat-univerzalne-tesnenie","11":"product_cat-zariadeni","13":"first","14":"instock","15":"taxable","16":"shipping-taxable","17":"purchasable","18":"product-type-simple"},"acf":[],"yoast_head":"<!-- This site is optimized with the Yoast SEO Premium plugin v22.8 (Yoast SEO v27.5) - https:\/\/yoast.com\/product\/yoast-seo-premium-wordpress\/ -->\n<title>K\u00fapte si gumi\u010dky na ne\u010distoty lacno online - Versiegelung24.com<\/title>\n<meta name=\"description\" content=\"K\u00fapte si gumu na ne\u010distoty lacno online na Versiegelung24.com a odstr\u00e1\u0148te odoln\u00fa \u0161pinu z r\u00f4znych povrchov bez n\u00e1mahy.\" \/>\n<meta name=\"robots\" content=\"index, follow, max-snippet:-1, max-image-preview:large, max-video-preview:-1\" \/>\n<link rel=\"canonical\" href=\"https:\/\/www.versiegelung24.com\/sk\/v24-guma-na-necistoty-100x70x30mm.html\" \/>\n<meta property=\"og:locale\" content=\"sk_SK\" \/>\n<meta property=\"og:type\" content=\"article\" \/>\n<meta property=\"og:title\" content=\"V24 Guma na ne\u010distoty 100x70x30mm\" \/>\n<meta property=\"og:description\" content=\"K\u00fapte si gumu na ne\u010distoty lacno online na Versiegelung24.com a odstr\u00e1\u0148te odoln\u00fa \u0161pinu z r\u00f4znych povrchov bez n\u00e1mahy.\" \/>\n<meta property=\"og:url\" content=\"https:\/\/www.versiegelung24.com\/sk\/v24-guma-na-necistoty-100x70x30mm.html\" \/>\n<meta property=\"og:site_name\" content=\"versiegelung24.com\" \/>\n<meta property=\"article:modified_time\" content=\"2025-01-05T17:01:54+00:00\" \/>\n<meta property=\"og:image\" content=\"https:\/\/www.versiegelung24.com\/wp-content\/uploads\/2024\/01\/V24-9020-3.webp\" \/>\n\t<meta property=\"og:image:width\" content=\"600\" \/>\n\t<meta property=\"og:image:height\" content=\"600\" \/>\n\t<meta property=\"og:image:type\" content=\"image\/webp\" \/>\n<meta name=\"twitter:card\" content=\"summary_large_image\" \/>\n<meta name=\"twitter:label1\" content=\"Cena\" \/>\n\t<meta name=\"twitter:data1\" content=\"0,99&euro;\" \/>\n\t<meta name=\"twitter:label2\" content=\"Dostupnos\u0165\" \/>\n\t<meta name=\"twitter:data2\" content=\"Na sklade\" \/>\n<script type=\"application\/ld+json\" class=\"yoast-schema-graph\">{\"@context\":\"https:\\\/\\\/schema.org\",\"@graph\":[{\"@type\":\"WebPage\",\"@id\":\"https:\\\/\\\/www.versiegelung24.com\\\/sk\\\/v24-guma-na-necistoty-100x70x30mm.html\",\"url\":\"https:\\\/\\\/www.versiegelung24.com\\\/sk\\\/v24-guma-na-necistoty-100x70x30mm.html\",\"name\":\"K\u00fapte si gumi\u010dky na ne\u010distoty lacno online - Versiegelung24.com\",\"isPartOf\":{\"@id\":\"https:\\\/\\\/www.versiegelung24.com\\\/sk\\\/#website\"},\"primaryImageOfPage\":{\"@id\":\"https:\\\/\\\/www.versiegelung24.com\\\/sk\\\/v24-guma-na-necistoty-100x70x30mm.html#primaryimage\"},\"image\":{\"@id\":\"https:\\\/\\\/www.versiegelung24.com\\\/sk\\\/v24-guma-na-necistoty-100x70x30mm.html#primaryimage\"},\"thumbnailUrl\":\"https:\\\/\\\/www.versiegelung24.com\\\/wp-content\\\/uploads\\\/2024\\\/01\\\/V24-9020-3.webp\",\"datePublished\":\"2024-01-13T10:21:45+00:00\",\"dateModified\":\"2025-01-05T17:01:54+00:00\",\"description\":\"K\u00fapte si gumu na ne\u010distoty lacno online na Versiegelung24.com a odstr\u00e1\u0148te odoln\u00fa \u0161pinu z r\u00f4znych povrchov bez n\u00e1mahy.\",\"breadcrumb\":{\"@id\":\"https:\\\/\\\/www.versiegelung24.com\\\/sk\\\/v24-guma-na-necistoty-100x70x30mm.html#breadcrumb\"},\"inLanguage\":\"sk-SK\",\"potentialAction\":[{\"@type\":\"ReadAction\",\"target\":[\"https:\\\/\\\/www.versiegelung24.com\\\/sk\\\/v24-guma-na-necistoty-100x70x30mm.html\"]}]},{\"@type\":\"ImageObject\",\"inLanguage\":\"sk-SK\",\"@id\":\"https:\\\/\\\/www.versiegelung24.com\\\/sk\\\/v24-guma-na-necistoty-100x70x30mm.html#primaryimage\",\"url\":\"https:\\\/\\\/www.versiegelung24.com\\\/wp-content\\\/uploads\\\/2024\\\/01\\\/V24-9020-3.webp\",\"contentUrl\":\"https:\\\/\\\/www.versiegelung24.com\\\/wp-content\\\/uploads\\\/2024\\\/01\\\/V24-9020-3.webp\",\"width\":600,\"height\":600},{\"@type\":\"BreadcrumbList\",\"@id\":\"https:\\\/\\\/www.versiegelung24.com\\\/sk\\\/v24-guma-na-necistoty-100x70x30mm.html#breadcrumb\",\"itemListElement\":[{\"@type\":\"ListItem\",\"position\":1,\"name\":\"\u00davodn\u00e1 str\u00e1nka\",\"item\":\"https:\\\/\\\/www.versiegelung24.com\\\/sk\\\/predna-strana\\\/\"},{\"@type\":\"ListItem\",\"position\":2,\"name\":\"Obchod\",\"item\":\"https:\\\/\\\/www.versiegelung24.com\\\/sk\\\/obchod\\\/\"},{\"@type\":\"ListItem\",\"position\":3,\"name\":\"V24 Guma na ne\u010distoty 100x70x30mm\"}]},{\"@type\":\"WebSite\",\"@id\":\"https:\\\/\\\/www.versiegelung24.com\\\/sk\\\/#website\",\"url\":\"https:\\\/\\\/www.versiegelung24.com\\\/sk\\\/\",\"name\":\"versiegelung24.com\",\"description\":\"Fl\u00fcssigglas-Versiegelung - Made in Germany\",\"publisher\":{\"@id\":\"https:\\\/\\\/www.versiegelung24.com\\\/sk\\\/#organization\"},\"potentialAction\":[{\"@type\":\"SearchAction\",\"target\":{\"@type\":\"EntryPoint\",\"urlTemplate\":\"https:\\\/\\\/www.versiegelung24.com\\\/sk\\\/?s={search_term_string}\"},\"query-input\":{\"@type\":\"PropertyValueSpecification\",\"valueRequired\":true,\"valueName\":\"search_term_string\"}}],\"inLanguage\":\"sk-SK\"},{\"@type\":\"Organization\",\"@id\":\"https:\\\/\\\/www.versiegelung24.com\\\/sk\\\/#organization\",\"name\":\"versiegelung24\",\"url\":\"https:\\\/\\\/www.versiegelung24.com\\\/sk\\\/\",\"logo\":{\"@type\":\"ImageObject\",\"inLanguage\":\"sk-SK\",\"@id\":\"https:\\\/\\\/www.versiegelung24.com\\\/sk\\\/#\\\/schema\\\/logo\\\/image\\\/\",\"url\":\"https:\\\/\\\/www.versiegelung24.com\\\/wp-content\\\/uploads\\\/2020\\\/04\\\/versiegelung24.png\",\"contentUrl\":\"https:\\\/\\\/www.versiegelung24.com\\\/wp-content\\\/uploads\\\/2020\\\/04\\\/versiegelung24.png\",\"width\":470,\"height\":102,\"caption\":\"versiegelung24\"},\"image\":{\"@id\":\"https:\\\/\\\/www.versiegelung24.com\\\/sk\\\/#\\\/schema\\\/logo\\\/image\\\/\"}}]}<\/script>\n<meta property=\"product:price:amount\" content=\"0.99\" \/>\n<meta property=\"product:price:currency\" content=\"EUR\" \/>\n<meta property=\"og:availability\" content=\"instock\" \/>\n<meta property=\"product:availability\" content=\"instock\" \/>\n<meta property=\"product:retailer_item_id\" content=\"V24-9020-1\" \/>\n<meta property=\"product:condition\" content=\"new\" \/>\n<!-- \/ Yoast SEO Premium plugin. -->","yoast_head_json":{"title":"K\u00fapte si gumi\u010dky na ne\u010distoty lacno online - Versiegelung24.com","description":"K\u00fapte si gumu na ne\u010distoty lacno online na Versiegelung24.com a odstr\u00e1\u0148te odoln\u00fa \u0161pinu z r\u00f4znych povrchov bez n\u00e1mahy.","robots":{"index":"index","follow":"follow","max-snippet":"max-snippet:-1","max-image-preview":"max-image-preview:large","max-video-preview":"max-video-preview:-1"},"canonical":"https:\/\/www.versiegelung24.com\/sk\/v24-guma-na-necistoty-100x70x30mm.html","og_locale":"sk_SK","og_type":"article","og_title":"V24 Guma na ne\u010distoty 100x70x30mm","og_description":"K\u00fapte si gumu na ne\u010distoty lacno online na Versiegelung24.com a odstr\u00e1\u0148te odoln\u00fa \u0161pinu z r\u00f4znych povrchov bez n\u00e1mahy.","og_url":"https:\/\/www.versiegelung24.com\/sk\/v24-guma-na-necistoty-100x70x30mm.html","og_site_name":"versiegelung24.com","article_modified_time":"2025-01-05T17:01:54+00:00","og_image":[{"width":600,"height":600,"url":"https:\/\/www.versiegelung24.com\/wp-content\/uploads\/2024\/01\/V24-9020-3.webp","type":"image\/webp"}],"twitter_card":"summary_large_image","twitter_misc":{"Cena":"0,99&euro;","Dostupnos\u0165":"Na sklade"},"schema":{"@context":"https:\/\/schema.org","@graph":[{"@type":"WebPage","@id":"https:\/\/www.versiegelung24.com\/sk\/v24-guma-na-necistoty-100x70x30mm.html","url":"https:\/\/www.versiegelung24.com\/sk\/v24-guma-na-necistoty-100x70x30mm.html","name":"K\u00fapte si gumi\u010dky na ne\u010distoty lacno online - Versiegelung24.com","isPartOf":{"@id":"https:\/\/www.versiegelung24.com\/sk\/#website"},"primaryImageOfPage":{"@id":"https:\/\/www.versiegelung24.com\/sk\/v24-guma-na-necistoty-100x70x30mm.html#primaryimage"},"image":{"@id":"https:\/\/www.versiegelung24.com\/sk\/v24-guma-na-necistoty-100x70x30mm.html#primaryimage"},"thumbnailUrl":"https:\/\/www.versiegelung24.com\/wp-content\/uploads\/2024\/01\/V24-9020-3.webp","datePublished":"2024-01-13T10:21:45+00:00","dateModified":"2025-01-05T17:01:54+00:00","description":"K\u00fapte si gumu na ne\u010distoty lacno online na Versiegelung24.com a odstr\u00e1\u0148te odoln\u00fa \u0161pinu z r\u00f4znych povrchov bez n\u00e1mahy.","breadcrumb":{"@id":"https:\/\/www.versiegelung24.com\/sk\/v24-guma-na-necistoty-100x70x30mm.html#breadcrumb"},"inLanguage":"sk-SK","potentialAction":[{"@type":"ReadAction","target":["https:\/\/www.versiegelung24.com\/sk\/v24-guma-na-necistoty-100x70x30mm.html"]}]},{"@type":"ImageObject","inLanguage":"sk-SK","@id":"https:\/\/www.versiegelung24.com\/sk\/v24-guma-na-necistoty-100x70x30mm.html#primaryimage","url":"https:\/\/www.versiegelung24.com\/wp-content\/uploads\/2024\/01\/V24-9020-3.webp","contentUrl":"https:\/\/www.versiegelung24.com\/wp-content\/uploads\/2024\/01\/V24-9020-3.webp","width":600,"height":600},{"@type":"BreadcrumbList","@id":"https:\/\/www.versiegelung24.com\/sk\/v24-guma-na-necistoty-100x70x30mm.html#breadcrumb","itemListElement":[{"@type":"ListItem","position":1,"name":"\u00davodn\u00e1 str\u00e1nka","item":"https:\/\/www.versiegelung24.com\/sk\/predna-strana\/"},{"@type":"ListItem","position":2,"name":"Obchod","item":"https:\/\/www.versiegelung24.com\/sk\/obchod\/"},{"@type":"ListItem","position":3,"name":"V24 Guma na ne\u010distoty 100x70x30mm"}]},{"@type":"WebSite","@id":"https:\/\/www.versiegelung24.com\/sk\/#website","url":"https:\/\/www.versiegelung24.com\/sk\/","name":"versiegelung24.com","description":"Fl\u00fcssigglas-Versiegelung - Made in Germany","publisher":{"@id":"https:\/\/www.versiegelung24.com\/sk\/#organization"},"potentialAction":[{"@type":"SearchAction","target":{"@type":"EntryPoint","urlTemplate":"https:\/\/www.versiegelung24.com\/sk\/?s={search_term_string}"},"query-input":{"@type":"PropertyValueSpecification","valueRequired":true,"valueName":"search_term_string"}}],"inLanguage":"sk-SK"},{"@type":"Organization","@id":"https:\/\/www.versiegelung24.com\/sk\/#organization","name":"versiegelung24","url":"https:\/\/www.versiegelung24.com\/sk\/","logo":{"@type":"ImageObject","inLanguage":"sk-SK","@id":"https:\/\/www.versiegelung24.com\/sk\/#\/schema\/logo\/image\/","url":"https:\/\/www.versiegelung24.com\/wp-content\/uploads\/2020\/04\/versiegelung24.png","contentUrl":"https:\/\/www.versiegelung24.com\/wp-content\/uploads\/2020\/04\/versiegelung24.png","width":470,"height":102,"caption":"versiegelung24"},"image":{"@id":"https:\/\/www.versiegelung24.com\/sk\/#\/schema\/logo\/image\/"}}]},"product_price_amount":"0.99","product_price_currency":"EUR","og_availability":"instock","product_availability":"instock","product_retailer_item_id":"V24-9020-1","product_condition":"new"},"_links":{"self":[{"href":"https:\/\/www.versiegelung24.com\/sk\/wp-json\/wp\/v2\/product\/145284","targetHints":{"allow":["GET"]}}],"collection":[{"href":"https:\/\/www.versiegelung24.com\/sk\/wp-json\/wp\/v2\/product"}],"about":[{"href":"https:\/\/www.versiegelung24.com\/sk\/wp-json\/wp\/v2\/types\/product"}],"version-history":[{"count":1,"href":"https:\/\/www.versiegelung24.com\/sk\/wp-json\/wp\/v2\/product\/145284\/revisions"}],"predecessor-version":[{"id":145291,"href":"https:\/\/www.versiegelung24.com\/sk\/wp-json\/wp\/v2\/product\/145284\/revisions\/145291"}],"wp:featuredmedia":[{"embeddable":true,"href":"https:\/\/www.versiegelung24.com\/sk\/wp-json\/wp\/v2\/media\/138040"}],"wp:attachment":[{"href":"https:\/\/www.versiegelung24.com\/sk\/wp-json\/wp\/v2\/media?parent=145284"}],"wp:term":[{"taxonomy":"product_brand","embeddable":true,"href":"https:\/\/www.versiegelung24.com\/sk\/wp-json\/wp\/v2\/product_brand?post=145284"},{"taxonomy":"product_cat","embeddable":true,"href":"https:\/\/www.versiegelung24.com\/sk\/wp-json\/wp\/v2\/product_cat?post=145284"},{"taxonomy":"product_tag","embeddable":true,"href":"https:\/\/www.versiegelung24.com\/sk\/wp-json\/wp\/v2\/product_tag?post=145284"}],"curies":[{"name":"wp","href":"https:\/\/api.w.org\/{rel}","templated":true}]}}