{"id":160947,"date":"2024-05-06T17:28:31","date_gmt":"2024-05-06T15:28:34","guid":{"rendered":"https:\/\/www.versiegelung24.com\/?post_type=product&#038;p=160947"},"modified":"2025-01-13T17:08:42","modified_gmt":"2025-01-13T16:08:42","slug":"arbeitshandschuhe-nylon-schwarz-groesse-9","status":"publish","type":"product","link":"https:\/\/www.versiegelung24.com\/sk\/zlte-nitrilove-pracovne-rukavice-s-pletenou-manzetou-kopie-2.html","title":{"rendered":"Pracovn\u00e9 rukavice nylonov\u00e9 \u010dierne ve\u013ekos\u0165 9"},"content":{"rendered":"\n<h4 class=\"wp-block-heading\" id=\"h-beschreibung\">Opis<\/h4>\n\n<p>Nylonov\u00e9 rukavice na univerz\u00e1lne pou\u017eitie so \u0161peci\u00e1lnou proti\u0161mykovou \u00fapravou a odolnos\u0165ou proti oderu. Nylonov\u00e9 rukavice s\u00fa bez\u0161vovo pleten\u00e9 bez dr\u00e1\u017ediv\u00fdch \u0161vov a zabra\u0148uj\u00fa tak podr\u00e1\u017edeniu poko\u017eky. V\u010faka dokonal\u00e9mu strihu poskytuj\u00fa mimoriadne vysok\u00fa \u00farove\u0148 pohodlia. Rukavice s\u00fa um\u00fdvate\u013en\u00e9 a opakovane pou\u017eite\u013en\u00e9 a s\u00fa vhodn\u00e9 najm\u00e4 pre automobilov\u00fd priemysel, z\u00e1hradn\u00edctvo, dom\u00e1cich majstrov at\u010f.<\/p>\n\n<hr \/>\n\n<h4 class=\"wp-block-heading\" id=\"properties\">Vlastnosti produktu<\/h4>\n\n<div class=\"wp-block-columns is-layout-flex wp-container-core-columns-is-layout-9d6595d7 wp-block-columns-is-layout-flex\">\n<div class=\"wp-block-column is-layout-flow wp-block-column-is-layout-flow\">\n<p>\u2713 Prvotriedny tenk\u00fd polyuret\u00e1nov\u00fd povlak na dlani a prstoch<\/p>\n\n\n\n<p>\u2713 Bez\u0161vov\u00fd \u00faplet bez dr\u00e1\u017ediv\u00fdch \u0161vov, ktor\u00fd zabra\u0148uje podr\u00e1\u017edeniu poko\u017eky<\/p>\n\n\n\n<p>\u2713 Mimoriadne pohodln\u00e9 v\u010faka perfektn\u00e9mu strihu<\/p>\n\n\n\n<p>\u2713 Vyroben\u00e9 pod\u013ea normy EN 388<\/p>\n\n\n\n<p>\u2713 Ide\u00e1lne takmer na v\u0161etky mont\u00e1\u017ene pr\u00e1ce v presnej mechanike a v\u0161ade tam, kde sa vy\u017eaduje presnos\u0165<\/p>\n\n\n\n<p>\u2713 \u017diadna \u00fanava r\u00fak z nosenia rukav\u00edc<\/p>\n\n\n\n<p>\u2713 Zadn\u00e1 strana ruky je bez povrchovej \u00fapravy a ve\u013emi priedu\u0161n\u00e1<\/p>\n\n\n\n<p>\u2713 Um\u00fdvate\u013en\u00e9<\/p>\n\n\n\n<p>\u2713 Ve\u013ekos\u0165: 9<\/p>\n<\/div>\n<\/div>\n","protected":false},"excerpt":{"rendered":"<div class=\"product_text_extra\">\n<p>\u2713 Obzvl\u00e1\u0161\u0165 odoln\u00e9 proti \u0161myku a oderu<\/p>\n<p>\u2713 Zadn\u00e1 strana ruky je nepotiahnut\u00e1 a ve\u013emi priedu\u0161n\u00e1<\/p>\n<p>\u2713 Mimoriadne pohodln\u00e9 v\u010faka perfektn\u00e9mu strihu<\/p>\n<p>\u2713 Um\u00fdvate\u013en\u00e9 a opakovane pou\u017eite\u013en\u00e9<\/p>\n<p>\u2713 Vyroben\u00e9 pod\u013ea normy EN388<\/p>\n<\/div>\n","protected":false},"featured_media":161005,"template":"","meta":{"_acf_changed":false,"neve_meta_sidebar":"","neve_meta_container":"","neve_meta_enable_content_width":"","neve_meta_content_width":0,"neve_meta_title_alignment":"","neve_meta_author_avatar":"","neve_post_elements_order":"","neve_meta_disable_header":"","neve_meta_disable_footer":"","neve_meta_disable_title":"","neve_meta_reading_time":"","_surfaces":[],"_ver_product_tabs":[],"footnotes":""},"product_brand":[],"product_cat":[3089],"product_tag":[],"class_list":{"0":"post-160947","1":"product","2":"type-product","3":"status-publish","4":"has-post-thumbnail","6":"product_cat-zariadeni","8":"first","9":"instock","10":"taxable","11":"shipping-taxable","12":"purchasable","13":"product-type-simple"},"acf":[],"yoast_head":"<!-- This site is optimized with the Yoast SEO Premium plugin v22.8 (Yoast SEO v27.6) - https:\/\/yoast.com\/product\/yoast-seo-premium-wordpress\/ -->\n<title>Pracovn\u00e9 rukavice nylonov\u00e9 \u010dierne ve\u013ekos\u0165 9 - versiegelung24.com<\/title>\n<meta name=\"robots\" content=\"index, follow, max-snippet:-1, max-image-preview:large, max-video-preview:-1\" \/>\n<link rel=\"canonical\" href=\"https:\/\/www.versiegelung24.com\/sk\/zlte-nitrilove-pracovne-rukavice-s-pletenou-manzetou-kopie-2.html\" \/>\n<meta property=\"og:locale\" content=\"sk_SK\" \/>\n<meta property=\"og:type\" content=\"article\" \/>\n<meta property=\"og:title\" content=\"Pracovn\u00e9 rukavice nylonov\u00e9 \u010dierne ve\u013ekos\u0165 9\" \/>\n<meta property=\"og:description\" content=\"\u2713 Obzvl\u00e1\u0161\u0165 odoln\u00e9 proti \u0161myku a oderu \u2713 Zadn\u00e1 strana ruky je nepotiahnut\u00e1 a ve\u013emi priedu\u0161n\u00e1 \u2713 Mimoriadne pohodln\u00e9 v\u010faka perfektn\u00e9mu strihu \u2713 Um\u00fdvate\u013en\u00e9 a opakovane pou\u017eite\u013en\u00e9 \u2713 Vyroben\u00e9 pod\u013ea normy EN388\" \/>\n<meta property=\"og:url\" content=\"https:\/\/www.versiegelung24.com\/sk\/zlte-nitrilove-pracovne-rukavice-s-pletenou-manzetou-kopie-2.html\" \/>\n<meta property=\"og:site_name\" content=\"versiegelung24.com\" \/>\n<meta property=\"article:modified_time\" content=\"2025-01-13T16:08:42+00:00\" \/>\n<meta name=\"twitter:card\" content=\"summary_large_image\" \/>\n<meta name=\"twitter:label1\" content=\"Cena\" \/>\n\t<meta name=\"twitter:data1\" content=\"2,49&euro;\" \/>\n\t<meta name=\"twitter:label2\" content=\"Dostupnos\u0165\" \/>\n\t<meta name=\"twitter:data2\" content=\"Na sklade\" \/>\n<script type=\"application\/ld+json\" class=\"yoast-schema-graph\">{\"@context\":\"https:\\\/\\\/schema.org\",\"@graph\":[{\"@type\":\"WebPage\",\"@id\":\"https:\\\/\\\/www.versiegelung24.com\\\/sk\\\/zlte-nitrilove-pracovne-rukavice-s-pletenou-manzetou-kopie-2.html\",\"url\":\"https:\\\/\\\/www.versiegelung24.com\\\/sk\\\/zlte-nitrilove-pracovne-rukavice-s-pletenou-manzetou-kopie-2.html\",\"name\":\"Pracovn\u00e9 rukavice nylonov\u00e9 \u010dierne ve\u013ekos\u0165 9 - versiegelung24.com\",\"isPartOf\":{\"@id\":\"https:\\\/\\\/www.versiegelung24.com\\\/sk\\\/#website\"},\"primaryImageOfPage\":{\"@id\":\"https:\\\/\\\/www.versiegelung24.com\\\/sk\\\/zlte-nitrilove-pracovne-rukavice-s-pletenou-manzetou-kopie-2.html#primaryimage\"},\"image\":{\"@id\":\"https:\\\/\\\/www.versiegelung24.com\\\/sk\\\/zlte-nitrilove-pracovne-rukavice-s-pletenou-manzetou-kopie-2.html#primaryimage\"},\"thumbnailUrl\":\"https:\\\/\\\/www.versiegelung24.com\\\/wp-content\\\/uploads\\\/2024\\\/05\\\/nitril-oben.webp\",\"datePublished\":\"2024-05-06T15:28:34+00:00\",\"dateModified\":\"2025-01-13T16:08:42+00:00\",\"breadcrumb\":{\"@id\":\"https:\\\/\\\/www.versiegelung24.com\\\/sk\\\/zlte-nitrilove-pracovne-rukavice-s-pletenou-manzetou-kopie-2.html#breadcrumb\"},\"inLanguage\":\"sk-SK\",\"potentialAction\":[{\"@type\":\"ReadAction\",\"target\":[\"https:\\\/\\\/www.versiegelung24.com\\\/sk\\\/zlte-nitrilove-pracovne-rukavice-s-pletenou-manzetou-kopie-2.html\"]}]},{\"@type\":\"ImageObject\",\"inLanguage\":\"sk-SK\",\"@id\":\"https:\\\/\\\/www.versiegelung24.com\\\/sk\\\/zlte-nitrilove-pracovne-rukavice-s-pletenou-manzetou-kopie-2.html#primaryimage\",\"url\":\"https:\\\/\\\/www.versiegelung24.com\\\/wp-content\\\/uploads\\\/2024\\\/05\\\/nitril-oben.webp\",\"contentUrl\":\"https:\\\/\\\/www.versiegelung24.com\\\/wp-content\\\/uploads\\\/2024\\\/05\\\/nitril-oben.webp\",\"width\":2000,\"height\":2000},{\"@type\":\"BreadcrumbList\",\"@id\":\"https:\\\/\\\/www.versiegelung24.com\\\/sk\\\/zlte-nitrilove-pracovne-rukavice-s-pletenou-manzetou-kopie-2.html#breadcrumb\",\"itemListElement\":[{\"@type\":\"ListItem\",\"position\":1,\"name\":\"\u00davodn\u00e1 str\u00e1nka\",\"item\":\"https:\\\/\\\/www.versiegelung24.com\\\/sk\\\/predna-strana\\\/\"},{\"@type\":\"ListItem\",\"position\":2,\"name\":\"Obchod\",\"item\":\"https:\\\/\\\/www.versiegelung24.com\\\/sk\\\/obchod\\\/\"},{\"@type\":\"ListItem\",\"position\":3,\"name\":\"Pracovn\u00e9 rukavice nylonov\u00e9 \u010dierne ve\u013ekos\u0165 9\"}]},{\"@type\":\"WebSite\",\"@id\":\"https:\\\/\\\/www.versiegelung24.com\\\/sk\\\/#website\",\"url\":\"https:\\\/\\\/www.versiegelung24.com\\\/sk\\\/\",\"name\":\"versiegelung24.com\",\"description\":\"Fl\u00fcssigglas-Versiegelung - Made in Germany\",\"publisher\":{\"@id\":\"https:\\\/\\\/www.versiegelung24.com\\\/sk\\\/#organization\"},\"potentialAction\":[{\"@type\":\"SearchAction\",\"target\":{\"@type\":\"EntryPoint\",\"urlTemplate\":\"https:\\\/\\\/www.versiegelung24.com\\\/sk\\\/?s={search_term_string}\"},\"query-input\":{\"@type\":\"PropertyValueSpecification\",\"valueRequired\":true,\"valueName\":\"search_term_string\"}}],\"inLanguage\":\"sk-SK\"},{\"@type\":\"Organization\",\"@id\":\"https:\\\/\\\/www.versiegelung24.com\\\/sk\\\/#organization\",\"name\":\"versiegelung24\",\"url\":\"https:\\\/\\\/www.versiegelung24.com\\\/sk\\\/\",\"logo\":{\"@type\":\"ImageObject\",\"inLanguage\":\"sk-SK\",\"@id\":\"https:\\\/\\\/www.versiegelung24.com\\\/sk\\\/#\\\/schema\\\/logo\\\/image\\\/\",\"url\":\"https:\\\/\\\/www.versiegelung24.com\\\/wp-content\\\/uploads\\\/2020\\\/04\\\/versiegelung24.png\",\"contentUrl\":\"https:\\\/\\\/www.versiegelung24.com\\\/wp-content\\\/uploads\\\/2020\\\/04\\\/versiegelung24.png\",\"width\":470,\"height\":102,\"caption\":\"versiegelung24\"},\"image\":{\"@id\":\"https:\\\/\\\/www.versiegelung24.com\\\/sk\\\/#\\\/schema\\\/logo\\\/image\\\/\"}}]}<\/script>\n<meta property=\"product:price:amount\" content=\"2.49\" \/>\n<meta property=\"product:price:currency\" content=\"EUR\" \/>\n<meta property=\"og:availability\" content=\"instock\" \/>\n<meta property=\"product:availability\" content=\"instock\" \/>\n<meta property=\"product:retailer_item_id\" content=\"V24-SB340-9\" \/>\n<meta property=\"product:condition\" content=\"new\" \/>\n<!-- \/ Yoast SEO Premium plugin. -->","yoast_head_json":{"title":"Pracovn\u00e9 rukavice nylonov\u00e9 \u010dierne ve\u013ekos\u0165 9 - versiegelung24.com","robots":{"index":"index","follow":"follow","max-snippet":"max-snippet:-1","max-image-preview":"max-image-preview:large","max-video-preview":"max-video-preview:-1"},"canonical":"https:\/\/www.versiegelung24.com\/sk\/zlte-nitrilove-pracovne-rukavice-s-pletenou-manzetou-kopie-2.html","og_locale":"sk_SK","og_type":"article","og_title":"Pracovn\u00e9 rukavice nylonov\u00e9 \u010dierne ve\u013ekos\u0165 9","og_description":"\u2713 Obzvl\u00e1\u0161\u0165 odoln\u00e9 proti \u0161myku a oderu \u2713 Zadn\u00e1 strana ruky je nepotiahnut\u00e1 a ve\u013emi priedu\u0161n\u00e1 \u2713 Mimoriadne pohodln\u00e9 v\u010faka perfektn\u00e9mu strihu \u2713 Um\u00fdvate\u013en\u00e9 a opakovane pou\u017eite\u013en\u00e9 \u2713 Vyroben\u00e9 pod\u013ea normy EN388","og_url":"https:\/\/www.versiegelung24.com\/sk\/zlte-nitrilove-pracovne-rukavice-s-pletenou-manzetou-kopie-2.html","og_site_name":"versiegelung24.com","article_modified_time":"2025-01-13T16:08:42+00:00","twitter_card":"summary_large_image","twitter_misc":{"Cena":"2,49&euro;","Dostupnos\u0165":"Na sklade"},"schema":{"@context":"https:\/\/schema.org","@graph":[{"@type":"WebPage","@id":"https:\/\/www.versiegelung24.com\/sk\/zlte-nitrilove-pracovne-rukavice-s-pletenou-manzetou-kopie-2.html","url":"https:\/\/www.versiegelung24.com\/sk\/zlte-nitrilove-pracovne-rukavice-s-pletenou-manzetou-kopie-2.html","name":"Pracovn\u00e9 rukavice nylonov\u00e9 \u010dierne ve\u013ekos\u0165 9 - versiegelung24.com","isPartOf":{"@id":"https:\/\/www.versiegelung24.com\/sk\/#website"},"primaryImageOfPage":{"@id":"https:\/\/www.versiegelung24.com\/sk\/zlte-nitrilove-pracovne-rukavice-s-pletenou-manzetou-kopie-2.html#primaryimage"},"image":{"@id":"https:\/\/www.versiegelung24.com\/sk\/zlte-nitrilove-pracovne-rukavice-s-pletenou-manzetou-kopie-2.html#primaryimage"},"thumbnailUrl":"https:\/\/www.versiegelung24.com\/wp-content\/uploads\/2024\/05\/nitril-oben.webp","datePublished":"2024-05-06T15:28:34+00:00","dateModified":"2025-01-13T16:08:42+00:00","breadcrumb":{"@id":"https:\/\/www.versiegelung24.com\/sk\/zlte-nitrilove-pracovne-rukavice-s-pletenou-manzetou-kopie-2.html#breadcrumb"},"inLanguage":"sk-SK","potentialAction":[{"@type":"ReadAction","target":["https:\/\/www.versiegelung24.com\/sk\/zlte-nitrilove-pracovne-rukavice-s-pletenou-manzetou-kopie-2.html"]}]},{"@type":"ImageObject","inLanguage":"sk-SK","@id":"https:\/\/www.versiegelung24.com\/sk\/zlte-nitrilove-pracovne-rukavice-s-pletenou-manzetou-kopie-2.html#primaryimage","url":"https:\/\/www.versiegelung24.com\/wp-content\/uploads\/2024\/05\/nitril-oben.webp","contentUrl":"https:\/\/www.versiegelung24.com\/wp-content\/uploads\/2024\/05\/nitril-oben.webp","width":2000,"height":2000},{"@type":"BreadcrumbList","@id":"https:\/\/www.versiegelung24.com\/sk\/zlte-nitrilove-pracovne-rukavice-s-pletenou-manzetou-kopie-2.html#breadcrumb","itemListElement":[{"@type":"ListItem","position":1,"name":"\u00davodn\u00e1 str\u00e1nka","item":"https:\/\/www.versiegelung24.com\/sk\/predna-strana\/"},{"@type":"ListItem","position":2,"name":"Obchod","item":"https:\/\/www.versiegelung24.com\/sk\/obchod\/"},{"@type":"ListItem","position":3,"name":"Pracovn\u00e9 rukavice nylonov\u00e9 \u010dierne ve\u013ekos\u0165 9"}]},{"@type":"WebSite","@id":"https:\/\/www.versiegelung24.com\/sk\/#website","url":"https:\/\/www.versiegelung24.com\/sk\/","name":"versiegelung24.com","description":"Fl\u00fcssigglas-Versiegelung - Made in Germany","publisher":{"@id":"https:\/\/www.versiegelung24.com\/sk\/#organization"},"potentialAction":[{"@type":"SearchAction","target":{"@type":"EntryPoint","urlTemplate":"https:\/\/www.versiegelung24.com\/sk\/?s={search_term_string}"},"query-input":{"@type":"PropertyValueSpecification","valueRequired":true,"valueName":"search_term_string"}}],"inLanguage":"sk-SK"},{"@type":"Organization","@id":"https:\/\/www.versiegelung24.com\/sk\/#organization","name":"versiegelung24","url":"https:\/\/www.versiegelung24.com\/sk\/","logo":{"@type":"ImageObject","inLanguage":"sk-SK","@id":"https:\/\/www.versiegelung24.com\/sk\/#\/schema\/logo\/image\/","url":"https:\/\/www.versiegelung24.com\/wp-content\/uploads\/2020\/04\/versiegelung24.png","contentUrl":"https:\/\/www.versiegelung24.com\/wp-content\/uploads\/2020\/04\/versiegelung24.png","width":470,"height":102,"caption":"versiegelung24"},"image":{"@id":"https:\/\/www.versiegelung24.com\/sk\/#\/schema\/logo\/image\/"}}]},"product_price_amount":"2.49","product_price_currency":"EUR","og_availability":"instock","product_availability":"instock","product_retailer_item_id":"V24-SB340-9","product_condition":"new"},"_links":{"self":[{"href":"https:\/\/www.versiegelung24.com\/sk\/wp-json\/wp\/v2\/product\/160947","targetHints":{"allow":["GET"]}}],"collection":[{"href":"https:\/\/www.versiegelung24.com\/sk\/wp-json\/wp\/v2\/product"}],"about":[{"href":"https:\/\/www.versiegelung24.com\/sk\/wp-json\/wp\/v2\/types\/product"}],"version-history":[{"count":6,"href":"https:\/\/www.versiegelung24.com\/sk\/wp-json\/wp\/v2\/product\/160947\/revisions"}],"predecessor-version":[{"id":180734,"href":"https:\/\/www.versiegelung24.com\/sk\/wp-json\/wp\/v2\/product\/160947\/revisions\/180734"}],"wp:featuredmedia":[{"embeddable":true,"href":"https:\/\/www.versiegelung24.com\/sk\/wp-json\/wp\/v2\/media\/161005"}],"wp:attachment":[{"href":"https:\/\/www.versiegelung24.com\/sk\/wp-json\/wp\/v2\/media?parent=160947"}],"wp:term":[{"taxonomy":"product_brand","embeddable":true,"href":"https:\/\/www.versiegelung24.com\/sk\/wp-json\/wp\/v2\/product_brand?post=160947"},{"taxonomy":"product_cat","embeddable":true,"href":"https:\/\/www.versiegelung24.com\/sk\/wp-json\/wp\/v2\/product_cat?post=160947"},{"taxonomy":"product_tag","embeddable":true,"href":"https:\/\/www.versiegelung24.com\/sk\/wp-json\/wp\/v2\/product_tag?post=160947"}],"curies":[{"name":"wp","href":"https:\/\/api.w.org\/{rel}","templated":true}]}}