{"id":175278,"date":"2024-09-24T07:29:11","date_gmt":"2024-09-24T05:29:11","guid":{"rendered":"https:\/\/www.versiegelung24.com\/product\/graffiti-ochranny-povlak-anti-graffiti-povlak-7626-vzorka\/"},"modified":"2025-10-25T21:30:38","modified_gmt":"2025-10-25T19:30:38","slug":"graffiti-ochranny-povlak-anti-graffiti-povlak-7626-vzorka","status":"publish","type":"product","link":"https:\/\/www.versiegelung24.com\/sk\/graffiti-ochranny-povlak-anti-graffiti-povlak-7626-vzorka.html","title":{"rendered":"Vzorka: Ochrann\u00fd n\u00e1ter proti graffiti &#8211; n\u00e1ter proti graffiti &#8211; 7626 &#8211; Vzorka"},"content":{"rendered":"\n<p><a href=\"https:\/\/www.versiegelung24.com\/sk\/antigraffiti-ochranny-nater-vysoko-ucinne-fasadne-tesnenie.html\">Tu n\u00e1jdete inform\u00e1cie o produktoch<\/a><\/p>\n","protected":false},"excerpt":{"rendered":"<p style=\"box-sizing: border-box; margin: 0px 0px 5px; padding: 0px; color: #000000; font-family: Helvetica, HelveticaNeue, 'Helvetica Neue', Arial, sans-serif;\">\u2713 Jednoduch\u00e9 pou\u017eitie: nevy\u017eaduje sa \u017eiadne mie\u0161anie at\u010f<\/p>\n<p style=\"box-sizing: border-box; margin: 0px 0px 5px; padding: 0px; color: #000000; font-family: Helvetica, HelveticaNeue, 'Helvetica Neue', Arial, sans-serif;\">\u2713 Dlhodob\u00e1 ochrana a sat\u00e9nov\u00fd povrch<\/p>\n<p style=\"box-sizing: border-box; margin: 0px 0px 5px; padding: 0px; color: #000000; font-family: Helvetica, HelveticaNeue, 'Helvetica Neue', Arial, sans-serif;\">\u2713 \u00dapln\u00e9 pokrytie: \u017diadne tienenie<\/p>\n<p style=\"box-sizing: border-box; margin: 0px 0px 5px; padding: 0px; color: #000000; font-family: Helvetica, HelveticaNeue, 'Helvetica Neue', Arial, sans-serif;\">\u2713 Po natret\u00ed je mo\u017en\u00e9 graffiti \u013eahko odstr\u00e1ni\u0165 vodou<\/p>\n<p style=\"box-sizing: border-box; margin: 0px 0px 5px; padding: 0px; color: #000000; font-family: Helvetica, HelveticaNeue, 'Helvetica Neue', Arial, sans-serif;\">\u2713 Such\u00fd na dotyk po 3-4 hodin\u00e1ch<\/p>\n","protected":false},"featured_media":14619,"template":"","meta":{"_acf_changed":false,"neve_meta_sidebar":"","neve_meta_container":"","neve_meta_enable_content_width":"","neve_meta_content_width":0,"neve_meta_title_alignment":"","neve_meta_author_avatar":"","neve_post_elements_order":"","neve_meta_disable_header":"","neve_meta_disable_footer":"","neve_meta_disable_title":"","neve_meta_reading_time":"","_surfaces":[],"_ver_product_tabs":[],"footnotes":""},"product_brand":[],"product_cat":[2673],"product_tag":[],"class_list":{"0":"post-175278","1":"product","2":"type-product","3":"status-publish","4":"has-post-thumbnail","6":"product_cat-predloha","8":"first","9":"instock","10":"sold-individually","11":"taxable","12":"shipping-taxable","13":"purchasable","14":"product-type-simple"},"acf":[],"yoast_head":"<!-- This site is optimized with the Yoast SEO Premium plugin v22.8 (Yoast SEO v27.3) - https:\/\/yoast.com\/product\/yoast-seo-premium-wordpress\/ -->\n<title>Vzorka: Ochrann\u00fd n\u00e1ter proti graffiti - n\u00e1ter proti graffiti - 7626 - Vzorka - versiegelung24.com<\/title>\n<meta name=\"robots\" content=\"index, follow, max-snippet:-1, max-image-preview:large, max-video-preview:-1\" \/>\n<link rel=\"canonical\" href=\"https:\/\/www.versiegelung24.com\/sk\/graffiti-ochranny-povlak-anti-graffiti-povlak-7626-vzorka.html\" \/>\n<meta property=\"og:locale\" content=\"sk_SK\" \/>\n<meta property=\"og:type\" content=\"article\" \/>\n<meta property=\"og:title\" content=\"Vzorka: Ochrann\u00fd n\u00e1ter proti graffiti - n\u00e1ter proti graffiti - 7626 - Vzorka\" \/>\n<meta property=\"og:description\" content=\"\u2713 Jednoduch\u00e9 pou\u017eitie: nevy\u017eaduje sa \u017eiadne mie\u0161anie at\u010f \u2713 Dlhodob\u00e1 ochrana a sat\u00e9nov\u00fd povrch \u2713 \u00dapln\u00e9 pokrytie: \u017diadne tienenie \u2713 Po natret\u00ed je mo\u017en\u00e9 graffiti \u013eahko odstr\u00e1ni\u0165 vodou \u2713 Such\u00fd na dotyk po 3-4 hodin\u00e1ch\" \/>\n<meta property=\"og:url\" content=\"https:\/\/www.versiegelung24.com\/sk\/graffiti-ochranny-povlak-anti-graffiti-povlak-7626-vzorka.html\" \/>\n<meta property=\"og:site_name\" content=\"versiegelung24.com\" \/>\n<meta property=\"article:modified_time\" content=\"2025-10-25T19:30:38+00:00\" \/>\n<meta property=\"og:image\" content=\"https:\/\/www.versiegelung24.com\/wp-content\/uploads\/2020\/04\/versiegelung-muster.png\" \/>\n\t<meta property=\"og:image:width\" content=\"1000\" \/>\n\t<meta property=\"og:image:height\" content=\"1000\" \/>\n\t<meta property=\"og:image:type\" content=\"image\/png\" \/>\n<meta name=\"twitter:card\" content=\"summary_large_image\" \/>\n<meta name=\"twitter:label1\" content=\"Cena\" \/>\n\t<meta name=\"twitter:data1\" content=\"9,99&euro;\" \/>\n\t<meta name=\"twitter:label2\" content=\"Dostupnos\u0165\" \/>\n\t<meta name=\"twitter:data2\" content=\"Na sklade\" \/>\n<script type=\"application\/ld+json\" class=\"yoast-schema-graph\">{\"@context\":\"https:\\\/\\\/schema.org\",\"@graph\":[{\"@type\":\"WebPage\",\"@id\":\"https:\\\/\\\/www.versiegelung24.com\\\/sk\\\/graffiti-ochranny-povlak-anti-graffiti-povlak-7626-vzorka.html\",\"url\":\"https:\\\/\\\/www.versiegelung24.com\\\/sk\\\/graffiti-ochranny-povlak-anti-graffiti-povlak-7626-vzorka.html\",\"name\":\"Vzorka: Ochrann\u00fd n\u00e1ter proti graffiti - n\u00e1ter proti graffiti - 7626 - Vzorka - versiegelung24.com\",\"isPartOf\":{\"@id\":\"https:\\\/\\\/www.versiegelung24.com\\\/sk\\\/#website\"},\"primaryImageOfPage\":{\"@id\":\"https:\\\/\\\/www.versiegelung24.com\\\/sk\\\/graffiti-ochranny-povlak-anti-graffiti-povlak-7626-vzorka.html#primaryimage\"},\"image\":{\"@id\":\"https:\\\/\\\/www.versiegelung24.com\\\/sk\\\/graffiti-ochranny-povlak-anti-graffiti-povlak-7626-vzorka.html#primaryimage\"},\"thumbnailUrl\":\"https:\\\/\\\/www.versiegelung24.com\\\/wp-content\\\/uploads\\\/2020\\\/04\\\/versiegelung-muster.png\",\"datePublished\":\"2024-09-24T05:29:11+00:00\",\"dateModified\":\"2025-10-25T19:30:38+00:00\",\"breadcrumb\":{\"@id\":\"https:\\\/\\\/www.versiegelung24.com\\\/sk\\\/graffiti-ochranny-povlak-anti-graffiti-povlak-7626-vzorka.html#breadcrumb\"},\"inLanguage\":\"sk-SK\",\"potentialAction\":[{\"@type\":\"ReadAction\",\"target\":[\"https:\\\/\\\/www.versiegelung24.com\\\/sk\\\/graffiti-ochranny-povlak-anti-graffiti-povlak-7626-vzorka.html\"]}]},{\"@type\":\"ImageObject\",\"inLanguage\":\"sk-SK\",\"@id\":\"https:\\\/\\\/www.versiegelung24.com\\\/sk\\\/graffiti-ochranny-povlak-anti-graffiti-povlak-7626-vzorka.html#primaryimage\",\"url\":\"https:\\\/\\\/www.versiegelung24.com\\\/wp-content\\\/uploads\\\/2020\\\/04\\\/versiegelung-muster.png\",\"contentUrl\":\"https:\\\/\\\/www.versiegelung24.com\\\/wp-content\\\/uploads\\\/2020\\\/04\\\/versiegelung-muster.png\",\"width\":1000,\"height\":1000},{\"@type\":\"BreadcrumbList\",\"@id\":\"https:\\\/\\\/www.versiegelung24.com\\\/sk\\\/graffiti-ochranny-povlak-anti-graffiti-povlak-7626-vzorka.html#breadcrumb\",\"itemListElement\":[{\"@type\":\"ListItem\",\"position\":1,\"name\":\"\u00davodn\u00e1 str\u00e1nka\",\"item\":\"https:\\\/\\\/www.versiegelung24.com\\\/sk\\\/predna-strana\\\/\"},{\"@type\":\"ListItem\",\"position\":2,\"name\":\"Obchod\",\"item\":\"https:\\\/\\\/www.versiegelung24.com\\\/sk\\\/obchod\\\/\"},{\"@type\":\"ListItem\",\"position\":3,\"name\":\"Vzorka: Ochrann\u00fd n\u00e1ter proti graffiti &#8211; n\u00e1ter proti graffiti &#8211; 7626 &#8211; Vzorka\"}]},{\"@type\":\"WebSite\",\"@id\":\"https:\\\/\\\/www.versiegelung24.com\\\/sk\\\/#website\",\"url\":\"https:\\\/\\\/www.versiegelung24.com\\\/sk\\\/\",\"name\":\"versiegelung24.com\",\"description\":\"Fl\u00fcssigglas-Versiegelung - Made in Germany\",\"publisher\":{\"@id\":\"https:\\\/\\\/www.versiegelung24.com\\\/sk\\\/#organization\"},\"potentialAction\":[{\"@type\":\"SearchAction\",\"target\":{\"@type\":\"EntryPoint\",\"urlTemplate\":\"https:\\\/\\\/www.versiegelung24.com\\\/sk\\\/?s={search_term_string}\"},\"query-input\":{\"@type\":\"PropertyValueSpecification\",\"valueRequired\":true,\"valueName\":\"search_term_string\"}}],\"inLanguage\":\"sk-SK\"},{\"@type\":\"Organization\",\"@id\":\"https:\\\/\\\/www.versiegelung24.com\\\/sk\\\/#organization\",\"name\":\"versiegelung24\",\"url\":\"https:\\\/\\\/www.versiegelung24.com\\\/sk\\\/\",\"logo\":{\"@type\":\"ImageObject\",\"inLanguage\":\"sk-SK\",\"@id\":\"https:\\\/\\\/www.versiegelung24.com\\\/sk\\\/#\\\/schema\\\/logo\\\/image\\\/\",\"url\":\"https:\\\/\\\/www.versiegelung24.com\\\/wp-content\\\/uploads\\\/2020\\\/04\\\/versiegelung24.png\",\"contentUrl\":\"https:\\\/\\\/www.versiegelung24.com\\\/wp-content\\\/uploads\\\/2020\\\/04\\\/versiegelung24.png\",\"width\":470,\"height\":102,\"caption\":\"versiegelung24\"},\"image\":{\"@id\":\"https:\\\/\\\/www.versiegelung24.com\\\/sk\\\/#\\\/schema\\\/logo\\\/image\\\/\"}}]}<\/script>\n<meta property=\"product:price:amount\" content=\"9.99\" \/>\n<meta property=\"product:price:currency\" content=\"EUR\" \/>\n<meta property=\"og:availability\" content=\"instock\" \/>\n<meta property=\"product:availability\" content=\"instock\" \/>\n<meta property=\"product:retailer_item_id\" content=\"7626-Muster\" \/>\n<meta property=\"product:condition\" content=\"new\" \/>\n<!-- \/ Yoast SEO Premium plugin. -->","yoast_head_json":{"title":"Vzorka: Ochrann\u00fd n\u00e1ter proti graffiti - n\u00e1ter proti graffiti - 7626 - Vzorka - versiegelung24.com","robots":{"index":"index","follow":"follow","max-snippet":"max-snippet:-1","max-image-preview":"max-image-preview:large","max-video-preview":"max-video-preview:-1"},"canonical":"https:\/\/www.versiegelung24.com\/sk\/graffiti-ochranny-povlak-anti-graffiti-povlak-7626-vzorka.html","og_locale":"sk_SK","og_type":"article","og_title":"Vzorka: Ochrann\u00fd n\u00e1ter proti graffiti - n\u00e1ter proti graffiti - 7626 - Vzorka","og_description":"\u2713 Jednoduch\u00e9 pou\u017eitie: nevy\u017eaduje sa \u017eiadne mie\u0161anie at\u010f \u2713 Dlhodob\u00e1 ochrana a sat\u00e9nov\u00fd povrch \u2713 \u00dapln\u00e9 pokrytie: \u017diadne tienenie \u2713 Po natret\u00ed je mo\u017en\u00e9 graffiti \u013eahko odstr\u00e1ni\u0165 vodou \u2713 Such\u00fd na dotyk po 3-4 hodin\u00e1ch","og_url":"https:\/\/www.versiegelung24.com\/sk\/graffiti-ochranny-povlak-anti-graffiti-povlak-7626-vzorka.html","og_site_name":"versiegelung24.com","article_modified_time":"2025-10-25T19:30:38+00:00","og_image":[{"width":1000,"height":1000,"url":"https:\/\/www.versiegelung24.com\/wp-content\/uploads\/2020\/04\/versiegelung-muster.png","type":"image\/png"}],"twitter_card":"summary_large_image","twitter_misc":{"Cena":"9,99&euro;","Dostupnos\u0165":"Na sklade"},"schema":{"@context":"https:\/\/schema.org","@graph":[{"@type":"WebPage","@id":"https:\/\/www.versiegelung24.com\/sk\/graffiti-ochranny-povlak-anti-graffiti-povlak-7626-vzorka.html","url":"https:\/\/www.versiegelung24.com\/sk\/graffiti-ochranny-povlak-anti-graffiti-povlak-7626-vzorka.html","name":"Vzorka: Ochrann\u00fd n\u00e1ter proti graffiti - n\u00e1ter proti graffiti - 7626 - Vzorka - versiegelung24.com","isPartOf":{"@id":"https:\/\/www.versiegelung24.com\/sk\/#website"},"primaryImageOfPage":{"@id":"https:\/\/www.versiegelung24.com\/sk\/graffiti-ochranny-povlak-anti-graffiti-povlak-7626-vzorka.html#primaryimage"},"image":{"@id":"https:\/\/www.versiegelung24.com\/sk\/graffiti-ochranny-povlak-anti-graffiti-povlak-7626-vzorka.html#primaryimage"},"thumbnailUrl":"https:\/\/www.versiegelung24.com\/wp-content\/uploads\/2020\/04\/versiegelung-muster.png","datePublished":"2024-09-24T05:29:11+00:00","dateModified":"2025-10-25T19:30:38+00:00","breadcrumb":{"@id":"https:\/\/www.versiegelung24.com\/sk\/graffiti-ochranny-povlak-anti-graffiti-povlak-7626-vzorka.html#breadcrumb"},"inLanguage":"sk-SK","potentialAction":[{"@type":"ReadAction","target":["https:\/\/www.versiegelung24.com\/sk\/graffiti-ochranny-povlak-anti-graffiti-povlak-7626-vzorka.html"]}]},{"@type":"ImageObject","inLanguage":"sk-SK","@id":"https:\/\/www.versiegelung24.com\/sk\/graffiti-ochranny-povlak-anti-graffiti-povlak-7626-vzorka.html#primaryimage","url":"https:\/\/www.versiegelung24.com\/wp-content\/uploads\/2020\/04\/versiegelung-muster.png","contentUrl":"https:\/\/www.versiegelung24.com\/wp-content\/uploads\/2020\/04\/versiegelung-muster.png","width":1000,"height":1000},{"@type":"BreadcrumbList","@id":"https:\/\/www.versiegelung24.com\/sk\/graffiti-ochranny-povlak-anti-graffiti-povlak-7626-vzorka.html#breadcrumb","itemListElement":[{"@type":"ListItem","position":1,"name":"\u00davodn\u00e1 str\u00e1nka","item":"https:\/\/www.versiegelung24.com\/sk\/predna-strana\/"},{"@type":"ListItem","position":2,"name":"Obchod","item":"https:\/\/www.versiegelung24.com\/sk\/obchod\/"},{"@type":"ListItem","position":3,"name":"Vzorka: Ochrann\u00fd n\u00e1ter proti graffiti &#8211; n\u00e1ter proti graffiti &#8211; 7626 &#8211; Vzorka"}]},{"@type":"WebSite","@id":"https:\/\/www.versiegelung24.com\/sk\/#website","url":"https:\/\/www.versiegelung24.com\/sk\/","name":"versiegelung24.com","description":"Fl\u00fcssigglas-Versiegelung - Made in Germany","publisher":{"@id":"https:\/\/www.versiegelung24.com\/sk\/#organization"},"potentialAction":[{"@type":"SearchAction","target":{"@type":"EntryPoint","urlTemplate":"https:\/\/www.versiegelung24.com\/sk\/?s={search_term_string}"},"query-input":{"@type":"PropertyValueSpecification","valueRequired":true,"valueName":"search_term_string"}}],"inLanguage":"sk-SK"},{"@type":"Organization","@id":"https:\/\/www.versiegelung24.com\/sk\/#organization","name":"versiegelung24","url":"https:\/\/www.versiegelung24.com\/sk\/","logo":{"@type":"ImageObject","inLanguage":"sk-SK","@id":"https:\/\/www.versiegelung24.com\/sk\/#\/schema\/logo\/image\/","url":"https:\/\/www.versiegelung24.com\/wp-content\/uploads\/2020\/04\/versiegelung24.png","contentUrl":"https:\/\/www.versiegelung24.com\/wp-content\/uploads\/2020\/04\/versiegelung24.png","width":470,"height":102,"caption":"versiegelung24"},"image":{"@id":"https:\/\/www.versiegelung24.com\/sk\/#\/schema\/logo\/image\/"}}]},"product_price_amount":"9.99","product_price_currency":"EUR","og_availability":"instock","product_availability":"instock","product_retailer_item_id":"7626-Muster","product_condition":"new"},"_links":{"self":[{"href":"https:\/\/www.versiegelung24.com\/sk\/wp-json\/wp\/v2\/product\/175278","targetHints":{"allow":["GET"]}}],"collection":[{"href":"https:\/\/www.versiegelung24.com\/sk\/wp-json\/wp\/v2\/product"}],"about":[{"href":"https:\/\/www.versiegelung24.com\/sk\/wp-json\/wp\/v2\/types\/product"}],"version-history":[{"count":1,"href":"https:\/\/www.versiegelung24.com\/sk\/wp-json\/wp\/v2\/product\/175278\/revisions"}],"predecessor-version":[{"id":175280,"href":"https:\/\/www.versiegelung24.com\/sk\/wp-json\/wp\/v2\/product\/175278\/revisions\/175280"}],"wp:featuredmedia":[{"embeddable":true,"href":"https:\/\/www.versiegelung24.com\/sk\/wp-json\/wp\/v2\/media\/14619"}],"wp:attachment":[{"href":"https:\/\/www.versiegelung24.com\/sk\/wp-json\/wp\/v2\/media?parent=175278"}],"wp:term":[{"taxonomy":"product_brand","embeddable":true,"href":"https:\/\/www.versiegelung24.com\/sk\/wp-json\/wp\/v2\/product_brand?post=175278"},{"taxonomy":"product_cat","embeddable":true,"href":"https:\/\/www.versiegelung24.com\/sk\/wp-json\/wp\/v2\/product_cat?post=175278"},{"taxonomy":"product_tag","embeddable":true,"href":"https:\/\/www.versiegelung24.com\/sk\/wp-json\/wp\/v2\/product_tag?post=175278"}],"curies":[{"name":"wp","href":"https:\/\/api.w.org\/{rel}","templated":true}]}}