{"id":181882,"date":"2025-07-31T12:51:03","date_gmt":"2025-07-31T10:51:16","guid":{"rendered":"https:\/\/www.versiegelung24.com\/?post_type=product&#038;p=181882"},"modified":"2025-09-05T14:02:20","modified_gmt":"2025-09-05T12:02:20","slug":"holzimpragnierung-silanbasis","status":"publish","type":"product","link":"https:\/\/www.versiegelung24.com\/sk\/holzimpragnierung-silanbasis.html","title":{"rendered":"Impregn\u00e1cia dreva &#8211; pr\u00edrodn\u00e1 ochrana dreva na b\u00e1ze silanu"},"content":{"rendered":"\n<h2 class=\"wp-block-heading\" id=\"h-holzschutz-naturimpragnierung-auf-silanbasis-wasserbasierend\"><strong>Ochrana dreva: pr\u00edrodn\u00e1 impregn\u00e1cia na b\u00e1ze silanu (na b\u00e1ze vody)<\/strong><\/h2>\n\n<p>Vysok\u00e1 kvalita Made in Germany.<\/p>\n\n<hr\/>\n\n<div class=\"wp-block-columns is-layout-flex wp-container-core-columns-is-layout-9d6595d7 wp-block-columns-is-layout-flex\">\n<div class=\"wp-block-column is-layout-flow wp-block-column-is-layout-flow\">\n<p>Na\u0161a impregn\u00e1cia dreva je impregna\u010dn\u00fd syst\u00e9m na b\u00e1ze silanu pripraven\u00fd na pou\u017eitie. Stabilizuje lign\u00edn, a t\u00fdm v\u00fdrazne chr\u00e1ni drevo pred \u0161ednut\u00edm. Jej hydrof\u00f3bne vlastnosti zabra\u0148uj\u00fa prenikaniu ne\u017eiaducej vlhkosti a ne\u010dist\u00f4t do dreva.  <\/p>\n\n\n\n<p><strong>Vhodn\u00e9 pre:<\/strong> Na drevo, chodn\u00edky, pr\u00edstre\u0161ky, parapety, z\u00e1hradn\u00e9 pr\u00edstre\u0161ky, z\u00e1hradn\u00fd n\u00e1bytok, stavebn\u00e9 drevo, fas\u00e1dy, kvetin\u00e1\u010de, terasy, ploty a mnoho \u010fal\u0161ieho.<\/p>\n<\/div>\n\n\n\n<div class=\"wp-block-column is-layout-flow wp-block-column-is-layout-flow\">\n<figure class=\"wp-block-image size-large\"><img fetchpriority=\"high\" decoding=\"async\" width=\"1300\" height=\"851\" src=\"https:\/\/www.versiegelung24.com\/wp-content\/uploads\/2025\/07\/image-1300x851.png\" alt=\"\" class=\"wp-image-181965\" srcset=\"https:\/\/www.versiegelung24.com\/wp-content\/uploads\/2025\/07\/image-1300x851.png 1300w, https:\/\/www.versiegelung24.com\/wp-content\/uploads\/2025\/07\/image-300x196.png 300w, https:\/\/www.versiegelung24.com\/wp-content\/uploads\/2025\/07\/image-768x503.png 768w, https:\/\/www.versiegelung24.com\/wp-content\/uploads\/2025\/07\/image-1536x1006.png 1536w, https:\/\/www.versiegelung24.com\/wp-content\/uploads\/2025\/07\/image-600x393.png 600w, https:\/\/www.versiegelung24.com\/wp-content\/uploads\/2025\/07\/image.png 1784w\" sizes=\"(max-width: 1300px) 100vw, 1300px\" \/><\/figure>\n<\/div>\n<\/div>\n\n<h4 class=\"wp-block-heading\" id=\"properties\">Vlastnosti produktu<\/h4>\n\n<div class=\"wp-block-columns is-layout-flex wp-container-core-columns-is-layout-9d6595d7 wp-block-columns-is-layout-flex\">\n<div class=\"wp-block-column is-layout-flow wp-block-column-is-layout-flow\">\n<ul class=\"wp-block-list\">\n<li><strong>Farebn\u00e1 st\u00e1los\u0165<\/strong> &#8211; transparentn\u00e1 ochrana na zachovanie farby dreva  <\/li>\n\n\n\n<li><strong>Bez ropn\u00fdch produktov<\/strong> &#8211; zlo\u017eenie \u0161etrn\u00e9 k \u017eivotn\u00e9mu prostrediu  <\/li>\n\n\n\n<li><strong>Z\u00e1kladn\u00fd n\u00e1ter a ochrann\u00e1 funkcia v jednom kroku<\/strong> &#8211; Jednoduch\u00e1 aplik\u00e1cia  <\/li>\n\n\n\n<li><strong>Ve\u013emi r\u00fdchle su\u0161enie<\/strong> &#8211; \u010dasovo \u00fasporn\u00e9 spracovanie  <\/li>\n\n\n\n<li><strong>\u017divotnos\u0165<\/strong> &#8211; 2-5 rokov (pri pou\u017e\u00edvan\u00ed v interi\u00e9ri podstatne dlh\u0161ie)<\/li>\n\n\n\n<li><strong>Ochrana lign\u00ednom<\/strong> v\u00fdrazne <strong>spoma\u013euje<\/strong> <strong>proces \u0161ednutia<\/strong> o <strong>nieko\u013eko mesiacov<\/strong>.<\/li>\n<\/ul>\n<\/div>\n\n\n\n<div class=\"wp-block-column is-layout-flow wp-block-column-is-layout-flow\">\n<ul class=\"wp-block-list\">\n<li><strong>Bez PFAS, PFOA a PFOS<\/strong><\/li>\n\n\n\n<li><strong>Chr\u00e1ni pred \u0161ediven\u00edm vplyvom slne\u010dn\u00e9ho \u017eiarenia<\/strong> &#8211; ochrana pred UV \u017eiaren\u00edm  <\/li>\n\n\n\n<li><strong>odpudzuje vodu a ne\u010distoty<\/strong> &#8211; hydrof\u00f3bne vlastnosti  <\/li>\n\n\n\n<li><strong>Zabra\u0148uje rastu rias, machov a li\u0161ajn\u00edkov<\/strong> &#8211; Dlhodob\u00e1 ochrana  <\/li>\n\n\n\n<li><strong>Spotreba: 1 liter vysta\u010d\u00ed na pribli\u017ene 30 &#8211; 40 m\u00b2<\/strong> (v z\u00e1vislosti od podkladu)<\/li>\n\n\n\n<li>Aplik\u00e1cia sa <strong>uprednost\u0148uje na zvisl\u00e9<\/strong> dreven\u00e9 plochy nad (dreven\u00e9 ploty, &#8230; ) a pod tr\u00e1vnikom (dreven\u00e9 st\u013apy)<\/li>\n<\/ul>\n<\/div>\n<\/div>\n\n<p>Rozsah dod\u00e1vky: 1 x litrov\u00e1 f\u013ea\u0161a, 1 x rozpra\u0161ovacia hlavica<br\/><\/p>\n\n<hr\/>\n\n<h4 class=\"wp-block-heading\" id=\"application\">Aplik\u00e1cia<\/h4>\n\n<div class=\"wp-block-columns is-layout-flex wp-container-core-columns-is-layout-9d6595d7 wp-block-columns-is-layout-flex\">\n<div class=\"wp-block-column is-layout-flow wp-block-column-is-layout-flow\">\n<p><strong>Pr\u00edprava:<\/strong><\/p>\n\n\n\n<ul class=\"wp-block-list\">\n<li>Pred pou\u017eit\u00edm 1 min\u00fatu intenz\u00edvne pretrep\u00e1vajte.<\/li>\n\n\n\n<li>O\u0161etrovan\u00e9 povrchy musia by\u0165 \u010dist\u00e9, \u00faplne such\u00e9 a bez prachu a nesm\u00fa by\u0165 vopred o\u0161etren\u00e9 in\u00fdmi n\u00e1termi.<\/li>\n\n\n\n<li>Zne\u010distenie sp\u00f4soben\u00e9 farbou, mastnotou, olejom alebo organick\u00fdm porastom (riasy, li\u0161ajn\u00edky, mach) sa mus\u00ed vopred odstr\u00e1ni\u0165.<\/li>\n<\/ul>\n\n\n\n<p><strong>Pou\u017eitie:<\/strong><\/p>\n\n\n\n<ul class=\"wp-block-list\">\n<li><strong>Odpor\u00fa\u010dan\u00e1 met\u00f3da:<\/strong> Pr\u00edpravok by sa mal prednostne nastrieka\u0165 pomocou postrekova\u010da \/ n\u00edzkotlakov\u00e9ho postrekova\u010da s \u010derpadlom.<\/li>\n\n\n\n<li>Vzdialenos\u0165 od povrchu prisp\u00f4sobte sile postrekova\u010da.<\/li>\n\n\n\n<li>Povrch by mal p\u00f4sobi\u0165 rovnomern\u00fdm, vlhk\u00fdm dojmom.<\/li>\n\n\n\n<li><strong>Alternat\u00edva<\/strong>: Aplik\u00e1cia pomocou \u0161tetca\/val\u010deka je mo\u017en\u00e1, ale mala by sa vopred vysk\u00fa\u0161a\u0165 na malej ploche. Vyhnite sa tvorbe kalu\u017e\u00ed! <\/li>\n<\/ul>\n\n\n\n<p><strong>Spracovanie:<\/strong><\/p>\n\n\n\n<ul class=\"wp-block-list\">\n<li>Na dosiahnutie optim\u00e1lneho pokrytia nastriekajte na o\u0161etrovan\u00fd povrch aspo\u0148 dvakr\u00e1t.<\/li>\n\n\n\n<li>V z\u00e1vislosti od nasiakavosti podkladu a po\u017eiadaviek je mo\u017en\u00e9 tento proces po zaschnut\u00ed prvej vrstvy opakova\u0165.<\/li>\n\n\n\n<li>Ak sa na povrch nanesie pr\u00edli\u0161 ve\u013ea v\u00fdrobku, mo\u017eno ho odstr\u00e1ni\u0165 vlhkou handri\u010dkou, k\u00fdm je e\u0161te mokr\u00fd.<\/li>\n\n\n\n<li>Pou\u017eit\u00e9 n\u00e1radie by sa malo po pou\u017eit\u00ed vy\u010disti\u0165 ve\u013ek\u00fdm mno\u017estvom vody.<\/li>\n<\/ul>\n\n\n\n<p><strong>\u010cas su\u0161enia:<\/strong><\/p>\n\n\n\n<ul class=\"wp-block-list\">\n<li>Pr\u00edpravok nechajte p\u00f4sobi\u0165 aspo\u0148 30 min\u00fat.<\/li>\n\n\n\n<li>Doba \u00fapln\u00e9ho vytvrdnutia je pribli\u017ene 6 &#8211; 12 hod\u00edn.<\/li>\n\n\n\n<li>Po\u010das tohto obdobia by mal povrch zosta\u0165 such\u00fd a nemal by by\u0165 vystaven\u00fd nam\u00e1haniu.<\/li>\n<\/ul>\n\n\n\n<p><strong>Starostlivos\u0165 o impregnovan\u00fd povrch a jeho \u010distenie:<\/strong><\/p>\n\n\n\n<ul class=\"wp-block-list\">\n<li>Povrchy \u010distite len vodou alebo \u013eahk\u00fdm ekologick\u00fdm \u010distiacim prostriedkom, napr. na\u0161\u00edm <a href=\"https:\/\/www.versiegelung24.com\/sk\/biosativa-biologicky-predcistic.html\">ekologick\u00fdm \u010distiacim prostriedkom BIOSATIVA\u00ae &#8211; 100 % pr\u00edrodn\u00fd &#8211; 100 % ekologick\u00fd.<\/a> <\/li>\n\n\n\n<li>Agres\u00edvne \u010distiace prostriedky (chemick\u00e9 \u010distiace prostriedky, drhn\u00face podlo\u017eky at\u010f.) sa nevy\u017eaduj\u00fa a mohli by naru\u0161i\u0165 ochrann\u00fa funkciu.<\/li>\n\n\n\n<li>Pravideln\u00e9 \u0161etrn\u00e9 \u010distenie a starostlivos\u0165 ved\u00fa k dlh\u0161ej \u017eivotnosti a dlhotrvaj\u00facemu kr\u00e1snemu vzh\u013eadu.<\/li>\n<\/ul>\n\n\n\n<p><strong>Skladovanie:<\/strong><\/p>\n\n\n\n<ul class=\"wp-block-list\">\n<li>Skladujte na suchom a nezam\u0155zaj\u00facom mieste pri teplote 5 &#8211; 25 \u00b0C.<\/li>\n\n\n\n<li>Pri spr\u00e1vnom skladovan\u00ed vydr\u017e\u00ed v neotvorenom p\u00f4vodnom obale najmenej 24 mesiacov.<\/li>\n<\/ul>\n<\/div>\n<\/div>\n\n<h2 class=\"wp-block-heading\" id=\"h-galerie\">Gal\u00e9ria<\/h2>\n\n<div class=\"wp-block-getwid-images-slider gallery-wood has-arrows-inside has-dots-inside has-images-center has-fitted-images has-fixed-height\"><div class=\"wp-block-getwid-images-slider__wrapper\" data-effect=\"slide\" data-slides-show=\"1\" data-slides-show-laptop=\"1\" data-slides-show-tablet=\"1\" data-slides-show-mobile=\"1\" data-slides-scroll=\"1\" data-autoplay=\"true\" data-pause-hover=\"true\" data-autoplay-speed=\"3000\" data-infinite=\"true\" data-animation-speed=\"800\" data-center-mode=\"false\" data-variable-width=\"false\" data-arrows=\"inside\" data-dots=\"inside\" data-spacing=\"none\"><div class=\"wp-block-getwid-images-slider__item\" style=\"height:500px\"><figure><img decoding=\"async\" width=\"1634\" height=\"1620\" src=\"https:\/\/www.versiegelung24.com\/wp-content\/uploads\/2025\/07\/Holzimpraegnierung-pfloecke.png\" data-id=\"181994\" data-link=\"https:\/\/www.versiegelung24.com\/holzversiegelung-in-profi-qualitaet-kopie.html\/attachment\/holzimpraegnierung-pfloecke\/\" data-original-link=\"https:\/\/www.versiegelung24.com\/wp-content\/uploads\/2025\/07\/Holzimpraegnierung-pfloecke.png\" class=\"wp-block-getwid-images-slider__image wp-image-181994\" srcset=\"https:\/\/www.versiegelung24.com\/wp-content\/uploads\/2025\/07\/Holzimpraegnierung-pfloecke.png 1634w, https:\/\/www.versiegelung24.com\/wp-content\/uploads\/2025\/07\/Holzimpraegnierung-pfloecke-300x297.png 300w, https:\/\/www.versiegelung24.com\/wp-content\/uploads\/2025\/07\/Holzimpraegnierung-pfloecke-1300x1289.png 1300w, https:\/\/www.versiegelung24.com\/wp-content\/uploads\/2025\/07\/Holzimpraegnierung-pfloecke-80x80.png 80w, https:\/\/www.versiegelung24.com\/wp-content\/uploads\/2025\/07\/Holzimpraegnierung-pfloecke-768x761.png 768w, https:\/\/www.versiegelung24.com\/wp-content\/uploads\/2025\/07\/Holzimpraegnierung-pfloecke-1536x1523.png 1536w, https:\/\/www.versiegelung24.com\/wp-content\/uploads\/2025\/07\/Holzimpraegnierung-pfloecke-70x70.png 70w, https:\/\/www.versiegelung24.com\/wp-content\/uploads\/2025\/07\/Holzimpraegnierung-pfloecke-600x595.png 600w, https:\/\/www.versiegelung24.com\/wp-content\/uploads\/2025\/07\/Holzimpraegnierung-pfloecke-100x100.png 100w\" sizes=\"(max-width: 1634px) 100vw, 1634px\" \/><\/figure><\/div><div class=\"wp-block-getwid-images-slider__item\" style=\"height:500px\"><figure><img decoding=\"async\" width=\"1726\" height=\"1252\" src=\"https:\/\/www.versiegelung24.com\/wp-content\/uploads\/2025\/07\/Holzimpraegnierung-bank.png\" data-id=\"182022\" data-link=\"https:\/\/www.versiegelung24.com\/holzversiegelung-in-profi-qualitaet-kopie.html\/attachment\/holzimpraegnierung-bank\/\" data-original-link=\"https:\/\/www.versiegelung24.com\/wp-content\/uploads\/2025\/07\/Holzimpraegnierung-bank.png\" class=\"wp-block-getwid-images-slider__image wp-image-182022\" srcset=\"https:\/\/www.versiegelung24.com\/wp-content\/uploads\/2025\/07\/Holzimpraegnierung-bank.png 1726w, https:\/\/www.versiegelung24.com\/wp-content\/uploads\/2025\/07\/Holzimpraegnierung-bank-300x218.png 300w, https:\/\/www.versiegelung24.com\/wp-content\/uploads\/2025\/07\/Holzimpraegnierung-bank-1300x943.png 1300w, https:\/\/www.versiegelung24.com\/wp-content\/uploads\/2025\/07\/Holzimpraegnierung-bank-768x557.png 768w, https:\/\/www.versiegelung24.com\/wp-content\/uploads\/2025\/07\/Holzimpraegnierung-bank-1536x1114.png 1536w, https:\/\/www.versiegelung24.com\/wp-content\/uploads\/2025\/07\/Holzimpraegnierung-bank-600x435.png 600w\" sizes=\"(max-width: 1726px) 100vw, 1726px\" \/><\/figure><\/div><div class=\"wp-block-getwid-images-slider__item\" style=\"height:500px\"><figure><img loading=\"lazy\" decoding=\"async\" width=\"1982\" height=\"1274\" src=\"https:\/\/www.versiegelung24.com\/wp-content\/uploads\/2025\/07\/Holzimpraegnierung-eigenschaften.png\" data-id=\"182050\" data-link=\"https:\/\/www.versiegelung24.com\/holzversiegelung-in-profi-qualitaet-kopie.html\/attachment\/holzimpraegnierung-eigenschaften\/\" data-original-link=\"https:\/\/www.versiegelung24.com\/wp-content\/uploads\/2025\/07\/Holzimpraegnierung-eigenschaften.png\" class=\"wp-block-getwid-images-slider__image wp-image-182050\" srcset=\"https:\/\/www.versiegelung24.com\/wp-content\/uploads\/2025\/07\/Holzimpraegnierung-eigenschaften.png 1982w, https:\/\/www.versiegelung24.com\/wp-content\/uploads\/2025\/07\/Holzimpraegnierung-eigenschaften-300x193.png 300w, https:\/\/www.versiegelung24.com\/wp-content\/uploads\/2025\/07\/Holzimpraegnierung-eigenschaften-1300x836.png 1300w, https:\/\/www.versiegelung24.com\/wp-content\/uploads\/2025\/07\/Holzimpraegnierung-eigenschaften-768x494.png 768w, https:\/\/www.versiegelung24.com\/wp-content\/uploads\/2025\/07\/Holzimpraegnierung-eigenschaften-1536x987.png 1536w, https:\/\/www.versiegelung24.com\/wp-content\/uploads\/2025\/07\/Holzimpraegnierung-eigenschaften-600x386.png 600w\" sizes=\"(max-width: 1982px) 100vw, 1982px\" \/><\/figure><\/div><\/div><\/div>\n\n<p><\/p>\n","protected":false},"excerpt":{"rendered":"<p><strong>Vysoko \u00fa\u010dinn\u00fd tmel na dreven\u00e9 povrchy v interi\u00e9ri a exteri\u00e9ri<\/strong><\/p>\n<p>\u2713 Farebn\u00e1 st\u00e1los\u0165 a ochrana proti \u0161ediveniu<\/p>\n<p>\u2713 Odpudzuje vodu a ne\u010distoty<\/p>\n<p>\u2713 Z\u00e1kladn\u00fd n\u00e1ter a ochrana v jednom kroku<\/p>\n<p>\u2713 Bez PFAS, PFOA a PFOS<\/p>\n<p>&nbsp;<\/p>\n","protected":false},"featured_media":183276,"template":"","meta":{"_acf_changed":false,"neve_meta_sidebar":"","neve_meta_container":"","neve_meta_enable_content_width":"","neve_meta_content_width":0,"neve_meta_title_alignment":"","neve_meta_author_avatar":"","neve_post_elements_order":"","neve_meta_disable_header":"","neve_meta_disable_footer":"","neve_meta_disable_title":"","neve_meta_reading_time":"","_surfaces":[],"_ver_product_tabs":null,"footnotes":""},"product_brand":[],"product_cat":[2409],"product_tag":[],"class_list":{"0":"post-181882","1":"product","2":"type-product","3":"status-publish","4":"has-post-thumbnail","6":"product_cat-tesnenie-dreva","7":"pa_gebinde-5l-kanister-sk","8":"pa_gebinde-10-ml-flasa","9":"pa_gebinde-5-ml-flasa","10":"pa_gebinde-125-ml-flasa-s-rozprasovacom","11":"pa_gebinde-flasa-s-naplnou-1-000-ml","12":"pa_gebinde-20l-kanister-sk","13":"pa_gebinde-10l-kanister-sk","14":"pa_gebinde-akcna-suprava-so-100-ml-flasou","15":"pa_gebinde-50-ml-flasa","16":"pa_gebinde-akcna-suprava-s-50-ml-flasou","17":"pa_gebinde-100-ml-flasa","18":"pa_gebinde-150-ml-flasa","19":"pa_gebinde-500-ml-flasa","20":"pa_gebinde-200-ml-flasa","21":"pa_gebinde-1000-ml-flasa","23":"first","24":"instock","25":"taxable","26":"shipping-taxable","27":"purchasable","28":"product-type-variable","29":"has-default-attributes"},"acf":[],"yoast_head":"<!-- This site is optimized with the Yoast SEO Premium plugin v22.8 (Yoast SEO v27.5) - https:\/\/yoast.com\/product\/yoast-seo-premium-wordpress\/ -->\n<title>Impregn\u00e1cia dreva - pr\u00edrodn\u00e1 ochrana dreva na b\u00e1ze silanu - versiegelung24.com<\/title>\n<meta name=\"robots\" content=\"index, follow, max-snippet:-1, max-image-preview:large, max-video-preview:-1\" \/>\n<link rel=\"canonical\" href=\"https:\/\/www.versiegelung24.com\/sk\/holzimpragnierung-silanbasis.html\" \/>\n<meta property=\"og:locale\" content=\"sk_SK\" \/>\n<meta property=\"og:type\" content=\"article\" \/>\n<meta property=\"og:title\" content=\"Impregn\u00e1cia dreva - pr\u00edrodn\u00e1 ochrana dreva na b\u00e1ze silanu\" \/>\n<meta property=\"og:description\" content=\"Vysoko \u00fa\u010dinn\u00fd tmel na dreven\u00e9 povrchy v interi\u00e9ri a exteri\u00e9ri \u2713 Farebn\u00e1 st\u00e1los\u0165 a ochrana proti \u0161ediveniu \u2713 Odpudzuje vodu a ne\u010distoty \u2713 Z\u00e1kladn\u00fd n\u00e1ter a ochrana v jednom kroku \u2713 Bez PFAS, PFOA a PFOS &nbsp;\" \/>\n<meta property=\"og:url\" content=\"https:\/\/www.versiegelung24.com\/sk\/holzimpragnierung-silanbasis.html\" \/>\n<meta property=\"og:site_name\" content=\"versiegelung24.com\" \/>\n<meta property=\"article:modified_time\" content=\"2025-09-05T12:02:20+00:00\" \/>\n<meta property=\"og:image\" content=\"https:\/\/www.versiegelung24.com\/wp-content\/uploads\/2025\/07\/V24-Holzimpraegnierung-4008-693.jpg\" \/>\n\t<meta property=\"og:image:width\" content=\"2560\" \/>\n\t<meta property=\"og:image:height\" content=\"2560\" \/>\n\t<meta property=\"og:image:type\" content=\"image\/jpeg\" \/>\n<meta name=\"twitter:card\" content=\"summary_large_image\" \/>\n<meta name=\"twitter:label1\" content=\"Dostupnos\u0165\" \/>\n\t<meta name=\"twitter:data1\" content=\"Na sklade\" \/>\n<script type=\"application\/ld+json\" class=\"yoast-schema-graph\">{\"@context\":\"https:\\\/\\\/schema.org\",\"@graph\":[{\"@type\":\"WebPage\",\"@id\":\"https:\\\/\\\/www.versiegelung24.com\\\/sk\\\/holzimpragnierung-silanbasis.html\",\"url\":\"https:\\\/\\\/www.versiegelung24.com\\\/sk\\\/holzimpragnierung-silanbasis.html\",\"name\":\"Impregn\u00e1cia dreva - pr\u00edrodn\u00e1 ochrana dreva na b\u00e1ze silanu - versiegelung24.com\",\"isPartOf\":{\"@id\":\"https:\\\/\\\/www.versiegelung24.com\\\/sk\\\/#website\"},\"primaryImageOfPage\":{\"@id\":\"https:\\\/\\\/www.versiegelung24.com\\\/sk\\\/holzimpragnierung-silanbasis.html#primaryimage\"},\"image\":{\"@id\":\"https:\\\/\\\/www.versiegelung24.com\\\/sk\\\/holzimpragnierung-silanbasis.html#primaryimage\"},\"thumbnailUrl\":\"https:\\\/\\\/www.versiegelung24.com\\\/wp-content\\\/uploads\\\/2025\\\/07\\\/V24-Holzimpraegnierung-4008-693.jpg\",\"datePublished\":\"2025-07-31T10:51:16+00:00\",\"dateModified\":\"2025-09-05T12:02:20+00:00\",\"breadcrumb\":{\"@id\":\"https:\\\/\\\/www.versiegelung24.com\\\/sk\\\/holzimpragnierung-silanbasis.html#breadcrumb\"},\"inLanguage\":\"sk-SK\",\"potentialAction\":[{\"@type\":\"ReadAction\",\"target\":[\"https:\\\/\\\/www.versiegelung24.com\\\/sk\\\/holzimpragnierung-silanbasis.html\"]}]},{\"@type\":\"ImageObject\",\"inLanguage\":\"sk-SK\",\"@id\":\"https:\\\/\\\/www.versiegelung24.com\\\/sk\\\/holzimpragnierung-silanbasis.html#primaryimage\",\"url\":\"https:\\\/\\\/www.versiegelung24.com\\\/wp-content\\\/uploads\\\/2025\\\/07\\\/V24-Holzimpraegnierung-4008-693.jpg\",\"contentUrl\":\"https:\\\/\\\/www.versiegelung24.com\\\/wp-content\\\/uploads\\\/2025\\\/07\\\/V24-Holzimpraegnierung-4008-693.jpg\",\"width\":2560,\"height\":2560},{\"@type\":\"BreadcrumbList\",\"@id\":\"https:\\\/\\\/www.versiegelung24.com\\\/sk\\\/holzimpragnierung-silanbasis.html#breadcrumb\",\"itemListElement\":[{\"@type\":\"ListItem\",\"position\":1,\"name\":\"\u00davodn\u00e1 str\u00e1nka\",\"item\":\"https:\\\/\\\/www.versiegelung24.com\\\/sk\\\/predna-strana\\\/\"},{\"@type\":\"ListItem\",\"position\":2,\"name\":\"Obchod\",\"item\":\"https:\\\/\\\/www.versiegelung24.com\\\/sk\\\/obchod\\\/\"},{\"@type\":\"ListItem\",\"position\":3,\"name\":\"Impregn\u00e1cia dreva &#8211; pr\u00edrodn\u00e1 ochrana dreva na b\u00e1ze silanu\"}]},{\"@type\":\"WebSite\",\"@id\":\"https:\\\/\\\/www.versiegelung24.com\\\/sk\\\/#website\",\"url\":\"https:\\\/\\\/www.versiegelung24.com\\\/sk\\\/\",\"name\":\"versiegelung24.com\",\"description\":\"Fl\u00fcssigglas-Versiegelung - Made in Germany\",\"publisher\":{\"@id\":\"https:\\\/\\\/www.versiegelung24.com\\\/sk\\\/#organization\"},\"potentialAction\":[{\"@type\":\"SearchAction\",\"target\":{\"@type\":\"EntryPoint\",\"urlTemplate\":\"https:\\\/\\\/www.versiegelung24.com\\\/sk\\\/?s={search_term_string}\"},\"query-input\":{\"@type\":\"PropertyValueSpecification\",\"valueRequired\":true,\"valueName\":\"search_term_string\"}}],\"inLanguage\":\"sk-SK\"},{\"@type\":\"Organization\",\"@id\":\"https:\\\/\\\/www.versiegelung24.com\\\/sk\\\/#organization\",\"name\":\"versiegelung24\",\"url\":\"https:\\\/\\\/www.versiegelung24.com\\\/sk\\\/\",\"logo\":{\"@type\":\"ImageObject\",\"inLanguage\":\"sk-SK\",\"@id\":\"https:\\\/\\\/www.versiegelung24.com\\\/sk\\\/#\\\/schema\\\/logo\\\/image\\\/\",\"url\":\"https:\\\/\\\/www.versiegelung24.com\\\/wp-content\\\/uploads\\\/2020\\\/04\\\/versiegelung24.png\",\"contentUrl\":\"https:\\\/\\\/www.versiegelung24.com\\\/wp-content\\\/uploads\\\/2020\\\/04\\\/versiegelung24.png\",\"width\":470,\"height\":102,\"caption\":\"versiegelung24\"},\"image\":{\"@id\":\"https:\\\/\\\/www.versiegelung24.com\\\/sk\\\/#\\\/schema\\\/logo\\\/image\\\/\"}}]}<\/script>\n<meta property=\"og:availability\" content=\"instock\" \/>\n<meta property=\"product:availability\" content=\"instock\" \/>\n<meta property=\"product:retailer_item_id\" content=\"4008-693\" \/>\n<meta property=\"product:condition\" content=\"new\" \/>\n<!-- \/ Yoast SEO Premium plugin. -->","yoast_head_json":{"title":"Impregn\u00e1cia dreva - pr\u00edrodn\u00e1 ochrana dreva na b\u00e1ze silanu - versiegelung24.com","robots":{"index":"index","follow":"follow","max-snippet":"max-snippet:-1","max-image-preview":"max-image-preview:large","max-video-preview":"max-video-preview:-1"},"canonical":"https:\/\/www.versiegelung24.com\/sk\/holzimpragnierung-silanbasis.html","og_locale":"sk_SK","og_type":"article","og_title":"Impregn\u00e1cia dreva - pr\u00edrodn\u00e1 ochrana dreva na b\u00e1ze silanu","og_description":"Vysoko \u00fa\u010dinn\u00fd tmel na dreven\u00e9 povrchy v interi\u00e9ri a exteri\u00e9ri \u2713 Farebn\u00e1 st\u00e1los\u0165 a ochrana proti \u0161ediveniu \u2713 Odpudzuje vodu a ne\u010distoty \u2713 Z\u00e1kladn\u00fd n\u00e1ter a ochrana v jednom kroku \u2713 Bez PFAS, PFOA a PFOS &nbsp;","og_url":"https:\/\/www.versiegelung24.com\/sk\/holzimpragnierung-silanbasis.html","og_site_name":"versiegelung24.com","article_modified_time":"2025-09-05T12:02:20+00:00","og_image":[{"width":2560,"height":2560,"url":"https:\/\/www.versiegelung24.com\/wp-content\/uploads\/2025\/07\/V24-Holzimpraegnierung-4008-693.jpg","type":"image\/jpeg"}],"twitter_card":"summary_large_image","twitter_misc":{"Dostupnos\u0165":"Na sklade"},"schema":{"@context":"https:\/\/schema.org","@graph":[{"@type":"WebPage","@id":"https:\/\/www.versiegelung24.com\/sk\/holzimpragnierung-silanbasis.html","url":"https:\/\/www.versiegelung24.com\/sk\/holzimpragnierung-silanbasis.html","name":"Impregn\u00e1cia dreva - pr\u00edrodn\u00e1 ochrana dreva na b\u00e1ze silanu - versiegelung24.com","isPartOf":{"@id":"https:\/\/www.versiegelung24.com\/sk\/#website"},"primaryImageOfPage":{"@id":"https:\/\/www.versiegelung24.com\/sk\/holzimpragnierung-silanbasis.html#primaryimage"},"image":{"@id":"https:\/\/www.versiegelung24.com\/sk\/holzimpragnierung-silanbasis.html#primaryimage"},"thumbnailUrl":"https:\/\/www.versiegelung24.com\/wp-content\/uploads\/2025\/07\/V24-Holzimpraegnierung-4008-693.jpg","datePublished":"2025-07-31T10:51:16+00:00","dateModified":"2025-09-05T12:02:20+00:00","breadcrumb":{"@id":"https:\/\/www.versiegelung24.com\/sk\/holzimpragnierung-silanbasis.html#breadcrumb"},"inLanguage":"sk-SK","potentialAction":[{"@type":"ReadAction","target":["https:\/\/www.versiegelung24.com\/sk\/holzimpragnierung-silanbasis.html"]}]},{"@type":"ImageObject","inLanguage":"sk-SK","@id":"https:\/\/www.versiegelung24.com\/sk\/holzimpragnierung-silanbasis.html#primaryimage","url":"https:\/\/www.versiegelung24.com\/wp-content\/uploads\/2025\/07\/V24-Holzimpraegnierung-4008-693.jpg","contentUrl":"https:\/\/www.versiegelung24.com\/wp-content\/uploads\/2025\/07\/V24-Holzimpraegnierung-4008-693.jpg","width":2560,"height":2560},{"@type":"BreadcrumbList","@id":"https:\/\/www.versiegelung24.com\/sk\/holzimpragnierung-silanbasis.html#breadcrumb","itemListElement":[{"@type":"ListItem","position":1,"name":"\u00davodn\u00e1 str\u00e1nka","item":"https:\/\/www.versiegelung24.com\/sk\/predna-strana\/"},{"@type":"ListItem","position":2,"name":"Obchod","item":"https:\/\/www.versiegelung24.com\/sk\/obchod\/"},{"@type":"ListItem","position":3,"name":"Impregn\u00e1cia dreva &#8211; pr\u00edrodn\u00e1 ochrana dreva na b\u00e1ze silanu"}]},{"@type":"WebSite","@id":"https:\/\/www.versiegelung24.com\/sk\/#website","url":"https:\/\/www.versiegelung24.com\/sk\/","name":"versiegelung24.com","description":"Fl\u00fcssigglas-Versiegelung - Made in Germany","publisher":{"@id":"https:\/\/www.versiegelung24.com\/sk\/#organization"},"potentialAction":[{"@type":"SearchAction","target":{"@type":"EntryPoint","urlTemplate":"https:\/\/www.versiegelung24.com\/sk\/?s={search_term_string}"},"query-input":{"@type":"PropertyValueSpecification","valueRequired":true,"valueName":"search_term_string"}}],"inLanguage":"sk-SK"},{"@type":"Organization","@id":"https:\/\/www.versiegelung24.com\/sk\/#organization","name":"versiegelung24","url":"https:\/\/www.versiegelung24.com\/sk\/","logo":{"@type":"ImageObject","inLanguage":"sk-SK","@id":"https:\/\/www.versiegelung24.com\/sk\/#\/schema\/logo\/image\/","url":"https:\/\/www.versiegelung24.com\/wp-content\/uploads\/2020\/04\/versiegelung24.png","contentUrl":"https:\/\/www.versiegelung24.com\/wp-content\/uploads\/2020\/04\/versiegelung24.png","width":470,"height":102,"caption":"versiegelung24"},"image":{"@id":"https:\/\/www.versiegelung24.com\/sk\/#\/schema\/logo\/image\/"}}]},"og_availability":"instock","product_availability":"instock","product_retailer_item_id":"4008-693","product_condition":"new"},"_links":{"self":[{"href":"https:\/\/www.versiegelung24.com\/sk\/wp-json\/wp\/v2\/product\/181882","targetHints":{"allow":["GET"]}}],"collection":[{"href":"https:\/\/www.versiegelung24.com\/sk\/wp-json\/wp\/v2\/product"}],"about":[{"href":"https:\/\/www.versiegelung24.com\/sk\/wp-json\/wp\/v2\/types\/product"}],"version-history":[{"count":5,"href":"https:\/\/www.versiegelung24.com\/sk\/wp-json\/wp\/v2\/product\/181882\/revisions"}],"predecessor-version":[{"id":182837,"href":"https:\/\/www.versiegelung24.com\/sk\/wp-json\/wp\/v2\/product\/181882\/revisions\/182837"}],"wp:featuredmedia":[{"embeddable":true,"href":"https:\/\/www.versiegelung24.com\/sk\/wp-json\/wp\/v2\/media\/183276"}],"wp:attachment":[{"href":"https:\/\/www.versiegelung24.com\/sk\/wp-json\/wp\/v2\/media?parent=181882"}],"wp:term":[{"taxonomy":"product_brand","embeddable":true,"href":"https:\/\/www.versiegelung24.com\/sk\/wp-json\/wp\/v2\/product_brand?post=181882"},{"taxonomy":"product_cat","embeddable":true,"href":"https:\/\/www.versiegelung24.com\/sk\/wp-json\/wp\/v2\/product_cat?post=181882"},{"taxonomy":"product_tag","embeddable":true,"href":"https:\/\/www.versiegelung24.com\/sk\/wp-json\/wp\/v2\/product_tag?post=181882"}],"curies":[{"name":"wp","href":"https:\/\/api.w.org\/{rel}","templated":true}]}}