{"id":183013,"date":"2025-08-28T14:07:51","date_gmt":"2025-08-28T12:07:51","guid":{"rendered":"https:\/\/www.versiegelung24.com\/?post_type=product&#038;p=183013"},"modified":"2025-09-08T16:04:18","modified_gmt":"2025-09-08T14:04:18","slug":"permanent-protector-646","status":"publish","type":"product","link":"https:\/\/www.versiegelung24.com\/sk\/permanent-protector-646.html","title":{"rendered":"Trval\u00e1 ochrana 646 5M"},"content":{"rendered":"\n<p>Permanent Protect 646 Ultra Thin je vysokokvalitn\u00fd keramick\u00fd tmel na trval\u00fd n\u00e1ter hladk\u00fdch povrchov, ako s\u00fa kov, sklo, plast alebo lakovan\u00e9 materi\u00e1ly. Ultratenk\u00e1 transparentn\u00e1 ochrann\u00e1 vrstva poskytuje v\u00fdnimo\u010dn\u00fa odolnos\u0165 vo\u010di ne\u010distot\u00e1m, chemik\u00e1li\u00e1m, UV \u017eiareniu a mechanick\u00fdm vplyvom. V\u010faka svojim hydrof\u00f3bnym a oleof\u00f3bnym vlastnostiam pon\u00faka tmel dlhotrvaj\u00faci \u013eahko \u010distite\u013en\u00fd efekt.  <\/p>\n\n<p>Ide\u00e1lny na pou\u017eitie v automobilovom a lodnom priemysle, ako antigraffiti n\u00e1ter alebo na kone\u010dn\u00fa \u00fapravu vysokokvalitn\u00fdch lakovan\u00fdch povrchov &#8211; Permanent Protect 646 Ultra Thin stanovuje nov\u00e9 \u0161tandardy z h\u013eadiska ochrany a odolnosti povrchu.<\/p>\n\n<hr class=\"wp-block-separator has-text-color has-css-opacity has-background is-style-wide\" style=\"background-color:#e1e1e1;color:#e1e1e1\"\/>\n\n<h2 class=\"wp-block-heading\" id=\"properties\">Vlastnosti produktu<\/h2>\n\n<div class=\"wp-block-columns is-layout-flex wp-container-core-columns-is-layout-9d6595d7 wp-block-columns-is-layout-flex\">\n<div class=\"wp-block-column is-layout-flow wp-block-column-is-layout-flow\">\n<ul id=\"block-5ec6b591-a82a-45bd-aa1b-599082db3ae8\" class=\"wp-block-list\">\n<li><strong>V\u00fdrazn\u00fd hydrof\u00f3bny a oleof\u00f3bny \u00fa\u010dinok<\/strong> &#8211; odpudzuje vodu a olej<\/li>\n\n\n\n<li><strong>\u013dahko \u010distite\u013en\u00fd efekt<\/strong> &#8211; ne\u010distoty sa daj\u00fa \u013eahko odstr\u00e1ni\u0165<\/li>\n\n\n\n<li><strong>Vysok\u00e1 odolnos\u0165 proti oderu<\/strong> &#8211; trval\u00e9 chemick\u00e9 spojenie s podkladom<\/li>\n\n\n\n<li><strong>Odolnos\u0165 vo\u010di teplot\u00e1m a UV \u017eiareniu<\/strong> &#8211; vhodn\u00e9 na vonkaj\u0161ie pou\u017eitie<\/li>\n\n\n\n<li><strong>Priedu\u0161n\u00fd<\/strong> &#8211; otvoren\u00fd dif\u00fazii<\/li>\n\n\n\n<li><strong>\u017divotnos\u0165 <\/strong>&#8211; 2-5 rokov pri vonkaj\u0161om pou\u017eit\u00ed, podstatne dlh\u0161ie pri pou\u017eit\u00ed v interi\u00e9ri  <\/li>\n\n\n\n<li><strong>Spotreba <\/strong>&#8211; 5-10 ml\/m\u00b2 (=&gt; a\u017e 200 m\u00b2 na liter)<\/li>\n\n\n\n<li><strong>Odolnos\u0165 vo\u010di mnoh\u00fdm be\u017en\u00fdm \u010distiacim prostriedkom v dom\u00e1cnosti<\/strong> (okrem koncentrovan\u00fdch alkalick\u00fdch roztokov)<\/li>\n\n\n\n<li><strong>Na b\u00e1ze rozp\u00fa\u0161\u0165adiel<\/strong> (pribli\u017ene 60 % obsahu \u00fa\u010dinnej l\u00e1tky)<\/li>\n<\/ul>\n<\/div>\n\n\n\n<div class=\"wp-block-column is-layout-flow wp-block-column-is-layout-flow\">\n<ul id=\"block-6091e271-3752-4132-9f5b-206019bd2d6b\" class=\"wp-block-list\">\n<li><strong>Ve\u013emi dobr\u00e9 antigraffiti vlastnosti na<\/strong> nepor\u00e9znych povrchoch<\/li>\n\n\n\n<li><strong>Keramick\u00e1 vrstva<\/strong> &#8211; odoln\u00e1 vo\u010di teplu do 600 \u00b0C (celistvos\u0165 filmu), 300 \u00b0C bez zmeny farby<\/li>\n\n\n\n<li><strong>Hr\u00fabka tenkej vrstvy<\/strong>: pribli\u017ene 0,5-2 \u03bcm<\/li>\n\n\n\n<li><strong>Obsahuje prchav\u00e9 organick\u00e9 l\u00e1tky<\/strong> (butylpropion\u00e1t)<\/li>\n\n\n\n<li><strong>Biostatick\u00fd \u00fa\u010dinok<\/strong> &#8211; extr\u00e9mne inhibuje rast mikroorganizmov  <\/li>\n\n\n\n<li><strong>Farba<\/strong> &#8211; bezfarebn\u00e1 a\u017e mierne \u017eltkast\u00e1<\/li>\n\n\n\n<li><strong>Pozn\u00e1mka k PFAS <\/strong>&#8211; bez PFOA a PFOS. Obsah flu\u00f3ru je ni\u017e\u0161\u00ed ako z\u00e1konn\u00e9 limitn\u00e9 hodnoty v s\u00falade s nariaden\u00edm E\u00da 2024\/2462. Pou\u017eit\u00e9 flu\u00f3rovan\u00e9 pr\u00edsady sl\u00fa\u017eia v\u00fdlu\u010dne na optimaliz\u00e1ciu odpudzovania ne\u010dist\u00f4t  <\/li>\n<\/ul>\n<\/div>\n<\/div>\n\n<hr class=\"wp-block-separator has-text-color has-background is-style-wide\" style=\"background-color:#e1e1e1;color:#e1e1e1\"\/>\n\n<h2 class=\"wp-block-heading\" id=\"application\">Oblasti pou\u017eitia<\/h2>\n\n<div class=\"wp-block-columns is-layout-flex wp-container-core-columns-is-layout-9d6595d7 wp-block-columns-is-layout-flex\">\n<div class=\"wp-block-column is-layout-flow wp-block-column-is-layout-flow\">\n<ul id=\"block-6091e271-3752-4132-9f5b-206019bd2d6b\" class=\"wp-block-list\">\n<li>Povrchov\u00e1 \u00faprava vozidiel (napr. karos\u00e9rie, disky kolies)<\/li>\n\n\n\n<li>\u013dahko \u010distite\u013en\u00e9 n\u00e1tery pre vn\u00fatorn\u00e9 a vonkaj\u0161ie priestory<\/li>\n\n\n\n<li>Odoln\u00e9 ochrann\u00e9 n\u00e1tery v n\u00e1mornom sektore<\/li>\n<\/ul>\n<\/div>\n\n\n\n<div class=\"wp-block-column is-layout-flow wp-block-column-is-layout-flow\">\n<ul class=\"wp-block-list\">\n<li>Zu\u0161\u013each\u0165ovanie farieb na jachty a lode<\/li>\n\n\n\n<li>Dodato\u010dn\u00e1 \u00faprava pre automobily (keramick\u00e9 tesnenie)n<\/li>\n\n\n\n<li>Antigraffiti n\u00e1tery na nepor\u00e9znych povrchoch<\/li>\n<\/ul>\n<\/div>\n<\/div>\n\n<h2 class=\"wp-block-heading\" id=\"h-anwendung\">Aplik\u00e1cia<\/h2>\n\n<p><strong>V\u0161eobecn\u00e9  <\/strong><\/p>\n\n<ol class=\"wp-block-list\">\n<li>Povrch d\u00f4kladne <a href=\"https:\/\/www.versiegelung24.com\/sk\/biosativa-biologicky-predcistic.html\">o\u010distite<\/a> a odmastite (napr. <a href=\"https:\/\/www.versiegelung24.com\/sk\/100-vysoko-cisty-bioetanol-pre-profesionalne-predcistenie-kopie.html\">izopropanolom<\/a>, octanom etylnat\u00fdm alebo lakov\u00fdm benz\u00ednom). <\/li>\n\n\n\n<li>Povrch mus\u00ed by\u0165 \u00faplne such\u00fd a zbaven\u00fd mastnoty.<\/li>\n\n\n\n<li>Teplota spracovania: 15-30 \u00b0C, relat\u00edvna vlhkos\u0165: 50-80 %. <\/li>\n\n\n\n<li>Vyhnite sa priamemu slne\u010dn\u00e9mu \u017eiareniu.<\/li>\n<\/ol>\n\n<p><strong>Aplik\u00e1cia potiahnut\u00edm prstom  <\/strong><\/p>\n\n<ol class=\"wp-block-list\">\n<li>Naneste nieko\u013eko kvapiek (5-10\/ml m\u00b2) na handri\u010dku z mikrovl\u00e1kna.<\/li>\n\n\n\n<li>Nan\u00e1\u0161ajte rovnomerne \u013eahk\u00fdm tlakom line\u00e1rnymi pohybmi.<\/li>\n\n\n\n<li>Po maxim\u00e1lne 30 min\u00fatach vyle\u0161tite m\u00e4kkou handri\u010dkou. <\/li>\n\n\n\n<li>V pr\u00edpade potreby postup zopakujte.<\/li>\n<\/ol>\n\n<p><strong>Aplik\u00e1cia postrekom  <\/strong><\/p>\n\n<ol class=\"wp-block-list\">\n<li>Ve\u013ekos\u0165 trysky: 0,8-1,0 mm \/ tlak: 0,6-1,0 bar \/ vzdialenos\u0165: pribli\u017ene 20 cm<\/li>\n\n\n\n<li>Hr\u00fabka vrstvy (such\u00e1): 2,5-25 \u03bcm (v z\u00e1vislosti od priechodov)<\/li>\n\n\n\n<li>Alternat\u00edva: Rota\u010dn\u00fd zvon (30 000 ot\/min, 2 bary, 0,2-0,4 m\/s, 50-150 ml\/min)  <\/li>\n<\/ol>\n\n<h2 class=\"wp-block-heading\" id=\"h-reinigung-amp-pflege\">\u010cistenie a starostlivos\u0165<\/h2>\n\n<p>Na \u010distenie povrchu sta\u010d\u00ed pou\u017ei\u0165 jemn\u00fd \u010distiaci prostriedok, napr\u00edklad n\u00e1\u0161 \u010distiaci prostriedok <a href=\"https:\/\/www.versiegelung24.com\/sk\/biosativa-biologicky-predcistic.html\">V24 Biosativa\u00ae<\/a>. Agres\u00edvne \u010distiace prostriedky sa nevy\u017eaduj\u00fa ani neodpor\u00fa\u010daj\u00fa. <\/p>\n\n<hr class=\"wp-block-separator has-text-color has-css-opacity has-background is-style-wide\" style=\"background-color:#e1e1e1;color:#e1e1e1\"\/>\n\n<h2 class=\"wp-block-heading\" id=\"h-produktsicherheit-amp-lagerung\">Bezpe\u010dnos\u0165 a skladovanie v\u00fdrobkov<\/h2>\n\n<p>Inform\u00e1cie o klasifik\u00e1cii v\u00fdrobku v r\u00e1mci nariadenia o nebezpe\u010dn\u00fdch l\u00e1tkach, bezpe\u010dnostn\u00e9 \u00fadaje a \u00fadaje o toxikol\u00f3gii a skladovan\u00ed n\u00e1jdete na <a href=\"https:\/\/www.versiegelung24.com\/sk\/kontakt\/\">po\u017eiadanie<\/a> v na\u0161ej karte bezpe\u010dnostn\u00fdch \u00fadajov.<\/p>\n\n<ul class=\"wp-block-list\">\n<li>Permanent Protect 646 nesmie pr\u00eds\u0165 do kontaktu s vlhkos\u0165ou.<\/li>\n\n\n\n<li>Teplota skladovania materi\u00e1lu: +5 \u00b0C a\u017e +20 \u00b0C.<\/li>\n\n\n\n<li>Osobn\u00e9 ochrann\u00e9 prostriedky: rukavice, ochrann\u00e9 okuliare, vhodn\u00fd ochrann\u00fd odev<\/li>\n\n\n\n<li>Prv\u00e1 pomoc: V pr\u00edpade zasiahnutia o\u010d\u00ed alebo poko\u017eky okam\u017eite vypl\u00e1chnite vodou a vyh\u013eadajte lek\u00e1ra.<\/li>\n\n\n\n<li>Skladovanie: V chlade, suchu a na dobre vetranom mieste. N\u00e1dobu otv\u00e1rajte raz za mesiac a vetrajte, aby sa uvo\u013enil tlak. <\/li>\n\n\n\n<li>Pri dop\u013a\u0148an\u00ed sa odpor\u00fa\u010da pred\u010distenie dus\u00edkom.<\/li>\n<\/ul>\n\n<p><strong>Permanent Protect 646 <\/strong>m\u00e1 trvanlivos\u0165 12 mesiacov, ak sa skladuje neotvoren\u00fd v p\u00f4vodn\u00fdch uzavret\u00fdch obaloch.<\/p>\n\n<hr class=\"wp-block-separator has-text-color has-css-opacity has-background is-style-wide\" style=\"background-color:#e1e1e1;color:#e1e1e1\"\/>\n\n<h2 class=\"wp-block-heading\">Sk\u00fa\u0161ka odolnosti vo\u010di poveternostn\u00fdm vplyvom<\/h2>\n\n<figure class=\"wp-block-table aligncenter\"><table class=\"has-fixed-layout\"><thead><tr><th class=\"has-text-align-left\" data-align=\"left\">\u00a0<\/th><th class=\"has-text-align-left\" data-align=\"left\">Sk\u00fa\u0161ka so\u013en\u00fdm postrekom NSS<\/th><th>Kondenza\u010dn\u00e1 atmosf\u00e9ra,<br\/>kon\u0161tantn\u00e1 vlhkos\u0165<\/th><th>Umel\u00e9 zvetr\u00e1vanie<br\/>s xen\u00f3nov\u00fdm obl\u00fakom<\/th><\/tr><\/thead><tbody><tr><td class=\"has-text-align-left\" data-align=\"left\">DIN<\/td><td class=\"has-text-align-left\" data-align=\"left\">EN ISO 9227<\/td><td>EN ISO 6270-2<\/td><td>EN ISO 16474-2<\/td><\/tr><tr><td class=\"has-text-align-left\" data-align=\"left\">\u00a0<\/td><td class=\"has-text-align-left\" data-align=\"left\" colspan=\"3\"><strong>Sk\u00fa\u0161ka so\u013enou hmlou z nehrdzavej\u00facej ocele 2,5 \u03bcm, s povrchovou \u00fapravou<\/strong><\/td><\/tr><tr><td class=\"has-text-align-left\" data-align=\"left\">Trvanie<\/td><td class=\"has-text-align-left\" data-align=\"left\">1.500 h<\/td><td>1.400 h<\/td><td>1.400 h<\/td><\/tr><tr><td class=\"has-text-align-left\" data-align=\"left\">V\u00fdsledok<\/td><td class=\"has-text-align-left\" data-align=\"left\">Vznik p\u013euzgierov: nie<br\/>Hrdza: nie<br\/>Kor\u00f3zia v ryske &lt; 0,5 mm<\/td><td>P\u013euzgiere: nie<br\/>Hrdza: nie<\/td><td>Strata lesku: 5 %<br\/>Praskanie: nie<br\/>Farebn\u00fd rozdiel \u0394E* = 0,40<\/td><\/tr><tr><td class=\"has-text-align-left\" data-align=\"left\">\u00a0<\/td><td class=\"has-text-align-left\" data-align=\"left\" colspan=\"3\"><strong>Sk\u00fa\u0161ka so\u013enou hmlou hlin\u00edk 2,5 \u03bcm, potiahnut\u00fd<\/strong><\/td><\/tr><tr><td class=\"has-text-align-left\" data-align=\"left\">Trvanie<\/td><td class=\"has-text-align-left\" data-align=\"left\">1.500 h<\/td><td>1.400 h<\/td><td>1.400 h<\/td><\/tr><tr><td class=\"has-text-align-left\" data-align=\"left\">V\u00fdsledok<\/td><td class=\"has-text-align-left\" data-align=\"left\">Vznik p\u013euzgierov: nie<br\/>Hrdza: nie<br\/>Kor\u00f3zia v ryske &lt; 0,5 mm<\/td><td>P\u013euzgiere: nie<br\/>Hrdza: nie<\/td><td>Strata lesku: 5 %<br\/>Praskanie: nie<br\/>Farebn\u00fd rozdiel \u0394E* = 0,17<\/td><\/tr><tr><td class=\"has-text-align-left\" data-align=\"left\">\u00a0<\/td><td class=\"has-text-align-left\" data-align=\"left\" colspan=\"3\"><strong>Pieskovan\u00e1 oce\u013e 2,5 \u03bcm, potiahnut\u00e1<\/strong><\/td><\/tr><tr><td class=\"has-text-align-left\" data-align=\"left\">Trvanie<\/td><td class=\"has-text-align-left\" data-align=\"left\">1.000 h<\/td><td>1.000 h<\/td><td>1.400 h<\/td><\/tr><tr><td class=\"has-text-align-left\" data-align=\"left\">V\u00fdsledok<\/td><td class=\"has-text-align-left\" data-align=\"left\">Vznik p\u013euzgierov: nie<br\/>Hrdza: nie<br\/>Kor\u00f3zia v ryske &lt; 0,5 mm<\/td><td>P\u013euzgiere: nie<br\/>Hrdza: nie<\/td><td>Strata lesku: 12 %<br\/>Praskanie: nie<br\/>Farebn\u00fd rozdiel \u0394E* = 0,51<\/td><\/tr><\/tbody><\/table><\/figure>\n\n<hr class=\"wp-block-separator has-text-color has-css-opacity has-background is-style-wide\" style=\"background-color:#e1e1e1;color:#e1e1e1\"\/>\n","protected":false},"excerpt":{"rendered":"<p><strong>Vysokokvalitn\u00fd odoln\u00fd keramick\u00fd povlak na hladk\u00e9 povrchy<\/strong><\/p>\n<p>\u2713 Ultra tenk\u00e1 hr\u00fabka vrstvy<\/p>\n<p>\u2713 Trvanlivos\u0165 2-5 rokov<\/p>\n<p>\u2713 Vysok\u00e1 odolnos\u0165 proti oderu<\/p>\n<p>\u2713 Biostatick\u00fd \u00fa\u010dinok<\/p>\n","protected":false},"featured_media":183070,"template":"","meta":{"_acf_changed":false,"neve_meta_sidebar":"","neve_meta_container":"","neve_meta_enable_content_width":"","neve_meta_content_width":0,"neve_meta_title_alignment":"","neve_meta_author_avatar":"","neve_post_elements_order":"","neve_meta_disable_header":"","neve_meta_disable_footer":"","neve_meta_disable_title":"","neve_meta_reading_time":"","_surfaces":[],"_ver_product_tabs":[],"footnotes":""},"product_brand":[],"product_cat":[2986,2221,2405,2490],"product_tag":[],"class_list":{"0":"post-183013","1":"product","2":"type-product","3":"status-publish","4":"has-post-thumbnail","6":"product_cat-tesnenie-z-tekuteho-skla","7":"product_cat-tesnenie-auta","8":"product_cat-kovove-a-plastove-tesnenie","9":"product_cat-univerzalne-tesnenie","10":"pa_gebinde-100-ml-flasa","11":"pa_gebinde-1000-ml-flasa","13":"first","14":"instock","15":"taxable","16":"shipping-taxable","17":"purchasable","18":"product-type-variable","19":"has-default-attributes"},"acf":[],"yoast_head":"<!-- This site is optimized with the Yoast SEO Premium plugin v22.8 (Yoast SEO v27.5) - https:\/\/yoast.com\/product\/yoast-seo-premium-wordpress\/ -->\n<title>Permanent Protector 646 Ultra Thin - 9H keramick\u00fd tmel<\/title>\n<meta name=\"description\" content=\"Jednoduch\u00e9 pou\u017e\u00edvanie, siln\u00e1 ochrana. Nov\u00fd keramick\u00fd tmel Permanent Protector 646 Ultra Thin - 9H poskytuje spo\u013eahliv\u00fa ochranu proti vonkaj\u0161\u00edm vplyvom\" \/>\n<meta name=\"robots\" content=\"index, follow, max-snippet:-1, max-image-preview:large, max-video-preview:-1\" \/>\n<link rel=\"canonical\" href=\"https:\/\/www.versiegelung24.com\/sk\/permanent-protector-646.html\" \/>\n<meta property=\"og:locale\" content=\"sk_SK\" \/>\n<meta property=\"og:type\" content=\"article\" \/>\n<meta property=\"og:title\" content=\"Trval\u00e1 ochrana 646 5M\" \/>\n<meta property=\"og:description\" content=\"Jednoduch\u00e9 pou\u017e\u00edvanie, siln\u00e1 ochrana. Nov\u00fd keramick\u00fd tmel Permanent Protector 646 Ultra Thin - 9H poskytuje spo\u013eahliv\u00fa ochranu proti vonkaj\u0161\u00edm vplyvom\" \/>\n<meta property=\"og:url\" content=\"https:\/\/www.versiegelung24.com\/sk\/permanent-protector-646.html\" \/>\n<meta property=\"og:site_name\" content=\"versiegelung24.com\" \/>\n<meta property=\"article:modified_time\" content=\"2025-09-08T14:04:18+00:00\" \/>\n<meta property=\"og:image\" content=\"https:\/\/www.versiegelung24.com\/wp-content\/uploads\/2025\/08\/V24-Permanent-Protector-646-Keramikversiegelung-scaled-1.jpg\" \/>\n\t<meta property=\"og:image:width\" content=\"2560\" \/>\n\t<meta property=\"og:image:height\" content=\"2560\" \/>\n\t<meta property=\"og:image:type\" content=\"image\/jpeg\" \/>\n<meta name=\"twitter:card\" content=\"summary_large_image\" \/>\n<meta name=\"twitter:label1\" content=\"Dostupnos\u0165\" \/>\n\t<meta name=\"twitter:data1\" content=\"Na sklade\" \/>\n<script type=\"application\/ld+json\" class=\"yoast-schema-graph\">{\"@context\":\"https:\\\/\\\/schema.org\",\"@graph\":[{\"@type\":\"WebPage\",\"@id\":\"https:\\\/\\\/www.versiegelung24.com\\\/sk\\\/permanent-protector-646.html\",\"url\":\"https:\\\/\\\/www.versiegelung24.com\\\/sk\\\/permanent-protector-646.html\",\"name\":\"Permanent Protector 646 Ultra Thin - 9H keramick\u00fd tmel\",\"isPartOf\":{\"@id\":\"https:\\\/\\\/www.versiegelung24.com\\\/sk\\\/#website\"},\"primaryImageOfPage\":{\"@id\":\"https:\\\/\\\/www.versiegelung24.com\\\/sk\\\/permanent-protector-646.html#primaryimage\"},\"image\":{\"@id\":\"https:\\\/\\\/www.versiegelung24.com\\\/sk\\\/permanent-protector-646.html#primaryimage\"},\"thumbnailUrl\":\"https:\\\/\\\/www.versiegelung24.com\\\/wp-content\\\/uploads\\\/2025\\\/08\\\/V24-Permanent-Protector-646-Keramikversiegelung-scaled-1.jpg\",\"datePublished\":\"2025-08-28T12:07:51+00:00\",\"dateModified\":\"2025-09-08T14:04:18+00:00\",\"description\":\"Jednoduch\u00e9 pou\u017e\u00edvanie, siln\u00e1 ochrana. Nov\u00fd keramick\u00fd tmel Permanent Protector 646 Ultra Thin - 9H poskytuje spo\u013eahliv\u00fa ochranu proti vonkaj\u0161\u00edm vplyvom\",\"breadcrumb\":{\"@id\":\"https:\\\/\\\/www.versiegelung24.com\\\/sk\\\/permanent-protector-646.html#breadcrumb\"},\"inLanguage\":\"sk-SK\",\"potentialAction\":[{\"@type\":\"ReadAction\",\"target\":[\"https:\\\/\\\/www.versiegelung24.com\\\/sk\\\/permanent-protector-646.html\"]}]},{\"@type\":\"ImageObject\",\"inLanguage\":\"sk-SK\",\"@id\":\"https:\\\/\\\/www.versiegelung24.com\\\/sk\\\/permanent-protector-646.html#primaryimage\",\"url\":\"https:\\\/\\\/www.versiegelung24.com\\\/wp-content\\\/uploads\\\/2025\\\/08\\\/V24-Permanent-Protector-646-Keramikversiegelung-scaled-1.jpg\",\"contentUrl\":\"https:\\\/\\\/www.versiegelung24.com\\\/wp-content\\\/uploads\\\/2025\\\/08\\\/V24-Permanent-Protector-646-Keramikversiegelung-scaled-1.jpg\",\"width\":2560,\"height\":2560},{\"@type\":\"BreadcrumbList\",\"@id\":\"https:\\\/\\\/www.versiegelung24.com\\\/sk\\\/permanent-protector-646.html#breadcrumb\",\"itemListElement\":[{\"@type\":\"ListItem\",\"position\":1,\"name\":\"\u00davodn\u00e1 str\u00e1nka\",\"item\":\"https:\\\/\\\/www.versiegelung24.com\\\/sk\\\/predna-strana\\\/\"},{\"@type\":\"ListItem\",\"position\":2,\"name\":\"Obchod\",\"item\":\"https:\\\/\\\/www.versiegelung24.com\\\/sk\\\/obchod\\\/\"},{\"@type\":\"ListItem\",\"position\":3,\"name\":\"Trval\u00e1 ochrana 646 5M\"}]},{\"@type\":\"WebSite\",\"@id\":\"https:\\\/\\\/www.versiegelung24.com\\\/sk\\\/#website\",\"url\":\"https:\\\/\\\/www.versiegelung24.com\\\/sk\\\/\",\"name\":\"versiegelung24.com\",\"description\":\"Fl\u00fcssigglas-Versiegelung - Made in Germany\",\"publisher\":{\"@id\":\"https:\\\/\\\/www.versiegelung24.com\\\/sk\\\/#organization\"},\"potentialAction\":[{\"@type\":\"SearchAction\",\"target\":{\"@type\":\"EntryPoint\",\"urlTemplate\":\"https:\\\/\\\/www.versiegelung24.com\\\/sk\\\/?s={search_term_string}\"},\"query-input\":{\"@type\":\"PropertyValueSpecification\",\"valueRequired\":true,\"valueName\":\"search_term_string\"}}],\"inLanguage\":\"sk-SK\"},{\"@type\":\"Organization\",\"@id\":\"https:\\\/\\\/www.versiegelung24.com\\\/sk\\\/#organization\",\"name\":\"versiegelung24\",\"url\":\"https:\\\/\\\/www.versiegelung24.com\\\/sk\\\/\",\"logo\":{\"@type\":\"ImageObject\",\"inLanguage\":\"sk-SK\",\"@id\":\"https:\\\/\\\/www.versiegelung24.com\\\/sk\\\/#\\\/schema\\\/logo\\\/image\\\/\",\"url\":\"https:\\\/\\\/www.versiegelung24.com\\\/wp-content\\\/uploads\\\/2020\\\/04\\\/versiegelung24.png\",\"contentUrl\":\"https:\\\/\\\/www.versiegelung24.com\\\/wp-content\\\/uploads\\\/2020\\\/04\\\/versiegelung24.png\",\"width\":470,\"height\":102,\"caption\":\"versiegelung24\"},\"image\":{\"@id\":\"https:\\\/\\\/www.versiegelung24.com\\\/sk\\\/#\\\/schema\\\/logo\\\/image\\\/\"}}]}<\/script>\n<meta property=\"og:availability\" content=\"instock\" \/>\n<meta property=\"product:availability\" content=\"instock\" \/>\n<meta property=\"product:retailer_item_id\" content=\"8056-646\" \/>\n<meta property=\"product:condition\" content=\"new\" \/>\n<!-- \/ Yoast SEO Premium plugin. -->","yoast_head_json":{"title":"Permanent Protector 646 Ultra Thin - 9H keramick\u00fd tmel","description":"Jednoduch\u00e9 pou\u017e\u00edvanie, siln\u00e1 ochrana. Nov\u00fd keramick\u00fd tmel Permanent Protector 646 Ultra Thin - 9H poskytuje spo\u013eahliv\u00fa ochranu proti vonkaj\u0161\u00edm vplyvom","robots":{"index":"index","follow":"follow","max-snippet":"max-snippet:-1","max-image-preview":"max-image-preview:large","max-video-preview":"max-video-preview:-1"},"canonical":"https:\/\/www.versiegelung24.com\/sk\/permanent-protector-646.html","og_locale":"sk_SK","og_type":"article","og_title":"Trval\u00e1 ochrana 646 5M","og_description":"Jednoduch\u00e9 pou\u017e\u00edvanie, siln\u00e1 ochrana. Nov\u00fd keramick\u00fd tmel Permanent Protector 646 Ultra Thin - 9H poskytuje spo\u013eahliv\u00fa ochranu proti vonkaj\u0161\u00edm vplyvom","og_url":"https:\/\/www.versiegelung24.com\/sk\/permanent-protector-646.html","og_site_name":"versiegelung24.com","article_modified_time":"2025-09-08T14:04:18+00:00","og_image":[{"width":2560,"height":2560,"url":"https:\/\/www.versiegelung24.com\/wp-content\/uploads\/2025\/08\/V24-Permanent-Protector-646-Keramikversiegelung-scaled-1.jpg","type":"image\/jpeg"}],"twitter_card":"summary_large_image","twitter_misc":{"Dostupnos\u0165":"Na sklade"},"schema":{"@context":"https:\/\/schema.org","@graph":[{"@type":"WebPage","@id":"https:\/\/www.versiegelung24.com\/sk\/permanent-protector-646.html","url":"https:\/\/www.versiegelung24.com\/sk\/permanent-protector-646.html","name":"Permanent Protector 646 Ultra Thin - 9H keramick\u00fd tmel","isPartOf":{"@id":"https:\/\/www.versiegelung24.com\/sk\/#website"},"primaryImageOfPage":{"@id":"https:\/\/www.versiegelung24.com\/sk\/permanent-protector-646.html#primaryimage"},"image":{"@id":"https:\/\/www.versiegelung24.com\/sk\/permanent-protector-646.html#primaryimage"},"thumbnailUrl":"https:\/\/www.versiegelung24.com\/wp-content\/uploads\/2025\/08\/V24-Permanent-Protector-646-Keramikversiegelung-scaled-1.jpg","datePublished":"2025-08-28T12:07:51+00:00","dateModified":"2025-09-08T14:04:18+00:00","description":"Jednoduch\u00e9 pou\u017e\u00edvanie, siln\u00e1 ochrana. Nov\u00fd keramick\u00fd tmel Permanent Protector 646 Ultra Thin - 9H poskytuje spo\u013eahliv\u00fa ochranu proti vonkaj\u0161\u00edm vplyvom","breadcrumb":{"@id":"https:\/\/www.versiegelung24.com\/sk\/permanent-protector-646.html#breadcrumb"},"inLanguage":"sk-SK","potentialAction":[{"@type":"ReadAction","target":["https:\/\/www.versiegelung24.com\/sk\/permanent-protector-646.html"]}]},{"@type":"ImageObject","inLanguage":"sk-SK","@id":"https:\/\/www.versiegelung24.com\/sk\/permanent-protector-646.html#primaryimage","url":"https:\/\/www.versiegelung24.com\/wp-content\/uploads\/2025\/08\/V24-Permanent-Protector-646-Keramikversiegelung-scaled-1.jpg","contentUrl":"https:\/\/www.versiegelung24.com\/wp-content\/uploads\/2025\/08\/V24-Permanent-Protector-646-Keramikversiegelung-scaled-1.jpg","width":2560,"height":2560},{"@type":"BreadcrumbList","@id":"https:\/\/www.versiegelung24.com\/sk\/permanent-protector-646.html#breadcrumb","itemListElement":[{"@type":"ListItem","position":1,"name":"\u00davodn\u00e1 str\u00e1nka","item":"https:\/\/www.versiegelung24.com\/sk\/predna-strana\/"},{"@type":"ListItem","position":2,"name":"Obchod","item":"https:\/\/www.versiegelung24.com\/sk\/obchod\/"},{"@type":"ListItem","position":3,"name":"Trval\u00e1 ochrana 646 5M"}]},{"@type":"WebSite","@id":"https:\/\/www.versiegelung24.com\/sk\/#website","url":"https:\/\/www.versiegelung24.com\/sk\/","name":"versiegelung24.com","description":"Fl\u00fcssigglas-Versiegelung - Made in Germany","publisher":{"@id":"https:\/\/www.versiegelung24.com\/sk\/#organization"},"potentialAction":[{"@type":"SearchAction","target":{"@type":"EntryPoint","urlTemplate":"https:\/\/www.versiegelung24.com\/sk\/?s={search_term_string}"},"query-input":{"@type":"PropertyValueSpecification","valueRequired":true,"valueName":"search_term_string"}}],"inLanguage":"sk-SK"},{"@type":"Organization","@id":"https:\/\/www.versiegelung24.com\/sk\/#organization","name":"versiegelung24","url":"https:\/\/www.versiegelung24.com\/sk\/","logo":{"@type":"ImageObject","inLanguage":"sk-SK","@id":"https:\/\/www.versiegelung24.com\/sk\/#\/schema\/logo\/image\/","url":"https:\/\/www.versiegelung24.com\/wp-content\/uploads\/2020\/04\/versiegelung24.png","contentUrl":"https:\/\/www.versiegelung24.com\/wp-content\/uploads\/2020\/04\/versiegelung24.png","width":470,"height":102,"caption":"versiegelung24"},"image":{"@id":"https:\/\/www.versiegelung24.com\/sk\/#\/schema\/logo\/image\/"}}]},"og_availability":"instock","product_availability":"instock","product_retailer_item_id":"8056-646","product_condition":"new"},"_links":{"self":[{"href":"https:\/\/www.versiegelung24.com\/sk\/wp-json\/wp\/v2\/product\/183013","targetHints":{"allow":["GET"]}}],"collection":[{"href":"https:\/\/www.versiegelung24.com\/sk\/wp-json\/wp\/v2\/product"}],"about":[{"href":"https:\/\/www.versiegelung24.com\/sk\/wp-json\/wp\/v2\/types\/product"}],"version-history":[{"count":3,"href":"https:\/\/www.versiegelung24.com\/sk\/wp-json\/wp\/v2\/product\/183013\/revisions"}],"predecessor-version":[{"id":183609,"href":"https:\/\/www.versiegelung24.com\/sk\/wp-json\/wp\/v2\/product\/183013\/revisions\/183609"}],"wp:featuredmedia":[{"embeddable":true,"href":"https:\/\/www.versiegelung24.com\/sk\/wp-json\/wp\/v2\/media\/183070"}],"wp:attachment":[{"href":"https:\/\/www.versiegelung24.com\/sk\/wp-json\/wp\/v2\/media?parent=183013"}],"wp:term":[{"taxonomy":"product_brand","embeddable":true,"href":"https:\/\/www.versiegelung24.com\/sk\/wp-json\/wp\/v2\/product_brand?post=183013"},{"taxonomy":"product_cat","embeddable":true,"href":"https:\/\/www.versiegelung24.com\/sk\/wp-json\/wp\/v2\/product_cat?post=183013"},{"taxonomy":"product_tag","embeddable":true,"href":"https:\/\/www.versiegelung24.com\/sk\/wp-json\/wp\/v2\/product_tag?post=183013"}],"curies":[{"name":"wp","href":"https:\/\/api.w.org\/{rel}","templated":true}]}}