{"id":22820,"date":"2020-04-04T18:53:13","date_gmt":"2020-04-04T16:53:13","guid":{"rendered":"https:\/\/www.versiegelung24.com\/produkt\/tesnenie-autoskiel-v-profesionalnej-kvalite"},"modified":"2025-01-03T23:39:51","modified_gmt":"2025-01-03T22:39:51","slug":"tesnenie-autoskiel-v-profesionalnej-kvalite","status":"publish","type":"product","link":"https:\/\/www.versiegelung24.com\/sk\/tesnenie-autoskiel-v-profesionalnej-kvalite.html","title":{"rendered":"Tesnenie autoskiel v profesion\u00e1lnej kvalite"},"content":{"rendered":"\n<p><strong>Vysoko \u00fa\u010dinn\u00e9 tesnenie skiel a karavanov v profesion\u00e1lnej kvalite, NOV\u00c9, ako sa dosta\u0165 cez zimu takmer bez \u0161krabancov, v\u00fdrazne zlep\u0161en\u00e1 vidite\u013enos\u0165 v zlom po\u010das\u00ed<\/strong><\/p>\n\n<p>Vysok\u00e1 kvalita Made in Germany.<\/p>\n\n<hr\/>\n\n<h4 class=\"wp-block-heading\" id=\"properties\">Vlastnosti produktu<\/h4>\n\n<div class=\"wp-block-columns is-layout-flex wp-container-core-columns-is-layout-9d6595d7 wp-block-columns-is-layout-flex\">\n<div class=\"wp-block-column is-layout-flow wp-block-column-is-layout-flow\">\n<ul class=\"wp-block-list\">\n<li>\u010c\u00edra, bezfarebn\u00e1 kvapalina, nevidite\u013en\u00e1 a nepostrehnute\u013en\u00e1<\/li>\n\n\n\n<li>Vynikaj\u00faci \u013eahko \u010distite\u013en\u00fd efekt pre pri\u013enavos\u0165 ne\u010dist\u00f4t<\/li>\n\n\n\n<li>Odolnos\u0165 vo\u010di vode, oleju a \u0161pine, d\u00e1\u017e\u010f a sneh sa val\u00ed z tabule, \u0161pina, vt\u00e1\u010d\u00ed trus, hmyz a \u013ead u\u017e nem\u00f4\u017eu pevne pri\u013en\u00fa\u0165<\/li>\n\n\n\n<li>V zime je \u0161krabanie \u013eadu ove\u013ea jednoduch\u0161ie<\/li>\n\n\n\n<li>Od pribli\u017ene 70 km \/ h sa d\u00e1\u017e\u010f po\u010das jazdy val\u00ed, dokonca aj bez stiera\u010dov, a zais\u0165uje jasn\u00fd v\u00fdh\u013ead.<\/li>\n\n\n\n<li>\u017divotnos\u0165 pribli\u017ene 25 000 km alebo a\u017e jeden rok<\/li>\n\n\n\n<li>Zni\u017euje rast mikroorganizmov a bakt\u00e9ri\u00ed, zlep\u0161uje hygienu<\/li>\n\n\n\n<li>Odoln\u00fd vo\u010di mrazu, extr\u00e9mnym teplot\u00e1m, UV \u017eiareniu, slanej vode a slan\u00e9mu vzduchu, miner\u00e1lom z tvrdej vody a z\u00e1sad\u00e1m, odoln\u00fd vo\u010di cestnej soli<\/li>\n\n\n\n<li>Psychologicky ne\u0161kodn\u00fd<\/li>\n<\/ul>\n<\/div>\n\n\n\n<div class=\"wp-block-column is-layout-flow wp-block-column-is-layout-flow\">\n<ul class=\"wp-block-list\" id=\"block-4d08488f-e4e2-46e9-af9b-8ca16197df33\">\n<li>Povrchy zostan\u00fa \u010dist\u00e9 ove\u013ea dlh\u0161ie, \u010do predl\u017euje \u010distiace cykly a v\u00fdrazne zni\u017euje n\u00e1klady, \u010das a energiu na \u010distenie a \u00fadr\u017ebu<\/li>\n\n\n\n<li>Chemick\u00e9 \u010distiace prostriedky u\u017e nie s\u00fa potrebn\u00e9 (tesniace, ale tie\u017e chemicky odoln\u00e9 vo\u010di \u010distiacim prostriedkom, a\u017e do hodnoty pH 12)<\/li>\n\n\n\n<li>UV stabiln\u00fd \/ mrazuvzdorn\u00fd \/ odoln\u00fd vo\u010di slanej vode \/ nevidite\u013en\u00fd (hr\u00fabka vrstvy: 100-150nm)<\/li>\n\n\n\n<li>D\u00e1 sa \u013eahko znova pou\u017ei\u0165, ke\u010f efekt zmizne<\/li>\n<\/ul>\n\n\n\n<p><br\/><br\/>Rozsah dod\u00e1vky: 1 x litrov\u00e1 f\u013ea\u0161a 1 x rozpra\u0161ovacia hlavica<br\/><\/p>\n<\/div>\n<\/div>\n\n<hr\/>\n\n<h4 class=\"wp-block-heading\" id=\"application\">Aplik\u00e1cia<\/h4>\n\n<ul class=\"wp-block-list\">\n<li>V\u0161etky okn\u00e1 a zrkadl\u00e1 na aut\u00e1ch, karavanoch, motocykloch at\u010f.<\/li>\n<\/ul>\n\n<p>Spotreba z\u00e1vis\u00ed od \u0161trukt\u00fary povrchu cca 100-200 m\u00b2 \/ liter.<\/p>\n\n<p>Trvanlivos\u0165: Cca 12 mesiacov<\/p>\n","protected":false},"excerpt":{"rendered":"<p><strong>Vysoko \u00fa\u010dinn\u00e9 tesnenie pre autoskl\u00e1 a karavany:<\/strong><\/p>\n<p>\u2713 Profesion\u00e1lna kvalita <\/p>\n<p>\u2713 Prekonajte zimu takmer bez \u0161krabancov<\/p>\n<p>\u2713 V\u00fdrazne lep\u0161ia vidite\u013enos\u0165 v zlom po\u010das\u00ed<\/p>\n<p>\u2713 Od r\u00fdchlosti cca 70 km\/h sa d\u00e1\u017e\u010f val\u00ed po\u010das jazdy aj bez stiera\u010dov a zabezpe\u010duje vo\u013en\u00fd v\u00fdh\u013ead<\/p>\n","protected":false},"featured_media":17626,"template":"","meta":{"_acf_changed":false,"neve_meta_sidebar":"","neve_meta_container":"","neve_meta_enable_content_width":"","neve_meta_content_width":0,"neve_meta_title_alignment":"","neve_meta_author_avatar":"","neve_post_elements_order":"","neve_meta_disable_header":"","neve_meta_disable_footer":"","neve_meta_disable_title":"","neve_meta_reading_time":"","_surfaces":[],"_ver_product_tabs":[],"footnotes":""},"product_brand":[],"product_cat":[2221],"product_tag":[],"class_list":{"0":"post-22820","1":"product","2":"type-product","3":"status-publish","4":"has-post-thumbnail","6":"product_cat-tesnenie-auta","7":"pa_gebinde-1000-ml-flasa","8":"pa_gebinde-20l-kanister-sk","10":"first","11":"instock","12":"taxable","13":"shipping-taxable","14":"purchasable","15":"product-type-variable","16":"has-default-attributes"},"acf":[],"yoast_head":"<!-- This site is optimized with the Yoast SEO Premium plugin v22.8 (Yoast SEO v27.5) - https:\/\/yoast.com\/product\/yoast-seo-premium-wordpress\/ -->\n<title>Tesnenie autoskiel v profesion\u00e1lnej kvalite - versiegelung24.com<\/title>\n<meta name=\"robots\" content=\"index, follow, max-snippet:-1, max-image-preview:large, max-video-preview:-1\" \/>\n<link rel=\"canonical\" href=\"https:\/\/www.versiegelung24.com\/sk\/tesnenie-autoskiel-v-profesionalnej-kvalite.html\" \/>\n<meta property=\"og:locale\" content=\"sk_SK\" \/>\n<meta property=\"og:type\" content=\"article\" \/>\n<meta property=\"og:title\" content=\"Tesnenie autoskiel v profesion\u00e1lnej kvalite\" \/>\n<meta property=\"og:description\" content=\"Vysoko \u00fa\u010dinn\u00e9 tesnenie pre autoskl\u00e1 a karavany: \u2713 Profesion\u00e1lna kvalita \u2713 Prekonajte zimu takmer bez \u0161krabancov \u2713 V\u00fdrazne lep\u0161ia vidite\u013enos\u0165 v zlom po\u010das\u00ed \u2713 Od r\u00fdchlosti cca 70 km\/h sa d\u00e1\u017e\u010f val\u00ed po\u010das jazdy aj bez stiera\u010dov a zabezpe\u010duje vo\u013en\u00fd v\u00fdh\u013ead\" \/>\n<meta property=\"og:url\" content=\"https:\/\/www.versiegelung24.com\/sk\/tesnenie-autoskiel-v-profesionalnej-kvalite.html\" \/>\n<meta property=\"og:site_name\" content=\"versiegelung24.com\" \/>\n<meta property=\"article:modified_time\" content=\"2025-01-03T22:39:51+00:00\" \/>\n<meta property=\"og:image\" content=\"https:\/\/www.versiegelung24.com\/wp-content\/uploads\/2020\/06\/produkt-1002-7601-1000-Autoglasversiegelung-scaled.jpg\" \/>\n\t<meta property=\"og:image:width\" content=\"2560\" \/>\n\t<meta property=\"og:image:height\" content=\"2560\" \/>\n\t<meta property=\"og:image:type\" content=\"image\/jpeg\" \/>\n<meta name=\"twitter:card\" content=\"summary_large_image\" \/>\n<meta name=\"twitter:label1\" content=\"Dostupnos\u0165\" \/>\n\t<meta name=\"twitter:data1\" content=\"Na sklade\" \/>\n<script type=\"application\/ld+json\" class=\"yoast-schema-graph\">{\"@context\":\"https:\\\/\\\/schema.org\",\"@graph\":[{\"@type\":\"WebPage\",\"@id\":\"https:\\\/\\\/www.versiegelung24.com\\\/sk\\\/tesnenie-autoskiel-v-profesionalnej-kvalite.html\",\"url\":\"https:\\\/\\\/www.versiegelung24.com\\\/sk\\\/tesnenie-autoskiel-v-profesionalnej-kvalite.html\",\"name\":\"Tesnenie autoskiel v profesion\u00e1lnej kvalite - versiegelung24.com\",\"isPartOf\":{\"@id\":\"https:\\\/\\\/www.versiegelung24.com\\\/sk\\\/#website\"},\"primaryImageOfPage\":{\"@id\":\"https:\\\/\\\/www.versiegelung24.com\\\/sk\\\/tesnenie-autoskiel-v-profesionalnej-kvalite.html#primaryimage\"},\"image\":{\"@id\":\"https:\\\/\\\/www.versiegelung24.com\\\/sk\\\/tesnenie-autoskiel-v-profesionalnej-kvalite.html#primaryimage\"},\"thumbnailUrl\":\"https:\\\/\\\/www.versiegelung24.com\\\/wp-content\\\/uploads\\\/2020\\\/06\\\/produkt-1002-7601-1000-Autoglasversiegelung-scaled.jpg\",\"datePublished\":\"2020-04-04T16:53:13+00:00\",\"dateModified\":\"2025-01-03T22:39:51+00:00\",\"breadcrumb\":{\"@id\":\"https:\\\/\\\/www.versiegelung24.com\\\/sk\\\/tesnenie-autoskiel-v-profesionalnej-kvalite.html#breadcrumb\"},\"inLanguage\":\"sk-SK\",\"potentialAction\":[{\"@type\":\"ReadAction\",\"target\":[\"https:\\\/\\\/www.versiegelung24.com\\\/sk\\\/tesnenie-autoskiel-v-profesionalnej-kvalite.html\"]}]},{\"@type\":\"ImageObject\",\"inLanguage\":\"sk-SK\",\"@id\":\"https:\\\/\\\/www.versiegelung24.com\\\/sk\\\/tesnenie-autoskiel-v-profesionalnej-kvalite.html#primaryimage\",\"url\":\"https:\\\/\\\/www.versiegelung24.com\\\/wp-content\\\/uploads\\\/2020\\\/06\\\/produkt-1002-7601-1000-Autoglasversiegelung-scaled.jpg\",\"contentUrl\":\"https:\\\/\\\/www.versiegelung24.com\\\/wp-content\\\/uploads\\\/2020\\\/06\\\/produkt-1002-7601-1000-Autoglasversiegelung-scaled.jpg\",\"width\":2560,\"height\":2560},{\"@type\":\"BreadcrumbList\",\"@id\":\"https:\\\/\\\/www.versiegelung24.com\\\/sk\\\/tesnenie-autoskiel-v-profesionalnej-kvalite.html#breadcrumb\",\"itemListElement\":[{\"@type\":\"ListItem\",\"position\":1,\"name\":\"\u00davodn\u00e1 str\u00e1nka\",\"item\":\"https:\\\/\\\/www.versiegelung24.com\\\/sk\\\/predna-strana\\\/\"},{\"@type\":\"ListItem\",\"position\":2,\"name\":\"Obchod\",\"item\":\"https:\\\/\\\/www.versiegelung24.com\\\/sk\\\/obchod\\\/\"},{\"@type\":\"ListItem\",\"position\":3,\"name\":\"Tesnenie autoskiel v profesion\u00e1lnej kvalite\"}]},{\"@type\":\"WebSite\",\"@id\":\"https:\\\/\\\/www.versiegelung24.com\\\/sk\\\/#website\",\"url\":\"https:\\\/\\\/www.versiegelung24.com\\\/sk\\\/\",\"name\":\"versiegelung24.com\",\"description\":\"Fl\u00fcssigglas-Versiegelung - Made in Germany\",\"publisher\":{\"@id\":\"https:\\\/\\\/www.versiegelung24.com\\\/sk\\\/#organization\"},\"potentialAction\":[{\"@type\":\"SearchAction\",\"target\":{\"@type\":\"EntryPoint\",\"urlTemplate\":\"https:\\\/\\\/www.versiegelung24.com\\\/sk\\\/?s={search_term_string}\"},\"query-input\":{\"@type\":\"PropertyValueSpecification\",\"valueRequired\":true,\"valueName\":\"search_term_string\"}}],\"inLanguage\":\"sk-SK\"},{\"@type\":\"Organization\",\"@id\":\"https:\\\/\\\/www.versiegelung24.com\\\/sk\\\/#organization\",\"name\":\"versiegelung24\",\"url\":\"https:\\\/\\\/www.versiegelung24.com\\\/sk\\\/\",\"logo\":{\"@type\":\"ImageObject\",\"inLanguage\":\"sk-SK\",\"@id\":\"https:\\\/\\\/www.versiegelung24.com\\\/sk\\\/#\\\/schema\\\/logo\\\/image\\\/\",\"url\":\"https:\\\/\\\/www.versiegelung24.com\\\/wp-content\\\/uploads\\\/2020\\\/04\\\/versiegelung24.png\",\"contentUrl\":\"https:\\\/\\\/www.versiegelung24.com\\\/wp-content\\\/uploads\\\/2020\\\/04\\\/versiegelung24.png\",\"width\":470,\"height\":102,\"caption\":\"versiegelung24\"},\"image\":{\"@id\":\"https:\\\/\\\/www.versiegelung24.com\\\/sk\\\/#\\\/schema\\\/logo\\\/image\\\/\"}}]}<\/script>\n<meta property=\"og:availability\" content=\"instock\" \/>\n<meta property=\"product:availability\" content=\"instock\" \/>\n<meta property=\"product:retailer_item_id\" content=\"1002-7601\" \/>\n<meta property=\"product:condition\" content=\"new\" \/>\n<!-- \/ Yoast SEO Premium plugin. -->","yoast_head_json":{"title":"Tesnenie autoskiel v profesion\u00e1lnej kvalite - versiegelung24.com","robots":{"index":"index","follow":"follow","max-snippet":"max-snippet:-1","max-image-preview":"max-image-preview:large","max-video-preview":"max-video-preview:-1"},"canonical":"https:\/\/www.versiegelung24.com\/sk\/tesnenie-autoskiel-v-profesionalnej-kvalite.html","og_locale":"sk_SK","og_type":"article","og_title":"Tesnenie autoskiel v profesion\u00e1lnej kvalite","og_description":"Vysoko \u00fa\u010dinn\u00e9 tesnenie pre autoskl\u00e1 a karavany: \u2713 Profesion\u00e1lna kvalita \u2713 Prekonajte zimu takmer bez \u0161krabancov \u2713 V\u00fdrazne lep\u0161ia vidite\u013enos\u0165 v zlom po\u010das\u00ed \u2713 Od r\u00fdchlosti cca 70 km\/h sa d\u00e1\u017e\u010f val\u00ed po\u010das jazdy aj bez stiera\u010dov a zabezpe\u010duje vo\u013en\u00fd v\u00fdh\u013ead","og_url":"https:\/\/www.versiegelung24.com\/sk\/tesnenie-autoskiel-v-profesionalnej-kvalite.html","og_site_name":"versiegelung24.com","article_modified_time":"2025-01-03T22:39:51+00:00","og_image":[{"width":2560,"height":2560,"url":"https:\/\/www.versiegelung24.com\/wp-content\/uploads\/2020\/06\/produkt-1002-7601-1000-Autoglasversiegelung-scaled.jpg","type":"image\/jpeg"}],"twitter_card":"summary_large_image","twitter_misc":{"Dostupnos\u0165":"Na sklade"},"schema":{"@context":"https:\/\/schema.org","@graph":[{"@type":"WebPage","@id":"https:\/\/www.versiegelung24.com\/sk\/tesnenie-autoskiel-v-profesionalnej-kvalite.html","url":"https:\/\/www.versiegelung24.com\/sk\/tesnenie-autoskiel-v-profesionalnej-kvalite.html","name":"Tesnenie autoskiel v profesion\u00e1lnej kvalite - versiegelung24.com","isPartOf":{"@id":"https:\/\/www.versiegelung24.com\/sk\/#website"},"primaryImageOfPage":{"@id":"https:\/\/www.versiegelung24.com\/sk\/tesnenie-autoskiel-v-profesionalnej-kvalite.html#primaryimage"},"image":{"@id":"https:\/\/www.versiegelung24.com\/sk\/tesnenie-autoskiel-v-profesionalnej-kvalite.html#primaryimage"},"thumbnailUrl":"https:\/\/www.versiegelung24.com\/wp-content\/uploads\/2020\/06\/produkt-1002-7601-1000-Autoglasversiegelung-scaled.jpg","datePublished":"2020-04-04T16:53:13+00:00","dateModified":"2025-01-03T22:39:51+00:00","breadcrumb":{"@id":"https:\/\/www.versiegelung24.com\/sk\/tesnenie-autoskiel-v-profesionalnej-kvalite.html#breadcrumb"},"inLanguage":"sk-SK","potentialAction":[{"@type":"ReadAction","target":["https:\/\/www.versiegelung24.com\/sk\/tesnenie-autoskiel-v-profesionalnej-kvalite.html"]}]},{"@type":"ImageObject","inLanguage":"sk-SK","@id":"https:\/\/www.versiegelung24.com\/sk\/tesnenie-autoskiel-v-profesionalnej-kvalite.html#primaryimage","url":"https:\/\/www.versiegelung24.com\/wp-content\/uploads\/2020\/06\/produkt-1002-7601-1000-Autoglasversiegelung-scaled.jpg","contentUrl":"https:\/\/www.versiegelung24.com\/wp-content\/uploads\/2020\/06\/produkt-1002-7601-1000-Autoglasversiegelung-scaled.jpg","width":2560,"height":2560},{"@type":"BreadcrumbList","@id":"https:\/\/www.versiegelung24.com\/sk\/tesnenie-autoskiel-v-profesionalnej-kvalite.html#breadcrumb","itemListElement":[{"@type":"ListItem","position":1,"name":"\u00davodn\u00e1 str\u00e1nka","item":"https:\/\/www.versiegelung24.com\/sk\/predna-strana\/"},{"@type":"ListItem","position":2,"name":"Obchod","item":"https:\/\/www.versiegelung24.com\/sk\/obchod\/"},{"@type":"ListItem","position":3,"name":"Tesnenie autoskiel v profesion\u00e1lnej kvalite"}]},{"@type":"WebSite","@id":"https:\/\/www.versiegelung24.com\/sk\/#website","url":"https:\/\/www.versiegelung24.com\/sk\/","name":"versiegelung24.com","description":"Fl\u00fcssigglas-Versiegelung - Made in Germany","publisher":{"@id":"https:\/\/www.versiegelung24.com\/sk\/#organization"},"potentialAction":[{"@type":"SearchAction","target":{"@type":"EntryPoint","urlTemplate":"https:\/\/www.versiegelung24.com\/sk\/?s={search_term_string}"},"query-input":{"@type":"PropertyValueSpecification","valueRequired":true,"valueName":"search_term_string"}}],"inLanguage":"sk-SK"},{"@type":"Organization","@id":"https:\/\/www.versiegelung24.com\/sk\/#organization","name":"versiegelung24","url":"https:\/\/www.versiegelung24.com\/sk\/","logo":{"@type":"ImageObject","inLanguage":"sk-SK","@id":"https:\/\/www.versiegelung24.com\/sk\/#\/schema\/logo\/image\/","url":"https:\/\/www.versiegelung24.com\/wp-content\/uploads\/2020\/04\/versiegelung24.png","contentUrl":"https:\/\/www.versiegelung24.com\/wp-content\/uploads\/2020\/04\/versiegelung24.png","width":470,"height":102,"caption":"versiegelung24"},"image":{"@id":"https:\/\/www.versiegelung24.com\/sk\/#\/schema\/logo\/image\/"}}]},"og_availability":"instock","product_availability":"instock","product_retailer_item_id":"1002-7601","product_condition":"new"},"_links":{"self":[{"href":"https:\/\/www.versiegelung24.com\/sk\/wp-json\/wp\/v2\/product\/22820","targetHints":{"allow":["GET"]}}],"collection":[{"href":"https:\/\/www.versiegelung24.com\/sk\/wp-json\/wp\/v2\/product"}],"about":[{"href":"https:\/\/www.versiegelung24.com\/sk\/wp-json\/wp\/v2\/types\/product"}],"version-history":[{"count":16,"href":"https:\/\/www.versiegelung24.com\/sk\/wp-json\/wp\/v2\/product\/22820\/revisions"}],"predecessor-version":[{"id":177533,"href":"https:\/\/www.versiegelung24.com\/sk\/wp-json\/wp\/v2\/product\/22820\/revisions\/177533"}],"wp:featuredmedia":[{"embeddable":true,"href":"https:\/\/www.versiegelung24.com\/sk\/wp-json\/wp\/v2\/media\/17626"}],"wp:attachment":[{"href":"https:\/\/www.versiegelung24.com\/sk\/wp-json\/wp\/v2\/media?parent=22820"}],"wp:term":[{"taxonomy":"product_brand","embeddable":true,"href":"https:\/\/www.versiegelung24.com\/sk\/wp-json\/wp\/v2\/product_brand?post=22820"},{"taxonomy":"product_cat","embeddable":true,"href":"https:\/\/www.versiegelung24.com\/sk\/wp-json\/wp\/v2\/product_cat?post=22820"},{"taxonomy":"product_tag","embeddable":true,"href":"https:\/\/www.versiegelung24.com\/sk\/wp-json\/wp\/v2\/product_tag?post=22820"}],"curies":[{"name":"wp","href":"https:\/\/api.w.org\/{rel}","templated":true}]}}