{"id":22906,"date":"2020-04-04T18:53:18","date_gmt":"2021-08-02T19:07:16","guid":{"rendered":"https:\/\/www.versiegelung24.com\/produkt\/bacoban-dlhodobe-povrchove-dezinfekcne-obrusky-50-kusov-v-plochom-baleni"},"modified":"2025-01-13T16:38:04","modified_gmt":"2025-01-13T15:38:04","slug":"bacoban-dlho-povrchovo-dezinfekcne-utierky-50-kusov-v-plochom-baleni-utierke-format-180-x-200mm","status":"publish","type":"product","link":"https:\/\/www.versiegelung24.com\/sk\/bacoban-dlho-povrchovo-dezinfekcne-utierky-50-kusov-v-plochom-baleni-utierke-format-180-x-200mm.html","title":{"rendered":"BACOBAN\u00ae utierky na dlhodob\u00fa povrchov\u00fa dezinfekciu, 50 kusov v plochom balen\u00ed"},"content":{"rendered":"\n<p>Vlh\u010den\u00e9 obr\u00fasky pripraven\u00e9 na pou\u017eitie na dezinfekciu povrchov odoln\u00fdch vo\u010di alkoholu<\/p>\n\n<hr \/>\n\n<h4 class=\"wp-block-heading\" id=\"properties\">Vlastnosti produktu<\/h4>\n\n<div class=\"wp-block-columns is-layout-flex wp-container-core-columns-is-layout-9d6595d7 wp-block-columns-is-layout-flex\">\n<div class=\"wp-block-column is-layout-flow wp-block-column-is-layout-flow\">\n<ul class=\"wp-block-list\">\n<li><br \/>Trval\u00fd antimikrobi\u00e1lny \u00fa\u010dinok (remanen\u010dn\u00fd \u00fa\u010dinok) a\u017e 10 dn\u00ed<\/li>\n\n\n\n<li>\u00fa\u010dinn\u00fd proti koronav\u00edrusu<\/li>\n\n\n\n<li>ve\u013emi dobr\u00e1 zn\u00e1\u0161anlivos\u0165 s poko\u017ekou<\/li>\n\n\n\n<li>vysok\u00fd \u010distiaci \u00fa\u010dinok<\/li>\n\n\n\n<li>Praktick\u00e1 aplik\u00e1cia testovan\u00e1 v 4-po\u013eovom teste<\/li>\n<\/ul>\n<\/div>\n\n\n\n<div class=\"wp-block-column is-layout-flow wp-block-column-is-layout-flow\">\n<h3 class=\"wp-block-heading\" id=\"zusammensetzung\">zlo\u017eenie<\/h3>\n\n\n\n<p>100 g roztoku obsahuje:<br \/><br \/>Zlo\u017eenie pod\u013ea nariadenia (ES) \u010d. 648\/2004: menej ako 5 % kati\u00f3nov\u00fdch povrchovo akt\u00edvnych l\u00e1tok, dezinfek\u010dn\u00fd prostriedok, vonn\u00e1 l\u00e1tka. Bez formaldehydu, bez fenolu.<\/p>\n<\/div>\n<\/div>\n\n<hr \/>\n\n<h4 class=\"wp-block-heading\" id=\"application\">Aplik\u00e1cia<\/h4>\n\n<p><strong>Bacoban<\/strong> <sup>\u00ae<\/sup> <strong>DL<\/strong> je roztok na vodnej b\u00e1ze pripraven\u00fd na pou\u017eitie na povrchov\u00fa dezinfekciu a \u010distenie s trval\u00fdm, antimikrobi\u00e1lnym \u00fa\u010dinkom (rezidu\u00e1lny efekt).<\/p>\n\n<h3 class=\"wp-block-heading\" id=\"gebrauch\">pou\u017e\u00edva\u0165<\/h3>\n\n<p>Odstr\u00e1\u0148te handri\u010dku <strong>Bacoban<\/strong> <sup>\u00ae<\/sup> <strong>DL<\/strong> pripraven\u00fa na pou\u017eitie a tekutinu rovnomerne rozotrite po povrchu. Potom nechajte vyschn\u00fa\u0165. Neoplachujte ani neutierajte dosucha.<\/p>\n\n<figure class=\"wp-block-table\"><table><tbody><tr><td>\u00fa\u010dinnos\u0165<\/td><\/tr><tr><td>Testovanie pod\u013ea smern\u00edc DVV \/ RKI<\/td><td>Doba vystavenia<\/td><\/tr><tr><td><br \/>Obmedzen\u00e1 viruc\u00eddnos\u0165 (obalen\u00e9 v\u00edrusy vr\u00e1tane <strong>koronav\u00edrusu<\/strong>, HIV, HBV, HCV, chr\u00edpky, herpesu, v\u00edrusu Ebola&#8230;.)<\/td><td>5 min<\/td><\/tr><tr><td>Rotav\u00edrus<\/td><td>5 min<\/td><\/tr><tr><td>Norov\u00edrus<\/td><td>30 min<\/td><\/tr><tr><td>Papilomav\u00edrus (HPV)<\/td><td>60 min<\/td><\/tr><tr><td>Testovanie pod\u013ea smernice DGHM (s mechanikou, vysok\u00e9 za\u0165a\u017eenie)<\/td><\/tr><tr><td>bakteric\u00eddne a ysticidn\u00e9<\/td><td>5 min<\/td><\/tr><tr><td>Normy EN<\/td><\/tr><tr><td>EN 1040 (bakteric\u00eddny)<\/td><td>5 min<\/td><\/tr><tr><td>EN 1275 (kyselina)<\/td><td>5 min<\/td><\/tr><tr><td>EN 1276 (bakteric\u00eddny)<\/td><td>5 min<\/td><\/tr><tr><td>EN 13727 (bakteric\u00eddny)<\/td><td>5 min<\/td><\/tr><tr><td>EN 13624 (kysl\u00e9, fungic\u00eddne)<\/td><td>5 min<\/td><\/tr><tr><td>EN 1650 (kyselina)<\/td><td>5 min<\/td><\/tr><tr><td>EN 13697 (bakteric\u00eddny)<\/td><td>5 min<\/td><\/tr><tr><td>EN 14561 (bakteric\u00eddny)<\/td><td>60 min<\/td><\/tr><tr><td>EN 14562 (kyslostn\u00e9)<\/td><td>60 min<\/td><\/tr><tr><td>EN 16615 (bakteric\u00eddny, ysticidn\u00fd) (4-po\u013eov\u00fd test)<\/td><td>5 min<\/td><\/tr><\/tbody><\/table><\/figure>\n\n<hr \/>\n\n<h4 class=\"wp-block-heading\" id=\"advisor\">Poradca<\/h4>\n\n<h3 class=\"wp-block-heading\" id=\"lagerung\">skladovanie<\/h3>\n\n<p><strong>Bacoban<\/strong><sup> \u00ae<\/sup><strong> DL<\/strong> skladujte pri +5 a\u017e + 25 \u00b0 C Chr\u00e1\u0148te pred mrazom a priamym slne\u010dn\u00fdm \u017eiaren\u00edm.<\/p>\n\n<h3 class=\"wp-block-heading\" id=\"gutachten\">Pos\u00fadenie<\/h3>\n\n<p>Na\u0161e v\u00fdrobky boli podroben\u00e9 rozsiahlym testom. Na po\u017eiadanie v\u00e1m radi poskytneme na\u0161e mikrobiologick\u00e9 a dermatologick\u00e9 spr\u00e1vy.<\/p>\n\n<h3 class=\"wp-block-heading\" id=\"sicherheitshinweis\">Bezpe\u010dnostn\u00e1 pozn\u00e1mka<\/h3>\n\n<p>Karta bezpe\u010dnostn\u00fdch \u00fadajov je k dispoz\u00edcii na po\u017eiadanie.<\/p>\n\n<p><br \/>Dlhotrvaj\u00faci antimikrobi\u00e1lny \u00fa\u010dinok <strong>(remanen\u010dn\u00fd \u00fa\u010dinok)<\/strong> a\u017e <strong>10 dn\u00ed<\/strong> (testovan\u00e9 v s\u00falade s normou ASTM E 2180). Dermatologicky testovan\u00e9 (epikut\u00e1nny test s 30 testovan\u00fdmi osobami): ve\u013emi dobr\u00e1 ko\u017en\u00e1 zn\u00e1\u0161anlivos\u0165.<\/p>\n\n<p><strong>D\u00f4le\u017eit\u00e9<\/strong> ! Antimikrobi\u00e1lny remanentn\u00fd \u00fa\u010dinok<strong> Bacoban<\/strong><sup> \u00ae<\/sup><strong> DL<\/strong> nesmie v pr\u00edpade vidite\u013en\u00e9ho a \/ alebo diskutabiln\u00e9ho zne\u010distenia vies\u0165 k vynechaniu potrebn\u00fdch dezinfek\u010dn\u00fdch opatren\u00ed!<\/p>\n\n<p><strong>Dezinfek\u010dn\u00e9 prostriedky pou\u017e\u00edvajte opatrne. Pred pou\u017eit\u00edm si v\u017edy pre\u010d\u00edtajte etiketu a inform\u00e1cie o produkte.<\/strong><\/p>\n\n<p>Biocid Reg.\u010d .: N-34071 (D), 262\/17 \/ L (Lu), PT2<\/p>\n","protected":false},"excerpt":{"rendered":"<p><strong>Vlh\u010den\u00e9 obr\u00fasky pripraven\u00e9 na pou\u017eitie na dezinfekciu povrchov<\/strong><\/p>\n","protected":false},"featured_media":176474,"template":"","meta":{"_acf_changed":false,"neve_meta_sidebar":"","neve_meta_container":"","neve_meta_enable_content_width":"","neve_meta_content_width":0,"neve_meta_title_alignment":"","neve_meta_author_avatar":"","neve_post_elements_order":"","neve_meta_disable_header":"","neve_meta_disable_footer":"","neve_meta_disable_title":"","neve_meta_reading_time":"","_surfaces":[],"_ver_product_tabs":[],"footnotes":""},"product_brand":[],"product_cat":[2381,2425],"product_tag":[],"class_list":{"0":"post-22906","1":"product","2":"type-product","3":"status-publish","4":"has-post-thumbnail","6":"product_cat-dezinfekcne-prostriedky","7":"product_cat-povrchove-dezinfekcne-prostriedky","9":"first","10":"onbackorder","11":"taxable","12":"shipping-taxable","13":"purchasable","14":"product-type-simple"},"acf":[],"yoast_head":"<!-- This site is optimized with the Yoast SEO Premium plugin v22.8 (Yoast SEO v27.5) - https:\/\/yoast.com\/product\/yoast-seo-premium-wordpress\/ -->\n<title>BACOBAN\u00ae utierky na dlhodob\u00fa povrchov\u00fa dezinfekciu, 50 kusov v plochom balen\u00ed - versiegelung24.com<\/title>\n<meta name=\"robots\" content=\"index, follow, max-snippet:-1, max-image-preview:large, max-video-preview:-1\" \/>\n<link rel=\"canonical\" href=\"https:\/\/www.versiegelung24.com\/sk\/bacoban-dlho-povrchovo-dezinfekcne-utierky-50-kusov-v-plochom-baleni-utierke-format-180-x-200mm.html\" \/>\n<meta property=\"og:locale\" content=\"sk_SK\" \/>\n<meta property=\"og:type\" content=\"article\" \/>\n<meta property=\"og:title\" content=\"BACOBAN\u00ae utierky na dlhodob\u00fa povrchov\u00fa dezinfekciu, 50 kusov v plochom balen\u00ed\" \/>\n<meta property=\"og:description\" content=\"Vlh\u010den\u00e9 obr\u00fasky pripraven\u00e9 na pou\u017eitie na dezinfekciu povrchov\" \/>\n<meta property=\"og:url\" content=\"https:\/\/www.versiegelung24.com\/sk\/bacoban-dlho-povrchovo-dezinfekcne-utierky-50-kusov-v-plochom-baleni-utierke-format-180-x-200mm.html\" \/>\n<meta property=\"og:site_name\" content=\"versiegelung24.com\" \/>\n<meta property=\"article:modified_time\" content=\"2025-01-13T15:38:04+00:00\" \/>\n<meta property=\"og:image\" content=\"https:\/\/www.versiegelung24.com\/wp-content\/uploads\/2020\/04\/bacotue-produktbild-schraeg.webp\" \/>\n\t<meta property=\"og:image:width\" content=\"2000\" \/>\n\t<meta property=\"og:image:height\" content=\"2000\" \/>\n\t<meta property=\"og:image:type\" content=\"image\/webp\" \/>\n<meta name=\"twitter:card\" content=\"summary_large_image\" \/>\n<meta name=\"twitter:label1\" content=\"Cena\" \/>\n\t<meta name=\"twitter:data1\" content=\"7,79&euro;\" \/>\n\t<meta name=\"twitter:label2\" content=\"Dostupnos\u0165\" \/>\n\t<meta name=\"twitter:data2\" content=\"Na objedn\u00e1vku\" \/>\n<script type=\"application\/ld+json\" class=\"yoast-schema-graph\">{\"@context\":\"https:\\\/\\\/schema.org\",\"@graph\":[{\"@type\":\"WebPage\",\"@id\":\"https:\\\/\\\/www.versiegelung24.com\\\/sk\\\/bacoban-dlho-povrchovo-dezinfekcne-utierky-50-kusov-v-plochom-baleni-utierke-format-180-x-200mm.html\",\"url\":\"https:\\\/\\\/www.versiegelung24.com\\\/sk\\\/bacoban-dlho-povrchovo-dezinfekcne-utierky-50-kusov-v-plochom-baleni-utierke-format-180-x-200mm.html\",\"name\":\"BACOBAN\u00ae utierky na dlhodob\u00fa povrchov\u00fa dezinfekciu, 50 kusov v plochom balen\u00ed - versiegelung24.com\",\"isPartOf\":{\"@id\":\"https:\\\/\\\/www.versiegelung24.com\\\/sk\\\/#website\"},\"primaryImageOfPage\":{\"@id\":\"https:\\\/\\\/www.versiegelung24.com\\\/sk\\\/bacoban-dlho-povrchovo-dezinfekcne-utierky-50-kusov-v-plochom-baleni-utierke-format-180-x-200mm.html#primaryimage\"},\"image\":{\"@id\":\"https:\\\/\\\/www.versiegelung24.com\\\/sk\\\/bacoban-dlho-povrchovo-dezinfekcne-utierky-50-kusov-v-plochom-baleni-utierke-format-180-x-200mm.html#primaryimage\"},\"thumbnailUrl\":\"https:\\\/\\\/www.versiegelung24.com\\\/wp-content\\\/uploads\\\/2020\\\/04\\\/bacotue-produktbild-schraeg.webp\",\"datePublished\":\"2021-08-02T19:07:16+00:00\",\"dateModified\":\"2025-01-13T15:38:04+00:00\",\"breadcrumb\":{\"@id\":\"https:\\\/\\\/www.versiegelung24.com\\\/sk\\\/bacoban-dlho-povrchovo-dezinfekcne-utierky-50-kusov-v-plochom-baleni-utierke-format-180-x-200mm.html#breadcrumb\"},\"inLanguage\":\"sk-SK\",\"potentialAction\":[{\"@type\":\"ReadAction\",\"target\":[\"https:\\\/\\\/www.versiegelung24.com\\\/sk\\\/bacoban-dlho-povrchovo-dezinfekcne-utierky-50-kusov-v-plochom-baleni-utierke-format-180-x-200mm.html\"]}]},{\"@type\":\"ImageObject\",\"inLanguage\":\"sk-SK\",\"@id\":\"https:\\\/\\\/www.versiegelung24.com\\\/sk\\\/bacoban-dlho-povrchovo-dezinfekcne-utierky-50-kusov-v-plochom-baleni-utierke-format-180-x-200mm.html#primaryimage\",\"url\":\"https:\\\/\\\/www.versiegelung24.com\\\/wp-content\\\/uploads\\\/2020\\\/04\\\/bacotue-produktbild-schraeg.webp\",\"contentUrl\":\"https:\\\/\\\/www.versiegelung24.com\\\/wp-content\\\/uploads\\\/2020\\\/04\\\/bacotue-produktbild-schraeg.webp\",\"width\":2000,\"height\":2000},{\"@type\":\"BreadcrumbList\",\"@id\":\"https:\\\/\\\/www.versiegelung24.com\\\/sk\\\/bacoban-dlho-povrchovo-dezinfekcne-utierky-50-kusov-v-plochom-baleni-utierke-format-180-x-200mm.html#breadcrumb\",\"itemListElement\":[{\"@type\":\"ListItem\",\"position\":1,\"name\":\"\u00davodn\u00e1 str\u00e1nka\",\"item\":\"https:\\\/\\\/www.versiegelung24.com\\\/sk\\\/predna-strana\\\/\"},{\"@type\":\"ListItem\",\"position\":2,\"name\":\"Obchod\",\"item\":\"https:\\\/\\\/www.versiegelung24.com\\\/sk\\\/obchod\\\/\"},{\"@type\":\"ListItem\",\"position\":3,\"name\":\"BACOBAN\u00ae utierky na dlhodob\u00fa povrchov\u00fa dezinfekciu, 50 kusov v plochom balen\u00ed\"}]},{\"@type\":\"WebSite\",\"@id\":\"https:\\\/\\\/www.versiegelung24.com\\\/sk\\\/#website\",\"url\":\"https:\\\/\\\/www.versiegelung24.com\\\/sk\\\/\",\"name\":\"versiegelung24.com\",\"description\":\"Fl\u00fcssigglas-Versiegelung - Made in Germany\",\"publisher\":{\"@id\":\"https:\\\/\\\/www.versiegelung24.com\\\/sk\\\/#organization\"},\"potentialAction\":[{\"@type\":\"SearchAction\",\"target\":{\"@type\":\"EntryPoint\",\"urlTemplate\":\"https:\\\/\\\/www.versiegelung24.com\\\/sk\\\/?s={search_term_string}\"},\"query-input\":{\"@type\":\"PropertyValueSpecification\",\"valueRequired\":true,\"valueName\":\"search_term_string\"}}],\"inLanguage\":\"sk-SK\"},{\"@type\":\"Organization\",\"@id\":\"https:\\\/\\\/www.versiegelung24.com\\\/sk\\\/#organization\",\"name\":\"versiegelung24\",\"url\":\"https:\\\/\\\/www.versiegelung24.com\\\/sk\\\/\",\"logo\":{\"@type\":\"ImageObject\",\"inLanguage\":\"sk-SK\",\"@id\":\"https:\\\/\\\/www.versiegelung24.com\\\/sk\\\/#\\\/schema\\\/logo\\\/image\\\/\",\"url\":\"https:\\\/\\\/www.versiegelung24.com\\\/wp-content\\\/uploads\\\/2020\\\/04\\\/versiegelung24.png\",\"contentUrl\":\"https:\\\/\\\/www.versiegelung24.com\\\/wp-content\\\/uploads\\\/2020\\\/04\\\/versiegelung24.png\",\"width\":470,\"height\":102,\"caption\":\"versiegelung24\"},\"image\":{\"@id\":\"https:\\\/\\\/www.versiegelung24.com\\\/sk\\\/#\\\/schema\\\/logo\\\/image\\\/\"}}]}<\/script>\n<meta property=\"product:price:amount\" content=\"7.79\" \/>\n<meta property=\"product:price:currency\" content=\"EUR\" \/>\n<meta property=\"og:availability\" content=\"backorder\" \/>\n<meta property=\"product:availability\" content=\"available for order\" \/>\n<meta property=\"product:retailer_item_id\" content=\"BACTUE\" \/>\n<meta property=\"product:condition\" content=\"new\" \/>\n<!-- \/ Yoast SEO Premium plugin. -->","yoast_head_json":{"title":"BACOBAN\u00ae utierky na dlhodob\u00fa povrchov\u00fa dezinfekciu, 50 kusov v plochom balen\u00ed - versiegelung24.com","robots":{"index":"index","follow":"follow","max-snippet":"max-snippet:-1","max-image-preview":"max-image-preview:large","max-video-preview":"max-video-preview:-1"},"canonical":"https:\/\/www.versiegelung24.com\/sk\/bacoban-dlho-povrchovo-dezinfekcne-utierky-50-kusov-v-plochom-baleni-utierke-format-180-x-200mm.html","og_locale":"sk_SK","og_type":"article","og_title":"BACOBAN\u00ae utierky na dlhodob\u00fa povrchov\u00fa dezinfekciu, 50 kusov v plochom balen\u00ed","og_description":"Vlh\u010den\u00e9 obr\u00fasky pripraven\u00e9 na pou\u017eitie na dezinfekciu povrchov","og_url":"https:\/\/www.versiegelung24.com\/sk\/bacoban-dlho-povrchovo-dezinfekcne-utierky-50-kusov-v-plochom-baleni-utierke-format-180-x-200mm.html","og_site_name":"versiegelung24.com","article_modified_time":"2025-01-13T15:38:04+00:00","og_image":[{"width":2000,"height":2000,"url":"https:\/\/www.versiegelung24.com\/wp-content\/uploads\/2020\/04\/bacotue-produktbild-schraeg.webp","type":"image\/webp"}],"twitter_card":"summary_large_image","twitter_misc":{"Cena":"7,79&euro;","Dostupnos\u0165":"Na objedn\u00e1vku"},"schema":{"@context":"https:\/\/schema.org","@graph":[{"@type":"WebPage","@id":"https:\/\/www.versiegelung24.com\/sk\/bacoban-dlho-povrchovo-dezinfekcne-utierky-50-kusov-v-plochom-baleni-utierke-format-180-x-200mm.html","url":"https:\/\/www.versiegelung24.com\/sk\/bacoban-dlho-povrchovo-dezinfekcne-utierky-50-kusov-v-plochom-baleni-utierke-format-180-x-200mm.html","name":"BACOBAN\u00ae utierky na dlhodob\u00fa povrchov\u00fa dezinfekciu, 50 kusov v plochom balen\u00ed - versiegelung24.com","isPartOf":{"@id":"https:\/\/www.versiegelung24.com\/sk\/#website"},"primaryImageOfPage":{"@id":"https:\/\/www.versiegelung24.com\/sk\/bacoban-dlho-povrchovo-dezinfekcne-utierky-50-kusov-v-plochom-baleni-utierke-format-180-x-200mm.html#primaryimage"},"image":{"@id":"https:\/\/www.versiegelung24.com\/sk\/bacoban-dlho-povrchovo-dezinfekcne-utierky-50-kusov-v-plochom-baleni-utierke-format-180-x-200mm.html#primaryimage"},"thumbnailUrl":"https:\/\/www.versiegelung24.com\/wp-content\/uploads\/2020\/04\/bacotue-produktbild-schraeg.webp","datePublished":"2021-08-02T19:07:16+00:00","dateModified":"2025-01-13T15:38:04+00:00","breadcrumb":{"@id":"https:\/\/www.versiegelung24.com\/sk\/bacoban-dlho-povrchovo-dezinfekcne-utierky-50-kusov-v-plochom-baleni-utierke-format-180-x-200mm.html#breadcrumb"},"inLanguage":"sk-SK","potentialAction":[{"@type":"ReadAction","target":["https:\/\/www.versiegelung24.com\/sk\/bacoban-dlho-povrchovo-dezinfekcne-utierky-50-kusov-v-plochom-baleni-utierke-format-180-x-200mm.html"]}]},{"@type":"ImageObject","inLanguage":"sk-SK","@id":"https:\/\/www.versiegelung24.com\/sk\/bacoban-dlho-povrchovo-dezinfekcne-utierky-50-kusov-v-plochom-baleni-utierke-format-180-x-200mm.html#primaryimage","url":"https:\/\/www.versiegelung24.com\/wp-content\/uploads\/2020\/04\/bacotue-produktbild-schraeg.webp","contentUrl":"https:\/\/www.versiegelung24.com\/wp-content\/uploads\/2020\/04\/bacotue-produktbild-schraeg.webp","width":2000,"height":2000},{"@type":"BreadcrumbList","@id":"https:\/\/www.versiegelung24.com\/sk\/bacoban-dlho-povrchovo-dezinfekcne-utierky-50-kusov-v-plochom-baleni-utierke-format-180-x-200mm.html#breadcrumb","itemListElement":[{"@type":"ListItem","position":1,"name":"\u00davodn\u00e1 str\u00e1nka","item":"https:\/\/www.versiegelung24.com\/sk\/predna-strana\/"},{"@type":"ListItem","position":2,"name":"Obchod","item":"https:\/\/www.versiegelung24.com\/sk\/obchod\/"},{"@type":"ListItem","position":3,"name":"BACOBAN\u00ae utierky na dlhodob\u00fa povrchov\u00fa dezinfekciu, 50 kusov v plochom balen\u00ed"}]},{"@type":"WebSite","@id":"https:\/\/www.versiegelung24.com\/sk\/#website","url":"https:\/\/www.versiegelung24.com\/sk\/","name":"versiegelung24.com","description":"Fl\u00fcssigglas-Versiegelung - Made in Germany","publisher":{"@id":"https:\/\/www.versiegelung24.com\/sk\/#organization"},"potentialAction":[{"@type":"SearchAction","target":{"@type":"EntryPoint","urlTemplate":"https:\/\/www.versiegelung24.com\/sk\/?s={search_term_string}"},"query-input":{"@type":"PropertyValueSpecification","valueRequired":true,"valueName":"search_term_string"}}],"inLanguage":"sk-SK"},{"@type":"Organization","@id":"https:\/\/www.versiegelung24.com\/sk\/#organization","name":"versiegelung24","url":"https:\/\/www.versiegelung24.com\/sk\/","logo":{"@type":"ImageObject","inLanguage":"sk-SK","@id":"https:\/\/www.versiegelung24.com\/sk\/#\/schema\/logo\/image\/","url":"https:\/\/www.versiegelung24.com\/wp-content\/uploads\/2020\/04\/versiegelung24.png","contentUrl":"https:\/\/www.versiegelung24.com\/wp-content\/uploads\/2020\/04\/versiegelung24.png","width":470,"height":102,"caption":"versiegelung24"},"image":{"@id":"https:\/\/www.versiegelung24.com\/sk\/#\/schema\/logo\/image\/"}}]},"product_price_amount":"7.79","product_price_currency":"EUR","og_availability":"backorder","product_availability":"available for order","product_retailer_item_id":"BACTUE","product_condition":"new"},"_links":{"self":[{"href":"https:\/\/www.versiegelung24.com\/sk\/wp-json\/wp\/v2\/product\/22906","targetHints":{"allow":["GET"]}}],"collection":[{"href":"https:\/\/www.versiegelung24.com\/sk\/wp-json\/wp\/v2\/product"}],"about":[{"href":"https:\/\/www.versiegelung24.com\/sk\/wp-json\/wp\/v2\/types\/product"}],"version-history":[{"count":16,"href":"https:\/\/www.versiegelung24.com\/sk\/wp-json\/wp\/v2\/product\/22906\/revisions"}],"predecessor-version":[{"id":180570,"href":"https:\/\/www.versiegelung24.com\/sk\/wp-json\/wp\/v2\/product\/22906\/revisions\/180570"}],"wp:featuredmedia":[{"embeddable":true,"href":"https:\/\/www.versiegelung24.com\/sk\/wp-json\/wp\/v2\/media\/176474"}],"wp:attachment":[{"href":"https:\/\/www.versiegelung24.com\/sk\/wp-json\/wp\/v2\/media?parent=22906"}],"wp:term":[{"taxonomy":"product_brand","embeddable":true,"href":"https:\/\/www.versiegelung24.com\/sk\/wp-json\/wp\/v2\/product_brand?post=22906"},{"taxonomy":"product_cat","embeddable":true,"href":"https:\/\/www.versiegelung24.com\/sk\/wp-json\/wp\/v2\/product_cat?post=22906"},{"taxonomy":"product_tag","embeddable":true,"href":"https:\/\/www.versiegelung24.com\/sk\/wp-json\/wp\/v2\/product_tag?post=22906"}],"curies":[{"name":"wp","href":"https:\/\/api.w.org\/{rel}","templated":true}]}}