{"id":22934,"date":"2020-04-04T18:53:11","date_gmt":"2021-08-02T19:08:22","guid":{"rendered":"https:\/\/www.versiegelung24.com\/produkt\/textilne-tesnenie-v-profesionalnej-kvalite"},"modified":"2025-01-03T23:26:02","modified_gmt":"2025-01-03T22:26:02","slug":"tesnenie-textilu-v-profesionalnej-kvalite","status":"publish","type":"product","link":"https:\/\/www.versiegelung24.com\/sk\/tesnenie-textilu-v-profesionalnej-kvalite.html","title":{"rendered":"Rapid Tex &#8211; textiln\u00e9 tesnenie v profesion\u00e1lnej kvalite"},"content":{"rendered":"\n<p><strong>Profesion\u00e1lne textiln\u00e9 tesnenie s lotosov\u00fdm efektom (vodoodpudivos\u0165) pre vn\u00fatorn\u00e9 aj vonkaj\u0161ie pou\u017eitie<\/strong><\/p>\n\n<p>Vysok\u00e1 kvalita Made in Germany.<\/p>\n\n<hr\/>\n\n<h4 class=\"wp-block-heading\" id=\"properties\">Vlastnosti produktu<\/h4>\n\n<div class=\"wp-block-columns is-layout-flex wp-container-core-columns-is-layout-9d6595d7 wp-block-columns-is-layout-flex\">\n<div class=\"wp-block-column is-layout-flow wp-block-column-is-layout-flow\">\n<ul class=\"wp-block-list\">\n<li>Siln\u00fd hydrof\u00f3bny a oleof\u00f3bny \u00fa\u010dinok (odpudzuje vodu a olej)<\/li>\n\n\n\n<li>Vynikaj\u00faci \u013eahko \u010distite\u013en\u00fd efekt<\/li>\n\n\n\n<li>Ne\u010distoty sa daj\u00fa \u013eahko odstr\u00e1ni\u0165 vlhkou handri\u010dkou<\/li>\n\n\n\n<li>Priedu\u0161n\u00e1<\/li>\n\n\n\n<li>Nevidite\u013en\u00fd (\u017eiadna zmena vzh\u013eadu a dojmu)<\/li>\n\n\n\n<li>Siln\u00e9 nepri\u013enav\u00e9 vlastnosti<\/li>\n\n\n\n<li>Ochrana pred \u0161kvrnami<\/li>\n\n\n\n<li>Zni\u017euje pou\u017e\u00edvanie chemick\u00fdch \u010distiacich prostriedkov<\/li>\n<\/ul>\n<\/div>\n\n\n\n<div class=\"wp-block-column is-layout-flow wp-block-column-is-layout-flow\">\n<ul id=\"block-f0be9b0c-a029-4c3c-a6e1-740fba50b471\" class=\"wp-block-list\">\n<li>Zvy\u0161uje odolnos\u0165 proti opotrebovaniu<\/li>\n\n\n\n<li>\u017diadne zhor\u0161enie vzh\u013eadu<\/li>\n\n\n\n<li>Nanotechnol\u00f3gia SiO\u00b2<\/li>\n\n\n\n<li>Ochrana vl\u00e1kien pred prienikom \u010dast\u00edc ne\u010dist\u00f4t<\/li>\n\n\n\n<li>Jednoduch\u00e1 aplik\u00e1cia<\/li>\n\n\n\n<li>Dlh\u00e1 \u017eivotnos\u0165 v z\u00e1vislosti od mechanick\u00e9ho nam\u00e1hania<\/li>\n<\/ul>\n\n\n\n<p><br\/><br\/>Rozsah dod\u00e1vky: 1 x litrov\u00e1 f\u013ea\u0161a 1 x rozpra\u0161ovacia hlavica<br\/><\/p>\n<\/div>\n<\/div>\n\n<hr\/>\n\n<h4 class=\"wp-block-heading\" id=\"application\">Aplik\u00e1cia<\/h4>\n\n<div class=\"wp-block-columns is-layout-flex wp-container-core-columns-is-layout-9d6595d7 wp-block-columns-is-layout-flex\">\n<div class=\"wp-block-column is-layout-flow wp-block-column-is-layout-flow\">\n<ul class=\"wp-block-list\">\n<li>oble\u010denie<\/li>\n\n\n\n<li>Bytov\u00fd textil (\u010dal\u00fanenie, n\u00e1bytok, koberce)<\/li>\n\n\n\n<li>Semi\u0161ov\u00e1 ko\u017ea<\/li>\n\n\n\n<li>Papierov\u00fd kart\u00f3n<\/li>\n<\/ul>\n\n\n\n<p>Spotreba do zna\u010dnej miery z\u00e1vis\u00ed od \u0161trukt\u00fary, nasiakavosti a hr\u00fabky materi\u00e1lu, ktor\u00fd m\u00e1 by\u0165 natret\u00fd, pribli\u017ene 10-50 m\u00b2 \/ liter (pribli\u017ene 10 ml \/ m\u00b2 na mm hr\u00fabky v z\u00e1vislosti od nasiakavosti).<\/p>\n<\/div>\n\n\n\n<div class=\"wp-block-column is-layout-flow wp-block-column-is-layout-flow\">\n<p><em>Upozornenie: Pe\u010da\u0165 bola vyvinut\u00e1 pre textil, ktor\u00fd sa nikdy alebo len m\u00e1lo perie. Trvanlivos\u0165 tesnenia na oble\u010den\u00ed, ktor\u00e9 sa pravidelne perie, je a\u017e 5 pran\u00ed, max. 30 \u00b0 C a pranie iba vodou, bez pracieho prostriedku.<\/em><\/p>\n\n\n\n<p><br\/><br\/>Jednoduch\u00e1 aplik\u00e1cia: 1. Nastriekajte na \u010dist\u00fd povrch. 3. Nechajte zaschn\u00fa\u0165 a vstreba\u0165 12 hod\u00edn &#8211; hotovo<\/p>\n\n\n\n<p>Trvanlivos\u0165: a\u017e 1-5 rokov (v z\u00e1vislosti od text\u00edlie)<\/p>\n<\/div>\n<\/div>\n\n<p><strong>Vhodn\u00e9 pre:<\/strong><br\/>Na \u010dal\u00fanen\u00fd n\u00e1bytok, matrace, l\u00e1tkov\u00e9 po\u0165ahy, autoseda\u010dky, stany, vo\u013eno\u010dasov\u00e9 a pracovn\u00e9 odevy, obleky, ko\u0161ele, kravaty, mark\u00edzy, bytov\u00fd textil, bundy, semi\u0161 (len ak nebol predt\u00fdm natret\u00fd), dobrodru\u017en\u00e9 oble\u010denie, aktovky, anoraky, obleky, vrchn\u00e1 \u010das\u0165 auta, bavlna, z\u00e1clony, l\u00e1tkov\u00e9 rukavice, textiln\u00e9 \u017eal\u00fazie, detsk\u00e9 seda\u010dky, ko\u010d\u00edky, vank\u00fa\u0161e, l\u00e1tkov\u00e9 kost\u00fdmy, l\u00e1tkov\u00e9 lamely, nappa ko\u017ea, kab\u00e1ty, klob\u00faky, m\u00e4kk\u00e9 hra\u010dky, batohy, bundy, hodv\u00e1b, slne\u010dn\u00edky, l\u00e1tkov\u00e9 hra\u010dky, obrusy a mnoho \u010fal\u0161ieho.<\/p>\n","protected":false},"excerpt":{"rendered":"<p><strong>Profesion\u00e1lne textiln\u00e9 tesnenie:<\/strong><\/p>\n<p>\u2713 S lotosov\u00fdm efektom (vodoodpudivos\u0165)<\/p>\n<p>\u2713 Na vn\u00fatorn\u00e9 aj vonkaj\u0161ie pou\u017eitie<\/p>\n","protected":false},"featured_media":125361,"template":"","meta":{"_acf_changed":false,"neve_meta_sidebar":"","neve_meta_container":"","neve_meta_enable_content_width":"","neve_meta_content_width":0,"neve_meta_title_alignment":"","neve_meta_author_avatar":"","neve_post_elements_order":"","neve_meta_disable_header":"","neve_meta_disable_footer":"","neve_meta_disable_title":"","neve_meta_reading_time":"","_surfaces":[],"_ver_product_tabs":[],"footnotes":""},"product_brand":[],"product_cat":[2404],"product_tag":[],"class_list":{"0":"post-22934","1":"product","2":"type-product","3":"status-publish","4":"has-post-thumbnail","6":"product_cat-tesnenie-koze-a-textilu","8":"first","9":"instock","10":"taxable","11":"shipping-taxable","12":"purchasable","13":"product-type-simple"},"acf":[],"yoast_head":"<!-- This site is optimized with the Yoast SEO Premium plugin v22.8 (Yoast SEO v27.4) - https:\/\/yoast.com\/product\/yoast-seo-premium-wordpress\/ -->\n<title>Rapid Tex - textiln\u00e9 tesnenie v profesion\u00e1lnej kvalite - versiegelung24.com<\/title>\n<meta name=\"robots\" content=\"index, follow, max-snippet:-1, max-image-preview:large, max-video-preview:-1\" \/>\n<link rel=\"canonical\" href=\"https:\/\/www.versiegelung24.com\/sk\/tesnenie-textilu-v-profesionalnej-kvalite.html\" \/>\n<meta property=\"og:locale\" content=\"sk_SK\" \/>\n<meta property=\"og:type\" content=\"article\" \/>\n<meta property=\"og:title\" content=\"Rapid Tex - textiln\u00e9 tesnenie v profesion\u00e1lnej kvalite\" \/>\n<meta property=\"og:description\" content=\"Profesion\u00e1lne textiln\u00e9 tesnenie: \u2713 S lotosov\u00fdm efektom (vodoodpudivos\u0165) \u2713 Na vn\u00fatorn\u00e9 aj vonkaj\u0161ie pou\u017eitie\" \/>\n<meta property=\"og:url\" content=\"https:\/\/www.versiegelung24.com\/sk\/tesnenie-textilu-v-profesionalnej-kvalite.html\" \/>\n<meta property=\"og:site_name\" content=\"versiegelung24.com\" \/>\n<meta property=\"article:modified_time\" content=\"2025-01-03T22:26:02+00:00\" \/>\n<meta property=\"og:image\" content=\"https:\/\/www.versiegelung24.com\/wp-content\/uploads\/2020\/04\/produkt-6000-689-1000-rapid-tex-Textilversiegelung-scaled.webp\" \/>\n\t<meta property=\"og:image:width\" content=\"2560\" \/>\n\t<meta property=\"og:image:height\" content=\"2560\" \/>\n\t<meta property=\"og:image:type\" content=\"image\/webp\" \/>\n<meta name=\"twitter:card\" content=\"summary_large_image\" \/>\n<meta name=\"twitter:label1\" content=\"Cena\" \/>\n\t<meta name=\"twitter:data1\" content=\"49,00&euro;\" \/>\n\t<meta name=\"twitter:label2\" content=\"Dostupnos\u0165\" \/>\n\t<meta name=\"twitter:data2\" content=\"Na sklade\" \/>\n<script type=\"application\/ld+json\" class=\"yoast-schema-graph\">{\"@context\":\"https:\\\/\\\/schema.org\",\"@graph\":[{\"@type\":\"WebPage\",\"@id\":\"https:\\\/\\\/www.versiegelung24.com\\\/sk\\\/tesnenie-textilu-v-profesionalnej-kvalite.html\",\"url\":\"https:\\\/\\\/www.versiegelung24.com\\\/sk\\\/tesnenie-textilu-v-profesionalnej-kvalite.html\",\"name\":\"Rapid Tex - textiln\u00e9 tesnenie v profesion\u00e1lnej kvalite - versiegelung24.com\",\"isPartOf\":{\"@id\":\"https:\\\/\\\/www.versiegelung24.com\\\/sk\\\/#website\"},\"primaryImageOfPage\":{\"@id\":\"https:\\\/\\\/www.versiegelung24.com\\\/sk\\\/tesnenie-textilu-v-profesionalnej-kvalite.html#primaryimage\"},\"image\":{\"@id\":\"https:\\\/\\\/www.versiegelung24.com\\\/sk\\\/tesnenie-textilu-v-profesionalnej-kvalite.html#primaryimage\"},\"thumbnailUrl\":\"https:\\\/\\\/www.versiegelung24.com\\\/wp-content\\\/uploads\\\/2020\\\/04\\\/produkt-6000-689-1000-rapid-tex-Textilversiegelung-scaled.webp\",\"datePublished\":\"2021-08-02T19:08:22+00:00\",\"dateModified\":\"2025-01-03T22:26:02+00:00\",\"breadcrumb\":{\"@id\":\"https:\\\/\\\/www.versiegelung24.com\\\/sk\\\/tesnenie-textilu-v-profesionalnej-kvalite.html#breadcrumb\"},\"inLanguage\":\"sk-SK\",\"potentialAction\":[{\"@type\":\"ReadAction\",\"target\":[\"https:\\\/\\\/www.versiegelung24.com\\\/sk\\\/tesnenie-textilu-v-profesionalnej-kvalite.html\"]}]},{\"@type\":\"ImageObject\",\"inLanguage\":\"sk-SK\",\"@id\":\"https:\\\/\\\/www.versiegelung24.com\\\/sk\\\/tesnenie-textilu-v-profesionalnej-kvalite.html#primaryimage\",\"url\":\"https:\\\/\\\/www.versiegelung24.com\\\/wp-content\\\/uploads\\\/2020\\\/04\\\/produkt-6000-689-1000-rapid-tex-Textilversiegelung-scaled.webp\",\"contentUrl\":\"https:\\\/\\\/www.versiegelung24.com\\\/wp-content\\\/uploads\\\/2020\\\/04\\\/produkt-6000-689-1000-rapid-tex-Textilversiegelung-scaled.webp\",\"width\":2560,\"height\":2560},{\"@type\":\"BreadcrumbList\",\"@id\":\"https:\\\/\\\/www.versiegelung24.com\\\/sk\\\/tesnenie-textilu-v-profesionalnej-kvalite.html#breadcrumb\",\"itemListElement\":[{\"@type\":\"ListItem\",\"position\":1,\"name\":\"\u00davodn\u00e1 str\u00e1nka\",\"item\":\"https:\\\/\\\/www.versiegelung24.com\\\/sk\\\/predna-strana\\\/\"},{\"@type\":\"ListItem\",\"position\":2,\"name\":\"Obchod\",\"item\":\"https:\\\/\\\/www.versiegelung24.com\\\/sk\\\/obchod\\\/\"},{\"@type\":\"ListItem\",\"position\":3,\"name\":\"Rapid Tex &#8211; textiln\u00e9 tesnenie v profesion\u00e1lnej kvalite\"}]},{\"@type\":\"WebSite\",\"@id\":\"https:\\\/\\\/www.versiegelung24.com\\\/sk\\\/#website\",\"url\":\"https:\\\/\\\/www.versiegelung24.com\\\/sk\\\/\",\"name\":\"versiegelung24.com\",\"description\":\"Fl\u00fcssigglas-Versiegelung - Made in Germany\",\"publisher\":{\"@id\":\"https:\\\/\\\/www.versiegelung24.com\\\/sk\\\/#organization\"},\"potentialAction\":[{\"@type\":\"SearchAction\",\"target\":{\"@type\":\"EntryPoint\",\"urlTemplate\":\"https:\\\/\\\/www.versiegelung24.com\\\/sk\\\/?s={search_term_string}\"},\"query-input\":{\"@type\":\"PropertyValueSpecification\",\"valueRequired\":true,\"valueName\":\"search_term_string\"}}],\"inLanguage\":\"sk-SK\"},{\"@type\":\"Organization\",\"@id\":\"https:\\\/\\\/www.versiegelung24.com\\\/sk\\\/#organization\",\"name\":\"versiegelung24\",\"url\":\"https:\\\/\\\/www.versiegelung24.com\\\/sk\\\/\",\"logo\":{\"@type\":\"ImageObject\",\"inLanguage\":\"sk-SK\",\"@id\":\"https:\\\/\\\/www.versiegelung24.com\\\/sk\\\/#\\\/schema\\\/logo\\\/image\\\/\",\"url\":\"https:\\\/\\\/www.versiegelung24.com\\\/wp-content\\\/uploads\\\/2020\\\/04\\\/versiegelung24.png\",\"contentUrl\":\"https:\\\/\\\/www.versiegelung24.com\\\/wp-content\\\/uploads\\\/2020\\\/04\\\/versiegelung24.png\",\"width\":470,\"height\":102,\"caption\":\"versiegelung24\"},\"image\":{\"@id\":\"https:\\\/\\\/www.versiegelung24.com\\\/sk\\\/#\\\/schema\\\/logo\\\/image\\\/\"}}]}<\/script>\n<meta property=\"product:price:amount\" content=\"49.00\" \/>\n<meta property=\"product:price:currency\" content=\"EUR\" \/>\n<meta property=\"og:availability\" content=\"instock\" \/>\n<meta property=\"product:availability\" content=\"instock\" \/>\n<meta property=\"product:retailer_item_id\" content=\"6000-689-1000\" \/>\n<meta property=\"product:condition\" content=\"new\" \/>\n<!-- \/ Yoast SEO Premium plugin. -->","yoast_head_json":{"title":"Rapid Tex - textiln\u00e9 tesnenie v profesion\u00e1lnej kvalite - versiegelung24.com","robots":{"index":"index","follow":"follow","max-snippet":"max-snippet:-1","max-image-preview":"max-image-preview:large","max-video-preview":"max-video-preview:-1"},"canonical":"https:\/\/www.versiegelung24.com\/sk\/tesnenie-textilu-v-profesionalnej-kvalite.html","og_locale":"sk_SK","og_type":"article","og_title":"Rapid Tex - textiln\u00e9 tesnenie v profesion\u00e1lnej kvalite","og_description":"Profesion\u00e1lne textiln\u00e9 tesnenie: \u2713 S lotosov\u00fdm efektom (vodoodpudivos\u0165) \u2713 Na vn\u00fatorn\u00e9 aj vonkaj\u0161ie pou\u017eitie","og_url":"https:\/\/www.versiegelung24.com\/sk\/tesnenie-textilu-v-profesionalnej-kvalite.html","og_site_name":"versiegelung24.com","article_modified_time":"2025-01-03T22:26:02+00:00","og_image":[{"width":2560,"height":2560,"url":"https:\/\/www.versiegelung24.com\/wp-content\/uploads\/2020\/04\/produkt-6000-689-1000-rapid-tex-Textilversiegelung-scaled.webp","type":"image\/webp"}],"twitter_card":"summary_large_image","twitter_misc":{"Cena":"49,00&euro;","Dostupnos\u0165":"Na sklade"},"schema":{"@context":"https:\/\/schema.org","@graph":[{"@type":"WebPage","@id":"https:\/\/www.versiegelung24.com\/sk\/tesnenie-textilu-v-profesionalnej-kvalite.html","url":"https:\/\/www.versiegelung24.com\/sk\/tesnenie-textilu-v-profesionalnej-kvalite.html","name":"Rapid Tex - textiln\u00e9 tesnenie v profesion\u00e1lnej kvalite - versiegelung24.com","isPartOf":{"@id":"https:\/\/www.versiegelung24.com\/sk\/#website"},"primaryImageOfPage":{"@id":"https:\/\/www.versiegelung24.com\/sk\/tesnenie-textilu-v-profesionalnej-kvalite.html#primaryimage"},"image":{"@id":"https:\/\/www.versiegelung24.com\/sk\/tesnenie-textilu-v-profesionalnej-kvalite.html#primaryimage"},"thumbnailUrl":"https:\/\/www.versiegelung24.com\/wp-content\/uploads\/2020\/04\/produkt-6000-689-1000-rapid-tex-Textilversiegelung-scaled.webp","datePublished":"2021-08-02T19:08:22+00:00","dateModified":"2025-01-03T22:26:02+00:00","breadcrumb":{"@id":"https:\/\/www.versiegelung24.com\/sk\/tesnenie-textilu-v-profesionalnej-kvalite.html#breadcrumb"},"inLanguage":"sk-SK","potentialAction":[{"@type":"ReadAction","target":["https:\/\/www.versiegelung24.com\/sk\/tesnenie-textilu-v-profesionalnej-kvalite.html"]}]},{"@type":"ImageObject","inLanguage":"sk-SK","@id":"https:\/\/www.versiegelung24.com\/sk\/tesnenie-textilu-v-profesionalnej-kvalite.html#primaryimage","url":"https:\/\/www.versiegelung24.com\/wp-content\/uploads\/2020\/04\/produkt-6000-689-1000-rapid-tex-Textilversiegelung-scaled.webp","contentUrl":"https:\/\/www.versiegelung24.com\/wp-content\/uploads\/2020\/04\/produkt-6000-689-1000-rapid-tex-Textilversiegelung-scaled.webp","width":2560,"height":2560},{"@type":"BreadcrumbList","@id":"https:\/\/www.versiegelung24.com\/sk\/tesnenie-textilu-v-profesionalnej-kvalite.html#breadcrumb","itemListElement":[{"@type":"ListItem","position":1,"name":"\u00davodn\u00e1 str\u00e1nka","item":"https:\/\/www.versiegelung24.com\/sk\/predna-strana\/"},{"@type":"ListItem","position":2,"name":"Obchod","item":"https:\/\/www.versiegelung24.com\/sk\/obchod\/"},{"@type":"ListItem","position":3,"name":"Rapid Tex &#8211; textiln\u00e9 tesnenie v profesion\u00e1lnej kvalite"}]},{"@type":"WebSite","@id":"https:\/\/www.versiegelung24.com\/sk\/#website","url":"https:\/\/www.versiegelung24.com\/sk\/","name":"versiegelung24.com","description":"Fl\u00fcssigglas-Versiegelung - Made in Germany","publisher":{"@id":"https:\/\/www.versiegelung24.com\/sk\/#organization"},"potentialAction":[{"@type":"SearchAction","target":{"@type":"EntryPoint","urlTemplate":"https:\/\/www.versiegelung24.com\/sk\/?s={search_term_string}"},"query-input":{"@type":"PropertyValueSpecification","valueRequired":true,"valueName":"search_term_string"}}],"inLanguage":"sk-SK"},{"@type":"Organization","@id":"https:\/\/www.versiegelung24.com\/sk\/#organization","name":"versiegelung24","url":"https:\/\/www.versiegelung24.com\/sk\/","logo":{"@type":"ImageObject","inLanguage":"sk-SK","@id":"https:\/\/www.versiegelung24.com\/sk\/#\/schema\/logo\/image\/","url":"https:\/\/www.versiegelung24.com\/wp-content\/uploads\/2020\/04\/versiegelung24.png","contentUrl":"https:\/\/www.versiegelung24.com\/wp-content\/uploads\/2020\/04\/versiegelung24.png","width":470,"height":102,"caption":"versiegelung24"},"image":{"@id":"https:\/\/www.versiegelung24.com\/sk\/#\/schema\/logo\/image\/"}}]},"product_price_amount":"49.00","product_price_currency":"EUR","og_availability":"instock","product_availability":"instock","product_retailer_item_id":"6000-689-1000","product_condition":"new"},"_links":{"self":[{"href":"https:\/\/www.versiegelung24.com\/sk\/wp-json\/wp\/v2\/product\/22934","targetHints":{"allow":["GET"]}}],"collection":[{"href":"https:\/\/www.versiegelung24.com\/sk\/wp-json\/wp\/v2\/product"}],"about":[{"href":"https:\/\/www.versiegelung24.com\/sk\/wp-json\/wp\/v2\/types\/product"}],"version-history":[{"count":12,"href":"https:\/\/www.versiegelung24.com\/sk\/wp-json\/wp\/v2\/product\/22934\/revisions"}],"predecessor-version":[{"id":174331,"href":"https:\/\/www.versiegelung24.com\/sk\/wp-json\/wp\/v2\/product\/22934\/revisions\/174331"}],"wp:featuredmedia":[{"embeddable":true,"href":"https:\/\/www.versiegelung24.com\/sk\/wp-json\/wp\/v2\/media\/125361"}],"wp:attachment":[{"href":"https:\/\/www.versiegelung24.com\/sk\/wp-json\/wp\/v2\/media?parent=22934"}],"wp:term":[{"taxonomy":"product_brand","embeddable":true,"href":"https:\/\/www.versiegelung24.com\/sk\/wp-json\/wp\/v2\/product_brand?post=22934"},{"taxonomy":"product_cat","embeddable":true,"href":"https:\/\/www.versiegelung24.com\/sk\/wp-json\/wp\/v2\/product_cat?post=22934"},{"taxonomy":"product_tag","embeddable":true,"href":"https:\/\/www.versiegelung24.com\/sk\/wp-json\/wp\/v2\/product_tag?post=22934"}],"curies":[{"name":"wp","href":"https:\/\/api.w.org\/{rel}","templated":true}]}}