{"id":22943,"date":"2020-04-04T18:53:16","date_gmt":"2021-08-02T19:08:52","guid":{"rendered":"https:\/\/www.versiegelung24.com\/produkt\/1-liter-koncentratu-bacoban-na-100-litrov-dlhodobej-dezinfekcie-povrchu"},"modified":"2025-01-13T16:36:10","modified_gmt":"2025-01-13T15:36:10","slug":"koncentrat-dlhodobej-povrchovej-dezinfekcie-bacoban","status":"publish","type":"product","link":"https:\/\/www.versiegelung24.com\/sk\/koncentrat-dlhodobej-povrchovej-dezinfekcie-bacoban.html","title":{"rendered":"1 liter koncentr\u00e1tu BACOBAN\u00ae na 100 litrov dlhodobej dezinfekcie povrchu"},"content":{"rendered":"\n<h2 class=\"wp-block-heading\" id=\"1-liter-flasche-bacoban-langzeit-flachendesinfektion-konzentrat\">1 litrov\u00e1 f\u013ea\u0161a koncentr\u00e1tu dlhodobej povrchovej dezinfekcie BACOBAN\u00ae<\/h2>\n\n<p><strong>Posta\u010d\u00ed na 100 litrov dezinfek\u010dn\u00e9ho prostriedku (rieden\u00e9ho 1: 100 vodou)<\/strong><\/p>\n\n<p><strong>Dezinfek\u010dn\u00e9 prostriedky pou\u017e\u00edvajte opatrne. Pred pou\u017eit\u00edm si v\u017edy pre\u010d\u00edtajte etiketu a inform\u00e1cie o produkte.<\/strong><\/p>\n\n<hr \/>\n\n<h4 class=\"wp-block-heading\" id=\"properties\">Vlastnosti produktu<\/h4>\n\n<ul class=\"wp-block-list\"><li><br \/>Trval\u00fd antimikrobi\u00e1lny \u00fa\u010dinok (remanen\u010dn\u00fd \u00fa\u010dinok) a\u017e 10 dn\u00ed<\/li><li>Uveden\u00e9 VAH<\/li><li>\u00fa\u010dinn\u00fd proti koronav\u00edrusu<\/li><li>ve\u013emi dobr\u00e1 zn\u00e1\u0161anlivos\u0165 s poko\u017ekou<\/li><li>vysok\u00fd \u010distiaci \u00fa\u010dinok<\/li><li>Praktick\u00e1 aplik\u00e1cia testovan\u00e1 v 4-po\u013eovom teste<\/li><\/ul>\n\n<p><strong>Bacoban<\/strong><sup> \u00ae<\/sup><strong> WB<\/strong> je koncentr\u00e1t na vodnej b\u00e1ze na kombinovan\u00fa dezinfekciu a \u010distenie z\u00e1sob a podl\u00e1h s trval\u00fdm, antimikrobi\u00e1lnym \u00fa\u010dinkom (remanen\u010dn\u00fd efekt).<\/p>\n\n<hr \/>\n\n<h4 class=\"wp-block-heading\" id=\"application\">Aplik\u00e1cia<\/h4>\n\n<h3 class=\"wp-block-heading\" id=\"gebrauch\">pou\u017e\u00edva\u0165<\/h3>\n\n<p>Von<strong> Bacoban<\/strong><sup> \u00ae<\/sup><strong> WB<\/strong> Pod\u013ea mie\u0161acieho stola pripravte roztok pripraven\u00fd na pou\u017eitie a povrchy dostato\u010dne navlh\u010dite. Neoplachujte ani neotierajte dosucha. \u010cas st\u00e1tia \u010derstvo pripraven\u00e9ho pracovn\u00e9ho roztoku: 8 hod\u00edn<\/p>\n\n<figure class=\"wp-block-table\"><table><tbody><tr><td>Mixovac\u00ed st\u00f4l<\/td><\/tr><tr><td>Kone\u010dn\u00fd objem<\/td><td>0,5 %<\/td><td>1 %<\/td><td>2 %<\/td><td>3 %<\/td><\/tr><tr><td>1 liter<\/td><td>5 ml<\/td><td>10 ml<\/td><td>20 ml<\/td><td>30 ml<\/td><\/tr><tr><td>2 litre<\/td><td>10 ml<\/td><td>20 ml<\/td><td>40 ml<\/td><td>60 ml<\/td><\/tr><tr><td>4 litre<\/td><td>20 ml<\/td><td>40 ml<\/td><td>80 ml<\/td><td>120 ml<\/td><\/tr><tr><td>8 litrov<\/td><td>40 ml<\/td><td>80 ml<\/td><td>160 ml<\/td><td>240 ml<\/td><\/tr><tr><td>10 litrov<\/td><td>50 ml<\/td><td>100 ml<\/td><td>200 ml<\/td><td>300 ml<\/td><\/tr><\/tbody><\/table><\/figure>\n\n<p><br \/>Dlhotrvaj\u00faci antimikrobi\u00e1lny \u00fa\u010dinok <strong>(remanen\u010dn\u00fd \u00fa\u010dinok)<\/strong> a\u017e <strong>10 dn\u00ed<\/strong> (testovan\u00e9 pod\u013ea normy ASTM E 2180). Dermatologicky testovan\u00e9 (*pri 1 %): ve\u013emi dobr\u00e1 zn\u00e1\u0161anlivos\u0165 s poko\u017ekou.<\/p>\n\n<h3 class=\"wp-block-heading\" id=\"lagerung\">skladovanie<\/h3>\n\n<p><strong>Bacoban<\/strong><sup> \u00ae<\/sup><strong> WB<\/strong> skladujte pri +5 a\u017e + 25 \u00b0 C Chr\u00e1\u0148te pred mrazom a priamym slne\u010dn\u00fdm \u017eiaren\u00edm.<\/p>\n\n<hr \/>\n\n<h4 class=\"wp-block-heading\" id=\"advisor\">Poradca<\/h4>\n\n<h3 class=\"wp-block-heading\" id=\"gutachten\">Pos\u00fadenie<\/h3>\n\n<p>Na\u0161e v\u00fdrobky boli podroben\u00e9 rozsiahlym testom. Na po\u017eiadanie v\u00e1m radi poskytneme na\u0161e mikrobiologick\u00e9 a dermatologick\u00e9 spr\u00e1vy.<\/p>\n\n<h3 class=\"wp-block-heading\" id=\"sicherheitshinweis\">Bezpe\u010dnostn\u00e1 pozn\u00e1mka<\/h3>\n\n<p>Karta bezpe\u010dnostn\u00fdch \u00fadajov je k dispoz\u00edcii na po\u017eiadanie.<\/p>\n\n<p><strong>D\u00f4le\u017eit\u00e9<\/strong> ! Antimikrobi\u00e1lny remanentn\u00fd \u00fa\u010dinok<strong> Bacoban<\/strong><sup> \u00ae<\/sup><strong> WB<\/strong> nesmie v pr\u00edpade vidite\u013en\u00e9ho a \/ alebo diskutabiln\u00e9ho zne\u010distenia vies\u0165 k vynechaniu potrebn\u00fdch dezinfek\u010dn\u00fdch opatren\u00ed!<\/p>\n\n<p>Zdru\u017eenie zamestn\u00e1vate\u013eov pre poistenie zodpovednosti za \u0161kodu stanovuje, \u017ee pri pr\u00e1ci s dezinfek\u010dn\u00fdmi prostriedkami sa musia pou\u017e\u00edva\u0165 rukavice. \u0160kodliv\u00fd pri po\u017eit\u00ed. Sp\u00f4sobuje v\u00e1\u017ene pop\u00e1leniny poko\u017eky a po\u0161kodenie o\u010d\u00ed. Ve\u013emi toxick\u00fd pre vodn\u00e9 organizmy. Toxick\u00fd pre vodn\u00e9 organizmy s dlhodob\u00fdmi \u00fa\u010dinkami. Po\u010das pou\u017e\u00edvania nejedzte, nepite a nefaj\u010dite. PRI PO\u017dIT\u00cd: Vypl\u00e1chnite \u00fasta. NEvyvol\u00e1vajte vracanie. PRI KONTAKTE S KO\u017dOU (alebo vlasmi): Okam\u017eite odstr\u00e1\u0148te v\u0161etok kontaminovan\u00fd odev. Opl\u00e1chnite poko\u017eku vodou\/sprchou. Pri zasiahnut\u00ed o\u010d\u00ed: Opatrne nieko\u013eko min\u00fat vyplachujte vodou. Ak je to mo\u017en\u00e9, odstr\u00e1\u0148te existuj\u00face kontaktn\u00e9 \u0161o\u0161ovky. Pokra\u010dujte v oplachovan\u00ed. Okam\u017eite zavolajte TOXIKOLOGICK\u00c9 CENTRUM alebo lek\u00e1ra. Ak je potrebn\u00e1 lek\u00e1rska pomoc, pripravte si obal alebo etiketu. <br \/>Uchov\u00e1vajte mimo dosahu det\u00ed. Pou\u017e\u00edvajte len s vodou a pod\u013ea tabu\u013eky mie\u0161ania. Nepou\u017e\u00edvajte s in\u00fdmi \u010distiacimi alebo dezinfek\u010dn\u00fdmi prostriedkami.<\/p>\n\n<p>M\u00f4\u017ee sa pou\u017e\u00edva\u0165 na v\u0161etky povrchy. V pr\u00edpade citliv\u00fdch povrchov odpor\u00fa\u010dame vykona\u0165 test odolnosti na nen\u00e1padnom mieste. Skladujte len v uzavretej n\u00e1dobe. Skladujte na chladnom a suchom mieste.<\/p>\n\n<p>N\u00e1dobu mo\u017eno recyklova\u0165 len vtedy, ke\u010f je \u00faplne pr\u00e1zdna. Nepou\u017e\u00edvajte po d\u00e1tume exspir\u00e1cie. Likvidujte v s\u00falade s miestnymi a \u00faradn\u00fdmi predpismi.<\/p>\n\n<p>Reg. \u010d. bioc\u00eddu: N-28795 (D). 263\/17\/L (Lu)<\/p>\n\n<p>Roztok <strong>pripraven\u00fd<\/strong> na pou\u017eitie pod\u013ea tabu\u013eky mie\u0161ania nevy\u017eaduje symbol nebezpe\u010denstva.<\/p>\n\n<h3 class=\"wp-block-heading\" id=\"zusammensetzung\">zlo\u017eenie<\/h3>\n\n<p>100 g roztoku obsahuje: benzalk\u00f3niumchlorid 26 g, pyriti\u00f3n sodn\u00fd 2,5 g, polykondenz\u00e1ty, vonn\u00e9 l\u00e1tky, \u010disten\u00fa vodu. Zlo\u017eky pod\u013ea nariadenia (ES) \u010d. 648\/2004: 15% a viac, ale menej ako 30% kati\u00f3nov\u00e9 povrchovo akt\u00edvne l\u00e1tky, dezinfek\u010dn\u00e9 prostriedky, vonn\u00e9 l\u00e1tky (linalool, limon\u00e9n, citral, geraniol, citronellol).<br \/>Bez formaldehydu, bez fenolu.<\/p>\n\n<figure class=\"wp-block-table\"><table><tbody><tr><td>\u00fa\u010dinnos\u0165<\/td><\/tr><tr><td>Testovanie pod\u013ea smern\u00edc DVV \/ RKI<\/td><td>riedenie<\/td><td>Doba vystavenia<\/td><\/tr><tr><td><br \/>Obmedzen\u00e1 viruc\u00eddnos\u0165 (obalen\u00e9 v\u00edrusy vr\u00e1tane <strong>koronav\u00edrusu<\/strong>, HIV, HBV, HCV, chr\u00edpky, herpesu, v\u00edrusu Ebola&#8230;.)<\/td><td>1,00 %<\/td><td>5 min<\/td><\/tr><tr><td>Adenov\u00edrus<\/td><td>2,00 %<\/td><td>240 min<\/td><\/tr><tr><td>V\u00edrus \u013eudsk\u00e9ho papil\u00f3mu (HPV)<\/td><td>1,00 %<\/td><td>60 min<\/td><\/tr><tr><td>Norov\u00edrus<\/td><td>1,00 %<\/td><td>30 min<\/td><\/tr><tr><td>Testovanie pod\u013ea smernice DGHM (s mechanikou, vysok\u00e9 za\u0165a\u017eenie)<\/td><\/tr><tr><td>bakteric\u00eddne a ysticidn\u00e9<\/td><td>1,00 %<\/td><td>5 min<\/td><\/tr><tr><td>Normy EN<\/td><\/tr><tr><td>EN 1040 (bakteric\u00eddny)<\/td><td>0,25 %<\/td><td>5 min<\/td><\/tr><tr><td>EN 1275 (kyselina)<\/td><td>0,25 %<\/td><td>5 min<\/td><\/tr><tr><td>EN 1276 (bakteric\u00eddny)<\/td><td>0,75 %<\/td><td>5 min<\/td><\/tr><tr><td>\u00a0<\/td><td>0,50 %<\/td><td>15 min\u00fat<\/td><\/tr><tr><td>EN 13727 (bakteric\u00eddny)<\/td><td>1,00 %<\/td><td>5 min<\/td><\/tr><tr><td>EN 13624 (kysl\u00e9, fungic\u00eddne)<\/td><td>1,00 %<\/td><td>5 min<\/td><\/tr><tr><td>EN 1650 (kyselina)<\/td><td>0,50 %<\/td><td>5 min<\/td><\/tr><tr><td>\u00a0<\/td><td>0,25 %<\/td><td>15 min\u00fat<\/td><\/tr><tr><td>EN 13697 (bakteric\u00eddny)<\/td><td>0,50 %<\/td><td>15 min\u00fat<\/td><\/tr><tr><td>EN 14561 (bakteric\u00eddny)<\/td><td>0,50 %<\/td><td>15 min\u00fat<\/td><\/tr><tr><td>\u00a0<\/td><td>0,50 %<\/td><td>60 min<\/td><\/tr><tr><td>EN 14562 (kyslostn\u00e9)<\/td><td>0,50 %<\/td><td>60 min<\/td><\/tr><tr><td>EN 16615 (bakteric\u00eddny, ysticidn\u00fd) (4-po\u013eov\u00fd test)<\/td><td>1,00 %<\/td><td>5 min<\/td><\/tr><\/tbody><\/table><\/figure>\n\n<p><strong>Dezinfek\u010dn\u00e9 prostriedky pou\u017e\u00edvajte opatrne. Pred pou\u017eit\u00edm si v\u017edy pre\u010d\u00edtajte etiketu a inform\u00e1cie o produkte.<\/strong><\/p>\n","protected":false},"excerpt":{"rendered":"<p style=\"color: #545454;font-family: Verdana, sans-serif;font-size: 11px;line-height: 15.666666984558105px\"><strong>Dezinfekcia a \u010distenie povrchov bez alkoholu<\/strong><\/p>\n","protected":false},"featured_media":21963,"template":"","meta":{"_acf_changed":false,"neve_meta_sidebar":"","neve_meta_container":"","neve_meta_enable_content_width":"","neve_meta_content_width":0,"neve_meta_title_alignment":"","neve_meta_author_avatar":"","neve_post_elements_order":"","neve_meta_disable_header":"","neve_meta_disable_footer":"","neve_meta_disable_title":"","neve_meta_reading_time":"","_surfaces":[],"_ver_product_tabs":[],"footnotes":""},"product_brand":[],"product_cat":[2381,2425,2427],"product_tag":[],"class_list":{"0":"post-22943","1":"product","2":"type-product","3":"status-publish","4":"has-post-thumbnail","6":"product_cat-dezinfekcne-prostriedky","7":"product_cat-povrchove-dezinfekcne-prostriedky","8":"product_cat-dezinfekcne-koncentraty","10":"first","11":"instock","12":"taxable","13":"shipping-taxable","14":"purchasable","15":"product-type-simple"},"acf":[],"yoast_head":"<!-- This site is optimized with the Yoast SEO Premium plugin v22.8 (Yoast SEO v27.5) - https:\/\/yoast.com\/product\/yoast-seo-premium-wordpress\/ -->\n<title>1 liter koncentr\u00e1tu BACOBAN\u00ae na 100 litrov dlhodobej dezinfekcie povrchu - versiegelung24.com<\/title>\n<meta name=\"robots\" content=\"index, follow, max-snippet:-1, max-image-preview:large, max-video-preview:-1\" \/>\n<link rel=\"canonical\" href=\"https:\/\/www.versiegelung24.com\/sk\/koncentrat-dlhodobej-povrchovej-dezinfekcie-bacoban.html\" \/>\n<meta property=\"og:locale\" content=\"sk_SK\" \/>\n<meta property=\"og:type\" content=\"article\" \/>\n<meta property=\"og:title\" content=\"1 liter koncentr\u00e1tu BACOBAN\u00ae na 100 litrov dlhodobej dezinfekcie povrchu\" \/>\n<meta property=\"og:description\" content=\"Dezinfekcia a \u010distenie povrchov bez alkoholu\" \/>\n<meta property=\"og:url\" content=\"https:\/\/www.versiegelung24.com\/sk\/koncentrat-dlhodobej-povrchovej-dezinfekcie-bacoban.html\" \/>\n<meta property=\"og:site_name\" content=\"versiegelung24.com\" \/>\n<meta property=\"article:modified_time\" content=\"2025-01-13T15:36:10+00:00\" \/>\n<meta property=\"og:image\" content=\"https:\/\/www.versiegelung24.com\/wp-content\/uploads\/2020\/04\/bacwb1-bacoban-langzeitdesinfektion-konzentrat-1-liter.png\" \/>\n\t<meta property=\"og:image:width\" content=\"1000\" \/>\n\t<meta property=\"og:image:height\" content=\"1000\" \/>\n\t<meta property=\"og:image:type\" content=\"image\/png\" \/>\n<meta name=\"twitter:card\" content=\"summary_large_image\" \/>\n<meta name=\"twitter:label1\" content=\"Cena\" \/>\n\t<meta name=\"twitter:data1\" content=\"89,90&euro;\" \/>\n\t<meta name=\"twitter:label2\" content=\"Dostupnos\u0165\" \/>\n\t<meta name=\"twitter:data2\" content=\"Na sklade\" \/>\n<script type=\"application\/ld+json\" class=\"yoast-schema-graph\">{\"@context\":\"https:\\\/\\\/schema.org\",\"@graph\":[{\"@type\":\"WebPage\",\"@id\":\"https:\\\/\\\/www.versiegelung24.com\\\/sk\\\/koncentrat-dlhodobej-povrchovej-dezinfekcie-bacoban.html\",\"url\":\"https:\\\/\\\/www.versiegelung24.com\\\/sk\\\/koncentrat-dlhodobej-povrchovej-dezinfekcie-bacoban.html\",\"name\":\"1 liter koncentr\u00e1tu BACOBAN\u00ae na 100 litrov dlhodobej dezinfekcie povrchu - versiegelung24.com\",\"isPartOf\":{\"@id\":\"https:\\\/\\\/www.versiegelung24.com\\\/sk\\\/#website\"},\"primaryImageOfPage\":{\"@id\":\"https:\\\/\\\/www.versiegelung24.com\\\/sk\\\/koncentrat-dlhodobej-povrchovej-dezinfekcie-bacoban.html#primaryimage\"},\"image\":{\"@id\":\"https:\\\/\\\/www.versiegelung24.com\\\/sk\\\/koncentrat-dlhodobej-povrchovej-dezinfekcie-bacoban.html#primaryimage\"},\"thumbnailUrl\":\"https:\\\/\\\/www.versiegelung24.com\\\/wp-content\\\/uploads\\\/2020\\\/04\\\/bacwb1-bacoban-langzeitdesinfektion-konzentrat-1-liter.png\",\"datePublished\":\"2021-08-02T19:08:52+00:00\",\"dateModified\":\"2025-01-13T15:36:10+00:00\",\"breadcrumb\":{\"@id\":\"https:\\\/\\\/www.versiegelung24.com\\\/sk\\\/koncentrat-dlhodobej-povrchovej-dezinfekcie-bacoban.html#breadcrumb\"},\"inLanguage\":\"sk-SK\",\"potentialAction\":[{\"@type\":\"ReadAction\",\"target\":[\"https:\\\/\\\/www.versiegelung24.com\\\/sk\\\/koncentrat-dlhodobej-povrchovej-dezinfekcie-bacoban.html\"]}]},{\"@type\":\"ImageObject\",\"inLanguage\":\"sk-SK\",\"@id\":\"https:\\\/\\\/www.versiegelung24.com\\\/sk\\\/koncentrat-dlhodobej-povrchovej-dezinfekcie-bacoban.html#primaryimage\",\"url\":\"https:\\\/\\\/www.versiegelung24.com\\\/wp-content\\\/uploads\\\/2020\\\/04\\\/bacwb1-bacoban-langzeitdesinfektion-konzentrat-1-liter.png\",\"contentUrl\":\"https:\\\/\\\/www.versiegelung24.com\\\/wp-content\\\/uploads\\\/2020\\\/04\\\/bacwb1-bacoban-langzeitdesinfektion-konzentrat-1-liter.png\",\"width\":1000,\"height\":1000},{\"@type\":\"BreadcrumbList\",\"@id\":\"https:\\\/\\\/www.versiegelung24.com\\\/sk\\\/koncentrat-dlhodobej-povrchovej-dezinfekcie-bacoban.html#breadcrumb\",\"itemListElement\":[{\"@type\":\"ListItem\",\"position\":1,\"name\":\"\u00davodn\u00e1 str\u00e1nka\",\"item\":\"https:\\\/\\\/www.versiegelung24.com\\\/sk\\\/predna-strana\\\/\"},{\"@type\":\"ListItem\",\"position\":2,\"name\":\"Obchod\",\"item\":\"https:\\\/\\\/www.versiegelung24.com\\\/sk\\\/obchod\\\/\"},{\"@type\":\"ListItem\",\"position\":3,\"name\":\"1 liter koncentr\u00e1tu BACOBAN\u00ae na 100 litrov dlhodobej dezinfekcie povrchu\"}]},{\"@type\":\"WebSite\",\"@id\":\"https:\\\/\\\/www.versiegelung24.com\\\/sk\\\/#website\",\"url\":\"https:\\\/\\\/www.versiegelung24.com\\\/sk\\\/\",\"name\":\"versiegelung24.com\",\"description\":\"Fl\u00fcssigglas-Versiegelung - Made in Germany\",\"publisher\":{\"@id\":\"https:\\\/\\\/www.versiegelung24.com\\\/sk\\\/#organization\"},\"potentialAction\":[{\"@type\":\"SearchAction\",\"target\":{\"@type\":\"EntryPoint\",\"urlTemplate\":\"https:\\\/\\\/www.versiegelung24.com\\\/sk\\\/?s={search_term_string}\"},\"query-input\":{\"@type\":\"PropertyValueSpecification\",\"valueRequired\":true,\"valueName\":\"search_term_string\"}}],\"inLanguage\":\"sk-SK\"},{\"@type\":\"Organization\",\"@id\":\"https:\\\/\\\/www.versiegelung24.com\\\/sk\\\/#organization\",\"name\":\"versiegelung24\",\"url\":\"https:\\\/\\\/www.versiegelung24.com\\\/sk\\\/\",\"logo\":{\"@type\":\"ImageObject\",\"inLanguage\":\"sk-SK\",\"@id\":\"https:\\\/\\\/www.versiegelung24.com\\\/sk\\\/#\\\/schema\\\/logo\\\/image\\\/\",\"url\":\"https:\\\/\\\/www.versiegelung24.com\\\/wp-content\\\/uploads\\\/2020\\\/04\\\/versiegelung24.png\",\"contentUrl\":\"https:\\\/\\\/www.versiegelung24.com\\\/wp-content\\\/uploads\\\/2020\\\/04\\\/versiegelung24.png\",\"width\":470,\"height\":102,\"caption\":\"versiegelung24\"},\"image\":{\"@id\":\"https:\\\/\\\/www.versiegelung24.com\\\/sk\\\/#\\\/schema\\\/logo\\\/image\\\/\"}}]}<\/script>\n<meta property=\"product:price:amount\" content=\"89.90\" \/>\n<meta property=\"product:price:currency\" content=\"EUR\" \/>\n<meta property=\"og:availability\" content=\"instock\" \/>\n<meta property=\"product:availability\" content=\"instock\" \/>\n<meta property=\"product:retailer_item_id\" content=\"BACWB1D\" \/>\n<meta property=\"product:condition\" content=\"new\" \/>\n<!-- \/ Yoast SEO Premium plugin. -->","yoast_head_json":{"title":"1 liter koncentr\u00e1tu BACOBAN\u00ae na 100 litrov dlhodobej dezinfekcie povrchu - versiegelung24.com","robots":{"index":"index","follow":"follow","max-snippet":"max-snippet:-1","max-image-preview":"max-image-preview:large","max-video-preview":"max-video-preview:-1"},"canonical":"https:\/\/www.versiegelung24.com\/sk\/koncentrat-dlhodobej-povrchovej-dezinfekcie-bacoban.html","og_locale":"sk_SK","og_type":"article","og_title":"1 liter koncentr\u00e1tu BACOBAN\u00ae na 100 litrov dlhodobej dezinfekcie povrchu","og_description":"Dezinfekcia a \u010distenie povrchov bez alkoholu","og_url":"https:\/\/www.versiegelung24.com\/sk\/koncentrat-dlhodobej-povrchovej-dezinfekcie-bacoban.html","og_site_name":"versiegelung24.com","article_modified_time":"2025-01-13T15:36:10+00:00","og_image":[{"width":1000,"height":1000,"url":"https:\/\/www.versiegelung24.com\/wp-content\/uploads\/2020\/04\/bacwb1-bacoban-langzeitdesinfektion-konzentrat-1-liter.png","type":"image\/png"}],"twitter_card":"summary_large_image","twitter_misc":{"Cena":"89,90&euro;","Dostupnos\u0165":"Na sklade"},"schema":{"@context":"https:\/\/schema.org","@graph":[{"@type":"WebPage","@id":"https:\/\/www.versiegelung24.com\/sk\/koncentrat-dlhodobej-povrchovej-dezinfekcie-bacoban.html","url":"https:\/\/www.versiegelung24.com\/sk\/koncentrat-dlhodobej-povrchovej-dezinfekcie-bacoban.html","name":"1 liter koncentr\u00e1tu BACOBAN\u00ae na 100 litrov dlhodobej dezinfekcie povrchu - versiegelung24.com","isPartOf":{"@id":"https:\/\/www.versiegelung24.com\/sk\/#website"},"primaryImageOfPage":{"@id":"https:\/\/www.versiegelung24.com\/sk\/koncentrat-dlhodobej-povrchovej-dezinfekcie-bacoban.html#primaryimage"},"image":{"@id":"https:\/\/www.versiegelung24.com\/sk\/koncentrat-dlhodobej-povrchovej-dezinfekcie-bacoban.html#primaryimage"},"thumbnailUrl":"https:\/\/www.versiegelung24.com\/wp-content\/uploads\/2020\/04\/bacwb1-bacoban-langzeitdesinfektion-konzentrat-1-liter.png","datePublished":"2021-08-02T19:08:52+00:00","dateModified":"2025-01-13T15:36:10+00:00","breadcrumb":{"@id":"https:\/\/www.versiegelung24.com\/sk\/koncentrat-dlhodobej-povrchovej-dezinfekcie-bacoban.html#breadcrumb"},"inLanguage":"sk-SK","potentialAction":[{"@type":"ReadAction","target":["https:\/\/www.versiegelung24.com\/sk\/koncentrat-dlhodobej-povrchovej-dezinfekcie-bacoban.html"]}]},{"@type":"ImageObject","inLanguage":"sk-SK","@id":"https:\/\/www.versiegelung24.com\/sk\/koncentrat-dlhodobej-povrchovej-dezinfekcie-bacoban.html#primaryimage","url":"https:\/\/www.versiegelung24.com\/wp-content\/uploads\/2020\/04\/bacwb1-bacoban-langzeitdesinfektion-konzentrat-1-liter.png","contentUrl":"https:\/\/www.versiegelung24.com\/wp-content\/uploads\/2020\/04\/bacwb1-bacoban-langzeitdesinfektion-konzentrat-1-liter.png","width":1000,"height":1000},{"@type":"BreadcrumbList","@id":"https:\/\/www.versiegelung24.com\/sk\/koncentrat-dlhodobej-povrchovej-dezinfekcie-bacoban.html#breadcrumb","itemListElement":[{"@type":"ListItem","position":1,"name":"\u00davodn\u00e1 str\u00e1nka","item":"https:\/\/www.versiegelung24.com\/sk\/predna-strana\/"},{"@type":"ListItem","position":2,"name":"Obchod","item":"https:\/\/www.versiegelung24.com\/sk\/obchod\/"},{"@type":"ListItem","position":3,"name":"1 liter koncentr\u00e1tu BACOBAN\u00ae na 100 litrov dlhodobej dezinfekcie povrchu"}]},{"@type":"WebSite","@id":"https:\/\/www.versiegelung24.com\/sk\/#website","url":"https:\/\/www.versiegelung24.com\/sk\/","name":"versiegelung24.com","description":"Fl\u00fcssigglas-Versiegelung - Made in Germany","publisher":{"@id":"https:\/\/www.versiegelung24.com\/sk\/#organization"},"potentialAction":[{"@type":"SearchAction","target":{"@type":"EntryPoint","urlTemplate":"https:\/\/www.versiegelung24.com\/sk\/?s={search_term_string}"},"query-input":{"@type":"PropertyValueSpecification","valueRequired":true,"valueName":"search_term_string"}}],"inLanguage":"sk-SK"},{"@type":"Organization","@id":"https:\/\/www.versiegelung24.com\/sk\/#organization","name":"versiegelung24","url":"https:\/\/www.versiegelung24.com\/sk\/","logo":{"@type":"ImageObject","inLanguage":"sk-SK","@id":"https:\/\/www.versiegelung24.com\/sk\/#\/schema\/logo\/image\/","url":"https:\/\/www.versiegelung24.com\/wp-content\/uploads\/2020\/04\/versiegelung24.png","contentUrl":"https:\/\/www.versiegelung24.com\/wp-content\/uploads\/2020\/04\/versiegelung24.png","width":470,"height":102,"caption":"versiegelung24"},"image":{"@id":"https:\/\/www.versiegelung24.com\/sk\/#\/schema\/logo\/image\/"}}]},"product_price_amount":"89.90","product_price_currency":"EUR","og_availability":"instock","product_availability":"instock","product_retailer_item_id":"BACWB1D","product_condition":"new"},"_links":{"self":[{"href":"https:\/\/www.versiegelung24.com\/sk\/wp-json\/wp\/v2\/product\/22943","targetHints":{"allow":["GET"]}}],"collection":[{"href":"https:\/\/www.versiegelung24.com\/sk\/wp-json\/wp\/v2\/product"}],"about":[{"href":"https:\/\/www.versiegelung24.com\/sk\/wp-json\/wp\/v2\/types\/product"}],"version-history":[{"count":17,"href":"https:\/\/www.versiegelung24.com\/sk\/wp-json\/wp\/v2\/product\/22943\/revisions"}],"predecessor-version":[{"id":180489,"href":"https:\/\/www.versiegelung24.com\/sk\/wp-json\/wp\/v2\/product\/22943\/revisions\/180489"}],"wp:featuredmedia":[{"embeddable":true,"href":"https:\/\/www.versiegelung24.com\/sk\/wp-json\/wp\/v2\/media\/21963"}],"wp:attachment":[{"href":"https:\/\/www.versiegelung24.com\/sk\/wp-json\/wp\/v2\/media?parent=22943"}],"wp:term":[{"taxonomy":"product_brand","embeddable":true,"href":"https:\/\/www.versiegelung24.com\/sk\/wp-json\/wp\/v2\/product_brand?post=22943"},{"taxonomy":"product_cat","embeddable":true,"href":"https:\/\/www.versiegelung24.com\/sk\/wp-json\/wp\/v2\/product_cat?post=22943"},{"taxonomy":"product_tag","embeddable":true,"href":"https:\/\/www.versiegelung24.com\/sk\/wp-json\/wp\/v2\/product_tag?post=22943"}],"curies":[{"name":"wp","href":"https:\/\/api.w.org\/{rel}","templated":true}]}}