{"id":23005,"date":"2020-04-04T18:53:16","date_gmt":"2021-08-02T19:11:31","guid":{"rendered":"https:\/\/www.versiegelung24.com\/produkt\/zavedenie-specialneho-lestidla-a-tesnenia-v-profesionalnej-kvalite"},"modified":"2025-04-10T10:57:14","modified_gmt":"2025-04-10T08:57:14","slug":"topanka-specialna-lestiaca-a-tesniaca-v-profesionalnej-kvalite","status":"publish","type":"product","link":"https:\/\/www.versiegelung24.com\/sk\/topanka-specialna-lestiaca-a-tesniaca-v-profesionalnej-kvalite.html","title":{"rendered":"\u0160peci\u00e1lne le\u0161tenie a tesnenie na lo\u010f \/ jachtu \/ lo\u010f v profesion\u00e1lnej kvalite"},"content":{"rendered":"\n<p><strong>Vysoko \u00fa\u010dinn\u00e1 emulzia na le\u0161tenie a tesnenie povrchov nad hladinou vody,<\/strong><strong> s lotosov\u00fdm efektom (odpudzuje vodu), trvanlivos\u0165 a\u017e 3 mesiace<\/strong><\/p>\n\n<p>Vysok\u00e1 kvalita Made in Germany.<\/p>\n\n<hr \/>\n\n<h4 class=\"wp-block-heading\" id=\"properties\">Vlastnosti produktu<\/h4>\n\n<div class=\"wp-block-columns is-layout-flex wp-container-core-columns-is-layout-9d6595d7 wp-block-columns-is-layout-flex\">\n<div class=\"wp-block-column is-layout-flow wp-block-column-is-layout-flow\">\n<ul class=\"wp-block-list\"><li>Vysoko kvalitn\u00fd lesk bez abraz\u00edvnych zlo\u017eiek, vrstvy laku nie s\u00fa napadnut\u00e9<\/li><li>Emulzia, ve\u013emi jednoduch\u00e9 pou\u017eitie<\/li><li>Osvie\u017euj\u00faci lesk a farba<\/li><li>\u010cist\u00ed, le\u0161t\u00ed a tesn\u00ed v jednom kroku (odstra\u0148uje decht, \u017eivicu a zvy\u0161ky hmyzu)<\/li><li>Nepri\u013enav\u00fd povrch odpudzuj\u00faci vodu a ne\u010distoty, leskl\u00fd<\/li><li>Zabra\u0148uje prilepeniu dechtu a zvy\u0161kov hmyzu na povrch<\/li><li>Prieh\u013eadn\u00fd \/ nevidite\u013en\u00fd, vzh\u013ead povrchu zost\u00e1va nezmenen\u00fd<\/li><li>Zni\u017euje \u0161krabance<\/li><\/ul>\n<\/div>\n\n\n\n<div class=\"wp-block-column is-layout-flow wp-block-column-is-layout-flow\">\n<ul class=\"wp-block-list\" id=\"block-f9534f4e-e312-4dfa-9828-0a3b34fc908e\"><li>Odoln\u00fd vo\u010di mrazu, \u010disteniu (vr\u00e1tane um\u00fdvania \u00e1ut), UV \u017eiareniu (zabra\u0148uje matovaniu laku), l\u00fahom \/ l\u00fahom, morskej vode, slan\u00e9mu vzduchu, trusu hmyzu a \u010fal\u0161iemu siln\u00e9mu zne\u010disteniu<\/li><li>V\u00fdrazne zni\u017euje odpor vzduchu a t\u00fdm pon\u00faka v\u00e4\u010d\u0161iu \u00fa\u010dinnos\u0165 pre lode<\/li><li>\u201e\u013dahko \u010distite\u013en\u00fd\u201c efekt, potiahnut\u00e9 povrchy zostan\u00fa \u010dist\u00e9 dlh\u0161ie a \u013eah\u0161ie sa \u010distia.<\/li><li>Pre vn\u00fatorn\u00e9 i vonkaj\u0161ie pou\u017eitie<\/li><\/ul>\n\n\n\n<p><br \/>Rozsah dod\u00e1vky: 1 x litrov\u00e1 f\u013ea\u0161a<br \/><\/p>\n<\/div>\n<\/div>\n\n<hr \/>\n\n<h4 class=\"wp-block-heading\" id=\"application\">Aplik\u00e1cia<\/h4>\n\n<div class=\"wp-block-columns is-layout-flex wp-container-core-columns-is-layout-9d6595d7 wp-block-columns-is-layout-flex\">\n<div class=\"wp-block-column is-layout-flow wp-block-column-is-layout-flow\">\n<ul class=\"wp-block-list\"><li>Ide\u00e1lne na o\u0161etrenie povrchov lod\u00ed, ktor\u00e9 sa nach\u00e1dzaj\u00fa nad vodoryskou (farby, ploymer \/ plasty)<\/li><\/ul>\n\n\n\n<p>Potrebn\u00e9 mno\u017estvo z\u00e1vis\u00ed od povrchu, ktor\u00fd sa m\u00e1 natrie\u0165 (stupe\u0148 opotrebenia a zne\u010distenia) a od pou\u017eitej handri\u010dky. R\u00fdchlos\u0165 nan\u00e1\u0161ania je pribli\u017ene 20-40 ml \/ m\u00b2.<\/p>\n<\/div>\n\n\n\n<div class=\"wp-block-column is-layout-flow wp-block-column-is-layout-flow\">\n<p><br \/><br \/>Jednoduch\u00e1 aplik\u00e1cia: 1. Utrite a vyle\u0161tite tesniaci prostriedok. 2. Nechajte vytvrdn\u00fa\u0165 12 hod\u00edn &#8211; hotovo<\/p>\n\n\n\n<p>\u010cas pou\u017eite\u013enosti: Do 3 mesiacov<\/p>\n<\/div>\n<\/div>\n","protected":false},"excerpt":{"rendered":"<p><strong>Vysoko \u00fa\u010dinn\u00e9 profesion\u00e1lne tesnenie pre:<\/strong><\/p>\n<p>\u2713 Lode<\/p>\n<p>\u2713 S lotosov\u00fdm efektom (vodoodpudivos\u0165)<\/p>\n<p>\u2713 \u010cas pou\u017eite\u013enosti do 3 mesiacov<\/p>\n","protected":false},"featured_media":17841,"template":"","meta":{"_acf_changed":false,"neve_meta_sidebar":"","neve_meta_container":"","neve_meta_enable_content_width":"","neve_meta_content_width":0,"neve_meta_title_alignment":"","neve_meta_author_avatar":"","neve_post_elements_order":"","neve_meta_disable_header":"","neve_meta_disable_footer":"","neve_meta_disable_title":"","neve_meta_reading_time":"","_surfaces":[],"_ver_product_tabs":[],"footnotes":""},"product_brand":[],"product_cat":[2221],"product_tag":[],"class_list":{"0":"post-23005","1":"product","2":"type-product","3":"status-publish","4":"has-post-thumbnail","6":"product_cat-tesnenie-auta","8":"first","9":"instock","10":"taxable","11":"shipping-taxable","12":"purchasable","13":"product-type-simple"},"acf":[],"yoast_head":"<!-- This site is optimized with the Yoast SEO Premium plugin v22.8 (Yoast SEO v27.5) - https:\/\/yoast.com\/product\/yoast-seo-premium-wordpress\/ -->\n<title>\u0160peci\u00e1lne le\u0161tenie a tesnenie na lo\u010f \/ jachtu \/ lo\u010f v profesion\u00e1lnej kvalite - versiegelung24.com<\/title>\n<meta name=\"robots\" content=\"index, follow, max-snippet:-1, max-image-preview:large, max-video-preview:-1\" \/>\n<link rel=\"canonical\" href=\"https:\/\/www.versiegelung24.com\/sk\/topanka-specialna-lestiaca-a-tesniaca-v-profesionalnej-kvalite.html\" \/>\n<meta property=\"og:locale\" content=\"sk_SK\" \/>\n<meta property=\"og:type\" content=\"article\" \/>\n<meta property=\"og:title\" content=\"\u0160peci\u00e1lne le\u0161tenie a tesnenie na lo\u010f \/ jachtu \/ lo\u010f v profesion\u00e1lnej kvalite\" \/>\n<meta property=\"og:description\" content=\"Vysoko \u00fa\u010dinn\u00e9 profesion\u00e1lne tesnenie pre: \u2713 Lode \u2713 S lotosov\u00fdm efektom (vodoodpudivos\u0165) \u2713 \u010cas pou\u017eite\u013enosti do 3 mesiacov\" \/>\n<meta property=\"og:url\" content=\"https:\/\/www.versiegelung24.com\/sk\/topanka-specialna-lestiaca-a-tesniaca-v-profesionalnej-kvalite.html\" \/>\n<meta property=\"og:site_name\" content=\"versiegelung24.com\" \/>\n<meta property=\"article:modified_time\" content=\"2025-04-10T08:57:14+00:00\" \/>\n<meta property=\"og:image\" content=\"https:\/\/www.versiegelung24.com\/wp-content\/uploads\/2020\/06\/produkt-2002-7660-1000-Boot-Spezial-Politur-Versiegelung-scaled.jpg\" \/>\n\t<meta property=\"og:image:width\" content=\"2560\" \/>\n\t<meta property=\"og:image:height\" content=\"2560\" \/>\n\t<meta property=\"og:image:type\" content=\"image\/jpeg\" \/>\n<meta name=\"twitter:card\" content=\"summary_large_image\" \/>\n<meta name=\"twitter:label1\" content=\"Cena\" \/>\n\t<meta name=\"twitter:data1\" content=\"99,00&euro;\" \/>\n\t<meta name=\"twitter:label2\" content=\"Dostupnos\u0165\" \/>\n\t<meta name=\"twitter:data2\" content=\"Na sklade\" \/>\n<script type=\"application\/ld+json\" class=\"yoast-schema-graph\">{\"@context\":\"https:\\\/\\\/schema.org\",\"@graph\":[{\"@type\":\"WebPage\",\"@id\":\"https:\\\/\\\/www.versiegelung24.com\\\/sk\\\/topanka-specialna-lestiaca-a-tesniaca-v-profesionalnej-kvalite.html\",\"url\":\"https:\\\/\\\/www.versiegelung24.com\\\/sk\\\/topanka-specialna-lestiaca-a-tesniaca-v-profesionalnej-kvalite.html\",\"name\":\"\u0160peci\u00e1lne le\u0161tenie a tesnenie na lo\u010f \\\/ jachtu \\\/ lo\u010f v profesion\u00e1lnej kvalite - versiegelung24.com\",\"isPartOf\":{\"@id\":\"https:\\\/\\\/www.versiegelung24.com\\\/sk\\\/#website\"},\"primaryImageOfPage\":{\"@id\":\"https:\\\/\\\/www.versiegelung24.com\\\/sk\\\/topanka-specialna-lestiaca-a-tesniaca-v-profesionalnej-kvalite.html#primaryimage\"},\"image\":{\"@id\":\"https:\\\/\\\/www.versiegelung24.com\\\/sk\\\/topanka-specialna-lestiaca-a-tesniaca-v-profesionalnej-kvalite.html#primaryimage\"},\"thumbnailUrl\":\"https:\\\/\\\/www.versiegelung24.com\\\/wp-content\\\/uploads\\\/2020\\\/06\\\/produkt-2002-7660-1000-Boot-Spezial-Politur-Versiegelung-scaled.jpg\",\"datePublished\":\"2021-08-02T19:11:31+00:00\",\"dateModified\":\"2025-04-10T08:57:14+00:00\",\"breadcrumb\":{\"@id\":\"https:\\\/\\\/www.versiegelung24.com\\\/sk\\\/topanka-specialna-lestiaca-a-tesniaca-v-profesionalnej-kvalite.html#breadcrumb\"},\"inLanguage\":\"sk-SK\",\"potentialAction\":[{\"@type\":\"ReadAction\",\"target\":[\"https:\\\/\\\/www.versiegelung24.com\\\/sk\\\/topanka-specialna-lestiaca-a-tesniaca-v-profesionalnej-kvalite.html\"]}]},{\"@type\":\"ImageObject\",\"inLanguage\":\"sk-SK\",\"@id\":\"https:\\\/\\\/www.versiegelung24.com\\\/sk\\\/topanka-specialna-lestiaca-a-tesniaca-v-profesionalnej-kvalite.html#primaryimage\",\"url\":\"https:\\\/\\\/www.versiegelung24.com\\\/wp-content\\\/uploads\\\/2020\\\/06\\\/produkt-2002-7660-1000-Boot-Spezial-Politur-Versiegelung-scaled.jpg\",\"contentUrl\":\"https:\\\/\\\/www.versiegelung24.com\\\/wp-content\\\/uploads\\\/2020\\\/06\\\/produkt-2002-7660-1000-Boot-Spezial-Politur-Versiegelung-scaled.jpg\",\"width\":2560,\"height\":2560},{\"@type\":\"BreadcrumbList\",\"@id\":\"https:\\\/\\\/www.versiegelung24.com\\\/sk\\\/topanka-specialna-lestiaca-a-tesniaca-v-profesionalnej-kvalite.html#breadcrumb\",\"itemListElement\":[{\"@type\":\"ListItem\",\"position\":1,\"name\":\"\u00davodn\u00e1 str\u00e1nka\",\"item\":\"https:\\\/\\\/www.versiegelung24.com\\\/sk\\\/predna-strana\\\/\"},{\"@type\":\"ListItem\",\"position\":2,\"name\":\"Obchod\",\"item\":\"https:\\\/\\\/www.versiegelung24.com\\\/sk\\\/obchod\\\/\"},{\"@type\":\"ListItem\",\"position\":3,\"name\":\"\u0160peci\u00e1lne le\u0161tenie a tesnenie na lo\u010f \\\/ jachtu \\\/ lo\u010f v profesion\u00e1lnej kvalite\"}]},{\"@type\":\"WebSite\",\"@id\":\"https:\\\/\\\/www.versiegelung24.com\\\/sk\\\/#website\",\"url\":\"https:\\\/\\\/www.versiegelung24.com\\\/sk\\\/\",\"name\":\"versiegelung24.com\",\"description\":\"Fl\u00fcssigglas-Versiegelung - Made in Germany\",\"publisher\":{\"@id\":\"https:\\\/\\\/www.versiegelung24.com\\\/sk\\\/#organization\"},\"potentialAction\":[{\"@type\":\"SearchAction\",\"target\":{\"@type\":\"EntryPoint\",\"urlTemplate\":\"https:\\\/\\\/www.versiegelung24.com\\\/sk\\\/?s={search_term_string}\"},\"query-input\":{\"@type\":\"PropertyValueSpecification\",\"valueRequired\":true,\"valueName\":\"search_term_string\"}}],\"inLanguage\":\"sk-SK\"},{\"@type\":\"Organization\",\"@id\":\"https:\\\/\\\/www.versiegelung24.com\\\/sk\\\/#organization\",\"name\":\"versiegelung24\",\"url\":\"https:\\\/\\\/www.versiegelung24.com\\\/sk\\\/\",\"logo\":{\"@type\":\"ImageObject\",\"inLanguage\":\"sk-SK\",\"@id\":\"https:\\\/\\\/www.versiegelung24.com\\\/sk\\\/#\\\/schema\\\/logo\\\/image\\\/\",\"url\":\"https:\\\/\\\/www.versiegelung24.com\\\/wp-content\\\/uploads\\\/2020\\\/04\\\/versiegelung24.png\",\"contentUrl\":\"https:\\\/\\\/www.versiegelung24.com\\\/wp-content\\\/uploads\\\/2020\\\/04\\\/versiegelung24.png\",\"width\":470,\"height\":102,\"caption\":\"versiegelung24\"},\"image\":{\"@id\":\"https:\\\/\\\/www.versiegelung24.com\\\/sk\\\/#\\\/schema\\\/logo\\\/image\\\/\"}}]}<\/script>\n<meta property=\"product:price:amount\" content=\"99.00\" \/>\n<meta property=\"product:price:currency\" content=\"EUR\" \/>\n<meta property=\"og:availability\" content=\"instock\" \/>\n<meta property=\"product:availability\" content=\"instock\" \/>\n<meta property=\"product:retailer_item_id\" content=\"2002-7660-1000\" \/>\n<meta property=\"product:condition\" content=\"new\" \/>\n<!-- \/ Yoast SEO Premium plugin. -->","yoast_head_json":{"title":"\u0160peci\u00e1lne le\u0161tenie a tesnenie na lo\u010f \/ jachtu \/ lo\u010f v profesion\u00e1lnej kvalite - versiegelung24.com","robots":{"index":"index","follow":"follow","max-snippet":"max-snippet:-1","max-image-preview":"max-image-preview:large","max-video-preview":"max-video-preview:-1"},"canonical":"https:\/\/www.versiegelung24.com\/sk\/topanka-specialna-lestiaca-a-tesniaca-v-profesionalnej-kvalite.html","og_locale":"sk_SK","og_type":"article","og_title":"\u0160peci\u00e1lne le\u0161tenie a tesnenie na lo\u010f \/ jachtu \/ lo\u010f v profesion\u00e1lnej kvalite","og_description":"Vysoko \u00fa\u010dinn\u00e9 profesion\u00e1lne tesnenie pre: \u2713 Lode \u2713 S lotosov\u00fdm efektom (vodoodpudivos\u0165) \u2713 \u010cas pou\u017eite\u013enosti do 3 mesiacov","og_url":"https:\/\/www.versiegelung24.com\/sk\/topanka-specialna-lestiaca-a-tesniaca-v-profesionalnej-kvalite.html","og_site_name":"versiegelung24.com","article_modified_time":"2025-04-10T08:57:14+00:00","og_image":[{"width":2560,"height":2560,"url":"https:\/\/www.versiegelung24.com\/wp-content\/uploads\/2020\/06\/produkt-2002-7660-1000-Boot-Spezial-Politur-Versiegelung-scaled.jpg","type":"image\/jpeg"}],"twitter_card":"summary_large_image","twitter_misc":{"Cena":"99,00&euro;","Dostupnos\u0165":"Na sklade"},"schema":{"@context":"https:\/\/schema.org","@graph":[{"@type":"WebPage","@id":"https:\/\/www.versiegelung24.com\/sk\/topanka-specialna-lestiaca-a-tesniaca-v-profesionalnej-kvalite.html","url":"https:\/\/www.versiegelung24.com\/sk\/topanka-specialna-lestiaca-a-tesniaca-v-profesionalnej-kvalite.html","name":"\u0160peci\u00e1lne le\u0161tenie a tesnenie na lo\u010f \/ jachtu \/ lo\u010f v profesion\u00e1lnej kvalite - versiegelung24.com","isPartOf":{"@id":"https:\/\/www.versiegelung24.com\/sk\/#website"},"primaryImageOfPage":{"@id":"https:\/\/www.versiegelung24.com\/sk\/topanka-specialna-lestiaca-a-tesniaca-v-profesionalnej-kvalite.html#primaryimage"},"image":{"@id":"https:\/\/www.versiegelung24.com\/sk\/topanka-specialna-lestiaca-a-tesniaca-v-profesionalnej-kvalite.html#primaryimage"},"thumbnailUrl":"https:\/\/www.versiegelung24.com\/wp-content\/uploads\/2020\/06\/produkt-2002-7660-1000-Boot-Spezial-Politur-Versiegelung-scaled.jpg","datePublished":"2021-08-02T19:11:31+00:00","dateModified":"2025-04-10T08:57:14+00:00","breadcrumb":{"@id":"https:\/\/www.versiegelung24.com\/sk\/topanka-specialna-lestiaca-a-tesniaca-v-profesionalnej-kvalite.html#breadcrumb"},"inLanguage":"sk-SK","potentialAction":[{"@type":"ReadAction","target":["https:\/\/www.versiegelung24.com\/sk\/topanka-specialna-lestiaca-a-tesniaca-v-profesionalnej-kvalite.html"]}]},{"@type":"ImageObject","inLanguage":"sk-SK","@id":"https:\/\/www.versiegelung24.com\/sk\/topanka-specialna-lestiaca-a-tesniaca-v-profesionalnej-kvalite.html#primaryimage","url":"https:\/\/www.versiegelung24.com\/wp-content\/uploads\/2020\/06\/produkt-2002-7660-1000-Boot-Spezial-Politur-Versiegelung-scaled.jpg","contentUrl":"https:\/\/www.versiegelung24.com\/wp-content\/uploads\/2020\/06\/produkt-2002-7660-1000-Boot-Spezial-Politur-Versiegelung-scaled.jpg","width":2560,"height":2560},{"@type":"BreadcrumbList","@id":"https:\/\/www.versiegelung24.com\/sk\/topanka-specialna-lestiaca-a-tesniaca-v-profesionalnej-kvalite.html#breadcrumb","itemListElement":[{"@type":"ListItem","position":1,"name":"\u00davodn\u00e1 str\u00e1nka","item":"https:\/\/www.versiegelung24.com\/sk\/predna-strana\/"},{"@type":"ListItem","position":2,"name":"Obchod","item":"https:\/\/www.versiegelung24.com\/sk\/obchod\/"},{"@type":"ListItem","position":3,"name":"\u0160peci\u00e1lne le\u0161tenie a tesnenie na lo\u010f \/ jachtu \/ lo\u010f v profesion\u00e1lnej kvalite"}]},{"@type":"WebSite","@id":"https:\/\/www.versiegelung24.com\/sk\/#website","url":"https:\/\/www.versiegelung24.com\/sk\/","name":"versiegelung24.com","description":"Fl\u00fcssigglas-Versiegelung - Made in Germany","publisher":{"@id":"https:\/\/www.versiegelung24.com\/sk\/#organization"},"potentialAction":[{"@type":"SearchAction","target":{"@type":"EntryPoint","urlTemplate":"https:\/\/www.versiegelung24.com\/sk\/?s={search_term_string}"},"query-input":{"@type":"PropertyValueSpecification","valueRequired":true,"valueName":"search_term_string"}}],"inLanguage":"sk-SK"},{"@type":"Organization","@id":"https:\/\/www.versiegelung24.com\/sk\/#organization","name":"versiegelung24","url":"https:\/\/www.versiegelung24.com\/sk\/","logo":{"@type":"ImageObject","inLanguage":"sk-SK","@id":"https:\/\/www.versiegelung24.com\/sk\/#\/schema\/logo\/image\/","url":"https:\/\/www.versiegelung24.com\/wp-content\/uploads\/2020\/04\/versiegelung24.png","contentUrl":"https:\/\/www.versiegelung24.com\/wp-content\/uploads\/2020\/04\/versiegelung24.png","width":470,"height":102,"caption":"versiegelung24"},"image":{"@id":"https:\/\/www.versiegelung24.com\/sk\/#\/schema\/logo\/image\/"}}]},"product_price_amount":"99.00","product_price_currency":"EUR","og_availability":"instock","product_availability":"instock","product_retailer_item_id":"2002-7660-1000","product_condition":"new"},"_links":{"self":[{"href":"https:\/\/www.versiegelung24.com\/sk\/wp-json\/wp\/v2\/product\/23005","targetHints":{"allow":["GET"]}}],"collection":[{"href":"https:\/\/www.versiegelung24.com\/sk\/wp-json\/wp\/v2\/product"}],"about":[{"href":"https:\/\/www.versiegelung24.com\/sk\/wp-json\/wp\/v2\/types\/product"}],"version-history":[{"count":11,"href":"https:\/\/www.versiegelung24.com\/sk\/wp-json\/wp\/v2\/product\/23005\/revisions"}],"predecessor-version":[{"id":181413,"href":"https:\/\/www.versiegelung24.com\/sk\/wp-json\/wp\/v2\/product\/23005\/revisions\/181413"}],"wp:featuredmedia":[{"embeddable":true,"href":"https:\/\/www.versiegelung24.com\/sk\/wp-json\/wp\/v2\/media\/17841"}],"wp:attachment":[{"href":"https:\/\/www.versiegelung24.com\/sk\/wp-json\/wp\/v2\/media?parent=23005"}],"wp:term":[{"taxonomy":"product_brand","embeddable":true,"href":"https:\/\/www.versiegelung24.com\/sk\/wp-json\/wp\/v2\/product_brand?post=23005"},{"taxonomy":"product_cat","embeddable":true,"href":"https:\/\/www.versiegelung24.com\/sk\/wp-json\/wp\/v2\/product_cat?post=23005"},{"taxonomy":"product_tag","embeddable":true,"href":"https:\/\/www.versiegelung24.com\/sk\/wp-json\/wp\/v2\/product_tag?post=23005"}],"curies":[{"name":"wp","href":"https:\/\/api.w.org\/{rel}","templated":true}]}}