{"id":23193,"date":"2020-04-04T18:53:14","date_gmt":"2021-08-02T19:26:20","guid":{"rendered":"https:\/\/www.versiegelung24.com\/produkt\/tesnenie-dreva-v-profesionalnej-kvalite"},"modified":"2025-01-03T23:37:31","modified_gmt":"2025-01-03T22:37:31","slug":"tesnenie-dreva-v-profesionalnej-kvalite","status":"publish","type":"product","link":"https:\/\/www.versiegelung24.com\/sk\/tesnenie-dreva-v-profesionalnej-kvalite.html","title":{"rendered":"Tesnenie dreva v profesion\u00e1lnej kvalite"},"content":{"rendered":"\n<p><strong>Vysoko \u00fa\u010dinn\u00fd profesion\u00e1lny tmel na drevo s h\u013abkov\u00fdm a lotosov\u00fdm efektom (odpudzuj\u00faci vodu), pre vn\u00fatorn\u00e9 i vonkaj\u0161ie pou\u017eitie, NOVINKA<\/strong><\/p>\n\n<p>Vysok\u00e1 kvalita Made in Germany.<\/p>\n\n<hr\/>\n\n<h4 class=\"wp-block-heading\" id=\"properties\">Vlastnosti produktu<\/h4>\n\n<div class=\"wp-block-columns is-layout-flex wp-container-core-columns-is-layout-9d6595d7 wp-block-columns-is-layout-flex\">\n<div class=\"wp-block-column is-layout-flow wp-block-column-is-layout-flow\">\n<ul class=\"wp-block-list\">\n<li>siln\u00fd hydrof\u00f3bny a oleof\u00f3bny \u00fa\u010dinok (odpudzuje vodu a olej)<\/li>\n\n\n\n<li>H\u013abkov\u00fd efekt &#8211; prenik\u00e1 do dreva a\u017e 10 mm (v z\u00e1vislosti od \u0161trukt\u00fary)<\/li>\n\n\n\n<li>Chr\u00e1ni pred ples\u0148ami, riasami a poveternostn\u00fdmi vplyvmi<\/li>\n\n\n\n<li>\u00daspora n\u00e1kladov, \u010dasu a energie v\u010faka pred\u013a\u017een\u00fdm \u010distiacim cyklom<\/li>\n\n\n\n<li>Zn\u00ed\u017eenie r\u00fdchlosti prieniku vlhkosti pri vystaven\u00ed vode<\/li>\n\n\n\n<li>\u013dahko \u010distite\u013en\u00fd efekt<\/li>\n<\/ul>\n<\/div>\n\n\n\n<div class=\"wp-block-column is-layout-flow wp-block-column-is-layout-flow\">\n<ul class=\"wp-block-list\">\n<li>utesnen\u00e9 povrchy zost\u00e1vaj\u00fa priedu\u0161n\u00e9<\/li>\n\n\n\n<li>Zn\u00ed\u017eenie zafarbenia poveternostn\u00fdch vplyvov<\/li>\n\n\n\n<li>UV stabiln\u00fd, mrazuvzdorn\u00fd a takmer nevidite\u013en\u00fd<\/li>\n\n\n\n<li>Jednoduch\u00e1 aplik\u00e1cia (d\u00e1 sa nastrieka\u0165 na ve\u013ek\u00fa plochu)<\/li>\n\n\n\n<li>\u010cas pou\u017eite\u013enosti: a\u017e 3-10 rokov<\/li>\n<\/ul>\n\n\n\n<p><br\/><br\/>Rozsah dod\u00e1vky: 1 x litrov\u00e1 f\u013ea\u0161a 1 x rozpra\u0161ovacia hlavica<br\/><\/p>\n<\/div>\n<\/div>\n\n<hr\/>\n\n<h4 class=\"wp-block-heading\" id=\"application\">Aplik\u00e1cia<\/h4>\n\n<div class=\"wp-block-columns is-layout-flex wp-container-core-columns-is-layout-9d6595d7 wp-block-columns-is-layout-flex\">\n<div class=\"wp-block-column is-layout-flow wp-block-column-is-layout-flow\">\n<ul class=\"wp-block-list\">\n<li>V\u0161etko tvrd\u00e9 a m\u00e4kk\u00e9 drevo<\/li>\n\n\n\n<li>Dreven\u00fd obklad v interi\u00e9ri aj exteri\u00e9ri<\/li>\n\n\n\n<li>Stodoly<\/li>\n\n\n\n<li>Dreven\u00e9 stropy \/ dreven\u00e9 podlahy<\/li>\n\n\n\n<li>Stavebn\u00e9 rezivo<\/li>\n\n\n\n<li>Okenn\u00e9 a dverov\u00e9 r\u00e1my vyroben\u00e9 z dreva<\/li>\n<\/ul>\n<\/div>\n\n\n\n<div class=\"wp-block-column is-layout-flow wp-block-column-is-layout-flow\">\n<ul class=\"wp-block-list\" id=\"block-bd0826c4-8c3a-4f56-9878-ce5fe93599ff\">\n<li>Nosn\u00edky, v\u00e4znice a podlahov\u00e9 dosky<\/li>\n\n\n\n<li>Staro\u017eitn\u00e9 lesy<\/li>\n\n\n\n<li>Dreven\u00e9 obklady v sanit\u00e1rnej oblasti<\/li>\n<\/ul>\n\n\n\n<p><strong>Spotreba z\u00e1vis\u00ed od nasiakavosti povrchu cca 10-40m\u00b2 \/ liter.<\/strong><\/p>\n<\/div>\n<\/div>\n","protected":false},"excerpt":{"rendered":"<p><strong>**NOVINKA** Vysoko \u00fa\u010dinn\u00e9 tesnenie pre nasiakav\u00e9 dreven\u00e9 povrchy:<\/strong><\/p>\n<p>\u2713 S h\u013abkov\u00fdm efektom<\/p>\n<p>\u2713 S lotosov\u00fdm efektom (vodoodpudivos\u0165)<\/p>\n<p>\u2713 Do interi\u00e9ru aj exteri\u00e9ru<\/p>\n","protected":false},"featured_media":18197,"template":"","meta":{"_acf_changed":false,"neve_meta_sidebar":"","neve_meta_container":"","neve_meta_enable_content_width":"","neve_meta_content_width":0,"neve_meta_title_alignment":"","neve_meta_author_avatar":"","neve_post_elements_order":"","neve_meta_disable_header":"","neve_meta_disable_footer":"","neve_meta_disable_title":"","neve_meta_reading_time":"","_surfaces":[],"_ver_product_tabs":[],"footnotes":""},"product_brand":[],"product_cat":[2409],"product_tag":[],"class_list":{"0":"post-23193","1":"product","2":"type-product","3":"status-publish","4":"has-post-thumbnail","6":"product_cat-tesnenie-dreva","7":"pa_gebinde-150-ml-flasa","8":"pa_gebinde-500-ml-flasa","9":"pa_gebinde-200-ml-flasa","10":"pa_gebinde-1000-ml-flasa","11":"pa_gebinde-10-ml-flasa","12":"pa_gebinde-5-ml-flasa","13":"pa_gebinde-125-ml-flasa-s-rozprasovacom","14":"pa_gebinde-flasa-s-naplnou-1-000-ml","15":"pa_gebinde-20l-kanister-sk","16":"pa_gebinde-10l-kanister-sk","17":"pa_gebinde-akcna-suprava-so-100-ml-flasou","18":"pa_gebinde-50-ml-flasa","19":"pa_gebinde-akcna-suprava-s-50-ml-flasou","20":"pa_gebinde-100-ml-flasa","22":"first","23":"instock","24":"taxable","25":"shipping-taxable","26":"purchasable","27":"product-type-variable","28":"has-default-attributes"},"acf":[],"yoast_head":"<!-- This site is optimized with the Yoast SEO Premium plugin v22.8 (Yoast SEO v27.5) - https:\/\/yoast.com\/product\/yoast-seo-premium-wordpress\/ -->\n<title>Tesnenie dreva v profesion\u00e1lnej kvalite - versiegelung24.com<\/title>\n<meta name=\"robots\" content=\"index, follow, max-snippet:-1, max-image-preview:large, max-video-preview:-1\" \/>\n<link rel=\"canonical\" href=\"https:\/\/www.versiegelung24.com\/sk\/tesnenie-dreva-v-profesionalnej-kvalite.html\" \/>\n<meta property=\"og:locale\" content=\"sk_SK\" \/>\n<meta property=\"og:type\" content=\"article\" \/>\n<meta property=\"og:title\" content=\"Tesnenie dreva v profesion\u00e1lnej kvalite\" \/>\n<meta property=\"og:description\" content=\"**NOVINKA** Vysoko \u00fa\u010dinn\u00e9 tesnenie pre nasiakav\u00e9 dreven\u00e9 povrchy: \u2713 S h\u013abkov\u00fdm efektom \u2713 S lotosov\u00fdm efektom (vodoodpudivos\u0165) \u2713 Do interi\u00e9ru aj exteri\u00e9ru\" \/>\n<meta property=\"og:url\" content=\"https:\/\/www.versiegelung24.com\/sk\/tesnenie-dreva-v-profesionalnej-kvalite.html\" \/>\n<meta property=\"og:site_name\" content=\"versiegelung24.com\" \/>\n<meta property=\"article:modified_time\" content=\"2025-01-03T22:37:31+00:00\" \/>\n<meta property=\"og:image\" content=\"https:\/\/www.versiegelung24.com\/wp-content\/uploads\/2020\/06\/produkt-4000-695-1000-Holzversiegelung-scaled.jpg\" \/>\n\t<meta property=\"og:image:width\" content=\"2560\" \/>\n\t<meta property=\"og:image:height\" content=\"2560\" \/>\n\t<meta property=\"og:image:type\" content=\"image\/jpeg\" \/>\n<meta name=\"twitter:card\" content=\"summary_large_image\" \/>\n<meta name=\"twitter:label1\" content=\"Dostupnos\u0165\" \/>\n\t<meta name=\"twitter:data1\" content=\"Na sklade\" \/>\n<script type=\"application\/ld+json\" class=\"yoast-schema-graph\">{\"@context\":\"https:\\\/\\\/schema.org\",\"@graph\":[{\"@type\":\"WebPage\",\"@id\":\"https:\\\/\\\/www.versiegelung24.com\\\/sk\\\/tesnenie-dreva-v-profesionalnej-kvalite.html\",\"url\":\"https:\\\/\\\/www.versiegelung24.com\\\/sk\\\/tesnenie-dreva-v-profesionalnej-kvalite.html\",\"name\":\"Tesnenie dreva v profesion\u00e1lnej kvalite - versiegelung24.com\",\"isPartOf\":{\"@id\":\"https:\\\/\\\/www.versiegelung24.com\\\/sk\\\/#website\"},\"primaryImageOfPage\":{\"@id\":\"https:\\\/\\\/www.versiegelung24.com\\\/sk\\\/tesnenie-dreva-v-profesionalnej-kvalite.html#primaryimage\"},\"image\":{\"@id\":\"https:\\\/\\\/www.versiegelung24.com\\\/sk\\\/tesnenie-dreva-v-profesionalnej-kvalite.html#primaryimage\"},\"thumbnailUrl\":\"https:\\\/\\\/www.versiegelung24.com\\\/wp-content\\\/uploads\\\/2020\\\/06\\\/produkt-4000-695-1000-Holzversiegelung-scaled.jpg\",\"datePublished\":\"2021-08-02T19:26:20+00:00\",\"dateModified\":\"2025-01-03T22:37:31+00:00\",\"breadcrumb\":{\"@id\":\"https:\\\/\\\/www.versiegelung24.com\\\/sk\\\/tesnenie-dreva-v-profesionalnej-kvalite.html#breadcrumb\"},\"inLanguage\":\"sk-SK\",\"potentialAction\":[{\"@type\":\"ReadAction\",\"target\":[\"https:\\\/\\\/www.versiegelung24.com\\\/sk\\\/tesnenie-dreva-v-profesionalnej-kvalite.html\"]}]},{\"@type\":\"ImageObject\",\"inLanguage\":\"sk-SK\",\"@id\":\"https:\\\/\\\/www.versiegelung24.com\\\/sk\\\/tesnenie-dreva-v-profesionalnej-kvalite.html#primaryimage\",\"url\":\"https:\\\/\\\/www.versiegelung24.com\\\/wp-content\\\/uploads\\\/2020\\\/06\\\/produkt-4000-695-1000-Holzversiegelung-scaled.jpg\",\"contentUrl\":\"https:\\\/\\\/www.versiegelung24.com\\\/wp-content\\\/uploads\\\/2020\\\/06\\\/produkt-4000-695-1000-Holzversiegelung-scaled.jpg\",\"width\":2560,\"height\":2560},{\"@type\":\"BreadcrumbList\",\"@id\":\"https:\\\/\\\/www.versiegelung24.com\\\/sk\\\/tesnenie-dreva-v-profesionalnej-kvalite.html#breadcrumb\",\"itemListElement\":[{\"@type\":\"ListItem\",\"position\":1,\"name\":\"\u00davodn\u00e1 str\u00e1nka\",\"item\":\"https:\\\/\\\/www.versiegelung24.com\\\/sk\\\/predna-strana\\\/\"},{\"@type\":\"ListItem\",\"position\":2,\"name\":\"Obchod\",\"item\":\"https:\\\/\\\/www.versiegelung24.com\\\/sk\\\/obchod\\\/\"},{\"@type\":\"ListItem\",\"position\":3,\"name\":\"Tesnenie dreva v profesion\u00e1lnej kvalite\"}]},{\"@type\":\"WebSite\",\"@id\":\"https:\\\/\\\/www.versiegelung24.com\\\/sk\\\/#website\",\"url\":\"https:\\\/\\\/www.versiegelung24.com\\\/sk\\\/\",\"name\":\"versiegelung24.com\",\"description\":\"Fl\u00fcssigglas-Versiegelung - Made in Germany\",\"publisher\":{\"@id\":\"https:\\\/\\\/www.versiegelung24.com\\\/sk\\\/#organization\"},\"potentialAction\":[{\"@type\":\"SearchAction\",\"target\":{\"@type\":\"EntryPoint\",\"urlTemplate\":\"https:\\\/\\\/www.versiegelung24.com\\\/sk\\\/?s={search_term_string}\"},\"query-input\":{\"@type\":\"PropertyValueSpecification\",\"valueRequired\":true,\"valueName\":\"search_term_string\"}}],\"inLanguage\":\"sk-SK\"},{\"@type\":\"Organization\",\"@id\":\"https:\\\/\\\/www.versiegelung24.com\\\/sk\\\/#organization\",\"name\":\"versiegelung24\",\"url\":\"https:\\\/\\\/www.versiegelung24.com\\\/sk\\\/\",\"logo\":{\"@type\":\"ImageObject\",\"inLanguage\":\"sk-SK\",\"@id\":\"https:\\\/\\\/www.versiegelung24.com\\\/sk\\\/#\\\/schema\\\/logo\\\/image\\\/\",\"url\":\"https:\\\/\\\/www.versiegelung24.com\\\/wp-content\\\/uploads\\\/2020\\\/04\\\/versiegelung24.png\",\"contentUrl\":\"https:\\\/\\\/www.versiegelung24.com\\\/wp-content\\\/uploads\\\/2020\\\/04\\\/versiegelung24.png\",\"width\":470,\"height\":102,\"caption\":\"versiegelung24\"},\"image\":{\"@id\":\"https:\\\/\\\/www.versiegelung24.com\\\/sk\\\/#\\\/schema\\\/logo\\\/image\\\/\"}}]}<\/script>\n<meta property=\"og:availability\" content=\"instock\" \/>\n<meta property=\"product:availability\" content=\"instock\" \/>\n<meta property=\"product:retailer_item_id\" content=\"4000-695\" \/>\n<meta property=\"product:condition\" content=\"new\" \/>\n<!-- \/ Yoast SEO Premium plugin. -->","yoast_head_json":{"title":"Tesnenie dreva v profesion\u00e1lnej kvalite - versiegelung24.com","robots":{"index":"index","follow":"follow","max-snippet":"max-snippet:-1","max-image-preview":"max-image-preview:large","max-video-preview":"max-video-preview:-1"},"canonical":"https:\/\/www.versiegelung24.com\/sk\/tesnenie-dreva-v-profesionalnej-kvalite.html","og_locale":"sk_SK","og_type":"article","og_title":"Tesnenie dreva v profesion\u00e1lnej kvalite","og_description":"**NOVINKA** Vysoko \u00fa\u010dinn\u00e9 tesnenie pre nasiakav\u00e9 dreven\u00e9 povrchy: \u2713 S h\u013abkov\u00fdm efektom \u2713 S lotosov\u00fdm efektom (vodoodpudivos\u0165) \u2713 Do interi\u00e9ru aj exteri\u00e9ru","og_url":"https:\/\/www.versiegelung24.com\/sk\/tesnenie-dreva-v-profesionalnej-kvalite.html","og_site_name":"versiegelung24.com","article_modified_time":"2025-01-03T22:37:31+00:00","og_image":[{"width":2560,"height":2560,"url":"https:\/\/www.versiegelung24.com\/wp-content\/uploads\/2020\/06\/produkt-4000-695-1000-Holzversiegelung-scaled.jpg","type":"image\/jpeg"}],"twitter_card":"summary_large_image","twitter_misc":{"Dostupnos\u0165":"Na sklade"},"schema":{"@context":"https:\/\/schema.org","@graph":[{"@type":"WebPage","@id":"https:\/\/www.versiegelung24.com\/sk\/tesnenie-dreva-v-profesionalnej-kvalite.html","url":"https:\/\/www.versiegelung24.com\/sk\/tesnenie-dreva-v-profesionalnej-kvalite.html","name":"Tesnenie dreva v profesion\u00e1lnej kvalite - versiegelung24.com","isPartOf":{"@id":"https:\/\/www.versiegelung24.com\/sk\/#website"},"primaryImageOfPage":{"@id":"https:\/\/www.versiegelung24.com\/sk\/tesnenie-dreva-v-profesionalnej-kvalite.html#primaryimage"},"image":{"@id":"https:\/\/www.versiegelung24.com\/sk\/tesnenie-dreva-v-profesionalnej-kvalite.html#primaryimage"},"thumbnailUrl":"https:\/\/www.versiegelung24.com\/wp-content\/uploads\/2020\/06\/produkt-4000-695-1000-Holzversiegelung-scaled.jpg","datePublished":"2021-08-02T19:26:20+00:00","dateModified":"2025-01-03T22:37:31+00:00","breadcrumb":{"@id":"https:\/\/www.versiegelung24.com\/sk\/tesnenie-dreva-v-profesionalnej-kvalite.html#breadcrumb"},"inLanguage":"sk-SK","potentialAction":[{"@type":"ReadAction","target":["https:\/\/www.versiegelung24.com\/sk\/tesnenie-dreva-v-profesionalnej-kvalite.html"]}]},{"@type":"ImageObject","inLanguage":"sk-SK","@id":"https:\/\/www.versiegelung24.com\/sk\/tesnenie-dreva-v-profesionalnej-kvalite.html#primaryimage","url":"https:\/\/www.versiegelung24.com\/wp-content\/uploads\/2020\/06\/produkt-4000-695-1000-Holzversiegelung-scaled.jpg","contentUrl":"https:\/\/www.versiegelung24.com\/wp-content\/uploads\/2020\/06\/produkt-4000-695-1000-Holzversiegelung-scaled.jpg","width":2560,"height":2560},{"@type":"BreadcrumbList","@id":"https:\/\/www.versiegelung24.com\/sk\/tesnenie-dreva-v-profesionalnej-kvalite.html#breadcrumb","itemListElement":[{"@type":"ListItem","position":1,"name":"\u00davodn\u00e1 str\u00e1nka","item":"https:\/\/www.versiegelung24.com\/sk\/predna-strana\/"},{"@type":"ListItem","position":2,"name":"Obchod","item":"https:\/\/www.versiegelung24.com\/sk\/obchod\/"},{"@type":"ListItem","position":3,"name":"Tesnenie dreva v profesion\u00e1lnej kvalite"}]},{"@type":"WebSite","@id":"https:\/\/www.versiegelung24.com\/sk\/#website","url":"https:\/\/www.versiegelung24.com\/sk\/","name":"versiegelung24.com","description":"Fl\u00fcssigglas-Versiegelung - Made in Germany","publisher":{"@id":"https:\/\/www.versiegelung24.com\/sk\/#organization"},"potentialAction":[{"@type":"SearchAction","target":{"@type":"EntryPoint","urlTemplate":"https:\/\/www.versiegelung24.com\/sk\/?s={search_term_string}"},"query-input":{"@type":"PropertyValueSpecification","valueRequired":true,"valueName":"search_term_string"}}],"inLanguage":"sk-SK"},{"@type":"Organization","@id":"https:\/\/www.versiegelung24.com\/sk\/#organization","name":"versiegelung24","url":"https:\/\/www.versiegelung24.com\/sk\/","logo":{"@type":"ImageObject","inLanguage":"sk-SK","@id":"https:\/\/www.versiegelung24.com\/sk\/#\/schema\/logo\/image\/","url":"https:\/\/www.versiegelung24.com\/wp-content\/uploads\/2020\/04\/versiegelung24.png","contentUrl":"https:\/\/www.versiegelung24.com\/wp-content\/uploads\/2020\/04\/versiegelung24.png","width":470,"height":102,"caption":"versiegelung24"},"image":{"@id":"https:\/\/www.versiegelung24.com\/sk\/#\/schema\/logo\/image\/"}}]},"og_availability":"instock","product_availability":"instock","product_retailer_item_id":"4000-695","product_condition":"new"},"_links":{"self":[{"href":"https:\/\/www.versiegelung24.com\/sk\/wp-json\/wp\/v2\/product\/23193","targetHints":{"allow":["GET"]}}],"collection":[{"href":"https:\/\/www.versiegelung24.com\/sk\/wp-json\/wp\/v2\/product"}],"about":[{"href":"https:\/\/www.versiegelung24.com\/sk\/wp-json\/wp\/v2\/types\/product"}],"version-history":[{"count":16,"href":"https:\/\/www.versiegelung24.com\/sk\/wp-json\/wp\/v2\/product\/23193\/revisions"}],"predecessor-version":[{"id":177500,"href":"https:\/\/www.versiegelung24.com\/sk\/wp-json\/wp\/v2\/product\/23193\/revisions\/177500"}],"wp:featuredmedia":[{"embeddable":true,"href":"https:\/\/www.versiegelung24.com\/sk\/wp-json\/wp\/v2\/media\/18197"}],"wp:attachment":[{"href":"https:\/\/www.versiegelung24.com\/sk\/wp-json\/wp\/v2\/media?parent=23193"}],"wp:term":[{"taxonomy":"product_brand","embeddable":true,"href":"https:\/\/www.versiegelung24.com\/sk\/wp-json\/wp\/v2\/product_brand?post=23193"},{"taxonomy":"product_cat","embeddable":true,"href":"https:\/\/www.versiegelung24.com\/sk\/wp-json\/wp\/v2\/product_cat?post=23193"},{"taxonomy":"product_tag","embeddable":true,"href":"https:\/\/www.versiegelung24.com\/sk\/wp-json\/wp\/v2\/product_tag?post=23193"}],"curies":[{"name":"wp","href":"https:\/\/api.w.org\/{rel}","templated":true}]}}