{"id":23244,"date":"2020-04-04T18:53:42","date_gmt":"2021-08-02T19:28:50","guid":{"rendered":"https:\/\/www.versiegelung24.com\/produkt\/univerzalne-tesnenie-7675-pre-tvrde-nesave-povrchy-sklo-keramika-nehrdzavejuca-ocel-plast-kov"},"modified":"2025-03-20T10:10:25","modified_gmt":"2025-03-20T09:10:25","slug":"univerzalne-tesnenie-7675-na-tvrde-nesave-povrchy-sklo-keramika-nehrdzavejuca-ocel-plast-kov","status":"publish","type":"product","link":"https:\/\/www.versiegelung24.com\/sk\/univerzalne-tesnenie-7675-na-tvrde-nesave-povrchy-sklo-keramika-nehrdzavejuca-ocel-plast-kov.html","title":{"rendered":"Univerz\u00e1lne tesnenie 7675 pre &#8220;tvrd\u00e9&#8221; \/ nesav\u00e9 povrchy (sklo \/ keramika +++, nehrdzavej\u00faca oce\u013e +++, plast \/ kov ++)"},"content":{"rendered":"\n<p><strong>Vysoko \u00fa\u010dinn\u00fd profesion\u00e1lny univerz\u00e1lny tmel na &#8220;tvrd\u00e9&#8221;\/nenasiakav\u00e9 povrchy, ako s\u00fa sklo, keramika, plasty a kovov\u00e9 povrchy s \u013eahko \u010distite\u013en\u00fdm \u00fa\u010dinkom NOVINKA, pre interi\u00e9r aj exteri\u00e9r<\/strong><\/p>\n\n<p>Ide\u00e1lne pre sklo \/ keramiku a nehrdzavej\u00facu oce\u013e, pou\u017eite\u013en\u00e9 aj pre plasty a kov<\/p>\n\n<p>Vysok\u00e1 kvalita Made in Germany.<\/p>\n\n<p><strong>Univerz\u00e1lny tmel V24 4005-7675<\/strong> je n\u00e1terov\u00fd materi\u00e1l na b\u00e1ze alkoholu (IPA), ktor\u00fd vytv\u00e1ra \u013eahko \u010distite\u013en\u00fd efekt na sklenen\u00fdch, plastov\u00fdch, keramick\u00fdch a kovov\u00fdch povrchoch (chr\u00f3m, nehrdzavej\u00faca oce\u013e, hlin\u00edk). Materi\u00e1l vytv\u00e1ra na povrchu tenk\u00fd film, ktor\u00fd zni\u017euje pri\u013enavos\u0165 ne\u010dist\u00f4t a cudz\u00edch l\u00e1tok a umo\u017e\u0148uje lep\u0161ie odtekanie vody. Obalen\u00fd povrch sa obzvl\u00e1\u0161\u0165 \u013eahko \u010dist\u00ed<\/p>\n\n<hr \/>\n\n<h4 class=\"wp-block-heading\" id=\"properties\">Vlastnosti produktu<\/h4>\n\n<div class=\"wp-block-columns is-layout-flex wp-container-core-columns-is-layout-9d6595d7 wp-block-columns-is-layout-flex\">\n<div class=\"wp-block-column is-layout-flow wp-block-column-is-layout-flow\">\n<ul class=\"wp-block-list\">\n<li>Dod\u00e1van\u00e9 pripraven\u00e9 na pou\u017eitie<\/li>\n\n\n\n<li>nech sa voda lep\u0161ie stek\u00e1<\/li>\n\n\n\n<li>\u013dahko \u010distite\u013en\u00fd efekt s oh\u013eadom na ne\u010distoty a vodn\u00fd kame\u0148<\/li>\n\n\n\n<li>\u010d\u00edra, bezfarebn\u00e1 kvapalina, nevidite\u013en\u00e1 a nepostrehnute\u013en\u00e1<\/li>\n\n\n\n<li>Povrchy zostan\u00fa \u010dist\u00e9 ove\u013ea dlh\u0161ie, \u010do predl\u017euje \u010distiace cykly a v\u00fdrazne zni\u017euje n\u00e1klady, \u010das a energiu na \u010distenie a \u00fadr\u017ebu<\/li>\n\n\n\n<li>zni\u017euje rast mikroorganizmov a bakt\u00e9ri\u00ed a t\u00fdm zlep\u0161uje hygienu<\/li>\n<\/ul>\n<\/div>\n\n\n\n<div class=\"wp-block-column is-layout-flow wp-block-column-is-layout-flow\">\n<ul class=\"wp-block-list\">\n<li>Odoln\u00fd vo\u010di mrazu, extr\u00e9mnym teplot\u00e1m, UV \u017eiareniu, slanej vode a slan\u00e9mu vzduchu, miner\u00e1lom z tvrdej vody a z\u00e1sad\u00e1m<\/li>\n\n\n\n<li>Trus rias a vt\u00e1kov u\u017e nem\u00f4\u017ee pevne pri\u013en\u00fa\u0165<\/li>\n\n\n\n<li>bez flu\u00f3ru<\/li>\n<\/ul>\n\n\n\n<p><br \/><br \/>Rozsah dod\u00e1vky: 1 x litrov\u00e1 f\u013ea\u0161a 1 x rozpra\u0161ovacia hlavica<\/p>\n<\/div>\n<\/div>\n\n<hr \/>\n\n<h4 class=\"wp-block-heading\" id=\"application\">Aplik\u00e1cia<\/h4>\n\n<div class=\"wp-block-columns is-layout-flex wp-container-core-columns-is-layout-9d6595d7 wp-block-columns-is-layout-flex\">\n<div class=\"wp-block-column is-layout-flow wp-block-column-is-layout-flow\">\n<ul class=\"wp-block-list\">\n<li>Sanit\u00e1rna keramika (toalety, bidety, keramick\u00e9 vane, sprchy, um\u00fdvadl\u00e1, zrkadl\u00e1)<\/li>\n\n\n\n<li>Baz\u00e9ny (vonku keramick\u00e9, nevhodn\u00e9 pre podvodn\u00e9 vody)<\/li>\n\n\n\n<li>V\u0161etky druhy keramick\u00fdch dla\u017ed\u00edc, napr\u00edklad v kuchyniach<\/li>\n\n\n\n<li>Okenn\u00e9 a stavebn\u00e9 skl\u00e1 (zimn\u00e9 z\u00e1hrady, v\u00fd\u0161kov\u00e9 budovy, mark\u00edzy)<\/li>\n\n\n\n<li>Plastov\u00e9 a kovov\u00e9 povrchy<\/li>\n\n\n\n<li>Na autoskl\u00e1 odpor\u00fa\u010dame na\u0161e<a href=\"https:\/\/www.versiegelung24.com\/autoglas-versiegelung\/\"> Pr\u00e9miov\u00e9 tesnenie autoskla<\/a><\/li>\n<\/ul>\n<\/div>\n\n\n\n<div class=\"wp-block-column is-layout-flow wp-block-column-is-layout-flow\">\n<p><br \/><br \/><br \/><br \/>Jednoduch\u00e1 aplik\u00e1cia: 1. Povrch vopred ve\u013emi dobre o\u010distite (\u010d\u00edm je \u010distej\u0161\u00ed, t\u00fdm dlh\u0161ie vydr\u017e\u00ed tmel). 2. Pred pou\u017eit\u00edm ho op\u00e4\u0165 o\u010distite alkoholom (napr. izopropylom). 3. Tmel nastriekajte na handri\u010dku a naneste na povrch. 4. Tvarujte povrch.<br \/>Po 5 min\u00fatach opatrne vyle\u0161tite handri\u010dkou z mikrovl\u00e1kna bez pou\u017eitia tlaku 5. Nechajte vytvrdn\u00fa\u0165 12 hod\u00edn &#8211; hotovo<\/p>\n\n\n\n<p>\u010cas pou\u017eite\u013enosti: a\u017e 3-10 rokov<\/p>\n\n\n\n<p>1 liter m\u00f4\u017ee by\u0165 utesnen\u00e9 a\u017e 200 m\u00b2.<\/p>\n<\/div>\n<\/div>\n\n<hr \/>\n\n<h4 class=\"wp-block-heading\" id=\"h-ratgeber\">Poradca<\/h4>\n\n<p>Na\u0161e univerz\u00e1lne tesnenia s\u00fa obzvl\u00e1\u0161\u0165 vhodn\u00e9 pre sektor dom\u00e1cich majstrov.<\/p>\n\n<p>Sp\u00e1jaj\u00fa profesion\u00e1lny sp\u00f4sob p\u00f4sobenia na r\u00f4znych povrchoch s jednoduchou manipul\u00e1ciou pri aplik\u00e1cii. A to v\u0161etko bez toho, aby ste museli robi\u0165 z\u00e1sadn\u00e9 kompromisy z h\u013eadiska kvality.<\/p>\n\n<p>Len s jedn\u00fdm univerz\u00e1lnym tmelom je tak mo\u017en\u00e9 aplikova\u0165 na viacero materi\u00e1lov a z\u00e1rove\u0148 dosiahnu\u0165 kvalitn\u00fd efekt a dlh\u00fa \u017eivotnos\u0165.<\/p>\n\n<p>Av\u0161ak pre komer\u010dn\u00e9 a priemyseln\u00e9 aplik\u00e1cie, kde sa m\u00e1 dosiahnu\u0165 najvy\u0161\u0161ia mo\u017en\u00e1 \u00farove\u0148 v\u00fdkonu na konkr\u00e9tnom povrchu, odpor\u00fa\u010dame pou\u017eitie na\u0161ich \u0161peci\u00e1lnych povrchov\u00fdch \u00faprav pre dan\u00fd povrch.<\/p>\n","protected":false},"excerpt":{"rendered":"<p><strong>**NOVINKA** Vysoko\u00fa\u010dinn\u00e9 profesion\u00e1lne univerz\u00e1lne tesnenie pre &#8220;tvrd\u00e9&#8221;\/nesav\u00e9 povrchy ako napr.<\/strong><\/p>\n<p>\u2713 Sklo<\/p>\n<p>\u2713 Keramick\u00e9 povrchy<\/p>\n<p>\u2713 Plastov\u00e9 povrchy<\/p>\n<p>\u2713 Kovov\u00e9 povrchy<\/p>\n<p>\u2713 S efektom jednoduch\u00e9ho \u010distenia<\/p>\n","protected":false},"featured_media":18268,"template":"","meta":{"_acf_changed":false,"neve_meta_sidebar":"","neve_meta_container":"","neve_meta_enable_content_width":"","neve_meta_content_width":0,"neve_meta_title_alignment":"","neve_meta_author_avatar":"","neve_post_elements_order":"","neve_meta_disable_header":"","neve_meta_disable_footer":"","neve_meta_disable_title":"","neve_meta_reading_time":"","_surfaces":[],"_ver_product_tabs":[],"footnotes":""},"product_brand":[],"product_cat":[2490],"product_tag":[],"class_list":{"0":"post-23244","1":"product","2":"type-product","3":"status-publish","4":"has-post-thumbnail","6":"product_cat-univerzalne-tesnenie","8":"first","9":"instock","10":"taxable","11":"shipping-taxable","12":"purchasable","13":"product-type-simple"},"acf":[],"yoast_head":"<!-- This site is optimized with the Yoast SEO Premium plugin v22.8 (Yoast SEO v27.4) - https:\/\/yoast.com\/product\/yoast-seo-premium-wordpress\/ -->\n<title>Univerz\u00e1lne tesnenie 7675 pre &quot;tvrd\u00e9&quot; \/ nesav\u00e9 povrchy (sklo \/ keramika +++, nehrdzavej\u00faca oce\u013e +++, plast \/ kov ++) - versiegelung24.com<\/title>\n<meta name=\"robots\" content=\"index, follow, max-snippet:-1, max-image-preview:large, max-video-preview:-1\" \/>\n<link rel=\"canonical\" href=\"https:\/\/www.versiegelung24.com\/sk\/univerzalne-tesnenie-7675-na-tvrde-nesave-povrchy-sklo-keramika-nehrdzavejuca-ocel-plast-kov.html\" \/>\n<meta property=\"og:locale\" content=\"sk_SK\" \/>\n<meta property=\"og:type\" content=\"article\" \/>\n<meta property=\"og:title\" content=\"Univerz\u00e1lne tesnenie 7675 pre &quot;tvrd\u00e9&quot; \/ nesav\u00e9 povrchy (sklo \/ keramika +++, nehrdzavej\u00faca oce\u013e +++, plast \/ kov ++)\" \/>\n<meta property=\"og:description\" content=\"**NOVINKA** Vysoko\u00fa\u010dinn\u00e9 profesion\u00e1lne univerz\u00e1lne tesnenie pre &quot;tvrd\u00e9&quot;\/nesav\u00e9 povrchy ako napr. \u2713 Sklo \u2713 Keramick\u00e9 povrchy \u2713 Plastov\u00e9 povrchy \u2713 Kovov\u00e9 povrchy \u2713 S efektom jednoduch\u00e9ho \u010distenia\" \/>\n<meta property=\"og:url\" content=\"https:\/\/www.versiegelung24.com\/sk\/univerzalne-tesnenie-7675-na-tvrde-nesave-povrchy-sklo-keramika-nehrdzavejuca-ocel-plast-kov.html\" \/>\n<meta property=\"og:site_name\" content=\"versiegelung24.com\" \/>\n<meta property=\"article:modified_time\" content=\"2025-03-20T09:10:25+00:00\" \/>\n<meta property=\"og:image\" content=\"https:\/\/www.versiegelung24.com\/wp-content\/uploads\/2020\/06\/produkt-4005-7675-1000-Universalversiegelung-7675-scaled.jpg\" \/>\n\t<meta property=\"og:image:width\" content=\"2560\" \/>\n\t<meta property=\"og:image:height\" content=\"2560\" \/>\n\t<meta property=\"og:image:type\" content=\"image\/jpeg\" \/>\n<meta name=\"twitter:card\" content=\"summary_large_image\" \/>\n<meta name=\"twitter:label1\" content=\"Cena\" \/>\n\t<meta name=\"twitter:data1\" content=\"89,99&euro;\" \/>\n\t<meta name=\"twitter:label2\" content=\"Dostupnos\u0165\" \/>\n\t<meta name=\"twitter:data2\" content=\"Na sklade\" \/>\n<script type=\"application\/ld+json\" class=\"yoast-schema-graph\">{\"@context\":\"https:\\\/\\\/schema.org\",\"@graph\":[{\"@type\":\"WebPage\",\"@id\":\"https:\\\/\\\/www.versiegelung24.com\\\/sk\\\/univerzalne-tesnenie-7675-na-tvrde-nesave-povrchy-sklo-keramika-nehrdzavejuca-ocel-plast-kov.html\",\"url\":\"https:\\\/\\\/www.versiegelung24.com\\\/sk\\\/univerzalne-tesnenie-7675-na-tvrde-nesave-povrchy-sklo-keramika-nehrdzavejuca-ocel-plast-kov.html\",\"name\":\"Univerz\u00e1lne tesnenie 7675 pre \\\"tvrd\u00e9\\\" \\\/ nesav\u00e9 povrchy (sklo \\\/ keramika +++, nehrdzavej\u00faca oce\u013e +++, plast \\\/ kov ++) - versiegelung24.com\",\"isPartOf\":{\"@id\":\"https:\\\/\\\/www.versiegelung24.com\\\/sk\\\/#website\"},\"primaryImageOfPage\":{\"@id\":\"https:\\\/\\\/www.versiegelung24.com\\\/sk\\\/univerzalne-tesnenie-7675-na-tvrde-nesave-povrchy-sklo-keramika-nehrdzavejuca-ocel-plast-kov.html#primaryimage\"},\"image\":{\"@id\":\"https:\\\/\\\/www.versiegelung24.com\\\/sk\\\/univerzalne-tesnenie-7675-na-tvrde-nesave-povrchy-sklo-keramika-nehrdzavejuca-ocel-plast-kov.html#primaryimage\"},\"thumbnailUrl\":\"https:\\\/\\\/www.versiegelung24.com\\\/wp-content\\\/uploads\\\/2020\\\/06\\\/produkt-4005-7675-1000-Universalversiegelung-7675-scaled.jpg\",\"datePublished\":\"2021-08-02T19:28:50+00:00\",\"dateModified\":\"2025-03-20T09:10:25+00:00\",\"breadcrumb\":{\"@id\":\"https:\\\/\\\/www.versiegelung24.com\\\/sk\\\/univerzalne-tesnenie-7675-na-tvrde-nesave-povrchy-sklo-keramika-nehrdzavejuca-ocel-plast-kov.html#breadcrumb\"},\"inLanguage\":\"sk-SK\",\"potentialAction\":[{\"@type\":\"ReadAction\",\"target\":[\"https:\\\/\\\/www.versiegelung24.com\\\/sk\\\/univerzalne-tesnenie-7675-na-tvrde-nesave-povrchy-sklo-keramika-nehrdzavejuca-ocel-plast-kov.html\"]}]},{\"@type\":\"ImageObject\",\"inLanguage\":\"sk-SK\",\"@id\":\"https:\\\/\\\/www.versiegelung24.com\\\/sk\\\/univerzalne-tesnenie-7675-na-tvrde-nesave-povrchy-sklo-keramika-nehrdzavejuca-ocel-plast-kov.html#primaryimage\",\"url\":\"https:\\\/\\\/www.versiegelung24.com\\\/wp-content\\\/uploads\\\/2020\\\/06\\\/produkt-4005-7675-1000-Universalversiegelung-7675-scaled.jpg\",\"contentUrl\":\"https:\\\/\\\/www.versiegelung24.com\\\/wp-content\\\/uploads\\\/2020\\\/06\\\/produkt-4005-7675-1000-Universalversiegelung-7675-scaled.jpg\",\"width\":2560,\"height\":2560},{\"@type\":\"BreadcrumbList\",\"@id\":\"https:\\\/\\\/www.versiegelung24.com\\\/sk\\\/univerzalne-tesnenie-7675-na-tvrde-nesave-povrchy-sklo-keramika-nehrdzavejuca-ocel-plast-kov.html#breadcrumb\",\"itemListElement\":[{\"@type\":\"ListItem\",\"position\":1,\"name\":\"\u00davodn\u00e1 str\u00e1nka\",\"item\":\"https:\\\/\\\/www.versiegelung24.com\\\/sk\\\/predna-strana\\\/\"},{\"@type\":\"ListItem\",\"position\":2,\"name\":\"Obchod\",\"item\":\"https:\\\/\\\/www.versiegelung24.com\\\/sk\\\/obchod\\\/\"},{\"@type\":\"ListItem\",\"position\":3,\"name\":\"Univerz\u00e1lne tesnenie 7675 pre &#8220;tvrd\u00e9&#8221; \\\/ nesav\u00e9 povrchy (sklo \\\/ keramika +++, nehrdzavej\u00faca oce\u013e +++, plast \\\/ kov ++)\"}]},{\"@type\":\"WebSite\",\"@id\":\"https:\\\/\\\/www.versiegelung24.com\\\/sk\\\/#website\",\"url\":\"https:\\\/\\\/www.versiegelung24.com\\\/sk\\\/\",\"name\":\"versiegelung24.com\",\"description\":\"Fl\u00fcssigglas-Versiegelung - Made in Germany\",\"publisher\":{\"@id\":\"https:\\\/\\\/www.versiegelung24.com\\\/sk\\\/#organization\"},\"potentialAction\":[{\"@type\":\"SearchAction\",\"target\":{\"@type\":\"EntryPoint\",\"urlTemplate\":\"https:\\\/\\\/www.versiegelung24.com\\\/sk\\\/?s={search_term_string}\"},\"query-input\":{\"@type\":\"PropertyValueSpecification\",\"valueRequired\":true,\"valueName\":\"search_term_string\"}}],\"inLanguage\":\"sk-SK\"},{\"@type\":\"Organization\",\"@id\":\"https:\\\/\\\/www.versiegelung24.com\\\/sk\\\/#organization\",\"name\":\"versiegelung24\",\"url\":\"https:\\\/\\\/www.versiegelung24.com\\\/sk\\\/\",\"logo\":{\"@type\":\"ImageObject\",\"inLanguage\":\"sk-SK\",\"@id\":\"https:\\\/\\\/www.versiegelung24.com\\\/sk\\\/#\\\/schema\\\/logo\\\/image\\\/\",\"url\":\"https:\\\/\\\/www.versiegelung24.com\\\/wp-content\\\/uploads\\\/2020\\\/04\\\/versiegelung24.png\",\"contentUrl\":\"https:\\\/\\\/www.versiegelung24.com\\\/wp-content\\\/uploads\\\/2020\\\/04\\\/versiegelung24.png\",\"width\":470,\"height\":102,\"caption\":\"versiegelung24\"},\"image\":{\"@id\":\"https:\\\/\\\/www.versiegelung24.com\\\/sk\\\/#\\\/schema\\\/logo\\\/image\\\/\"}}]}<\/script>\n<meta property=\"product:price:amount\" content=\"89.99\" \/>\n<meta property=\"product:price:currency\" content=\"EUR\" \/>\n<meta property=\"og:availability\" content=\"instock\" \/>\n<meta property=\"product:availability\" content=\"instock\" \/>\n<meta property=\"product:retailer_item_id\" content=\"4005-7675\" \/>\n<meta property=\"product:condition\" content=\"new\" \/>\n<!-- \/ Yoast SEO Premium plugin. -->","yoast_head_json":{"title":"Univerz\u00e1lne tesnenie 7675 pre \"tvrd\u00e9\" \/ nesav\u00e9 povrchy (sklo \/ keramika +++, nehrdzavej\u00faca oce\u013e +++, plast \/ kov ++) - versiegelung24.com","robots":{"index":"index","follow":"follow","max-snippet":"max-snippet:-1","max-image-preview":"max-image-preview:large","max-video-preview":"max-video-preview:-1"},"canonical":"https:\/\/www.versiegelung24.com\/sk\/univerzalne-tesnenie-7675-na-tvrde-nesave-povrchy-sklo-keramika-nehrdzavejuca-ocel-plast-kov.html","og_locale":"sk_SK","og_type":"article","og_title":"Univerz\u00e1lne tesnenie 7675 pre \"tvrd\u00e9\" \/ nesav\u00e9 povrchy (sklo \/ keramika +++, nehrdzavej\u00faca oce\u013e +++, plast \/ kov ++)","og_description":"**NOVINKA** Vysoko\u00fa\u010dinn\u00e9 profesion\u00e1lne univerz\u00e1lne tesnenie pre \"tvrd\u00e9\"\/nesav\u00e9 povrchy ako napr. \u2713 Sklo \u2713 Keramick\u00e9 povrchy \u2713 Plastov\u00e9 povrchy \u2713 Kovov\u00e9 povrchy \u2713 S efektom jednoduch\u00e9ho \u010distenia","og_url":"https:\/\/www.versiegelung24.com\/sk\/univerzalne-tesnenie-7675-na-tvrde-nesave-povrchy-sklo-keramika-nehrdzavejuca-ocel-plast-kov.html","og_site_name":"versiegelung24.com","article_modified_time":"2025-03-20T09:10:25+00:00","og_image":[{"width":2560,"height":2560,"url":"https:\/\/www.versiegelung24.com\/wp-content\/uploads\/2020\/06\/produkt-4005-7675-1000-Universalversiegelung-7675-scaled.jpg","type":"image\/jpeg"}],"twitter_card":"summary_large_image","twitter_misc":{"Cena":"89,99&euro;","Dostupnos\u0165":"Na sklade"},"schema":{"@context":"https:\/\/schema.org","@graph":[{"@type":"WebPage","@id":"https:\/\/www.versiegelung24.com\/sk\/univerzalne-tesnenie-7675-na-tvrde-nesave-povrchy-sklo-keramika-nehrdzavejuca-ocel-plast-kov.html","url":"https:\/\/www.versiegelung24.com\/sk\/univerzalne-tesnenie-7675-na-tvrde-nesave-povrchy-sklo-keramika-nehrdzavejuca-ocel-plast-kov.html","name":"Univerz\u00e1lne tesnenie 7675 pre \"tvrd\u00e9\" \/ nesav\u00e9 povrchy (sklo \/ keramika +++, nehrdzavej\u00faca oce\u013e +++, plast \/ kov ++) - versiegelung24.com","isPartOf":{"@id":"https:\/\/www.versiegelung24.com\/sk\/#website"},"primaryImageOfPage":{"@id":"https:\/\/www.versiegelung24.com\/sk\/univerzalne-tesnenie-7675-na-tvrde-nesave-povrchy-sklo-keramika-nehrdzavejuca-ocel-plast-kov.html#primaryimage"},"image":{"@id":"https:\/\/www.versiegelung24.com\/sk\/univerzalne-tesnenie-7675-na-tvrde-nesave-povrchy-sklo-keramika-nehrdzavejuca-ocel-plast-kov.html#primaryimage"},"thumbnailUrl":"https:\/\/www.versiegelung24.com\/wp-content\/uploads\/2020\/06\/produkt-4005-7675-1000-Universalversiegelung-7675-scaled.jpg","datePublished":"2021-08-02T19:28:50+00:00","dateModified":"2025-03-20T09:10:25+00:00","breadcrumb":{"@id":"https:\/\/www.versiegelung24.com\/sk\/univerzalne-tesnenie-7675-na-tvrde-nesave-povrchy-sklo-keramika-nehrdzavejuca-ocel-plast-kov.html#breadcrumb"},"inLanguage":"sk-SK","potentialAction":[{"@type":"ReadAction","target":["https:\/\/www.versiegelung24.com\/sk\/univerzalne-tesnenie-7675-na-tvrde-nesave-povrchy-sklo-keramika-nehrdzavejuca-ocel-plast-kov.html"]}]},{"@type":"ImageObject","inLanguage":"sk-SK","@id":"https:\/\/www.versiegelung24.com\/sk\/univerzalne-tesnenie-7675-na-tvrde-nesave-povrchy-sklo-keramika-nehrdzavejuca-ocel-plast-kov.html#primaryimage","url":"https:\/\/www.versiegelung24.com\/wp-content\/uploads\/2020\/06\/produkt-4005-7675-1000-Universalversiegelung-7675-scaled.jpg","contentUrl":"https:\/\/www.versiegelung24.com\/wp-content\/uploads\/2020\/06\/produkt-4005-7675-1000-Universalversiegelung-7675-scaled.jpg","width":2560,"height":2560},{"@type":"BreadcrumbList","@id":"https:\/\/www.versiegelung24.com\/sk\/univerzalne-tesnenie-7675-na-tvrde-nesave-povrchy-sklo-keramika-nehrdzavejuca-ocel-plast-kov.html#breadcrumb","itemListElement":[{"@type":"ListItem","position":1,"name":"\u00davodn\u00e1 str\u00e1nka","item":"https:\/\/www.versiegelung24.com\/sk\/predna-strana\/"},{"@type":"ListItem","position":2,"name":"Obchod","item":"https:\/\/www.versiegelung24.com\/sk\/obchod\/"},{"@type":"ListItem","position":3,"name":"Univerz\u00e1lne tesnenie 7675 pre &#8220;tvrd\u00e9&#8221; \/ nesav\u00e9 povrchy (sklo \/ keramika +++, nehrdzavej\u00faca oce\u013e +++, plast \/ kov ++)"}]},{"@type":"WebSite","@id":"https:\/\/www.versiegelung24.com\/sk\/#website","url":"https:\/\/www.versiegelung24.com\/sk\/","name":"versiegelung24.com","description":"Fl\u00fcssigglas-Versiegelung - Made in Germany","publisher":{"@id":"https:\/\/www.versiegelung24.com\/sk\/#organization"},"potentialAction":[{"@type":"SearchAction","target":{"@type":"EntryPoint","urlTemplate":"https:\/\/www.versiegelung24.com\/sk\/?s={search_term_string}"},"query-input":{"@type":"PropertyValueSpecification","valueRequired":true,"valueName":"search_term_string"}}],"inLanguage":"sk-SK"},{"@type":"Organization","@id":"https:\/\/www.versiegelung24.com\/sk\/#organization","name":"versiegelung24","url":"https:\/\/www.versiegelung24.com\/sk\/","logo":{"@type":"ImageObject","inLanguage":"sk-SK","@id":"https:\/\/www.versiegelung24.com\/sk\/#\/schema\/logo\/image\/","url":"https:\/\/www.versiegelung24.com\/wp-content\/uploads\/2020\/04\/versiegelung24.png","contentUrl":"https:\/\/www.versiegelung24.com\/wp-content\/uploads\/2020\/04\/versiegelung24.png","width":470,"height":102,"caption":"versiegelung24"},"image":{"@id":"https:\/\/www.versiegelung24.com\/sk\/#\/schema\/logo\/image\/"}}]},"product_price_amount":"89.99","product_price_currency":"EUR","og_availability":"instock","product_availability":"instock","product_retailer_item_id":"4005-7675","product_condition":"new"},"_links":{"self":[{"href":"https:\/\/www.versiegelung24.com\/sk\/wp-json\/wp\/v2\/product\/23244","targetHints":{"allow":["GET"]}}],"collection":[{"href":"https:\/\/www.versiegelung24.com\/sk\/wp-json\/wp\/v2\/product"}],"about":[{"href":"https:\/\/www.versiegelung24.com\/sk\/wp-json\/wp\/v2\/types\/product"}],"version-history":[{"count":16,"href":"https:\/\/www.versiegelung24.com\/sk\/wp-json\/wp\/v2\/product\/23244\/revisions"}],"predecessor-version":[{"id":181105,"href":"https:\/\/www.versiegelung24.com\/sk\/wp-json\/wp\/v2\/product\/23244\/revisions\/181105"}],"wp:featuredmedia":[{"embeddable":true,"href":"https:\/\/www.versiegelung24.com\/sk\/wp-json\/wp\/v2\/media\/18268"}],"wp:attachment":[{"href":"https:\/\/www.versiegelung24.com\/sk\/wp-json\/wp\/v2\/media?parent=23244"}],"wp:term":[{"taxonomy":"product_brand","embeddable":true,"href":"https:\/\/www.versiegelung24.com\/sk\/wp-json\/wp\/v2\/product_brand?post=23244"},{"taxonomy":"product_cat","embeddable":true,"href":"https:\/\/www.versiegelung24.com\/sk\/wp-json\/wp\/v2\/product_cat?post=23244"},{"taxonomy":"product_tag","embeddable":true,"href":"https:\/\/www.versiegelung24.com\/sk\/wp-json\/wp\/v2\/product_tag?post=23244"}],"curies":[{"name":"wp","href":"https:\/\/api.w.org\/{rel}","templated":true}]}}