{"id":23298,"date":"2020-04-04T18:53:43","date_gmt":"2021-08-02T19:30:49","guid":{"rendered":"https:\/\/www.versiegelung24.com\/produkt\/univerzalne-tesnenie-695-pre-makke-save-povrchy-kamen-drevo-textil"},"modified":"2025-04-12T11:47:57","modified_gmt":"2025-04-12T09:47:57","slug":"univerzalne-tesnenie-695-na-makke-save-povrchy-kamen-drevo-textil","status":"publish","type":"product","link":"https:\/\/www.versiegelung24.com\/sk\/univerzalne-tesnenie-695-na-maekke-save-povrchy-kamen-drevo-textil.html","title":{"rendered":"Univerz\u00e1lne tesnenie 695 pre &#8220;m\u00e4kk\u00e9&#8221; \/ sav\u00e9 povrchy (kame\u0148 +++, drevo +++, textil ++)"},"content":{"rendered":"\n<p><strong>Vysoko\u00fa\u010dinn\u00e9 profesion\u00e1lne univerz\u00e1lne tesnenie na &#8220;m\u00e4kk\u00e9&#8221;\/sav\u00e9 povrchy ako s\u00fa text\u00edlie, kame\u0148, drevo s efektom jednoduch\u00e9ho \u010distenia<\/strong><\/p>\n\n<p>Ide\u00e1lne na kame\u0148 a drevo, vhodn\u00e9 aj na textil<\/p>\n\n<p>Vysok\u00e1 kvalita &#8211; vyroben\u00e9 v Nemecku<\/p>\n\n<p><strong>Univerz\u00e1lne tesnenie V24 4007-695<\/strong> je vodn\u00e1 impregn\u00e1cia pre sav\u00e9 \/ &#8220;m\u00e4kk\u00e9&#8221; povrchy s ve\u013emi dobrou hydrof\u00f3bnos\u0165ou (vodoodpudivos\u0165) a oleofobicitou (odpudzovanie oleja) povrchov. V\u00fdrobok tvor\u00ed takmer nevidite\u013en\u00fd tenk\u00fd povrchov\u00fd film. Vodoodpudiv\u00fd efekt v\u00fdrazne zni\u017euje r\u00fdchlos\u0165 prieniku vlhkosti na o\u0161etren\u00e9 povrchy a op\u00e4tovn\u00e9 zne\u010distenie. Prienik oleja a odfarbuj\u00facich l\u00e1tok na povrch je zn\u00ed\u017een\u00fd a d\u00e1 sa \u013eahko odstr\u00e1ni\u0165 \/ vy\u010disti\u0165.<\/p>\n\n<hr \/>\n\n<h4 class=\"wp-block-heading\" id=\"properties\">Vlastnosti produktu<\/h4>\n\n<div class=\"wp-block-columns is-layout-flex wp-container-core-columns-is-layout-9d6595d7 wp-block-columns-is-layout-flex\">\n<div class=\"wp-block-column is-layout-flow wp-block-column-is-layout-flow\">\n<p>Pozn\u00e1mka: Nen\u00e1kladn\u00fd biely textil m\u00f4\u017ee ma\u0165 \u017elt\u00fd n\u00e1dych<\/p>\n\n\n\n<p>V z\u00e1vislosti od nasiakavosti povrchu, ktor\u00fd m\u00e1 by\u0165 utesnen\u00fd, posta\u010d\u00ed 1 liter a\u017e do 40 m\u00b2.<\/p>\n<\/div>\n\n\n\n<div class=\"wp-block-column is-layout-flow wp-block-column-is-layout-flow\">\n<p><br \/><br \/>R<strong>ozsah dod\u00e1vky:<\/strong> 1 x litrov\u00e1 f\u013ea\u0161a 1 x rozpra\u0161ovacia hlavica<\/p>\n<\/div>\n<\/div>\n\n<hr \/>\n\n<h4 class=\"wp-block-heading\" id=\"h-ratgeber\">Poradca<\/h4>\n\n<p>Na\u0161e univerz\u00e1lne tesnenia s\u00fa obzvl\u00e1\u0161\u0165 vhodn\u00e9 pre sektor dom\u00e1cich majstrov.<\/p>\n\n<p>Sp\u00e1jaj\u00fa profesion\u00e1lny sp\u00f4sob p\u00f4sobenia na r\u00f4znych povrchoch s jednoduchou manipul\u00e1ciou pri aplik\u00e1cii. A to v\u0161etko bez toho, aby ste museli robi\u0165 z\u00e1sadn\u00e9 kompromisy z h\u013eadiska kvality.<\/p>\n\n<p>Len s jedn\u00fdm univerz\u00e1lnym tmelom je tak mo\u017en\u00e9 aplikova\u0165 na viacero materi\u00e1lov a z\u00e1rove\u0148 dosiahnu\u0165 kvalitn\u00fd efekt a dlh\u00fa \u017eivotnos\u0165.<\/p>\n\n<p>Av\u0161ak pre komer\u010dn\u00e9 a priemyseln\u00e9 aplik\u00e1cie, kde sa m\u00e1 dosiahnu\u0165 najvy\u0161\u0161ia mo\u017en\u00e1 \u00farove\u0148 v\u00fdkonu na konkr\u00e9tnom povrchu, odpor\u00fa\u010dame pou\u017eitie na\u0161ich \u0161peci\u00e1lnych povrchov\u00fdch \u00faprav pre dan\u00fd povrch.<\/p>\n","protected":false},"excerpt":{"rendered":"<p><strong>Vysoko \u00fa\u010dinn\u00e9 profesion\u00e1lne univerz\u00e1lne tesnenie pre sav\u00e9 \/ &#8220;m\u00e4kk\u00e9&#8221; povrchy:<\/strong><\/p>\n<p>\u2713 Textiln\u00e9<\/p>\n<p>\u2713 Kame\u0148<\/p>\n<p>\u2713 drevo<\/p>\n<p>\u2713 S efektom jednoduch\u00e9ho \u010distenia<\/p>\n","protected":false},"featured_media":18336,"template":"","meta":{"_acf_changed":false,"neve_meta_sidebar":"","neve_meta_container":"","neve_meta_enable_content_width":"","neve_meta_content_width":0,"neve_meta_title_alignment":"","neve_meta_author_avatar":"","neve_post_elements_order":"","neve_meta_disable_header":"","neve_meta_disable_footer":"","neve_meta_disable_title":"","neve_meta_reading_time":"","_surfaces":[],"_ver_product_tabs":[],"footnotes":""},"product_brand":[],"product_cat":[2490],"product_tag":[],"class_list":{"0":"post-23298","1":"product","2":"type-product","3":"status-publish","4":"has-post-thumbnail","6":"product_cat-univerzalne-tesnenie","7":"pa_gebinde-1000-ml-flasa","8":"pa_gebinde-20l-kanister-sk","10":"first","11":"instock","12":"taxable","13":"shipping-taxable","14":"purchasable","15":"product-type-variable","16":"has-default-attributes"},"acf":[],"yoast_head":"<!-- This site is optimized with the Yoast SEO Premium plugin v22.8 (Yoast SEO v27.5) - https:\/\/yoast.com\/product\/yoast-seo-premium-wordpress\/ -->\n<title>Univerz\u00e1lne tesnenie 695 pre &quot;m\u00e4kk\u00e9&quot; \/ sav\u00e9 povrchy (kame\u0148 +++, drevo +++, textil ++) - versiegelung24.com<\/title>\n<meta name=\"robots\" content=\"index, follow, max-snippet:-1, max-image-preview:large, max-video-preview:-1\" \/>\n<link rel=\"canonical\" href=\"https:\/\/www.versiegelung24.com\/sk\/univerzalne-tesnenie-695-na-maekke-save-povrchy-kamen-drevo-textil.html\" \/>\n<meta property=\"og:locale\" content=\"sk_SK\" \/>\n<meta property=\"og:type\" content=\"article\" \/>\n<meta property=\"og:title\" content=\"Univerz\u00e1lne tesnenie 695 pre &quot;m\u00e4kk\u00e9&quot; \/ sav\u00e9 povrchy (kame\u0148 +++, drevo +++, textil ++)\" \/>\n<meta property=\"og:description\" content=\"Vysoko \u00fa\u010dinn\u00e9 profesion\u00e1lne univerz\u00e1lne tesnenie pre sav\u00e9 \/ &quot;m\u00e4kk\u00e9&quot; povrchy: \u2713 Textiln\u00e9 \u2713 Kame\u0148 \u2713 drevo \u2713 S efektom jednoduch\u00e9ho \u010distenia\" \/>\n<meta property=\"og:url\" content=\"https:\/\/www.versiegelung24.com\/sk\/univerzalne-tesnenie-695-na-maekke-save-povrchy-kamen-drevo-textil.html\" \/>\n<meta property=\"og:site_name\" content=\"versiegelung24.com\" \/>\n<meta property=\"article:modified_time\" content=\"2025-04-12T09:47:57+00:00\" \/>\n<meta property=\"og:image\" content=\"https:\/\/www.versiegelung24.com\/wp-content\/uploads\/2020\/06\/produkt-4007-695-1000-Universalversiegelung-695-scaled.jpg\" \/>\n\t<meta property=\"og:image:width\" content=\"2560\" \/>\n\t<meta property=\"og:image:height\" content=\"2560\" \/>\n\t<meta property=\"og:image:type\" content=\"image\/jpeg\" \/>\n<meta name=\"twitter:card\" content=\"summary_large_image\" \/>\n<meta name=\"twitter:label1\" content=\"Dostupnos\u0165\" \/>\n\t<meta name=\"twitter:data1\" content=\"Na sklade\" \/>\n<script type=\"application\/ld+json\" class=\"yoast-schema-graph\">{\"@context\":\"https:\\\/\\\/schema.org\",\"@graph\":[{\"@type\":\"WebPage\",\"@id\":\"https:\\\/\\\/www.versiegelung24.com\\\/sk\\\/univerzalne-tesnenie-695-na-maekke-save-povrchy-kamen-drevo-textil.html\",\"url\":\"https:\\\/\\\/www.versiegelung24.com\\\/sk\\\/univerzalne-tesnenie-695-na-maekke-save-povrchy-kamen-drevo-textil.html\",\"name\":\"Univerz\u00e1lne tesnenie 695 pre \\\"m\u00e4kk\u00e9\\\" \\\/ sav\u00e9 povrchy (kame\u0148 +++, drevo +++, textil ++) - versiegelung24.com\",\"isPartOf\":{\"@id\":\"https:\\\/\\\/www.versiegelung24.com\\\/sk\\\/#website\"},\"primaryImageOfPage\":{\"@id\":\"https:\\\/\\\/www.versiegelung24.com\\\/sk\\\/univerzalne-tesnenie-695-na-maekke-save-povrchy-kamen-drevo-textil.html#primaryimage\"},\"image\":{\"@id\":\"https:\\\/\\\/www.versiegelung24.com\\\/sk\\\/univerzalne-tesnenie-695-na-maekke-save-povrchy-kamen-drevo-textil.html#primaryimage\"},\"thumbnailUrl\":\"https:\\\/\\\/www.versiegelung24.com\\\/wp-content\\\/uploads\\\/2020\\\/06\\\/produkt-4007-695-1000-Universalversiegelung-695-scaled.jpg\",\"datePublished\":\"2021-08-02T19:30:49+00:00\",\"dateModified\":\"2025-04-12T09:47:57+00:00\",\"breadcrumb\":{\"@id\":\"https:\\\/\\\/www.versiegelung24.com\\\/sk\\\/univerzalne-tesnenie-695-na-maekke-save-povrchy-kamen-drevo-textil.html#breadcrumb\"},\"inLanguage\":\"sk-SK\",\"potentialAction\":[{\"@type\":\"ReadAction\",\"target\":[\"https:\\\/\\\/www.versiegelung24.com\\\/sk\\\/univerzalne-tesnenie-695-na-maekke-save-povrchy-kamen-drevo-textil.html\"]}]},{\"@type\":\"ImageObject\",\"inLanguage\":\"sk-SK\",\"@id\":\"https:\\\/\\\/www.versiegelung24.com\\\/sk\\\/univerzalne-tesnenie-695-na-maekke-save-povrchy-kamen-drevo-textil.html#primaryimage\",\"url\":\"https:\\\/\\\/www.versiegelung24.com\\\/wp-content\\\/uploads\\\/2020\\\/06\\\/produkt-4007-695-1000-Universalversiegelung-695-scaled.jpg\",\"contentUrl\":\"https:\\\/\\\/www.versiegelung24.com\\\/wp-content\\\/uploads\\\/2020\\\/06\\\/produkt-4007-695-1000-Universalversiegelung-695-scaled.jpg\",\"width\":2560,\"height\":2560},{\"@type\":\"BreadcrumbList\",\"@id\":\"https:\\\/\\\/www.versiegelung24.com\\\/sk\\\/univerzalne-tesnenie-695-na-maekke-save-povrchy-kamen-drevo-textil.html#breadcrumb\",\"itemListElement\":[{\"@type\":\"ListItem\",\"position\":1,\"name\":\"\u00davodn\u00e1 str\u00e1nka\",\"item\":\"https:\\\/\\\/www.versiegelung24.com\\\/sk\\\/predna-strana\\\/\"},{\"@type\":\"ListItem\",\"position\":2,\"name\":\"Obchod\",\"item\":\"https:\\\/\\\/www.versiegelung24.com\\\/sk\\\/obchod\\\/\"},{\"@type\":\"ListItem\",\"position\":3,\"name\":\"Univerz\u00e1lne tesnenie 695 pre &#8220;m\u00e4kk\u00e9&#8221; \\\/ sav\u00e9 povrchy (kame\u0148 +++, drevo +++, textil ++)\"}]},{\"@type\":\"WebSite\",\"@id\":\"https:\\\/\\\/www.versiegelung24.com\\\/sk\\\/#website\",\"url\":\"https:\\\/\\\/www.versiegelung24.com\\\/sk\\\/\",\"name\":\"versiegelung24.com\",\"description\":\"Fl\u00fcssigglas-Versiegelung - Made in Germany\",\"publisher\":{\"@id\":\"https:\\\/\\\/www.versiegelung24.com\\\/sk\\\/#organization\"},\"potentialAction\":[{\"@type\":\"SearchAction\",\"target\":{\"@type\":\"EntryPoint\",\"urlTemplate\":\"https:\\\/\\\/www.versiegelung24.com\\\/sk\\\/?s={search_term_string}\"},\"query-input\":{\"@type\":\"PropertyValueSpecification\",\"valueRequired\":true,\"valueName\":\"search_term_string\"}}],\"inLanguage\":\"sk-SK\"},{\"@type\":\"Organization\",\"@id\":\"https:\\\/\\\/www.versiegelung24.com\\\/sk\\\/#organization\",\"name\":\"versiegelung24\",\"url\":\"https:\\\/\\\/www.versiegelung24.com\\\/sk\\\/\",\"logo\":{\"@type\":\"ImageObject\",\"inLanguage\":\"sk-SK\",\"@id\":\"https:\\\/\\\/www.versiegelung24.com\\\/sk\\\/#\\\/schema\\\/logo\\\/image\\\/\",\"url\":\"https:\\\/\\\/www.versiegelung24.com\\\/wp-content\\\/uploads\\\/2020\\\/04\\\/versiegelung24.png\",\"contentUrl\":\"https:\\\/\\\/www.versiegelung24.com\\\/wp-content\\\/uploads\\\/2020\\\/04\\\/versiegelung24.png\",\"width\":470,\"height\":102,\"caption\":\"versiegelung24\"},\"image\":{\"@id\":\"https:\\\/\\\/www.versiegelung24.com\\\/sk\\\/#\\\/schema\\\/logo\\\/image\\\/\"}}]}<\/script>\n<meta property=\"og:availability\" content=\"instock\" \/>\n<meta property=\"product:availability\" content=\"instock\" \/>\n<meta property=\"product:retailer_item_id\" content=\"4007-695\" \/>\n<meta property=\"product:condition\" content=\"new\" \/>\n<!-- \/ Yoast SEO Premium plugin. -->","yoast_head_json":{"title":"Univerz\u00e1lne tesnenie 695 pre \"m\u00e4kk\u00e9\" \/ sav\u00e9 povrchy (kame\u0148 +++, drevo +++, textil ++) - versiegelung24.com","robots":{"index":"index","follow":"follow","max-snippet":"max-snippet:-1","max-image-preview":"max-image-preview:large","max-video-preview":"max-video-preview:-1"},"canonical":"https:\/\/www.versiegelung24.com\/sk\/univerzalne-tesnenie-695-na-maekke-save-povrchy-kamen-drevo-textil.html","og_locale":"sk_SK","og_type":"article","og_title":"Univerz\u00e1lne tesnenie 695 pre \"m\u00e4kk\u00e9\" \/ sav\u00e9 povrchy (kame\u0148 +++, drevo +++, textil ++)","og_description":"Vysoko \u00fa\u010dinn\u00e9 profesion\u00e1lne univerz\u00e1lne tesnenie pre sav\u00e9 \/ \"m\u00e4kk\u00e9\" povrchy: \u2713 Textiln\u00e9 \u2713 Kame\u0148 \u2713 drevo \u2713 S efektom jednoduch\u00e9ho \u010distenia","og_url":"https:\/\/www.versiegelung24.com\/sk\/univerzalne-tesnenie-695-na-maekke-save-povrchy-kamen-drevo-textil.html","og_site_name":"versiegelung24.com","article_modified_time":"2025-04-12T09:47:57+00:00","og_image":[{"width":2560,"height":2560,"url":"https:\/\/www.versiegelung24.com\/wp-content\/uploads\/2020\/06\/produkt-4007-695-1000-Universalversiegelung-695-scaled.jpg","type":"image\/jpeg"}],"twitter_card":"summary_large_image","twitter_misc":{"Dostupnos\u0165":"Na sklade"},"schema":{"@context":"https:\/\/schema.org","@graph":[{"@type":"WebPage","@id":"https:\/\/www.versiegelung24.com\/sk\/univerzalne-tesnenie-695-na-maekke-save-povrchy-kamen-drevo-textil.html","url":"https:\/\/www.versiegelung24.com\/sk\/univerzalne-tesnenie-695-na-maekke-save-povrchy-kamen-drevo-textil.html","name":"Univerz\u00e1lne tesnenie 695 pre \"m\u00e4kk\u00e9\" \/ sav\u00e9 povrchy (kame\u0148 +++, drevo +++, textil ++) - versiegelung24.com","isPartOf":{"@id":"https:\/\/www.versiegelung24.com\/sk\/#website"},"primaryImageOfPage":{"@id":"https:\/\/www.versiegelung24.com\/sk\/univerzalne-tesnenie-695-na-maekke-save-povrchy-kamen-drevo-textil.html#primaryimage"},"image":{"@id":"https:\/\/www.versiegelung24.com\/sk\/univerzalne-tesnenie-695-na-maekke-save-povrchy-kamen-drevo-textil.html#primaryimage"},"thumbnailUrl":"https:\/\/www.versiegelung24.com\/wp-content\/uploads\/2020\/06\/produkt-4007-695-1000-Universalversiegelung-695-scaled.jpg","datePublished":"2021-08-02T19:30:49+00:00","dateModified":"2025-04-12T09:47:57+00:00","breadcrumb":{"@id":"https:\/\/www.versiegelung24.com\/sk\/univerzalne-tesnenie-695-na-maekke-save-povrchy-kamen-drevo-textil.html#breadcrumb"},"inLanguage":"sk-SK","potentialAction":[{"@type":"ReadAction","target":["https:\/\/www.versiegelung24.com\/sk\/univerzalne-tesnenie-695-na-maekke-save-povrchy-kamen-drevo-textil.html"]}]},{"@type":"ImageObject","inLanguage":"sk-SK","@id":"https:\/\/www.versiegelung24.com\/sk\/univerzalne-tesnenie-695-na-maekke-save-povrchy-kamen-drevo-textil.html#primaryimage","url":"https:\/\/www.versiegelung24.com\/wp-content\/uploads\/2020\/06\/produkt-4007-695-1000-Universalversiegelung-695-scaled.jpg","contentUrl":"https:\/\/www.versiegelung24.com\/wp-content\/uploads\/2020\/06\/produkt-4007-695-1000-Universalversiegelung-695-scaled.jpg","width":2560,"height":2560},{"@type":"BreadcrumbList","@id":"https:\/\/www.versiegelung24.com\/sk\/univerzalne-tesnenie-695-na-maekke-save-povrchy-kamen-drevo-textil.html#breadcrumb","itemListElement":[{"@type":"ListItem","position":1,"name":"\u00davodn\u00e1 str\u00e1nka","item":"https:\/\/www.versiegelung24.com\/sk\/predna-strana\/"},{"@type":"ListItem","position":2,"name":"Obchod","item":"https:\/\/www.versiegelung24.com\/sk\/obchod\/"},{"@type":"ListItem","position":3,"name":"Univerz\u00e1lne tesnenie 695 pre &#8220;m\u00e4kk\u00e9&#8221; \/ sav\u00e9 povrchy (kame\u0148 +++, drevo +++, textil ++)"}]},{"@type":"WebSite","@id":"https:\/\/www.versiegelung24.com\/sk\/#website","url":"https:\/\/www.versiegelung24.com\/sk\/","name":"versiegelung24.com","description":"Fl\u00fcssigglas-Versiegelung - Made in Germany","publisher":{"@id":"https:\/\/www.versiegelung24.com\/sk\/#organization"},"potentialAction":[{"@type":"SearchAction","target":{"@type":"EntryPoint","urlTemplate":"https:\/\/www.versiegelung24.com\/sk\/?s={search_term_string}"},"query-input":{"@type":"PropertyValueSpecification","valueRequired":true,"valueName":"search_term_string"}}],"inLanguage":"sk-SK"},{"@type":"Organization","@id":"https:\/\/www.versiegelung24.com\/sk\/#organization","name":"versiegelung24","url":"https:\/\/www.versiegelung24.com\/sk\/","logo":{"@type":"ImageObject","inLanguage":"sk-SK","@id":"https:\/\/www.versiegelung24.com\/sk\/#\/schema\/logo\/image\/","url":"https:\/\/www.versiegelung24.com\/wp-content\/uploads\/2020\/04\/versiegelung24.png","contentUrl":"https:\/\/www.versiegelung24.com\/wp-content\/uploads\/2020\/04\/versiegelung24.png","width":470,"height":102,"caption":"versiegelung24"},"image":{"@id":"https:\/\/www.versiegelung24.com\/sk\/#\/schema\/logo\/image\/"}}]},"og_availability":"instock","product_availability":"instock","product_retailer_item_id":"4007-695","product_condition":"new"},"_links":{"self":[{"href":"https:\/\/www.versiegelung24.com\/sk\/wp-json\/wp\/v2\/product\/23298","targetHints":{"allow":["GET"]}}],"collection":[{"href":"https:\/\/www.versiegelung24.com\/sk\/wp-json\/wp\/v2\/product"}],"about":[{"href":"https:\/\/www.versiegelung24.com\/sk\/wp-json\/wp\/v2\/types\/product"}],"version-history":[{"count":23,"href":"https:\/\/www.versiegelung24.com\/sk\/wp-json\/wp\/v2\/product\/23298\/revisions"}],"predecessor-version":[{"id":181443,"href":"https:\/\/www.versiegelung24.com\/sk\/wp-json\/wp\/v2\/product\/23298\/revisions\/181443"}],"wp:featuredmedia":[{"embeddable":true,"href":"https:\/\/www.versiegelung24.com\/sk\/wp-json\/wp\/v2\/media\/18336"}],"wp:attachment":[{"href":"https:\/\/www.versiegelung24.com\/sk\/wp-json\/wp\/v2\/media?parent=23298"}],"wp:term":[{"taxonomy":"product_brand","embeddable":true,"href":"https:\/\/www.versiegelung24.com\/sk\/wp-json\/wp\/v2\/product_brand?post=23298"},{"taxonomy":"product_cat","embeddable":true,"href":"https:\/\/www.versiegelung24.com\/sk\/wp-json\/wp\/v2\/product_cat?post=23298"},{"taxonomy":"product_tag","embeddable":true,"href":"https:\/\/www.versiegelung24.com\/sk\/wp-json\/wp\/v2\/product_tag?post=23298"}],"curies":[{"name":"wp","href":"https:\/\/api.w.org\/{rel}","templated":true}]}}