{"id":23420,"date":"2020-04-04T18:53:17","date_gmt":"2021-08-02T19:35:41","guid":{"rendered":"https:\/\/www.versiegelung24.com\/produkt\/5-litrov-koncentratu-bacoban-na-500-litrov-dlhodobej-dezinfekcie-povrchu"},"modified":"2025-01-13T16:36:52","modified_gmt":"2025-01-13T15:36:52","slug":"bacoban-dlhodoba-povrchova-dezinfekcia-5-000ml-koncentrat-na-baze-vody","status":"publish","type":"product","link":"https:\/\/www.versiegelung24.com\/sk\/bacoban-dlhodoba-povrchova-dezinfekcia-5-000ml-koncentrat-na-baze-vody.html","title":{"rendered":"5 litrov koncentr\u00e1tu BACOBAN\u00ae na 500 litrov dlhodobej dezinfekcie povrchu"},"content":{"rendered":"\n<h2 class=\"wp-block-heading\" id=\"h-5-liter-kanister-bacoban-langzeit-flachendesinfektion-konzentrat\">5-litrov\u00fd kanister BACOBAN\u00ae koncentr\u00e1t na dlhodob\u00fa povrchov\u00fa dezinfekciu<\/h2>\n\n<p><strong>Posta\u010d\u00ed na 500 litrov dezinfek\u010dn\u00e9ho prostriedku (rieden\u00e9ho 1: 100 vodou)<\/strong><\/p>\n\n<p><strong>Dezinfek\u010dn\u00e9 prostriedky pou\u017e\u00edvajte opatrne. Pred pou\u017eit\u00edm si v\u017edy pre\u010d\u00edtajte etiketu a inform\u00e1cie o produkte.<\/strong><\/p>\n\n<hr \/>\n\n<h4 class=\"wp-block-heading\" id=\"properties\">Vlastnosti produktu<\/h4>\n\n<p><br \/>Z<strong>lo\u017eenie:<\/strong> 100 g roztoku obsahuje:<br \/>Zlo\u017eenie pod\u013ea nariadenia (ES) \u010d. 648\/2004: 15 % a viac, ale menej ako 30 % kati\u00f3nov\u00fdch povrchovo akt\u00edvnych l\u00e1tok, dezinfek\u010dn\u00e9 l\u00e1tky, vonn\u00e9 l\u00e1tky (linalool, limon\u00e9n, citral, geraniol, citronellol)<\/p>\n<div class=\"wp-block-image\">\n<figure class=\"aligncenter size-large is-resized\"><img decoding=\"async\" src=\"https:\/\/www.versiegelung24.com\/wp-content\/uploads\/2022\/01\/desinfektion_tisch-1300x260.jpg\" alt=\"\" class=\"wp-image-59386\" width=\"1500\" srcset=\"https:\/\/www.versiegelung24.com\/wp-content\/uploads\/2022\/01\/desinfektion_tisch-1300x260.jpg 1300w, https:\/\/www.versiegelung24.com\/wp-content\/uploads\/2022\/01\/desinfektion_tisch-300x60.jpg 300w, https:\/\/www.versiegelung24.com\/wp-content\/uploads\/2022\/01\/desinfektion_tisch-768x154.jpg 768w, https:\/\/www.versiegelung24.com\/wp-content\/uploads\/2022\/01\/desinfektion_tisch-600x120.jpg 600w, https:\/\/www.versiegelung24.com\/wp-content\/uploads\/2022\/01\/desinfektion_tisch.jpg 1500w\" sizes=\"(max-width: 1300px) 100vw, 1300px\" \/><\/figure>\n<\/div>\n<hr \/>\n\n<h4 class=\"wp-block-heading\" id=\"application\">Aplik\u00e1cia<\/h4>\n\n<p>Von<strong> Bacoban<\/strong><sup> \u00ae<\/sup><strong> WB<\/strong> Pod\u013ea mie\u0161acieho stola pripravte roztok pripraven\u00fd na pou\u017eitie a povrchy dostato\u010dne navlh\u010dite. Neoplachujte ani neotierajte dosucha. \u010cas st\u00e1tia \u010derstvo pripraven\u00e9ho pracovn\u00e9ho roztoku: 8 hod\u00edn<\/p>\n\n<figure class=\"wp-block-table\"><table><tbody><tr><td>Mixovac\u00ed st\u00f4l<\/td><\/tr><tr><td>Kone\u010dn\u00fd objem<\/td><td>0,5 %<\/td><td>1 %<\/td><td>2 %<\/td><td>3 %<\/td><\/tr><tr><td>1 liter<\/td><td>5 ml<\/td><td>10 ml<\/td><td>20 ml<\/td><td>30 ml<\/td><\/tr><tr><td>2 litre<\/td><td>10 ml<\/td><td>20 ml<\/td><td>40 ml<\/td><td>60 ml<\/td><\/tr><tr><td>4 litre<\/td><td>20 ml<\/td><td>40 ml<\/td><td>80 ml<\/td><td>120 ml<\/td><\/tr><tr><td>8 litrov<\/td><td>40 ml<\/td><td>80 ml<\/td><td>160 ml<\/td><td>240 ml<\/td><\/tr><tr><td>10 litrov<\/td><td>50 ml<\/td><td>100 ml<\/td><td>200 ml<\/td><td>300 ml<\/td><\/tr><\/tbody><\/table><figcaption>mie\u0161ac\u00ed st\u00f4l<\/figcaption><\/figure>\n\n<p><br \/>Dlhotrvaj\u00faci antimikrobi\u00e1lny \u00fa\u010dinok <strong>(remanen\u010dn\u00fd \u00fa\u010dinok)<\/strong> a\u017e <strong>10 dn\u00ed<\/strong> (testovan\u00e9 pod\u013ea normy ASTM E 2180). Dermatologicky testovan\u00e9 (*pri 1 %): ve\u013emi dobr\u00e1 zn\u00e1\u0161anlivos\u0165 s poko\u017ekou.<\/p>\n\n<p><strong>\u00da\u010dinnos\u0165 a d\u00e1vkovanie:<\/strong><\/p>\n\n<div class=\"wp-block-columns is-layout-flex wp-container-core-columns-is-layout-9d6595d7 wp-block-columns-is-layout-flex\">\n<div class=\"wp-block-column is-layout-flow wp-block-column-is-layout-flow\">\n<p><br \/><br \/><br \/><br \/><br \/>Testovanie pod\u013ea smern\u00edc DGHM (vysok\u00e9 organick\u00e9 za\u0165a\u017eenie): 1,5 %, 15 min.; 2,0 %, 5 min. Testovanie pod\u013ea smern\u00edc EN: DIN EN 1040: 0,25 %, 5 min. DIN EN 1275: 0,25 %, 5 min. DIN EN 1276: 0,75 %, 5 min.\/0,50 %, 15 min.<\/p>\n<\/div>\n\n\n\n<div class=\"wp-block-column is-layout-flow wp-block-column-is-layout-flow\">\n<p><br \/><br \/>DIN EN 1650: 0,50 %, 5 min\/0,25 %, 15 min DIN EN 13697: 0,50 %, 15 min EN 13727:<br \/><br \/><br \/><br \/>EN 13624: 1 %, 5 min DIN EN 14561: 3 %, 5 min, 0,5 %, 60 min DIN EN 14562: 0,5 %, 60 min Sk\u00fa\u0161ky pod\u013ea smern\u00edc DVV: *(HIV, HBV, HCV, herpes, chr\u00edpka, tie\u017e vt\u00e1\u010dia chr\u00edpka, BVDV, vakc\u00edna), rotav\u00edrus: 0,1 %, 5 min, adenov\u00edrus: 2,0 %, 240 min.<\/p>\n<\/div>\n<\/div>\n\n<p><strong>Trval\u00fd antimikrobi\u00e1lny \u00fa\u010dinok a\u017e 10 dn\u00ed<\/strong> (testovan\u00e9 na z\u00e1klade ASTM E 2180)<\/p>\n\n<p><br \/>D<strong>\u00f4le\u017eit\u00e9!<\/strong> Dlhodob\u00fd antimikrobi\u00e1lny \u00fa\u010dinok <sup>Bacobanu\u00aeWB<\/sup>nesmie vies\u0165 k vynechaniu potrebn\u00fdch dezinfek\u010dn\u00fdch opatren\u00ed v pr\u00edpade vidite\u013enej a\/alebo pochybnej kontamin\u00e1cie!<\/p>\n<div class=\"wp-block-image\">\n<figure class=\"aligncenter size-large is-resized\"><img decoding=\"async\" src=\"https:\/\/www.versiegelung24.com\/wp-content\/uploads\/2022\/01\/tuere_viren-1300x260.jpg\" alt=\"\" class=\"wp-image-59414\" width=\"1500\" srcset=\"https:\/\/www.versiegelung24.com\/wp-content\/uploads\/2022\/01\/tuere_viren-1300x260.jpg 1300w, https:\/\/www.versiegelung24.com\/wp-content\/uploads\/2022\/01\/tuere_viren-300x60.jpg 300w, https:\/\/www.versiegelung24.com\/wp-content\/uploads\/2022\/01\/tuere_viren-768x154.jpg 768w, https:\/\/www.versiegelung24.com\/wp-content\/uploads\/2022\/01\/tuere_viren-600x120.jpg 600w, https:\/\/www.versiegelung24.com\/wp-content\/uploads\/2022\/01\/tuere_viren.jpg 1500w\" sizes=\"(max-width: 1300px) 100vw, 1300px\" \/><\/figure>\n<\/div>\n<hr \/>\n\n<h4 class=\"wp-block-heading\" id=\"advisor\">Poradca<\/h4>\n\n<p><br \/>B<strong>ezpe\u010dnostn\u00e9 inform\u00e1cie:<\/strong> Zdru\u017eenie pre poistenie zodpovednosti zamestn\u00e1vate\u013eov stanovuje, \u017ee pri pr\u00e1ci s dezinfek\u010dn\u00fdmi prostriedkami sa musia pou\u017e\u00edva\u0165 rukavice. \u0160kodliv\u00fd pri po\u017eit\u00ed. Sp\u00f4sobuje v\u00e1\u017ene pop\u00e1leniny poko\u017eky a po\u0161kodenie o\u010d\u00ed. Ve\u013emi toxick\u00fd pre vodn\u00e9 organizmy. Toxick\u00fd pre vodn\u00e9 organizmy s dlhodob\u00fdmi \u00fa\u010dinkami. Po\u010das pou\u017e\u00edvania nejedzte, nepite a nefaj\u010dite. PRI PO\u017dIT\u00cd: Vypl\u00e1chnite \u00fasta. NEvyvol\u00e1vajte vracanie. PRI KONTAKTE S KO\u017dOU (alebo vlasmi): Okam\u017eite odstr\u00e1\u0148te v\u0161etok kontaminovan\u00fd odev. Opl\u00e1chnite poko\u017eku vodou\/sprchou. Pri zasiahnut\u00ed o\u010d\u00ed: Opatrne nieko\u013eko min\u00fat vyplachujte vodou. Ak je to mo\u017en\u00e9, odstr\u00e1\u0148te existuj\u00face kontaktn\u00e9 \u0161o\u0161ovky. Pokra\u010dujte v oplachovan\u00ed. Okam\u017eite zavolajte TOXIKOLOGICK\u00c9 CENTRUM alebo lek\u00e1ra. Ak je potrebn\u00e1 lek\u00e1rska pomoc, pripravte si obal alebo etiketu. <br \/>Uchov\u00e1vajte mimo dosahu det\u00ed. Pou\u017e\u00edvajte len s vodou a pod\u013ea tabu\u013eky mie\u0161ania. Nepou\u017e\u00edvajte s in\u00fdmi \u010distiacimi alebo dezinfek\u010dn\u00fdmi prostriedkami.<\/p>\n\n<div class=\"wp-block-columns is-layout-flex wp-container-core-columns-is-layout-9d6595d7 wp-block-columns-is-layout-flex\">\n<div class=\"wp-block-column is-layout-flow wp-block-column-is-layout-flow\">\n<p>M\u00f4\u017ee sa pou\u017e\u00edva\u0165 na v\u0161etky povrchy. V pr\u00edpade pochybne <strong>citliv\u00fdch povrchov odpor\u00fa\u010dame test odolnosti<\/strong> na nen\u00e1padnej ploche. Skladujte len v uzavretej n\u00e1dobe. Skladujte na chladnom a suchom mieste.<\/p>\n<\/div>\n\n\n\n<div class=\"wp-block-column is-layout-flow wp-block-column-is-layout-flow\">\n<p><strong>N\u00e1dobu mo\u017eno recyklova\u0165 len vtedy, ke\u010f je \u00faplne pr\u00e1zdna.<\/strong> Nepou\u017e\u00edvajte po d\u00e1tume exspir\u00e1cie. Likvidujte v s\u00falade s miestnymi a \u00faradn\u00fdmi predpismi.<\/p>\n<\/div>\n<\/div>\n\n<p>Reg. \u010d. bioc\u00eddu: N-28795 (D). 263\/17\/L (Lu)<\/p>\n\n<p>Roztok <strong>pripraven\u00fd<\/strong> na pou\u017eitie pod\u013ea tabu\u013eky mie\u0161ania nevy\u017eaduje symbol nebezpe\u010denstva.<\/p>\n","protected":false},"excerpt":{"rendered":"<p><strong>Koncentrujte na 500 litrov dezinfek\u010dn\u00e9ho prostriedku na b\u00e1ze vody.<\/strong><\/p>\n","protected":false},"featured_media":15394,"template":"","meta":{"_acf_changed":false,"neve_meta_sidebar":"","neve_meta_container":"","neve_meta_enable_content_width":"","neve_meta_content_width":0,"neve_meta_title_alignment":"","neve_meta_author_avatar":"","neve_post_elements_order":"","neve_meta_disable_header":"","neve_meta_disable_footer":"","neve_meta_disable_title":"","neve_meta_reading_time":"","_surfaces":[],"_ver_product_tabs":[],"footnotes":""},"product_brand":[],"product_cat":[2381,2425,2427],"product_tag":[],"class_list":{"0":"post-23420","1":"product","2":"type-product","3":"status-publish","4":"has-post-thumbnail","6":"product_cat-dezinfekcne-prostriedky","7":"product_cat-povrchove-dezinfekcne-prostriedky","8":"product_cat-dezinfekcne-koncentraty","10":"first","11":"instock","12":"taxable","13":"shipping-taxable","14":"purchasable","15":"product-type-simple"},"acf":[],"yoast_head":"<!-- This site is optimized with the Yoast SEO Premium plugin v22.8 (Yoast SEO v27.5) - https:\/\/yoast.com\/product\/yoast-seo-premium-wordpress\/ -->\n<title>5 litrov koncentr\u00e1tu BACOBAN\u00ae na 500 litrov dlhodobej dezinfekcie povrchu - versiegelung24.com<\/title>\n<meta name=\"robots\" content=\"index, follow, max-snippet:-1, max-image-preview:large, max-video-preview:-1\" \/>\n<link rel=\"canonical\" href=\"https:\/\/www.versiegelung24.com\/sk\/bacoban-dlhodoba-povrchova-dezinfekcia-5-000ml-koncentrat-na-baze-vody.html\" \/>\n<meta property=\"og:locale\" content=\"sk_SK\" \/>\n<meta property=\"og:type\" content=\"article\" \/>\n<meta property=\"og:title\" content=\"5 litrov koncentr\u00e1tu BACOBAN\u00ae na 500 litrov dlhodobej dezinfekcie povrchu\" \/>\n<meta property=\"og:description\" content=\"Koncentrujte na 500 litrov dezinfek\u010dn\u00e9ho prostriedku na b\u00e1ze vody.\" \/>\n<meta property=\"og:url\" content=\"https:\/\/www.versiegelung24.com\/sk\/bacoban-dlhodoba-povrchova-dezinfekcia-5-000ml-koncentrat-na-baze-vody.html\" \/>\n<meta property=\"og:site_name\" content=\"versiegelung24.com\" \/>\n<meta property=\"article:modified_time\" content=\"2025-01-13T15:36:52+00:00\" \/>\n<meta property=\"og:image\" content=\"https:\/\/www.versiegelung24.com\/wp-content\/uploads\/2020\/05\/bacoban-bacwb5-1.png\" \/>\n\t<meta property=\"og:image:width\" content=\"2000\" \/>\n\t<meta property=\"og:image:height\" content=\"2000\" \/>\n\t<meta property=\"og:image:type\" content=\"image\/png\" \/>\n<meta name=\"twitter:card\" content=\"summary_large_image\" \/>\n<meta name=\"twitter:label1\" content=\"Cena\" \/>\n\t<meta name=\"twitter:data1\" content=\"399,00&euro;\" \/>\n\t<meta name=\"twitter:label2\" content=\"Dostupnos\u0165\" \/>\n\t<meta name=\"twitter:data2\" content=\"Na sklade\" \/>\n<script type=\"application\/ld+json\" class=\"yoast-schema-graph\">{\"@context\":\"https:\\\/\\\/schema.org\",\"@graph\":[{\"@type\":\"WebPage\",\"@id\":\"https:\\\/\\\/www.versiegelung24.com\\\/sk\\\/bacoban-dlhodoba-povrchova-dezinfekcia-5-000ml-koncentrat-na-baze-vody.html\",\"url\":\"https:\\\/\\\/www.versiegelung24.com\\\/sk\\\/bacoban-dlhodoba-povrchova-dezinfekcia-5-000ml-koncentrat-na-baze-vody.html\",\"name\":\"5 litrov koncentr\u00e1tu BACOBAN\u00ae na 500 litrov dlhodobej dezinfekcie povrchu - versiegelung24.com\",\"isPartOf\":{\"@id\":\"https:\\\/\\\/www.versiegelung24.com\\\/sk\\\/#website\"},\"primaryImageOfPage\":{\"@id\":\"https:\\\/\\\/www.versiegelung24.com\\\/sk\\\/bacoban-dlhodoba-povrchova-dezinfekcia-5-000ml-koncentrat-na-baze-vody.html#primaryimage\"},\"image\":{\"@id\":\"https:\\\/\\\/www.versiegelung24.com\\\/sk\\\/bacoban-dlhodoba-povrchova-dezinfekcia-5-000ml-koncentrat-na-baze-vody.html#primaryimage\"},\"thumbnailUrl\":\"https:\\\/\\\/www.versiegelung24.com\\\/wp-content\\\/uploads\\\/2020\\\/05\\\/bacoban-bacwb5-1.png\",\"datePublished\":\"2021-08-02T19:35:41+00:00\",\"dateModified\":\"2025-01-13T15:36:52+00:00\",\"breadcrumb\":{\"@id\":\"https:\\\/\\\/www.versiegelung24.com\\\/sk\\\/bacoban-dlhodoba-povrchova-dezinfekcia-5-000ml-koncentrat-na-baze-vody.html#breadcrumb\"},\"inLanguage\":\"sk-SK\",\"potentialAction\":[{\"@type\":\"ReadAction\",\"target\":[\"https:\\\/\\\/www.versiegelung24.com\\\/sk\\\/bacoban-dlhodoba-povrchova-dezinfekcia-5-000ml-koncentrat-na-baze-vody.html\"]}]},{\"@type\":\"ImageObject\",\"inLanguage\":\"sk-SK\",\"@id\":\"https:\\\/\\\/www.versiegelung24.com\\\/sk\\\/bacoban-dlhodoba-povrchova-dezinfekcia-5-000ml-koncentrat-na-baze-vody.html#primaryimage\",\"url\":\"https:\\\/\\\/www.versiegelung24.com\\\/wp-content\\\/uploads\\\/2020\\\/05\\\/bacoban-bacwb5-1.png\",\"contentUrl\":\"https:\\\/\\\/www.versiegelung24.com\\\/wp-content\\\/uploads\\\/2020\\\/05\\\/bacoban-bacwb5-1.png\",\"width\":2000,\"height\":2000},{\"@type\":\"BreadcrumbList\",\"@id\":\"https:\\\/\\\/www.versiegelung24.com\\\/sk\\\/bacoban-dlhodoba-povrchova-dezinfekcia-5-000ml-koncentrat-na-baze-vody.html#breadcrumb\",\"itemListElement\":[{\"@type\":\"ListItem\",\"position\":1,\"name\":\"\u00davodn\u00e1 str\u00e1nka\",\"item\":\"https:\\\/\\\/www.versiegelung24.com\\\/sk\\\/predna-strana\\\/\"},{\"@type\":\"ListItem\",\"position\":2,\"name\":\"Obchod\",\"item\":\"https:\\\/\\\/www.versiegelung24.com\\\/sk\\\/obchod\\\/\"},{\"@type\":\"ListItem\",\"position\":3,\"name\":\"5 litrov koncentr\u00e1tu BACOBAN\u00ae na 500 litrov dlhodobej dezinfekcie povrchu\"}]},{\"@type\":\"WebSite\",\"@id\":\"https:\\\/\\\/www.versiegelung24.com\\\/sk\\\/#website\",\"url\":\"https:\\\/\\\/www.versiegelung24.com\\\/sk\\\/\",\"name\":\"versiegelung24.com\",\"description\":\"Fl\u00fcssigglas-Versiegelung - Made in Germany\",\"publisher\":{\"@id\":\"https:\\\/\\\/www.versiegelung24.com\\\/sk\\\/#organization\"},\"potentialAction\":[{\"@type\":\"SearchAction\",\"target\":{\"@type\":\"EntryPoint\",\"urlTemplate\":\"https:\\\/\\\/www.versiegelung24.com\\\/sk\\\/?s={search_term_string}\"},\"query-input\":{\"@type\":\"PropertyValueSpecification\",\"valueRequired\":true,\"valueName\":\"search_term_string\"}}],\"inLanguage\":\"sk-SK\"},{\"@type\":\"Organization\",\"@id\":\"https:\\\/\\\/www.versiegelung24.com\\\/sk\\\/#organization\",\"name\":\"versiegelung24\",\"url\":\"https:\\\/\\\/www.versiegelung24.com\\\/sk\\\/\",\"logo\":{\"@type\":\"ImageObject\",\"inLanguage\":\"sk-SK\",\"@id\":\"https:\\\/\\\/www.versiegelung24.com\\\/sk\\\/#\\\/schema\\\/logo\\\/image\\\/\",\"url\":\"https:\\\/\\\/www.versiegelung24.com\\\/wp-content\\\/uploads\\\/2020\\\/04\\\/versiegelung24.png\",\"contentUrl\":\"https:\\\/\\\/www.versiegelung24.com\\\/wp-content\\\/uploads\\\/2020\\\/04\\\/versiegelung24.png\",\"width\":470,\"height\":102,\"caption\":\"versiegelung24\"},\"image\":{\"@id\":\"https:\\\/\\\/www.versiegelung24.com\\\/sk\\\/#\\\/schema\\\/logo\\\/image\\\/\"}}]}<\/script>\n<meta property=\"product:price:amount\" content=\"399.00\" \/>\n<meta property=\"product:price:currency\" content=\"EUR\" \/>\n<meta property=\"og:availability\" content=\"instock\" \/>\n<meta property=\"product:availability\" content=\"instock\" \/>\n<meta property=\"product:retailer_item_id\" content=\"BACWB5\" \/>\n<meta property=\"product:condition\" content=\"new\" \/>\n<!-- \/ Yoast SEO Premium plugin. -->","yoast_head_json":{"title":"5 litrov koncentr\u00e1tu BACOBAN\u00ae na 500 litrov dlhodobej dezinfekcie povrchu - versiegelung24.com","robots":{"index":"index","follow":"follow","max-snippet":"max-snippet:-1","max-image-preview":"max-image-preview:large","max-video-preview":"max-video-preview:-1"},"canonical":"https:\/\/www.versiegelung24.com\/sk\/bacoban-dlhodoba-povrchova-dezinfekcia-5-000ml-koncentrat-na-baze-vody.html","og_locale":"sk_SK","og_type":"article","og_title":"5 litrov koncentr\u00e1tu BACOBAN\u00ae na 500 litrov dlhodobej dezinfekcie povrchu","og_description":"Koncentrujte na 500 litrov dezinfek\u010dn\u00e9ho prostriedku na b\u00e1ze vody.","og_url":"https:\/\/www.versiegelung24.com\/sk\/bacoban-dlhodoba-povrchova-dezinfekcia-5-000ml-koncentrat-na-baze-vody.html","og_site_name":"versiegelung24.com","article_modified_time":"2025-01-13T15:36:52+00:00","og_image":[{"width":2000,"height":2000,"url":"https:\/\/www.versiegelung24.com\/wp-content\/uploads\/2020\/05\/bacoban-bacwb5-1.png","type":"image\/png"}],"twitter_card":"summary_large_image","twitter_misc":{"Cena":"399,00&euro;","Dostupnos\u0165":"Na sklade"},"schema":{"@context":"https:\/\/schema.org","@graph":[{"@type":"WebPage","@id":"https:\/\/www.versiegelung24.com\/sk\/bacoban-dlhodoba-povrchova-dezinfekcia-5-000ml-koncentrat-na-baze-vody.html","url":"https:\/\/www.versiegelung24.com\/sk\/bacoban-dlhodoba-povrchova-dezinfekcia-5-000ml-koncentrat-na-baze-vody.html","name":"5 litrov koncentr\u00e1tu BACOBAN\u00ae na 500 litrov dlhodobej dezinfekcie povrchu - versiegelung24.com","isPartOf":{"@id":"https:\/\/www.versiegelung24.com\/sk\/#website"},"primaryImageOfPage":{"@id":"https:\/\/www.versiegelung24.com\/sk\/bacoban-dlhodoba-povrchova-dezinfekcia-5-000ml-koncentrat-na-baze-vody.html#primaryimage"},"image":{"@id":"https:\/\/www.versiegelung24.com\/sk\/bacoban-dlhodoba-povrchova-dezinfekcia-5-000ml-koncentrat-na-baze-vody.html#primaryimage"},"thumbnailUrl":"https:\/\/www.versiegelung24.com\/wp-content\/uploads\/2020\/05\/bacoban-bacwb5-1.png","datePublished":"2021-08-02T19:35:41+00:00","dateModified":"2025-01-13T15:36:52+00:00","breadcrumb":{"@id":"https:\/\/www.versiegelung24.com\/sk\/bacoban-dlhodoba-povrchova-dezinfekcia-5-000ml-koncentrat-na-baze-vody.html#breadcrumb"},"inLanguage":"sk-SK","potentialAction":[{"@type":"ReadAction","target":["https:\/\/www.versiegelung24.com\/sk\/bacoban-dlhodoba-povrchova-dezinfekcia-5-000ml-koncentrat-na-baze-vody.html"]}]},{"@type":"ImageObject","inLanguage":"sk-SK","@id":"https:\/\/www.versiegelung24.com\/sk\/bacoban-dlhodoba-povrchova-dezinfekcia-5-000ml-koncentrat-na-baze-vody.html#primaryimage","url":"https:\/\/www.versiegelung24.com\/wp-content\/uploads\/2020\/05\/bacoban-bacwb5-1.png","contentUrl":"https:\/\/www.versiegelung24.com\/wp-content\/uploads\/2020\/05\/bacoban-bacwb5-1.png","width":2000,"height":2000},{"@type":"BreadcrumbList","@id":"https:\/\/www.versiegelung24.com\/sk\/bacoban-dlhodoba-povrchova-dezinfekcia-5-000ml-koncentrat-na-baze-vody.html#breadcrumb","itemListElement":[{"@type":"ListItem","position":1,"name":"\u00davodn\u00e1 str\u00e1nka","item":"https:\/\/www.versiegelung24.com\/sk\/predna-strana\/"},{"@type":"ListItem","position":2,"name":"Obchod","item":"https:\/\/www.versiegelung24.com\/sk\/obchod\/"},{"@type":"ListItem","position":3,"name":"5 litrov koncentr\u00e1tu BACOBAN\u00ae na 500 litrov dlhodobej dezinfekcie povrchu"}]},{"@type":"WebSite","@id":"https:\/\/www.versiegelung24.com\/sk\/#website","url":"https:\/\/www.versiegelung24.com\/sk\/","name":"versiegelung24.com","description":"Fl\u00fcssigglas-Versiegelung - Made in Germany","publisher":{"@id":"https:\/\/www.versiegelung24.com\/sk\/#organization"},"potentialAction":[{"@type":"SearchAction","target":{"@type":"EntryPoint","urlTemplate":"https:\/\/www.versiegelung24.com\/sk\/?s={search_term_string}"},"query-input":{"@type":"PropertyValueSpecification","valueRequired":true,"valueName":"search_term_string"}}],"inLanguage":"sk-SK"},{"@type":"Organization","@id":"https:\/\/www.versiegelung24.com\/sk\/#organization","name":"versiegelung24","url":"https:\/\/www.versiegelung24.com\/sk\/","logo":{"@type":"ImageObject","inLanguage":"sk-SK","@id":"https:\/\/www.versiegelung24.com\/sk\/#\/schema\/logo\/image\/","url":"https:\/\/www.versiegelung24.com\/wp-content\/uploads\/2020\/04\/versiegelung24.png","contentUrl":"https:\/\/www.versiegelung24.com\/wp-content\/uploads\/2020\/04\/versiegelung24.png","width":470,"height":102,"caption":"versiegelung24"},"image":{"@id":"https:\/\/www.versiegelung24.com\/sk\/#\/schema\/logo\/image\/"}}]},"product_price_amount":"399.00","product_price_currency":"EUR","og_availability":"instock","product_availability":"instock","product_retailer_item_id":"BACWB5","product_condition":"new"},"_links":{"self":[{"href":"https:\/\/www.versiegelung24.com\/sk\/wp-json\/wp\/v2\/product\/23420","targetHints":{"allow":["GET"]}}],"collection":[{"href":"https:\/\/www.versiegelung24.com\/sk\/wp-json\/wp\/v2\/product"}],"about":[{"href":"https:\/\/www.versiegelung24.com\/sk\/wp-json\/wp\/v2\/types\/product"}],"version-history":[{"count":25,"href":"https:\/\/www.versiegelung24.com\/sk\/wp-json\/wp\/v2\/product\/23420\/revisions"}],"predecessor-version":[{"id":180516,"href":"https:\/\/www.versiegelung24.com\/sk\/wp-json\/wp\/v2\/product\/23420\/revisions\/180516"}],"wp:featuredmedia":[{"embeddable":true,"href":"https:\/\/www.versiegelung24.com\/sk\/wp-json\/wp\/v2\/media\/15394"}],"wp:attachment":[{"href":"https:\/\/www.versiegelung24.com\/sk\/wp-json\/wp\/v2\/media?parent=23420"}],"wp:term":[{"taxonomy":"product_brand","embeddable":true,"href":"https:\/\/www.versiegelung24.com\/sk\/wp-json\/wp\/v2\/product_brand?post=23420"},{"taxonomy":"product_cat","embeddable":true,"href":"https:\/\/www.versiegelung24.com\/sk\/wp-json\/wp\/v2\/product_cat?post=23420"},{"taxonomy":"product_tag","embeddable":true,"href":"https:\/\/www.versiegelung24.com\/sk\/wp-json\/wp\/v2\/product_tag?post=23420"}],"curies":[{"name":"wp","href":"https:\/\/api.w.org\/{rel}","templated":true}]}}