{"id":23499,"date":"2020-04-04T18:53:44","date_gmt":"2021-08-02T19:40:13","guid":{"rendered":"https:\/\/www.versiegelung24.com\/produkt\/lakovanie-auta-a-tesnenie-rafika-kolesa"},"modified":"2025-01-04T00:14:31","modified_gmt":"2025-01-03T23:14:31","slug":"autolak-a-tesnenie-rafikov","status":"publish","type":"product","link":"https:\/\/www.versiegelung24.com\/sk\/lakovanie-auta-a-tesnenie-rafika-kolesa.html","title":{"rendered":"Autolak a tesnenie r\u00e1fikov"},"content":{"rendered":"\n<p><strong>*** Nov\u00e1 verzia produktu s vylep\u0161en\u00fdm \u00fa\u010dinkom *** <\/strong><\/p>\n\n<p><strong>Vysoko \u00fa\u010dinn\u00e9 profesion\u00e1lne ochrann\u00e9 tesnenie na autolaky a hlin\u00edkov\u00e9 disky s lotosov\u00fdm efektom (vodoodpudivos\u0165)<\/strong><\/p>\n\n<p>\u010c\u00edslo \u010dl\u00e1nku: 2003-7656<\/p>\n\n<p>Vysok\u00e1 kvalita Made in Germany.<\/p>\n\n<p>Hladk\u00e9 povrchy z plastu, lakovan\u00e9 povrchy, nehrdzavej\u00faca oce\u013e a kov maj\u00fa hydrof\u00f3bny a oleof\u00f3bny efekt a \u010dastice ne\u010dist\u00f4t ako mastnota, olejov\u00e9 l\u00e1tky, vodn\u00fd kame\u0148 a l\u00e1tky zo zne\u010distenia \u017eivotn\u00e9ho prostredia menej pri\u013en\u00fa alebo sa daj\u00fa z n\u00e1teru \u013eahko odstr\u00e1ni\u0165, tj bez pou\u017eitia abraz\u00edva (\u201e\u013eahko sa \u010dist\u00ed\u201c)<\/p>\n\n<hr\/>\n\n<h4 class=\"wp-block-heading\" id=\"properties\">Vlastnosti produktu<\/h4>\n\n<div class=\"wp-block-columns is-layout-flex wp-container-core-columns-is-layout-9d6595d7 wp-block-columns-is-layout-flex\">\n<div class=\"wp-block-column is-layout-flow wp-block-column-is-layout-flow\">\n<ul class=\"wp-block-list\">\n<li>Vynikaj\u00faci \u013eahko \u010distite\u013en\u00fd efekt pre pri\u013enavos\u0165 ne\u010dist\u00f4t<\/li>\n\n\n\n<li>Chemicky odoln\u00fd vo\u010di \u010distiacim prostriedkom na aut\u00e1 (a\u017e do pH 12)<\/li>\n\n\n\n<li>Hydrof\u00f3bny a oleof\u00f3bny \u00fa\u010dinok (odpudzovanie vody a oleja)<\/li>\n\n\n\n<li>Ve\u013emi vysok\u00e1 odolnos\u0165 proti oderu v\u010faka nanotechnol\u00f3gii SiO\u00b2<\/li>\n\n\n\n<li>Vt\u00e1\u010d\u00ed trus, hmyz a in\u00e9 ne\u010distoty sa \u013eah\u0161ie odstra\u0148uj\u00fa<\/li>\n\n\n\n<li>UV stabiln\u00fd \/ mrazuvzdorn\u00fd \/ odoln\u00fd vo\u010di slanej vode \/ nevidite\u013en\u00fd (hr\u00fabka vrstvy: 100-150nm)<\/li>\n\n\n\n<li>\u00daspora n\u00e1kladov, \u010dasu a energie v\u010faka pred\u013a\u017een\u00fdm \u010distiacim cyklom<\/li>\n<\/ul>\n<\/div>\n\n\n\n<div class=\"wp-block-column is-layout-flow wp-block-column-is-layout-flow\">\n<ul class=\"wp-block-list\">\n<li>Jednoduch\u00e1 aplik\u00e1cia<\/li>\n\n\n\n<li>Priedu\u0161n\u00e1<\/li>\n\n\n\n<li>Siln\u00e9 nepri\u013enav\u00e9 vlastnosti<\/li>\n\n\n\n<li>Trvanlivos\u0165: a\u017e 1 rok (v z\u00e1vislosti od pou\u017eitia)<\/li>\n<\/ul>\n\n\n\n<p><br\/><br\/><br\/>Spotreba: S 1 litrom mo\u017eno utesni\u0165 a\u017e 200 m\u00b2 Manu\u00e1lne: 5-10 ml\/m\u00b2 Priemyseln\u00e9: 10-15 ml\/m\u00b2<\/p>\n\n\n\n<p><br\/><br\/>Rozsah dod\u00e1vky: 1 x litrov\u00e1 f\u013ea\u0161a 1 x opis v\u00fdrobku<\/p>\n<\/div>\n<\/div>\n\n<hr\/>\n\n<h4 class=\"wp-block-heading\" id=\"application\">Aplik\u00e1cia<\/h4>\n\n<div class=\"wp-block-columns is-layout-flex wp-container-core-columns-is-layout-9d6595d7 wp-block-columns-is-layout-flex\">\n<div class=\"wp-block-column is-layout-flow wp-block-column-is-layout-flow\">\n<ul class=\"wp-block-list\">\n<li>lak auta<\/li>\n\n\n\n<li>hlin\u00edkov\u00e9 r\u00e1fiky<\/li>\n\n\n\n<li>Lakovan\u00e9 r\u00e1fiky<\/li>\n\n\n\n<li>Lakovan\u00e9 plastov\u00e9 n\u00e1stavce (n\u00e1razn\u00edky, prahy, spojlery)<\/li>\n\n\n\n<li>Hladk\u00e9 plastov\u00e9 povrchy<\/li>\n\n\n\n<li>nehrdzavej\u00faca oce\u013e<\/li>\n\n\n\n<li>plexisklo<\/li>\n\n\n\n<li>kovov\u00e9 povrchy<\/li>\n<\/ul>\n\n\n\n<p>Spotreba z\u00e1vis\u00ed od \u0161trukt\u00fary povrchu cca 100-200 m\u00b2 \/ liter.<\/p>\n<\/div>\n\n\n\n<div class=\"wp-block-column is-layout-flow wp-block-column-is-layout-flow\">\n<p>Jednoduch\u00e1 aplik\u00e1cia: <\/p>\n\n\n\n<p><br\/>1. ru\u010dn\u00e9: Nan\u00e1\u0161anie kr\u00fa\u017eiv\u00fdmi pohybmi \u010distou papierovou, \u013eanovou alebo mikrovl\u00e1knovou handri\u010dkou. 2. priemyseln\u00e9: M\u00f4\u017ee sa pou\u017e\u00edva\u0165 v syst\u00e9moch le\u0161tenia aj striekania.<\/p>\n\n\n\n<p>Tento povlak SiO2 je \u00faplne zosie\u0165ovan\u00fd a vytvrden\u00fd po 24 hodin\u00e1ch. Po tejto f\u00e1ze vytvrdzovania je mo\u017en\u00e9 prv\u00fdkr\u00e1t otestova\u0165 \u013eahko \u010distite\u013en\u00fd efekt.<\/p>\n<\/div>\n<\/div>\n","protected":false},"excerpt":{"rendered":"<p><strong>Vysoko \u00fa\u010dinn\u00e9 profesion\u00e1lne ochrann\u00e9 tesnenie na autolak a hlin\u00edkov\u00e9 disky:<\/strong><\/p>\n<p>\u2713 s lotosov\u00fdm efektom (vodoodpudivos\u0165)<\/p>\n","protected":false},"featured_media":17871,"template":"","meta":{"_acf_changed":false,"neve_meta_sidebar":"","neve_meta_container":"","neve_meta_enable_content_width":"","neve_meta_content_width":0,"neve_meta_title_alignment":"","neve_meta_author_avatar":"","neve_post_elements_order":"","neve_meta_disable_header":"","neve_meta_disable_footer":"","neve_meta_disable_title":"","neve_meta_reading_time":"","_surfaces":[],"_ver_product_tabs":[],"footnotes":""},"product_brand":[],"product_cat":[2221],"product_tag":[],"class_list":{"0":"post-23499","1":"product","2":"type-product","3":"status-publish","4":"has-post-thumbnail","6":"product_cat-tesnenie-auta","8":"first","9":"instock","10":"taxable","11":"shipping-taxable","12":"purchasable","13":"product-type-simple"},"acf":[],"yoast_head":"<!-- This site is optimized with the Yoast SEO Premium plugin v22.8 (Yoast SEO v27.5) - https:\/\/yoast.com\/product\/yoast-seo-premium-wordpress\/ -->\n<title>Autolak a tesnenie r\u00e1fikov - versiegelung24.com<\/title>\n<meta name=\"robots\" content=\"index, follow, max-snippet:-1, max-image-preview:large, max-video-preview:-1\" \/>\n<link rel=\"canonical\" href=\"https:\/\/www.versiegelung24.com\/sk\/lakovanie-auta-a-tesnenie-rafika-kolesa.html\" \/>\n<meta property=\"og:locale\" content=\"sk_SK\" \/>\n<meta property=\"og:type\" content=\"article\" \/>\n<meta property=\"og:title\" content=\"Autolak a tesnenie r\u00e1fikov\" \/>\n<meta property=\"og:description\" content=\"Vysoko \u00fa\u010dinn\u00e9 profesion\u00e1lne ochrann\u00e9 tesnenie na autolak a hlin\u00edkov\u00e9 disky: \u2713 s lotosov\u00fdm efektom (vodoodpudivos\u0165)\" \/>\n<meta property=\"og:url\" content=\"https:\/\/www.versiegelung24.com\/sk\/lakovanie-auta-a-tesnenie-rafika-kolesa.html\" \/>\n<meta property=\"og:site_name\" content=\"versiegelung24.com\" \/>\n<meta property=\"article:modified_time\" content=\"2025-01-03T23:14:31+00:00\" \/>\n<meta property=\"og:image\" content=\"https:\/\/www.versiegelung24.com\/wp-content\/uploads\/2020\/06\/produkt-2003-7656-1000-Autolack-Felgenversiegelung-scaled.jpg\" \/>\n\t<meta property=\"og:image:width\" content=\"2560\" \/>\n\t<meta property=\"og:image:height\" content=\"2560\" \/>\n\t<meta property=\"og:image:type\" content=\"image\/jpeg\" \/>\n<meta name=\"twitter:card\" content=\"summary_large_image\" \/>\n<meta name=\"twitter:label1\" content=\"Cena\" \/>\n\t<meta name=\"twitter:data1\" content=\"149,00&euro;\" \/>\n\t<meta name=\"twitter:label2\" content=\"Dostupnos\u0165\" \/>\n\t<meta name=\"twitter:data2\" content=\"Na sklade\" \/>\n<script type=\"application\/ld+json\" class=\"yoast-schema-graph\">{\"@context\":\"https:\\\/\\\/schema.org\",\"@graph\":[{\"@type\":\"WebPage\",\"@id\":\"https:\\\/\\\/www.versiegelung24.com\\\/sk\\\/lakovanie-auta-a-tesnenie-rafika-kolesa.html\",\"url\":\"https:\\\/\\\/www.versiegelung24.com\\\/sk\\\/lakovanie-auta-a-tesnenie-rafika-kolesa.html\",\"name\":\"Autolak a tesnenie r\u00e1fikov - versiegelung24.com\",\"isPartOf\":{\"@id\":\"https:\\\/\\\/www.versiegelung24.com\\\/sk\\\/#website\"},\"primaryImageOfPage\":{\"@id\":\"https:\\\/\\\/www.versiegelung24.com\\\/sk\\\/lakovanie-auta-a-tesnenie-rafika-kolesa.html#primaryimage\"},\"image\":{\"@id\":\"https:\\\/\\\/www.versiegelung24.com\\\/sk\\\/lakovanie-auta-a-tesnenie-rafika-kolesa.html#primaryimage\"},\"thumbnailUrl\":\"https:\\\/\\\/www.versiegelung24.com\\\/wp-content\\\/uploads\\\/2020\\\/06\\\/produkt-2003-7656-1000-Autolack-Felgenversiegelung-scaled.jpg\",\"datePublished\":\"2021-08-02T19:40:13+00:00\",\"dateModified\":\"2025-01-03T23:14:31+00:00\",\"breadcrumb\":{\"@id\":\"https:\\\/\\\/www.versiegelung24.com\\\/sk\\\/lakovanie-auta-a-tesnenie-rafika-kolesa.html#breadcrumb\"},\"inLanguage\":\"sk-SK\",\"potentialAction\":[{\"@type\":\"ReadAction\",\"target\":[\"https:\\\/\\\/www.versiegelung24.com\\\/sk\\\/lakovanie-auta-a-tesnenie-rafika-kolesa.html\"]}]},{\"@type\":\"ImageObject\",\"inLanguage\":\"sk-SK\",\"@id\":\"https:\\\/\\\/www.versiegelung24.com\\\/sk\\\/lakovanie-auta-a-tesnenie-rafika-kolesa.html#primaryimage\",\"url\":\"https:\\\/\\\/www.versiegelung24.com\\\/wp-content\\\/uploads\\\/2020\\\/06\\\/produkt-2003-7656-1000-Autolack-Felgenversiegelung-scaled.jpg\",\"contentUrl\":\"https:\\\/\\\/www.versiegelung24.com\\\/wp-content\\\/uploads\\\/2020\\\/06\\\/produkt-2003-7656-1000-Autolack-Felgenversiegelung-scaled.jpg\",\"width\":2560,\"height\":2560},{\"@type\":\"BreadcrumbList\",\"@id\":\"https:\\\/\\\/www.versiegelung24.com\\\/sk\\\/lakovanie-auta-a-tesnenie-rafika-kolesa.html#breadcrumb\",\"itemListElement\":[{\"@type\":\"ListItem\",\"position\":1,\"name\":\"\u00davodn\u00e1 str\u00e1nka\",\"item\":\"https:\\\/\\\/www.versiegelung24.com\\\/sk\\\/predna-strana\\\/\"},{\"@type\":\"ListItem\",\"position\":2,\"name\":\"Obchod\",\"item\":\"https:\\\/\\\/www.versiegelung24.com\\\/sk\\\/obchod\\\/\"},{\"@type\":\"ListItem\",\"position\":3,\"name\":\"Autolak a tesnenie r\u00e1fikov\"}]},{\"@type\":\"WebSite\",\"@id\":\"https:\\\/\\\/www.versiegelung24.com\\\/sk\\\/#website\",\"url\":\"https:\\\/\\\/www.versiegelung24.com\\\/sk\\\/\",\"name\":\"versiegelung24.com\",\"description\":\"Fl\u00fcssigglas-Versiegelung - Made in Germany\",\"publisher\":{\"@id\":\"https:\\\/\\\/www.versiegelung24.com\\\/sk\\\/#organization\"},\"potentialAction\":[{\"@type\":\"SearchAction\",\"target\":{\"@type\":\"EntryPoint\",\"urlTemplate\":\"https:\\\/\\\/www.versiegelung24.com\\\/sk\\\/?s={search_term_string}\"},\"query-input\":{\"@type\":\"PropertyValueSpecification\",\"valueRequired\":true,\"valueName\":\"search_term_string\"}}],\"inLanguage\":\"sk-SK\"},{\"@type\":\"Organization\",\"@id\":\"https:\\\/\\\/www.versiegelung24.com\\\/sk\\\/#organization\",\"name\":\"versiegelung24\",\"url\":\"https:\\\/\\\/www.versiegelung24.com\\\/sk\\\/\",\"logo\":{\"@type\":\"ImageObject\",\"inLanguage\":\"sk-SK\",\"@id\":\"https:\\\/\\\/www.versiegelung24.com\\\/sk\\\/#\\\/schema\\\/logo\\\/image\\\/\",\"url\":\"https:\\\/\\\/www.versiegelung24.com\\\/wp-content\\\/uploads\\\/2020\\\/04\\\/versiegelung24.png\",\"contentUrl\":\"https:\\\/\\\/www.versiegelung24.com\\\/wp-content\\\/uploads\\\/2020\\\/04\\\/versiegelung24.png\",\"width\":470,\"height\":102,\"caption\":\"versiegelung24\"},\"image\":{\"@id\":\"https:\\\/\\\/www.versiegelung24.com\\\/sk\\\/#\\\/schema\\\/logo\\\/image\\\/\"}}]}<\/script>\n<meta property=\"product:price:amount\" content=\"149.00\" \/>\n<meta property=\"product:price:currency\" content=\"EUR\" \/>\n<meta property=\"og:availability\" content=\"instock\" \/>\n<meta property=\"product:availability\" content=\"instock\" \/>\n<meta property=\"product:retailer_item_id\" content=\"2003-7656-1000\" \/>\n<meta property=\"product:condition\" content=\"new\" \/>\n<!-- \/ Yoast SEO Premium plugin. -->","yoast_head_json":{"title":"Autolak a tesnenie r\u00e1fikov - versiegelung24.com","robots":{"index":"index","follow":"follow","max-snippet":"max-snippet:-1","max-image-preview":"max-image-preview:large","max-video-preview":"max-video-preview:-1"},"canonical":"https:\/\/www.versiegelung24.com\/sk\/lakovanie-auta-a-tesnenie-rafika-kolesa.html","og_locale":"sk_SK","og_type":"article","og_title":"Autolak a tesnenie r\u00e1fikov","og_description":"Vysoko \u00fa\u010dinn\u00e9 profesion\u00e1lne ochrann\u00e9 tesnenie na autolak a hlin\u00edkov\u00e9 disky: \u2713 s lotosov\u00fdm efektom (vodoodpudivos\u0165)","og_url":"https:\/\/www.versiegelung24.com\/sk\/lakovanie-auta-a-tesnenie-rafika-kolesa.html","og_site_name":"versiegelung24.com","article_modified_time":"2025-01-03T23:14:31+00:00","og_image":[{"width":2560,"height":2560,"url":"https:\/\/www.versiegelung24.com\/wp-content\/uploads\/2020\/06\/produkt-2003-7656-1000-Autolack-Felgenversiegelung-scaled.jpg","type":"image\/jpeg"}],"twitter_card":"summary_large_image","twitter_misc":{"Cena":"149,00&euro;","Dostupnos\u0165":"Na sklade"},"schema":{"@context":"https:\/\/schema.org","@graph":[{"@type":"WebPage","@id":"https:\/\/www.versiegelung24.com\/sk\/lakovanie-auta-a-tesnenie-rafika-kolesa.html","url":"https:\/\/www.versiegelung24.com\/sk\/lakovanie-auta-a-tesnenie-rafika-kolesa.html","name":"Autolak a tesnenie r\u00e1fikov - versiegelung24.com","isPartOf":{"@id":"https:\/\/www.versiegelung24.com\/sk\/#website"},"primaryImageOfPage":{"@id":"https:\/\/www.versiegelung24.com\/sk\/lakovanie-auta-a-tesnenie-rafika-kolesa.html#primaryimage"},"image":{"@id":"https:\/\/www.versiegelung24.com\/sk\/lakovanie-auta-a-tesnenie-rafika-kolesa.html#primaryimage"},"thumbnailUrl":"https:\/\/www.versiegelung24.com\/wp-content\/uploads\/2020\/06\/produkt-2003-7656-1000-Autolack-Felgenversiegelung-scaled.jpg","datePublished":"2021-08-02T19:40:13+00:00","dateModified":"2025-01-03T23:14:31+00:00","breadcrumb":{"@id":"https:\/\/www.versiegelung24.com\/sk\/lakovanie-auta-a-tesnenie-rafika-kolesa.html#breadcrumb"},"inLanguage":"sk-SK","potentialAction":[{"@type":"ReadAction","target":["https:\/\/www.versiegelung24.com\/sk\/lakovanie-auta-a-tesnenie-rafika-kolesa.html"]}]},{"@type":"ImageObject","inLanguage":"sk-SK","@id":"https:\/\/www.versiegelung24.com\/sk\/lakovanie-auta-a-tesnenie-rafika-kolesa.html#primaryimage","url":"https:\/\/www.versiegelung24.com\/wp-content\/uploads\/2020\/06\/produkt-2003-7656-1000-Autolack-Felgenversiegelung-scaled.jpg","contentUrl":"https:\/\/www.versiegelung24.com\/wp-content\/uploads\/2020\/06\/produkt-2003-7656-1000-Autolack-Felgenversiegelung-scaled.jpg","width":2560,"height":2560},{"@type":"BreadcrumbList","@id":"https:\/\/www.versiegelung24.com\/sk\/lakovanie-auta-a-tesnenie-rafika-kolesa.html#breadcrumb","itemListElement":[{"@type":"ListItem","position":1,"name":"\u00davodn\u00e1 str\u00e1nka","item":"https:\/\/www.versiegelung24.com\/sk\/predna-strana\/"},{"@type":"ListItem","position":2,"name":"Obchod","item":"https:\/\/www.versiegelung24.com\/sk\/obchod\/"},{"@type":"ListItem","position":3,"name":"Autolak a tesnenie r\u00e1fikov"}]},{"@type":"WebSite","@id":"https:\/\/www.versiegelung24.com\/sk\/#website","url":"https:\/\/www.versiegelung24.com\/sk\/","name":"versiegelung24.com","description":"Fl\u00fcssigglas-Versiegelung - Made in Germany","publisher":{"@id":"https:\/\/www.versiegelung24.com\/sk\/#organization"},"potentialAction":[{"@type":"SearchAction","target":{"@type":"EntryPoint","urlTemplate":"https:\/\/www.versiegelung24.com\/sk\/?s={search_term_string}"},"query-input":{"@type":"PropertyValueSpecification","valueRequired":true,"valueName":"search_term_string"}}],"inLanguage":"sk-SK"},{"@type":"Organization","@id":"https:\/\/www.versiegelung24.com\/sk\/#organization","name":"versiegelung24","url":"https:\/\/www.versiegelung24.com\/sk\/","logo":{"@type":"ImageObject","inLanguage":"sk-SK","@id":"https:\/\/www.versiegelung24.com\/sk\/#\/schema\/logo\/image\/","url":"https:\/\/www.versiegelung24.com\/wp-content\/uploads\/2020\/04\/versiegelung24.png","contentUrl":"https:\/\/www.versiegelung24.com\/wp-content\/uploads\/2020\/04\/versiegelung24.png","width":470,"height":102,"caption":"versiegelung24"},"image":{"@id":"https:\/\/www.versiegelung24.com\/sk\/#\/schema\/logo\/image\/"}}]},"product_price_amount":"149.00","product_price_currency":"EUR","og_availability":"instock","product_availability":"instock","product_retailer_item_id":"2003-7656-1000","product_condition":"new"},"_links":{"self":[{"href":"https:\/\/www.versiegelung24.com\/sk\/wp-json\/wp\/v2\/product\/23499","targetHints":{"allow":["GET"]}}],"collection":[{"href":"https:\/\/www.versiegelung24.com\/sk\/wp-json\/wp\/v2\/product"}],"about":[{"href":"https:\/\/www.versiegelung24.com\/sk\/wp-json\/wp\/v2\/types\/product"}],"version-history":[{"count":15,"href":"https:\/\/www.versiegelung24.com\/sk\/wp-json\/wp\/v2\/product\/23499\/revisions"}],"predecessor-version":[{"id":177923,"href":"https:\/\/www.versiegelung24.com\/sk\/wp-json\/wp\/v2\/product\/23499\/revisions\/177923"}],"wp:featuredmedia":[{"embeddable":true,"href":"https:\/\/www.versiegelung24.com\/sk\/wp-json\/wp\/v2\/media\/17871"}],"wp:attachment":[{"href":"https:\/\/www.versiegelung24.com\/sk\/wp-json\/wp\/v2\/media?parent=23499"}],"wp:term":[{"taxonomy":"product_brand","embeddable":true,"href":"https:\/\/www.versiegelung24.com\/sk\/wp-json\/wp\/v2\/product_brand?post=23499"},{"taxonomy":"product_cat","embeddable":true,"href":"https:\/\/www.versiegelung24.com\/sk\/wp-json\/wp\/v2\/product_cat?post=23499"},{"taxonomy":"product_tag","embeddable":true,"href":"https:\/\/www.versiegelung24.com\/sk\/wp-json\/wp\/v2\/product_tag?post=23499"}],"curies":[{"name":"wp","href":"https:\/\/api.w.org\/{rel}","templated":true}]}}