{"id":23551,"date":"2020-04-04T18:53:42","date_gmt":"2020-04-04T16:53:42","guid":{"rendered":"https:\/\/www.versiegelung24.com\/produkt\/premiove-tesnenie-na-sklo-a-keramiku-s-extremnou-trvanlivostou"},"modified":"2025-01-03T23:42:57","modified_gmt":"2025-01-03T22:42:57","slug":"premiove-tesnenie-na-sklo-a-keramiku-s-extremnou-trvanlivostou","status":"publish","type":"product","link":"https:\/\/www.versiegelung24.com\/sk\/premiove-tesnenie-na-sklo-a-keramiku-s-extremnou-trvanlivostou.html","title":{"rendered":"Pr\u00e9miov\u00fd tmel na sklo a keramiku s extr\u00e9mnou odolnos\u0165ou"},"content":{"rendered":"\n<p><strong>Vysoko\u00fa\u010dinn\u00e9 sklenen\u00e9 a keramick\u00e9 tesnenie pre v\u0161etky povrchy, na ktor\u00fdch chcete dosiahnu\u0165 \u010do najdlh\u0161iu \u017eivotnos\u0165, napr. okenn\u00e9 tabule, sklenen\u00e9 fas\u00e1dy, vchodov\u00e9 dvere (a\u017e 3 roky) at\u010f., s lotosov\u00fdm efektom (vodoodpudivos\u0165), pre vn\u00fatorn\u00e9 a vonku<\/strong> .<\/p>\n\n<p>\u010c\u00edslo v\u00fdrobku: 1003-7601 &#8211; Vysok\u00e1 kvalita Made in Germany.<\/p>\n\n<div class=\"wp-block-columns is-layout-flex wp-container-core-columns-is-layout-9d6595d7 wp-block-columns-is-layout-flex\">\n<div class=\"wp-block-column is-layout-flow wp-block-column-is-layout-flow\">\n<figure class=\"wp-block-embed is-type-video is-provider-youtube wp-block-embed-youtube wp-embed-aspect-16-9 wp-has-aspect-ratio\"><div class=\"wp-block-embed__wrapper\"> \n<div class=\"nv-iframe-embed\"><iframe title=\"(Nano-)Versiegelungen f\u00fcrs Badezimmer, die wirklich halten! Versiegelung24.com\" width=\"1200\" height=\"675\" src=\"https:\/\/www.youtube.com\/embed\/l6YldCwuye0?feature=oembed\" frameborder=\"0\" allow=\"accelerometer; autoplay; clipboard-write; encrypted-media; gyroscope; picture-in-picture; web-share\" referrerpolicy=\"strict-origin-when-cross-origin\" allowfullscreen><\/iframe><\/div>\n <\/div><\/figure>\n<\/div>\n\n\n\n<div class=\"wp-block-column is-layout-flow wp-block-column-is-layout-flow\">\n<figure class=\"wp-block-embed is-type-video is-provider-youtube wp-block-embed-youtube wp-embed-aspect-16-9 wp-has-aspect-ratio\"><div class=\"wp-block-embed__wrapper\"> \n<div class=\"nv-iframe-embed\"><iframe title=\"Kalk in der Dusche entfernen und mit einer Glasversiegelung vorbeugen!\" width=\"1200\" height=\"675\" src=\"https:\/\/www.youtube.com\/embed\/vnJHIGeb_7I?feature=oembed\" frameborder=\"0\" allow=\"accelerometer; autoplay; clipboard-write; encrypted-media; gyroscope; picture-in-picture; web-share\" referrerpolicy=\"strict-origin-when-cross-origin\" allowfullscreen><\/iframe><\/div>\n <\/div><\/figure>\n<\/div>\n<\/div>\n\n<hr\/>\n\n<h4 class=\"wp-block-heading\" id=\"properties\">Vlastnosti produktu<\/h4>\n\n<div class=\"wp-block-columns is-layout-flex wp-container-core-columns-is-layout-9d6595d7 wp-block-columns-is-layout-flex\">\n<div class=\"wp-block-column is-layout-flow wp-block-column-is-layout-flow\">\n<ul class=\"wp-block-list\" id=\"block-fbfff1f6-f7fb-4162-9feb-4a71c2f1f5b7\">\n<li>Vynikaj\u00faci \u013eahko \u010distite\u013en\u00fd \u00fa\u010dinok na usadeniny ne\u010dist\u00f4t a vodn\u00fd kame\u0148<\/li>\n\n\n\n<li>Ve\u013emi siln\u00fd hydrof\u00f3bny a oleof\u00f3bny \u00fa\u010dinok (odpudzovanie vody a oleja)<\/li>\n\n\n\n<li>Ve\u013emi vysok\u00e1 odolnos\u0165 proti oderu v\u010faka nanotechnol\u00f3gii SiO\u00b2<\/li>\n\n\n\n<li>Odolnos\u0165 vo\u010di chemick\u00fdm \u010distiacim prostriedkom (do hodnoty pH 12)<\/li>\n\n\n\n<li>\u017divotnos\u0165: a\u017e 3-5 rokov (v z\u00e1vislosti od pou\u017eitia)<\/li>\n<\/ul>\n<\/div>\n\n\n\n<div class=\"wp-block-column is-layout-flow wp-block-column-is-layout-flow\">\n<ul class=\"wp-block-list\" id=\"block-da198c4e-3517-4612-b9e4-86eb030d8594\">\n<li>Zni\u017euje rast mikroorganizmov a bakt\u00e9ri\u00ed a t\u00fdm zlep\u0161uje hygienu<\/li>\n\n\n\n<li>UV stabiln\u00fd \/ mrazuvzdorn\u00fd \/ odoln\u00fd vo\u010di slanej vode \/ nevidite\u013en\u00fd (hr\u00fabka vrstvy: 100-150nm)<\/li>\n\n\n\n<li>Samo\u010distiaci efekt na zvisl\u00fdch sklenen\u00fdch ploch\u00e1ch v da\u017edi<\/li>\n\n\n\n<li>\u00daspora n\u00e1kladov, \u010dasu a energie v\u010faka pred\u013a\u017een\u00fdm \u010distiacim cyklom<\/li>\n<\/ul>\n\n\n\n<p><br\/><br\/><br\/>Rozsah dod\u00e1vky: 1 x litrov\u00e1 f\u013ea\u0161a 1 x rozpra\u0161ovacia hlavica 1 x popis v\u00fdrobku<\/p>\n<\/div>\n<\/div>\n\n<figure class=\"wp-block-image size-large is-resized\"><img fetchpriority=\"high\" decoding=\"async\" width=\"1300\" height=\"260\" src=\"https:\/\/www.versiegelung24.com\/wp-content\/uploads\/2022\/01\/bad_glas-1300x260.jpg\" alt=\"\" class=\"wp-image-59538\" style=\"width:1500px\" srcset=\"https:\/\/www.versiegelung24.com\/wp-content\/uploads\/2022\/01\/bad_glas-1300x260.jpg 1300w, https:\/\/www.versiegelung24.com\/wp-content\/uploads\/2022\/01\/bad_glas-300x60.jpg 300w, https:\/\/www.versiegelung24.com\/wp-content\/uploads\/2022\/01\/bad_glas-768x154.jpg 768w, https:\/\/www.versiegelung24.com\/wp-content\/uploads\/2022\/01\/bad_glas-600x120.jpg 600w, https:\/\/www.versiegelung24.com\/wp-content\/uploads\/2022\/01\/bad_glas.jpg 1500w\" sizes=\"(max-width: 1300px) 100vw, 1300px\" \/><\/figure>\n\n<h4 class=\"wp-block-heading\" id=\"application\">Aplik\u00e1cia<\/h4>\n\n<div class=\"wp-block-columns is-layout-flex wp-container-core-columns-is-layout-9d6595d7 wp-block-columns-is-layout-flex\">\n<div class=\"wp-block-column is-layout-flow wp-block-column-is-layout-flow\">\n<ul class=\"wp-block-list\">\n<li>Okenn\u00e9 sklo (zvn\u00fatra aj zvonka)<\/li>\n\n\n\n<li>Sklenen\u00e9 povrchy v sanit\u00e1rnej oblasti (zrkadl\u00e1, sprchov\u00e9 kab\u00edny)<\/li>\n\n\n\n<li>Stavebn\u00e9 sklo (zimn\u00e9 z\u00e1hrady, sklen\u00edky, mark\u00edzy, zasklenie stien)<\/li>\n<\/ul>\n<\/div>\n\n\n\n<div class=\"wp-block-column is-layout-flow wp-block-column-is-layout-flow\">\n<ul class=\"wp-block-list\">\n<li>Glazovan\u00e1 dla\u017eba a obklady<\/li>\n\n\n\n<li>Glazovan\u00e9 keramick\u00e9 povrchy (toalety, um\u00fdvadl\u00e1, um\u00fdvadl\u00e1, vane)<\/li>\n<\/ul>\n\n\n\n<p>Spotreba z\u00e1vis\u00ed od \u0161trukt\u00fary povrchu cca 100-200 m\u00b2 \/ liter.<\/p>\n<\/div>\n<\/div>\n\n<p><\/p>\n","protected":false},"excerpt":{"rendered":"<p><strong>Pr\u00e9miov\u00e9 sklenen\u00e9 a keramick\u00e9 tesnenie v profesion\u00e1lnej kvalite:<\/strong><\/p>\n<p>\u2713 s extra odolnos\u0165ou<\/p>\n<p>\u2713Vyroben\u00e9 v Nemecku<\/p>\n","protected":false},"featured_media":17765,"template":"","meta":{"_acf_changed":false,"neve_meta_sidebar":"","neve_meta_container":"","neve_meta_enable_content_width":"","neve_meta_content_width":0,"neve_meta_title_alignment":"","neve_meta_author_avatar":"","neve_post_elements_order":"","neve_meta_disable_header":"","neve_meta_disable_footer":"","neve_meta_disable_title":"","neve_meta_reading_time":"","_surfaces":[],"_ver_product_tabs":[],"footnotes":""},"product_brand":[],"product_cat":[2269],"product_tag":[],"class_list":{"0":"post-23551","1":"product","2":"type-product","3":"status-publish","4":"has-post-thumbnail","6":"product_cat-tesnenie-na-sklo-a-keramiku","7":"pa_gebinde-1000-ml-flasa","8":"pa_gebinde-20l-kanister-sk","10":"first","11":"instock","12":"taxable","13":"shipping-taxable","14":"purchasable","15":"product-type-variable","16":"has-default-attributes"},"acf":[],"yoast_head":"<!-- This site is optimized with the Yoast SEO Premium plugin v22.8 (Yoast SEO v27.5) - https:\/\/yoast.com\/product\/yoast-seo-premium-wordpress\/ -->\n<title>Pr\u00e9miov\u00fd tmel na sklo a keramiku s extr\u00e9mnou odolnos\u0165ou - versiegelung24.com<\/title>\n<meta name=\"robots\" content=\"index, follow, max-snippet:-1, max-image-preview:large, max-video-preview:-1\" \/>\n<link rel=\"canonical\" href=\"https:\/\/www.versiegelung24.com\/sk\/premiove-tesnenie-na-sklo-a-keramiku-s-extremnou-trvanlivostou.html\" \/>\n<meta property=\"og:locale\" content=\"sk_SK\" \/>\n<meta property=\"og:type\" content=\"article\" \/>\n<meta property=\"og:title\" content=\"Pr\u00e9miov\u00fd tmel na sklo a keramiku s extr\u00e9mnou odolnos\u0165ou\" \/>\n<meta property=\"og:description\" content=\"Pr\u00e9miov\u00e9 sklenen\u00e9 a keramick\u00e9 tesnenie v profesion\u00e1lnej kvalite: \u2713 s extra odolnos\u0165ou \u2713Vyroben\u00e9 v Nemecku\" \/>\n<meta property=\"og:url\" content=\"https:\/\/www.versiegelung24.com\/sk\/premiove-tesnenie-na-sklo-a-keramiku-s-extremnou-trvanlivostou.html\" \/>\n<meta property=\"og:site_name\" content=\"versiegelung24.com\" \/>\n<meta property=\"article:modified_time\" content=\"2025-01-03T22:42:57+00:00\" \/>\n<meta property=\"og:image\" content=\"https:\/\/www.versiegelung24.com\/wp-content\/uploads\/2020\/06\/produkt-1003-7601-1000-Premium-Versiegelung-Glas-Keramik-scaled.jpg\" \/>\n\t<meta property=\"og:image:width\" content=\"2560\" \/>\n\t<meta property=\"og:image:height\" content=\"2560\" \/>\n\t<meta property=\"og:image:type\" content=\"image\/jpeg\" \/>\n<meta name=\"twitter:card\" content=\"summary_large_image\" \/>\n<meta name=\"twitter:label1\" content=\"Dostupnos\u0165\" \/>\n\t<meta name=\"twitter:data1\" content=\"Na sklade\" \/>\n<script type=\"application\/ld+json\" class=\"yoast-schema-graph\">{\"@context\":\"https:\\\/\\\/schema.org\",\"@graph\":[{\"@type\":\"WebPage\",\"@id\":\"https:\\\/\\\/www.versiegelung24.com\\\/sk\\\/premiove-tesnenie-na-sklo-a-keramiku-s-extremnou-trvanlivostou.html\",\"url\":\"https:\\\/\\\/www.versiegelung24.com\\\/sk\\\/premiove-tesnenie-na-sklo-a-keramiku-s-extremnou-trvanlivostou.html\",\"name\":\"Pr\u00e9miov\u00fd tmel na sklo a keramiku s extr\u00e9mnou odolnos\u0165ou - versiegelung24.com\",\"isPartOf\":{\"@id\":\"https:\\\/\\\/www.versiegelung24.com\\\/sk\\\/#website\"},\"primaryImageOfPage\":{\"@id\":\"https:\\\/\\\/www.versiegelung24.com\\\/sk\\\/premiove-tesnenie-na-sklo-a-keramiku-s-extremnou-trvanlivostou.html#primaryimage\"},\"image\":{\"@id\":\"https:\\\/\\\/www.versiegelung24.com\\\/sk\\\/premiove-tesnenie-na-sklo-a-keramiku-s-extremnou-trvanlivostou.html#primaryimage\"},\"thumbnailUrl\":\"https:\\\/\\\/www.versiegelung24.com\\\/wp-content\\\/uploads\\\/2020\\\/06\\\/produkt-1003-7601-1000-Premium-Versiegelung-Glas-Keramik-scaled.jpg\",\"datePublished\":\"2020-04-04T16:53:42+00:00\",\"dateModified\":\"2025-01-03T22:42:57+00:00\",\"breadcrumb\":{\"@id\":\"https:\\\/\\\/www.versiegelung24.com\\\/sk\\\/premiove-tesnenie-na-sklo-a-keramiku-s-extremnou-trvanlivostou.html#breadcrumb\"},\"inLanguage\":\"sk-SK\",\"potentialAction\":[{\"@type\":\"ReadAction\",\"target\":[\"https:\\\/\\\/www.versiegelung24.com\\\/sk\\\/premiove-tesnenie-na-sklo-a-keramiku-s-extremnou-trvanlivostou.html\"]}]},{\"@type\":\"ImageObject\",\"inLanguage\":\"sk-SK\",\"@id\":\"https:\\\/\\\/www.versiegelung24.com\\\/sk\\\/premiove-tesnenie-na-sklo-a-keramiku-s-extremnou-trvanlivostou.html#primaryimage\",\"url\":\"https:\\\/\\\/www.versiegelung24.com\\\/wp-content\\\/uploads\\\/2020\\\/06\\\/produkt-1003-7601-1000-Premium-Versiegelung-Glas-Keramik-scaled.jpg\",\"contentUrl\":\"https:\\\/\\\/www.versiegelung24.com\\\/wp-content\\\/uploads\\\/2020\\\/06\\\/produkt-1003-7601-1000-Premium-Versiegelung-Glas-Keramik-scaled.jpg\",\"width\":2560,\"height\":2560},{\"@type\":\"BreadcrumbList\",\"@id\":\"https:\\\/\\\/www.versiegelung24.com\\\/sk\\\/premiove-tesnenie-na-sklo-a-keramiku-s-extremnou-trvanlivostou.html#breadcrumb\",\"itemListElement\":[{\"@type\":\"ListItem\",\"position\":1,\"name\":\"\u00davodn\u00e1 str\u00e1nka\",\"item\":\"https:\\\/\\\/www.versiegelung24.com\\\/sk\\\/predna-strana\\\/\"},{\"@type\":\"ListItem\",\"position\":2,\"name\":\"Obchod\",\"item\":\"https:\\\/\\\/www.versiegelung24.com\\\/sk\\\/obchod\\\/\"},{\"@type\":\"ListItem\",\"position\":3,\"name\":\"Pr\u00e9miov\u00fd tmel na sklo a keramiku s extr\u00e9mnou odolnos\u0165ou\"}]},{\"@type\":\"WebSite\",\"@id\":\"https:\\\/\\\/www.versiegelung24.com\\\/sk\\\/#website\",\"url\":\"https:\\\/\\\/www.versiegelung24.com\\\/sk\\\/\",\"name\":\"versiegelung24.com\",\"description\":\"Fl\u00fcssigglas-Versiegelung - Made in Germany\",\"publisher\":{\"@id\":\"https:\\\/\\\/www.versiegelung24.com\\\/sk\\\/#organization\"},\"potentialAction\":[{\"@type\":\"SearchAction\",\"target\":{\"@type\":\"EntryPoint\",\"urlTemplate\":\"https:\\\/\\\/www.versiegelung24.com\\\/sk\\\/?s={search_term_string}\"},\"query-input\":{\"@type\":\"PropertyValueSpecification\",\"valueRequired\":true,\"valueName\":\"search_term_string\"}}],\"inLanguage\":\"sk-SK\"},{\"@type\":\"Organization\",\"@id\":\"https:\\\/\\\/www.versiegelung24.com\\\/sk\\\/#organization\",\"name\":\"versiegelung24\",\"url\":\"https:\\\/\\\/www.versiegelung24.com\\\/sk\\\/\",\"logo\":{\"@type\":\"ImageObject\",\"inLanguage\":\"sk-SK\",\"@id\":\"https:\\\/\\\/www.versiegelung24.com\\\/sk\\\/#\\\/schema\\\/logo\\\/image\\\/\",\"url\":\"https:\\\/\\\/www.versiegelung24.com\\\/wp-content\\\/uploads\\\/2020\\\/04\\\/versiegelung24.png\",\"contentUrl\":\"https:\\\/\\\/www.versiegelung24.com\\\/wp-content\\\/uploads\\\/2020\\\/04\\\/versiegelung24.png\",\"width\":470,\"height\":102,\"caption\":\"versiegelung24\"},\"image\":{\"@id\":\"https:\\\/\\\/www.versiegelung24.com\\\/sk\\\/#\\\/schema\\\/logo\\\/image\\\/\"}}]}<\/script>\n<meta property=\"og:availability\" content=\"instock\" \/>\n<meta property=\"product:availability\" content=\"instock\" \/>\n<meta property=\"product:retailer_item_id\" content=\"1003-7601\" \/>\n<meta property=\"product:condition\" content=\"new\" \/>\n<!-- \/ Yoast SEO Premium plugin. -->","yoast_head_json":{"title":"Pr\u00e9miov\u00fd tmel na sklo a keramiku s extr\u00e9mnou odolnos\u0165ou - versiegelung24.com","robots":{"index":"index","follow":"follow","max-snippet":"max-snippet:-1","max-image-preview":"max-image-preview:large","max-video-preview":"max-video-preview:-1"},"canonical":"https:\/\/www.versiegelung24.com\/sk\/premiove-tesnenie-na-sklo-a-keramiku-s-extremnou-trvanlivostou.html","og_locale":"sk_SK","og_type":"article","og_title":"Pr\u00e9miov\u00fd tmel na sklo a keramiku s extr\u00e9mnou odolnos\u0165ou","og_description":"Pr\u00e9miov\u00e9 sklenen\u00e9 a keramick\u00e9 tesnenie v profesion\u00e1lnej kvalite: \u2713 s extra odolnos\u0165ou \u2713Vyroben\u00e9 v Nemecku","og_url":"https:\/\/www.versiegelung24.com\/sk\/premiove-tesnenie-na-sklo-a-keramiku-s-extremnou-trvanlivostou.html","og_site_name":"versiegelung24.com","article_modified_time":"2025-01-03T22:42:57+00:00","og_image":[{"width":2560,"height":2560,"url":"https:\/\/www.versiegelung24.com\/wp-content\/uploads\/2020\/06\/produkt-1003-7601-1000-Premium-Versiegelung-Glas-Keramik-scaled.jpg","type":"image\/jpeg"}],"twitter_card":"summary_large_image","twitter_misc":{"Dostupnos\u0165":"Na sklade"},"schema":{"@context":"https:\/\/schema.org","@graph":[{"@type":"WebPage","@id":"https:\/\/www.versiegelung24.com\/sk\/premiove-tesnenie-na-sklo-a-keramiku-s-extremnou-trvanlivostou.html","url":"https:\/\/www.versiegelung24.com\/sk\/premiove-tesnenie-na-sklo-a-keramiku-s-extremnou-trvanlivostou.html","name":"Pr\u00e9miov\u00fd tmel na sklo a keramiku s extr\u00e9mnou odolnos\u0165ou - versiegelung24.com","isPartOf":{"@id":"https:\/\/www.versiegelung24.com\/sk\/#website"},"primaryImageOfPage":{"@id":"https:\/\/www.versiegelung24.com\/sk\/premiove-tesnenie-na-sklo-a-keramiku-s-extremnou-trvanlivostou.html#primaryimage"},"image":{"@id":"https:\/\/www.versiegelung24.com\/sk\/premiove-tesnenie-na-sklo-a-keramiku-s-extremnou-trvanlivostou.html#primaryimage"},"thumbnailUrl":"https:\/\/www.versiegelung24.com\/wp-content\/uploads\/2020\/06\/produkt-1003-7601-1000-Premium-Versiegelung-Glas-Keramik-scaled.jpg","datePublished":"2020-04-04T16:53:42+00:00","dateModified":"2025-01-03T22:42:57+00:00","breadcrumb":{"@id":"https:\/\/www.versiegelung24.com\/sk\/premiove-tesnenie-na-sklo-a-keramiku-s-extremnou-trvanlivostou.html#breadcrumb"},"inLanguage":"sk-SK","potentialAction":[{"@type":"ReadAction","target":["https:\/\/www.versiegelung24.com\/sk\/premiove-tesnenie-na-sklo-a-keramiku-s-extremnou-trvanlivostou.html"]}]},{"@type":"ImageObject","inLanguage":"sk-SK","@id":"https:\/\/www.versiegelung24.com\/sk\/premiove-tesnenie-na-sklo-a-keramiku-s-extremnou-trvanlivostou.html#primaryimage","url":"https:\/\/www.versiegelung24.com\/wp-content\/uploads\/2020\/06\/produkt-1003-7601-1000-Premium-Versiegelung-Glas-Keramik-scaled.jpg","contentUrl":"https:\/\/www.versiegelung24.com\/wp-content\/uploads\/2020\/06\/produkt-1003-7601-1000-Premium-Versiegelung-Glas-Keramik-scaled.jpg","width":2560,"height":2560},{"@type":"BreadcrumbList","@id":"https:\/\/www.versiegelung24.com\/sk\/premiove-tesnenie-na-sklo-a-keramiku-s-extremnou-trvanlivostou.html#breadcrumb","itemListElement":[{"@type":"ListItem","position":1,"name":"\u00davodn\u00e1 str\u00e1nka","item":"https:\/\/www.versiegelung24.com\/sk\/predna-strana\/"},{"@type":"ListItem","position":2,"name":"Obchod","item":"https:\/\/www.versiegelung24.com\/sk\/obchod\/"},{"@type":"ListItem","position":3,"name":"Pr\u00e9miov\u00fd tmel na sklo a keramiku s extr\u00e9mnou odolnos\u0165ou"}]},{"@type":"WebSite","@id":"https:\/\/www.versiegelung24.com\/sk\/#website","url":"https:\/\/www.versiegelung24.com\/sk\/","name":"versiegelung24.com","description":"Fl\u00fcssigglas-Versiegelung - Made in Germany","publisher":{"@id":"https:\/\/www.versiegelung24.com\/sk\/#organization"},"potentialAction":[{"@type":"SearchAction","target":{"@type":"EntryPoint","urlTemplate":"https:\/\/www.versiegelung24.com\/sk\/?s={search_term_string}"},"query-input":{"@type":"PropertyValueSpecification","valueRequired":true,"valueName":"search_term_string"}}],"inLanguage":"sk-SK"},{"@type":"Organization","@id":"https:\/\/www.versiegelung24.com\/sk\/#organization","name":"versiegelung24","url":"https:\/\/www.versiegelung24.com\/sk\/","logo":{"@type":"ImageObject","inLanguage":"sk-SK","@id":"https:\/\/www.versiegelung24.com\/sk\/#\/schema\/logo\/image\/","url":"https:\/\/www.versiegelung24.com\/wp-content\/uploads\/2020\/04\/versiegelung24.png","contentUrl":"https:\/\/www.versiegelung24.com\/wp-content\/uploads\/2020\/04\/versiegelung24.png","width":470,"height":102,"caption":"versiegelung24"},"image":{"@id":"https:\/\/www.versiegelung24.com\/sk\/#\/schema\/logo\/image\/"}}]},"og_availability":"instock","product_availability":"instock","product_retailer_item_id":"1003-7601","product_condition":"new"},"_links":{"self":[{"href":"https:\/\/www.versiegelung24.com\/sk\/wp-json\/wp\/v2\/product\/23551","targetHints":{"allow":["GET"]}}],"collection":[{"href":"https:\/\/www.versiegelung24.com\/sk\/wp-json\/wp\/v2\/product"}],"about":[{"href":"https:\/\/www.versiegelung24.com\/sk\/wp-json\/wp\/v2\/types\/product"}],"version-history":[{"count":28,"href":"https:\/\/www.versiegelung24.com\/sk\/wp-json\/wp\/v2\/product\/23551\/revisions"}],"predecessor-version":[{"id":177579,"href":"https:\/\/www.versiegelung24.com\/sk\/wp-json\/wp\/v2\/product\/23551\/revisions\/177579"}],"wp:featuredmedia":[{"embeddable":true,"href":"https:\/\/www.versiegelung24.com\/sk\/wp-json\/wp\/v2\/media\/17765"}],"wp:attachment":[{"href":"https:\/\/www.versiegelung24.com\/sk\/wp-json\/wp\/v2\/media?parent=23551"}],"wp:term":[{"taxonomy":"product_brand","embeddable":true,"href":"https:\/\/www.versiegelung24.com\/sk\/wp-json\/wp\/v2\/product_brand?post=23551"},{"taxonomy":"product_cat","embeddable":true,"href":"https:\/\/www.versiegelung24.com\/sk\/wp-json\/wp\/v2\/product_cat?post=23551"},{"taxonomy":"product_tag","embeddable":true,"href":"https:\/\/www.versiegelung24.com\/sk\/wp-json\/wp\/v2\/product_tag?post=23551"}],"curies":[{"name":"wp","href":"https:\/\/api.w.org\/{rel}","templated":true}]}}