{"id":23631,"date":"2020-04-04T18:53:41","date_gmt":"2020-04-04T16:53:41","guid":{"rendered":"https:\/\/www.versiegelung24.com\/produkt\/bioetanol-966-na-profesionalne-predcistenie"},"modified":"2025-01-13T17:00:17","modified_gmt":"2025-01-13T16:00:17","slug":"bioetanol-966-na-profesionalne-cistenie","status":"publish","type":"product","link":"https:\/\/www.versiegelung24.com\/sk\/bioetanol-966-na-profesionalne-cistenie.html","title":{"rendered":"Bioetanol 96,6% na profesion\u00e1lne pred\u010distenie"},"content":{"rendered":"\n<h4 class=\"wp-block-heading\" id=\"h-beschreibung\">Opis<\/h4>\n\n<p>Technick\u00e1 kvalita bioetanol 96,6% vhodn\u00e1 na d\u00f4kladn\u00e9 pred\u010distenie a odmastenie nesav\u00fdch povrchov. <\/p>\n\n<p>D\u00e1 sa ve\u013emi dobre pou\u017ei\u0165 v kombin\u00e1cii s na\u0161\u00edm biologick\u00fdm, bezzvy\u0161kov\u00fdm pred\u010distiacim <a href=\"https:\/\/www.versiegelung24.com\/sk\/biosativa-biologicky-predcistic.html\">prostriedkom BIOSATIVA<\/a> \u00ae na pr\u00edpravu napr. skla, keramiky, lakovan\u00fdch povrchov na aplik\u00e1ciu na\u0161ich povrchov\u00fdch tesnen\u00ed.<\/p>\n\n<hr \/>\n\n<h4 class=\"wp-block-heading\" id=\"properties\">Vlastnosti produktu<\/h4>\n\n<p>\u2713 Bioetanol vyroben\u00fd zo 100% kukurice a cukrovej repy<\/p>\n\n<p>\u2713 Region\u00e1lna v\u00fdroba s pr\u00edsadami z Eur\u00f3py<\/p>\n\n<p>\u2713 V\u00fdroba pod\u013ea pr\u00edsnych eur\u00f3pskych smern\u00edc<\/p>\n\n<p>\u2713 Bezpe\u010dnos\u0165 a kvalita v\u010faka vysok\u00fdm \u0161tandardom<\/p>\n\n<p>Vysok\u00e1 \u010distota, s 1% MEK, 1% izopropanolom a Bitrex plne denaturovan\u00fd bioetanol 96,6% (etyl\u00e9nalkohol) z trvalo udr\u017eate\u013enej v\u00fdroby (biomasa).<\/p>\n\n<hr \/>\n\n<h4 class=\"wp-block-heading\" id=\"application\">Aplik\u00e1cia<\/h4>\n\n<p>Na \u010distenie hladk\u00fdch, nesav\u00fdch povrchov odpor\u00fa\u010dame \u010distenie v dvoch krokoch:<\/p>\n\n<p>1. Intenz\u00edvne pred\u010distenie povrchu pomocou be\u017en\u00e9ho \u010disti\u010da bez zvy\u0161kov alebo n\u00e1\u0161ho biologick\u00e9ho \u010distiaceho <a href=\"https:\/\/www.versiegelung24.com\/sk\/biosativa-biologicky-predcistic.html\">koncentr\u00e1tu BIOSATIVA<\/a> <a href=\"https:\/\/www.versiegelung24.com\/biosativa-biologischer-vorreiniger.html\">\u00ae<\/a><\/p>\n\n<p>2. Po dokon\u010den\u00ed procesu \u010distenia povrch op\u00e4\u0165 o\u010distite bioetanolom 96,6%, aby sa odstr\u00e1nili v\u0161etky ne\u010distoty a povrch bol \u00faplne odmasten\u00fd. Tento postup opakujte, k\u00fdm na utierke z mikrovl\u00e1kna nezostan\u00fa \u017eiadne zvy\u0161ky ne\u010dist\u00f4t.<\/p>\n\n<p>Po kr\u00e1tkom odparen\u00ed pr\u00edpadn\u00fdch zvy\u0161kov alkoholu na povrchu m\u00f4\u017ee za\u010da\u0165 nan\u00e1\u0161anie na\u0161ich nano-n\u00e1terov a impregn\u00e1ci\u00ed.<\/p>\n\n<p><em>V z\u00e1sade by sa pri ka\u017edom \u010disten\u00ed a utes\u0148ovan\u00ed povrchu mal v\u017edy vykona\u0165 test na nen\u00e1padnej ploche, aby sa zistila kompatibilita povrchu s pou\u017eit\u00fdmi prostriedkami.<\/em><\/p>\n\n<hr \/>\n\n<h4 class=\"wp-block-heading\" id=\"advisor\">Poradca<\/h4>\n\n<p><strong>Bio-etanol 96,6% &#8211; ide\u00e1lny pre stolov\u00e9 krby<\/strong><\/p>\n\n<p>Etanolov\u00e9 krby s\u00fa tak odli\u0161n\u00e9, ako s\u00fa na\u0161e chute, v mnoh\u00fdch dom\u00e1cnostiach nepostr\u00e1date\u013en\u00e9. F\u013ea\u0161e s objemom 1 litra s\u00fa ide\u00e1lne pre pr\u00edle\u017eitostn\u00fdch u\u017e\u00edvate\u013eov alebo pre za\u010d\u00ednaj\u00facich u\u017e\u00edvate\u013eov, ktor\u00ed sa chc\u00fa zozn\u00e1mi\u0165 so svoj\u00edm krbom na etanol alebo s na\u0161\u00edm tekut\u00fdm bioetanolov\u00fdm palivom.<\/p>\n\n<p><strong>Ako dlho vydr\u017e\u00ed 1 liter bioetanolu?<\/strong><\/p>\n\n<p>Priemern\u00e1 doba horenia 1 litra 96,6 % bioetanolu je okolo 2 a\u017e 3 hod\u00edn. To sa ale presne poveda\u0165 ned\u00e1, preto\u017ee doba horenia z\u00e1vis\u00ed od plochy povrchu, na ktorom sa kvapalina rozhor\u00ed. \u010c\u00edm v\u00e4\u010d\u0161ia plocha, t\u00fdm r\u00fdchlej\u0161ie pr\u00e9miov\u00fd bioetanol hor\u00ed.<\/p>\n\n<hr \/>\n\n<h4 class=\"wp-block-heading\" id=\"faq\">\u010cASTO KLADEN\u00c9 OT\u00c1ZKY<\/h4>\n\n<div class=\"schema-faq wp-block-yoast-faq-block\"><div class=\"schema-faq-section\" id=\"faq-question-1645793617330\"><strong class=\"schema-faq-question\">Je bioetanol schv\u00e1len\u00fd pre medic\u00ednsky sektor?<\/strong> <p class=\"schema-faq-answer\">Nie! Ak h\u013ead\u00e1te prostriedok na dezinfekciu povrchov, viac inform\u00e1ci\u00ed n\u00e1jdete tu: <a href=\"https:\/\/www.versiegelung24.com\/desinfektionsmittel\/\">Preh\u013ead dezinfek\u010dn\u00fdch prostriedkov<\/a><\/p> <\/div> <div class=\"schema-faq-section\" id=\"faq-question-1645793819353\"><strong class=\"schema-faq-question\">Ak\u00fd nebezpe\u010dn\u00fd je bioetanol?<\/strong> <p class=\"schema-faq-answer\">Pri spa\u013eovan\u00ed vznik\u00e1 vodn\u00e1 para (H2O) a oxid uhli\u010dit\u00fd (CO2), rovnako ako pri d\u00fdchan\u00ed. Bioetanol 96,6 % hor\u00ed bez z\u00e1pachu a zvy\u0161kov. Pri pou\u017eit\u00ed v krboch je potrebn\u00e9 v\u017edy dodr\u017eiava\u0165 presn\u00e9 upozornenia na nebezpe\u010denstvo!<br>Bioetanol 96,6% je vysoko hor\u013eav\u00fd. Pri pou\u017eit\u00ed ako \u010disti\u010d vznikaj\u00fa \u013eahko hor\u013eav\u00e9 plyny. <br><\/p> <\/div> <div class=\"schema-faq-section\" id=\"faq-question-1645794918526\"><strong class=\"schema-faq-question\">M\u00f4\u017ee bioetanol (pou\u017e\u00edvan\u00fd ako \u010disti\u010d) napadn\u00fa\u0165 povrchy?<\/strong> <p class=\"schema-faq-answer\">Najm\u00e4 v pr\u00edpade plastov si tu treba d\u00e1va\u0165 pozor. M\u00e4kk\u00e9 plasty, ako s\u00fa tesnenia a hadice, m\u00f4\u017eu reagova\u0165 so zm\u00e4k\u010dovadlami a po\u0161kodi\u0165 povrchy alebo materi\u00e1ly.<br><br>V z\u00e1sade plat\u00ed, \u017ee pri \u010disten\u00ed povrchu by sa mal v\u017edy najsk\u00f4r vykona\u0165 test na nen\u00e1padnej ploche.<\/p> <\/div> <\/div>\n","protected":false},"excerpt":{"rendered":"<p>\u2713 Bioetanol vyroben\u00fd zo 100% kukurice a cukrovej repy<\/p>\n<p>\u2713 Region\u00e1lna v\u00fdroba s pr\u00edsadami z Eur\u00f3py<\/p>\n<p>\u2713 V\u00fdroba pod\u013ea pr\u00edsnych eur\u00f3pskych smern\u00edc<\/p>\n<p>\u2713 Bezpe\u010dnos\u0165 a kvalita v\u010faka vysok\u00fdm \u0161tandardom<\/p>\n","protected":false},"featured_media":65163,"template":"","meta":{"_acf_changed":false,"neve_meta_sidebar":"","neve_meta_container":"","neve_meta_enable_content_width":"","neve_meta_content_width":0,"neve_meta_title_alignment":"","neve_meta_author_avatar":"","neve_post_elements_order":"","neve_meta_disable_header":"","neve_meta_disable_footer":"","neve_meta_disable_title":"","neve_meta_reading_time":"","_surfaces":[],"_ver_product_tabs":[],"footnotes":""},"product_brand":[],"product_cat":[2221,2269,2405,2412,2617],"product_tag":[],"class_list":{"0":"post-23631","1":"product","2":"type-product","3":"status-publish","4":"has-post-thumbnail","6":"product_cat-tesnenie-auta","7":"product_cat-tesnenie-na-sklo-a-keramiku","8":"product_cat-kovove-a-plastove-tesnenie","9":"product_cat-cistiace-prostriedky","10":"product_cat-bioetanol-sk","12":"first","13":"instock","14":"taxable","15":"shipping-taxable","16":"purchasable","17":"product-type-simple"},"acf":[],"yoast_head":"<!-- This site is optimized with the Yoast SEO Premium plugin v22.8 (Yoast SEO v27.5) - https:\/\/yoast.com\/product\/yoast-seo-premium-wordpress\/ -->\n<title>Bioetanol 96,6% na profesion\u00e1lne pred\u010distenie - versiegelung24.com<\/title>\n<meta name=\"robots\" content=\"index, follow, max-snippet:-1, max-image-preview:large, max-video-preview:-1\" \/>\n<link rel=\"canonical\" href=\"https:\/\/www.versiegelung24.com\/sk\/bioetanol-966-na-profesionalne-cistenie.html\" \/>\n<meta property=\"og:locale\" content=\"sk_SK\" \/>\n<meta property=\"og:type\" content=\"article\" \/>\n<meta property=\"og:title\" content=\"Bioetanol 96,6% na profesion\u00e1lne pred\u010distenie\" \/>\n<meta property=\"og:description\" content=\"\u2713 Bioetanol vyroben\u00fd zo 100% kukurice a cukrovej repy \u2713 Region\u00e1lna v\u00fdroba s pr\u00edsadami z Eur\u00f3py \u2713 V\u00fdroba pod\u013ea pr\u00edsnych eur\u00f3pskych smern\u00edc \u2713 Bezpe\u010dnos\u0165 a kvalita v\u010faka vysok\u00fdm \u0161tandardom\" \/>\n<meta property=\"og:url\" content=\"https:\/\/www.versiegelung24.com\/sk\/bioetanol-966-na-profesionalne-cistenie.html\" \/>\n<meta property=\"og:site_name\" content=\"versiegelung24.com\" \/>\n<meta property=\"article:modified_time\" content=\"2025-01-13T16:00:17+00:00\" \/>\n<meta property=\"og:image\" content=\"https:\/\/www.versiegelung24.com\/wp-content\/uploads\/2020\/04\/produkt_9100-950-1000-bioethanol-flasche.jpeg\" \/>\n\t<meta property=\"og:image:width\" content=\"2560\" \/>\n\t<meta property=\"og:image:height\" content=\"2560\" \/>\n\t<meta property=\"og:image:type\" content=\"image\/jpeg\" \/>\n<meta name=\"twitter:card\" content=\"summary_large_image\" \/>\n<meta name=\"twitter:label1\" content=\"Cena\" \/>\n\t<meta name=\"twitter:data1\" content=\"9,99&euro;\" \/>\n\t<meta name=\"twitter:label2\" content=\"Dostupnos\u0165\" \/>\n\t<meta name=\"twitter:data2\" content=\"Na sklade\" \/>\n<script type=\"application\/ld+json\" class=\"yoast-schema-graph\">{\"@context\":\"https:\\\/\\\/schema.org\",\"@graph\":[{\"@type\":[\"WebPage\",\"FAQPage\"],\"@id\":\"https:\\\/\\\/www.versiegelung24.com\\\/sk\\\/bioetanol-966-na-profesionalne-cistenie.html\",\"url\":\"https:\\\/\\\/www.versiegelung24.com\\\/sk\\\/bioetanol-966-na-profesionalne-cistenie.html\",\"name\":\"Bioetanol 96,6% na profesion\u00e1lne pred\u010distenie - versiegelung24.com\",\"isPartOf\":{\"@id\":\"https:\\\/\\\/www.versiegelung24.com\\\/sk\\\/#website\"},\"primaryImageOfPage\":{\"@id\":\"https:\\\/\\\/www.versiegelung24.com\\\/sk\\\/bioetanol-966-na-profesionalne-cistenie.html#primaryimage\"},\"image\":{\"@id\":\"https:\\\/\\\/www.versiegelung24.com\\\/sk\\\/bioetanol-966-na-profesionalne-cistenie.html#primaryimage\"},\"thumbnailUrl\":\"https:\\\/\\\/www.versiegelung24.com\\\/wp-content\\\/uploads\\\/2020\\\/04\\\/produkt_9100-950-1000-bioethanol-flasche.jpeg\",\"datePublished\":\"2020-04-04T16:53:41+00:00\",\"dateModified\":\"2025-01-13T16:00:17+00:00\",\"breadcrumb\":{\"@id\":\"https:\\\/\\\/www.versiegelung24.com\\\/sk\\\/bioetanol-966-na-profesionalne-cistenie.html#breadcrumb\"},\"mainEntity\":[{\"@id\":\"https:\\\/\\\/www.versiegelung24.com\\\/sk\\\/bioetanol-966-na-profesionalne-cistenie.html#faq-question-1645793617330\"},{\"@id\":\"https:\\\/\\\/www.versiegelung24.com\\\/sk\\\/bioetanol-966-na-profesionalne-cistenie.html#faq-question-1645793819353\"},{\"@id\":\"https:\\\/\\\/www.versiegelung24.com\\\/sk\\\/bioetanol-966-na-profesionalne-cistenie.html#faq-question-1645794918526\"}],\"inLanguage\":\"sk-SK\",\"potentialAction\":[{\"@type\":\"ReadAction\",\"target\":[\"https:\\\/\\\/www.versiegelung24.com\\\/sk\\\/bioetanol-966-na-profesionalne-cistenie.html\"]}]},{\"@type\":\"ImageObject\",\"inLanguage\":\"sk-SK\",\"@id\":\"https:\\\/\\\/www.versiegelung24.com\\\/sk\\\/bioetanol-966-na-profesionalne-cistenie.html#primaryimage\",\"url\":\"https:\\\/\\\/www.versiegelung24.com\\\/wp-content\\\/uploads\\\/2020\\\/04\\\/produkt_9100-950-1000-bioethanol-flasche.jpeg\",\"contentUrl\":\"https:\\\/\\\/www.versiegelung24.com\\\/wp-content\\\/uploads\\\/2020\\\/04\\\/produkt_9100-950-1000-bioethanol-flasche.jpeg\",\"width\":2560,\"height\":2560},{\"@type\":\"BreadcrumbList\",\"@id\":\"https:\\\/\\\/www.versiegelung24.com\\\/sk\\\/bioetanol-966-na-profesionalne-cistenie.html#breadcrumb\",\"itemListElement\":[{\"@type\":\"ListItem\",\"position\":1,\"name\":\"\u00davodn\u00e1 str\u00e1nka\",\"item\":\"https:\\\/\\\/www.versiegelung24.com\\\/sk\\\/predna-strana\\\/\"},{\"@type\":\"ListItem\",\"position\":2,\"name\":\"Obchod\",\"item\":\"https:\\\/\\\/www.versiegelung24.com\\\/sk\\\/obchod\\\/\"},{\"@type\":\"ListItem\",\"position\":3,\"name\":\"Bioetanol 96,6% na profesion\u00e1lne pred\u010distenie\"}]},{\"@type\":\"WebSite\",\"@id\":\"https:\\\/\\\/www.versiegelung24.com\\\/sk\\\/#website\",\"url\":\"https:\\\/\\\/www.versiegelung24.com\\\/sk\\\/\",\"name\":\"versiegelung24.com\",\"description\":\"Fl\u00fcssigglas-Versiegelung - Made in Germany\",\"publisher\":{\"@id\":\"https:\\\/\\\/www.versiegelung24.com\\\/sk\\\/#organization\"},\"potentialAction\":[{\"@type\":\"SearchAction\",\"target\":{\"@type\":\"EntryPoint\",\"urlTemplate\":\"https:\\\/\\\/www.versiegelung24.com\\\/sk\\\/?s={search_term_string}\"},\"query-input\":{\"@type\":\"PropertyValueSpecification\",\"valueRequired\":true,\"valueName\":\"search_term_string\"}}],\"inLanguage\":\"sk-SK\"},{\"@type\":\"Organization\",\"@id\":\"https:\\\/\\\/www.versiegelung24.com\\\/sk\\\/#organization\",\"name\":\"versiegelung24\",\"url\":\"https:\\\/\\\/www.versiegelung24.com\\\/sk\\\/\",\"logo\":{\"@type\":\"ImageObject\",\"inLanguage\":\"sk-SK\",\"@id\":\"https:\\\/\\\/www.versiegelung24.com\\\/sk\\\/#\\\/schema\\\/logo\\\/image\\\/\",\"url\":\"https:\\\/\\\/www.versiegelung24.com\\\/wp-content\\\/uploads\\\/2020\\\/04\\\/versiegelung24.png\",\"contentUrl\":\"https:\\\/\\\/www.versiegelung24.com\\\/wp-content\\\/uploads\\\/2020\\\/04\\\/versiegelung24.png\",\"width\":470,\"height\":102,\"caption\":\"versiegelung24\"},\"image\":{\"@id\":\"https:\\\/\\\/www.versiegelung24.com\\\/sk\\\/#\\\/schema\\\/logo\\\/image\\\/\"}},{\"@type\":\"Question\",\"@id\":\"https:\\\/\\\/www.versiegelung24.com\\\/sk\\\/bioetanol-966-na-profesionalne-cistenie.html#faq-question-1645793617330\",\"position\":1,\"url\":\"https:\\\/\\\/www.versiegelung24.com\\\/sk\\\/bioetanol-966-na-profesionalne-cistenie.html#faq-question-1645793617330\",\"name\":\"Ist Bioethanol f\u00fcr den medizinischen Bereich zugelassen?\",\"answerCount\":1,\"acceptedAnswer\":{\"@type\":\"Answer\",\"text\":\"Nein! Wenn Sie ein Fl\u00e4chendesinfektionsmittel suchen, finden Sie weitere Informationen hier: <a href=\\\"https:\\\/\\\/www.versiegelung24.com\\\/desinfektionsmittel\\\/\\\">\u00dcbersicht Desinfektionsmittel<\\\/a>\",\"inLanguage\":\"sk-SK\"},\"inLanguage\":\"sk-SK\"},{\"@type\":\"Question\",\"@id\":\"https:\\\/\\\/www.versiegelung24.com\\\/sk\\\/bioetanol-966-na-profesionalne-cistenie.html#faq-question-1645793819353\",\"position\":2,\"url\":\"https:\\\/\\\/www.versiegelung24.com\\\/sk\\\/bioetanol-966-na-profesionalne-cistenie.html#faq-question-1645793819353\",\"name\":\"Wie gef\u00e4hrlich ist Bioethanol?\",\"answerCount\":1,\"acceptedAnswer\":{\"@type\":\"Answer\",\"text\":\"Bei der Verbrennung entstehen genau wie bei unserer Atmung Wasserdampf (H2O) und Kohlendioxid (CO2). Bioethanol 96,6% verbrennt geruchs- und r\u00fcckstandsfrei. Bei Nutzung in Feuerstellen sind stets die genauen Gefahrenhinweise zu beachten!<br \\\/>Bioethanol 96,6% ist leicht entz\u00fcndlich. Bei der Nutzung als Reiniger entstehen leicht brennbare Gase. <br \\\/>\",\"inLanguage\":\"sk-SK\"},\"inLanguage\":\"sk-SK\"},{\"@type\":\"Question\",\"@id\":\"https:\\\/\\\/www.versiegelung24.com\\\/sk\\\/bioetanol-966-na-profesionalne-cistenie.html#faq-question-1645794918526\",\"position\":3,\"url\":\"https:\\\/\\\/www.versiegelung24.com\\\/sk\\\/bioetanol-966-na-profesionalne-cistenie.html#faq-question-1645794918526\",\"name\":\"Kann Bioethanol (als Reiniger eingesetzt) Oberfl\u00e4chen angreifen?\",\"answerCount\":1,\"acceptedAnswer\":{\"@type\":\"Answer\",\"text\":\"Besonders bei Kunststoffen ist hier mit Achtsamkeit vor zu gehen. Weiche Kunststoffe wie z.B. bei Dichtungen und Schl\u00e4uchen kann dieser mit den Weichmachern reagieren und Oberfl\u00e4chen bzw. Materialien sch\u00e4digen.<br \\\/><br \\\/>Grunds\u00e4tzlich sollte bei der Oberfl\u00e4chenreinigung immer erst ein Test an unauff\u00e4lliger Stelle durchgef\u00fchrt werden.\",\"inLanguage\":\"sk-SK\"},\"inLanguage\":\"sk-SK\"}]}<\/script>\n<meta property=\"product:price:amount\" content=\"9.99\" \/>\n<meta property=\"product:price:currency\" content=\"EUR\" \/>\n<meta property=\"og:availability\" content=\"instock\" \/>\n<meta property=\"product:availability\" content=\"instock\" \/>\n<meta property=\"product:retailer_item_id\" content=\"9100-BE96-1\" \/>\n<meta property=\"product:condition\" content=\"new\" \/>\n<!-- \/ Yoast SEO Premium plugin. -->","yoast_head_json":{"title":"Bioetanol 96,6% na profesion\u00e1lne pred\u010distenie - versiegelung24.com","robots":{"index":"index","follow":"follow","max-snippet":"max-snippet:-1","max-image-preview":"max-image-preview:large","max-video-preview":"max-video-preview:-1"},"canonical":"https:\/\/www.versiegelung24.com\/sk\/bioetanol-966-na-profesionalne-cistenie.html","og_locale":"sk_SK","og_type":"article","og_title":"Bioetanol 96,6% na profesion\u00e1lne pred\u010distenie","og_description":"\u2713 Bioetanol vyroben\u00fd zo 100% kukurice a cukrovej repy \u2713 Region\u00e1lna v\u00fdroba s pr\u00edsadami z Eur\u00f3py \u2713 V\u00fdroba pod\u013ea pr\u00edsnych eur\u00f3pskych smern\u00edc \u2713 Bezpe\u010dnos\u0165 a kvalita v\u010faka vysok\u00fdm \u0161tandardom","og_url":"https:\/\/www.versiegelung24.com\/sk\/bioetanol-966-na-profesionalne-cistenie.html","og_site_name":"versiegelung24.com","article_modified_time":"2025-01-13T16:00:17+00:00","og_image":[{"width":2560,"height":2560,"url":"https:\/\/www.versiegelung24.com\/wp-content\/uploads\/2020\/04\/produkt_9100-950-1000-bioethanol-flasche.jpeg","type":"image\/jpeg"}],"twitter_card":"summary_large_image","twitter_misc":{"Cena":"9,99&euro;","Dostupnos\u0165":"Na sklade"},"schema":{"@context":"https:\/\/schema.org","@graph":[{"@type":["WebPage","FAQPage"],"@id":"https:\/\/www.versiegelung24.com\/sk\/bioetanol-966-na-profesionalne-cistenie.html","url":"https:\/\/www.versiegelung24.com\/sk\/bioetanol-966-na-profesionalne-cistenie.html","name":"Bioetanol 96,6% na profesion\u00e1lne pred\u010distenie - versiegelung24.com","isPartOf":{"@id":"https:\/\/www.versiegelung24.com\/sk\/#website"},"primaryImageOfPage":{"@id":"https:\/\/www.versiegelung24.com\/sk\/bioetanol-966-na-profesionalne-cistenie.html#primaryimage"},"image":{"@id":"https:\/\/www.versiegelung24.com\/sk\/bioetanol-966-na-profesionalne-cistenie.html#primaryimage"},"thumbnailUrl":"https:\/\/www.versiegelung24.com\/wp-content\/uploads\/2020\/04\/produkt_9100-950-1000-bioethanol-flasche.jpeg","datePublished":"2020-04-04T16:53:41+00:00","dateModified":"2025-01-13T16:00:17+00:00","breadcrumb":{"@id":"https:\/\/www.versiegelung24.com\/sk\/bioetanol-966-na-profesionalne-cistenie.html#breadcrumb"},"mainEntity":[{"@id":"https:\/\/www.versiegelung24.com\/sk\/bioetanol-966-na-profesionalne-cistenie.html#faq-question-1645793617330"},{"@id":"https:\/\/www.versiegelung24.com\/sk\/bioetanol-966-na-profesionalne-cistenie.html#faq-question-1645793819353"},{"@id":"https:\/\/www.versiegelung24.com\/sk\/bioetanol-966-na-profesionalne-cistenie.html#faq-question-1645794918526"}],"inLanguage":"sk-SK","potentialAction":[{"@type":"ReadAction","target":["https:\/\/www.versiegelung24.com\/sk\/bioetanol-966-na-profesionalne-cistenie.html"]}]},{"@type":"ImageObject","inLanguage":"sk-SK","@id":"https:\/\/www.versiegelung24.com\/sk\/bioetanol-966-na-profesionalne-cistenie.html#primaryimage","url":"https:\/\/www.versiegelung24.com\/wp-content\/uploads\/2020\/04\/produkt_9100-950-1000-bioethanol-flasche.jpeg","contentUrl":"https:\/\/www.versiegelung24.com\/wp-content\/uploads\/2020\/04\/produkt_9100-950-1000-bioethanol-flasche.jpeg","width":2560,"height":2560},{"@type":"BreadcrumbList","@id":"https:\/\/www.versiegelung24.com\/sk\/bioetanol-966-na-profesionalne-cistenie.html#breadcrumb","itemListElement":[{"@type":"ListItem","position":1,"name":"\u00davodn\u00e1 str\u00e1nka","item":"https:\/\/www.versiegelung24.com\/sk\/predna-strana\/"},{"@type":"ListItem","position":2,"name":"Obchod","item":"https:\/\/www.versiegelung24.com\/sk\/obchod\/"},{"@type":"ListItem","position":3,"name":"Bioetanol 96,6% na profesion\u00e1lne pred\u010distenie"}]},{"@type":"WebSite","@id":"https:\/\/www.versiegelung24.com\/sk\/#website","url":"https:\/\/www.versiegelung24.com\/sk\/","name":"versiegelung24.com","description":"Fl\u00fcssigglas-Versiegelung - Made in Germany","publisher":{"@id":"https:\/\/www.versiegelung24.com\/sk\/#organization"},"potentialAction":[{"@type":"SearchAction","target":{"@type":"EntryPoint","urlTemplate":"https:\/\/www.versiegelung24.com\/sk\/?s={search_term_string}"},"query-input":{"@type":"PropertyValueSpecification","valueRequired":true,"valueName":"search_term_string"}}],"inLanguage":"sk-SK"},{"@type":"Organization","@id":"https:\/\/www.versiegelung24.com\/sk\/#organization","name":"versiegelung24","url":"https:\/\/www.versiegelung24.com\/sk\/","logo":{"@type":"ImageObject","inLanguage":"sk-SK","@id":"https:\/\/www.versiegelung24.com\/sk\/#\/schema\/logo\/image\/","url":"https:\/\/www.versiegelung24.com\/wp-content\/uploads\/2020\/04\/versiegelung24.png","contentUrl":"https:\/\/www.versiegelung24.com\/wp-content\/uploads\/2020\/04\/versiegelung24.png","width":470,"height":102,"caption":"versiegelung24"},"image":{"@id":"https:\/\/www.versiegelung24.com\/sk\/#\/schema\/logo\/image\/"}},{"@type":"Question","@id":"https:\/\/www.versiegelung24.com\/sk\/bioetanol-966-na-profesionalne-cistenie.html#faq-question-1645793617330","position":1,"url":"https:\/\/www.versiegelung24.com\/sk\/bioetanol-966-na-profesionalne-cistenie.html#faq-question-1645793617330","name":"Ist Bioethanol f\u00fcr den medizinischen Bereich zugelassen?","answerCount":1,"acceptedAnswer":{"@type":"Answer","text":"Nein! Wenn Sie ein Fl\u00e4chendesinfektionsmittel suchen, finden Sie weitere Informationen hier: <a href=\"https:\/\/www.versiegelung24.com\/desinfektionsmittel\/\">\u00dcbersicht Desinfektionsmittel<\/a>","inLanguage":"sk-SK"},"inLanguage":"sk-SK"},{"@type":"Question","@id":"https:\/\/www.versiegelung24.com\/sk\/bioetanol-966-na-profesionalne-cistenie.html#faq-question-1645793819353","position":2,"url":"https:\/\/www.versiegelung24.com\/sk\/bioetanol-966-na-profesionalne-cistenie.html#faq-question-1645793819353","name":"Wie gef\u00e4hrlich ist Bioethanol?","answerCount":1,"acceptedAnswer":{"@type":"Answer","text":"Bei der Verbrennung entstehen genau wie bei unserer Atmung Wasserdampf (H2O) und Kohlendioxid (CO2). Bioethanol 96,6% verbrennt geruchs- und r\u00fcckstandsfrei. Bei Nutzung in Feuerstellen sind stets die genauen Gefahrenhinweise zu beachten!<br \/>Bioethanol 96,6% ist leicht entz\u00fcndlich. Bei der Nutzung als Reiniger entstehen leicht brennbare Gase. <br \/>","inLanguage":"sk-SK"},"inLanguage":"sk-SK"},{"@type":"Question","@id":"https:\/\/www.versiegelung24.com\/sk\/bioetanol-966-na-profesionalne-cistenie.html#faq-question-1645794918526","position":3,"url":"https:\/\/www.versiegelung24.com\/sk\/bioetanol-966-na-profesionalne-cistenie.html#faq-question-1645794918526","name":"Kann Bioethanol (als Reiniger eingesetzt) Oberfl\u00e4chen angreifen?","answerCount":1,"acceptedAnswer":{"@type":"Answer","text":"Besonders bei Kunststoffen ist hier mit Achtsamkeit vor zu gehen. Weiche Kunststoffe wie z.B. bei Dichtungen und Schl\u00e4uchen kann dieser mit den Weichmachern reagieren und Oberfl\u00e4chen bzw. Materialien sch\u00e4digen.<br \/><br \/>Grunds\u00e4tzlich sollte bei der Oberfl\u00e4chenreinigung immer erst ein Test an unauff\u00e4lliger Stelle durchgef\u00fchrt werden.","inLanguage":"sk-SK"},"inLanguage":"sk-SK"}]},"product_price_amount":"9.99","product_price_currency":"EUR","og_availability":"instock","product_availability":"instock","product_retailer_item_id":"9100-BE96-1","product_condition":"new"},"_links":{"self":[{"href":"https:\/\/www.versiegelung24.com\/sk\/wp-json\/wp\/v2\/product\/23631","targetHints":{"allow":["GET"]}}],"collection":[{"href":"https:\/\/www.versiegelung24.com\/sk\/wp-json\/wp\/v2\/product"}],"about":[{"href":"https:\/\/www.versiegelung24.com\/sk\/wp-json\/wp\/v2\/types\/product"}],"version-history":[{"count":49,"href":"https:\/\/www.versiegelung24.com\/sk\/wp-json\/wp\/v2\/product\/23631\/revisions"}],"predecessor-version":[{"id":180706,"href":"https:\/\/www.versiegelung24.com\/sk\/wp-json\/wp\/v2\/product\/23631\/revisions\/180706"}],"wp:featuredmedia":[{"embeddable":true,"href":"https:\/\/www.versiegelung24.com\/sk\/wp-json\/wp\/v2\/media\/65163"}],"wp:attachment":[{"href":"https:\/\/www.versiegelung24.com\/sk\/wp-json\/wp\/v2\/media?parent=23631"}],"wp:term":[{"taxonomy":"product_brand","embeddable":true,"href":"https:\/\/www.versiegelung24.com\/sk\/wp-json\/wp\/v2\/product_brand?post=23631"},{"taxonomy":"product_cat","embeddable":true,"href":"https:\/\/www.versiegelung24.com\/sk\/wp-json\/wp\/v2\/product_cat?post=23631"},{"taxonomy":"product_tag","embeddable":true,"href":"https:\/\/www.versiegelung24.com\/sk\/wp-json\/wp\/v2\/product_tag?post=23631"}],"curies":[{"name":"wp","href":"https:\/\/api.w.org\/{rel}","templated":true}]}}