{"id":23856,"date":"2020-04-04T18:53:45","date_gmt":"2021-08-02T20:07:30","guid":{"rendered":"https:\/\/www.versiegelung24.com\/produkt\/cistic-nehrdzavejucej-ocele-blu1000-na-profesionalne-cistenie-a-pripravu-povrchov-z-nehrdzavejucej-ocele"},"modified":"2025-03-20T10:01:25","modified_gmt":"2025-03-20T09:01:25","slug":"cistic-nehrdzavejucej-ocele-blu1000-na-profesionalne-cistenie-a-pripravu-povrchov-z-nehrdzavejucej-ocele","status":"publish","type":"product","link":"https:\/\/www.versiegelung24.com\/sk\/cistic-nehrdzavejucej-ocele-blu1000-na-profesionalne-cistenie-a-pripravu-povrchov-z-nehrdzavejucej-ocele.html","title":{"rendered":"\u010cisti\u010d nehrdzavej\u00facej ocele BLU1000 &#8211; na profesion\u00e1lne \u010distenie a pr\u00edpravu povrchov z nehrdzavej\u00facej ocele"},"content":{"rendered":"\n<p><strong>\u0160peci\u00e1lny \u010disti\u010d z nehrdzavej\u00facej ocele BLU1000<\/strong><\/p>\n\n<hr \/>\n\n<h4 class=\"wp-block-heading\" id=\"properties\">Vlastnosti produktu<\/h4>\n\n<p>V\u00fdrobok obsahuje vysoko akt\u00edvne \u010distiace pr\u00edsady a adit\u00edva na obnovu naj\u0165a\u017e\u0161\u00edch zne\u010disten\u00fdch, po\u0161koden\u00fdch, skorodovan\u00fdch a nevzh\u013eadn\u00fdch povrchov z nehrdzavej\u00facej ocele. V\u00fdsledkom je dobr\u00fd optick\u00fd a\u017e leskl\u00fd povrch.<\/p>\n\n<p><br \/><br \/>Rozsah dod\u00e1vky: 1 x litrov\u00e1 f\u013ea\u0161a 1 x opis v\u00fdrobku<\/p>\n\n<hr \/>\n\n<h4 class=\"wp-block-heading\" id=\"application\">Aplik\u00e1cia<\/h4>\n\n<p>Vn\u00fatorn\u00e9 a vonkaj\u0161ie povrchy z nehrdzavej\u00facej ocele, povlaky (kovov\u00e9, organick\u00e9, anorganick\u00e9) v priemysle, remesl\u00e1ch, luxusnom a potravin\u00e1rskom priemysle, spolo\u010dn\u00fdch priestoroch (napr. Baz\u00e9ny, kliniky) a v dom\u00e1cnosti.<\/p>\n\n<p>Nerezov\u00fd \u0161peci\u00e1lny \u010disti\u010d BLU1000 sa pou\u017e\u00edva ako \u0161peci\u00e1lny \u010disti\u010d na naj\u0165a\u017e\u0161ie zne\u010distenie, usadeniny a kor\u00f3ziu na n\u00e1dob\u00e1ch, pivovarsk\u00fdch syst\u00e9moch, schodisk\u00e1ch, z\u00e1bradliach, z\u00e1bradliach, baz\u00e9noch, oce\u013eov\u00fdch fas\u00e1dach, oce\u013eovom n\u00e1bytku a mnoh\u00fdch \u010fal\u0161\u00edch. pou\u017eit\u00e9.<\/p>\n\n<p>BLU1000 je \u0161peci\u00e1lny \u010disti\u010d na nehrdzavej\u00facu oce\u013e, ale d\u00e1 sa pou\u017ei\u0165 aj na in\u00e9 povrchy. Tu v\u0161ak najsk\u00f4r vysk\u00fa\u0161ajte na nen\u00e1padnom mieste.<\/p>\n\n<p><br \/>S<strong>potreba<\/strong>: 0,5 &#8211; 1 kg na 10 m\u00b2.<\/p>\n\n<p>V\u0161etky inform\u00e1cie s\u00fa nez\u00e1v\u00e4zn\u00e9. <br \/>Pred pou\u017eit\u00edm je potrebn\u00e9 skontrolova\u0165 vhodnos\u0165 v\u00fdrobku. Technick\u00e9 zmeny vyhraden\u00e9.<\/p>\n","protected":false},"excerpt":{"rendered":"<p><strong>Produkt obsahuje:<\/strong><\/p>\n<p>\u2713 Vysoko akt\u00edvne \u010distiace prostriedky a pr\u00edsady na opracovanie aj t\u00fdch najsilnej\u0161\u00edch zne\u010disten\u00ed, po\u0161koden\u00fdch, skorodovan\u00fdch a nevzh\u013eadn\u00fdch nerezov\u00fdch povrchov.<\/p>\n<p>\u2713 Vytvor\u00ed sa dobr\u00fd optick\u00fd a\u017e vysoko leskl\u00fd povrch.<\/p>\n","protected":false},"featured_media":13219,"template":"","meta":{"_acf_changed":false,"neve_meta_sidebar":"","neve_meta_container":"","neve_meta_enable_content_width":"","neve_meta_content_width":0,"neve_meta_title_alignment":"","neve_meta_author_avatar":"","neve_post_elements_order":"","neve_meta_disable_header":"","neve_meta_disable_footer":"","neve_meta_disable_title":"","neve_meta_reading_time":"","_surfaces":[],"_ver_product_tabs":[],"footnotes":""},"product_brand":[],"product_cat":[2769,2221,2405,2412],"product_tag":[],"class_list":{"0":"post-23856","1":"product","2":"type-product","3":"status-publish","4":"has-post-thumbnail","6":"product_cat-cistic-na-nerez","7":"product_cat-tesnenie-auta","8":"product_cat-kovove-a-plastove-tesnenie","9":"product_cat-cistiace-prostriedky","11":"first","12":"instock","13":"taxable","14":"shipping-taxable","15":"purchasable","16":"product-type-simple"},"acf":[],"yoast_head":"<!-- This site is optimized with the Yoast SEO Premium plugin v22.8 (Yoast SEO v27.5) - https:\/\/yoast.com\/product\/yoast-seo-premium-wordpress\/ -->\n<title>\u010cisti\u010d nehrdzavej\u00facej ocele BLU1000 - na profesion\u00e1lne \u010distenie a pr\u00edpravu povrchov z nehrdzavej\u00facej ocele - versiegelung24.com<\/title>\n<meta name=\"robots\" content=\"index, follow, max-snippet:-1, max-image-preview:large, max-video-preview:-1\" \/>\n<link rel=\"canonical\" href=\"https:\/\/www.versiegelung24.com\/sk\/cistic-nehrdzavejucej-ocele-blu1000-na-profesionalne-cistenie-a-pripravu-povrchov-z-nehrdzavejucej-ocele.html\" \/>\n<meta property=\"og:locale\" content=\"sk_SK\" \/>\n<meta property=\"og:type\" content=\"article\" \/>\n<meta property=\"og:title\" content=\"\u010cisti\u010d nehrdzavej\u00facej ocele BLU1000 - na profesion\u00e1lne \u010distenie a pr\u00edpravu povrchov z nehrdzavej\u00facej ocele\" \/>\n<meta property=\"og:description\" content=\"Produkt obsahuje: \u2713 Vysoko akt\u00edvne \u010distiace prostriedky a pr\u00edsady na opracovanie aj t\u00fdch najsilnej\u0161\u00edch zne\u010disten\u00ed, po\u0161koden\u00fdch, skorodovan\u00fdch a nevzh\u013eadn\u00fdch nerezov\u00fdch povrchov. \u2713 Vytvor\u00ed sa dobr\u00fd optick\u00fd a\u017e vysoko leskl\u00fd povrch.\" \/>\n<meta property=\"og:url\" content=\"https:\/\/www.versiegelung24.com\/sk\/cistic-nehrdzavejucej-ocele-blu1000-na-profesionalne-cistenie-a-pripravu-povrchov-z-nehrdzavejucej-ocele.html\" \/>\n<meta property=\"og:site_name\" content=\"versiegelung24.com\" \/>\n<meta property=\"article:modified_time\" content=\"2025-03-20T09:01:25+00:00\" \/>\n<meta property=\"og:image\" content=\"https:\/\/www.versiegelung24.com\/wp-content\/uploads\/2020\/04\/produktfoto_edelstahlreiniger.jpg\" \/>\n\t<meta property=\"og:image:width\" content=\"1000\" \/>\n\t<meta property=\"og:image:height\" content=\"1000\" \/>\n\t<meta property=\"og:image:type\" content=\"image\/jpeg\" \/>\n<meta name=\"twitter:card\" content=\"summary_large_image\" \/>\n<meta name=\"twitter:label1\" content=\"Cena\" \/>\n\t<meta name=\"twitter:data1\" content=\"49,99&euro;\" \/>\n\t<meta name=\"twitter:label2\" content=\"Dostupnos\u0165\" \/>\n\t<meta name=\"twitter:data2\" content=\"Na sklade\" \/>\n<script type=\"application\/ld+json\" class=\"yoast-schema-graph\">{\"@context\":\"https:\\\/\\\/schema.org\",\"@graph\":[{\"@type\":\"WebPage\",\"@id\":\"https:\\\/\\\/www.versiegelung24.com\\\/sk\\\/cistic-nehrdzavejucej-ocele-blu1000-na-profesionalne-cistenie-a-pripravu-povrchov-z-nehrdzavejucej-ocele.html\",\"url\":\"https:\\\/\\\/www.versiegelung24.com\\\/sk\\\/cistic-nehrdzavejucej-ocele-blu1000-na-profesionalne-cistenie-a-pripravu-povrchov-z-nehrdzavejucej-ocele.html\",\"name\":\"\u010cisti\u010d nehrdzavej\u00facej ocele BLU1000 - na profesion\u00e1lne \u010distenie a pr\u00edpravu povrchov z nehrdzavej\u00facej ocele - versiegelung24.com\",\"isPartOf\":{\"@id\":\"https:\\\/\\\/www.versiegelung24.com\\\/sk\\\/#website\"},\"primaryImageOfPage\":{\"@id\":\"https:\\\/\\\/www.versiegelung24.com\\\/sk\\\/cistic-nehrdzavejucej-ocele-blu1000-na-profesionalne-cistenie-a-pripravu-povrchov-z-nehrdzavejucej-ocele.html#primaryimage\"},\"image\":{\"@id\":\"https:\\\/\\\/www.versiegelung24.com\\\/sk\\\/cistic-nehrdzavejucej-ocele-blu1000-na-profesionalne-cistenie-a-pripravu-povrchov-z-nehrdzavejucej-ocele.html#primaryimage\"},\"thumbnailUrl\":\"https:\\\/\\\/www.versiegelung24.com\\\/wp-content\\\/uploads\\\/2020\\\/04\\\/produktfoto_edelstahlreiniger.jpg\",\"datePublished\":\"2021-08-02T20:07:30+00:00\",\"dateModified\":\"2025-03-20T09:01:25+00:00\",\"breadcrumb\":{\"@id\":\"https:\\\/\\\/www.versiegelung24.com\\\/sk\\\/cistic-nehrdzavejucej-ocele-blu1000-na-profesionalne-cistenie-a-pripravu-povrchov-z-nehrdzavejucej-ocele.html#breadcrumb\"},\"inLanguage\":\"sk-SK\",\"potentialAction\":[{\"@type\":\"ReadAction\",\"target\":[\"https:\\\/\\\/www.versiegelung24.com\\\/sk\\\/cistic-nehrdzavejucej-ocele-blu1000-na-profesionalne-cistenie-a-pripravu-povrchov-z-nehrdzavejucej-ocele.html\"]}]},{\"@type\":\"ImageObject\",\"inLanguage\":\"sk-SK\",\"@id\":\"https:\\\/\\\/www.versiegelung24.com\\\/sk\\\/cistic-nehrdzavejucej-ocele-blu1000-na-profesionalne-cistenie-a-pripravu-povrchov-z-nehrdzavejucej-ocele.html#primaryimage\",\"url\":\"https:\\\/\\\/www.versiegelung24.com\\\/wp-content\\\/uploads\\\/2020\\\/04\\\/produktfoto_edelstahlreiniger.jpg\",\"contentUrl\":\"https:\\\/\\\/www.versiegelung24.com\\\/wp-content\\\/uploads\\\/2020\\\/04\\\/produktfoto_edelstahlreiniger.jpg\",\"width\":1000,\"height\":1000},{\"@type\":\"BreadcrumbList\",\"@id\":\"https:\\\/\\\/www.versiegelung24.com\\\/sk\\\/cistic-nehrdzavejucej-ocele-blu1000-na-profesionalne-cistenie-a-pripravu-povrchov-z-nehrdzavejucej-ocele.html#breadcrumb\",\"itemListElement\":[{\"@type\":\"ListItem\",\"position\":1,\"name\":\"\u00davodn\u00e1 str\u00e1nka\",\"item\":\"https:\\\/\\\/www.versiegelung24.com\\\/sk\\\/predna-strana\\\/\"},{\"@type\":\"ListItem\",\"position\":2,\"name\":\"Obchod\",\"item\":\"https:\\\/\\\/www.versiegelung24.com\\\/sk\\\/obchod\\\/\"},{\"@type\":\"ListItem\",\"position\":3,\"name\":\"\u010cisti\u010d nehrdzavej\u00facej ocele BLU1000 &#8211; na profesion\u00e1lne \u010distenie a pr\u00edpravu povrchov z nehrdzavej\u00facej ocele\"}]},{\"@type\":\"WebSite\",\"@id\":\"https:\\\/\\\/www.versiegelung24.com\\\/sk\\\/#website\",\"url\":\"https:\\\/\\\/www.versiegelung24.com\\\/sk\\\/\",\"name\":\"versiegelung24.com\",\"description\":\"Fl\u00fcssigglas-Versiegelung - Made in Germany\",\"publisher\":{\"@id\":\"https:\\\/\\\/www.versiegelung24.com\\\/sk\\\/#organization\"},\"potentialAction\":[{\"@type\":\"SearchAction\",\"target\":{\"@type\":\"EntryPoint\",\"urlTemplate\":\"https:\\\/\\\/www.versiegelung24.com\\\/sk\\\/?s={search_term_string}\"},\"query-input\":{\"@type\":\"PropertyValueSpecification\",\"valueRequired\":true,\"valueName\":\"search_term_string\"}}],\"inLanguage\":\"sk-SK\"},{\"@type\":\"Organization\",\"@id\":\"https:\\\/\\\/www.versiegelung24.com\\\/sk\\\/#organization\",\"name\":\"versiegelung24\",\"url\":\"https:\\\/\\\/www.versiegelung24.com\\\/sk\\\/\",\"logo\":{\"@type\":\"ImageObject\",\"inLanguage\":\"sk-SK\",\"@id\":\"https:\\\/\\\/www.versiegelung24.com\\\/sk\\\/#\\\/schema\\\/logo\\\/image\\\/\",\"url\":\"https:\\\/\\\/www.versiegelung24.com\\\/wp-content\\\/uploads\\\/2020\\\/04\\\/versiegelung24.png\",\"contentUrl\":\"https:\\\/\\\/www.versiegelung24.com\\\/wp-content\\\/uploads\\\/2020\\\/04\\\/versiegelung24.png\",\"width\":470,\"height\":102,\"caption\":\"versiegelung24\"},\"image\":{\"@id\":\"https:\\\/\\\/www.versiegelung24.com\\\/sk\\\/#\\\/schema\\\/logo\\\/image\\\/\"}}]}<\/script>\n<meta property=\"product:price:amount\" content=\"49.99\" \/>\n<meta property=\"product:price:currency\" content=\"EUR\" \/>\n<meta property=\"og:availability\" content=\"instock\" \/>\n<meta property=\"product:availability\" content=\"instock\" \/>\n<meta property=\"product:retailer_item_id\" content=\"9001-BLU1000\" \/>\n<meta property=\"product:condition\" content=\"new\" \/>\n<!-- \/ Yoast SEO Premium plugin. -->","yoast_head_json":{"title":"\u010cisti\u010d nehrdzavej\u00facej ocele BLU1000 - na profesion\u00e1lne \u010distenie a pr\u00edpravu povrchov z nehrdzavej\u00facej ocele - versiegelung24.com","robots":{"index":"index","follow":"follow","max-snippet":"max-snippet:-1","max-image-preview":"max-image-preview:large","max-video-preview":"max-video-preview:-1"},"canonical":"https:\/\/www.versiegelung24.com\/sk\/cistic-nehrdzavejucej-ocele-blu1000-na-profesionalne-cistenie-a-pripravu-povrchov-z-nehrdzavejucej-ocele.html","og_locale":"sk_SK","og_type":"article","og_title":"\u010cisti\u010d nehrdzavej\u00facej ocele BLU1000 - na profesion\u00e1lne \u010distenie a pr\u00edpravu povrchov z nehrdzavej\u00facej ocele","og_description":"Produkt obsahuje: \u2713 Vysoko akt\u00edvne \u010distiace prostriedky a pr\u00edsady na opracovanie aj t\u00fdch najsilnej\u0161\u00edch zne\u010disten\u00ed, po\u0161koden\u00fdch, skorodovan\u00fdch a nevzh\u013eadn\u00fdch nerezov\u00fdch povrchov. \u2713 Vytvor\u00ed sa dobr\u00fd optick\u00fd a\u017e vysoko leskl\u00fd povrch.","og_url":"https:\/\/www.versiegelung24.com\/sk\/cistic-nehrdzavejucej-ocele-blu1000-na-profesionalne-cistenie-a-pripravu-povrchov-z-nehrdzavejucej-ocele.html","og_site_name":"versiegelung24.com","article_modified_time":"2025-03-20T09:01:25+00:00","og_image":[{"width":1000,"height":1000,"url":"https:\/\/www.versiegelung24.com\/wp-content\/uploads\/2020\/04\/produktfoto_edelstahlreiniger.jpg","type":"image\/jpeg"}],"twitter_card":"summary_large_image","twitter_misc":{"Cena":"49,99&euro;","Dostupnos\u0165":"Na sklade"},"schema":{"@context":"https:\/\/schema.org","@graph":[{"@type":"WebPage","@id":"https:\/\/www.versiegelung24.com\/sk\/cistic-nehrdzavejucej-ocele-blu1000-na-profesionalne-cistenie-a-pripravu-povrchov-z-nehrdzavejucej-ocele.html","url":"https:\/\/www.versiegelung24.com\/sk\/cistic-nehrdzavejucej-ocele-blu1000-na-profesionalne-cistenie-a-pripravu-povrchov-z-nehrdzavejucej-ocele.html","name":"\u010cisti\u010d nehrdzavej\u00facej ocele BLU1000 - na profesion\u00e1lne \u010distenie a pr\u00edpravu povrchov z nehrdzavej\u00facej ocele - versiegelung24.com","isPartOf":{"@id":"https:\/\/www.versiegelung24.com\/sk\/#website"},"primaryImageOfPage":{"@id":"https:\/\/www.versiegelung24.com\/sk\/cistic-nehrdzavejucej-ocele-blu1000-na-profesionalne-cistenie-a-pripravu-povrchov-z-nehrdzavejucej-ocele.html#primaryimage"},"image":{"@id":"https:\/\/www.versiegelung24.com\/sk\/cistic-nehrdzavejucej-ocele-blu1000-na-profesionalne-cistenie-a-pripravu-povrchov-z-nehrdzavejucej-ocele.html#primaryimage"},"thumbnailUrl":"https:\/\/www.versiegelung24.com\/wp-content\/uploads\/2020\/04\/produktfoto_edelstahlreiniger.jpg","datePublished":"2021-08-02T20:07:30+00:00","dateModified":"2025-03-20T09:01:25+00:00","breadcrumb":{"@id":"https:\/\/www.versiegelung24.com\/sk\/cistic-nehrdzavejucej-ocele-blu1000-na-profesionalne-cistenie-a-pripravu-povrchov-z-nehrdzavejucej-ocele.html#breadcrumb"},"inLanguage":"sk-SK","potentialAction":[{"@type":"ReadAction","target":["https:\/\/www.versiegelung24.com\/sk\/cistic-nehrdzavejucej-ocele-blu1000-na-profesionalne-cistenie-a-pripravu-povrchov-z-nehrdzavejucej-ocele.html"]}]},{"@type":"ImageObject","inLanguage":"sk-SK","@id":"https:\/\/www.versiegelung24.com\/sk\/cistic-nehrdzavejucej-ocele-blu1000-na-profesionalne-cistenie-a-pripravu-povrchov-z-nehrdzavejucej-ocele.html#primaryimage","url":"https:\/\/www.versiegelung24.com\/wp-content\/uploads\/2020\/04\/produktfoto_edelstahlreiniger.jpg","contentUrl":"https:\/\/www.versiegelung24.com\/wp-content\/uploads\/2020\/04\/produktfoto_edelstahlreiniger.jpg","width":1000,"height":1000},{"@type":"BreadcrumbList","@id":"https:\/\/www.versiegelung24.com\/sk\/cistic-nehrdzavejucej-ocele-blu1000-na-profesionalne-cistenie-a-pripravu-povrchov-z-nehrdzavejucej-ocele.html#breadcrumb","itemListElement":[{"@type":"ListItem","position":1,"name":"\u00davodn\u00e1 str\u00e1nka","item":"https:\/\/www.versiegelung24.com\/sk\/predna-strana\/"},{"@type":"ListItem","position":2,"name":"Obchod","item":"https:\/\/www.versiegelung24.com\/sk\/obchod\/"},{"@type":"ListItem","position":3,"name":"\u010cisti\u010d nehrdzavej\u00facej ocele BLU1000 &#8211; na profesion\u00e1lne \u010distenie a pr\u00edpravu povrchov z nehrdzavej\u00facej ocele"}]},{"@type":"WebSite","@id":"https:\/\/www.versiegelung24.com\/sk\/#website","url":"https:\/\/www.versiegelung24.com\/sk\/","name":"versiegelung24.com","description":"Fl\u00fcssigglas-Versiegelung - Made in Germany","publisher":{"@id":"https:\/\/www.versiegelung24.com\/sk\/#organization"},"potentialAction":[{"@type":"SearchAction","target":{"@type":"EntryPoint","urlTemplate":"https:\/\/www.versiegelung24.com\/sk\/?s={search_term_string}"},"query-input":{"@type":"PropertyValueSpecification","valueRequired":true,"valueName":"search_term_string"}}],"inLanguage":"sk-SK"},{"@type":"Organization","@id":"https:\/\/www.versiegelung24.com\/sk\/#organization","name":"versiegelung24","url":"https:\/\/www.versiegelung24.com\/sk\/","logo":{"@type":"ImageObject","inLanguage":"sk-SK","@id":"https:\/\/www.versiegelung24.com\/sk\/#\/schema\/logo\/image\/","url":"https:\/\/www.versiegelung24.com\/wp-content\/uploads\/2020\/04\/versiegelung24.png","contentUrl":"https:\/\/www.versiegelung24.com\/wp-content\/uploads\/2020\/04\/versiegelung24.png","width":470,"height":102,"caption":"versiegelung24"},"image":{"@id":"https:\/\/www.versiegelung24.com\/sk\/#\/schema\/logo\/image\/"}}]},"product_price_amount":"49.99","product_price_currency":"EUR","og_availability":"instock","product_availability":"instock","product_retailer_item_id":"9001-BLU1000","product_condition":"new"},"_links":{"self":[{"href":"https:\/\/www.versiegelung24.com\/sk\/wp-json\/wp\/v2\/product\/23856","targetHints":{"allow":["GET"]}}],"collection":[{"href":"https:\/\/www.versiegelung24.com\/sk\/wp-json\/wp\/v2\/product"}],"about":[{"href":"https:\/\/www.versiegelung24.com\/sk\/wp-json\/wp\/v2\/types\/product"}],"version-history":[{"count":14,"href":"https:\/\/www.versiegelung24.com\/sk\/wp-json\/wp\/v2\/product\/23856\/revisions"}],"predecessor-version":[{"id":181078,"href":"https:\/\/www.versiegelung24.com\/sk\/wp-json\/wp\/v2\/product\/23856\/revisions\/181078"}],"wp:featuredmedia":[{"embeddable":true,"href":"https:\/\/www.versiegelung24.com\/sk\/wp-json\/wp\/v2\/media\/13219"}],"wp:attachment":[{"href":"https:\/\/www.versiegelung24.com\/sk\/wp-json\/wp\/v2\/media?parent=23856"}],"wp:term":[{"taxonomy":"product_brand","embeddable":true,"href":"https:\/\/www.versiegelung24.com\/sk\/wp-json\/wp\/v2\/product_brand?post=23856"},{"taxonomy":"product_cat","embeddable":true,"href":"https:\/\/www.versiegelung24.com\/sk\/wp-json\/wp\/v2\/product_cat?post=23856"},{"taxonomy":"product_tag","embeddable":true,"href":"https:\/\/www.versiegelung24.com\/sk\/wp-json\/wp\/v2\/product_tag?post=23856"}],"curies":[{"name":"wp","href":"https:\/\/api.w.org\/{rel}","templated":true}]}}