{"id":23980,"date":"2020-04-04T18:53:46","date_gmt":"2020-04-04T16:53:46","guid":{"rendered":"https:\/\/www.versiegelung24.com\/produkt\/utierka-z-mikrovlakna-10x10cm-na-profesionalne-nanasanie-tekuteho-skla"},"modified":"2025-01-06T15:08:18","modified_gmt":"2025-01-06T14:08:18","slug":"utierka-z-mikrovlakna-10x10cm-na-profesionalne-aplikacie-tekute-sklo","status":"publish","type":"product","link":"https:\/\/www.versiegelung24.com\/sk\/utierka-z-mikrovlakna-10x10cm-na-profesionalne-aplikacie-tekute-sklo.html","title":{"rendered":"Utierka z mikrovl\u00e1kna 10x10cm na profesion\u00e1lne nan\u00e1\u0161anie tekut\u00e9ho skla"},"content":{"rendered":"\n<p>Utierka z mikrovl\u00e1kna na aplik\u00e1ciu na\u0161ich tesniacich v\u00fdrobkov.<\/p>\n\n<p>V\u010faka n\u00edzkej nasiakavosti je tkanina ide\u00e1lna na aplik\u00e1ciu technol\u00f3gie tekut\u00e9ho skla.<\/p>\n\n<hr\/>\n\n<h4 class=\"wp-block-heading\" id=\"properties\">Vlastnosti produktu<\/h4>\n\n<div class=\"wp-block-columns is-layout-flex wp-container-core-columns-is-layout-9d6595d7 wp-block-columns-is-layout-flex\">\n<div class=\"wp-block-column is-layout-flow wp-block-column-is-layout-flow\">\n<p>Ve\u013ekos\u0165: 10 x 10 cm<\/p>\n\n\n\n<p>Farba \u017elt\u00e1<\/p>\n<\/div>\n\n\n\n<div class=\"wp-block-column is-layout-flow wp-block-column-is-layout-flow\"><\/div>\n<\/div>\n\n<hr\/>\n\n<h4 class=\"wp-block-heading\" id=\"application\">Aplik\u00e1cia<\/h4>\n\n<p>Odpor\u00fa\u010dame na\u0161e na pred\u010distenie alebo n\u00e1sledn\u00e9 le\u0161tenie<a href=\"https:\/\/www.versiegelung24.com\/mikrofasertuch-30x30cm.html\"> sav\u00e9 utierky z mikrovl\u00e1kna<\/a> .<\/p>\n","protected":false},"excerpt":{"rendered":"<p><strong>Utierka z mikrovl\u00e1kna na aplik\u00e1ciu tesnenia z tekut\u00e9ho skla.<\/strong><\/p>\n","protected":false},"featured_media":184422,"template":"","meta":{"_acf_changed":false,"neve_meta_sidebar":"","neve_meta_container":"","neve_meta_enable_content_width":"","neve_meta_content_width":0,"neve_meta_title_alignment":"","neve_meta_author_avatar":"","neve_post_elements_order":"","neve_meta_disable_header":"","neve_meta_disable_footer":"","neve_meta_disable_title":"","neve_meta_reading_time":"","_surfaces":[],"_ver_product_tabs":[],"footnotes":""},"product_brand":[],"product_cat":[3089,2221,2269,2405,2412,2490],"product_tag":[],"class_list":{"0":"post-23980","1":"product","2":"type-product","3":"status-publish","4":"has-post-thumbnail","6":"product_cat-zariadeni","7":"product_cat-tesnenie-auta","8":"product_cat-tesnenie-na-sklo-a-keramiku","9":"product_cat-kovove-a-plastove-tesnenie","10":"product_cat-cistiace-prostriedky","11":"product_cat-univerzalne-tesnenie","13":"first","14":"instock","15":"taxable","16":"shipping-taxable","17":"purchasable","18":"product-type-simple"},"acf":[],"yoast_head":"<!-- This site is optimized with the Yoast SEO Premium plugin v22.8 (Yoast SEO v27.5) - https:\/\/yoast.com\/product\/yoast-seo-premium-wordpress\/ -->\n<title>Utierka z mikrovl\u00e1kna 10x10cm na profesion\u00e1lne nan\u00e1\u0161anie tekut\u00e9ho skla - versiegelung24.com<\/title>\n<meta name=\"robots\" content=\"index, follow, max-snippet:-1, max-image-preview:large, max-video-preview:-1\" \/>\n<link rel=\"canonical\" href=\"https:\/\/www.versiegelung24.com\/sk\/utierka-z-mikrovlakna-10x10cm-na-profesionalne-aplikacie-tekute-sklo.html\" \/>\n<meta property=\"og:locale\" content=\"sk_SK\" \/>\n<meta property=\"og:type\" content=\"article\" \/>\n<meta property=\"og:title\" content=\"Utierka z mikrovl\u00e1kna 10x10cm na profesion\u00e1lne nan\u00e1\u0161anie tekut\u00e9ho skla\" \/>\n<meta property=\"og:description\" content=\"Utierka z mikrovl\u00e1kna na aplik\u00e1ciu tesnenia z tekut\u00e9ho skla.\" \/>\n<meta property=\"og:url\" content=\"https:\/\/www.versiegelung24.com\/sk\/utierka-z-mikrovlakna-10x10cm-na-profesionalne-aplikacie-tekute-sklo.html\" \/>\n<meta property=\"og:site_name\" content=\"versiegelung24.com\" \/>\n<meta property=\"article:modified_time\" content=\"2025-01-06T14:08:18+00:00\" \/>\n<meta property=\"og:image\" content=\"https:\/\/www.versiegelung24.com\/wp-content\/uploads\/2020\/04\/mikrofasertuch-applikation-gelb.jpg\" \/>\n\t<meta property=\"og:image:width\" content=\"650\" \/>\n\t<meta property=\"og:image:height\" content=\"657\" \/>\n\t<meta property=\"og:image:type\" content=\"image\/jpeg\" \/>\n<meta name=\"twitter:card\" content=\"summary_large_image\" \/>\n<meta name=\"twitter:label1\" content=\"Cena\" \/>\n\t<meta name=\"twitter:data1\" content=\"1,00&euro;\" \/>\n\t<meta name=\"twitter:label2\" content=\"Dostupnos\u0165\" \/>\n\t<meta name=\"twitter:data2\" content=\"Na sklade\" \/>\n<script type=\"application\/ld+json\" class=\"yoast-schema-graph\">{\"@context\":\"https:\\\/\\\/schema.org\",\"@graph\":[{\"@type\":\"WebPage\",\"@id\":\"https:\\\/\\\/www.versiegelung24.com\\\/sk\\\/utierka-z-mikrovlakna-10x10cm-na-profesionalne-aplikacie-tekute-sklo.html\",\"url\":\"https:\\\/\\\/www.versiegelung24.com\\\/sk\\\/utierka-z-mikrovlakna-10x10cm-na-profesionalne-aplikacie-tekute-sklo.html\",\"name\":\"Utierka z mikrovl\u00e1kna 10x10cm na profesion\u00e1lne nan\u00e1\u0161anie tekut\u00e9ho skla - versiegelung24.com\",\"isPartOf\":{\"@id\":\"https:\\\/\\\/www.versiegelung24.com\\\/sk\\\/#website\"},\"primaryImageOfPage\":{\"@id\":\"https:\\\/\\\/www.versiegelung24.com\\\/sk\\\/utierka-z-mikrovlakna-10x10cm-na-profesionalne-aplikacie-tekute-sklo.html#primaryimage\"},\"image\":{\"@id\":\"https:\\\/\\\/www.versiegelung24.com\\\/sk\\\/utierka-z-mikrovlakna-10x10cm-na-profesionalne-aplikacie-tekute-sklo.html#primaryimage\"},\"thumbnailUrl\":\"https:\\\/\\\/www.versiegelung24.com\\\/wp-content\\\/uploads\\\/2020\\\/04\\\/Apllikationstuecher-dreifarbig.webp\",\"datePublished\":\"2020-04-04T16:53:46+00:00\",\"dateModified\":\"2025-01-06T14:08:18+00:00\",\"breadcrumb\":{\"@id\":\"https:\\\/\\\/www.versiegelung24.com\\\/sk\\\/utierka-z-mikrovlakna-10x10cm-na-profesionalne-aplikacie-tekute-sklo.html#breadcrumb\"},\"inLanguage\":\"sk-SK\",\"potentialAction\":[{\"@type\":\"ReadAction\",\"target\":[\"https:\\\/\\\/www.versiegelung24.com\\\/sk\\\/utierka-z-mikrovlakna-10x10cm-na-profesionalne-aplikacie-tekute-sklo.html\"]}]},{\"@type\":\"ImageObject\",\"inLanguage\":\"sk-SK\",\"@id\":\"https:\\\/\\\/www.versiegelung24.com\\\/sk\\\/utierka-z-mikrovlakna-10x10cm-na-profesionalne-aplikacie-tekute-sklo.html#primaryimage\",\"url\":\"https:\\\/\\\/www.versiegelung24.com\\\/wp-content\\\/uploads\\\/2020\\\/04\\\/Apllikationstuecher-dreifarbig.webp\",\"contentUrl\":\"https:\\\/\\\/www.versiegelung24.com\\\/wp-content\\\/uploads\\\/2020\\\/04\\\/Apllikationstuecher-dreifarbig.webp\",\"width\":1024,\"height\":1024},{\"@type\":\"BreadcrumbList\",\"@id\":\"https:\\\/\\\/www.versiegelung24.com\\\/sk\\\/utierka-z-mikrovlakna-10x10cm-na-profesionalne-aplikacie-tekute-sklo.html#breadcrumb\",\"itemListElement\":[{\"@type\":\"ListItem\",\"position\":1,\"name\":\"\u00davodn\u00e1 str\u00e1nka\",\"item\":\"https:\\\/\\\/www.versiegelung24.com\\\/sk\\\/predna-strana\\\/\"},{\"@type\":\"ListItem\",\"position\":2,\"name\":\"Obchod\",\"item\":\"https:\\\/\\\/www.versiegelung24.com\\\/sk\\\/obchod\\\/\"},{\"@type\":\"ListItem\",\"position\":3,\"name\":\"Utierka z mikrovl\u00e1kna 10x10cm na profesion\u00e1lne nan\u00e1\u0161anie tekut\u00e9ho skla\"}]},{\"@type\":\"WebSite\",\"@id\":\"https:\\\/\\\/www.versiegelung24.com\\\/sk\\\/#website\",\"url\":\"https:\\\/\\\/www.versiegelung24.com\\\/sk\\\/\",\"name\":\"versiegelung24.com\",\"description\":\"Fl\u00fcssigglas-Versiegelung - Made in Germany\",\"publisher\":{\"@id\":\"https:\\\/\\\/www.versiegelung24.com\\\/sk\\\/#organization\"},\"potentialAction\":[{\"@type\":\"SearchAction\",\"target\":{\"@type\":\"EntryPoint\",\"urlTemplate\":\"https:\\\/\\\/www.versiegelung24.com\\\/sk\\\/?s={search_term_string}\"},\"query-input\":{\"@type\":\"PropertyValueSpecification\",\"valueRequired\":true,\"valueName\":\"search_term_string\"}}],\"inLanguage\":\"sk-SK\"},{\"@type\":\"Organization\",\"@id\":\"https:\\\/\\\/www.versiegelung24.com\\\/sk\\\/#organization\",\"name\":\"versiegelung24\",\"url\":\"https:\\\/\\\/www.versiegelung24.com\\\/sk\\\/\",\"logo\":{\"@type\":\"ImageObject\",\"inLanguage\":\"sk-SK\",\"@id\":\"https:\\\/\\\/www.versiegelung24.com\\\/sk\\\/#\\\/schema\\\/logo\\\/image\\\/\",\"url\":\"https:\\\/\\\/www.versiegelung24.com\\\/wp-content\\\/uploads\\\/2020\\\/04\\\/versiegelung24.png\",\"contentUrl\":\"https:\\\/\\\/www.versiegelung24.com\\\/wp-content\\\/uploads\\\/2020\\\/04\\\/versiegelung24.png\",\"width\":470,\"height\":102,\"caption\":\"versiegelung24\"},\"image\":{\"@id\":\"https:\\\/\\\/www.versiegelung24.com\\\/sk\\\/#\\\/schema\\\/logo\\\/image\\\/\"}}]}<\/script>\n<meta property=\"product:price:amount\" content=\"1.00\" \/>\n<meta property=\"product:price:currency\" content=\"EUR\" \/>\n<meta property=\"og:availability\" content=\"instock\" \/>\n<meta property=\"product:availability\" content=\"instock\" \/>\n<meta property=\"product:retailer_item_id\" content=\"9003-1\" \/>\n<meta property=\"product:condition\" content=\"new\" \/>\n<!-- \/ Yoast SEO Premium plugin. -->","yoast_head_json":{"title":"Utierka z mikrovl\u00e1kna 10x10cm na profesion\u00e1lne nan\u00e1\u0161anie tekut\u00e9ho skla - versiegelung24.com","robots":{"index":"index","follow":"follow","max-snippet":"max-snippet:-1","max-image-preview":"max-image-preview:large","max-video-preview":"max-video-preview:-1"},"canonical":"https:\/\/www.versiegelung24.com\/sk\/utierka-z-mikrovlakna-10x10cm-na-profesionalne-aplikacie-tekute-sklo.html","og_locale":"sk_SK","og_type":"article","og_title":"Utierka z mikrovl\u00e1kna 10x10cm na profesion\u00e1lne nan\u00e1\u0161anie tekut\u00e9ho skla","og_description":"Utierka z mikrovl\u00e1kna na aplik\u00e1ciu tesnenia z tekut\u00e9ho skla.","og_url":"https:\/\/www.versiegelung24.com\/sk\/utierka-z-mikrovlakna-10x10cm-na-profesionalne-aplikacie-tekute-sklo.html","og_site_name":"versiegelung24.com","article_modified_time":"2025-01-06T14:08:18+00:00","og_image":[{"width":650,"height":657,"url":"https:\/\/www.versiegelung24.com\/wp-content\/uploads\/2020\/04\/mikrofasertuch-applikation-gelb.jpg","type":"image\/jpeg"}],"twitter_card":"summary_large_image","twitter_misc":{"Cena":"1,00&euro;","Dostupnos\u0165":"Na sklade"},"schema":{"@context":"https:\/\/schema.org","@graph":[{"@type":"WebPage","@id":"https:\/\/www.versiegelung24.com\/sk\/utierka-z-mikrovlakna-10x10cm-na-profesionalne-aplikacie-tekute-sklo.html","url":"https:\/\/www.versiegelung24.com\/sk\/utierka-z-mikrovlakna-10x10cm-na-profesionalne-aplikacie-tekute-sklo.html","name":"Utierka z mikrovl\u00e1kna 10x10cm na profesion\u00e1lne nan\u00e1\u0161anie tekut\u00e9ho skla - versiegelung24.com","isPartOf":{"@id":"https:\/\/www.versiegelung24.com\/sk\/#website"},"primaryImageOfPage":{"@id":"https:\/\/www.versiegelung24.com\/sk\/utierka-z-mikrovlakna-10x10cm-na-profesionalne-aplikacie-tekute-sklo.html#primaryimage"},"image":{"@id":"https:\/\/www.versiegelung24.com\/sk\/utierka-z-mikrovlakna-10x10cm-na-profesionalne-aplikacie-tekute-sklo.html#primaryimage"},"thumbnailUrl":"https:\/\/www.versiegelung24.com\/wp-content\/uploads\/2020\/04\/Apllikationstuecher-dreifarbig.webp","datePublished":"2020-04-04T16:53:46+00:00","dateModified":"2025-01-06T14:08:18+00:00","breadcrumb":{"@id":"https:\/\/www.versiegelung24.com\/sk\/utierka-z-mikrovlakna-10x10cm-na-profesionalne-aplikacie-tekute-sklo.html#breadcrumb"},"inLanguage":"sk-SK","potentialAction":[{"@type":"ReadAction","target":["https:\/\/www.versiegelung24.com\/sk\/utierka-z-mikrovlakna-10x10cm-na-profesionalne-aplikacie-tekute-sklo.html"]}]},{"@type":"ImageObject","inLanguage":"sk-SK","@id":"https:\/\/www.versiegelung24.com\/sk\/utierka-z-mikrovlakna-10x10cm-na-profesionalne-aplikacie-tekute-sklo.html#primaryimage","url":"https:\/\/www.versiegelung24.com\/wp-content\/uploads\/2020\/04\/Apllikationstuecher-dreifarbig.webp","contentUrl":"https:\/\/www.versiegelung24.com\/wp-content\/uploads\/2020\/04\/Apllikationstuecher-dreifarbig.webp","width":1024,"height":1024},{"@type":"BreadcrumbList","@id":"https:\/\/www.versiegelung24.com\/sk\/utierka-z-mikrovlakna-10x10cm-na-profesionalne-aplikacie-tekute-sklo.html#breadcrumb","itemListElement":[{"@type":"ListItem","position":1,"name":"\u00davodn\u00e1 str\u00e1nka","item":"https:\/\/www.versiegelung24.com\/sk\/predna-strana\/"},{"@type":"ListItem","position":2,"name":"Obchod","item":"https:\/\/www.versiegelung24.com\/sk\/obchod\/"},{"@type":"ListItem","position":3,"name":"Utierka z mikrovl\u00e1kna 10x10cm na profesion\u00e1lne nan\u00e1\u0161anie tekut\u00e9ho skla"}]},{"@type":"WebSite","@id":"https:\/\/www.versiegelung24.com\/sk\/#website","url":"https:\/\/www.versiegelung24.com\/sk\/","name":"versiegelung24.com","description":"Fl\u00fcssigglas-Versiegelung - Made in Germany","publisher":{"@id":"https:\/\/www.versiegelung24.com\/sk\/#organization"},"potentialAction":[{"@type":"SearchAction","target":{"@type":"EntryPoint","urlTemplate":"https:\/\/www.versiegelung24.com\/sk\/?s={search_term_string}"},"query-input":{"@type":"PropertyValueSpecification","valueRequired":true,"valueName":"search_term_string"}}],"inLanguage":"sk-SK"},{"@type":"Organization","@id":"https:\/\/www.versiegelung24.com\/sk\/#organization","name":"versiegelung24","url":"https:\/\/www.versiegelung24.com\/sk\/","logo":{"@type":"ImageObject","inLanguage":"sk-SK","@id":"https:\/\/www.versiegelung24.com\/sk\/#\/schema\/logo\/image\/","url":"https:\/\/www.versiegelung24.com\/wp-content\/uploads\/2020\/04\/versiegelung24.png","contentUrl":"https:\/\/www.versiegelung24.com\/wp-content\/uploads\/2020\/04\/versiegelung24.png","width":470,"height":102,"caption":"versiegelung24"},"image":{"@id":"https:\/\/www.versiegelung24.com\/sk\/#\/schema\/logo\/image\/"}}]},"product_price_amount":"1.00","product_price_currency":"EUR","og_availability":"instock","product_availability":"instock","product_retailer_item_id":"9003-1","product_condition":"new"},"_links":{"self":[{"href":"https:\/\/www.versiegelung24.com\/sk\/wp-json\/wp\/v2\/product\/23980","targetHints":{"allow":["GET"]}}],"collection":[{"href":"https:\/\/www.versiegelung24.com\/sk\/wp-json\/wp\/v2\/product"}],"about":[{"href":"https:\/\/www.versiegelung24.com\/sk\/wp-json\/wp\/v2\/types\/product"}],"version-history":[{"count":12,"href":"https:\/\/www.versiegelung24.com\/sk\/wp-json\/wp\/v2\/product\/23980\/revisions"}],"predecessor-version":[{"id":180108,"href":"https:\/\/www.versiegelung24.com\/sk\/wp-json\/wp\/v2\/product\/23980\/revisions\/180108"}],"wp:featuredmedia":[{"embeddable":true,"href":"https:\/\/www.versiegelung24.com\/sk\/wp-json\/wp\/v2\/media\/184422"}],"wp:attachment":[{"href":"https:\/\/www.versiegelung24.com\/sk\/wp-json\/wp\/v2\/media?parent=23980"}],"wp:term":[{"taxonomy":"product_brand","embeddable":true,"href":"https:\/\/www.versiegelung24.com\/sk\/wp-json\/wp\/v2\/product_brand?post=23980"},{"taxonomy":"product_cat","embeddable":true,"href":"https:\/\/www.versiegelung24.com\/sk\/wp-json\/wp\/v2\/product_cat?post=23980"},{"taxonomy":"product_tag","embeddable":true,"href":"https:\/\/www.versiegelung24.com\/sk\/wp-json\/wp\/v2\/product_tag?post=23980"}],"curies":[{"name":"wp","href":"https:\/\/api.w.org\/{rel}","templated":true}]}}