{"id":24026,"date":"2020-04-04T18:53:45","date_gmt":"2021-08-02T20:20:01","guid":{"rendered":"https:\/\/www.versiegelung24.com\/produkt\/premiove-tesnenie-z-textilu-a-papiera-s-extremnou-vodoodpudivostou"},"modified":"2025-01-03T23:56:16","modified_gmt":"2025-01-03T22:56:16","slug":"premiove-textilne-a-papierove-tesnenia-s-extremnou-vodoodpudivostou","status":"publish","type":"product","link":"https:\/\/www.versiegelung24.com\/sk\/premiove-textilne-a-papierove-tesnenia-s-extremnou-vodoodpudivostou.html","title":{"rendered":"Dura Tex &#8211; pr\u00e9miov\u00fd textiln\u00fd tmel s extr\u00e9mnou vodoodpudivos\u0165ou"},"content":{"rendered":"\n<p><strong>Vysoko \u00fa\u010dinn\u00fd pr\u00e9miov\u00fd textiln\u00fd tmel s extr\u00e9mnou vodoodpudivos\u0165ou, do interi\u00e9ru aj exteri\u00e9ru<\/strong><\/p>\n\n<p>Profesion\u00e1lna kvalita &#8211; vyroben\u00e9 v Nemecku<\/p>\n\n<p>\u010c\u00edslo polo\u017eky: 6002-7689<\/p>\n\n<p><strong>V24 Dura Tex &#8211; pr\u00e9miov\u00fd textiln\u00fd tmel<\/strong> chr\u00e1ni takmer ka\u017ed\u00fd typ textilu a papiera pred vodou, \u0161pinou a \u0161kvrnami &#8211; a s\u00e1m zost\u00e1va nevidite\u013en\u00fd. Nijako to neovplyv\u0148uje ich vzh\u013ead, priedu\u0161nos\u0165, farbu ani pocit a je \u013eahk\u00e9 sa o ne stara\u0165.<\/p>\n\n<p>N\u00e1ter je na vonkaj\u0161ie tkaniny extr\u00e9mne vodoodpudiv\u00fd; tak zostan\u00fa dlh\u0161ie such\u00e9. Olej, k\u00e1va a \u010fal\u0161ie be\u017en\u00e9 \u0161kvrny s\u00fa minulos\u0165ou, ak boli text\u00edlie vopred o\u0161etren\u00e9.<\/p>\n\n<hr\/>\n\n<h4 class=\"wp-block-heading\" id=\"properties\">Vlastnosti produktu<\/h4>\n\n<div class=\"wp-block-columns is-layout-flex wp-container-core-columns-is-layout-9d6595d7 wp-block-columns-is-layout-flex\">\n<div class=\"wp-block-column is-layout-flow wp-block-column-is-layout-flow\">\n<ul class=\"wp-block-list\">\n<li>Ve\u013emi siln\u00fd hydrof\u00f3bny a oleof\u00f3bny \u00fa\u010dinok (odpudzovanie vody a oleja)<\/li>\n\n\n\n<li>Odoln\u00fd vo\u010di oderu, \u013eahko sa \u010dist\u00ed: pevn\u00e9 chemick\u00e9 spojenie umo\u017e\u0148uje vynikaj\u00facu odolnos\u0165 vo\u010di oderu a pr\u00e1\u010dke-povlak pri\u013ene k vl\u00e1knu, k\u00fdm sa nezni\u010d\u00ed vonkaj\u0161\u00edmi vplyvmi<\/li>\n\n\n\n<li>Ne\u010distoty sa daj\u00fa \u013eahko odstr\u00e1ni\u0165 vlhkou handri\u010dkou<\/li>\n\n\n\n<li>Priedu\u0161n\u00e1<\/li>\n\n\n\n<li>Nevidite\u013en\u00fd (\u017eiadna zmena vzh\u013eadu a dojmu)<\/li>\n\n\n\n<li>Siln\u00e9 nepri\u013enav\u00e9 vlastnosti<\/li>\n\n\n\n<li>Ochrana pred \u0161kvrnami<\/li>\n<\/ul>\n<\/div>\n\n\n\n<div class=\"wp-block-column is-layout-flow wp-block-column-is-layout-flow\">\n<ul class=\"wp-block-list\">\n<li>Zvy\u0161uje odolnos\u0165 proti opotrebovaniu<\/li>\n\n\n\n<li>\u017diadne zhor\u0161enie vzh\u013eadu<\/li>\n\n\n\n<li>Nanotechnol\u00f3gia SiO\u00b2<\/li>\n\n\n\n<li>Ochrana vl\u00e1kien pred prienikom \u010dast\u00edc ne\u010dist\u00f4t<\/li>\n\n\n\n<li>Jednoduch\u00e1 aplik\u00e1cia<\/li>\n\n\n\n<li>Dlh\u00e1 \u017eivotnos\u0165 v z\u00e1vislosti od mechanick\u00e9ho nam\u00e1hania<\/li>\n<\/ul>\n\n\n\n<p><br\/><br\/>Rozsah dod\u00e1vky: 1 x litrov\u00e1 f\u013ea\u0161a 1 x opis v\u00fdrobku<\/p>\n<\/div>\n<\/div>\n\n<hr\/>\n\n<h4 class=\"wp-block-heading\" id=\"application\">Aplik\u00e1cia<\/h4>\n\n<div class=\"wp-block-columns is-layout-flex wp-container-core-columns-is-layout-9d6595d7 wp-block-columns-is-layout-flex\">\n<div class=\"wp-block-column is-layout-flow wp-block-column-is-layout-flow\">\n<ul class=\"wp-block-list\">\n<li>oble\u010denie<\/li>\n\n\n\n<li>Vonkaj\u0161ie l\u00e1tky<\/li>\n\n\n\n<li>Bytov\u00fd textil (\u010dal\u00fanenie, n\u00e1bytok, koberce)<\/li>\n\n\n\n<li>Semi\u0161ov\u00e1 ko\u017ea<\/li>\n\n\n\n<li>Papierov\u00fd kart\u00f3n<\/li>\n<\/ul>\n\n\n\n<p>Spotreba do zna\u010dnej miery z\u00e1vis\u00ed od \u0161trukt\u00fary, nasiakavosti a hr\u00fabky materi\u00e1lu, ktor\u00fd m\u00e1 by\u0165 natret\u00fd, pribli\u017ene 10-50 m\u00b2 \/ liter (pribli\u017ene 10 ml \/ m\u00b2 na mm hr\u00fabky v z\u00e1vislosti od nasiakavosti).<\/p>\n<\/div>\n\n\n\n<div class=\"wp-block-column is-layout-flow wp-block-column-is-layout-flow\">\n<p>Jednoduch\u00e1 aplik\u00e1cia:<\/p>\n\n\n\n<p>1. Manu\u00e1l: aplik\u00e1cia zvlh\u010den\u00edm textilu (striekan\u00edm alebo m\u00e1\u010dan\u00edm)<\/p>\n\n\n\n<p>2. Priemysel: Aplik\u00e1cia komer\u010dne dostupn\u00fdmi syst\u00e9mami<\/p>\n\n\n\n<p><br\/>Tento povlak SiO2 je \u00faplne zosie\u0165ovan\u00fd a vytvrdnut\u00fd po 24 hodin\u00e1ch. Po tejto f\u00e1ze vytvrdzovania mo\u017eno prv\u00fdkr\u00e1t otestova\u0165 \u013eahko \u010distite\u013en\u00fd \u00fa\u010dinok.<\/p>\n<\/div>\n<\/div>\n","protected":false},"excerpt":{"rendered":"<p>\u2713 Priedu\u0161n\u00fd<\/p>\n<p>\u2713 Ochrana pred \u0161kvrnami<\/p>\n<p>\u2713 S extr\u00e9mnou vodoodpudivos\u0165ou<\/p>\n<p>\u2713 Do interi\u00e9ru aj exteri\u00e9ru<\/p>\n","protected":false},"featured_media":125333,"template":"","meta":{"_acf_changed":false,"neve_meta_sidebar":"","neve_meta_container":"","neve_meta_enable_content_width":"","neve_meta_content_width":0,"neve_meta_title_alignment":"","neve_meta_author_avatar":"","neve_post_elements_order":"","neve_meta_disable_header":"","neve_meta_disable_footer":"","neve_meta_disable_title":"","neve_meta_reading_time":"","_surfaces":[],"_ver_product_tabs":[],"footnotes":""},"product_brand":[],"product_cat":[2404],"product_tag":[],"class_list":{"0":"post-24026","1":"product","2":"type-product","3":"status-publish","4":"has-post-thumbnail","6":"product_cat-tesnenie-koze-a-textilu","8":"first","9":"instock","10":"taxable","11":"shipping-taxable","12":"purchasable","13":"product-type-simple"},"acf":[],"yoast_head":"<!-- This site is optimized with the Yoast SEO Premium plugin v22.8 (Yoast SEO v27.4) - https:\/\/yoast.com\/product\/yoast-seo-premium-wordpress\/ -->\n<title>Dura Tex - pr\u00e9miov\u00fd textiln\u00fd tmel s extr\u00e9mnou vodoodpudivos\u0165ou - versiegelung24.com<\/title>\n<meta name=\"robots\" content=\"index, follow, max-snippet:-1, max-image-preview:large, max-video-preview:-1\" \/>\n<link rel=\"canonical\" href=\"https:\/\/www.versiegelung24.com\/sk\/premiove-textilne-a-papierove-tesnenia-s-extremnou-vodoodpudivostou.html\" \/>\n<meta property=\"og:locale\" content=\"sk_SK\" \/>\n<meta property=\"og:type\" content=\"article\" \/>\n<meta property=\"og:title\" content=\"Dura Tex - pr\u00e9miov\u00fd textiln\u00fd tmel s extr\u00e9mnou vodoodpudivos\u0165ou\" \/>\n<meta property=\"og:description\" content=\"\u2713 Priedu\u0161n\u00fd \u2713 Ochrana pred \u0161kvrnami \u2713 S extr\u00e9mnou vodoodpudivos\u0165ou \u2713 Do interi\u00e9ru aj exteri\u00e9ru\" \/>\n<meta property=\"og:url\" content=\"https:\/\/www.versiegelung24.com\/sk\/premiove-textilne-a-papierove-tesnenia-s-extremnou-vodoodpudivostou.html\" \/>\n<meta property=\"og:site_name\" content=\"versiegelung24.com\" \/>\n<meta property=\"article:modified_time\" content=\"2025-01-03T22:56:16+00:00\" \/>\n<meta property=\"og:image\" content=\"https:\/\/www.versiegelung24.com\/wp-content\/uploads\/2020\/04\/produkt-6002-7689-1000-dura-tex-Premium-Textil-Papierversiegelung-scaled.webp\" \/>\n\t<meta property=\"og:image:width\" content=\"2560\" \/>\n\t<meta property=\"og:image:height\" content=\"2560\" \/>\n\t<meta property=\"og:image:type\" content=\"image\/webp\" \/>\n<meta name=\"twitter:card\" content=\"summary_large_image\" \/>\n<meta name=\"twitter:label1\" content=\"Cena\" \/>\n\t<meta name=\"twitter:data1\" content=\"89,99&euro;\" \/>\n\t<meta name=\"twitter:label2\" content=\"Dostupnos\u0165\" \/>\n\t<meta name=\"twitter:data2\" content=\"Na sklade\" \/>\n<script type=\"application\/ld+json\" class=\"yoast-schema-graph\">{\"@context\":\"https:\\\/\\\/schema.org\",\"@graph\":[{\"@type\":\"WebPage\",\"@id\":\"https:\\\/\\\/www.versiegelung24.com\\\/sk\\\/premiove-textilne-a-papierove-tesnenia-s-extremnou-vodoodpudivostou.html\",\"url\":\"https:\\\/\\\/www.versiegelung24.com\\\/sk\\\/premiove-textilne-a-papierove-tesnenia-s-extremnou-vodoodpudivostou.html\",\"name\":\"Dura Tex - pr\u00e9miov\u00fd textiln\u00fd tmel s extr\u00e9mnou vodoodpudivos\u0165ou - versiegelung24.com\",\"isPartOf\":{\"@id\":\"https:\\\/\\\/www.versiegelung24.com\\\/sk\\\/#website\"},\"primaryImageOfPage\":{\"@id\":\"https:\\\/\\\/www.versiegelung24.com\\\/sk\\\/premiove-textilne-a-papierove-tesnenia-s-extremnou-vodoodpudivostou.html#primaryimage\"},\"image\":{\"@id\":\"https:\\\/\\\/www.versiegelung24.com\\\/sk\\\/premiove-textilne-a-papierove-tesnenia-s-extremnou-vodoodpudivostou.html#primaryimage\"},\"thumbnailUrl\":\"https:\\\/\\\/www.versiegelung24.com\\\/wp-content\\\/uploads\\\/2020\\\/04\\\/produkt-6002-7689-1000-dura-tex-Premium-Textil-Papierversiegelung-scaled.webp\",\"datePublished\":\"2021-08-02T20:20:01+00:00\",\"dateModified\":\"2025-01-03T22:56:16+00:00\",\"breadcrumb\":{\"@id\":\"https:\\\/\\\/www.versiegelung24.com\\\/sk\\\/premiove-textilne-a-papierove-tesnenia-s-extremnou-vodoodpudivostou.html#breadcrumb\"},\"inLanguage\":\"sk-SK\",\"potentialAction\":[{\"@type\":\"ReadAction\",\"target\":[\"https:\\\/\\\/www.versiegelung24.com\\\/sk\\\/premiove-textilne-a-papierove-tesnenia-s-extremnou-vodoodpudivostou.html\"]}]},{\"@type\":\"ImageObject\",\"inLanguage\":\"sk-SK\",\"@id\":\"https:\\\/\\\/www.versiegelung24.com\\\/sk\\\/premiove-textilne-a-papierove-tesnenia-s-extremnou-vodoodpudivostou.html#primaryimage\",\"url\":\"https:\\\/\\\/www.versiegelung24.com\\\/wp-content\\\/uploads\\\/2020\\\/04\\\/produkt-6002-7689-1000-dura-tex-Premium-Textil-Papierversiegelung-scaled.webp\",\"contentUrl\":\"https:\\\/\\\/www.versiegelung24.com\\\/wp-content\\\/uploads\\\/2020\\\/04\\\/produkt-6002-7689-1000-dura-tex-Premium-Textil-Papierversiegelung-scaled.webp\",\"width\":2560,\"height\":2560},{\"@type\":\"BreadcrumbList\",\"@id\":\"https:\\\/\\\/www.versiegelung24.com\\\/sk\\\/premiove-textilne-a-papierove-tesnenia-s-extremnou-vodoodpudivostou.html#breadcrumb\",\"itemListElement\":[{\"@type\":\"ListItem\",\"position\":1,\"name\":\"\u00davodn\u00e1 str\u00e1nka\",\"item\":\"https:\\\/\\\/www.versiegelung24.com\\\/sk\\\/predna-strana\\\/\"},{\"@type\":\"ListItem\",\"position\":2,\"name\":\"Obchod\",\"item\":\"https:\\\/\\\/www.versiegelung24.com\\\/sk\\\/obchod\\\/\"},{\"@type\":\"ListItem\",\"position\":3,\"name\":\"Dura Tex &#8211; pr\u00e9miov\u00fd textiln\u00fd tmel s extr\u00e9mnou vodoodpudivos\u0165ou\"}]},{\"@type\":\"WebSite\",\"@id\":\"https:\\\/\\\/www.versiegelung24.com\\\/sk\\\/#website\",\"url\":\"https:\\\/\\\/www.versiegelung24.com\\\/sk\\\/\",\"name\":\"versiegelung24.com\",\"description\":\"Fl\u00fcssigglas-Versiegelung - Made in Germany\",\"publisher\":{\"@id\":\"https:\\\/\\\/www.versiegelung24.com\\\/sk\\\/#organization\"},\"potentialAction\":[{\"@type\":\"SearchAction\",\"target\":{\"@type\":\"EntryPoint\",\"urlTemplate\":\"https:\\\/\\\/www.versiegelung24.com\\\/sk\\\/?s={search_term_string}\"},\"query-input\":{\"@type\":\"PropertyValueSpecification\",\"valueRequired\":true,\"valueName\":\"search_term_string\"}}],\"inLanguage\":\"sk-SK\"},{\"@type\":\"Organization\",\"@id\":\"https:\\\/\\\/www.versiegelung24.com\\\/sk\\\/#organization\",\"name\":\"versiegelung24\",\"url\":\"https:\\\/\\\/www.versiegelung24.com\\\/sk\\\/\",\"logo\":{\"@type\":\"ImageObject\",\"inLanguage\":\"sk-SK\",\"@id\":\"https:\\\/\\\/www.versiegelung24.com\\\/sk\\\/#\\\/schema\\\/logo\\\/image\\\/\",\"url\":\"https:\\\/\\\/www.versiegelung24.com\\\/wp-content\\\/uploads\\\/2020\\\/04\\\/versiegelung24.png\",\"contentUrl\":\"https:\\\/\\\/www.versiegelung24.com\\\/wp-content\\\/uploads\\\/2020\\\/04\\\/versiegelung24.png\",\"width\":470,\"height\":102,\"caption\":\"versiegelung24\"},\"image\":{\"@id\":\"https:\\\/\\\/www.versiegelung24.com\\\/sk\\\/#\\\/schema\\\/logo\\\/image\\\/\"}}]}<\/script>\n<meta property=\"product:price:amount\" content=\"89.99\" \/>\n<meta property=\"product:price:currency\" content=\"EUR\" \/>\n<meta property=\"og:availability\" content=\"instock\" \/>\n<meta property=\"product:availability\" content=\"instock\" \/>\n<meta property=\"product:retailer_item_id\" content=\"6002-7689-1000\" \/>\n<meta property=\"product:condition\" content=\"new\" \/>\n<!-- \/ Yoast SEO Premium plugin. -->","yoast_head_json":{"title":"Dura Tex - pr\u00e9miov\u00fd textiln\u00fd tmel s extr\u00e9mnou vodoodpudivos\u0165ou - versiegelung24.com","robots":{"index":"index","follow":"follow","max-snippet":"max-snippet:-1","max-image-preview":"max-image-preview:large","max-video-preview":"max-video-preview:-1"},"canonical":"https:\/\/www.versiegelung24.com\/sk\/premiove-textilne-a-papierove-tesnenia-s-extremnou-vodoodpudivostou.html","og_locale":"sk_SK","og_type":"article","og_title":"Dura Tex - pr\u00e9miov\u00fd textiln\u00fd tmel s extr\u00e9mnou vodoodpudivos\u0165ou","og_description":"\u2713 Priedu\u0161n\u00fd \u2713 Ochrana pred \u0161kvrnami \u2713 S extr\u00e9mnou vodoodpudivos\u0165ou \u2713 Do interi\u00e9ru aj exteri\u00e9ru","og_url":"https:\/\/www.versiegelung24.com\/sk\/premiove-textilne-a-papierove-tesnenia-s-extremnou-vodoodpudivostou.html","og_site_name":"versiegelung24.com","article_modified_time":"2025-01-03T22:56:16+00:00","og_image":[{"width":2560,"height":2560,"url":"https:\/\/www.versiegelung24.com\/wp-content\/uploads\/2020\/04\/produkt-6002-7689-1000-dura-tex-Premium-Textil-Papierversiegelung-scaled.webp","type":"image\/webp"}],"twitter_card":"summary_large_image","twitter_misc":{"Cena":"89,99&euro;","Dostupnos\u0165":"Na sklade"},"schema":{"@context":"https:\/\/schema.org","@graph":[{"@type":"WebPage","@id":"https:\/\/www.versiegelung24.com\/sk\/premiove-textilne-a-papierove-tesnenia-s-extremnou-vodoodpudivostou.html","url":"https:\/\/www.versiegelung24.com\/sk\/premiove-textilne-a-papierove-tesnenia-s-extremnou-vodoodpudivostou.html","name":"Dura Tex - pr\u00e9miov\u00fd textiln\u00fd tmel s extr\u00e9mnou vodoodpudivos\u0165ou - versiegelung24.com","isPartOf":{"@id":"https:\/\/www.versiegelung24.com\/sk\/#website"},"primaryImageOfPage":{"@id":"https:\/\/www.versiegelung24.com\/sk\/premiove-textilne-a-papierove-tesnenia-s-extremnou-vodoodpudivostou.html#primaryimage"},"image":{"@id":"https:\/\/www.versiegelung24.com\/sk\/premiove-textilne-a-papierove-tesnenia-s-extremnou-vodoodpudivostou.html#primaryimage"},"thumbnailUrl":"https:\/\/www.versiegelung24.com\/wp-content\/uploads\/2020\/04\/produkt-6002-7689-1000-dura-tex-Premium-Textil-Papierversiegelung-scaled.webp","datePublished":"2021-08-02T20:20:01+00:00","dateModified":"2025-01-03T22:56:16+00:00","breadcrumb":{"@id":"https:\/\/www.versiegelung24.com\/sk\/premiove-textilne-a-papierove-tesnenia-s-extremnou-vodoodpudivostou.html#breadcrumb"},"inLanguage":"sk-SK","potentialAction":[{"@type":"ReadAction","target":["https:\/\/www.versiegelung24.com\/sk\/premiove-textilne-a-papierove-tesnenia-s-extremnou-vodoodpudivostou.html"]}]},{"@type":"ImageObject","inLanguage":"sk-SK","@id":"https:\/\/www.versiegelung24.com\/sk\/premiove-textilne-a-papierove-tesnenia-s-extremnou-vodoodpudivostou.html#primaryimage","url":"https:\/\/www.versiegelung24.com\/wp-content\/uploads\/2020\/04\/produkt-6002-7689-1000-dura-tex-Premium-Textil-Papierversiegelung-scaled.webp","contentUrl":"https:\/\/www.versiegelung24.com\/wp-content\/uploads\/2020\/04\/produkt-6002-7689-1000-dura-tex-Premium-Textil-Papierversiegelung-scaled.webp","width":2560,"height":2560},{"@type":"BreadcrumbList","@id":"https:\/\/www.versiegelung24.com\/sk\/premiove-textilne-a-papierove-tesnenia-s-extremnou-vodoodpudivostou.html#breadcrumb","itemListElement":[{"@type":"ListItem","position":1,"name":"\u00davodn\u00e1 str\u00e1nka","item":"https:\/\/www.versiegelung24.com\/sk\/predna-strana\/"},{"@type":"ListItem","position":2,"name":"Obchod","item":"https:\/\/www.versiegelung24.com\/sk\/obchod\/"},{"@type":"ListItem","position":3,"name":"Dura Tex &#8211; pr\u00e9miov\u00fd textiln\u00fd tmel s extr\u00e9mnou vodoodpudivos\u0165ou"}]},{"@type":"WebSite","@id":"https:\/\/www.versiegelung24.com\/sk\/#website","url":"https:\/\/www.versiegelung24.com\/sk\/","name":"versiegelung24.com","description":"Fl\u00fcssigglas-Versiegelung - Made in Germany","publisher":{"@id":"https:\/\/www.versiegelung24.com\/sk\/#organization"},"potentialAction":[{"@type":"SearchAction","target":{"@type":"EntryPoint","urlTemplate":"https:\/\/www.versiegelung24.com\/sk\/?s={search_term_string}"},"query-input":{"@type":"PropertyValueSpecification","valueRequired":true,"valueName":"search_term_string"}}],"inLanguage":"sk-SK"},{"@type":"Organization","@id":"https:\/\/www.versiegelung24.com\/sk\/#organization","name":"versiegelung24","url":"https:\/\/www.versiegelung24.com\/sk\/","logo":{"@type":"ImageObject","inLanguage":"sk-SK","@id":"https:\/\/www.versiegelung24.com\/sk\/#\/schema\/logo\/image\/","url":"https:\/\/www.versiegelung24.com\/wp-content\/uploads\/2020\/04\/versiegelung24.png","contentUrl":"https:\/\/www.versiegelung24.com\/wp-content\/uploads\/2020\/04\/versiegelung24.png","width":470,"height":102,"caption":"versiegelung24"},"image":{"@id":"https:\/\/www.versiegelung24.com\/sk\/#\/schema\/logo\/image\/"}}]},"product_price_amount":"89.99","product_price_currency":"EUR","og_availability":"instock","product_availability":"instock","product_retailer_item_id":"6002-7689-1000","product_condition":"new"},"_links":{"self":[{"href":"https:\/\/www.versiegelung24.com\/sk\/wp-json\/wp\/v2\/product\/24026","targetHints":{"allow":["GET"]}}],"collection":[{"href":"https:\/\/www.versiegelung24.com\/sk\/wp-json\/wp\/v2\/product"}],"about":[{"href":"https:\/\/www.versiegelung24.com\/sk\/wp-json\/wp\/v2\/types\/product"}],"version-history":[{"count":13,"href":"https:\/\/www.versiegelung24.com\/sk\/wp-json\/wp\/v2\/product\/24026\/revisions"}],"predecessor-version":[{"id":177728,"href":"https:\/\/www.versiegelung24.com\/sk\/wp-json\/wp\/v2\/product\/24026\/revisions\/177728"}],"wp:featuredmedia":[{"embeddable":true,"href":"https:\/\/www.versiegelung24.com\/sk\/wp-json\/wp\/v2\/media\/125333"}],"wp:attachment":[{"href":"https:\/\/www.versiegelung24.com\/sk\/wp-json\/wp\/v2\/media?parent=24026"}],"wp:term":[{"taxonomy":"product_brand","embeddable":true,"href":"https:\/\/www.versiegelung24.com\/sk\/wp-json\/wp\/v2\/product_brand?post=24026"},{"taxonomy":"product_cat","embeddable":true,"href":"https:\/\/www.versiegelung24.com\/sk\/wp-json\/wp\/v2\/product_cat?post=24026"},{"taxonomy":"product_tag","embeddable":true,"href":"https:\/\/www.versiegelung24.com\/sk\/wp-json\/wp\/v2\/product_tag?post=24026"}],"curies":[{"name":"wp","href":"https:\/\/api.w.org\/{rel}","templated":true}]}}