{"id":24070,"date":"2020-04-29T20:41:14","date_gmt":"2020-04-29T18:41:14","guid":{"rendered":"https:\/\/www.versiegelung24.com\/produkt\/vzor-tesnenie-z-betonu-kamena-s-extremnou-vodoodpudivostou-nie-je-priedusne"},"modified":"2025-01-05T15:42:48","modified_gmt":"2025-01-05T14:42:48","slug":"vzor-beton-kamen-tesnenie-s-extremnou-vodoodpudivostou-nedychatelnou","status":"publish","type":"product","link":"https:\/\/www.versiegelung24.com\/sk\/vzor-beton-kamen-tesnenie-s-extremnou-vodoodpudivostou-nedychatelnou.html","title":{"rendered":"Vzorka: Pr\u00e9miov\u00fd tmel na bet\u00f3n a kame\u0148 s prehlbovan\u00edm farieb &#8211; ned\u00fdchate\u013en\u00fd &#8211; 3008-704"},"content":{"rendered":"<p>100ml vzorka n\u00e1\u0161ho&nbsp;<a href=\"https:\/\/www.versiegelung24.com\/sk\/premiovy-beton-kamen-tesniaci-extrem-vodoodpudivy-nedychatelny.html\">tmelu na kame\u0148 s extr\u00e9mnou vodoodpudivos\u0165ou<\/a>&nbsp;na sk\u00fa\u0161obn\u00e9 pou\u017eitie alebo utesnenie men\u0161\u00edch pl\u00f4ch.<\/p>\n","protected":false},"excerpt":{"rendered":"<p><strong>Extr\u00e9mne vodoodpudiv\u00fd \u010d\u00edry lak pre vn\u00fatorn\u00e9 aj vonkaj\u0161ie pou\u017eitie<\/strong>  <\/p>\n<p>\u2713 na v\u0161etky sav\u00e9 povrchy z miner\u00e1lneho kame\u0148a a bet\u00f3nu<\/p>\n<p>\u2713 Efekt \u013eahko \u010distite\u013en\u00e9ho: \u0161pina nepri\u013ene a d\u00e1 sa \u013eahko odstr\u00e1ni\u0165<\/p>\n<p>\u2713 O\u0161etren\u00e9 povrchy nie s\u00fa priedu\u0161n\u00e9<\/p>\n<p>\u2713 Zabra\u0148uje rastu machov, li\u0161ajn\u00edkov, plesn\u00ed a in\u00fdch pr\u00edrodn\u00fdch vplyvov<\/p>\n<p>\u2713 Efekt prehlbovania farby s leskl\u00fdm filmom \/ vylep\u0161en\u00edm povrchu<\/p>\n<p>\u2713 \u010cas pou\u017eite\u013enosti: 5 rokov+<\/p>\n","protected":false},"featured_media":14619,"template":"","meta":{"_acf_changed":false,"neve_meta_sidebar":"","neve_meta_container":"","neve_meta_enable_content_width":"","neve_meta_content_width":0,"neve_meta_title_alignment":"","neve_meta_author_avatar":"","neve_post_elements_order":"","neve_meta_disable_header":"","neve_meta_disable_footer":"","neve_meta_disable_title":"","neve_meta_reading_time":"","_surfaces":[],"_ver_product_tabs":[],"footnotes":""},"product_brand":[],"product_cat":[2673],"product_tag":[],"class_list":{"0":"post-24070","1":"product","2":"type-product","3":"status-publish","4":"has-post-thumbnail","6":"product_cat-predloha","7":"pa_gebinde-100-ml-flasa","9":"first","10":"onbackorder","11":"sold-individually","12":"taxable","13":"shipping-taxable","14":"purchasable","15":"product-type-variable","16":"has-default-attributes"},"acf":[],"yoast_head":"<!-- This site is optimized with the Yoast SEO Premium plugin v22.8 (Yoast SEO v27.3) - https:\/\/yoast.com\/product\/yoast-seo-premium-wordpress\/ -->\n<title>Vzorka: Pr\u00e9miov\u00fd tmel na bet\u00f3n a kame\u0148 s prehlbovan\u00edm farieb - ned\u00fdchate\u013en\u00fd - 3008-704 - versiegelung24.com<\/title>\n<meta name=\"robots\" content=\"index, follow, max-snippet:-1, max-image-preview:large, max-video-preview:-1\" \/>\n<link rel=\"canonical\" href=\"https:\/\/www.versiegelung24.com\/sk\/vzor-beton-kamen-tesnenie-s-extremnou-vodoodpudivostou-nedychatelnou.html\" \/>\n<meta property=\"og:locale\" content=\"sk_SK\" \/>\n<meta property=\"og:type\" content=\"article\" \/>\n<meta property=\"og:title\" content=\"Vzorka: Pr\u00e9miov\u00fd tmel na bet\u00f3n a kame\u0148 s prehlbovan\u00edm farieb - ned\u00fdchate\u013en\u00fd - 3008-704\" \/>\n<meta property=\"og:description\" content=\"Extr\u00e9mne vodoodpudiv\u00fd \u010d\u00edry lak pre vn\u00fatorn\u00e9 aj vonkaj\u0161ie pou\u017eitie  \u2713 na v\u0161etky sav\u00e9 povrchy z miner\u00e1lneho kame\u0148a a bet\u00f3nu \u2713 Efekt \u013eahko \u010distite\u013en\u00e9ho: \u0161pina nepri\u013ene a d\u00e1 sa \u013eahko odstr\u00e1ni\u0165 \u2713 O\u0161etren\u00e9 povrchy nie s\u00fa priedu\u0161n\u00e9 \u2713 Zabra\u0148uje rastu machov, li\u0161ajn\u00edkov, plesn\u00ed a in\u00fdch pr\u00edrodn\u00fdch vplyvov \u2713 Efekt prehlbovania farby s leskl\u00fdm filmom \/ vylep\u0161en\u00edm povrchu \u2713 \u010cas pou\u017eite\u013enosti: 5 rokov+\" \/>\n<meta property=\"og:url\" content=\"https:\/\/www.versiegelung24.com\/sk\/vzor-beton-kamen-tesnenie-s-extremnou-vodoodpudivostou-nedychatelnou.html\" \/>\n<meta property=\"og:site_name\" content=\"versiegelung24.com\" \/>\n<meta property=\"article:modified_time\" content=\"2025-01-05T14:42:48+00:00\" \/>\n<meta property=\"og:image\" content=\"https:\/\/www.versiegelung24.com\/wp-content\/uploads\/2020\/04\/versiegelung-muster.png\" \/>\n\t<meta property=\"og:image:width\" content=\"1000\" \/>\n\t<meta property=\"og:image:height\" content=\"1000\" \/>\n\t<meta property=\"og:image:type\" content=\"image\/png\" \/>\n<meta name=\"twitter:card\" content=\"summary_large_image\" \/>\n<meta name=\"twitter:label1\" content=\"Dostupnos\u0165\" \/>\n\t<meta name=\"twitter:data1\" content=\"Na objedn\u00e1vku\" \/>\n<script type=\"application\/ld+json\" class=\"yoast-schema-graph\">{\"@context\":\"https:\\\/\\\/schema.org\",\"@graph\":[{\"@type\":\"WebPage\",\"@id\":\"https:\\\/\\\/www.versiegelung24.com\\\/sk\\\/vzor-beton-kamen-tesnenie-s-extremnou-vodoodpudivostou-nedychatelnou.html\",\"url\":\"https:\\\/\\\/www.versiegelung24.com\\\/sk\\\/vzor-beton-kamen-tesnenie-s-extremnou-vodoodpudivostou-nedychatelnou.html\",\"name\":\"Vzorka: Pr\u00e9miov\u00fd tmel na bet\u00f3n a kame\u0148 s prehlbovan\u00edm farieb - ned\u00fdchate\u013en\u00fd - 3008-704 - versiegelung24.com\",\"isPartOf\":{\"@id\":\"https:\\\/\\\/www.versiegelung24.com\\\/sk\\\/#website\"},\"primaryImageOfPage\":{\"@id\":\"https:\\\/\\\/www.versiegelung24.com\\\/sk\\\/vzor-beton-kamen-tesnenie-s-extremnou-vodoodpudivostou-nedychatelnou.html#primaryimage\"},\"image\":{\"@id\":\"https:\\\/\\\/www.versiegelung24.com\\\/sk\\\/vzor-beton-kamen-tesnenie-s-extremnou-vodoodpudivostou-nedychatelnou.html#primaryimage\"},\"thumbnailUrl\":\"https:\\\/\\\/www.versiegelung24.com\\\/wp-content\\\/uploads\\\/2020\\\/04\\\/versiegelung-muster.png\",\"datePublished\":\"2020-04-29T18:41:14+00:00\",\"dateModified\":\"2025-01-05T14:42:48+00:00\",\"breadcrumb\":{\"@id\":\"https:\\\/\\\/www.versiegelung24.com\\\/sk\\\/vzor-beton-kamen-tesnenie-s-extremnou-vodoodpudivostou-nedychatelnou.html#breadcrumb\"},\"inLanguage\":\"sk-SK\",\"potentialAction\":[{\"@type\":\"ReadAction\",\"target\":[\"https:\\\/\\\/www.versiegelung24.com\\\/sk\\\/vzor-beton-kamen-tesnenie-s-extremnou-vodoodpudivostou-nedychatelnou.html\"]}]},{\"@type\":\"ImageObject\",\"inLanguage\":\"sk-SK\",\"@id\":\"https:\\\/\\\/www.versiegelung24.com\\\/sk\\\/vzor-beton-kamen-tesnenie-s-extremnou-vodoodpudivostou-nedychatelnou.html#primaryimage\",\"url\":\"https:\\\/\\\/www.versiegelung24.com\\\/wp-content\\\/uploads\\\/2020\\\/04\\\/versiegelung-muster.png\",\"contentUrl\":\"https:\\\/\\\/www.versiegelung24.com\\\/wp-content\\\/uploads\\\/2020\\\/04\\\/versiegelung-muster.png\",\"width\":1000,\"height\":1000},{\"@type\":\"BreadcrumbList\",\"@id\":\"https:\\\/\\\/www.versiegelung24.com\\\/sk\\\/vzor-beton-kamen-tesnenie-s-extremnou-vodoodpudivostou-nedychatelnou.html#breadcrumb\",\"itemListElement\":[{\"@type\":\"ListItem\",\"position\":1,\"name\":\"\u00davodn\u00e1 str\u00e1nka\",\"item\":\"https:\\\/\\\/www.versiegelung24.com\\\/sk\\\/predna-strana\\\/\"},{\"@type\":\"ListItem\",\"position\":2,\"name\":\"Obchod\",\"item\":\"https:\\\/\\\/www.versiegelung24.com\\\/sk\\\/obchod\\\/\"},{\"@type\":\"ListItem\",\"position\":3,\"name\":\"Vzorka: Pr\u00e9miov\u00fd tmel na bet\u00f3n a kame\u0148 s prehlbovan\u00edm farieb &#8211; ned\u00fdchate\u013en\u00fd &#8211; 3008-704\"}]},{\"@type\":\"WebSite\",\"@id\":\"https:\\\/\\\/www.versiegelung24.com\\\/sk\\\/#website\",\"url\":\"https:\\\/\\\/www.versiegelung24.com\\\/sk\\\/\",\"name\":\"versiegelung24.com\",\"description\":\"Fl\u00fcssigglas-Versiegelung - Made in Germany\",\"publisher\":{\"@id\":\"https:\\\/\\\/www.versiegelung24.com\\\/sk\\\/#organization\"},\"potentialAction\":[{\"@type\":\"SearchAction\",\"target\":{\"@type\":\"EntryPoint\",\"urlTemplate\":\"https:\\\/\\\/www.versiegelung24.com\\\/sk\\\/?s={search_term_string}\"},\"query-input\":{\"@type\":\"PropertyValueSpecification\",\"valueRequired\":true,\"valueName\":\"search_term_string\"}}],\"inLanguage\":\"sk-SK\"},{\"@type\":\"Organization\",\"@id\":\"https:\\\/\\\/www.versiegelung24.com\\\/sk\\\/#organization\",\"name\":\"versiegelung24\",\"url\":\"https:\\\/\\\/www.versiegelung24.com\\\/sk\\\/\",\"logo\":{\"@type\":\"ImageObject\",\"inLanguage\":\"sk-SK\",\"@id\":\"https:\\\/\\\/www.versiegelung24.com\\\/sk\\\/#\\\/schema\\\/logo\\\/image\\\/\",\"url\":\"https:\\\/\\\/www.versiegelung24.com\\\/wp-content\\\/uploads\\\/2020\\\/04\\\/versiegelung24.png\",\"contentUrl\":\"https:\\\/\\\/www.versiegelung24.com\\\/wp-content\\\/uploads\\\/2020\\\/04\\\/versiegelung24.png\",\"width\":470,\"height\":102,\"caption\":\"versiegelung24\"},\"image\":{\"@id\":\"https:\\\/\\\/www.versiegelung24.com\\\/sk\\\/#\\\/schema\\\/logo\\\/image\\\/\"}}]}<\/script>\n<meta property=\"og:availability\" content=\"backorder\" \/>\n<meta property=\"product:availability\" content=\"available for order\" \/>\n<meta property=\"product:retailer_item_id\" content=\"3008-704-muster\" \/>\n<meta property=\"product:condition\" content=\"new\" \/>\n<!-- \/ Yoast SEO Premium plugin. -->","yoast_head_json":{"title":"Vzorka: Pr\u00e9miov\u00fd tmel na bet\u00f3n a kame\u0148 s prehlbovan\u00edm farieb - ned\u00fdchate\u013en\u00fd - 3008-704 - versiegelung24.com","robots":{"index":"index","follow":"follow","max-snippet":"max-snippet:-1","max-image-preview":"max-image-preview:large","max-video-preview":"max-video-preview:-1"},"canonical":"https:\/\/www.versiegelung24.com\/sk\/vzor-beton-kamen-tesnenie-s-extremnou-vodoodpudivostou-nedychatelnou.html","og_locale":"sk_SK","og_type":"article","og_title":"Vzorka: Pr\u00e9miov\u00fd tmel na bet\u00f3n a kame\u0148 s prehlbovan\u00edm farieb - ned\u00fdchate\u013en\u00fd - 3008-704","og_description":"Extr\u00e9mne vodoodpudiv\u00fd \u010d\u00edry lak pre vn\u00fatorn\u00e9 aj vonkaj\u0161ie pou\u017eitie  \u2713 na v\u0161etky sav\u00e9 povrchy z miner\u00e1lneho kame\u0148a a bet\u00f3nu \u2713 Efekt \u013eahko \u010distite\u013en\u00e9ho: \u0161pina nepri\u013ene a d\u00e1 sa \u013eahko odstr\u00e1ni\u0165 \u2713 O\u0161etren\u00e9 povrchy nie s\u00fa priedu\u0161n\u00e9 \u2713 Zabra\u0148uje rastu machov, li\u0161ajn\u00edkov, plesn\u00ed a in\u00fdch pr\u00edrodn\u00fdch vplyvov \u2713 Efekt prehlbovania farby s leskl\u00fdm filmom \/ vylep\u0161en\u00edm povrchu \u2713 \u010cas pou\u017eite\u013enosti: 5 rokov+","og_url":"https:\/\/www.versiegelung24.com\/sk\/vzor-beton-kamen-tesnenie-s-extremnou-vodoodpudivostou-nedychatelnou.html","og_site_name":"versiegelung24.com","article_modified_time":"2025-01-05T14:42:48+00:00","og_image":[{"width":1000,"height":1000,"url":"https:\/\/www.versiegelung24.com\/wp-content\/uploads\/2020\/04\/versiegelung-muster.png","type":"image\/png"}],"twitter_card":"summary_large_image","twitter_misc":{"Dostupnos\u0165":"Na objedn\u00e1vku"},"schema":{"@context":"https:\/\/schema.org","@graph":[{"@type":"WebPage","@id":"https:\/\/www.versiegelung24.com\/sk\/vzor-beton-kamen-tesnenie-s-extremnou-vodoodpudivostou-nedychatelnou.html","url":"https:\/\/www.versiegelung24.com\/sk\/vzor-beton-kamen-tesnenie-s-extremnou-vodoodpudivostou-nedychatelnou.html","name":"Vzorka: Pr\u00e9miov\u00fd tmel na bet\u00f3n a kame\u0148 s prehlbovan\u00edm farieb - ned\u00fdchate\u013en\u00fd - 3008-704 - versiegelung24.com","isPartOf":{"@id":"https:\/\/www.versiegelung24.com\/sk\/#website"},"primaryImageOfPage":{"@id":"https:\/\/www.versiegelung24.com\/sk\/vzor-beton-kamen-tesnenie-s-extremnou-vodoodpudivostou-nedychatelnou.html#primaryimage"},"image":{"@id":"https:\/\/www.versiegelung24.com\/sk\/vzor-beton-kamen-tesnenie-s-extremnou-vodoodpudivostou-nedychatelnou.html#primaryimage"},"thumbnailUrl":"https:\/\/www.versiegelung24.com\/wp-content\/uploads\/2020\/04\/versiegelung-muster.png","datePublished":"2020-04-29T18:41:14+00:00","dateModified":"2025-01-05T14:42:48+00:00","breadcrumb":{"@id":"https:\/\/www.versiegelung24.com\/sk\/vzor-beton-kamen-tesnenie-s-extremnou-vodoodpudivostou-nedychatelnou.html#breadcrumb"},"inLanguage":"sk-SK","potentialAction":[{"@type":"ReadAction","target":["https:\/\/www.versiegelung24.com\/sk\/vzor-beton-kamen-tesnenie-s-extremnou-vodoodpudivostou-nedychatelnou.html"]}]},{"@type":"ImageObject","inLanguage":"sk-SK","@id":"https:\/\/www.versiegelung24.com\/sk\/vzor-beton-kamen-tesnenie-s-extremnou-vodoodpudivostou-nedychatelnou.html#primaryimage","url":"https:\/\/www.versiegelung24.com\/wp-content\/uploads\/2020\/04\/versiegelung-muster.png","contentUrl":"https:\/\/www.versiegelung24.com\/wp-content\/uploads\/2020\/04\/versiegelung-muster.png","width":1000,"height":1000},{"@type":"BreadcrumbList","@id":"https:\/\/www.versiegelung24.com\/sk\/vzor-beton-kamen-tesnenie-s-extremnou-vodoodpudivostou-nedychatelnou.html#breadcrumb","itemListElement":[{"@type":"ListItem","position":1,"name":"\u00davodn\u00e1 str\u00e1nka","item":"https:\/\/www.versiegelung24.com\/sk\/predna-strana\/"},{"@type":"ListItem","position":2,"name":"Obchod","item":"https:\/\/www.versiegelung24.com\/sk\/obchod\/"},{"@type":"ListItem","position":3,"name":"Vzorka: Pr\u00e9miov\u00fd tmel na bet\u00f3n a kame\u0148 s prehlbovan\u00edm farieb &#8211; ned\u00fdchate\u013en\u00fd &#8211; 3008-704"}]},{"@type":"WebSite","@id":"https:\/\/www.versiegelung24.com\/sk\/#website","url":"https:\/\/www.versiegelung24.com\/sk\/","name":"versiegelung24.com","description":"Fl\u00fcssigglas-Versiegelung - Made in Germany","publisher":{"@id":"https:\/\/www.versiegelung24.com\/sk\/#organization"},"potentialAction":[{"@type":"SearchAction","target":{"@type":"EntryPoint","urlTemplate":"https:\/\/www.versiegelung24.com\/sk\/?s={search_term_string}"},"query-input":{"@type":"PropertyValueSpecification","valueRequired":true,"valueName":"search_term_string"}}],"inLanguage":"sk-SK"},{"@type":"Organization","@id":"https:\/\/www.versiegelung24.com\/sk\/#organization","name":"versiegelung24","url":"https:\/\/www.versiegelung24.com\/sk\/","logo":{"@type":"ImageObject","inLanguage":"sk-SK","@id":"https:\/\/www.versiegelung24.com\/sk\/#\/schema\/logo\/image\/","url":"https:\/\/www.versiegelung24.com\/wp-content\/uploads\/2020\/04\/versiegelung24.png","contentUrl":"https:\/\/www.versiegelung24.com\/wp-content\/uploads\/2020\/04\/versiegelung24.png","width":470,"height":102,"caption":"versiegelung24"},"image":{"@id":"https:\/\/www.versiegelung24.com\/sk\/#\/schema\/logo\/image\/"}}]},"og_availability":"backorder","product_availability":"available for order","product_retailer_item_id":"3008-704-muster","product_condition":"new"},"_links":{"self":[{"href":"https:\/\/www.versiegelung24.com\/sk\/wp-json\/wp\/v2\/product\/24070","targetHints":{"allow":["GET"]}}],"collection":[{"href":"https:\/\/www.versiegelung24.com\/sk\/wp-json\/wp\/v2\/product"}],"about":[{"href":"https:\/\/www.versiegelung24.com\/sk\/wp-json\/wp\/v2\/types\/product"}],"version-history":[{"count":2,"href":"https:\/\/www.versiegelung24.com\/sk\/wp-json\/wp\/v2\/product\/24070\/revisions"}],"predecessor-version":[{"id":140705,"href":"https:\/\/www.versiegelung24.com\/sk\/wp-json\/wp\/v2\/product\/24070\/revisions\/140705"}],"wp:featuredmedia":[{"embeddable":true,"href":"https:\/\/www.versiegelung24.com\/sk\/wp-json\/wp\/v2\/media\/14619"}],"wp:attachment":[{"href":"https:\/\/www.versiegelung24.com\/sk\/wp-json\/wp\/v2\/media?parent=24070"}],"wp:term":[{"taxonomy":"product_brand","embeddable":true,"href":"https:\/\/www.versiegelung24.com\/sk\/wp-json\/wp\/v2\/product_brand?post=24070"},{"taxonomy":"product_cat","embeddable":true,"href":"https:\/\/www.versiegelung24.com\/sk\/wp-json\/wp\/v2\/product_cat?post=24070"},{"taxonomy":"product_tag","embeddable":true,"href":"https:\/\/www.versiegelung24.com\/sk\/wp-json\/wp\/v2\/product_tag?post=24070"}],"curies":[{"name":"wp","href":"https:\/\/api.w.org\/{rel}","templated":true}]}}