{"id":24101,"date":"2020-04-27T21:49:59","date_gmt":"2021-08-02T20:24:40","guid":{"rendered":"https:\/\/www.versiegelung24.com\/produkt\/monument-stone-vysokovykonne-tesnenie-z-kamena-a-betonu"},"modified":"2025-03-20T09:54:04","modified_gmt":"2025-03-20T08:54:04","slug":"monument-kamen-kamen-a-beton-vysokoucinne-tesnenie","status":"publish","type":"product","link":"https:\/\/www.versiegelung24.com\/sk\/vysokovykonne-tesnenie-pomnik-kamen-kamen-a-beton.html","title":{"rendered":"Monument Stone &#8211; Stone &amp; Concrete Liquid Glass Sealer"},"content":{"rendered":"\n<p>Na\u0161e vysokov\u00fdkonn\u00e9 tesnenie Monument Stone \u00fa\u010dinne a trvalo chr\u00e1ni vysokokvalitn\u00e9 v\u00fdrobky z bet\u00f3nov\u00e9ho kame\u0148a pred v\u0161eobecnou kontamin\u00e1ciou vodou, potravinami a olejmi.<\/p>\n\n<hr \/>\n\n<h4 class=\"wp-block-heading\" id=\"properties\">Vlastnosti produktu<\/h4>\n\n<div class=\"wp-block-columns is-layout-flex wp-container-core-columns-is-layout-9d6595d7 wp-block-columns-is-layout-flex\">\n<div class=\"wp-block-column is-layout-flow wp-block-column-is-layout-flow\">\n<p><strong>Vysokov\u00fdkonn\u00e9 tesnenie pre kamenn\u00e9 a bet\u00f3nov\u00e9 bloky na zn\u00ed\u017eenie v\u0161eobecn\u00e9ho sklonu k zne\u010disteniu vodou, potravinami a olejmi<\/strong><\/p>\n\n\n\n<p>\u010c\u00edslo polo\u017eky: 3009-8637<\/p>\n\n\n\n<p>Vysok\u00e1 kvalita Made in Germany<\/p>\n\n\n\n<p><strong>bezpe\u010dnos\u0165 produktu<\/strong><\/p>\n\n\n\n<p>Inform\u00e1cie o klasifik\u00e1cii produktu v r\u00e1mci Nariadenia o nebezpe\u010dn\u00fdch l\u00e1tkach, bezpe\u010dnostn\u00e9 \u00fadaje a \u00fadaje o toxikol\u00f3gii a skladovan\u00ed n\u00e1jdete v na\u0161ej karte bezpe\u010dnostn\u00fdch \u00fadajov.<\/p>\n\n\n\n<p><strong>skladovanie<\/strong><\/p>\n\n\n\n<p>Je potrebn\u00e9 dodr\u017eiava\u0165 inform\u00e1cie v pr\u00edslu\u0161nej karte bezpe\u010dnostn\u00fdch \u00fadajov (MSDS).<\/p>\n\n\n\n<p>V24 Monument Stone by sa mal skladova\u0165 na suchom, dobre vetranom a chladnom (20\u00b0C) mieste. Uchov\u00e1vajte\/skladujte iba v tesne uzavretej p\u00f4vodnej n\u00e1dobe. Chr\u00e1\u0148te pred priamym slne\u010dn\u00fdm \u017eiaren\u00edm. Pri spr\u00e1vnom skladovan\u00ed je minim\u00e1lna trvanlivos\u0165 12 mesiacov od d\u00e1tumu v\u00fdroby.<\/p>\n\n\n\n<p>Dlh\u0161ia doba skladovania nemus\u00ed nutne znamena\u0165, \u017ee v\u00fdrobok je nepou\u017eite\u013en\u00fd, av\u0161ak z h\u013eadiska zabezpe\u010denia kvality je potrebn\u00e9 skontrolova\u0165 vlastnosti po\u017eadovan\u00e9 pre zam\u00fd\u0161\u013ean\u00e9 pou\u017eitie.<\/p>\n<\/div>\n\n\n\n<div class=\"wp-block-column is-layout-flow wp-block-column-is-layout-flow\">\n<p>\u2713 Vysoko\u00fa\u010dinn\u00e1 impregn\u00e1cia na vodnej b\u00e1ze<\/p>\n\n\n\n<p>\u2713 \u00da\u010dinnos\u0165 a\u017e 10 rokov (za predpokladu spr\u00e1vnej aplik\u00e1cie)<\/p>\n\n\n\n<p>\u2713 Zvl\u00e1\u0161\u0165 vhodn\u00e9 na dlhodob\u00fa ochranu na pamiatkach<\/p>\n\n\n\n<p>\u2713 vysoko koncentrovan\u00fd<\/p>\n\n\n\n<p>\u2713 Dlhodob\u00e1 ochrana prostredn\u00edctvom chemickej v\u00e4zby na substr\u00e1t<\/p>\n\n\n\n<p>\u2713 Odoln\u00fd vo\u010di z\u00e1sad\u00e1m a\u017e do pH 10-11*<\/p>\n\n\n\n<p>\u2713 Nelepiv\u00fd efekt<\/p>\n\n\n\n<p>\u2713 Vysoko odpudzuj\u00faci olej, vodu a ne\u010distoty<\/p>\n\n\n\n<p>\u2713 Odoln\u00fd vo\u010di z\u00e1sad\u00e1m<\/p>\n\n\n\n<p>\u2713 Zn\u00ed\u017een\u00e9 v\u00fdkvety<\/p>\n\n\n\n<p>\u2713 Minimaliz\u00e1cia pri\u013enavosti ne\u010dist\u00f4t<\/p>\n\n\n\n<p>\u2713 Obmedzenie rastu rias a machov<\/p>\n\n\n\n<p>\u2713 zni\u017euje op\u00e4tovn\u00e9 zne\u010distenie<\/p>\n\n\n\n<p>\u2713 Otvoren\u00e9 pre dif\u00faziu p\u00e1r<\/p>\n\n\n\n<p>\u2713 r\u00fdchlo schne a nelep\u00ed<\/p>\n\n\n\n<p>\u2713 Vysok\u00e1 UV stabilita<\/p>\n\n\n\n<p>\u2713 Rie\u0161enie pripraven\u00e9 na pou\u017eitie<\/p>\n\n\n\n<p>\u2713 nevidite\u013en\u00e9<\/p>\n<\/div>\n<\/div>\n\n<hr \/>\n\n<h4 class=\"wp-block-heading\" id=\"application\">Aplik\u00e1cia<\/h4>\n\n<div class=\"wp-block-columns is-layout-flex wp-container-core-columns-is-layout-9d6595d7 wp-block-columns-is-layout-flex\">\n<div class=\"wp-block-column is-layout-flow wp-block-column-is-layout-flow\">\n<ul class=\"wp-block-list\">\n<li><strong>V24 Monument Stone &#8211; tekut\u00e9<\/strong> sklenen\u00e9 tesnenie sa nan\u00e1\u0161a nerieden\u00e9 na pred\u010disten\u00fd a vysu\u0161en\u00fd povrch, preto\u017ee len tak je zabezpe\u010den\u00e1 h\u013abkov\u00e1 penetr\u00e1cia tesnenia, \u010do sp\u00f4sobuje optim\u00e1lny dlhodob\u00fd a h\u013abkov\u00fd efekt.<\/li>\n<\/ul>\n\n\n\n<ul class=\"wp-block-list\">\n<li>Tesnenie sa nan\u00e1\u0161a rovnomerne a v tenkej vrstve na podklad, a\u017e k\u00fdm povrch nebude matne vlhk\u00fd.<\/li>\n<\/ul>\n\n\n\n<ul class=\"wp-block-list\">\n<li>Nan\u00e1\u0161a sa \u0161tetcom, penov\u00fdm val\u010dekom, utierkou z mikrovl\u00e1kna alebo striekan\u00edm.<\/li>\n<\/ul>\n\n\n\n<ul class=\"wp-block-list\">\n<li>Je potrebn\u00e9 zabr\u00e1ni\u0165 tvorbe kalu\u017e\u00ed. Prebyto\u010dn\u00fd hydroizola\u010dn\u00fd prostriedok je potrebn\u00e9 z podkladu odstr\u00e1ni\u0165.<\/li>\n<\/ul>\n<\/div>\n\n\n\n<div class=\"wp-block-column is-layout-flow wp-block-column-is-layout-flow\">\n<ul class=\"wp-block-list\">\n<li>Po aplik\u00e1cii mus\u00ed <strong>V24 Monument Stone<\/strong> zosta\u0165 nieko\u013eko sek\u00fand v kontakte s povrchom ako tekut\u00fd film.<\/li>\n<\/ul>\n\n\n\n<ul class=\"wp-block-list\">\n<li>Pln\u00e1 funk\u010dnos\u0165 nastane po 48 hodin\u00e1ch su\u0161enia pri izbovej teplote. Hlbok\u00e9 su\u0161enie sa tie\u017e m\u00f4\u017ee l\u00ed\u0161i\u0165 v z\u00e1vislosti od substr\u00e1tu.<\/li>\n<\/ul>\n\n\n\n<p>Podrobn\u00fd popis aplik\u00e1cie n\u00e1jdete v na\u0161om \u00fadajovom liste<\/p>\n\n\n\n<p>Vysoko\u00fa\u010dinn\u00e9 tesnenie tekut\u00e9ho skla pre v\u00fdrobky z kame\u0148a a bet\u00f3nov\u00fdch tv\u00e1rnic.<\/p>\n\n\n\n<p>\u2713 Bet\u00f3n (\u010dl\u00e1nky)<\/p>\n\n\n\n<p>\u2713 Kame\u0148 (\u010cl\u00e1nky)<\/p>\n\n\n\n<p>\u2713 Syst\u00e9my dosiek a dla\u017eby<\/p>\n\n\n\n<p>\u2713 Pamiatkov\u00e9 kamene<\/p>\n<\/div>\n<\/div>\n","protected":false},"excerpt":{"rendered":"<p><strong>Tekut\u00fd sklenen\u00fd tmel odpudzuj\u00faci olej, vodu a ne\u010distoty na kamenn\u00e9 a bet\u00f3nov\u00e9 povrchy<\/strong><\/p>\n<p>\u2713 Dlhodob\u00e1 ochrana prostredn\u00edctvom chemickej v\u00e4zby na substr\u00e1t<\/p>\n<p>\u2713 Vysoko odpudzuj\u00faci olej, vodu a ne\u010distoty<\/p>\n<p>\u2713 Dlhodob\u00e1 ochrana pomn\u00edka<\/p>\n<p>\u2713 Obmedzenie rastu rias a machov<\/p>\n<p>\u2713 Nelepiv\u00fd efekt<\/p>\n","protected":false},"featured_media":18152,"template":"","meta":{"_acf_changed":false,"neve_meta_sidebar":"","neve_meta_container":"","neve_meta_enable_content_width":"","neve_meta_content_width":0,"neve_meta_title_alignment":"","neve_meta_author_avatar":"","neve_post_elements_order":"","neve_meta_disable_header":"","neve_meta_disable_footer":"","neve_meta_disable_title":"","neve_meta_reading_time":"","_surfaces":[],"_ver_product_tabs":[],"footnotes":""},"product_brand":[],"product_cat":[2410],"product_tag":[],"class_list":{"0":"post-24101","1":"product","2":"type-product","3":"status-publish","4":"has-post-thumbnail","6":"product_cat-tesnenie-kamena-a-betonu","8":"first","9":"onbackorder","10":"taxable","11":"shipping-taxable","12":"purchasable","13":"product-type-simple"},"acf":[],"yoast_head":"<!-- This site is optimized with the Yoast SEO Premium plugin v22.8 (Yoast SEO v27.5) - https:\/\/yoast.com\/product\/yoast-seo-premium-wordpress\/ -->\n<title>Monument Stone - Stone &amp; Concrete Liquid Glass Sealer - versiegelung24.com<\/title>\n<meta name=\"robots\" content=\"index, follow, max-snippet:-1, max-image-preview:large, max-video-preview:-1\" \/>\n<link rel=\"canonical\" href=\"https:\/\/www.versiegelung24.com\/sk\/vysokovykonne-tesnenie-pomnik-kamen-kamen-a-beton.html\" \/>\n<meta property=\"og:locale\" content=\"sk_SK\" \/>\n<meta property=\"og:type\" content=\"article\" \/>\n<meta property=\"og:title\" content=\"Monument Stone - Stone &amp; Concrete Liquid Glass Sealer\" \/>\n<meta property=\"og:description\" content=\"Tekut\u00fd sklenen\u00fd tmel odpudzuj\u00faci olej, vodu a ne\u010distoty na kamenn\u00e9 a bet\u00f3nov\u00e9 povrchy \u2713 Dlhodob\u00e1 ochrana prostredn\u00edctvom chemickej v\u00e4zby na substr\u00e1t \u2713 Vysoko odpudzuj\u00faci olej, vodu a ne\u010distoty \u2713 Dlhodob\u00e1 ochrana pomn\u00edka \u2713 Obmedzenie rastu rias a machov \u2713 Nelepiv\u00fd efekt\" \/>\n<meta property=\"og:url\" content=\"https:\/\/www.versiegelung24.com\/sk\/vysokovykonne-tesnenie-pomnik-kamen-kamen-a-beton.html\" \/>\n<meta property=\"og:site_name\" content=\"versiegelung24.com\" \/>\n<meta property=\"article:modified_time\" content=\"2025-03-20T08:54:04+00:00\" \/>\n<meta property=\"og:image\" content=\"https:\/\/www.versiegelung24.com\/wp-content\/uploads\/2020\/06\/produkt-3009-7637-1000-Monument-Stone-scaled.jpg\" \/>\n\t<meta property=\"og:image:width\" content=\"2560\" \/>\n\t<meta property=\"og:image:height\" content=\"2560\" \/>\n\t<meta property=\"og:image:type\" content=\"image\/jpeg\" \/>\n<meta name=\"twitter:card\" content=\"summary_large_image\" \/>\n<meta name=\"twitter:label1\" content=\"Cena\" \/>\n\t<meta name=\"twitter:data1\" content=\"89,99&euro;\" \/>\n\t<meta name=\"twitter:label2\" content=\"Dostupnos\u0165\" \/>\n\t<meta name=\"twitter:data2\" content=\"Na objedn\u00e1vku\" \/>\n<script type=\"application\/ld+json\" class=\"yoast-schema-graph\">{\"@context\":\"https:\\\/\\\/schema.org\",\"@graph\":[{\"@type\":\"WebPage\",\"@id\":\"https:\\\/\\\/www.versiegelung24.com\\\/sk\\\/vysokovykonne-tesnenie-pomnik-kamen-kamen-a-beton.html\",\"url\":\"https:\\\/\\\/www.versiegelung24.com\\\/sk\\\/vysokovykonne-tesnenie-pomnik-kamen-kamen-a-beton.html\",\"name\":\"Monument Stone - Stone &amp; Concrete Liquid Glass Sealer - versiegelung24.com\",\"isPartOf\":{\"@id\":\"https:\\\/\\\/www.versiegelung24.com\\\/sk\\\/#website\"},\"primaryImageOfPage\":{\"@id\":\"https:\\\/\\\/www.versiegelung24.com\\\/sk\\\/vysokovykonne-tesnenie-pomnik-kamen-kamen-a-beton.html#primaryimage\"},\"image\":{\"@id\":\"https:\\\/\\\/www.versiegelung24.com\\\/sk\\\/vysokovykonne-tesnenie-pomnik-kamen-kamen-a-beton.html#primaryimage\"},\"thumbnailUrl\":\"https:\\\/\\\/www.versiegelung24.com\\\/wp-content\\\/uploads\\\/2020\\\/06\\\/produkt-3009-7637-1000-Monument-Stone-scaled.jpg\",\"datePublished\":\"2021-08-02T20:24:40+00:00\",\"dateModified\":\"2025-03-20T08:54:04+00:00\",\"breadcrumb\":{\"@id\":\"https:\\\/\\\/www.versiegelung24.com\\\/sk\\\/vysokovykonne-tesnenie-pomnik-kamen-kamen-a-beton.html#breadcrumb\"},\"inLanguage\":\"sk-SK\",\"potentialAction\":[{\"@type\":\"ReadAction\",\"target\":[\"https:\\\/\\\/www.versiegelung24.com\\\/sk\\\/vysokovykonne-tesnenie-pomnik-kamen-kamen-a-beton.html\"]}]},{\"@type\":\"ImageObject\",\"inLanguage\":\"sk-SK\",\"@id\":\"https:\\\/\\\/www.versiegelung24.com\\\/sk\\\/vysokovykonne-tesnenie-pomnik-kamen-kamen-a-beton.html#primaryimage\",\"url\":\"https:\\\/\\\/www.versiegelung24.com\\\/wp-content\\\/uploads\\\/2020\\\/06\\\/produkt-3009-7637-1000-Monument-Stone-scaled.jpg\",\"contentUrl\":\"https:\\\/\\\/www.versiegelung24.com\\\/wp-content\\\/uploads\\\/2020\\\/06\\\/produkt-3009-7637-1000-Monument-Stone-scaled.jpg\",\"width\":2560,\"height\":2560},{\"@type\":\"BreadcrumbList\",\"@id\":\"https:\\\/\\\/www.versiegelung24.com\\\/sk\\\/vysokovykonne-tesnenie-pomnik-kamen-kamen-a-beton.html#breadcrumb\",\"itemListElement\":[{\"@type\":\"ListItem\",\"position\":1,\"name\":\"\u00davodn\u00e1 str\u00e1nka\",\"item\":\"https:\\\/\\\/www.versiegelung24.com\\\/sk\\\/predna-strana\\\/\"},{\"@type\":\"ListItem\",\"position\":2,\"name\":\"Obchod\",\"item\":\"https:\\\/\\\/www.versiegelung24.com\\\/sk\\\/obchod\\\/\"},{\"@type\":\"ListItem\",\"position\":3,\"name\":\"Monument Stone &#8211; Stone &amp; Concrete Liquid Glass Sealer\"}]},{\"@type\":\"WebSite\",\"@id\":\"https:\\\/\\\/www.versiegelung24.com\\\/sk\\\/#website\",\"url\":\"https:\\\/\\\/www.versiegelung24.com\\\/sk\\\/\",\"name\":\"versiegelung24.com\",\"description\":\"Fl\u00fcssigglas-Versiegelung - Made in Germany\",\"publisher\":{\"@id\":\"https:\\\/\\\/www.versiegelung24.com\\\/sk\\\/#organization\"},\"potentialAction\":[{\"@type\":\"SearchAction\",\"target\":{\"@type\":\"EntryPoint\",\"urlTemplate\":\"https:\\\/\\\/www.versiegelung24.com\\\/sk\\\/?s={search_term_string}\"},\"query-input\":{\"@type\":\"PropertyValueSpecification\",\"valueRequired\":true,\"valueName\":\"search_term_string\"}}],\"inLanguage\":\"sk-SK\"},{\"@type\":\"Organization\",\"@id\":\"https:\\\/\\\/www.versiegelung24.com\\\/sk\\\/#organization\",\"name\":\"versiegelung24\",\"url\":\"https:\\\/\\\/www.versiegelung24.com\\\/sk\\\/\",\"logo\":{\"@type\":\"ImageObject\",\"inLanguage\":\"sk-SK\",\"@id\":\"https:\\\/\\\/www.versiegelung24.com\\\/sk\\\/#\\\/schema\\\/logo\\\/image\\\/\",\"url\":\"https:\\\/\\\/www.versiegelung24.com\\\/wp-content\\\/uploads\\\/2020\\\/04\\\/versiegelung24.png\",\"contentUrl\":\"https:\\\/\\\/www.versiegelung24.com\\\/wp-content\\\/uploads\\\/2020\\\/04\\\/versiegelung24.png\",\"width\":470,\"height\":102,\"caption\":\"versiegelung24\"},\"image\":{\"@id\":\"https:\\\/\\\/www.versiegelung24.com\\\/sk\\\/#\\\/schema\\\/logo\\\/image\\\/\"}}]}<\/script>\n<meta property=\"product:price:amount\" content=\"89.99\" \/>\n<meta property=\"product:price:currency\" content=\"EUR\" \/>\n<meta property=\"og:availability\" content=\"backorder\" \/>\n<meta property=\"product:availability\" content=\"available for order\" \/>\n<meta property=\"product:retailer_item_id\" content=\"3009-8637-1\" \/>\n<meta property=\"product:condition\" content=\"new\" \/>\n<!-- \/ Yoast SEO Premium plugin. -->","yoast_head_json":{"title":"Monument Stone - Stone &amp; Concrete Liquid Glass Sealer - versiegelung24.com","robots":{"index":"index","follow":"follow","max-snippet":"max-snippet:-1","max-image-preview":"max-image-preview:large","max-video-preview":"max-video-preview:-1"},"canonical":"https:\/\/www.versiegelung24.com\/sk\/vysokovykonne-tesnenie-pomnik-kamen-kamen-a-beton.html","og_locale":"sk_SK","og_type":"article","og_title":"Monument Stone - Stone &amp; Concrete Liquid Glass Sealer","og_description":"Tekut\u00fd sklenen\u00fd tmel odpudzuj\u00faci olej, vodu a ne\u010distoty na kamenn\u00e9 a bet\u00f3nov\u00e9 povrchy \u2713 Dlhodob\u00e1 ochrana prostredn\u00edctvom chemickej v\u00e4zby na substr\u00e1t \u2713 Vysoko odpudzuj\u00faci olej, vodu a ne\u010distoty \u2713 Dlhodob\u00e1 ochrana pomn\u00edka \u2713 Obmedzenie rastu rias a machov \u2713 Nelepiv\u00fd efekt","og_url":"https:\/\/www.versiegelung24.com\/sk\/vysokovykonne-tesnenie-pomnik-kamen-kamen-a-beton.html","og_site_name":"versiegelung24.com","article_modified_time":"2025-03-20T08:54:04+00:00","og_image":[{"width":2560,"height":2560,"url":"https:\/\/www.versiegelung24.com\/wp-content\/uploads\/2020\/06\/produkt-3009-7637-1000-Monument-Stone-scaled.jpg","type":"image\/jpeg"}],"twitter_card":"summary_large_image","twitter_misc":{"Cena":"89,99&euro;","Dostupnos\u0165":"Na objedn\u00e1vku"},"schema":{"@context":"https:\/\/schema.org","@graph":[{"@type":"WebPage","@id":"https:\/\/www.versiegelung24.com\/sk\/vysokovykonne-tesnenie-pomnik-kamen-kamen-a-beton.html","url":"https:\/\/www.versiegelung24.com\/sk\/vysokovykonne-tesnenie-pomnik-kamen-kamen-a-beton.html","name":"Monument Stone - Stone &amp; Concrete Liquid Glass Sealer - versiegelung24.com","isPartOf":{"@id":"https:\/\/www.versiegelung24.com\/sk\/#website"},"primaryImageOfPage":{"@id":"https:\/\/www.versiegelung24.com\/sk\/vysokovykonne-tesnenie-pomnik-kamen-kamen-a-beton.html#primaryimage"},"image":{"@id":"https:\/\/www.versiegelung24.com\/sk\/vysokovykonne-tesnenie-pomnik-kamen-kamen-a-beton.html#primaryimage"},"thumbnailUrl":"https:\/\/www.versiegelung24.com\/wp-content\/uploads\/2020\/06\/produkt-3009-7637-1000-Monument-Stone-scaled.jpg","datePublished":"2021-08-02T20:24:40+00:00","dateModified":"2025-03-20T08:54:04+00:00","breadcrumb":{"@id":"https:\/\/www.versiegelung24.com\/sk\/vysokovykonne-tesnenie-pomnik-kamen-kamen-a-beton.html#breadcrumb"},"inLanguage":"sk-SK","potentialAction":[{"@type":"ReadAction","target":["https:\/\/www.versiegelung24.com\/sk\/vysokovykonne-tesnenie-pomnik-kamen-kamen-a-beton.html"]}]},{"@type":"ImageObject","inLanguage":"sk-SK","@id":"https:\/\/www.versiegelung24.com\/sk\/vysokovykonne-tesnenie-pomnik-kamen-kamen-a-beton.html#primaryimage","url":"https:\/\/www.versiegelung24.com\/wp-content\/uploads\/2020\/06\/produkt-3009-7637-1000-Monument-Stone-scaled.jpg","contentUrl":"https:\/\/www.versiegelung24.com\/wp-content\/uploads\/2020\/06\/produkt-3009-7637-1000-Monument-Stone-scaled.jpg","width":2560,"height":2560},{"@type":"BreadcrumbList","@id":"https:\/\/www.versiegelung24.com\/sk\/vysokovykonne-tesnenie-pomnik-kamen-kamen-a-beton.html#breadcrumb","itemListElement":[{"@type":"ListItem","position":1,"name":"\u00davodn\u00e1 str\u00e1nka","item":"https:\/\/www.versiegelung24.com\/sk\/predna-strana\/"},{"@type":"ListItem","position":2,"name":"Obchod","item":"https:\/\/www.versiegelung24.com\/sk\/obchod\/"},{"@type":"ListItem","position":3,"name":"Monument Stone &#8211; Stone &amp; Concrete Liquid Glass Sealer"}]},{"@type":"WebSite","@id":"https:\/\/www.versiegelung24.com\/sk\/#website","url":"https:\/\/www.versiegelung24.com\/sk\/","name":"versiegelung24.com","description":"Fl\u00fcssigglas-Versiegelung - Made in Germany","publisher":{"@id":"https:\/\/www.versiegelung24.com\/sk\/#organization"},"potentialAction":[{"@type":"SearchAction","target":{"@type":"EntryPoint","urlTemplate":"https:\/\/www.versiegelung24.com\/sk\/?s={search_term_string}"},"query-input":{"@type":"PropertyValueSpecification","valueRequired":true,"valueName":"search_term_string"}}],"inLanguage":"sk-SK"},{"@type":"Organization","@id":"https:\/\/www.versiegelung24.com\/sk\/#organization","name":"versiegelung24","url":"https:\/\/www.versiegelung24.com\/sk\/","logo":{"@type":"ImageObject","inLanguage":"sk-SK","@id":"https:\/\/www.versiegelung24.com\/sk\/#\/schema\/logo\/image\/","url":"https:\/\/www.versiegelung24.com\/wp-content\/uploads\/2020\/04\/versiegelung24.png","contentUrl":"https:\/\/www.versiegelung24.com\/wp-content\/uploads\/2020\/04\/versiegelung24.png","width":470,"height":102,"caption":"versiegelung24"},"image":{"@id":"https:\/\/www.versiegelung24.com\/sk\/#\/schema\/logo\/image\/"}}]},"product_price_amount":"89.99","product_price_currency":"EUR","og_availability":"backorder","product_availability":"available for order","product_retailer_item_id":"3009-8637-1","product_condition":"new"},"_links":{"self":[{"href":"https:\/\/www.versiegelung24.com\/sk\/wp-json\/wp\/v2\/product\/24101","targetHints":{"allow":["GET"]}}],"collection":[{"href":"https:\/\/www.versiegelung24.com\/sk\/wp-json\/wp\/v2\/product"}],"about":[{"href":"https:\/\/www.versiegelung24.com\/sk\/wp-json\/wp\/v2\/types\/product"}],"version-history":[{"count":26,"href":"https:\/\/www.versiegelung24.com\/sk\/wp-json\/wp\/v2\/product\/24101\/revisions"}],"predecessor-version":[{"id":181051,"href":"https:\/\/www.versiegelung24.com\/sk\/wp-json\/wp\/v2\/product\/24101\/revisions\/181051"}],"wp:featuredmedia":[{"embeddable":true,"href":"https:\/\/www.versiegelung24.com\/sk\/wp-json\/wp\/v2\/media\/18152"}],"wp:attachment":[{"href":"https:\/\/www.versiegelung24.com\/sk\/wp-json\/wp\/v2\/media?parent=24101"}],"wp:term":[{"taxonomy":"product_brand","embeddable":true,"href":"https:\/\/www.versiegelung24.com\/sk\/wp-json\/wp\/v2\/product_brand?post=24101"},{"taxonomy":"product_cat","embeddable":true,"href":"https:\/\/www.versiegelung24.com\/sk\/wp-json\/wp\/v2\/product_cat?post=24101"},{"taxonomy":"product_tag","embeddable":true,"href":"https:\/\/www.versiegelung24.com\/sk\/wp-json\/wp\/v2\/product_tag?post=24101"}],"curies":[{"name":"wp","href":"https:\/\/api.w.org\/{rel}","templated":true}]}}