{"id":24190,"date":"2020-04-04T18:53:46","date_gmt":"2021-08-02T20:32:24","guid":{"rendered":"https:\/\/www.versiegelung24.com\/produkt\/tesnenie-mobilneho-telefonu-z-tekuteho-skla-tekuta-ochrana-displeja"},"modified":"2025-01-06T15:09:28","modified_gmt":"2025-01-06T14:09:28","slug":"tekute-sklo-mobil-tesnenie-kvapalina-obrazovka-ochrana","status":"publish","type":"product","link":"https:\/\/www.versiegelung24.com\/sk\/tekute-sklo-mobil-tesnenie-kvapalina-obrazovka-ochrana.html","title":{"rendered":"Tesnenie mobiln\u00e9ho telef\u00f3nu z tekut\u00e9ho skla &#8211; tekut\u00e1 ochrana displeja"},"content":{"rendered":"\n<p><strong>Vysoko \u00fa\u010dinn\u00fd tekut\u00fd sklenen\u00fd povlak pre displeje mobiln\u00fdch telef\u00f3nov &#8211; nano ochrana proti po\u0161kriabaniu, bakt\u00e9ri\u00e1m, \u017eiareniu, ne\u010distot\u00e1m a vlhkosti<\/strong><\/p>\n\n<p>Vysok\u00e1 kvalita &#8211; vyroben\u00e9 v Nemecku<\/p>\n\n<hr\/>\n\n<h4 class=\"wp-block-heading\" id=\"properties\">Vlastnosti produktu<\/h4>\n\n<div class=\"wp-block-columns is-layout-flex wp-container-core-columns-is-layout-9d6595d7 wp-block-columns-is-layout-flex\">\n<div class=\"wp-block-column is-layout-flow wp-block-column-is-layout-flow\">\n<ul class=\"wp-block-list\"><li>Ve\u013emi \u013eahko sa nan\u00e1\u0161a<\/li><li>Vhodn\u00fd pre v\u0161etky modely mobiln\u00fdch telef\u00f3nov, tabletov, smartf\u00f3nov. Vr\u00e1tane \u201eEdge\u201c<\/li><li>\u00daplne bez bubl\u00edn a nevidite\u013en\u00fd<\/li><li>Ochrana proti po\u0161kriabaniu pred mikro\u0161krabancami<\/li><li>\u00daplne bez bubl\u00edn a nevidite\u013en\u00fd<\/li><li>Inhibuje rast bakt\u00e9ri\u00ed<\/li><\/ul>\n<\/div>\n\n\n\n<div class=\"wp-block-column is-layout-flow wp-block-column-is-layout-flow\">\n<ul class=\"wp-block-list\" id=\"block-f0da57e8-d3f5-402c-8f3a-1888e700b7ff\"><li>Zni\u017euje odtla\u010dky prstov<\/li><li>Zni\u017euje \u017eiarenie gama<\/li><li>Povrch sa ve\u013emi \u013eahko \u010dist\u00ed<\/li><li>Bez naru\u0161enia funkci\u00ed dotyku a tla\u010didiel je pos\u00favanie pr\u00edjemnej\u0161ie<\/li><li>M\u00f4\u017ee sa uchov\u00e1va\u0165 mnoho mesiacov<\/li><\/ul>\n<\/div>\n<\/div>\n\n<p>Rozsah doru\u010denia:<\/p>\n\n<p>2 alkoholov\u00e9 handri\u010dky na pred\u010distenie a 2 tekut\u00e9 sklenen\u00e9 tesniace utierky na dotykov\u00e9 obrazovky (sklenen\u00e9 a plastov\u00e9, ka\u017ed\u00e1 na cca 0,5 m2) 1 handri\u010dka z mikrovl\u00e1kna, 2 ochrann\u00e9 rukavice<\/p>\n","protected":false},"excerpt":{"rendered":"<p><strong>Vysta\u010d\u00ed na 2 zariadenia:<\/strong><\/p>\n<p>\u2713 Tesniaca ochrana obrazovky mobiln\u00e9ho telef\u00f3nu z tekut\u00e9ho skla<\/p>\n<p>\u2713 Nano n\u00e1ter<\/p>\n<p>\u2713 100% bez bubl\u00edn.<\/p>\n","protected":false},"featured_media":13244,"template":"","meta":{"_acf_changed":false,"neve_meta_sidebar":"","neve_meta_container":"","neve_meta_enable_content_width":"","neve_meta_content_width":0,"neve_meta_title_alignment":"","neve_meta_author_avatar":"","neve_post_elements_order":"","neve_meta_disable_header":"","neve_meta_disable_footer":"","neve_meta_disable_title":"","neve_meta_reading_time":"","_surfaces":[],"_ver_product_tabs":[],"footnotes":""},"product_brand":[],"product_cat":[2269,2405],"product_tag":[],"class_list":{"0":"post-24190","1":"product","2":"type-product","3":"status-publish","4":"has-post-thumbnail","6":"product_cat-tesnenie-na-sklo-a-keramiku","7":"product_cat-kovove-a-plastove-tesnenie","9":"first","10":"instock","11":"taxable","12":"shipping-taxable","13":"purchasable","14":"product-type-simple"},"acf":[],"yoast_head":"<!-- This site is optimized with the Yoast SEO Premium plugin v22.8 (Yoast SEO v27.5) - https:\/\/yoast.com\/product\/yoast-seo-premium-wordpress\/ -->\n<title>Tesnenie mobiln\u00e9ho telef\u00f3nu z tekut\u00e9ho skla - tekut\u00e1 ochrana displeja - versiegelung24.com<\/title>\n<meta name=\"robots\" content=\"index, follow, max-snippet:-1, max-image-preview:large, max-video-preview:-1\" \/>\n<link rel=\"canonical\" href=\"https:\/\/www.versiegelung24.com\/sk\/tekute-sklo-mobil-tesnenie-kvapalina-obrazovka-ochrana.html\" \/>\n<meta property=\"og:locale\" content=\"sk_SK\" \/>\n<meta property=\"og:type\" content=\"article\" \/>\n<meta property=\"og:title\" content=\"Tesnenie mobiln\u00e9ho telef\u00f3nu z tekut\u00e9ho skla - tekut\u00e1 ochrana displeja\" \/>\n<meta property=\"og:description\" content=\"Vysta\u010d\u00ed na 2 zariadenia: \u2713 Tesniaca ochrana obrazovky mobiln\u00e9ho telef\u00f3nu z tekut\u00e9ho skla \u2713 Nano n\u00e1ter \u2713 100% bez bubl\u00edn.\" \/>\n<meta property=\"og:url\" content=\"https:\/\/www.versiegelung24.com\/sk\/tekute-sklo-mobil-tesnenie-kvapalina-obrazovka-ochrana.html\" \/>\n<meta property=\"og:site_name\" content=\"versiegelung24.com\" \/>\n<meta property=\"article:modified_time\" content=\"2025-01-06T14:09:28+00:00\" \/>\n<meta property=\"og:image\" content=\"https:\/\/www.versiegelung24.com\/wp-content\/uploads\/2020\/04\/handy-versiegelung-web.jpg\" \/>\n\t<meta property=\"og:image:width\" content=\"1500\" \/>\n\t<meta property=\"og:image:height\" content=\"1500\" \/>\n\t<meta property=\"og:image:type\" content=\"image\/jpeg\" \/>\n<meta name=\"twitter:card\" content=\"summary_large_image\" \/>\n<meta name=\"twitter:label1\" content=\"Cena\" \/>\n\t<meta name=\"twitter:data1\" content=\"9,99&euro;\" \/>\n\t<meta name=\"twitter:label2\" content=\"Dostupnos\u0165\" \/>\n\t<meta name=\"twitter:data2\" content=\"Na sklade\" \/>\n<script type=\"application\/ld+json\" class=\"yoast-schema-graph\">{\"@context\":\"https:\\\/\\\/schema.org\",\"@graph\":[{\"@type\":\"WebPage\",\"@id\":\"https:\\\/\\\/www.versiegelung24.com\\\/sk\\\/tekute-sklo-mobil-tesnenie-kvapalina-obrazovka-ochrana.html\",\"url\":\"https:\\\/\\\/www.versiegelung24.com\\\/sk\\\/tekute-sklo-mobil-tesnenie-kvapalina-obrazovka-ochrana.html\",\"name\":\"Tesnenie mobiln\u00e9ho telef\u00f3nu z tekut\u00e9ho skla - tekut\u00e1 ochrana displeja - versiegelung24.com\",\"isPartOf\":{\"@id\":\"https:\\\/\\\/www.versiegelung24.com\\\/sk\\\/#website\"},\"primaryImageOfPage\":{\"@id\":\"https:\\\/\\\/www.versiegelung24.com\\\/sk\\\/tekute-sklo-mobil-tesnenie-kvapalina-obrazovka-ochrana.html#primaryimage\"},\"image\":{\"@id\":\"https:\\\/\\\/www.versiegelung24.com\\\/sk\\\/tekute-sklo-mobil-tesnenie-kvapalina-obrazovka-ochrana.html#primaryimage\"},\"thumbnailUrl\":\"https:\\\/\\\/www.versiegelung24.com\\\/wp-content\\\/uploads\\\/2020\\\/04\\\/handy-versiegelung-web.jpg\",\"datePublished\":\"2021-08-02T20:32:24+00:00\",\"dateModified\":\"2025-01-06T14:09:28+00:00\",\"breadcrumb\":{\"@id\":\"https:\\\/\\\/www.versiegelung24.com\\\/sk\\\/tekute-sklo-mobil-tesnenie-kvapalina-obrazovka-ochrana.html#breadcrumb\"},\"inLanguage\":\"sk-SK\",\"potentialAction\":[{\"@type\":\"ReadAction\",\"target\":[\"https:\\\/\\\/www.versiegelung24.com\\\/sk\\\/tekute-sklo-mobil-tesnenie-kvapalina-obrazovka-ochrana.html\"]}]},{\"@type\":\"ImageObject\",\"inLanguage\":\"sk-SK\",\"@id\":\"https:\\\/\\\/www.versiegelung24.com\\\/sk\\\/tekute-sklo-mobil-tesnenie-kvapalina-obrazovka-ochrana.html#primaryimage\",\"url\":\"https:\\\/\\\/www.versiegelung24.com\\\/wp-content\\\/uploads\\\/2020\\\/04\\\/handy-versiegelung-web.jpg\",\"contentUrl\":\"https:\\\/\\\/www.versiegelung24.com\\\/wp-content\\\/uploads\\\/2020\\\/04\\\/handy-versiegelung-web.jpg\",\"width\":1500,\"height\":1500},{\"@type\":\"BreadcrumbList\",\"@id\":\"https:\\\/\\\/www.versiegelung24.com\\\/sk\\\/tekute-sklo-mobil-tesnenie-kvapalina-obrazovka-ochrana.html#breadcrumb\",\"itemListElement\":[{\"@type\":\"ListItem\",\"position\":1,\"name\":\"\u00davodn\u00e1 str\u00e1nka\",\"item\":\"https:\\\/\\\/www.versiegelung24.com\\\/sk\\\/predna-strana\\\/\"},{\"@type\":\"ListItem\",\"position\":2,\"name\":\"Obchod\",\"item\":\"https:\\\/\\\/www.versiegelung24.com\\\/sk\\\/obchod\\\/\"},{\"@type\":\"ListItem\",\"position\":3,\"name\":\"Tesnenie mobiln\u00e9ho telef\u00f3nu z tekut\u00e9ho skla &#8211; tekut\u00e1 ochrana displeja\"}]},{\"@type\":\"WebSite\",\"@id\":\"https:\\\/\\\/www.versiegelung24.com\\\/sk\\\/#website\",\"url\":\"https:\\\/\\\/www.versiegelung24.com\\\/sk\\\/\",\"name\":\"versiegelung24.com\",\"description\":\"Fl\u00fcssigglas-Versiegelung - Made in Germany\",\"publisher\":{\"@id\":\"https:\\\/\\\/www.versiegelung24.com\\\/sk\\\/#organization\"},\"potentialAction\":[{\"@type\":\"SearchAction\",\"target\":{\"@type\":\"EntryPoint\",\"urlTemplate\":\"https:\\\/\\\/www.versiegelung24.com\\\/sk\\\/?s={search_term_string}\"},\"query-input\":{\"@type\":\"PropertyValueSpecification\",\"valueRequired\":true,\"valueName\":\"search_term_string\"}}],\"inLanguage\":\"sk-SK\"},{\"@type\":\"Organization\",\"@id\":\"https:\\\/\\\/www.versiegelung24.com\\\/sk\\\/#organization\",\"name\":\"versiegelung24\",\"url\":\"https:\\\/\\\/www.versiegelung24.com\\\/sk\\\/\",\"logo\":{\"@type\":\"ImageObject\",\"inLanguage\":\"sk-SK\",\"@id\":\"https:\\\/\\\/www.versiegelung24.com\\\/sk\\\/#\\\/schema\\\/logo\\\/image\\\/\",\"url\":\"https:\\\/\\\/www.versiegelung24.com\\\/wp-content\\\/uploads\\\/2020\\\/04\\\/versiegelung24.png\",\"contentUrl\":\"https:\\\/\\\/www.versiegelung24.com\\\/wp-content\\\/uploads\\\/2020\\\/04\\\/versiegelung24.png\",\"width\":470,\"height\":102,\"caption\":\"versiegelung24\"},\"image\":{\"@id\":\"https:\\\/\\\/www.versiegelung24.com\\\/sk\\\/#\\\/schema\\\/logo\\\/image\\\/\"}}]}<\/script>\n<meta property=\"product:price:amount\" content=\"9.99\" \/>\n<meta property=\"product:price:currency\" content=\"EUR\" \/>\n<meta property=\"og:availability\" content=\"instock\" \/>\n<meta property=\"product:availability\" content=\"instock\" \/>\n<meta property=\"product:retailer_item_id\" content=\"4008-901\" \/>\n<meta property=\"product:condition\" content=\"new\" \/>\n<!-- \/ Yoast SEO Premium plugin. -->","yoast_head_json":{"title":"Tesnenie mobiln\u00e9ho telef\u00f3nu z tekut\u00e9ho skla - tekut\u00e1 ochrana displeja - versiegelung24.com","robots":{"index":"index","follow":"follow","max-snippet":"max-snippet:-1","max-image-preview":"max-image-preview:large","max-video-preview":"max-video-preview:-1"},"canonical":"https:\/\/www.versiegelung24.com\/sk\/tekute-sklo-mobil-tesnenie-kvapalina-obrazovka-ochrana.html","og_locale":"sk_SK","og_type":"article","og_title":"Tesnenie mobiln\u00e9ho telef\u00f3nu z tekut\u00e9ho skla - tekut\u00e1 ochrana displeja","og_description":"Vysta\u010d\u00ed na 2 zariadenia: \u2713 Tesniaca ochrana obrazovky mobiln\u00e9ho telef\u00f3nu z tekut\u00e9ho skla \u2713 Nano n\u00e1ter \u2713 100% bez bubl\u00edn.","og_url":"https:\/\/www.versiegelung24.com\/sk\/tekute-sklo-mobil-tesnenie-kvapalina-obrazovka-ochrana.html","og_site_name":"versiegelung24.com","article_modified_time":"2025-01-06T14:09:28+00:00","og_image":[{"width":1500,"height":1500,"url":"https:\/\/www.versiegelung24.com\/wp-content\/uploads\/2020\/04\/handy-versiegelung-web.jpg","type":"image\/jpeg"}],"twitter_card":"summary_large_image","twitter_misc":{"Cena":"9,99&euro;","Dostupnos\u0165":"Na sklade"},"schema":{"@context":"https:\/\/schema.org","@graph":[{"@type":"WebPage","@id":"https:\/\/www.versiegelung24.com\/sk\/tekute-sklo-mobil-tesnenie-kvapalina-obrazovka-ochrana.html","url":"https:\/\/www.versiegelung24.com\/sk\/tekute-sklo-mobil-tesnenie-kvapalina-obrazovka-ochrana.html","name":"Tesnenie mobiln\u00e9ho telef\u00f3nu z tekut\u00e9ho skla - tekut\u00e1 ochrana displeja - versiegelung24.com","isPartOf":{"@id":"https:\/\/www.versiegelung24.com\/sk\/#website"},"primaryImageOfPage":{"@id":"https:\/\/www.versiegelung24.com\/sk\/tekute-sklo-mobil-tesnenie-kvapalina-obrazovka-ochrana.html#primaryimage"},"image":{"@id":"https:\/\/www.versiegelung24.com\/sk\/tekute-sklo-mobil-tesnenie-kvapalina-obrazovka-ochrana.html#primaryimage"},"thumbnailUrl":"https:\/\/www.versiegelung24.com\/wp-content\/uploads\/2020\/04\/handy-versiegelung-web.jpg","datePublished":"2021-08-02T20:32:24+00:00","dateModified":"2025-01-06T14:09:28+00:00","breadcrumb":{"@id":"https:\/\/www.versiegelung24.com\/sk\/tekute-sklo-mobil-tesnenie-kvapalina-obrazovka-ochrana.html#breadcrumb"},"inLanguage":"sk-SK","potentialAction":[{"@type":"ReadAction","target":["https:\/\/www.versiegelung24.com\/sk\/tekute-sklo-mobil-tesnenie-kvapalina-obrazovka-ochrana.html"]}]},{"@type":"ImageObject","inLanguage":"sk-SK","@id":"https:\/\/www.versiegelung24.com\/sk\/tekute-sklo-mobil-tesnenie-kvapalina-obrazovka-ochrana.html#primaryimage","url":"https:\/\/www.versiegelung24.com\/wp-content\/uploads\/2020\/04\/handy-versiegelung-web.jpg","contentUrl":"https:\/\/www.versiegelung24.com\/wp-content\/uploads\/2020\/04\/handy-versiegelung-web.jpg","width":1500,"height":1500},{"@type":"BreadcrumbList","@id":"https:\/\/www.versiegelung24.com\/sk\/tekute-sklo-mobil-tesnenie-kvapalina-obrazovka-ochrana.html#breadcrumb","itemListElement":[{"@type":"ListItem","position":1,"name":"\u00davodn\u00e1 str\u00e1nka","item":"https:\/\/www.versiegelung24.com\/sk\/predna-strana\/"},{"@type":"ListItem","position":2,"name":"Obchod","item":"https:\/\/www.versiegelung24.com\/sk\/obchod\/"},{"@type":"ListItem","position":3,"name":"Tesnenie mobiln\u00e9ho telef\u00f3nu z tekut\u00e9ho skla &#8211; tekut\u00e1 ochrana displeja"}]},{"@type":"WebSite","@id":"https:\/\/www.versiegelung24.com\/sk\/#website","url":"https:\/\/www.versiegelung24.com\/sk\/","name":"versiegelung24.com","description":"Fl\u00fcssigglas-Versiegelung - Made in Germany","publisher":{"@id":"https:\/\/www.versiegelung24.com\/sk\/#organization"},"potentialAction":[{"@type":"SearchAction","target":{"@type":"EntryPoint","urlTemplate":"https:\/\/www.versiegelung24.com\/sk\/?s={search_term_string}"},"query-input":{"@type":"PropertyValueSpecification","valueRequired":true,"valueName":"search_term_string"}}],"inLanguage":"sk-SK"},{"@type":"Organization","@id":"https:\/\/www.versiegelung24.com\/sk\/#organization","name":"versiegelung24","url":"https:\/\/www.versiegelung24.com\/sk\/","logo":{"@type":"ImageObject","inLanguage":"sk-SK","@id":"https:\/\/www.versiegelung24.com\/sk\/#\/schema\/logo\/image\/","url":"https:\/\/www.versiegelung24.com\/wp-content\/uploads\/2020\/04\/versiegelung24.png","contentUrl":"https:\/\/www.versiegelung24.com\/wp-content\/uploads\/2020\/04\/versiegelung24.png","width":470,"height":102,"caption":"versiegelung24"},"image":{"@id":"https:\/\/www.versiegelung24.com\/sk\/#\/schema\/logo\/image\/"}}]},"product_price_amount":"9.99","product_price_currency":"EUR","og_availability":"instock","product_availability":"instock","product_retailer_item_id":"4008-901","product_condition":"new"},"_links":{"self":[{"href":"https:\/\/www.versiegelung24.com\/sk\/wp-json\/wp\/v2\/product\/24190","targetHints":{"allow":["GET"]}}],"collection":[{"href":"https:\/\/www.versiegelung24.com\/sk\/wp-json\/wp\/v2\/product"}],"about":[{"href":"https:\/\/www.versiegelung24.com\/sk\/wp-json\/wp\/v2\/types\/product"}],"version-history":[{"count":10,"href":"https:\/\/www.versiegelung24.com\/sk\/wp-json\/wp\/v2\/product\/24190\/revisions"}],"predecessor-version":[{"id":180139,"href":"https:\/\/www.versiegelung24.com\/sk\/wp-json\/wp\/v2\/product\/24190\/revisions\/180139"}],"wp:featuredmedia":[{"embeddable":true,"href":"https:\/\/www.versiegelung24.com\/sk\/wp-json\/wp\/v2\/media\/13244"}],"wp:attachment":[{"href":"https:\/\/www.versiegelung24.com\/sk\/wp-json\/wp\/v2\/media?parent=24190"}],"wp:term":[{"taxonomy":"product_brand","embeddable":true,"href":"https:\/\/www.versiegelung24.com\/sk\/wp-json\/wp\/v2\/product_brand?post=24190"},{"taxonomy":"product_cat","embeddable":true,"href":"https:\/\/www.versiegelung24.com\/sk\/wp-json\/wp\/v2\/product_cat?post=24190"},{"taxonomy":"product_tag","embeddable":true,"href":"https:\/\/www.versiegelung24.com\/sk\/wp-json\/wp\/v2\/product_tag?post=24190"}],"curies":[{"name":"wp","href":"https:\/\/api.w.org\/{rel}","templated":true}]}}