{"id":24644,"date":"2020-04-27T22:20:08","date_gmt":"2021-08-02T20:53:20","guid":{"rendered":"https:\/\/www.versiegelung24.com\/produkt\/wb-rapid-on-tmel-a-finiser-do-hlbokeho-lesku"},"modified":"2025-01-04T00:04:53","modified_gmt":"2025-01-03T23:04:53","slug":"wb-rapid-on-deep-lesk-autolack-tesniaci-finiser","status":"publish","type":"product","link":"https:\/\/www.versiegelung24.com\/sk\/wb-rapid-on-deep-lesk-autolack-tesniaci-finiser.html","title":{"rendered":"WB Rapid On &#8211; tmel a fini\u0161\u00e9r do hlbok\u00e9ho lesku"},"content":{"rendered":"\n<p><strong>WB Rapid On: pr\u00e9miov\u00fd tmel a fini\u0161\u00e9r s vysok\u00fdm leskom, ide\u00e1lny na lakovanie automobilov &#8211; <\/strong><strong><em>na vodnej b\u00e1ze &#8211; rapid on<\/em><\/strong><\/p>\n\n<p>Pou\u017eite\u013en\u00e9 ako \u201epovrchov\u00e1 \u00faprava\u201c pre<a href=\"https:\/\/www.versiegelung24.com\/muster-permanent-protector\/\"> \u0160pi\u010dkov\u00fd keramick\u00fd povlak Permanent Protector<\/a> alebo<a href=\"https:\/\/www.versiegelung24.com\/autolack-spezial-politur-versiegelung-2in1\/\"> \u0160peci\u00e1lna le\u0161ti\u010dka a tesniace farby na aut\u00e1 2v1<\/a> .<\/p>\n\n<p>\u010c\u00edslo polo\u017eky: 5002-7654<\/p>\n\n<p>Vysok\u00e1 kvalita Made in Germany<\/p>\n\n<p><strong>V24 WB Rapid On &#8211; tmel a fini\u0161\u00e9r do hlbok\u00e9ho lesku<\/strong> vytv\u00e1ra ultratenk\u00fa vrstvu na povrchu elektrostatick\u00fdm spojen\u00edm mili\u00e1rd mal\u00fdch molek\u00fal krem\u00edka, porovnate\u013en\u00fdm s \u00fa\u010dinkom mal\u00fdch magnetov, ktor\u00e9 sa navz\u00e1jom sp\u00e1jaj\u00fa a pod povrchom. V\u00fdsledkom je, \u017ee mikroskopick\u00e9 p\u00f3ry a kapil\u00e1ry s\u00fa utesnen\u00e9 a \u010dastice ne\u010dist\u00f4t a in\u00e9 ne\u010distoty u\u017e nie s\u00fa schopn\u00e9 pri\u013en\u00fa\u0165 k teraz ove\u013ea hlad\u0161ej vrstve. V\u010faka tomu je \u010distenie povrchov ove\u013ea jednoduch\u0161ie (\u201e\u013eahko sa \u010dist\u00ed\u201c), odpudzuj\u00fa vodu (hydrof\u00f3bne) a maj\u00fa vysok\u00fd lesk.<\/p>\n\n<hr\/>\n\n<h4 class=\"wp-block-heading\" id=\"properties\">Vlastnosti produktu<\/h4>\n\n<div class=\"wp-block-columns is-layout-flex wp-container-core-columns-is-layout-9d6595d7 wp-block-columns-is-layout-flex\">\n<div class=\"wp-block-column is-layout-flow wp-block-column-is-layout-flow\">\n<ul class=\"wp-block-list\">\n<li>Efekt vysok\u00e9ho lesku<\/li>\n\n\n\n<li>Mo\u017eno kombinova\u0165 ako fini\u0161er s hlbok\u00fdm leskom pre na\u0161e dlhodob\u00e9 tmely<\/li>\n\n\n\n<li>Vynikaj\u00faci \u013eahko \u010distite\u013en\u00fd \u00fa\u010dinok na pri\u013enavos\u0165 ne\u010dist\u00f4t, napr\u00edklad z vt\u00e1\u010dieho trusu, hmyzu a in\u00fdch agres\u00edvnych \u0161kv\u0155n, povrchy sa zne\u010distia ove\u013ea pomal\u0161ie<\/li>\n\n\n\n<li>Siln\u00fd hydrof\u00f3bny \u00fa\u010dinok (vodoodpudivos\u0165)<\/li>\n\n\n\n<li>Nanotechnol\u00f3gia SiO\u00b2<\/li>\n\n\n\n<li>Na vodnej b\u00e1ze, bez rozp\u00fa\u0161\u0165adiel a bez z\u00e1pachu<\/li>\n\n\n\n<li>Chemicky odoln\u00fd vo\u010di \u010distiacim prostriedkom (do pH 10)<\/li>\n\n\n\n<li>Jednoduch\u00e1 aplik\u00e1cia<\/li>\n\n\n\n<li>Stabilnej\u0161ie spojenie ako pr\u00edpravky na b\u00e1ze vosku alebo silik\u00f3nov\u00e9ho oleja<\/li>\n\n\n\n<li>UV stabiln\u00fd \/ mrazuvzdorn\u00fd \/ odoln\u00fd vo\u010di slanej vode \/ nevidite\u013en\u00fd (hr\u00fabka vrstvy: 40-50nm)<\/li>\n\n\n\n<li>\u00daspora n\u00e1kladov, \u010dasu a energie v\u010faka pred\u013a\u017een\u00fdm \u010distiacim cyklom<\/li>\n<\/ul>\n<\/div>\n\n\n\n<div class=\"wp-block-column is-layout-flow wp-block-column-is-layout-flow\">\n<ul id=\"block-cb512caf-6c3b-4dfc-8f82-809b2295b24e\" class=\"wp-block-list\">\n<li>Netoxick\u00fd a nehor\u013eav\u00fd<\/li>\n\n\n\n<li>\u010cas pou\u017eite\u013enosti: 3 &#8211; 6 mesiacov (v z\u00e1vislosti od pou\u017eitia)<\/li>\n\n\n\n<li>Hodv\u00e1bne hladk\u00fd povrch, ve\u013emi dobr\u00fd pocit<\/li>\n\n\n\n<li>Odoln\u00fd vo\u010di takmer v\u0161etk\u00fdm kyselin\u00e1m, rozp\u00fa\u0161\u0165adl\u00e1m a z\u00e1sadit\u00fdm \u010distiacim prostriedkom pre dom\u00e1cnos\u0165<\/li>\n\n\n\n<li>Ove\u013ea stabilnej\u0161ie ako vosky alebo v\u00fdrobky na b\u00e1ze silik\u00f3nov\u00e9ho oleja<\/li>\n\n\n\n<li>\u013dahko biologicky odb\u00farate\u013en\u00fd (pod\u013ea krit\u00e9ri\u00ed OECD)<\/li>\n\n\n\n<li>Vysok\u00e1 odolnos\u0165 vo\u010di oderu vo\u010di \u010dasticiam pren\u00e1\u0161an\u00fdm vetrom<\/li>\n\n\n\n<li>Odoln\u00fd vo\u010di teplot\u00e1m od -40 do + 200 \u00b0 C<\/li>\n\n\n\n<li>ph odoln\u00e9 od 1-10<\/li>\n\n\n\n<li>Nie je cytotoxick\u00fd pod\u013ea ISO 10993-5 + 12<\/li>\n\n\n\n<li>Hustota cca 1,00 g \/ cm\u00b3<\/li>\n\n\n\n<li>Hr\u00fabka vrstvy: cca 40-50nm<\/li>\n\n\n\n<li>Bez VOC (\u017eiadny nebezpe\u010dn\u00fd tovar)<\/li>\n\n\n\n<li>Siln\u00e9 nepri\u013enav\u00e9 vlastnosti (povrchy sa \u0161pinia ove\u013ea pomal\u0161ie)<\/li>\n<\/ul>\n<\/div>\n<\/div>\n\n<div class=\"wp-block-columns is-layout-flex wp-container-core-columns-is-layout-9d6595d7 wp-block-columns-is-layout-flex\">\n<div class=\"wp-block-column is-layout-flow wp-block-column-is-layout-flow\">\n<p><br\/><br\/><br\/><br\/><br\/><br\/>S<strong>tru\u010dn\u00e1 charakteristika<\/strong> Teplota pou\u017eitia: 0 &#8211; 45 \u00b0C m\u00b2 na liter: 100 m\u00b2 Trvanlivos\u0165 tmelu: 3 &#8211; 6 mesiacov Trvanlivos\u0165 kvapaliny: do 1 roka Teplota skladovania: 0 &#8211; 30 \u00b0C (chr\u00e1nen\u00e9 pred slne\u010dn\u00fdm \u017eiaren\u00edm) \u010cas vytvrdzovania: 5 min\u00fat, povrch sa m\u00f4\u017ee pou\u017ei\u0165 okam\u017eite<\/p>\n\n\n\n<p><br\/><br\/>R<strong>ozsah dod\u00e1vky<\/strong>: 1 x litrov\u00e1 f\u013ea\u0161a 1 x opis v\u00fdrobku<\/p>\n<\/div>\n\n\n\n<div class=\"wp-block-column is-layout-flow wp-block-column-is-layout-flow\">\n<p><br\/><br\/><br\/><br\/>S<strong>k\u00fa\u0161ky<\/strong> SMI Sk\u00fa\u0161ka kor\u00f3zie sendvi\u010da pod\u013ea normy ASTM F 1110 Sk\u00fa\u0161ka praskania akryl\u00e1tu pod\u013ea normy ASTM F 484 Sk\u00fa\u0161ka m\u00e4knutia farby typu C pod\u013ea normy ASTM F 502 Sk\u00fa\u0161ka vod\u00edkovej krehkosti pod\u013ea normy ASTM F 519-93<\/p>\n\n\n\n<p><br\/>Boeing certifikovan\u00fd DuPont\u2122 Marine Finishes:<strong>WB Rapid On &#8211; Deep Gloss Sealer &amp; Finisher<\/strong> bol testovan\u00fd na jachte na DuPont\u2122 Marine Finishes Topgloss SF a DP6940 Imron\u00ae Super Flow HS Clear Coat. Nebol pozorovan\u00fd \u017eiadny negat\u00edvny vplyv na povlaky.<\/p>\n\n\n\n<p>\u010c\u00edslo coln\u00e9ho sadzobn\u00edka: 3402 9090, \u017eiadny nebezpe\u010dn\u00fd tovar (NDG)<\/p>\n<\/div>\n<\/div>\n\n<hr\/>\n\n<h4 class=\"wp-block-heading\" id=\"application\">Aplik\u00e1cia<\/h4>\n\n<p><strong>V24 WB Rapid On &#8211; tmel a fini\u0161\u00e9r do hlbok\u00e9ho lesku<\/strong> sa d\u00e1 optim\u00e1lne aplikova\u0165 na<strong> :<\/strong><\/p>\n\n<p><br\/><br\/>&#8211; lak auta (ako samostatn\u00fd tmel alebo ako &#8220;povrchov\u00e1 \u00faprava&#8221; na\u0161ich tmelov 640 a 660, s jedn\u00fdm litrom m\u00f4\u017eete utesni\u0165 pribli\u017ene 8-10 \u00e1ut) &#8211; lode &#8211; v dom\u00e1cnosti, napr.<br\/><br\/><br\/><br\/><br\/><br\/><br\/>na sprchov\u00e9 k\u00faty, okn\u00e1 a r\u00e1my dver\u00ed &#8211; povrchy z nehrdzavej\u00facej ocele &#8211; lakovan\u00e9 a kovov\u00e9 povrchy &#8211; sklo &#8211; syntetick\u00e9 materi\u00e1ly &#8211; guma &#8211; chr\u00f3m &#8211; priezory (priezory ly\u017e\u00ed a motocyklov, najm\u00e4 ak sa chcete vyhn\u00fa\u0165 tmelom na b\u00e1ze rozp\u00fa\u0161\u0165adiel)<\/p>\n","protected":false},"excerpt":{"rendered":"<p><strong>Pr\u00e9miov\u00fd tesniaci a fini\u0161\u00e9r s hlbok\u00fdm leskom<\/strong><\/p>\n<p>\u2713 ide\u00e1lne pre autolaky<\/p>\n<p><em>\u2713 na vodnej<\/em> <em>b\u00e1ze \u2013 r\u00fdchle zapnutie<\/em><\/p>\n","protected":false},"featured_media":18408,"template":"","meta":{"_acf_changed":false,"neve_meta_sidebar":"","neve_meta_container":"","neve_meta_enable_content_width":"","neve_meta_content_width":0,"neve_meta_title_alignment":"","neve_meta_author_avatar":"","neve_post_elements_order":"","neve_meta_disable_header":"","neve_meta_disable_footer":"","neve_meta_disable_title":"","neve_meta_reading_time":"","_surfaces":[],"_ver_product_tabs":[],"footnotes":""},"product_brand":[],"product_cat":[2221],"product_tag":[],"class_list":{"0":"post-24644","1":"product","2":"type-product","3":"status-publish","4":"has-post-thumbnail","6":"product_cat-tesnenie-auta","8":"first","9":"instock","10":"taxable","11":"shipping-taxable","12":"purchasable","13":"product-type-simple"},"acf":[],"yoast_head":"<!-- This site is optimized with the Yoast SEO Premium plugin v22.8 (Yoast SEO v27.5) - https:\/\/yoast.com\/product\/yoast-seo-premium-wordpress\/ -->\n<title>WB Rapid On - tmel a fini\u0161\u00e9r do hlbok\u00e9ho lesku - versiegelung24.com<\/title>\n<meta name=\"robots\" content=\"index, follow, max-snippet:-1, max-image-preview:large, max-video-preview:-1\" \/>\n<link rel=\"canonical\" href=\"https:\/\/www.versiegelung24.com\/sk\/wb-rapid-on-deep-lesk-autolack-tesniaci-finiser.html\" \/>\n<meta property=\"og:locale\" content=\"sk_SK\" \/>\n<meta property=\"og:type\" content=\"article\" \/>\n<meta property=\"og:title\" content=\"WB Rapid On - tmel a fini\u0161\u00e9r do hlbok\u00e9ho lesku\" \/>\n<meta property=\"og:description\" content=\"Pr\u00e9miov\u00fd tesniaci a fini\u0161\u00e9r s hlbok\u00fdm leskom \u2713 ide\u00e1lne pre autolaky \u2713 na vodnej b\u00e1ze \u2013 r\u00fdchle zapnutie\" \/>\n<meta property=\"og:url\" content=\"https:\/\/www.versiegelung24.com\/sk\/wb-rapid-on-deep-lesk-autolack-tesniaci-finiser.html\" \/>\n<meta property=\"og:site_name\" content=\"versiegelung24.com\" \/>\n<meta property=\"article:modified_time\" content=\"2025-01-03T23:04:53+00:00\" \/>\n<meta property=\"og:image\" content=\"https:\/\/www.versiegelung24.com\/wp-content\/uploads\/2020\/06\/produkt-5002-7654-1000-WB-Rapid-On-scaled.jpg\" \/>\n\t<meta property=\"og:image:width\" content=\"2560\" \/>\n\t<meta property=\"og:image:height\" content=\"2560\" \/>\n\t<meta property=\"og:image:type\" content=\"image\/jpeg\" \/>\n<meta name=\"twitter:card\" content=\"summary_large_image\" \/>\n<meta name=\"twitter:label1\" content=\"Cena\" \/>\n\t<meta name=\"twitter:data1\" content=\"69,00&euro;\" \/>\n\t<meta name=\"twitter:label2\" content=\"Dostupnos\u0165\" \/>\n\t<meta name=\"twitter:data2\" content=\"Na sklade\" \/>\n<script type=\"application\/ld+json\" class=\"yoast-schema-graph\">{\"@context\":\"https:\\\/\\\/schema.org\",\"@graph\":[{\"@type\":\"WebPage\",\"@id\":\"https:\\\/\\\/www.versiegelung24.com\\\/sk\\\/wb-rapid-on-deep-lesk-autolack-tesniaci-finiser.html\",\"url\":\"https:\\\/\\\/www.versiegelung24.com\\\/sk\\\/wb-rapid-on-deep-lesk-autolack-tesniaci-finiser.html\",\"name\":\"WB Rapid On - tmel a fini\u0161\u00e9r do hlbok\u00e9ho lesku - versiegelung24.com\",\"isPartOf\":{\"@id\":\"https:\\\/\\\/www.versiegelung24.com\\\/sk\\\/#website\"},\"primaryImageOfPage\":{\"@id\":\"https:\\\/\\\/www.versiegelung24.com\\\/sk\\\/wb-rapid-on-deep-lesk-autolack-tesniaci-finiser.html#primaryimage\"},\"image\":{\"@id\":\"https:\\\/\\\/www.versiegelung24.com\\\/sk\\\/wb-rapid-on-deep-lesk-autolack-tesniaci-finiser.html#primaryimage\"},\"thumbnailUrl\":\"https:\\\/\\\/www.versiegelung24.com\\\/wp-content\\\/uploads\\\/2020\\\/06\\\/produkt-5002-7654-1000-WB-Rapid-On-scaled.jpg\",\"datePublished\":\"2021-08-02T20:53:20+00:00\",\"dateModified\":\"2025-01-03T23:04:53+00:00\",\"breadcrumb\":{\"@id\":\"https:\\\/\\\/www.versiegelung24.com\\\/sk\\\/wb-rapid-on-deep-lesk-autolack-tesniaci-finiser.html#breadcrumb\"},\"inLanguage\":\"sk-SK\",\"potentialAction\":[{\"@type\":\"ReadAction\",\"target\":[\"https:\\\/\\\/www.versiegelung24.com\\\/sk\\\/wb-rapid-on-deep-lesk-autolack-tesniaci-finiser.html\"]}]},{\"@type\":\"ImageObject\",\"inLanguage\":\"sk-SK\",\"@id\":\"https:\\\/\\\/www.versiegelung24.com\\\/sk\\\/wb-rapid-on-deep-lesk-autolack-tesniaci-finiser.html#primaryimage\",\"url\":\"https:\\\/\\\/www.versiegelung24.com\\\/wp-content\\\/uploads\\\/2020\\\/06\\\/produkt-5002-7654-1000-WB-Rapid-On-scaled.jpg\",\"contentUrl\":\"https:\\\/\\\/www.versiegelung24.com\\\/wp-content\\\/uploads\\\/2020\\\/06\\\/produkt-5002-7654-1000-WB-Rapid-On-scaled.jpg\",\"width\":2560,\"height\":2560},{\"@type\":\"BreadcrumbList\",\"@id\":\"https:\\\/\\\/www.versiegelung24.com\\\/sk\\\/wb-rapid-on-deep-lesk-autolack-tesniaci-finiser.html#breadcrumb\",\"itemListElement\":[{\"@type\":\"ListItem\",\"position\":1,\"name\":\"\u00davodn\u00e1 str\u00e1nka\",\"item\":\"https:\\\/\\\/www.versiegelung24.com\\\/sk\\\/predna-strana\\\/\"},{\"@type\":\"ListItem\",\"position\":2,\"name\":\"Obchod\",\"item\":\"https:\\\/\\\/www.versiegelung24.com\\\/sk\\\/obchod\\\/\"},{\"@type\":\"ListItem\",\"position\":3,\"name\":\"WB Rapid On &#8211; tmel a fini\u0161\u00e9r do hlbok\u00e9ho lesku\"}]},{\"@type\":\"WebSite\",\"@id\":\"https:\\\/\\\/www.versiegelung24.com\\\/sk\\\/#website\",\"url\":\"https:\\\/\\\/www.versiegelung24.com\\\/sk\\\/\",\"name\":\"versiegelung24.com\",\"description\":\"Fl\u00fcssigglas-Versiegelung - Made in Germany\",\"publisher\":{\"@id\":\"https:\\\/\\\/www.versiegelung24.com\\\/sk\\\/#organization\"},\"potentialAction\":[{\"@type\":\"SearchAction\",\"target\":{\"@type\":\"EntryPoint\",\"urlTemplate\":\"https:\\\/\\\/www.versiegelung24.com\\\/sk\\\/?s={search_term_string}\"},\"query-input\":{\"@type\":\"PropertyValueSpecification\",\"valueRequired\":true,\"valueName\":\"search_term_string\"}}],\"inLanguage\":\"sk-SK\"},{\"@type\":\"Organization\",\"@id\":\"https:\\\/\\\/www.versiegelung24.com\\\/sk\\\/#organization\",\"name\":\"versiegelung24\",\"url\":\"https:\\\/\\\/www.versiegelung24.com\\\/sk\\\/\",\"logo\":{\"@type\":\"ImageObject\",\"inLanguage\":\"sk-SK\",\"@id\":\"https:\\\/\\\/www.versiegelung24.com\\\/sk\\\/#\\\/schema\\\/logo\\\/image\\\/\",\"url\":\"https:\\\/\\\/www.versiegelung24.com\\\/wp-content\\\/uploads\\\/2020\\\/04\\\/versiegelung24.png\",\"contentUrl\":\"https:\\\/\\\/www.versiegelung24.com\\\/wp-content\\\/uploads\\\/2020\\\/04\\\/versiegelung24.png\",\"width\":470,\"height\":102,\"caption\":\"versiegelung24\"},\"image\":{\"@id\":\"https:\\\/\\\/www.versiegelung24.com\\\/sk\\\/#\\\/schema\\\/logo\\\/image\\\/\"}}]}<\/script>\n<meta property=\"product:price:amount\" content=\"69.00\" \/>\n<meta property=\"product:price:currency\" content=\"EUR\" \/>\n<meta property=\"og:availability\" content=\"instock\" \/>\n<meta property=\"product:availability\" content=\"instock\" \/>\n<meta property=\"product:retailer_item_id\" content=\"5002-7654-1000\" \/>\n<meta property=\"product:condition\" content=\"new\" \/>\n<!-- \/ Yoast SEO Premium plugin. -->","yoast_head_json":{"title":"WB Rapid On - tmel a fini\u0161\u00e9r do hlbok\u00e9ho lesku - versiegelung24.com","robots":{"index":"index","follow":"follow","max-snippet":"max-snippet:-1","max-image-preview":"max-image-preview:large","max-video-preview":"max-video-preview:-1"},"canonical":"https:\/\/www.versiegelung24.com\/sk\/wb-rapid-on-deep-lesk-autolack-tesniaci-finiser.html","og_locale":"sk_SK","og_type":"article","og_title":"WB Rapid On - tmel a fini\u0161\u00e9r do hlbok\u00e9ho lesku","og_description":"Pr\u00e9miov\u00fd tesniaci a fini\u0161\u00e9r s hlbok\u00fdm leskom \u2713 ide\u00e1lne pre autolaky \u2713 na vodnej b\u00e1ze \u2013 r\u00fdchle zapnutie","og_url":"https:\/\/www.versiegelung24.com\/sk\/wb-rapid-on-deep-lesk-autolack-tesniaci-finiser.html","og_site_name":"versiegelung24.com","article_modified_time":"2025-01-03T23:04:53+00:00","og_image":[{"width":2560,"height":2560,"url":"https:\/\/www.versiegelung24.com\/wp-content\/uploads\/2020\/06\/produkt-5002-7654-1000-WB-Rapid-On-scaled.jpg","type":"image\/jpeg"}],"twitter_card":"summary_large_image","twitter_misc":{"Cena":"69,00&euro;","Dostupnos\u0165":"Na sklade"},"schema":{"@context":"https:\/\/schema.org","@graph":[{"@type":"WebPage","@id":"https:\/\/www.versiegelung24.com\/sk\/wb-rapid-on-deep-lesk-autolack-tesniaci-finiser.html","url":"https:\/\/www.versiegelung24.com\/sk\/wb-rapid-on-deep-lesk-autolack-tesniaci-finiser.html","name":"WB Rapid On - tmel a fini\u0161\u00e9r do hlbok\u00e9ho lesku - versiegelung24.com","isPartOf":{"@id":"https:\/\/www.versiegelung24.com\/sk\/#website"},"primaryImageOfPage":{"@id":"https:\/\/www.versiegelung24.com\/sk\/wb-rapid-on-deep-lesk-autolack-tesniaci-finiser.html#primaryimage"},"image":{"@id":"https:\/\/www.versiegelung24.com\/sk\/wb-rapid-on-deep-lesk-autolack-tesniaci-finiser.html#primaryimage"},"thumbnailUrl":"https:\/\/www.versiegelung24.com\/wp-content\/uploads\/2020\/06\/produkt-5002-7654-1000-WB-Rapid-On-scaled.jpg","datePublished":"2021-08-02T20:53:20+00:00","dateModified":"2025-01-03T23:04:53+00:00","breadcrumb":{"@id":"https:\/\/www.versiegelung24.com\/sk\/wb-rapid-on-deep-lesk-autolack-tesniaci-finiser.html#breadcrumb"},"inLanguage":"sk-SK","potentialAction":[{"@type":"ReadAction","target":["https:\/\/www.versiegelung24.com\/sk\/wb-rapid-on-deep-lesk-autolack-tesniaci-finiser.html"]}]},{"@type":"ImageObject","inLanguage":"sk-SK","@id":"https:\/\/www.versiegelung24.com\/sk\/wb-rapid-on-deep-lesk-autolack-tesniaci-finiser.html#primaryimage","url":"https:\/\/www.versiegelung24.com\/wp-content\/uploads\/2020\/06\/produkt-5002-7654-1000-WB-Rapid-On-scaled.jpg","contentUrl":"https:\/\/www.versiegelung24.com\/wp-content\/uploads\/2020\/06\/produkt-5002-7654-1000-WB-Rapid-On-scaled.jpg","width":2560,"height":2560},{"@type":"BreadcrumbList","@id":"https:\/\/www.versiegelung24.com\/sk\/wb-rapid-on-deep-lesk-autolack-tesniaci-finiser.html#breadcrumb","itemListElement":[{"@type":"ListItem","position":1,"name":"\u00davodn\u00e1 str\u00e1nka","item":"https:\/\/www.versiegelung24.com\/sk\/predna-strana\/"},{"@type":"ListItem","position":2,"name":"Obchod","item":"https:\/\/www.versiegelung24.com\/sk\/obchod\/"},{"@type":"ListItem","position":3,"name":"WB Rapid On &#8211; tmel a fini\u0161\u00e9r do hlbok\u00e9ho lesku"}]},{"@type":"WebSite","@id":"https:\/\/www.versiegelung24.com\/sk\/#website","url":"https:\/\/www.versiegelung24.com\/sk\/","name":"versiegelung24.com","description":"Fl\u00fcssigglas-Versiegelung - Made in Germany","publisher":{"@id":"https:\/\/www.versiegelung24.com\/sk\/#organization"},"potentialAction":[{"@type":"SearchAction","target":{"@type":"EntryPoint","urlTemplate":"https:\/\/www.versiegelung24.com\/sk\/?s={search_term_string}"},"query-input":{"@type":"PropertyValueSpecification","valueRequired":true,"valueName":"search_term_string"}}],"inLanguage":"sk-SK"},{"@type":"Organization","@id":"https:\/\/www.versiegelung24.com\/sk\/#organization","name":"versiegelung24","url":"https:\/\/www.versiegelung24.com\/sk\/","logo":{"@type":"ImageObject","inLanguage":"sk-SK","@id":"https:\/\/www.versiegelung24.com\/sk\/#\/schema\/logo\/image\/","url":"https:\/\/www.versiegelung24.com\/wp-content\/uploads\/2020\/04\/versiegelung24.png","contentUrl":"https:\/\/www.versiegelung24.com\/wp-content\/uploads\/2020\/04\/versiegelung24.png","width":470,"height":102,"caption":"versiegelung24"},"image":{"@id":"https:\/\/www.versiegelung24.com\/sk\/#\/schema\/logo\/image\/"}}]},"product_price_amount":"69.00","product_price_currency":"EUR","og_availability":"instock","product_availability":"instock","product_retailer_item_id":"5002-7654-1000","product_condition":"new"},"_links":{"self":[{"href":"https:\/\/www.versiegelung24.com\/sk\/wp-json\/wp\/v2\/product\/24644","targetHints":{"allow":["GET"]}}],"collection":[{"href":"https:\/\/www.versiegelung24.com\/sk\/wp-json\/wp\/v2\/product"}],"about":[{"href":"https:\/\/www.versiegelung24.com\/sk\/wp-json\/wp\/v2\/types\/product"}],"version-history":[{"count":10,"href":"https:\/\/www.versiegelung24.com\/sk\/wp-json\/wp\/v2\/product\/24644\/revisions"}],"predecessor-version":[{"id":174278,"href":"https:\/\/www.versiegelung24.com\/sk\/wp-json\/wp\/v2\/product\/24644\/revisions\/174278"}],"wp:featuredmedia":[{"embeddable":true,"href":"https:\/\/www.versiegelung24.com\/sk\/wp-json\/wp\/v2\/media\/18408"}],"wp:attachment":[{"href":"https:\/\/www.versiegelung24.com\/sk\/wp-json\/wp\/v2\/media?parent=24644"}],"wp:term":[{"taxonomy":"product_brand","embeddable":true,"href":"https:\/\/www.versiegelung24.com\/sk\/wp-json\/wp\/v2\/product_brand?post=24644"},{"taxonomy":"product_cat","embeddable":true,"href":"https:\/\/www.versiegelung24.com\/sk\/wp-json\/wp\/v2\/product_cat?post=24644"},{"taxonomy":"product_tag","embeddable":true,"href":"https:\/\/www.versiegelung24.com\/sk\/wp-json\/wp\/v2\/product_tag?post=24644"}],"curies":[{"name":"wp","href":"https:\/\/api.w.org\/{rel}","templated":true}]}}