{"id":24691,"date":"2020-04-04T18:53:45","date_gmt":"2021-08-02T20:57:59","guid":{"rendered":"https:\/\/www.versiegelung24.com\/produkt\/prvotriedne-tesnenie-z-betonu-a-kamena-extremna-vodoodpudivost-nie-je-priedusna"},"modified":"2025-01-04T00:12:26","modified_gmt":"2025-01-03T23:12:26","slug":"premiovy-beton-kamen-tesniaci-extrem-vodoodpudivy-nedychatelny","status":"publish","type":"product","link":"https:\/\/www.versiegelung24.com\/sk\/premiovy-beton-kamen-tesniaci-extrem-vodoodpudivy-nedychatelny.html","title":{"rendered":"Pr\u00e9miov\u00e9 tesnenie z bet\u00f3nu a kame\u0148a s preh\u013aben\u00edm farby &#8211; nepriedu\u0161n\u00e9"},"content":{"rendered":"\n<p>Na\u0161e prvotriedne tesnenie bet\u00f3nu a kame\u0148a \u00fa\u010dinne a trvalo chr\u00e1ni povrchy pred vonkaj\u0161\u00edmi vplyvmi a zrete\u013ene p\u00f4sob\u00ed proti prieniku oleja, tukov, k\u00e1vy a \u010derven\u00e9ho v\u00edna. Ochrann\u00fd \u010d\u00edry lakov\u00fd povlak navy\u0161e zanech\u00e1va leskl\u00fd film zosil\u0148uj\u00faci farbu, ktor\u00fd vidite\u013ene zvy\u0161uje upraven\u00fd povrch.<\/p>\n\n<hr\/>\n\n<h4 class=\"wp-block-heading\" id=\"video\"><strong>Precvi\u010dte si video &#8211; efekt\u00edvne chr\u00e1\u0148te kamenn\u00e9 fig\u00farky a kamenn\u00e9 sochy v z\u00e1hrade pred vplyvom prostredia<\/strong><\/h4>\n\n<figure class=\"wp-block-embed aligncenter is-type-video is-provider-youtube wp-block-embed-youtube wp-embed-aspect-16-9 wp-has-aspect-ratio\"><div class=\"wp-block-embed__wrapper\"> \n<div class=\"nv-iframe-embed\"><iframe title=\"Steinfiguren &amp; Steinskulpturen wetterfest machen - Versiegelung \/ Impr\u00e4gnierung mit Farbvertiefung\" width=\"1200\" height=\"675\" src=\"https:\/\/www.youtube.com\/embed\/sSjv-OlqOgI?feature=oembed\" frameborder=\"0\" allow=\"accelerometer; autoplay; clipboard-write; encrypted-media; gyroscope; picture-in-picture\" allowfullscreen><\/iframe><\/div>\n <\/div><\/figure>\n\n<hr\/>\n\n<h4 class=\"wp-block-heading\" id=\"properties\">Vlastnosti produktu<\/h4>\n\n<div class=\"wp-block-columns is-layout-flex wp-container-core-columns-is-layout-9d6595d7 wp-block-columns-is-layout-flex\">\n<div class=\"wp-block-column is-layout-flow wp-block-column-is-layout-flow\">\n<p>\u2713 \u00da\u010dinn\u00e1 trval\u00e1 ochrana povrchu pred vodou, ne\u010distotami a poveternostn\u00fdmi vplyvmi<\/p>\n\n\n\n<p>\u2713 zabra\u0148uje rastu machov, li\u0161ajn\u00edkov, h\u00fab a \u010fal\u0161\u00edch pr\u00edrodn\u00fdch vplyvov<\/p>\n\n\n\n<p>\u2713 100% \u010d\u00edry lak obsahuj\u00faci pevn\u00fa l\u00e1tku<\/p>\n\n\n\n<p>\u2713 Vysok\u00e1 odolnos\u0165 vo\u010di oderu v\u010faka nanotechnol\u00f3gii SiO\u00b2<\/p>\n\n\n\n<p>\u2713 O\u0161etren\u00e9 povrchy nie s\u00fa priedu\u0161n\u00e9<\/p>\n\n\n\n<p>\u2713 Efekt prehlbovania farby s leskl\u00fdm filmom \/ vylep\u0161en\u00edm povrchu<\/p>\n\n\n\n<p>\u2713 ve\u013emi siln\u00e1 hydrof\u00f3bnos\u0165<\/p>\n\n\n\n<p>\u2713 V\u00fdznamn\u00e9 zn\u00ed\u017eenie prieniku oleja a tukov, k\u00e1vy, \u010derven\u00e9ho v\u00edna<\/p>\n\n\n\n<p>\u2713 Odoln\u00fd vo\u010di mrazu (\u013ead a sneh ho nepo\u0161kodia)<\/p>\n\n\n\n<p>\u2713 UV stabiln\u00fd<\/p>\n\n\n\n<p>\u2713 \u013dahko \u010distite\u013en\u00fd efekt: \u0161pina<\/p>\n\n\n\n<p>\u2713 Odoln\u00e9 vo\u010di teplote do 1 000 \u00b0C (pri kr\u00e1tkodobom p\u00f4soben\u00ed)<\/p>\n\n\n\n<p><\/p>\n\n\n\n<p><br\/>Rozsah dod\u00e1vky: 1 x litrov\u00e1 f\u013ea\u0161a<\/p>\n<\/div>\n\n\n\n<div class=\"wp-block-column is-layout-flow wp-block-column-is-layout-flow\">\n<p><strong>Vysoko \u00fa\u010dinn\u00fd, vodoodpudiv\u00fd, oteru odoln\u00fd nano povlak pre v\u0161etky sav\u00e9, miner\u00e1lne povrchy.<\/strong><\/p>\n\n\n\n<p>Nie je priedu\u0161n\u00fd<\/p>\n\n\n\n<p>\u010c\u00edslo polo\u017eky: 3008-704<\/p>\n\n\n\n<p>Vysok\u00e1 kvalita Made in Germany<\/p>\n\n\n\n<p><strong>bezpe\u010dnos\u0165 produktu<\/strong><\/p>\n\n\n\n<p>Inform\u00e1cie o klasifik\u00e1cii produktu v r\u00e1mci Nariadenia o nebezpe\u010dn\u00fdch l\u00e1tkach, bezpe\u010dnostn\u00e9 \u00fadaje a \u00fadaje o toxikol\u00f3gii a skladovan\u00ed n\u00e1jdete v na\u0161ej karte bezpe\u010dnostn\u00fdch \u00fadajov.<\/p>\n\n\n\n<p>Pri pou\u017e\u00edvan\u00ed d\u00e1vajte pozor na vhodn\u00e9 ochrann\u00e9 prostriedky. Pri objedn\u00e1vke odpor\u00fa\u010dame nosi\u0165 vhodn\u00e9 respira\u010dn\u00e9 masky a gumen\u00e9 rukavice.<\/p>\n\n\n\n<p>V pr\u00edpade kontaktu s poko\u017ekou miesta d\u00f4kladne umyte mydlom a vodou.<\/p>\n\n\n\n<p><strong>skladovanie<\/strong><\/p>\n\n\n\n<p>V24 Concrete and Stone Sealing Extreme je mo\u017en\u00e9 uchov\u00e1va\u0165 najmenej 12 mesiacov v p\u00f4vodnom uzavretom obale pri skladovac\u00edch teplot\u00e1ch +5 a\u017e + 25 \u00b0 C.<\/p>\n\n\n\n<p>Otvoren\u00e9 n\u00e1doby by sa mali pou\u017ei\u0165 v kr\u00e1tkom \u010dase.<\/p>\n\n\n\n<p>Dlh\u0161ia doba skladovania nemus\u00ed nutne znamena\u0165, \u017ee v\u00fdrobok je nepou\u017eite\u013en\u00fd, av\u0161ak z h\u013eadiska zabezpe\u010denia kvality je potrebn\u00e9 skontrolova\u0165 vlastnosti po\u017eadovan\u00e9 pre zam\u00fd\u0161\u013ean\u00e9 pou\u017eitie.<\/p>\n<\/div>\n<\/div>\n\n<hr\/>\n\n<h4 class=\"wp-block-heading\" id=\"application\">Aplik\u00e1cia<\/h4>\n\n<div class=\"wp-block-columns is-layout-flex wp-container-core-columns-is-layout-9d6595d7 wp-block-columns-is-layout-flex\">\n<div class=\"wp-block-column is-layout-flow wp-block-column-is-layout-flow\">\n<ul class=\"wp-block-list\">\n<li><strong>Extr\u00e9mne tesnenie bet\u00f3nu a kame\u0148a V24<\/strong> dod\u00e1va sa pripraven\u00fd na pou\u017eitie a nan\u00e1\u0161a sa nezrieden\u00fd na vopred vy\u010disten\u00fd a vysu\u0161en\u00fd povrch. V z\u00e1vislosti od aplik\u00e1cie je mo\u017en\u00e9 riedenie alkoholom.<\/li>\n<\/ul>\n\n\n\n<ul class=\"wp-block-list\">\n<li>V\u0161etky povrchy, ktor\u00e9 sa maj\u00fa o\u0161etri\u0165, musia by\u0165 such\u00e9 a dobre vy\u010disten\u00e9, preto\u017ee len tak je mo\u017en\u00e9 zaisti\u0165 hlbok\u00fa penetr\u00e1ciu tmelu, ktor\u00e1 m\u00e1 optim\u00e1lny dlhodob\u00fd a hlbok\u00fd \u00fa\u010dinok.<\/li>\n<\/ul>\n\n\n\n<ul class=\"wp-block-list\">\n<li>Po aplik\u00e1cii sa <strong><strong>V24 na bet\u00f3n a kame\u0148 extr\u00e9mne<\/strong><\/strong> mus\u00ed zosta\u0165 v kontakte s povrchom nieko\u013eko sek\u00fand ako tekut\u00fd film.<\/li>\n<\/ul>\n\n\n\n<ul class=\"wp-block-list\">\n<li>Povlak je \u00faplne zosie\u0165ovan\u00fd a vytvrden\u00fd po 24 hodin\u00e1ch.<\/li>\n<\/ul>\n\n\n\n<p>Podrobn\u00fd popis aplik\u00e1cie n\u00e1jdete v na\u0161om \u00fadajovom liste<\/p>\n<\/div>\n\n\n\n<div class=\"wp-block-column is-layout-flow wp-block-column-is-layout-flow\">\n<p>Ochrann\u00fd \u010d\u00edry lak na v\u0161etky miner\u00e1lne, nasiakav\u00e9 bet\u00f3nov\u00e9 a kamenn\u00e9 povrchy, v interi\u00e9ri aj exteri\u00e9ri.<\/p>\n\n\n\n<p>\u2713 Bet\u00f3n (bet\u00f3nov\u00fd blok, bet\u00f3nov\u00e1 dla\u017eba, schody, podlahy gar\u00e1\u017ee a dielne, poh\u013eadov\u00e9 bet\u00f3nov\u00e9 plochy &#8230;)<\/p>\n\n\n\n<p>\u2713 Kame\u0148 (pr\u00edrodn\u00fd kame\u0148, dla\u017eobn\u00fd kame\u0148, \u017eula, v\u00e1penopieskov\u00e1 tehla, bridlica, murivo, pr\u00edjazdov\u00e9 cesty &#8230;)<\/p>\n\n\n\n<p><strong>D\u00f4le\u017eit\u00e9:<\/strong> Pou\u017eitie je obmedzen\u00e9 na vysoko le\u0161ten\u00e9 povrchy s n\u00edzkou nasiakavos\u0165ou, preto\u017ee tu nem\u00f4\u017ee d\u00f4js\u0165 k optim\u00e1lnemu lepeniu. V pr\u00edpade potreby je potrebn\u00e9 povrch vopred zdrsni\u0165 (60-100 br\u00fasnym papierom v z\u00e1vislosti od povrchu) a nanies\u0165 z\u00e1kladn\u00fa vrstvu (1\/3 liehu 2\/3 tesnenia). Potom asi po 30 min\u00fatach nerieden\u00e9 tesnenie.<\/p>\n\n\n\n<p>Spotreba z\u00e1vis\u00ed od nasiakavosti povrchu cca 10-40m\u00b2 \/ liter.<\/p>\n<\/div>\n<\/div>\n","protected":false},"excerpt":{"rendered":"<p><strong>Extr\u00e9mne vodoodpudiv\u00fd \u010d\u00edry lak pre vn\u00fatorn\u00e9 aj vonkaj\u0161ie pou\u017eitie<\/strong>  <\/p>\n<p>\u2713 na v\u0161etky sav\u00e9 povrchy z miner\u00e1lneho kame\u0148a a bet\u00f3nu<\/p>\n<p>\u2713 Efekt \u013eahko \u010distite\u013en\u00e9ho: \u0161pina nepri\u013ene a d\u00e1 sa \u013eahko odstr\u00e1ni\u0165<\/p>\n<p>\u2713 O\u0161etren\u00e9 povrchy nie s\u00fa priedu\u0161n\u00e9<\/p>\n<p>\u2713 Zabra\u0148uje rastu machov, li\u0161ajn\u00edkov, plesn\u00ed a in\u00fdch pr\u00edrodn\u00fdch vplyvov<\/p>\n<p>\u2713 Efekt prehlbovania farby s leskl\u00fdm filmom \/ vylep\u0161en\u00edm povrchu<\/p>\n<p>\u2713 Trvanlivos\u0165: a\u017e 5 rokov+<\/p>\n","protected":false},"featured_media":18123,"template":"","meta":{"_acf_changed":false,"neve_meta_sidebar":"","neve_meta_container":"","neve_meta_enable_content_width":"","neve_meta_content_width":0,"neve_meta_title_alignment":"","neve_meta_author_avatar":"","neve_post_elements_order":"","neve_meta_disable_header":"","neve_meta_disable_footer":"","neve_meta_disable_title":"","neve_meta_reading_time":"","_surfaces":[],"_ver_product_tabs":[],"footnotes":""},"product_brand":[],"product_cat":[2410],"product_tag":[],"class_list":{"0":"post-24691","1":"product","2":"type-product","3":"status-publish","4":"has-post-thumbnail","6":"product_cat-tesnenie-kamena-a-betonu","7":"pa_gebinde-1000-ml-flasa","8":"pa_gebinde-20l-kanister-sk","10":"first","11":"instock","12":"taxable","13":"shipping-taxable","14":"purchasable","15":"product-type-variable","16":"has-default-attributes"},"acf":[],"yoast_head":"<!-- This site is optimized with the Yoast SEO Premium plugin v22.8 (Yoast SEO v27.5) - https:\/\/yoast.com\/product\/yoast-seo-premium-wordpress\/ -->\n<title>Pr\u00e9miov\u00e9 tesnenie bet\u00f3nu a kame\u0148a s preh\u013aben\u00edm farby - versiegelung24<\/title>\n<meta name=\"description\" content=\"Pr\u00e9miov\u00e9 tesnenie bet\u00f3nu a kame\u0148a \u2013 dozviete sa viac o na\u0161om pr\u00e9miovom tesnen\u00ed bet\u00f3nu a kame\u0148a s nanotechnol\u00f3giou a preh\u013aben\u00edm farieb\" \/>\n<meta name=\"robots\" content=\"index, follow, max-snippet:-1, max-image-preview:large, max-video-preview:-1\" \/>\n<link rel=\"canonical\" href=\"https:\/\/www.versiegelung24.com\/sk\/premiovy-beton-kamen-tesniaci-extrem-vodoodpudivy-nedychatelny.html\" \/>\n<meta property=\"og:locale\" content=\"sk_SK\" \/>\n<meta property=\"og:type\" content=\"article\" \/>\n<meta property=\"og:title\" content=\"Pr\u00e9miov\u00e9 tesnenie z bet\u00f3nu a kame\u0148a s preh\u013aben\u00edm farby - nepriedu\u0161n\u00e9\" \/>\n<meta property=\"og:description\" content=\"Pr\u00e9miov\u00e9 tesnenie bet\u00f3nu a kame\u0148a \u2013 dozviete sa viac o na\u0161om pr\u00e9miovom tesnen\u00ed bet\u00f3nu a kame\u0148a s nanotechnol\u00f3giou a preh\u013aben\u00edm farieb\" \/>\n<meta property=\"og:url\" content=\"https:\/\/www.versiegelung24.com\/sk\/premiovy-beton-kamen-tesniaci-extrem-vodoodpudivy-nedychatelny.html\" \/>\n<meta property=\"og:site_name\" content=\"versiegelung24.com\" \/>\n<meta property=\"article:modified_time\" content=\"2025-01-03T23:12:26+00:00\" \/>\n<meta property=\"og:image\" content=\"https:\/\/www.versiegelung24.com\/wp-content\/uploads\/2020\/06\/produkt-3008-704-1000-Beton-Stein-Versiegelung-extreme-Wasserabweisung-nicht-atmungsaktiv-scaled.jpg\" \/>\n\t<meta property=\"og:image:width\" content=\"2560\" \/>\n\t<meta property=\"og:image:height\" content=\"2560\" \/>\n\t<meta property=\"og:image:type\" content=\"image\/jpeg\" \/>\n<meta name=\"twitter:card\" content=\"summary_large_image\" \/>\n<meta name=\"twitter:label1\" content=\"Dostupnos\u0165\" \/>\n\t<meta name=\"twitter:data1\" content=\"Na sklade\" \/>\n<script type=\"application\/ld+json\" class=\"yoast-schema-graph\">{\"@context\":\"https:\\\/\\\/schema.org\",\"@graph\":[{\"@type\":\"WebPage\",\"@id\":\"https:\\\/\\\/www.versiegelung24.com\\\/sk\\\/premiovy-beton-kamen-tesniaci-extrem-vodoodpudivy-nedychatelny.html\",\"url\":\"https:\\\/\\\/www.versiegelung24.com\\\/sk\\\/premiovy-beton-kamen-tesniaci-extrem-vodoodpudivy-nedychatelny.html\",\"name\":\"Pr\u00e9miov\u00e9 tesnenie bet\u00f3nu a kame\u0148a s preh\u013aben\u00edm farby - versiegelung24\",\"isPartOf\":{\"@id\":\"https:\\\/\\\/www.versiegelung24.com\\\/sk\\\/#website\"},\"primaryImageOfPage\":{\"@id\":\"https:\\\/\\\/www.versiegelung24.com\\\/sk\\\/premiovy-beton-kamen-tesniaci-extrem-vodoodpudivy-nedychatelny.html#primaryimage\"},\"image\":{\"@id\":\"https:\\\/\\\/www.versiegelung24.com\\\/sk\\\/premiovy-beton-kamen-tesniaci-extrem-vodoodpudivy-nedychatelny.html#primaryimage\"},\"thumbnailUrl\":\"https:\\\/\\\/www.versiegelung24.com\\\/wp-content\\\/uploads\\\/2020\\\/06\\\/produkt-3008-704-1000-Beton-Stein-Versiegelung-extreme-Wasserabweisung-nicht-atmungsaktiv-scaled.jpg\",\"datePublished\":\"2021-08-02T20:57:59+00:00\",\"dateModified\":\"2025-01-03T23:12:26+00:00\",\"description\":\"Pr\u00e9miov\u00e9 tesnenie bet\u00f3nu a kame\u0148a \u2013 dozviete sa viac o na\u0161om pr\u00e9miovom tesnen\u00ed bet\u00f3nu a kame\u0148a s nanotechnol\u00f3giou a preh\u013aben\u00edm farieb\",\"breadcrumb\":{\"@id\":\"https:\\\/\\\/www.versiegelung24.com\\\/sk\\\/premiovy-beton-kamen-tesniaci-extrem-vodoodpudivy-nedychatelny.html#breadcrumb\"},\"inLanguage\":\"sk-SK\",\"potentialAction\":[{\"@type\":\"ReadAction\",\"target\":[\"https:\\\/\\\/www.versiegelung24.com\\\/sk\\\/premiovy-beton-kamen-tesniaci-extrem-vodoodpudivy-nedychatelny.html\"]}]},{\"@type\":\"ImageObject\",\"inLanguage\":\"sk-SK\",\"@id\":\"https:\\\/\\\/www.versiegelung24.com\\\/sk\\\/premiovy-beton-kamen-tesniaci-extrem-vodoodpudivy-nedychatelny.html#primaryimage\",\"url\":\"https:\\\/\\\/www.versiegelung24.com\\\/wp-content\\\/uploads\\\/2020\\\/06\\\/produkt-3008-704-1000-Beton-Stein-Versiegelung-extreme-Wasserabweisung-nicht-atmungsaktiv-scaled.jpg\",\"contentUrl\":\"https:\\\/\\\/www.versiegelung24.com\\\/wp-content\\\/uploads\\\/2020\\\/06\\\/produkt-3008-704-1000-Beton-Stein-Versiegelung-extreme-Wasserabweisung-nicht-atmungsaktiv-scaled.jpg\",\"width\":2560,\"height\":2560},{\"@type\":\"BreadcrumbList\",\"@id\":\"https:\\\/\\\/www.versiegelung24.com\\\/sk\\\/premiovy-beton-kamen-tesniaci-extrem-vodoodpudivy-nedychatelny.html#breadcrumb\",\"itemListElement\":[{\"@type\":\"ListItem\",\"position\":1,\"name\":\"\u00davodn\u00e1 str\u00e1nka\",\"item\":\"https:\\\/\\\/www.versiegelung24.com\\\/sk\\\/predna-strana\\\/\"},{\"@type\":\"ListItem\",\"position\":2,\"name\":\"Obchod\",\"item\":\"https:\\\/\\\/www.versiegelung24.com\\\/sk\\\/obchod\\\/\"},{\"@type\":\"ListItem\",\"position\":3,\"name\":\"Pr\u00e9miov\u00e9 tesnenie z bet\u00f3nu a kame\u0148a s preh\u013aben\u00edm farby &#8211; nepriedu\u0161n\u00e9\"}]},{\"@type\":\"WebSite\",\"@id\":\"https:\\\/\\\/www.versiegelung24.com\\\/sk\\\/#website\",\"url\":\"https:\\\/\\\/www.versiegelung24.com\\\/sk\\\/\",\"name\":\"versiegelung24.com\",\"description\":\"Fl\u00fcssigglas-Versiegelung - Made in Germany\",\"publisher\":{\"@id\":\"https:\\\/\\\/www.versiegelung24.com\\\/sk\\\/#organization\"},\"potentialAction\":[{\"@type\":\"SearchAction\",\"target\":{\"@type\":\"EntryPoint\",\"urlTemplate\":\"https:\\\/\\\/www.versiegelung24.com\\\/sk\\\/?s={search_term_string}\"},\"query-input\":{\"@type\":\"PropertyValueSpecification\",\"valueRequired\":true,\"valueName\":\"search_term_string\"}}],\"inLanguage\":\"sk-SK\"},{\"@type\":\"Organization\",\"@id\":\"https:\\\/\\\/www.versiegelung24.com\\\/sk\\\/#organization\",\"name\":\"versiegelung24\",\"url\":\"https:\\\/\\\/www.versiegelung24.com\\\/sk\\\/\",\"logo\":{\"@type\":\"ImageObject\",\"inLanguage\":\"sk-SK\",\"@id\":\"https:\\\/\\\/www.versiegelung24.com\\\/sk\\\/#\\\/schema\\\/logo\\\/image\\\/\",\"url\":\"https:\\\/\\\/www.versiegelung24.com\\\/wp-content\\\/uploads\\\/2020\\\/04\\\/versiegelung24.png\",\"contentUrl\":\"https:\\\/\\\/www.versiegelung24.com\\\/wp-content\\\/uploads\\\/2020\\\/04\\\/versiegelung24.png\",\"width\":470,\"height\":102,\"caption\":\"versiegelung24\"},\"image\":{\"@id\":\"https:\\\/\\\/www.versiegelung24.com\\\/sk\\\/#\\\/schema\\\/logo\\\/image\\\/\"}}]}<\/script>\n<meta property=\"og:availability\" content=\"instock\" \/>\n<meta property=\"product:availability\" content=\"instock\" \/>\n<meta property=\"product:retailer_item_id\" content=\"3008-704\" \/>\n<meta property=\"product:condition\" content=\"new\" \/>\n<!-- \/ Yoast SEO Premium plugin. -->","yoast_head_json":{"title":"Pr\u00e9miov\u00e9 tesnenie bet\u00f3nu a kame\u0148a s preh\u013aben\u00edm farby - versiegelung24","description":"Pr\u00e9miov\u00e9 tesnenie bet\u00f3nu a kame\u0148a \u2013 dozviete sa viac o na\u0161om pr\u00e9miovom tesnen\u00ed bet\u00f3nu a kame\u0148a s nanotechnol\u00f3giou a preh\u013aben\u00edm farieb","robots":{"index":"index","follow":"follow","max-snippet":"max-snippet:-1","max-image-preview":"max-image-preview:large","max-video-preview":"max-video-preview:-1"},"canonical":"https:\/\/www.versiegelung24.com\/sk\/premiovy-beton-kamen-tesniaci-extrem-vodoodpudivy-nedychatelny.html","og_locale":"sk_SK","og_type":"article","og_title":"Pr\u00e9miov\u00e9 tesnenie z bet\u00f3nu a kame\u0148a s preh\u013aben\u00edm farby - nepriedu\u0161n\u00e9","og_description":"Pr\u00e9miov\u00e9 tesnenie bet\u00f3nu a kame\u0148a \u2013 dozviete sa viac o na\u0161om pr\u00e9miovom tesnen\u00ed bet\u00f3nu a kame\u0148a s nanotechnol\u00f3giou a preh\u013aben\u00edm farieb","og_url":"https:\/\/www.versiegelung24.com\/sk\/premiovy-beton-kamen-tesniaci-extrem-vodoodpudivy-nedychatelny.html","og_site_name":"versiegelung24.com","article_modified_time":"2025-01-03T23:12:26+00:00","og_image":[{"width":2560,"height":2560,"url":"https:\/\/www.versiegelung24.com\/wp-content\/uploads\/2020\/06\/produkt-3008-704-1000-Beton-Stein-Versiegelung-extreme-Wasserabweisung-nicht-atmungsaktiv-scaled.jpg","type":"image\/jpeg"}],"twitter_card":"summary_large_image","twitter_misc":{"Dostupnos\u0165":"Na sklade"},"schema":{"@context":"https:\/\/schema.org","@graph":[{"@type":"WebPage","@id":"https:\/\/www.versiegelung24.com\/sk\/premiovy-beton-kamen-tesniaci-extrem-vodoodpudivy-nedychatelny.html","url":"https:\/\/www.versiegelung24.com\/sk\/premiovy-beton-kamen-tesniaci-extrem-vodoodpudivy-nedychatelny.html","name":"Pr\u00e9miov\u00e9 tesnenie bet\u00f3nu a kame\u0148a s preh\u013aben\u00edm farby - versiegelung24","isPartOf":{"@id":"https:\/\/www.versiegelung24.com\/sk\/#website"},"primaryImageOfPage":{"@id":"https:\/\/www.versiegelung24.com\/sk\/premiovy-beton-kamen-tesniaci-extrem-vodoodpudivy-nedychatelny.html#primaryimage"},"image":{"@id":"https:\/\/www.versiegelung24.com\/sk\/premiovy-beton-kamen-tesniaci-extrem-vodoodpudivy-nedychatelny.html#primaryimage"},"thumbnailUrl":"https:\/\/www.versiegelung24.com\/wp-content\/uploads\/2020\/06\/produkt-3008-704-1000-Beton-Stein-Versiegelung-extreme-Wasserabweisung-nicht-atmungsaktiv-scaled.jpg","datePublished":"2021-08-02T20:57:59+00:00","dateModified":"2025-01-03T23:12:26+00:00","description":"Pr\u00e9miov\u00e9 tesnenie bet\u00f3nu a kame\u0148a \u2013 dozviete sa viac o na\u0161om pr\u00e9miovom tesnen\u00ed bet\u00f3nu a kame\u0148a s nanotechnol\u00f3giou a preh\u013aben\u00edm farieb","breadcrumb":{"@id":"https:\/\/www.versiegelung24.com\/sk\/premiovy-beton-kamen-tesniaci-extrem-vodoodpudivy-nedychatelny.html#breadcrumb"},"inLanguage":"sk-SK","potentialAction":[{"@type":"ReadAction","target":["https:\/\/www.versiegelung24.com\/sk\/premiovy-beton-kamen-tesniaci-extrem-vodoodpudivy-nedychatelny.html"]}]},{"@type":"ImageObject","inLanguage":"sk-SK","@id":"https:\/\/www.versiegelung24.com\/sk\/premiovy-beton-kamen-tesniaci-extrem-vodoodpudivy-nedychatelny.html#primaryimage","url":"https:\/\/www.versiegelung24.com\/wp-content\/uploads\/2020\/06\/produkt-3008-704-1000-Beton-Stein-Versiegelung-extreme-Wasserabweisung-nicht-atmungsaktiv-scaled.jpg","contentUrl":"https:\/\/www.versiegelung24.com\/wp-content\/uploads\/2020\/06\/produkt-3008-704-1000-Beton-Stein-Versiegelung-extreme-Wasserabweisung-nicht-atmungsaktiv-scaled.jpg","width":2560,"height":2560},{"@type":"BreadcrumbList","@id":"https:\/\/www.versiegelung24.com\/sk\/premiovy-beton-kamen-tesniaci-extrem-vodoodpudivy-nedychatelny.html#breadcrumb","itemListElement":[{"@type":"ListItem","position":1,"name":"\u00davodn\u00e1 str\u00e1nka","item":"https:\/\/www.versiegelung24.com\/sk\/predna-strana\/"},{"@type":"ListItem","position":2,"name":"Obchod","item":"https:\/\/www.versiegelung24.com\/sk\/obchod\/"},{"@type":"ListItem","position":3,"name":"Pr\u00e9miov\u00e9 tesnenie z bet\u00f3nu a kame\u0148a s preh\u013aben\u00edm farby &#8211; nepriedu\u0161n\u00e9"}]},{"@type":"WebSite","@id":"https:\/\/www.versiegelung24.com\/sk\/#website","url":"https:\/\/www.versiegelung24.com\/sk\/","name":"versiegelung24.com","description":"Fl\u00fcssigglas-Versiegelung - Made in Germany","publisher":{"@id":"https:\/\/www.versiegelung24.com\/sk\/#organization"},"potentialAction":[{"@type":"SearchAction","target":{"@type":"EntryPoint","urlTemplate":"https:\/\/www.versiegelung24.com\/sk\/?s={search_term_string}"},"query-input":{"@type":"PropertyValueSpecification","valueRequired":true,"valueName":"search_term_string"}}],"inLanguage":"sk-SK"},{"@type":"Organization","@id":"https:\/\/www.versiegelung24.com\/sk\/#organization","name":"versiegelung24","url":"https:\/\/www.versiegelung24.com\/sk\/","logo":{"@type":"ImageObject","inLanguage":"sk-SK","@id":"https:\/\/www.versiegelung24.com\/sk\/#\/schema\/logo\/image\/","url":"https:\/\/www.versiegelung24.com\/wp-content\/uploads\/2020\/04\/versiegelung24.png","contentUrl":"https:\/\/www.versiegelung24.com\/wp-content\/uploads\/2020\/04\/versiegelung24.png","width":470,"height":102,"caption":"versiegelung24"},"image":{"@id":"https:\/\/www.versiegelung24.com\/sk\/#\/schema\/logo\/image\/"}}]},"og_availability":"instock","product_availability":"instock","product_retailer_item_id":"3008-704","product_condition":"new"},"_links":{"self":[{"href":"https:\/\/www.versiegelung24.com\/sk\/wp-json\/wp\/v2\/product\/24691","targetHints":{"allow":["GET"]}}],"collection":[{"href":"https:\/\/www.versiegelung24.com\/sk\/wp-json\/wp\/v2\/product"}],"about":[{"href":"https:\/\/www.versiegelung24.com\/sk\/wp-json\/wp\/v2\/types\/product"}],"version-history":[{"count":23,"href":"https:\/\/www.versiegelung24.com\/sk\/wp-json\/wp\/v2\/product\/24691\/revisions"}],"predecessor-version":[{"id":177032,"href":"https:\/\/www.versiegelung24.com\/sk\/wp-json\/wp\/v2\/product\/24691\/revisions\/177032"}],"wp:featuredmedia":[{"embeddable":true,"href":"https:\/\/www.versiegelung24.com\/sk\/wp-json\/wp\/v2\/media\/18123"}],"wp:attachment":[{"href":"https:\/\/www.versiegelung24.com\/sk\/wp-json\/wp\/v2\/media?parent=24691"}],"wp:term":[{"taxonomy":"product_brand","embeddable":true,"href":"https:\/\/www.versiegelung24.com\/sk\/wp-json\/wp\/v2\/product_brand?post=24691"},{"taxonomy":"product_cat","embeddable":true,"href":"https:\/\/www.versiegelung24.com\/sk\/wp-json\/wp\/v2\/product_cat?post=24691"},{"taxonomy":"product_tag","embeddable":true,"href":"https:\/\/www.versiegelung24.com\/sk\/wp-json\/wp\/v2\/product_tag?post=24691"}],"curies":[{"name":"wp","href":"https:\/\/api.w.org\/{rel}","templated":true}]}}