{"id":24764,"date":"2020-04-29T21:00:08","date_gmt":"2020-04-29T19:00:08","guid":{"rendered":"https:\/\/www.versiegelung24.com\/produkt\/priklad-univerzalny-tmel-7675-na-tvrde-nesave-povrchy"},"modified":"2025-01-04T09:33:08","modified_gmt":"2025-01-04T08:33:08","slug":"vzor-univerzalny-tesniaci-7675-na-tvrde-nesave-povrchy","status":"publish","type":"product","link":"https:\/\/www.versiegelung24.com\/sk\/vzor-univerzalny-tesniaci-7675-na-tvrde-nesave-povrchy.html","title":{"rendered":"Vzorka: Univerz\u00e1lny tmel 7675 na &#8220;tvrd\u00e9&#8221;\/nesav\u00e9 povrchy &#8211; 4005-7675"},"content":{"rendered":"<p>10ml vzorka n\u00e1\u0161ho univerz\u00e1lneho tmelu na \u201etvrd\u00e9\u201c \/ nesav\u00e9 povrchy na testovaciu aplik\u00e1ciu alebo tesnenie men\u0161\u00edch pl\u00f4ch.<\/p>\n","protected":false},"excerpt":{"rendered":"<p><strong>**NOVINKA** Vysoko\u00fa\u010dinn\u00e9 profesion\u00e1lne univerz\u00e1lne tesnenie pre &#8220;tvrd\u00e9&#8221;\/nesav\u00e9 povrchy ako napr.<\/strong><\/p>\n<p>\u2713 Sklo<\/p>\n<p>\u2713 Keramick\u00e9 povrchy<\/p>\n<p>\u2713 Plastov\u00e9 povrchy<\/p>\n<p>\u2713 Kovov\u00e9 povrchy<\/p>\n<p>\u2713 S efektom jednoduch\u00e9ho \u010distenia<\/p>\n","protected":false},"featured_media":14619,"template":"","meta":{"_acf_changed":false,"neve_meta_sidebar":"","neve_meta_container":"","neve_meta_enable_content_width":"","neve_meta_content_width":0,"neve_meta_title_alignment":"","neve_meta_author_avatar":"","neve_post_elements_order":"","neve_meta_disable_header":"","neve_meta_disable_footer":"","neve_meta_disable_title":"","neve_meta_reading_time":"","_surfaces":[],"_ver_product_tabs":[],"footnotes":""},"product_brand":[],"product_cat":[2673],"product_tag":[],"class_list":{"0":"post-24764","1":"product","2":"type-product","3":"status-publish","4":"has-post-thumbnail","6":"product_cat-predloha","7":"pa_gebinde-10-ml-flasa","9":"first","10":"instock","11":"sold-individually","12":"taxable","13":"shipping-taxable","14":"purchasable","15":"product-type-variable","16":"has-default-attributes"},"acf":[],"yoast_head":"<!-- This site is optimized with the Yoast SEO Premium plugin v22.8 (Yoast SEO v27.3) - https:\/\/yoast.com\/product\/yoast-seo-premium-wordpress\/ -->\n<title>Vzorka: Univerz\u00e1lny tmel 7675 na &quot;tvrd\u00e9&quot;\/nesav\u00e9 povrchy - 4005-7675 - versiegelung24.com<\/title>\n<meta name=\"robots\" content=\"index, follow, max-snippet:-1, max-image-preview:large, max-video-preview:-1\" \/>\n<link rel=\"canonical\" href=\"https:\/\/www.versiegelung24.com\/sk\/vzor-univerzalny-tesniaci-7675-na-tvrde-nesave-povrchy.html\" \/>\n<meta property=\"og:locale\" content=\"sk_SK\" \/>\n<meta property=\"og:type\" content=\"article\" \/>\n<meta property=\"og:title\" content=\"Vzorka: Univerz\u00e1lny tmel 7675 na &quot;tvrd\u00e9&quot;\/nesav\u00e9 povrchy - 4005-7675\" \/>\n<meta property=\"og:description\" content=\"**NOVINKA** Vysoko\u00fa\u010dinn\u00e9 profesion\u00e1lne univerz\u00e1lne tesnenie pre &quot;tvrd\u00e9&quot;\/nesav\u00e9 povrchy ako napr. \u2713 Sklo \u2713 Keramick\u00e9 povrchy \u2713 Plastov\u00e9 povrchy \u2713 Kovov\u00e9 povrchy \u2713 S efektom jednoduch\u00e9ho \u010distenia\" \/>\n<meta property=\"og:url\" content=\"https:\/\/www.versiegelung24.com\/sk\/vzor-univerzalny-tesniaci-7675-na-tvrde-nesave-povrchy.html\" \/>\n<meta property=\"og:site_name\" content=\"versiegelung24.com\" \/>\n<meta property=\"article:modified_time\" content=\"2025-01-04T08:33:08+00:00\" \/>\n<meta property=\"og:image\" content=\"https:\/\/www.versiegelung24.com\/wp-content\/uploads\/2020\/04\/versiegelung-muster.png\" \/>\n\t<meta property=\"og:image:width\" content=\"1000\" \/>\n\t<meta property=\"og:image:height\" content=\"1000\" \/>\n\t<meta property=\"og:image:type\" content=\"image\/png\" \/>\n<meta name=\"twitter:card\" content=\"summary_large_image\" \/>\n<meta name=\"twitter:label1\" content=\"Dostupnos\u0165\" \/>\n\t<meta name=\"twitter:data1\" content=\"Na sklade\" \/>\n<script type=\"application\/ld+json\" class=\"yoast-schema-graph\">{\"@context\":\"https:\\\/\\\/schema.org\",\"@graph\":[{\"@type\":\"WebPage\",\"@id\":\"https:\\\/\\\/www.versiegelung24.com\\\/sk\\\/vzor-univerzalny-tesniaci-7675-na-tvrde-nesave-povrchy.html\",\"url\":\"https:\\\/\\\/www.versiegelung24.com\\\/sk\\\/vzor-univerzalny-tesniaci-7675-na-tvrde-nesave-povrchy.html\",\"name\":\"Vzorka: Univerz\u00e1lny tmel 7675 na \\\"tvrd\u00e9\\\"\\\/nesav\u00e9 povrchy - 4005-7675 - versiegelung24.com\",\"isPartOf\":{\"@id\":\"https:\\\/\\\/www.versiegelung24.com\\\/sk\\\/#website\"},\"primaryImageOfPage\":{\"@id\":\"https:\\\/\\\/www.versiegelung24.com\\\/sk\\\/vzor-univerzalny-tesniaci-7675-na-tvrde-nesave-povrchy.html#primaryimage\"},\"image\":{\"@id\":\"https:\\\/\\\/www.versiegelung24.com\\\/sk\\\/vzor-univerzalny-tesniaci-7675-na-tvrde-nesave-povrchy.html#primaryimage\"},\"thumbnailUrl\":\"https:\\\/\\\/www.versiegelung24.com\\\/wp-content\\\/uploads\\\/2020\\\/04\\\/versiegelung-muster.png\",\"datePublished\":\"2020-04-29T19:00:08+00:00\",\"dateModified\":\"2025-01-04T08:33:08+00:00\",\"breadcrumb\":{\"@id\":\"https:\\\/\\\/www.versiegelung24.com\\\/sk\\\/vzor-univerzalny-tesniaci-7675-na-tvrde-nesave-povrchy.html#breadcrumb\"},\"inLanguage\":\"sk-SK\",\"potentialAction\":[{\"@type\":\"ReadAction\",\"target\":[\"https:\\\/\\\/www.versiegelung24.com\\\/sk\\\/vzor-univerzalny-tesniaci-7675-na-tvrde-nesave-povrchy.html\"]}]},{\"@type\":\"ImageObject\",\"inLanguage\":\"sk-SK\",\"@id\":\"https:\\\/\\\/www.versiegelung24.com\\\/sk\\\/vzor-univerzalny-tesniaci-7675-na-tvrde-nesave-povrchy.html#primaryimage\",\"url\":\"https:\\\/\\\/www.versiegelung24.com\\\/wp-content\\\/uploads\\\/2020\\\/04\\\/versiegelung-muster.png\",\"contentUrl\":\"https:\\\/\\\/www.versiegelung24.com\\\/wp-content\\\/uploads\\\/2020\\\/04\\\/versiegelung-muster.png\",\"width\":1000,\"height\":1000},{\"@type\":\"BreadcrumbList\",\"@id\":\"https:\\\/\\\/www.versiegelung24.com\\\/sk\\\/vzor-univerzalny-tesniaci-7675-na-tvrde-nesave-povrchy.html#breadcrumb\",\"itemListElement\":[{\"@type\":\"ListItem\",\"position\":1,\"name\":\"\u00davodn\u00e1 str\u00e1nka\",\"item\":\"https:\\\/\\\/www.versiegelung24.com\\\/sk\\\/predna-strana\\\/\"},{\"@type\":\"ListItem\",\"position\":2,\"name\":\"Obchod\",\"item\":\"https:\\\/\\\/www.versiegelung24.com\\\/sk\\\/obchod\\\/\"},{\"@type\":\"ListItem\",\"position\":3,\"name\":\"Vzorka: Univerz\u00e1lny tmel 7675 na &#8220;tvrd\u00e9&#8221;\\\/nesav\u00e9 povrchy &#8211; 4005-7675\"}]},{\"@type\":\"WebSite\",\"@id\":\"https:\\\/\\\/www.versiegelung24.com\\\/sk\\\/#website\",\"url\":\"https:\\\/\\\/www.versiegelung24.com\\\/sk\\\/\",\"name\":\"versiegelung24.com\",\"description\":\"Fl\u00fcssigglas-Versiegelung - Made in Germany\",\"publisher\":{\"@id\":\"https:\\\/\\\/www.versiegelung24.com\\\/sk\\\/#organization\"},\"potentialAction\":[{\"@type\":\"SearchAction\",\"target\":{\"@type\":\"EntryPoint\",\"urlTemplate\":\"https:\\\/\\\/www.versiegelung24.com\\\/sk\\\/?s={search_term_string}\"},\"query-input\":{\"@type\":\"PropertyValueSpecification\",\"valueRequired\":true,\"valueName\":\"search_term_string\"}}],\"inLanguage\":\"sk-SK\"},{\"@type\":\"Organization\",\"@id\":\"https:\\\/\\\/www.versiegelung24.com\\\/sk\\\/#organization\",\"name\":\"versiegelung24\",\"url\":\"https:\\\/\\\/www.versiegelung24.com\\\/sk\\\/\",\"logo\":{\"@type\":\"ImageObject\",\"inLanguage\":\"sk-SK\",\"@id\":\"https:\\\/\\\/www.versiegelung24.com\\\/sk\\\/#\\\/schema\\\/logo\\\/image\\\/\",\"url\":\"https:\\\/\\\/www.versiegelung24.com\\\/wp-content\\\/uploads\\\/2020\\\/04\\\/versiegelung24.png\",\"contentUrl\":\"https:\\\/\\\/www.versiegelung24.com\\\/wp-content\\\/uploads\\\/2020\\\/04\\\/versiegelung24.png\",\"width\":470,\"height\":102,\"caption\":\"versiegelung24\"},\"image\":{\"@id\":\"https:\\\/\\\/www.versiegelung24.com\\\/sk\\\/#\\\/schema\\\/logo\\\/image\\\/\"}}]}<\/script>\n<meta property=\"og:availability\" content=\"instock\" \/>\n<meta property=\"product:availability\" content=\"instock\" \/>\n<meta property=\"product:retailer_item_id\" content=\"4005-7675-muster\" \/>\n<meta property=\"product:condition\" content=\"new\" \/>\n<!-- \/ Yoast SEO Premium plugin. -->","yoast_head_json":{"title":"Vzorka: Univerz\u00e1lny tmel 7675 na \"tvrd\u00e9\"\/nesav\u00e9 povrchy - 4005-7675 - versiegelung24.com","robots":{"index":"index","follow":"follow","max-snippet":"max-snippet:-1","max-image-preview":"max-image-preview:large","max-video-preview":"max-video-preview:-1"},"canonical":"https:\/\/www.versiegelung24.com\/sk\/vzor-univerzalny-tesniaci-7675-na-tvrde-nesave-povrchy.html","og_locale":"sk_SK","og_type":"article","og_title":"Vzorka: Univerz\u00e1lny tmel 7675 na \"tvrd\u00e9\"\/nesav\u00e9 povrchy - 4005-7675","og_description":"**NOVINKA** Vysoko\u00fa\u010dinn\u00e9 profesion\u00e1lne univerz\u00e1lne tesnenie pre \"tvrd\u00e9\"\/nesav\u00e9 povrchy ako napr. \u2713 Sklo \u2713 Keramick\u00e9 povrchy \u2713 Plastov\u00e9 povrchy \u2713 Kovov\u00e9 povrchy \u2713 S efektom jednoduch\u00e9ho \u010distenia","og_url":"https:\/\/www.versiegelung24.com\/sk\/vzor-univerzalny-tesniaci-7675-na-tvrde-nesave-povrchy.html","og_site_name":"versiegelung24.com","article_modified_time":"2025-01-04T08:33:08+00:00","og_image":[{"width":1000,"height":1000,"url":"https:\/\/www.versiegelung24.com\/wp-content\/uploads\/2020\/04\/versiegelung-muster.png","type":"image\/png"}],"twitter_card":"summary_large_image","twitter_misc":{"Dostupnos\u0165":"Na sklade"},"schema":{"@context":"https:\/\/schema.org","@graph":[{"@type":"WebPage","@id":"https:\/\/www.versiegelung24.com\/sk\/vzor-univerzalny-tesniaci-7675-na-tvrde-nesave-povrchy.html","url":"https:\/\/www.versiegelung24.com\/sk\/vzor-univerzalny-tesniaci-7675-na-tvrde-nesave-povrchy.html","name":"Vzorka: Univerz\u00e1lny tmel 7675 na \"tvrd\u00e9\"\/nesav\u00e9 povrchy - 4005-7675 - versiegelung24.com","isPartOf":{"@id":"https:\/\/www.versiegelung24.com\/sk\/#website"},"primaryImageOfPage":{"@id":"https:\/\/www.versiegelung24.com\/sk\/vzor-univerzalny-tesniaci-7675-na-tvrde-nesave-povrchy.html#primaryimage"},"image":{"@id":"https:\/\/www.versiegelung24.com\/sk\/vzor-univerzalny-tesniaci-7675-na-tvrde-nesave-povrchy.html#primaryimage"},"thumbnailUrl":"https:\/\/www.versiegelung24.com\/wp-content\/uploads\/2020\/04\/versiegelung-muster.png","datePublished":"2020-04-29T19:00:08+00:00","dateModified":"2025-01-04T08:33:08+00:00","breadcrumb":{"@id":"https:\/\/www.versiegelung24.com\/sk\/vzor-univerzalny-tesniaci-7675-na-tvrde-nesave-povrchy.html#breadcrumb"},"inLanguage":"sk-SK","potentialAction":[{"@type":"ReadAction","target":["https:\/\/www.versiegelung24.com\/sk\/vzor-univerzalny-tesniaci-7675-na-tvrde-nesave-povrchy.html"]}]},{"@type":"ImageObject","inLanguage":"sk-SK","@id":"https:\/\/www.versiegelung24.com\/sk\/vzor-univerzalny-tesniaci-7675-na-tvrde-nesave-povrchy.html#primaryimage","url":"https:\/\/www.versiegelung24.com\/wp-content\/uploads\/2020\/04\/versiegelung-muster.png","contentUrl":"https:\/\/www.versiegelung24.com\/wp-content\/uploads\/2020\/04\/versiegelung-muster.png","width":1000,"height":1000},{"@type":"BreadcrumbList","@id":"https:\/\/www.versiegelung24.com\/sk\/vzor-univerzalny-tesniaci-7675-na-tvrde-nesave-povrchy.html#breadcrumb","itemListElement":[{"@type":"ListItem","position":1,"name":"\u00davodn\u00e1 str\u00e1nka","item":"https:\/\/www.versiegelung24.com\/sk\/predna-strana\/"},{"@type":"ListItem","position":2,"name":"Obchod","item":"https:\/\/www.versiegelung24.com\/sk\/obchod\/"},{"@type":"ListItem","position":3,"name":"Vzorka: Univerz\u00e1lny tmel 7675 na &#8220;tvrd\u00e9&#8221;\/nesav\u00e9 povrchy &#8211; 4005-7675"}]},{"@type":"WebSite","@id":"https:\/\/www.versiegelung24.com\/sk\/#website","url":"https:\/\/www.versiegelung24.com\/sk\/","name":"versiegelung24.com","description":"Fl\u00fcssigglas-Versiegelung - Made in Germany","publisher":{"@id":"https:\/\/www.versiegelung24.com\/sk\/#organization"},"potentialAction":[{"@type":"SearchAction","target":{"@type":"EntryPoint","urlTemplate":"https:\/\/www.versiegelung24.com\/sk\/?s={search_term_string}"},"query-input":{"@type":"PropertyValueSpecification","valueRequired":true,"valueName":"search_term_string"}}],"inLanguage":"sk-SK"},{"@type":"Organization","@id":"https:\/\/www.versiegelung24.com\/sk\/#organization","name":"versiegelung24","url":"https:\/\/www.versiegelung24.com\/sk\/","logo":{"@type":"ImageObject","inLanguage":"sk-SK","@id":"https:\/\/www.versiegelung24.com\/sk\/#\/schema\/logo\/image\/","url":"https:\/\/www.versiegelung24.com\/wp-content\/uploads\/2020\/04\/versiegelung24.png","contentUrl":"https:\/\/www.versiegelung24.com\/wp-content\/uploads\/2020\/04\/versiegelung24.png","width":470,"height":102,"caption":"versiegelung24"},"image":{"@id":"https:\/\/www.versiegelung24.com\/sk\/#\/schema\/logo\/image\/"}}]},"og_availability":"instock","product_availability":"instock","product_retailer_item_id":"4005-7675-muster","product_condition":"new"},"_links":{"self":[{"href":"https:\/\/www.versiegelung24.com\/sk\/wp-json\/wp\/v2\/product\/24764","targetHints":{"allow":["GET"]}}],"collection":[{"href":"https:\/\/www.versiegelung24.com\/sk\/wp-json\/wp\/v2\/product"}],"about":[{"href":"https:\/\/www.versiegelung24.com\/sk\/wp-json\/wp\/v2\/types\/product"}],"version-history":[{"count":3,"href":"https:\/\/www.versiegelung24.com\/sk\/wp-json\/wp\/v2\/product\/24764\/revisions"}],"predecessor-version":[{"id":141038,"href":"https:\/\/www.versiegelung24.com\/sk\/wp-json\/wp\/v2\/product\/24764\/revisions\/141038"}],"wp:featuredmedia":[{"embeddable":true,"href":"https:\/\/www.versiegelung24.com\/sk\/wp-json\/wp\/v2\/media\/14619"}],"wp:attachment":[{"href":"https:\/\/www.versiegelung24.com\/sk\/wp-json\/wp\/v2\/media?parent=24764"}],"wp:term":[{"taxonomy":"product_brand","embeddable":true,"href":"https:\/\/www.versiegelung24.com\/sk\/wp-json\/wp\/v2\/product_brand?post=24764"},{"taxonomy":"product_cat","embeddable":true,"href":"https:\/\/www.versiegelung24.com\/sk\/wp-json\/wp\/v2\/product_cat?post=24764"},{"taxonomy":"product_tag","embeddable":true,"href":"https:\/\/www.versiegelung24.com\/sk\/wp-json\/wp\/v2\/product_tag?post=24764"}],"curies":[{"name":"wp","href":"https:\/\/api.w.org\/{rel}","templated":true}]}}