{"id":24823,"date":"2020-06-24T11:29:26","date_gmt":"2020-06-24T09:29:26","guid":{"rendered":"https:\/\/www.versiegelung24.com\/produkt\/vzor-tesnenie-dlazobneho-kamena"},"modified":"2025-01-04T00:31:19","modified_gmt":"2025-01-03T23:31:19","slug":"vzor-tesnenia-dlazobneho-kamena","status":"publish","type":"product","link":"https:\/\/www.versiegelung24.com\/sk\/vzor-tesnenia-dlazobneho-kamena.html","title":{"rendered":"Vzorka: Utes\u0148ovanie dla\u017eby &#8211; 3006-7620"},"content":{"rendered":"<p>Uk\u00e1\u017eka n\u00e1\u0161ho<a href=\"https:\/\/www.versiegelung24.com\/pflastersteinversiegelung.html\"> Tesnenie dla\u017eobn\u00e9ho kame\u0148a<\/a> na testovaciu aplik\u00e1ciu alebo tesnenie men\u0161\u00edch pl\u00f4ch.<\/p>\n","protected":false},"excerpt":{"rendered":"<p><strong>Vysoko \u00fa\u010dinn\u00e9 profesion\u00e1lne tesnenie pre vn\u00fatorn\u00e9 a vonkaj\u0161ie dla\u017eobn\u00e9 kocky<\/strong> :<\/p>\n<p>\u2713 Trval\u00e1 ochrana povrchu proti vode, \u0161pine a poveternostn\u00fdm vplyvom<\/p>\n<p>\u2713 Nevidite\u013en\u00fd: nezmenen\u00fd vzh\u013ead a dojem z povrchu<\/p>\n<p>\u2713 Dlhotrvaj\u00faci h\u013abkov\u00fd efekt po mnoho rokov<\/p>\n<p>\u2713 Povrch zost\u00e1va priedu\u0161n\u00fd<\/p>\n<p>\u2713 Vodoodpudiv\u00fd efekt lotosov\u00fdch per\u00e1l<\/p>\n<p>\u2713 Absol\u00fatne mrazuvzdorn\u00e9<\/p>\n","protected":false},"featured_media":14619,"template":"","meta":{"_acf_changed":false,"neve_meta_sidebar":"","neve_meta_container":"","neve_meta_enable_content_width":"","neve_meta_content_width":0,"neve_meta_title_alignment":"","neve_meta_author_avatar":"","neve_post_elements_order":"","neve_meta_disable_header":"","neve_meta_disable_footer":"","neve_meta_disable_title":"","neve_meta_reading_time":"","_surfaces":[],"_ver_product_tabs":[],"footnotes":""},"product_brand":[],"product_cat":[2673],"product_tag":[],"class_list":{"0":"post-24823","1":"product","2":"type-product","3":"status-publish","4":"has-post-thumbnail","6":"product_cat-predloha","7":"pa_gebinde-50-ml-flasa","8":"pa_gebinde-100-ml-flasa","10":"first","11":"instock","12":"sold-individually","13":"taxable","14":"shipping-taxable","15":"purchasable","16":"product-type-simple"},"acf":[],"yoast_head":"<!-- This site is optimized with the Yoast SEO Premium plugin v22.8 (Yoast SEO v27.3) - https:\/\/yoast.com\/product\/yoast-seo-premium-wordpress\/ -->\n<title>Vzorka: Utes\u0148ovanie dla\u017eby - 3006-7620 - versiegelung24.com<\/title>\n<meta name=\"robots\" content=\"index, follow, max-snippet:-1, max-image-preview:large, max-video-preview:-1\" \/>\n<link rel=\"canonical\" href=\"https:\/\/www.versiegelung24.com\/sk\/vzor-tesnenia-dlazobneho-kamena.html\" \/>\n<meta property=\"og:locale\" content=\"sk_SK\" \/>\n<meta property=\"og:type\" content=\"article\" \/>\n<meta property=\"og:title\" content=\"Vzorka: Utes\u0148ovanie dla\u017eby - 3006-7620\" \/>\n<meta property=\"og:description\" content=\"Vysoko \u00fa\u010dinn\u00e9 profesion\u00e1lne tesnenie pre vn\u00fatorn\u00e9 a vonkaj\u0161ie dla\u017eobn\u00e9 kocky : \u2713 Trval\u00e1 ochrana povrchu proti vode, \u0161pine a poveternostn\u00fdm vplyvom \u2713 Nevidite\u013en\u00fd: nezmenen\u00fd vzh\u013ead a dojem z povrchu \u2713 Dlhotrvaj\u00faci h\u013abkov\u00fd efekt po mnoho rokov \u2713 Povrch zost\u00e1va priedu\u0161n\u00fd \u2713 Vodoodpudiv\u00fd efekt lotosov\u00fdch per\u00e1l \u2713 Absol\u00fatne mrazuvzdorn\u00e9\" \/>\n<meta property=\"og:url\" content=\"https:\/\/www.versiegelung24.com\/sk\/vzor-tesnenia-dlazobneho-kamena.html\" \/>\n<meta property=\"og:site_name\" content=\"versiegelung24.com\" \/>\n<meta property=\"article:modified_time\" content=\"2025-01-03T23:31:19+00:00\" \/>\n<meta property=\"og:image\" content=\"https:\/\/www.versiegelung24.com\/wp-content\/uploads\/2020\/04\/versiegelung-muster.png\" \/>\n\t<meta property=\"og:image:width\" content=\"1000\" \/>\n\t<meta property=\"og:image:height\" content=\"1000\" \/>\n\t<meta property=\"og:image:type\" content=\"image\/png\" \/>\n<meta name=\"twitter:card\" content=\"summary_large_image\" \/>\n<meta name=\"twitter:label1\" content=\"Cena\" \/>\n\t<meta name=\"twitter:data1\" content=\"14,99&euro;\" \/>\n\t<meta name=\"twitter:label2\" content=\"Dostupnos\u0165\" \/>\n\t<meta name=\"twitter:data2\" content=\"Na sklade\" \/>\n<script type=\"application\/ld+json\" class=\"yoast-schema-graph\">{\"@context\":\"https:\\\/\\\/schema.org\",\"@graph\":[{\"@type\":\"WebPage\",\"@id\":\"https:\\\/\\\/www.versiegelung24.com\\\/sk\\\/vzor-tesnenia-dlazobneho-kamena.html\",\"url\":\"https:\\\/\\\/www.versiegelung24.com\\\/sk\\\/vzor-tesnenia-dlazobneho-kamena.html\",\"name\":\"Vzorka: Utes\u0148ovanie dla\u017eby - 3006-7620 - versiegelung24.com\",\"isPartOf\":{\"@id\":\"https:\\\/\\\/www.versiegelung24.com\\\/sk\\\/#website\"},\"primaryImageOfPage\":{\"@id\":\"https:\\\/\\\/www.versiegelung24.com\\\/sk\\\/vzor-tesnenia-dlazobneho-kamena.html#primaryimage\"},\"image\":{\"@id\":\"https:\\\/\\\/www.versiegelung24.com\\\/sk\\\/vzor-tesnenia-dlazobneho-kamena.html#primaryimage\"},\"thumbnailUrl\":\"https:\\\/\\\/www.versiegelung24.com\\\/wp-content\\\/uploads\\\/2020\\\/04\\\/versiegelung-muster.png\",\"datePublished\":\"2020-06-24T09:29:26+00:00\",\"dateModified\":\"2025-01-03T23:31:19+00:00\",\"breadcrumb\":{\"@id\":\"https:\\\/\\\/www.versiegelung24.com\\\/sk\\\/vzor-tesnenia-dlazobneho-kamena.html#breadcrumb\"},\"inLanguage\":\"sk-SK\",\"potentialAction\":[{\"@type\":\"ReadAction\",\"target\":[\"https:\\\/\\\/www.versiegelung24.com\\\/sk\\\/vzor-tesnenia-dlazobneho-kamena.html\"]}]},{\"@type\":\"ImageObject\",\"inLanguage\":\"sk-SK\",\"@id\":\"https:\\\/\\\/www.versiegelung24.com\\\/sk\\\/vzor-tesnenia-dlazobneho-kamena.html#primaryimage\",\"url\":\"https:\\\/\\\/www.versiegelung24.com\\\/wp-content\\\/uploads\\\/2020\\\/04\\\/versiegelung-muster.png\",\"contentUrl\":\"https:\\\/\\\/www.versiegelung24.com\\\/wp-content\\\/uploads\\\/2020\\\/04\\\/versiegelung-muster.png\",\"width\":1000,\"height\":1000},{\"@type\":\"BreadcrumbList\",\"@id\":\"https:\\\/\\\/www.versiegelung24.com\\\/sk\\\/vzor-tesnenia-dlazobneho-kamena.html#breadcrumb\",\"itemListElement\":[{\"@type\":\"ListItem\",\"position\":1,\"name\":\"\u00davodn\u00e1 str\u00e1nka\",\"item\":\"https:\\\/\\\/www.versiegelung24.com\\\/sk\\\/predna-strana\\\/\"},{\"@type\":\"ListItem\",\"position\":2,\"name\":\"Obchod\",\"item\":\"https:\\\/\\\/www.versiegelung24.com\\\/sk\\\/obchod\\\/\"},{\"@type\":\"ListItem\",\"position\":3,\"name\":\"Vzorka: Utes\u0148ovanie dla\u017eby &#8211; 3006-7620\"}]},{\"@type\":\"WebSite\",\"@id\":\"https:\\\/\\\/www.versiegelung24.com\\\/sk\\\/#website\",\"url\":\"https:\\\/\\\/www.versiegelung24.com\\\/sk\\\/\",\"name\":\"versiegelung24.com\",\"description\":\"Fl\u00fcssigglas-Versiegelung - Made in Germany\",\"publisher\":{\"@id\":\"https:\\\/\\\/www.versiegelung24.com\\\/sk\\\/#organization\"},\"potentialAction\":[{\"@type\":\"SearchAction\",\"target\":{\"@type\":\"EntryPoint\",\"urlTemplate\":\"https:\\\/\\\/www.versiegelung24.com\\\/sk\\\/?s={search_term_string}\"},\"query-input\":{\"@type\":\"PropertyValueSpecification\",\"valueRequired\":true,\"valueName\":\"search_term_string\"}}],\"inLanguage\":\"sk-SK\"},{\"@type\":\"Organization\",\"@id\":\"https:\\\/\\\/www.versiegelung24.com\\\/sk\\\/#organization\",\"name\":\"versiegelung24\",\"url\":\"https:\\\/\\\/www.versiegelung24.com\\\/sk\\\/\",\"logo\":{\"@type\":\"ImageObject\",\"inLanguage\":\"sk-SK\",\"@id\":\"https:\\\/\\\/www.versiegelung24.com\\\/sk\\\/#\\\/schema\\\/logo\\\/image\\\/\",\"url\":\"https:\\\/\\\/www.versiegelung24.com\\\/wp-content\\\/uploads\\\/2020\\\/04\\\/versiegelung24.png\",\"contentUrl\":\"https:\\\/\\\/www.versiegelung24.com\\\/wp-content\\\/uploads\\\/2020\\\/04\\\/versiegelung24.png\",\"width\":470,\"height\":102,\"caption\":\"versiegelung24\"},\"image\":{\"@id\":\"https:\\\/\\\/www.versiegelung24.com\\\/sk\\\/#\\\/schema\\\/logo\\\/image\\\/\"}}]}<\/script>\n<meta property=\"product:price:amount\" content=\"14.99\" \/>\n<meta property=\"product:price:currency\" content=\"EUR\" \/>\n<meta property=\"og:availability\" content=\"instock\" \/>\n<meta property=\"product:availability\" content=\"instock\" \/>\n<meta property=\"product:retailer_item_id\" content=\"3006-7620-muster\" \/>\n<meta property=\"product:condition\" content=\"new\" \/>\n<!-- \/ Yoast SEO Premium plugin. -->","yoast_head_json":{"title":"Vzorka: Utes\u0148ovanie dla\u017eby - 3006-7620 - versiegelung24.com","robots":{"index":"index","follow":"follow","max-snippet":"max-snippet:-1","max-image-preview":"max-image-preview:large","max-video-preview":"max-video-preview:-1"},"canonical":"https:\/\/www.versiegelung24.com\/sk\/vzor-tesnenia-dlazobneho-kamena.html","og_locale":"sk_SK","og_type":"article","og_title":"Vzorka: Utes\u0148ovanie dla\u017eby - 3006-7620","og_description":"Vysoko \u00fa\u010dinn\u00e9 profesion\u00e1lne tesnenie pre vn\u00fatorn\u00e9 a vonkaj\u0161ie dla\u017eobn\u00e9 kocky : \u2713 Trval\u00e1 ochrana povrchu proti vode, \u0161pine a poveternostn\u00fdm vplyvom \u2713 Nevidite\u013en\u00fd: nezmenen\u00fd vzh\u013ead a dojem z povrchu \u2713 Dlhotrvaj\u00faci h\u013abkov\u00fd efekt po mnoho rokov \u2713 Povrch zost\u00e1va priedu\u0161n\u00fd \u2713 Vodoodpudiv\u00fd efekt lotosov\u00fdch per\u00e1l \u2713 Absol\u00fatne mrazuvzdorn\u00e9","og_url":"https:\/\/www.versiegelung24.com\/sk\/vzor-tesnenia-dlazobneho-kamena.html","og_site_name":"versiegelung24.com","article_modified_time":"2025-01-03T23:31:19+00:00","og_image":[{"width":1000,"height":1000,"url":"https:\/\/www.versiegelung24.com\/wp-content\/uploads\/2020\/04\/versiegelung-muster.png","type":"image\/png"}],"twitter_card":"summary_large_image","twitter_misc":{"Cena":"14,99&euro;","Dostupnos\u0165":"Na sklade"},"schema":{"@context":"https:\/\/schema.org","@graph":[{"@type":"WebPage","@id":"https:\/\/www.versiegelung24.com\/sk\/vzor-tesnenia-dlazobneho-kamena.html","url":"https:\/\/www.versiegelung24.com\/sk\/vzor-tesnenia-dlazobneho-kamena.html","name":"Vzorka: Utes\u0148ovanie dla\u017eby - 3006-7620 - versiegelung24.com","isPartOf":{"@id":"https:\/\/www.versiegelung24.com\/sk\/#website"},"primaryImageOfPage":{"@id":"https:\/\/www.versiegelung24.com\/sk\/vzor-tesnenia-dlazobneho-kamena.html#primaryimage"},"image":{"@id":"https:\/\/www.versiegelung24.com\/sk\/vzor-tesnenia-dlazobneho-kamena.html#primaryimage"},"thumbnailUrl":"https:\/\/www.versiegelung24.com\/wp-content\/uploads\/2020\/04\/versiegelung-muster.png","datePublished":"2020-06-24T09:29:26+00:00","dateModified":"2025-01-03T23:31:19+00:00","breadcrumb":{"@id":"https:\/\/www.versiegelung24.com\/sk\/vzor-tesnenia-dlazobneho-kamena.html#breadcrumb"},"inLanguage":"sk-SK","potentialAction":[{"@type":"ReadAction","target":["https:\/\/www.versiegelung24.com\/sk\/vzor-tesnenia-dlazobneho-kamena.html"]}]},{"@type":"ImageObject","inLanguage":"sk-SK","@id":"https:\/\/www.versiegelung24.com\/sk\/vzor-tesnenia-dlazobneho-kamena.html#primaryimage","url":"https:\/\/www.versiegelung24.com\/wp-content\/uploads\/2020\/04\/versiegelung-muster.png","contentUrl":"https:\/\/www.versiegelung24.com\/wp-content\/uploads\/2020\/04\/versiegelung-muster.png","width":1000,"height":1000},{"@type":"BreadcrumbList","@id":"https:\/\/www.versiegelung24.com\/sk\/vzor-tesnenia-dlazobneho-kamena.html#breadcrumb","itemListElement":[{"@type":"ListItem","position":1,"name":"\u00davodn\u00e1 str\u00e1nka","item":"https:\/\/www.versiegelung24.com\/sk\/predna-strana\/"},{"@type":"ListItem","position":2,"name":"Obchod","item":"https:\/\/www.versiegelung24.com\/sk\/obchod\/"},{"@type":"ListItem","position":3,"name":"Vzorka: Utes\u0148ovanie dla\u017eby &#8211; 3006-7620"}]},{"@type":"WebSite","@id":"https:\/\/www.versiegelung24.com\/sk\/#website","url":"https:\/\/www.versiegelung24.com\/sk\/","name":"versiegelung24.com","description":"Fl\u00fcssigglas-Versiegelung - Made in Germany","publisher":{"@id":"https:\/\/www.versiegelung24.com\/sk\/#organization"},"potentialAction":[{"@type":"SearchAction","target":{"@type":"EntryPoint","urlTemplate":"https:\/\/www.versiegelung24.com\/sk\/?s={search_term_string}"},"query-input":{"@type":"PropertyValueSpecification","valueRequired":true,"valueName":"search_term_string"}}],"inLanguage":"sk-SK"},{"@type":"Organization","@id":"https:\/\/www.versiegelung24.com\/sk\/#organization","name":"versiegelung24","url":"https:\/\/www.versiegelung24.com\/sk\/","logo":{"@type":"ImageObject","inLanguage":"sk-SK","@id":"https:\/\/www.versiegelung24.com\/sk\/#\/schema\/logo\/image\/","url":"https:\/\/www.versiegelung24.com\/wp-content\/uploads\/2020\/04\/versiegelung24.png","contentUrl":"https:\/\/www.versiegelung24.com\/wp-content\/uploads\/2020\/04\/versiegelung24.png","width":470,"height":102,"caption":"versiegelung24"},"image":{"@id":"https:\/\/www.versiegelung24.com\/sk\/#\/schema\/logo\/image\/"}}]},"product_price_amount":"14.99","product_price_currency":"EUR","og_availability":"instock","product_availability":"instock","product_retailer_item_id":"3006-7620-muster","product_condition":"new"},"_links":{"self":[{"href":"https:\/\/www.versiegelung24.com\/sk\/wp-json\/wp\/v2\/product\/24823","targetHints":{"allow":["GET"]}}],"collection":[{"href":"https:\/\/www.versiegelung24.com\/sk\/wp-json\/wp\/v2\/product"}],"about":[{"href":"https:\/\/www.versiegelung24.com\/sk\/wp-json\/wp\/v2\/types\/product"}],"version-history":[{"count":2,"href":"https:\/\/www.versiegelung24.com\/sk\/wp-json\/wp\/v2\/product\/24823\/revisions"}],"predecessor-version":[{"id":141072,"href":"https:\/\/www.versiegelung24.com\/sk\/wp-json\/wp\/v2\/product\/24823\/revisions\/141072"}],"wp:featuredmedia":[{"embeddable":true,"href":"https:\/\/www.versiegelung24.com\/sk\/wp-json\/wp\/v2\/media\/14619"}],"wp:attachment":[{"href":"https:\/\/www.versiegelung24.com\/sk\/wp-json\/wp\/v2\/media?parent=24823"}],"wp:term":[{"taxonomy":"product_brand","embeddable":true,"href":"https:\/\/www.versiegelung24.com\/sk\/wp-json\/wp\/v2\/product_brand?post=24823"},{"taxonomy":"product_cat","embeddable":true,"href":"https:\/\/www.versiegelung24.com\/sk\/wp-json\/wp\/v2\/product_cat?post=24823"},{"taxonomy":"product_tag","embeddable":true,"href":"https:\/\/www.versiegelung24.com\/sk\/wp-json\/wp\/v2\/product_tag?post=24823"}],"curies":[{"name":"wp","href":"https:\/\/api.w.org\/{rel}","templated":true}]}}