{"id":24988,"date":"2020-05-20T20:21:58","date_gmt":"2021-08-02T21:17:28","guid":{"rendered":"https:\/\/www.versiegelung24.com\/produkt\/dezinfekcny-prostriedok-na-ruky-dexan-500-ml-flasa"},"modified":"2025-01-13T16:40:31","modified_gmt":"2025-01-13T15:40:31","slug":"flasa-na-dezinfekciu-ruk-dexan-500ml","status":"publish","type":"product","link":"https:\/\/www.versiegelung24.com\/sk\/flasa-na-dezinfekciu-ruk-dexan-500ml.html","title":{"rendered":"Dezinfek\u010dn\u00fd prostriedok na ruky Dexan 500 ml f\u013ea\u0161a"},"content":{"rendered":"\n<h2 class=\"wp-block-heading\" id=\"gebrauchsfertige-alkoholbasierte-handedesinfektion-mit-pflegekomponente-aloe-vera\">Dezinfekcia r\u00fak na b\u00e1ze alkoholu pripraven\u00e1 na pou\u017eitie so zlo\u017ekami starostlivosti (aloe vera)<\/h2>\n\n<p>Obmedzen\u00e9 viruc\u00eddy (obalen\u00e9 v\u00edrusy <strong>Vr. Koronav\u00edrus<\/strong>HIV, HBV, HCV, chr\u00edpka, herpes, v\u00edrus Ebola at\u010f.)<\/p>\n\n<hr \/>\n\n<h4 class=\"wp-block-heading\" id=\"properties\">Vlastnosti produktu<\/h4>\n\n<div class=\"wp-block-columns is-layout-flex wp-container-core-columns-is-layout-9d6595d7 wp-block-columns-is-layout-flex\">\n<div class=\"wp-block-column is-layout-flow wp-block-column-is-layout-flow\">\n<p><br \/>\u00da\u010dinnos\u0165<strong>: Testovan\u00e9 pod\u013ea eur\u00f3pskych nemocni\u010dn\u00fdch noriem: EN 1040, EN 1275, EN 1276, EN 1500: 1 min; prEN 12054: 30s.<\/strong> Obmedzen\u00e9 viruc\u00eddy (obalen\u00e9 v\u00edrusy vr\u00e1tane koronav\u00edrusu, HIV, HBV, HCV, chr\u00edpky, herpesu, v\u00edrusu Ebola at\u010f.) Pod\u013ea smernice DVV \/ RKI: 15 s.<\/p>\n<\/div>\n\n\n\n<div class=\"wp-block-column is-layout-flow wp-block-column-is-layout-flow\">\n<p><br \/>U<strong>r\u010denie:<\/strong> Na hygienick\u00fa dezinfekciu r\u00fak.<\/p>\n\n\n\n<p><br \/><br \/>Z<strong>lo\u017eenie:<\/strong> 100 g obsahuje: 50,0 g etanolu, 10,0 g izopropanolu, 0,10 g benzalk\u00f3niumchloridu, \u010disten\u00fa vodu, extrakt z aloe vera.<\/p>\n<\/div>\n<\/div>\n\n<hr \/>\n\n<h4 class=\"wp-block-heading\" id=\"application\">Aplik\u00e1cia<\/h4>\n\n<p>Do suchej dlani dajte dostatok Dexanu, aby boli v\u0161etky oblasti r\u00fak \u00faplne pokryt\u00e9 pr\u00edpravkom. D\u00f4kladne vmas\u00edrujte do r\u00fak, po\u010das vtierania dr\u017ete ruky vlhk\u00e9.<\/p>\n\n<hr \/>\n\n<h4 class=\"wp-block-heading\" id=\"advisor\">Poradca<\/h4>\n\n<p><br \/>B<strong>ezpe\u010dnostn\u00e9 pokyny:<\/strong> Vysoko hor\u013eav\u00e1 kvapalina a pary. Sp\u00f4sobuje v\u00e1\u017ene podr\u00e1\u017edenie o\u010d\u00ed. Uchov\u00e1vajte mimo dosahu tepla, hor\u00facich povrchov, iskier, otvoren\u00e9ho oh\u0148a a in\u00fdch zdrojov vznietenia. Nefaj\u010dite. Uchov\u00e1vajte n\u00e1dobu tesne uzavret\u00fa. PRI ZASIAHNUT\u00cd O\u010c\u00cd: Opatrne nieko\u013eko min\u00fat vyplachujte vodou. Ak je to mo\u017en\u00e9, odstr\u00e1\u0148te v\u0161etky kontaktn\u00e9 \u0161o\u0161ovky. Pokra\u010dujte vo vyplachovan\u00ed. Uchov\u00e1vajte mimo dosahu det\u00ed. Bioc\u00eddne reg. \u010d\u00edslo: 75940 Dezinfek\u010dn\u00fd prostriedok pou\u017e\u00edvajte opatrne. Pred pou\u017eit\u00edm si v\u017edy pre\u010d\u00edtajte etiketu a inform\u00e1cie o v\u00fdrobku.<\/p>\n","protected":false},"excerpt":{"rendered":"<p><strong>Dezinfekcia r\u00fak na alkoholovej b\u00e1ze pripraven\u00e1 na pou\u017eitie:<\/strong><\/p>\n<p>\u2713 S o\u0161etruj\u00facou zlo\u017ekou (aloe vera)<\/p>\n<p>\u2713 Obmedzen\u00e9 viruc\u00eddne (obalen\u00e9 v\u00edrusy vr\u00e1tane koronav\u00edrusu, HIV, HBV, HCV, chr\u00edpky, herpesu, v\u00edrusu Ebola at\u010f.)<\/p>\n","protected":false},"featured_media":15544,"template":"","meta":{"_acf_changed":false,"neve_meta_sidebar":"","neve_meta_container":"","neve_meta_enable_content_width":"","neve_meta_content_width":0,"neve_meta_title_alignment":"","neve_meta_author_avatar":"","neve_post_elements_order":"","neve_meta_disable_header":"","neve_meta_disable_footer":"","neve_meta_disable_title":"","neve_meta_reading_time":"","_surfaces":[],"_ver_product_tabs":[],"footnotes":""},"product_brand":[],"product_cat":[2381,2711],"product_tag":[],"class_list":{"0":"post-24988","1":"product","2":"type-product","3":"status-publish","4":"has-post-thumbnail","6":"product_cat-dezinfekcne-prostriedky","7":"product_cat-pripravok-na-dezinfekciu-ruk","9":"first","10":"instock","11":"taxable","12":"shipping-taxable","13":"purchasable","14":"product-type-simple"},"acf":[],"yoast_head":"<!-- This site is optimized with the Yoast SEO Premium plugin v22.8 (Yoast SEO v27.5) - https:\/\/yoast.com\/product\/yoast-seo-premium-wordpress\/ -->\n<title>Dezinfek\u010dn\u00fd prostriedok na ruky Dexan 500 ml f\u013ea\u0161a - versiegelung24.com<\/title>\n<meta name=\"robots\" content=\"index, follow, max-snippet:-1, max-image-preview:large, max-video-preview:-1\" \/>\n<link rel=\"canonical\" href=\"https:\/\/www.versiegelung24.com\/sk\/flasa-na-dezinfekciu-ruk-dexan-500ml.html\" \/>\n<meta property=\"og:locale\" content=\"sk_SK\" \/>\n<meta property=\"og:type\" content=\"article\" \/>\n<meta property=\"og:title\" content=\"Dezinfek\u010dn\u00fd prostriedok na ruky Dexan 500 ml f\u013ea\u0161a\" \/>\n<meta property=\"og:description\" content=\"Dezinfekcia r\u00fak na alkoholovej b\u00e1ze pripraven\u00e1 na pou\u017eitie: \u2713 S o\u0161etruj\u00facou zlo\u017ekou (aloe vera) \u2713 Obmedzen\u00e9 viruc\u00eddne (obalen\u00e9 v\u00edrusy vr\u00e1tane koronav\u00edrusu, HIV, HBV, HCV, chr\u00edpky, herpesu, v\u00edrusu Ebola at\u010f.)\" \/>\n<meta property=\"og:url\" content=\"https:\/\/www.versiegelung24.com\/sk\/flasa-na-dezinfekciu-ruk-dexan-500ml.html\" \/>\n<meta property=\"og:site_name\" content=\"versiegelung24.com\" \/>\n<meta property=\"article:modified_time\" content=\"2025-01-13T15:40:31+00:00\" \/>\n<meta property=\"og:image\" content=\"https:\/\/www.versiegelung24.com\/wp-content\/uploads\/2020\/05\/dexan-haendedesinfektionsmittel-500ml-1.png\" \/>\n\t<meta property=\"og:image:width\" content=\"2000\" \/>\n\t<meta property=\"og:image:height\" content=\"2000\" \/>\n\t<meta property=\"og:image:type\" content=\"image\/png\" \/>\n<meta name=\"twitter:card\" content=\"summary_large_image\" \/>\n<meta name=\"twitter:label1\" content=\"Cena\" \/>\n\t<meta name=\"twitter:data1\" content=\"9,99&euro;\" \/>\n\t<meta name=\"twitter:label2\" content=\"Dostupnos\u0165\" \/>\n\t<meta name=\"twitter:data2\" content=\"Na sklade\" \/>\n<script type=\"application\/ld+json\" class=\"yoast-schema-graph\">{\"@context\":\"https:\\\/\\\/schema.org\",\"@graph\":[{\"@type\":\"WebPage\",\"@id\":\"https:\\\/\\\/www.versiegelung24.com\\\/sk\\\/flasa-na-dezinfekciu-ruk-dexan-500ml.html\",\"url\":\"https:\\\/\\\/www.versiegelung24.com\\\/sk\\\/flasa-na-dezinfekciu-ruk-dexan-500ml.html\",\"name\":\"Dezinfek\u010dn\u00fd prostriedok na ruky Dexan 500 ml f\u013ea\u0161a - versiegelung24.com\",\"isPartOf\":{\"@id\":\"https:\\\/\\\/www.versiegelung24.com\\\/sk\\\/#website\"},\"primaryImageOfPage\":{\"@id\":\"https:\\\/\\\/www.versiegelung24.com\\\/sk\\\/flasa-na-dezinfekciu-ruk-dexan-500ml.html#primaryimage\"},\"image\":{\"@id\":\"https:\\\/\\\/www.versiegelung24.com\\\/sk\\\/flasa-na-dezinfekciu-ruk-dexan-500ml.html#primaryimage\"},\"thumbnailUrl\":\"https:\\\/\\\/www.versiegelung24.com\\\/wp-content\\\/uploads\\\/2020\\\/05\\\/dexan-haendedesinfektionsmittel-500ml-1.png\",\"datePublished\":\"2021-08-02T21:17:28+00:00\",\"dateModified\":\"2025-01-13T15:40:31+00:00\",\"breadcrumb\":{\"@id\":\"https:\\\/\\\/www.versiegelung24.com\\\/sk\\\/flasa-na-dezinfekciu-ruk-dexan-500ml.html#breadcrumb\"},\"inLanguage\":\"sk-SK\",\"potentialAction\":[{\"@type\":\"ReadAction\",\"target\":[\"https:\\\/\\\/www.versiegelung24.com\\\/sk\\\/flasa-na-dezinfekciu-ruk-dexan-500ml.html\"]}]},{\"@type\":\"ImageObject\",\"inLanguage\":\"sk-SK\",\"@id\":\"https:\\\/\\\/www.versiegelung24.com\\\/sk\\\/flasa-na-dezinfekciu-ruk-dexan-500ml.html#primaryimage\",\"url\":\"https:\\\/\\\/www.versiegelung24.com\\\/wp-content\\\/uploads\\\/2020\\\/05\\\/dexan-haendedesinfektionsmittel-500ml-1.png\",\"contentUrl\":\"https:\\\/\\\/www.versiegelung24.com\\\/wp-content\\\/uploads\\\/2020\\\/05\\\/dexan-haendedesinfektionsmittel-500ml-1.png\",\"width\":2000,\"height\":2000},{\"@type\":\"BreadcrumbList\",\"@id\":\"https:\\\/\\\/www.versiegelung24.com\\\/sk\\\/flasa-na-dezinfekciu-ruk-dexan-500ml.html#breadcrumb\",\"itemListElement\":[{\"@type\":\"ListItem\",\"position\":1,\"name\":\"\u00davodn\u00e1 str\u00e1nka\",\"item\":\"https:\\\/\\\/www.versiegelung24.com\\\/sk\\\/predna-strana\\\/\"},{\"@type\":\"ListItem\",\"position\":2,\"name\":\"Obchod\",\"item\":\"https:\\\/\\\/www.versiegelung24.com\\\/sk\\\/obchod\\\/\"},{\"@type\":\"ListItem\",\"position\":3,\"name\":\"Dezinfek\u010dn\u00fd prostriedok na ruky Dexan 500 ml f\u013ea\u0161a\"}]},{\"@type\":\"WebSite\",\"@id\":\"https:\\\/\\\/www.versiegelung24.com\\\/sk\\\/#website\",\"url\":\"https:\\\/\\\/www.versiegelung24.com\\\/sk\\\/\",\"name\":\"versiegelung24.com\",\"description\":\"Fl\u00fcssigglas-Versiegelung - Made in Germany\",\"publisher\":{\"@id\":\"https:\\\/\\\/www.versiegelung24.com\\\/sk\\\/#organization\"},\"potentialAction\":[{\"@type\":\"SearchAction\",\"target\":{\"@type\":\"EntryPoint\",\"urlTemplate\":\"https:\\\/\\\/www.versiegelung24.com\\\/sk\\\/?s={search_term_string}\"},\"query-input\":{\"@type\":\"PropertyValueSpecification\",\"valueRequired\":true,\"valueName\":\"search_term_string\"}}],\"inLanguage\":\"sk-SK\"},{\"@type\":\"Organization\",\"@id\":\"https:\\\/\\\/www.versiegelung24.com\\\/sk\\\/#organization\",\"name\":\"versiegelung24\",\"url\":\"https:\\\/\\\/www.versiegelung24.com\\\/sk\\\/\",\"logo\":{\"@type\":\"ImageObject\",\"inLanguage\":\"sk-SK\",\"@id\":\"https:\\\/\\\/www.versiegelung24.com\\\/sk\\\/#\\\/schema\\\/logo\\\/image\\\/\",\"url\":\"https:\\\/\\\/www.versiegelung24.com\\\/wp-content\\\/uploads\\\/2020\\\/04\\\/versiegelung24.png\",\"contentUrl\":\"https:\\\/\\\/www.versiegelung24.com\\\/wp-content\\\/uploads\\\/2020\\\/04\\\/versiegelung24.png\",\"width\":470,\"height\":102,\"caption\":\"versiegelung24\"},\"image\":{\"@id\":\"https:\\\/\\\/www.versiegelung24.com\\\/sk\\\/#\\\/schema\\\/logo\\\/image\\\/\"}}]}<\/script>\n<meta property=\"product:price:amount\" content=\"9.99\" \/>\n<meta property=\"product:price:currency\" content=\"EUR\" \/>\n<meta property=\"og:availability\" content=\"instock\" \/>\n<meta property=\"product:availability\" content=\"instock\" \/>\n<meta property=\"product:retailer_item_id\" content=\"dexan-500\" \/>\n<meta property=\"product:condition\" content=\"new\" \/>\n<!-- \/ Yoast SEO Premium plugin. -->","yoast_head_json":{"title":"Dezinfek\u010dn\u00fd prostriedok na ruky Dexan 500 ml f\u013ea\u0161a - versiegelung24.com","robots":{"index":"index","follow":"follow","max-snippet":"max-snippet:-1","max-image-preview":"max-image-preview:large","max-video-preview":"max-video-preview:-1"},"canonical":"https:\/\/www.versiegelung24.com\/sk\/flasa-na-dezinfekciu-ruk-dexan-500ml.html","og_locale":"sk_SK","og_type":"article","og_title":"Dezinfek\u010dn\u00fd prostriedok na ruky Dexan 500 ml f\u013ea\u0161a","og_description":"Dezinfekcia r\u00fak na alkoholovej b\u00e1ze pripraven\u00e1 na pou\u017eitie: \u2713 S o\u0161etruj\u00facou zlo\u017ekou (aloe vera) \u2713 Obmedzen\u00e9 viruc\u00eddne (obalen\u00e9 v\u00edrusy vr\u00e1tane koronav\u00edrusu, HIV, HBV, HCV, chr\u00edpky, herpesu, v\u00edrusu Ebola at\u010f.)","og_url":"https:\/\/www.versiegelung24.com\/sk\/flasa-na-dezinfekciu-ruk-dexan-500ml.html","og_site_name":"versiegelung24.com","article_modified_time":"2025-01-13T15:40:31+00:00","og_image":[{"width":2000,"height":2000,"url":"https:\/\/www.versiegelung24.com\/wp-content\/uploads\/2020\/05\/dexan-haendedesinfektionsmittel-500ml-1.png","type":"image\/png"}],"twitter_card":"summary_large_image","twitter_misc":{"Cena":"9,99&euro;","Dostupnos\u0165":"Na sklade"},"schema":{"@context":"https:\/\/schema.org","@graph":[{"@type":"WebPage","@id":"https:\/\/www.versiegelung24.com\/sk\/flasa-na-dezinfekciu-ruk-dexan-500ml.html","url":"https:\/\/www.versiegelung24.com\/sk\/flasa-na-dezinfekciu-ruk-dexan-500ml.html","name":"Dezinfek\u010dn\u00fd prostriedok na ruky Dexan 500 ml f\u013ea\u0161a - versiegelung24.com","isPartOf":{"@id":"https:\/\/www.versiegelung24.com\/sk\/#website"},"primaryImageOfPage":{"@id":"https:\/\/www.versiegelung24.com\/sk\/flasa-na-dezinfekciu-ruk-dexan-500ml.html#primaryimage"},"image":{"@id":"https:\/\/www.versiegelung24.com\/sk\/flasa-na-dezinfekciu-ruk-dexan-500ml.html#primaryimage"},"thumbnailUrl":"https:\/\/www.versiegelung24.com\/wp-content\/uploads\/2020\/05\/dexan-haendedesinfektionsmittel-500ml-1.png","datePublished":"2021-08-02T21:17:28+00:00","dateModified":"2025-01-13T15:40:31+00:00","breadcrumb":{"@id":"https:\/\/www.versiegelung24.com\/sk\/flasa-na-dezinfekciu-ruk-dexan-500ml.html#breadcrumb"},"inLanguage":"sk-SK","potentialAction":[{"@type":"ReadAction","target":["https:\/\/www.versiegelung24.com\/sk\/flasa-na-dezinfekciu-ruk-dexan-500ml.html"]}]},{"@type":"ImageObject","inLanguage":"sk-SK","@id":"https:\/\/www.versiegelung24.com\/sk\/flasa-na-dezinfekciu-ruk-dexan-500ml.html#primaryimage","url":"https:\/\/www.versiegelung24.com\/wp-content\/uploads\/2020\/05\/dexan-haendedesinfektionsmittel-500ml-1.png","contentUrl":"https:\/\/www.versiegelung24.com\/wp-content\/uploads\/2020\/05\/dexan-haendedesinfektionsmittel-500ml-1.png","width":2000,"height":2000},{"@type":"BreadcrumbList","@id":"https:\/\/www.versiegelung24.com\/sk\/flasa-na-dezinfekciu-ruk-dexan-500ml.html#breadcrumb","itemListElement":[{"@type":"ListItem","position":1,"name":"\u00davodn\u00e1 str\u00e1nka","item":"https:\/\/www.versiegelung24.com\/sk\/predna-strana\/"},{"@type":"ListItem","position":2,"name":"Obchod","item":"https:\/\/www.versiegelung24.com\/sk\/obchod\/"},{"@type":"ListItem","position":3,"name":"Dezinfek\u010dn\u00fd prostriedok na ruky Dexan 500 ml f\u013ea\u0161a"}]},{"@type":"WebSite","@id":"https:\/\/www.versiegelung24.com\/sk\/#website","url":"https:\/\/www.versiegelung24.com\/sk\/","name":"versiegelung24.com","description":"Fl\u00fcssigglas-Versiegelung - Made in Germany","publisher":{"@id":"https:\/\/www.versiegelung24.com\/sk\/#organization"},"potentialAction":[{"@type":"SearchAction","target":{"@type":"EntryPoint","urlTemplate":"https:\/\/www.versiegelung24.com\/sk\/?s={search_term_string}"},"query-input":{"@type":"PropertyValueSpecification","valueRequired":true,"valueName":"search_term_string"}}],"inLanguage":"sk-SK"},{"@type":"Organization","@id":"https:\/\/www.versiegelung24.com\/sk\/#organization","name":"versiegelung24","url":"https:\/\/www.versiegelung24.com\/sk\/","logo":{"@type":"ImageObject","inLanguage":"sk-SK","@id":"https:\/\/www.versiegelung24.com\/sk\/#\/schema\/logo\/image\/","url":"https:\/\/www.versiegelung24.com\/wp-content\/uploads\/2020\/04\/versiegelung24.png","contentUrl":"https:\/\/www.versiegelung24.com\/wp-content\/uploads\/2020\/04\/versiegelung24.png","width":470,"height":102,"caption":"versiegelung24"},"image":{"@id":"https:\/\/www.versiegelung24.com\/sk\/#\/schema\/logo\/image\/"}}]},"product_price_amount":"9.99","product_price_currency":"EUR","og_availability":"instock","product_availability":"instock","product_retailer_item_id":"dexan-500","product_condition":"new"},"_links":{"self":[{"href":"https:\/\/www.versiegelung24.com\/sk\/wp-json\/wp\/v2\/product\/24988","targetHints":{"allow":["GET"]}}],"collection":[{"href":"https:\/\/www.versiegelung24.com\/sk\/wp-json\/wp\/v2\/product"}],"about":[{"href":"https:\/\/www.versiegelung24.com\/sk\/wp-json\/wp\/v2\/types\/product"}],"version-history":[{"count":13,"href":"https:\/\/www.versiegelung24.com\/sk\/wp-json\/wp\/v2\/product\/24988\/revisions"}],"predecessor-version":[{"id":180598,"href":"https:\/\/www.versiegelung24.com\/sk\/wp-json\/wp\/v2\/product\/24988\/revisions\/180598"}],"wp:featuredmedia":[{"embeddable":true,"href":"https:\/\/www.versiegelung24.com\/sk\/wp-json\/wp\/v2\/media\/15544"}],"wp:attachment":[{"href":"https:\/\/www.versiegelung24.com\/sk\/wp-json\/wp\/v2\/media?parent=24988"}],"wp:term":[{"taxonomy":"product_brand","embeddable":true,"href":"https:\/\/www.versiegelung24.com\/sk\/wp-json\/wp\/v2\/product_brand?post=24988"},{"taxonomy":"product_cat","embeddable":true,"href":"https:\/\/www.versiegelung24.com\/sk\/wp-json\/wp\/v2\/product_cat?post=24988"},{"taxonomy":"product_tag","embeddable":true,"href":"https:\/\/www.versiegelung24.com\/sk\/wp-json\/wp\/v2\/product_tag?post=24988"}],"curies":[{"name":"wp","href":"https:\/\/api.w.org\/{rel}","templated":true}]}}