{"id":37513,"date":"2021-09-27T11:17:44","date_gmt":"2021-09-27T09:32:02","guid":{"rendered":"https:\/\/www.versiegelung24.com\/produkt\/ochranna-vrstva-mobilneho-telefonu-z-tekuteho-skla-proti-bakteriam-a-virusom"},"modified":"2025-01-05T15:38:31","modified_gmt":"2025-01-05T14:38:31","slug":"prakticka-tekuta-sklenena-ochranna-vrstva-proti-bakteriam-virusom","status":"publish","type":"product","link":"https:\/\/www.versiegelung24.com\/sk\/prakticka-tekuta-sklenena-ochranna-vrstva-proti-bakteriam-virusom.html","title":{"rendered":"Smartf\u00f3n a mobiln\u00fd telef\u00f3n, dlhodob\u00fd dezinfek\u010dn\u00fd prostriedok proti bakt\u00e9ri\u00e1m a v\u00edrusom"},"content":{"rendered":"\n<h2 class=\"wp-block-heading\" id=\"h-neuheit-am-markt-smartphones-amp-handys-fur-3-monate-mit-einer-unsichtbaren-flussigglas-schicht-gegen-bakterien-viren-und-pilze-schutzen\">Novinka na trhu: Chr\u00e1\u0148te smartf\u00f3ny a mobiln\u00e9 telef\u00f3ny pred bakt\u00e9riami, v\u00edrusmi a hubami po dobu 3 mesiacov<\/h2>\n<div class=\"wp-block-image\">\n<figure class=\"aligncenter size-large\"><img fetchpriority=\"high\" decoding=\"async\" width=\"2560\" height=\"1440\" src=\"https:\/\/www.versiegelung24.com\/wp-content\/uploads\/2021\/09\/handy_bakterien-viren-edited-scaled.jpeg\" alt=\"\" class=\"wp-image-38698\" srcset=\"https:\/\/www.versiegelung24.com\/wp-content\/uploads\/2021\/09\/handy_bakterien-viren-edited-scaled.jpeg 2560w, https:\/\/www.versiegelung24.com\/wp-content\/uploads\/2021\/09\/handy_bakterien-viren-edited-scaled-600x338.jpeg 600w, https:\/\/www.versiegelung24.com\/wp-content\/uploads\/2021\/09\/handy_bakterien-viren-edited-300x169.jpeg 300w, https:\/\/www.versiegelung24.com\/wp-content\/uploads\/2021\/09\/handy_bakterien-viren-edited-1300x731.jpeg 1300w, https:\/\/www.versiegelung24.com\/wp-content\/uploads\/2021\/09\/handy_bakterien-viren-edited-768x432.jpeg 768w, https:\/\/www.versiegelung24.com\/wp-content\/uploads\/2021\/09\/handy_bakterien-viren-edited-1536x864.jpeg 1536w, https:\/\/www.versiegelung24.com\/wp-content\/uploads\/2021\/09\/handy_bakterien-viren-edited-2048x1152.jpeg 2048w\" sizes=\"(max-width: 2560px) 100vw, 2560px\" \/><figcaption class=\"wp-element-caption\">Smartf\u00f3n ako nosi\u010d bakt\u00e9ri\u00ed, v\u00edrusov a plesn\u00ed<\/figcaption><\/figure>\n<\/div>\n<p>Smartf\u00f3n je dnes neust\u00e1lym spolo\u010dn\u00edkom. Mnoho \u013eud\u00ed to po\u010das d\u0148a zoberie stokr\u00e1t. Mobiln\u00fd telef\u00f3n je pr\u00edtomn\u00fd v\u0161ade<strong> &#8211;<\/strong> \u010di u\u017e pri sp\u00e1nku a odpo\u010dinku, \u010di u\u017e na toalete alebo po\u010das \u0161portu a oddychu. Skuto\u010dn\u00e1 hostina na prenos v\u00edrusov a bakt\u00e9ri\u00ed. <\/p>\n\n<p>U\u017e\u00edvate\u013e by mal bra\u0165 riziko bakt\u00e9ri\u00ed, plesn\u00ed a v\u00edrusov na smartf\u00f3noch ve\u013emi v\u00e1\u017ene. Nielen\u017ee s\u00fa nehygienick\u00e9, ale m\u00f4\u017eu ma\u0165 vplyv na pohodu a zdravie. Mimochodom, je ove\u013ea pr\u00edjemnej\u0161ie pou\u017e\u00edva\u0165 v\u0161eobecne \u010dist\u00fd a hygienicky udr\u017eiavan\u00fd mobiln\u00fd telef\u00f3n alebo smartphone.<\/p>\n\n<hr\/>\n\n<h4 class=\"wp-block-heading\" id=\"video\">Video<\/h4>\n\n<figure class=\"wp-block-embed aligncenter is-type-rich is-provider-handler-einbetten wp-block-embed-handler-einbetten wp-embed-aspect-16-9 wp-has-aspect-ratio\"><div class=\"wp-block-embed__wrapper\"> \n<div class=\"nv-iframe-embed\"><iframe title=\"Award-winning Mobile Phone Sanitizer by LiquiGlas (904)\" width=\"1200\" height=\"675\" src=\"https:\/\/www.youtube.com\/embed\/OPwnhKcFTvA?feature=oembed\" frameborder=\"0\" allow=\"accelerometer; autoplay; clipboard-write; encrypted-media; gyroscope; picture-in-picture\" allowfullscreen><\/iframe><\/div>\n <\/div><\/figure>\n\n<hr\/>\n\n<h4 class=\"wp-block-heading\" id=\"properties\">Vlastnosti produktu<\/h4>\n\n<div class=\"wp-block-columns is-layout-flex wp-container-core-columns-is-layout-9d6595d7 wp-block-columns-is-layout-flex\">\n<div class=\"wp-block-column is-layout-flow wp-block-column-is-layout-flow\">\n<h2 class=\"wp-block-heading\" id=\"die-highlights-auf-einen-blick\">Hlavn\u00e9 body na prv\u00fd poh\u013ead<\/h2>\n\n\n\n<p><br\/><br\/><br\/><br\/><br\/>&#8211; v\u00fdnimo\u010dn\u00e1 a\u017e jedine\u010dn\u00e1 dlhodob\u00e1 ochrana proti bakt\u00e9ri\u00e1m &#8211; zaru\u010den\u00e1 neutraliz\u00e1cia bakt\u00e9ri\u00ed, plesn\u00ed a v\u00edrusov &#8211; jednoduch\u00e9 a \u013eahk\u00e9 pou\u017eitie &#8211; dezinfekcia na lek\u00e1rskej \u00farovni &#8211; dodato\u010dn\u00e1 ochrana proti koronav\u00edrusu &#8211; v\u00ed\u0165az ocenenia MedTech Award 2020 &#8211; najlep\u0161\u00ed dlhodob\u00fd \u00fa\u010dinok na povrchy proti patog\u00e9nom<\/p>\n<\/div>\n\n\n\n<div class=\"wp-block-column is-layout-flow wp-block-column-is-layout-flow\">\n<h2 class=\"wp-block-heading\" id=\"lieferumfang\">rozsah doru\u010denia<\/h2>\n\n\n\n<p>12 obr\u00faskov na ochranu pred bakt\u00e9riami, na pou\u017eitie 1 x t\u00fd\u017edenne = 3 mesiace<\/p>\n<\/div>\n<\/div>\n\n<hr\/>\n\n<h4 class=\"wp-block-heading\" id=\"application\">Aplik\u00e1cia<\/h4>\n\n<h2 class=\"wp-block-heading\" id=\"die-anwendung-hygienisch-sauberes-handy\">Aplik\u00e1cia &#8211; hygienicky \u010dist\u00fd mobiln\u00fd telef\u00f3n<\/h2>\n\n<div class=\"wp-block-getwid-toggle has-icon-left\">\n<div class=\"wp-block-getwid-toggle__row\"><div class=\"wp-block-getwid-toggle__header-wrapper\"><span class=\"wp-block-getwid-toggle__header\"><a href=\"#\"><span class=\"wp-block-getwid-toggle__header-title\">1. Smartphone s\u00e4ubern<\/span><span class=\"wp-block-getwid-toggle__icon is-active\"><i class=\"fas fa-plus\"><\/i><\/span><span class=\"wp-block-getwid-toggle__icon is-passive\"><i class=\"fas fa-minus\"><\/i><\/span><\/a><\/span><\/div><div class=\"wp-block-getwid-toggle__content-wrapper\"><div class=\"wp-block-getwid-toggle__content\">\n<p>Koncov\u00e9 zariadenie sa vpredu a vzadu otrie handri\u010dkou z mikrovl\u00e1kna alebo suchou handri\u010dkou, ktor\u00e1 nep\u00fa\u0161\u0165a vl\u00e1kna, s cie\u013eom odstr\u00e1ni\u0165 odtla\u010dky prstov, ne\u010distoty a ak\u00e9ko\u013evek odreniny.<\/p>\n<\/div><\/div><\/div>\n\n\n\n<div class=\"wp-block-getwid-toggle__row\"><div class=\"wp-block-getwid-toggle__header-wrapper\"><span class=\"wp-block-getwid-toggle__header\"><a href=\"#\"><span class=\"wp-block-getwid-toggle__header-title\">2. Smartphone desinfizieren<\/span><span class=\"wp-block-getwid-toggle__icon is-active\"><i class=\"fas fa-plus\"><\/i><\/span><span class=\"wp-block-getwid-toggle__icon is-passive\"><i class=\"fas fa-minus\"><\/i><\/span><\/a><\/span><\/div><div class=\"wp-block-getwid-toggle__content-wrapper\"><div class=\"wp-block-getwid-toggle__content\">\n<p>Balenie s 12 kusmi sa otvor\u00ed a vyberie sa prv\u00e1 zmr\u0161\u0165ovacia dezinfek\u010dn\u00e1 utierka. Jednou stranou dezinfek\u010dn\u00e9ho obr\u00fasku sa mobiln\u00fd telef\u00f3n na prednej a zadnej strane d\u00f4kladne vy\u010dist\u00ed, in\u00fdmi slovami zotrie. Nasleduje asi 30 sek\u00fand dezinfekcia koncov\u00e9ho zariadenia druhou, st\u00e1le \u010distou stranou utierky. To na jeho povrchu vytv\u00e1ra mierny z\u00e1voj.<\/p>\n<\/div><\/div><\/div>\n\n\n\n<div class=\"wp-block-getwid-toggle__row\"><div class=\"wp-block-getwid-toggle__header-wrapper\"><span class=\"wp-block-getwid-toggle__header\"><a href=\"#\"><span class=\"wp-block-getwid-toggle__header-title\">3. Trocknungsvorgang<\/span><span class=\"wp-block-getwid-toggle__icon is-active\"><i class=\"fas fa-plus\"><\/i><\/span><span class=\"wp-block-getwid-toggle__icon is-passive\"><i class=\"fas fa-minus\"><\/i><\/span><\/a><\/span><\/div><div class=\"wp-block-getwid-toggle__content-wrapper\"><div class=\"wp-block-getwid-toggle__content\">\n<p>Potom nasleduje dvoj a\u017e trojmin\u00fatov\u00fd proces su\u0161enia. Nanesen\u00e1 kvapalina p\u00f4sob\u00ed a vytv\u00e1ra dezinfek\u010dn\u00fa ochrann\u00fa vrstvu.<\/p>\n<\/div><\/div><\/div>\n\n\n\n<div class=\"wp-block-getwid-toggle__row\"><div class=\"wp-block-getwid-toggle__header-wrapper\"><span class=\"wp-block-getwid-toggle__header\"><a href=\"#\"><span class=\"wp-block-getwid-toggle__header-title\">4. Nachpolieren<\/span><span class=\"wp-block-getwid-toggle__icon is-active\"><i class=\"fas fa-plus\"><\/i><\/span><span class=\"wp-block-getwid-toggle__icon is-passive\"><i class=\"fas fa-minus\"><\/i><\/span><\/a><\/span><\/div><div class=\"wp-block-getwid-toggle__content-wrapper\"><div class=\"wp-block-getwid-toggle__content\">\n<p>Na konci procesu su\u0161enia sa mobiln\u00fd telef\u00f3n op\u00e4\u0165 prikryje \u010distou su\u0161iacou handri\u010dkou<strong> &#8211;<\/strong> napr\u00edklad vyroben\u00e9 z mikrovl\u00e1kna<strong> &#8211;<\/strong> Le\u0161ten\u00e9, k\u00fdm povrch nie je bez \u0161m\u00fah. Teraz vyvinut\u00e1 dlhodob\u00e1 dezinfek\u010dn\u00e1 ochrana intenz\u00edvne funguje \u010fal\u0161\u00edch sedem a\u017e desa\u0165 dn\u00ed.<\/p>\n<\/div><\/div><\/div>\n<\/div>\n\n<br\/>\n\n<hr\/>\n\n<h4 class=\"wp-block-heading\" id=\"advisor\">Poradca<\/h4>\n\n<h2 class=\"wp-block-heading\" id=\"award-gewinner-handy-desinfektion-raumt-ab\">V\u00ed\u0165az ceny &#8211; dezinfekcia mobiln\u00e9ho telef\u00f3nu v\u00ed\u0165az\u00ed<\/h2>\n\n<p>Novinkou na trhu s dezinfek\u010dnou ochranou koncov\u00fdch mobiln\u00fdch zariaden\u00ed, ak\u00fdmi s\u00fa mobiln\u00e9 telef\u00f3ny, smartf\u00f3ny alebo tablety, je 12-balenie ochrann\u00fdch bakteri\u00e1lnych obr\u00faskov od CCM\u00ae. CCM je skratka pre Creative Chemical Manufacturer GmbH so s\u00eddlom v Overathe, Severn\u00e9 Por\u00fdnie-Vestf\u00e1lsko.<\/p>\n\n<figure class=\"wp-block-image size-full\"><img decoding=\"async\" width=\"700\" height=\"207\" src=\"https:\/\/www.versiegelung24.com\/wp-content\/uploads\/2021\/09\/2020-MedTech-Awards-2.png\" alt=\"\" class=\"wp-image-37295\" srcset=\"https:\/\/www.versiegelung24.com\/wp-content\/uploads\/2021\/09\/2020-MedTech-Awards-2.png 700w, https:\/\/www.versiegelung24.com\/wp-content\/uploads\/2021\/09\/2020-MedTech-Awards-2-600x177.png 600w, https:\/\/www.versiegelung24.com\/wp-content\/uploads\/2021\/09\/2020-MedTech-Awards-2-300x89.png 300w\" sizes=\"(max-width: 700px) 100vw, 700px\" \/><figcaption class=\"wp-element-caption\"><strong>Ocenen\u00fd cenou MedTech &#8211; najlep\u0161ie dlhodob\u00e9 rie\u0161enie ochrany proti patog\u00e9nom<\/strong><\/figcaption><\/figure>\n\n<h2 class=\"wp-block-heading\" id=\"ohne-handy-und-smartphone-desinfizieren-geht-es-einfach-nicht\">Dezinfekcia bez mobiln\u00e9ho telef\u00f3nu a smartf\u00f3nu jednoducho nie je mo\u017en\u00e1!<\/h2>\n\n<p>\u013dudia si u\u017e zvykli pravidelne si um\u00fdva\u0165 a dezinfikova\u0165 ruky. O to d\u00f4le\u017eitej\u0161ie je nezabudn\u00fa\u0165 na dezinfekciu vlastn\u00e9ho smartf\u00f3nu. Pri spr\u00e1vnom pou\u017eit\u00ed vyv\u00edja ochrann\u00e1 bakteri\u00e1lna tkanina st\u00e1ly dezinfek\u010dn\u00fd \u00fa\u010dinok a\u017e desa\u0165 dn\u00ed. S bal\u00edkom 12 je koncov\u00e9 zariadenie v\u017edy \u0161tvr\u0165 roka v hygienicky perfektnom stave.<\/p>\n\n<p><\/p>\n\n<p><strong>Pravideln\u00e9 pou\u017e\u00edvanie t\u00fdchto dvan\u00e1stich ochrann\u00fdch r\u00fa\u0161ok vytv\u00e1ra na povrchu smartf\u00f3nu ultratenk\u00fd povlak z tekut\u00e9ho skla.<\/strong> Zabra\u0148uje tvorbe a v d\u00f4sledku toho vzniku patog\u00e9nov. Pozit\u00edvnym ved\u013eaj\u0161\u00edm \u00fa\u010dinkom je, \u017ee povrch je st\u00e1le hlad\u0161\u00ed a d\u00e1 sa ve\u013emi \u013eahko \u010disti\u0165. Tento efekt sa zvy\u0161uje, \u010d\u00edm dlh\u0161ie sa dezinfek\u010dn\u00e9 obr\u00fasky pou\u017e\u00edvaj\u00fa.<\/p>\n","protected":false},"excerpt":{"rendered":"<p>Novinkou na trhu s dezinfek\u010dnou ochranou koncov\u00fdch mobiln\u00fdch zariaden\u00ed, ak\u00fdmi s\u00fa mobiln\u00e9 telef\u00f3ny, smartf\u00f3ny alebo tablety, je 12-balenie ochrann\u00fdch bakteri\u00e1lnych obr\u00faskov od CCM\u00ae.<\/p>\n<p>Certifik\u00e1t MedTech Award<strong>&#8220;Najlep\u0161ie rie\u0161enie dlhodobej ochrany proti patog\u00e9nom<\/strong>&#8220;<strong><\/p>\n<p><\/strong><\/p>\n<p><img decoding=\"async\" class=\"alignnone size-medium wp-image-37295\" src=\"https:\/\/www.versiegelung24.com\/wp-content\/uploads\/2021\/09\/2020-MedTech-Awards-2-300x89.png\" alt=\"\" width=\"300\" height=\"89\" srcset=\"https:\/\/www.versiegelung24.com\/wp-content\/uploads\/2021\/09\/2020-MedTech-Awards-2-300x89.png 300w, https:\/\/www.versiegelung24.com\/wp-content\/uploads\/2021\/09\/2020-MedTech-Awards-2-600x177.png 600w, https:\/\/www.versiegelung24.com\/wp-content\/uploads\/2021\/09\/2020-MedTech-Awards-2.png 700w\" sizes=\"(max-width: 300px) 100vw, 300px\" \/><\/p>\n","protected":false},"featured_media":63252,"template":"","meta":{"_acf_changed":false,"neve_meta_sidebar":"","neve_meta_container":"","neve_meta_enable_content_width":"","neve_meta_content_width":0,"neve_meta_title_alignment":"","neve_meta_author_avatar":"","neve_post_elements_order":"","neve_meta_disable_header":"","neve_meta_disable_footer":"","neve_meta_disable_title":"","neve_meta_reading_time":"","_surfaces":[],"_ver_product_tabs":[],"footnotes":""},"product_brand":[],"product_cat":[2381,3017],"product_tag":[],"class_list":{"0":"post-37513","1":"product","2":"type-product","3":"status-publish","4":"has-post-thumbnail","6":"product_cat-dezinfekcne-prostriedky","7":"product_cat-dezinfekcny-prostriedok-na-mobilny-telefon","9":"first","10":"instock","11":"taxable","12":"shipping-taxable","13":"purchasable","14":"product-type-simple"},"acf":[],"yoast_head":"<!-- This site is optimized with the Yoast SEO Premium plugin v22.8 (Yoast SEO v27.5) - https:\/\/yoast.com\/product\/yoast-seo-premium-wordpress\/ -->\n<title>Smartf\u00f3n a mobiln\u00fd telef\u00f3n, dlhodob\u00fd dezinfek\u010dn\u00fd prostriedok proti bakt\u00e9ri\u00e1m a v\u00edrusom - versiegelung24.com<\/title>\n<meta name=\"robots\" content=\"index, follow, max-snippet:-1, max-image-preview:large, max-video-preview:-1\" \/>\n<link rel=\"canonical\" href=\"https:\/\/www.versiegelung24.com\/sk\/prakticka-tekuta-sklenena-ochranna-vrstva-proti-bakteriam-virusom.html\" \/>\n<meta property=\"og:locale\" content=\"sk_SK\" \/>\n<meta property=\"og:type\" content=\"article\" \/>\n<meta property=\"og:title\" content=\"Smartf\u00f3n a mobiln\u00fd telef\u00f3n, dlhodob\u00fd dezinfek\u010dn\u00fd prostriedok proti bakt\u00e9ri\u00e1m a v\u00edrusom\" \/>\n<meta property=\"og:description\" content=\"Novinkou na trhu s dezinfek\u010dnou ochranou koncov\u00fdch mobiln\u00fdch zariaden\u00ed, ak\u00fdmi s\u00fa mobiln\u00e9 telef\u00f3ny, smartf\u00f3ny alebo tablety, je 12-balenie ochrann\u00fdch bakteri\u00e1lnych obr\u00faskov od CCM\u00ae. Certifik\u00e1t MedTech Award&quot;Najlep\u0161ie rie\u0161enie dlhodobej ochrany proti patog\u00e9nom&quot;\" \/>\n<meta property=\"og:url\" content=\"https:\/\/www.versiegelung24.com\/sk\/prakticka-tekuta-sklenena-ochranna-vrstva-proti-bakteriam-virusom.html\" \/>\n<meta property=\"og:site_name\" content=\"versiegelung24.com\" \/>\n<meta property=\"article:modified_time\" content=\"2025-01-05T14:38:31+00:00\" \/>\n<meta property=\"og:image\" content=\"https:\/\/www.versiegelung24.com\/wp-content\/uploads\/2021\/09\/produkt-4009-904-Handy-Bakterienschutz-Verpackung1.jpg\" \/>\n\t<meta property=\"og:image:width\" content=\"2000\" \/>\n\t<meta property=\"og:image:height\" content=\"2000\" \/>\n\t<meta property=\"og:image:type\" content=\"image\/jpeg\" \/>\n<meta name=\"twitter:card\" content=\"summary_large_image\" \/>\n<meta name=\"twitter:label1\" content=\"Cena\" \/>\n\t<meta name=\"twitter:data1\" content=\"10,99&euro;\" \/>\n\t<meta name=\"twitter:label2\" content=\"Dostupnos\u0165\" \/>\n\t<meta name=\"twitter:data2\" content=\"Na sklade\" \/>\n<script type=\"application\/ld+json\" class=\"yoast-schema-graph\">{\"@context\":\"https:\\\/\\\/schema.org\",\"@graph\":[{\"@type\":\"WebPage\",\"@id\":\"https:\\\/\\\/www.versiegelung24.com\\\/sk\\\/prakticka-tekuta-sklenena-ochranna-vrstva-proti-bakteriam-virusom.html\",\"url\":\"https:\\\/\\\/www.versiegelung24.com\\\/sk\\\/prakticka-tekuta-sklenena-ochranna-vrstva-proti-bakteriam-virusom.html\",\"name\":\"Smartf\u00f3n a mobiln\u00fd telef\u00f3n, dlhodob\u00fd dezinfek\u010dn\u00fd prostriedok proti bakt\u00e9ri\u00e1m a v\u00edrusom - versiegelung24.com\",\"isPartOf\":{\"@id\":\"https:\\\/\\\/www.versiegelung24.com\\\/sk\\\/#website\"},\"primaryImageOfPage\":{\"@id\":\"https:\\\/\\\/www.versiegelung24.com\\\/sk\\\/prakticka-tekuta-sklenena-ochranna-vrstva-proti-bakteriam-virusom.html#primaryimage\"},\"image\":{\"@id\":\"https:\\\/\\\/www.versiegelung24.com\\\/sk\\\/prakticka-tekuta-sklenena-ochranna-vrstva-proti-bakteriam-virusom.html#primaryimage\"},\"thumbnailUrl\":\"https:\\\/\\\/www.versiegelung24.com\\\/wp-content\\\/uploads\\\/2021\\\/09\\\/produkt-4009-904-Handy-Bakterienschutz-Verpackung1.jpg\",\"datePublished\":\"2021-09-27T09:32:02+00:00\",\"dateModified\":\"2025-01-05T14:38:31+00:00\",\"breadcrumb\":{\"@id\":\"https:\\\/\\\/www.versiegelung24.com\\\/sk\\\/prakticka-tekuta-sklenena-ochranna-vrstva-proti-bakteriam-virusom.html#breadcrumb\"},\"inLanguage\":\"sk-SK\",\"potentialAction\":[{\"@type\":\"ReadAction\",\"target\":[\"https:\\\/\\\/www.versiegelung24.com\\\/sk\\\/prakticka-tekuta-sklenena-ochranna-vrstva-proti-bakteriam-virusom.html\"]}]},{\"@type\":\"ImageObject\",\"inLanguage\":\"sk-SK\",\"@id\":\"https:\\\/\\\/www.versiegelung24.com\\\/sk\\\/prakticka-tekuta-sklenena-ochranna-vrstva-proti-bakteriam-virusom.html#primaryimage\",\"url\":\"https:\\\/\\\/www.versiegelung24.com\\\/wp-content\\\/uploads\\\/2021\\\/09\\\/produkt-4009-904-Handy-Bakterienschutz-Verpackung1.jpg\",\"contentUrl\":\"https:\\\/\\\/www.versiegelung24.com\\\/wp-content\\\/uploads\\\/2021\\\/09\\\/produkt-4009-904-Handy-Bakterienschutz-Verpackung1.jpg\",\"width\":2000,\"height\":2000},{\"@type\":\"BreadcrumbList\",\"@id\":\"https:\\\/\\\/www.versiegelung24.com\\\/sk\\\/prakticka-tekuta-sklenena-ochranna-vrstva-proti-bakteriam-virusom.html#breadcrumb\",\"itemListElement\":[{\"@type\":\"ListItem\",\"position\":1,\"name\":\"\u00davodn\u00e1 str\u00e1nka\",\"item\":\"https:\\\/\\\/www.versiegelung24.com\\\/sk\\\/predna-strana\\\/\"},{\"@type\":\"ListItem\",\"position\":2,\"name\":\"Obchod\",\"item\":\"https:\\\/\\\/www.versiegelung24.com\\\/sk\\\/obchod\\\/\"},{\"@type\":\"ListItem\",\"position\":3,\"name\":\"Smartf\u00f3n a mobiln\u00fd telef\u00f3n, dlhodob\u00fd dezinfek\u010dn\u00fd prostriedok proti bakt\u00e9ri\u00e1m a v\u00edrusom\"}]},{\"@type\":\"WebSite\",\"@id\":\"https:\\\/\\\/www.versiegelung24.com\\\/sk\\\/#website\",\"url\":\"https:\\\/\\\/www.versiegelung24.com\\\/sk\\\/\",\"name\":\"versiegelung24.com\",\"description\":\"Fl\u00fcssigglas-Versiegelung - Made in Germany\",\"publisher\":{\"@id\":\"https:\\\/\\\/www.versiegelung24.com\\\/sk\\\/#organization\"},\"potentialAction\":[{\"@type\":\"SearchAction\",\"target\":{\"@type\":\"EntryPoint\",\"urlTemplate\":\"https:\\\/\\\/www.versiegelung24.com\\\/sk\\\/?s={search_term_string}\"},\"query-input\":{\"@type\":\"PropertyValueSpecification\",\"valueRequired\":true,\"valueName\":\"search_term_string\"}}],\"inLanguage\":\"sk-SK\"},{\"@type\":\"Organization\",\"@id\":\"https:\\\/\\\/www.versiegelung24.com\\\/sk\\\/#organization\",\"name\":\"versiegelung24\",\"url\":\"https:\\\/\\\/www.versiegelung24.com\\\/sk\\\/\",\"logo\":{\"@type\":\"ImageObject\",\"inLanguage\":\"sk-SK\",\"@id\":\"https:\\\/\\\/www.versiegelung24.com\\\/sk\\\/#\\\/schema\\\/logo\\\/image\\\/\",\"url\":\"https:\\\/\\\/www.versiegelung24.com\\\/wp-content\\\/uploads\\\/2020\\\/04\\\/versiegelung24.png\",\"contentUrl\":\"https:\\\/\\\/www.versiegelung24.com\\\/wp-content\\\/uploads\\\/2020\\\/04\\\/versiegelung24.png\",\"width\":470,\"height\":102,\"caption\":\"versiegelung24\"},\"image\":{\"@id\":\"https:\\\/\\\/www.versiegelung24.com\\\/sk\\\/#\\\/schema\\\/logo\\\/image\\\/\"}}]}<\/script>\n<meta property=\"product:price:amount\" content=\"10.99\" \/>\n<meta property=\"product:price:currency\" content=\"EUR\" \/>\n<meta property=\"og:availability\" content=\"instock\" \/>\n<meta property=\"product:availability\" content=\"instock\" \/>\n<meta property=\"product:retailer_item_id\" content=\"4009-904\" \/>\n<meta property=\"product:condition\" content=\"new\" \/>\n<!-- \/ Yoast SEO Premium plugin. -->","yoast_head_json":{"title":"Smartf\u00f3n a mobiln\u00fd telef\u00f3n, dlhodob\u00fd dezinfek\u010dn\u00fd prostriedok proti bakt\u00e9ri\u00e1m a v\u00edrusom - versiegelung24.com","robots":{"index":"index","follow":"follow","max-snippet":"max-snippet:-1","max-image-preview":"max-image-preview:large","max-video-preview":"max-video-preview:-1"},"canonical":"https:\/\/www.versiegelung24.com\/sk\/prakticka-tekuta-sklenena-ochranna-vrstva-proti-bakteriam-virusom.html","og_locale":"sk_SK","og_type":"article","og_title":"Smartf\u00f3n a mobiln\u00fd telef\u00f3n, dlhodob\u00fd dezinfek\u010dn\u00fd prostriedok proti bakt\u00e9ri\u00e1m a v\u00edrusom","og_description":"Novinkou na trhu s dezinfek\u010dnou ochranou koncov\u00fdch mobiln\u00fdch zariaden\u00ed, ak\u00fdmi s\u00fa mobiln\u00e9 telef\u00f3ny, smartf\u00f3ny alebo tablety, je 12-balenie ochrann\u00fdch bakteri\u00e1lnych obr\u00faskov od CCM\u00ae. Certifik\u00e1t MedTech Award\"Najlep\u0161ie rie\u0161enie dlhodobej ochrany proti patog\u00e9nom\"","og_url":"https:\/\/www.versiegelung24.com\/sk\/prakticka-tekuta-sklenena-ochranna-vrstva-proti-bakteriam-virusom.html","og_site_name":"versiegelung24.com","article_modified_time":"2025-01-05T14:38:31+00:00","og_image":[{"width":2000,"height":2000,"url":"https:\/\/www.versiegelung24.com\/wp-content\/uploads\/2021\/09\/produkt-4009-904-Handy-Bakterienschutz-Verpackung1.jpg","type":"image\/jpeg"}],"twitter_card":"summary_large_image","twitter_misc":{"Cena":"10,99&euro;","Dostupnos\u0165":"Na sklade"},"schema":{"@context":"https:\/\/schema.org","@graph":[{"@type":"WebPage","@id":"https:\/\/www.versiegelung24.com\/sk\/prakticka-tekuta-sklenena-ochranna-vrstva-proti-bakteriam-virusom.html","url":"https:\/\/www.versiegelung24.com\/sk\/prakticka-tekuta-sklenena-ochranna-vrstva-proti-bakteriam-virusom.html","name":"Smartf\u00f3n a mobiln\u00fd telef\u00f3n, dlhodob\u00fd dezinfek\u010dn\u00fd prostriedok proti bakt\u00e9ri\u00e1m a v\u00edrusom - versiegelung24.com","isPartOf":{"@id":"https:\/\/www.versiegelung24.com\/sk\/#website"},"primaryImageOfPage":{"@id":"https:\/\/www.versiegelung24.com\/sk\/prakticka-tekuta-sklenena-ochranna-vrstva-proti-bakteriam-virusom.html#primaryimage"},"image":{"@id":"https:\/\/www.versiegelung24.com\/sk\/prakticka-tekuta-sklenena-ochranna-vrstva-proti-bakteriam-virusom.html#primaryimage"},"thumbnailUrl":"https:\/\/www.versiegelung24.com\/wp-content\/uploads\/2021\/09\/produkt-4009-904-Handy-Bakterienschutz-Verpackung1.jpg","datePublished":"2021-09-27T09:32:02+00:00","dateModified":"2025-01-05T14:38:31+00:00","breadcrumb":{"@id":"https:\/\/www.versiegelung24.com\/sk\/prakticka-tekuta-sklenena-ochranna-vrstva-proti-bakteriam-virusom.html#breadcrumb"},"inLanguage":"sk-SK","potentialAction":[{"@type":"ReadAction","target":["https:\/\/www.versiegelung24.com\/sk\/prakticka-tekuta-sklenena-ochranna-vrstva-proti-bakteriam-virusom.html"]}]},{"@type":"ImageObject","inLanguage":"sk-SK","@id":"https:\/\/www.versiegelung24.com\/sk\/prakticka-tekuta-sklenena-ochranna-vrstva-proti-bakteriam-virusom.html#primaryimage","url":"https:\/\/www.versiegelung24.com\/wp-content\/uploads\/2021\/09\/produkt-4009-904-Handy-Bakterienschutz-Verpackung1.jpg","contentUrl":"https:\/\/www.versiegelung24.com\/wp-content\/uploads\/2021\/09\/produkt-4009-904-Handy-Bakterienschutz-Verpackung1.jpg","width":2000,"height":2000},{"@type":"BreadcrumbList","@id":"https:\/\/www.versiegelung24.com\/sk\/prakticka-tekuta-sklenena-ochranna-vrstva-proti-bakteriam-virusom.html#breadcrumb","itemListElement":[{"@type":"ListItem","position":1,"name":"\u00davodn\u00e1 str\u00e1nka","item":"https:\/\/www.versiegelung24.com\/sk\/predna-strana\/"},{"@type":"ListItem","position":2,"name":"Obchod","item":"https:\/\/www.versiegelung24.com\/sk\/obchod\/"},{"@type":"ListItem","position":3,"name":"Smartf\u00f3n a mobiln\u00fd telef\u00f3n, dlhodob\u00fd dezinfek\u010dn\u00fd prostriedok proti bakt\u00e9ri\u00e1m a v\u00edrusom"}]},{"@type":"WebSite","@id":"https:\/\/www.versiegelung24.com\/sk\/#website","url":"https:\/\/www.versiegelung24.com\/sk\/","name":"versiegelung24.com","description":"Fl\u00fcssigglas-Versiegelung - Made in Germany","publisher":{"@id":"https:\/\/www.versiegelung24.com\/sk\/#organization"},"potentialAction":[{"@type":"SearchAction","target":{"@type":"EntryPoint","urlTemplate":"https:\/\/www.versiegelung24.com\/sk\/?s={search_term_string}"},"query-input":{"@type":"PropertyValueSpecification","valueRequired":true,"valueName":"search_term_string"}}],"inLanguage":"sk-SK"},{"@type":"Organization","@id":"https:\/\/www.versiegelung24.com\/sk\/#organization","name":"versiegelung24","url":"https:\/\/www.versiegelung24.com\/sk\/","logo":{"@type":"ImageObject","inLanguage":"sk-SK","@id":"https:\/\/www.versiegelung24.com\/sk\/#\/schema\/logo\/image\/","url":"https:\/\/www.versiegelung24.com\/wp-content\/uploads\/2020\/04\/versiegelung24.png","contentUrl":"https:\/\/www.versiegelung24.com\/wp-content\/uploads\/2020\/04\/versiegelung24.png","width":470,"height":102,"caption":"versiegelung24"},"image":{"@id":"https:\/\/www.versiegelung24.com\/sk\/#\/schema\/logo\/image\/"}}]},"product_price_amount":"10.99","product_price_currency":"EUR","og_availability":"instock","product_availability":"instock","product_retailer_item_id":"4009-904","product_condition":"new"},"_links":{"self":[{"href":"https:\/\/www.versiegelung24.com\/sk\/wp-json\/wp\/v2\/product\/37513","targetHints":{"allow":["GET"]}}],"collection":[{"href":"https:\/\/www.versiegelung24.com\/sk\/wp-json\/wp\/v2\/product"}],"about":[{"href":"https:\/\/www.versiegelung24.com\/sk\/wp-json\/wp\/v2\/types\/product"}],"version-history":[{"count":77,"href":"https:\/\/www.versiegelung24.com\/sk\/wp-json\/wp\/v2\/product\/37513\/revisions"}],"predecessor-version":[{"id":178251,"href":"https:\/\/www.versiegelung24.com\/sk\/wp-json\/wp\/v2\/product\/37513\/revisions\/178251"}],"wp:featuredmedia":[{"embeddable":true,"href":"https:\/\/www.versiegelung24.com\/sk\/wp-json\/wp\/v2\/media\/63252"}],"wp:attachment":[{"href":"https:\/\/www.versiegelung24.com\/sk\/wp-json\/wp\/v2\/media?parent=37513"}],"wp:term":[{"taxonomy":"product_brand","embeddable":true,"href":"https:\/\/www.versiegelung24.com\/sk\/wp-json\/wp\/v2\/product_brand?post=37513"},{"taxonomy":"product_cat","embeddable":true,"href":"https:\/\/www.versiegelung24.com\/sk\/wp-json\/wp\/v2\/product_cat?post=37513"},{"taxonomy":"product_tag","embeddable":true,"href":"https:\/\/www.versiegelung24.com\/sk\/wp-json\/wp\/v2\/product_tag?post=37513"}],"curies":[{"name":"wp","href":"https:\/\/api.w.org\/{rel}","templated":true}]}}