{"id":46476,"date":"2022-01-04T18:16:33","date_gmt":"2022-01-04T17:16:33","guid":{"rendered":"https:\/\/www.versiegelung24.com\/?post_type=product&#038;p=46476"},"modified":"2026-04-30T14:16:15","modified_gmt":"2026-04-30T12:16:15","slug":"flasticka-na-dezinfekciu-topanok-pedexan","status":"publish","type":"product","link":"https:\/\/www.versiegelung24.com\/sk\/flasticka-na-dezinfekciu-topanok-pedexan.html","title":{"rendered":"Pedexan dezinfekcia top\u00e1nok s dlhodob\u00fdm \u00fa\u010dinkom 1l plniaca f\u013ea\u0161a"},"content":{"rendered":"\n<h2 class=\"wp-block-heading\" id=\"pedexan-schuhdesinfektion-alaska-frische-fur-die-schuhe\">Dezinfekcia obuvi Pedexan &#8211; alja\u0161sk\u00e1 svie\u017eos\u0165 obuvi<\/h2>\n\n<p><strong>Praktick\u00e1 1 litrov\u00e1 plniaca f\u013ea\u0161a pre <a href=\"https:\/\/www.versiegelung24.com\/sk\/pedexan-davkovac-na-dezinfekciu-topanok-pedspend.html\">d\u00e1vkova\u010d na dezinfekciu top\u00e1nok Pedexan PedSpend s rozpra\u0161ovacou<\/a> ty\u010dou alebo <a href=\"https:\/\/www.versiegelung24.com\/sk\/dezinfekcia-obuvi-pedexan.html\">125 ml pumpi\u010dku s rozpra\u0161ova\u010dom Pedexan<\/a> .<\/strong><\/p>\n\n<p>Ak sa pracovn\u00e1 obuv alebo obuv na vo\u013en\u00fd \u010das dlhodobo intenz\u00edvne pou\u017e\u00edva, \u010dasto vznik\u00e1 ide\u00e1lne prostredie pre mno\u017eenie bakt\u00e9ri\u00ed a plesn\u00ed a vznikaj\u00fa nepr\u00edjemn\u00e9 pachy.<\/p>\n\n<p>Aj pri \u010derstv\u00fdch pono\u017ek\u00e1ch a prevzdu\u0161nen\u00ed obuvi zost\u00e1va nepr\u00edjemn\u00fd z\u00e1pach a m\u00f4\u017ee dokonca sp\u00f4sobi\u0165 \u0161kared\u00e9 infekcie n\u00f4h.<\/p>\n\n<p>Tu m\u00f4\u017ee pom\u00f4c\u0165 dezinfekcia top\u00e1nok <strong>Pedexan<\/strong> . Bakt\u00e9rie a plesne sa \u00fa\u010dinne odstra\u0148uj\u00fa a dlhodob\u00fdm \u00fa\u010dinkom sa predch\u00e1dza vzniku nov\u00fdch.<\/p>\n\n<p>Pedexan svojou alja\u0161skou v\u00f4\u0148ou zais\u0165uje pr\u00edjemn\u00fa svie\u017eos\u0165 a je dokonca biokompatibiln\u00fd.<\/p>\n\n<hr \/>\n\n<h4 class=\"wp-block-heading\" id=\"application\">Aplik\u00e1cia<\/h4>\n\n<p>Aplik\u00e1cia je ve\u013emi jednoduch\u00e1:<\/p>\n\n<p><br \/><br \/>&#8211; Vn\u00fatorn\u00fa stranu obuvi nastriekajte vonku. &#8211; Pri prvej aplik\u00e1cii odpor\u00fa\u010dame 5 a\u017e 10 postrekov. &#8211; Dezinfek\u010dn\u00fd prostriedok na obuv Pedexan by sa mal pou\u017e\u00edva\u0165 1 &#8211; 2 kr\u00e1t t\u00fd\u017edenne alebo pod\u013ea potreby.<\/p>\n\n<hr \/>\n\n<h4 class=\"wp-block-heading\" id=\"advisor\">Poradca<\/h4>\n\n<p><strong>Bezpe\u010dnostn\u00e9 rady:<\/strong><\/p>\n\n<p>Ur\u010dite si v\u0161imnite! Po\u010das o\u0161etrovania zaistite dostato\u010dn\u00e9 vetranie. Ve\u013emi hor\u013eav\u00e1 kvapalina a pary. Sp\u00f4sobuje v\u00e1\u017ene podr\u00e1\u017edenie o\u010d\u00ed. Uchov\u00e1vajte mimo dosahu tepla, hor\u00facich povrchov, iskier, otvoren\u00e9ho oh\u0148a a in\u00fdch zdrojov zap\u00e1lenia. Nefaj\u010di\u0165. Skladujte na chladnom, dobre vetranom mieste. Ak je potrebn\u00e1 lek\u00e1rska pomoc, pripravte si obal alebo etiketu. Uchov\u00e1vajte mimo dosahu det\u00ed.<\/p>\n\n<p>Mo\u017eno pou\u017ei\u0165 na v\u0161etky vn\u00fatorn\u00e9 povrchy obuvi. Ak m\u00e1te pochybnosti, vysk\u00fa\u0161ajte Pedexan na nevidite\u013enom mieste.<\/p>\n\n<p>Skladovanie iba v uzavretom obale. N\u00e1dobu je mo\u017en\u00e9 recyklova\u0165 iba vtedy, ak je \u00faplne pr\u00e1zdna. Nepou\u017e\u00edvajte po d\u00e1tume exspir\u00e1cie.<\/p>\n\n<p>Biocid Reg.\u010d.: N-25889<\/p>\n\n<p>D\u00f4le\u017eit\u00e9: Bioc\u00eddne v\u00fdrobky pou\u017e\u00edvajte opatrne. Pred pou\u017eit\u00edm si v\u017edy pre\u010d\u00edtajte etiketu a inform\u00e1cie o produkte.<\/p>\n\n<hr \/>\n","protected":false},"excerpt":{"rendered":"<p>Dezinfekcia obuvi Pedexan &#8211; alja\u0161sk\u00e1 svie\u017eos\u0165 obuvi Praktick\u00e1 1 litrov\u00e1 plniaca f\u013ea\u0161a pre d\u00e1vkova\u010d na dezinfekciu top\u00e1nok Pedexan PedSpend s rozpra\u0161ovacou ty\u010dou alebo 125 ml pumpi\u010dku s rozpra\u0161ova\u010dom Pedexan . Ak sa pracovn\u00e1 obuv alebo obuv na vo\u013en\u00fd \u010das dlhodobo intenz\u00edvne pou\u017e\u00edva, \u010dasto vznik\u00e1 ide\u00e1lne prostredie pre mno\u017eenie bakt\u00e9ri\u00ed a plesn\u00ed a vznikaj\u00fa nepr\u00edjemn\u00e9 pachy.&hellip;&nbsp;<a href=\"https:\/\/www.versiegelung24.com\/sk\/flasticka-na-dezinfekciu-topanok-pedexan.html\" rel=\"bookmark\">Read More &raquo;<span class=\"screen-reader-text\">Pedexan dezinfekcia top\u00e1nok s dlhodob\u00fdm \u00fa\u010dinkom 1l plniaca f\u013ea\u0161a<\/span><\/a><\/p>\n","protected":false},"featured_media":21938,"template":"","meta":{"_acf_changed":false,"neve_meta_sidebar":"","neve_meta_container":"","neve_meta_enable_content_width":"","neve_meta_content_width":0,"neve_meta_title_alignment":"","neve_meta_author_avatar":"","neve_post_elements_order":"","neve_meta_disable_header":"","neve_meta_disable_footer":"","neve_meta_disable_title":"","neve_meta_reading_time":"","_surfaces":[],"_ver_product_tabs":[],"footnotes":""},"product_brand":[],"product_cat":[2381,2867],"product_tag":[],"class_list":{"0":"post-46476","1":"product","2":"type-product","3":"status-publish","4":"has-post-thumbnail","6":"product_cat-dezinfekcne-prostriedky","7":"product_cat-dezinfekcne-prostriedky-na-topanky","9":"first","10":"instock","11":"taxable","12":"shipping-taxable","13":"purchasable","14":"product-type-simple"},"acf":[],"yoast_head":"<!-- This site is optimized with the Yoast SEO Premium plugin v22.8 (Yoast SEO v27.5) - https:\/\/yoast.com\/product\/yoast-seo-premium-wordpress\/ -->\n<title>Pedexan dezinfekcia top\u00e1nok s dlhodob\u00fdm \u00fa\u010dinkom 1l plniaca f\u013ea\u0161a - versiegelung24.com<\/title>\n<meta name=\"description\" content=\"Dezinfekcia obuvi Pedexan - rie\u0161enie proti nepr\u00edjemn\u00e9mu z\u00e1pachu a bakt\u00e9ri\u00e1m a plesniam.\" \/>\n<meta name=\"robots\" content=\"index, follow, max-snippet:-1, max-image-preview:large, max-video-preview:-1\" \/>\n<link rel=\"canonical\" href=\"https:\/\/www.versiegelung24.com\/sk\/flasticka-na-dezinfekciu-topanok-pedexan.html\" \/>\n<meta property=\"og:locale\" content=\"sk_SK\" \/>\n<meta property=\"og:type\" content=\"article\" \/>\n<meta property=\"og:title\" content=\"Pedexan dezinfekcia top\u00e1nok s dlhodob\u00fdm \u00fa\u010dinkom 1l plniaca f\u013ea\u0161a\" \/>\n<meta property=\"og:description\" content=\"Dezinfekcia obuvi Pedexan - rie\u0161enie proti nepr\u00edjemn\u00e9mu z\u00e1pachu a bakt\u00e9ri\u00e1m a plesniam.\" \/>\n<meta property=\"og:url\" content=\"https:\/\/www.versiegelung24.com\/sk\/flasticka-na-dezinfekciu-topanok-pedexan.html\" \/>\n<meta property=\"og:site_name\" content=\"versiegelung24.com\" \/>\n<meta property=\"article:modified_time\" content=\"2026-04-30T12:16:15+00:00\" \/>\n<meta property=\"og:image\" content=\"https:\/\/www.versiegelung24.com\/wp-content\/uploads\/2021\/03\/pedexan-schuhdesinfektion-1-liter.png\" \/>\n\t<meta property=\"og:image:width\" content=\"2000\" \/>\n\t<meta property=\"og:image:height\" content=\"2000\" \/>\n\t<meta property=\"og:image:type\" content=\"image\/png\" \/>\n<meta name=\"twitter:card\" content=\"summary_large_image\" \/>\n<meta name=\"twitter:label1\" content=\"Cena\" \/>\n\t<meta name=\"twitter:data1\" content=\"42,49&euro;\" \/>\n\t<meta name=\"twitter:label2\" content=\"Dostupnos\u0165\" \/>\n\t<meta name=\"twitter:data2\" content=\"Na sklade\" \/>\n<script type=\"application\/ld+json\" class=\"yoast-schema-graph\">{\"@context\":\"https:\\\/\\\/schema.org\",\"@graph\":[{\"@type\":\"WebPage\",\"@id\":\"https:\\\/\\\/www.versiegelung24.com\\\/sk\\\/flasticka-na-dezinfekciu-topanok-pedexan.html\",\"url\":\"https:\\\/\\\/www.versiegelung24.com\\\/sk\\\/flasticka-na-dezinfekciu-topanok-pedexan.html\",\"name\":\"Pedexan dezinfekcia top\u00e1nok s dlhodob\u00fdm \u00fa\u010dinkom 1l plniaca f\u013ea\u0161a - versiegelung24.com\",\"isPartOf\":{\"@id\":\"https:\\\/\\\/www.versiegelung24.com\\\/sk\\\/#website\"},\"primaryImageOfPage\":{\"@id\":\"https:\\\/\\\/www.versiegelung24.com\\\/sk\\\/flasticka-na-dezinfekciu-topanok-pedexan.html#primaryimage\"},\"image\":{\"@id\":\"https:\\\/\\\/www.versiegelung24.com\\\/sk\\\/flasticka-na-dezinfekciu-topanok-pedexan.html#primaryimage\"},\"thumbnailUrl\":\"https:\\\/\\\/www.versiegelung24.com\\\/wp-content\\\/uploads\\\/2021\\\/03\\\/pedexan-schuhdesinfektion-1-liter.png\",\"datePublished\":\"2022-01-04T17:16:33+00:00\",\"dateModified\":\"2026-04-30T12:16:15+00:00\",\"description\":\"Dezinfekcia obuvi Pedexan - rie\u0161enie proti nepr\u00edjemn\u00e9mu z\u00e1pachu a bakt\u00e9ri\u00e1m a plesniam.\",\"breadcrumb\":{\"@id\":\"https:\\\/\\\/www.versiegelung24.com\\\/sk\\\/flasticka-na-dezinfekciu-topanok-pedexan.html#breadcrumb\"},\"inLanguage\":\"sk-SK\",\"potentialAction\":[{\"@type\":\"ReadAction\",\"target\":[\"https:\\\/\\\/www.versiegelung24.com\\\/sk\\\/flasticka-na-dezinfekciu-topanok-pedexan.html\"]}]},{\"@type\":\"ImageObject\",\"inLanguage\":\"sk-SK\",\"@id\":\"https:\\\/\\\/www.versiegelung24.com\\\/sk\\\/flasticka-na-dezinfekciu-topanok-pedexan.html#primaryimage\",\"url\":\"https:\\\/\\\/www.versiegelung24.com\\\/wp-content\\\/uploads\\\/2021\\\/03\\\/pedexan-schuhdesinfektion-1-liter.png\",\"contentUrl\":\"https:\\\/\\\/www.versiegelung24.com\\\/wp-content\\\/uploads\\\/2021\\\/03\\\/pedexan-schuhdesinfektion-1-liter.png\",\"width\":2000,\"height\":2000},{\"@type\":\"BreadcrumbList\",\"@id\":\"https:\\\/\\\/www.versiegelung24.com\\\/sk\\\/flasticka-na-dezinfekciu-topanok-pedexan.html#breadcrumb\",\"itemListElement\":[{\"@type\":\"ListItem\",\"position\":1,\"name\":\"\u00davodn\u00e1 str\u00e1nka\",\"item\":\"https:\\\/\\\/www.versiegelung24.com\\\/sk\\\/predna-strana\\\/\"},{\"@type\":\"ListItem\",\"position\":2,\"name\":\"Obchod\",\"item\":\"https:\\\/\\\/www.versiegelung24.com\\\/sk\\\/obchod\\\/\"},{\"@type\":\"ListItem\",\"position\":3,\"name\":\"Pedexan dezinfekcia top\u00e1nok s dlhodob\u00fdm \u00fa\u010dinkom 1l plniaca f\u013ea\u0161a\"}]},{\"@type\":\"WebSite\",\"@id\":\"https:\\\/\\\/www.versiegelung24.com\\\/sk\\\/#website\",\"url\":\"https:\\\/\\\/www.versiegelung24.com\\\/sk\\\/\",\"name\":\"versiegelung24.com\",\"description\":\"Fl\u00fcssigglas-Versiegelung - Made in Germany\",\"publisher\":{\"@id\":\"https:\\\/\\\/www.versiegelung24.com\\\/sk\\\/#organization\"},\"potentialAction\":[{\"@type\":\"SearchAction\",\"target\":{\"@type\":\"EntryPoint\",\"urlTemplate\":\"https:\\\/\\\/www.versiegelung24.com\\\/sk\\\/?s={search_term_string}\"},\"query-input\":{\"@type\":\"PropertyValueSpecification\",\"valueRequired\":true,\"valueName\":\"search_term_string\"}}],\"inLanguage\":\"sk-SK\"},{\"@type\":\"Organization\",\"@id\":\"https:\\\/\\\/www.versiegelung24.com\\\/sk\\\/#organization\",\"name\":\"versiegelung24\",\"url\":\"https:\\\/\\\/www.versiegelung24.com\\\/sk\\\/\",\"logo\":{\"@type\":\"ImageObject\",\"inLanguage\":\"sk-SK\",\"@id\":\"https:\\\/\\\/www.versiegelung24.com\\\/sk\\\/#\\\/schema\\\/logo\\\/image\\\/\",\"url\":\"https:\\\/\\\/www.versiegelung24.com\\\/wp-content\\\/uploads\\\/2020\\\/04\\\/versiegelung24.png\",\"contentUrl\":\"https:\\\/\\\/www.versiegelung24.com\\\/wp-content\\\/uploads\\\/2020\\\/04\\\/versiegelung24.png\",\"width\":470,\"height\":102,\"caption\":\"versiegelung24\"},\"image\":{\"@id\":\"https:\\\/\\\/www.versiegelung24.com\\\/sk\\\/#\\\/schema\\\/logo\\\/image\\\/\"}}]}<\/script>\n<meta property=\"product:price:amount\" content=\"42.49\" \/>\n<meta property=\"product:price:currency\" content=\"EUR\" \/>\n<meta property=\"og:availability\" content=\"instock\" \/>\n<meta property=\"product:availability\" content=\"instock\" \/>\n<meta property=\"product:retailer_item_id\" content=\"PED-1A\" \/>\n<meta property=\"product:condition\" content=\"new\" \/>\n<!-- \/ Yoast SEO Premium plugin. -->","yoast_head_json":{"title":"Pedexan dezinfekcia top\u00e1nok s dlhodob\u00fdm \u00fa\u010dinkom 1l plniaca f\u013ea\u0161a - versiegelung24.com","description":"Dezinfekcia obuvi Pedexan - rie\u0161enie proti nepr\u00edjemn\u00e9mu z\u00e1pachu a bakt\u00e9ri\u00e1m a plesniam.","robots":{"index":"index","follow":"follow","max-snippet":"max-snippet:-1","max-image-preview":"max-image-preview:large","max-video-preview":"max-video-preview:-1"},"canonical":"https:\/\/www.versiegelung24.com\/sk\/flasticka-na-dezinfekciu-topanok-pedexan.html","og_locale":"sk_SK","og_type":"article","og_title":"Pedexan dezinfekcia top\u00e1nok s dlhodob\u00fdm \u00fa\u010dinkom 1l plniaca f\u013ea\u0161a","og_description":"Dezinfekcia obuvi Pedexan - rie\u0161enie proti nepr\u00edjemn\u00e9mu z\u00e1pachu a bakt\u00e9ri\u00e1m a plesniam.","og_url":"https:\/\/www.versiegelung24.com\/sk\/flasticka-na-dezinfekciu-topanok-pedexan.html","og_site_name":"versiegelung24.com","article_modified_time":"2026-04-30T12:16:15+00:00","og_image":[{"width":2000,"height":2000,"url":"https:\/\/www.versiegelung24.com\/wp-content\/uploads\/2021\/03\/pedexan-schuhdesinfektion-1-liter.png","type":"image\/png"}],"twitter_card":"summary_large_image","twitter_misc":{"Cena":"42,49&euro;","Dostupnos\u0165":"Na sklade"},"schema":{"@context":"https:\/\/schema.org","@graph":[{"@type":"WebPage","@id":"https:\/\/www.versiegelung24.com\/sk\/flasticka-na-dezinfekciu-topanok-pedexan.html","url":"https:\/\/www.versiegelung24.com\/sk\/flasticka-na-dezinfekciu-topanok-pedexan.html","name":"Pedexan dezinfekcia top\u00e1nok s dlhodob\u00fdm \u00fa\u010dinkom 1l plniaca f\u013ea\u0161a - versiegelung24.com","isPartOf":{"@id":"https:\/\/www.versiegelung24.com\/sk\/#website"},"primaryImageOfPage":{"@id":"https:\/\/www.versiegelung24.com\/sk\/flasticka-na-dezinfekciu-topanok-pedexan.html#primaryimage"},"image":{"@id":"https:\/\/www.versiegelung24.com\/sk\/flasticka-na-dezinfekciu-topanok-pedexan.html#primaryimage"},"thumbnailUrl":"https:\/\/www.versiegelung24.com\/wp-content\/uploads\/2021\/03\/pedexan-schuhdesinfektion-1-liter.png","datePublished":"2022-01-04T17:16:33+00:00","dateModified":"2026-04-30T12:16:15+00:00","description":"Dezinfekcia obuvi Pedexan - rie\u0161enie proti nepr\u00edjemn\u00e9mu z\u00e1pachu a bakt\u00e9ri\u00e1m a plesniam.","breadcrumb":{"@id":"https:\/\/www.versiegelung24.com\/sk\/flasticka-na-dezinfekciu-topanok-pedexan.html#breadcrumb"},"inLanguage":"sk-SK","potentialAction":[{"@type":"ReadAction","target":["https:\/\/www.versiegelung24.com\/sk\/flasticka-na-dezinfekciu-topanok-pedexan.html"]}]},{"@type":"ImageObject","inLanguage":"sk-SK","@id":"https:\/\/www.versiegelung24.com\/sk\/flasticka-na-dezinfekciu-topanok-pedexan.html#primaryimage","url":"https:\/\/www.versiegelung24.com\/wp-content\/uploads\/2021\/03\/pedexan-schuhdesinfektion-1-liter.png","contentUrl":"https:\/\/www.versiegelung24.com\/wp-content\/uploads\/2021\/03\/pedexan-schuhdesinfektion-1-liter.png","width":2000,"height":2000},{"@type":"BreadcrumbList","@id":"https:\/\/www.versiegelung24.com\/sk\/flasticka-na-dezinfekciu-topanok-pedexan.html#breadcrumb","itemListElement":[{"@type":"ListItem","position":1,"name":"\u00davodn\u00e1 str\u00e1nka","item":"https:\/\/www.versiegelung24.com\/sk\/predna-strana\/"},{"@type":"ListItem","position":2,"name":"Obchod","item":"https:\/\/www.versiegelung24.com\/sk\/obchod\/"},{"@type":"ListItem","position":3,"name":"Pedexan dezinfekcia top\u00e1nok s dlhodob\u00fdm \u00fa\u010dinkom 1l plniaca f\u013ea\u0161a"}]},{"@type":"WebSite","@id":"https:\/\/www.versiegelung24.com\/sk\/#website","url":"https:\/\/www.versiegelung24.com\/sk\/","name":"versiegelung24.com","description":"Fl\u00fcssigglas-Versiegelung - Made in Germany","publisher":{"@id":"https:\/\/www.versiegelung24.com\/sk\/#organization"},"potentialAction":[{"@type":"SearchAction","target":{"@type":"EntryPoint","urlTemplate":"https:\/\/www.versiegelung24.com\/sk\/?s={search_term_string}"},"query-input":{"@type":"PropertyValueSpecification","valueRequired":true,"valueName":"search_term_string"}}],"inLanguage":"sk-SK"},{"@type":"Organization","@id":"https:\/\/www.versiegelung24.com\/sk\/#organization","name":"versiegelung24","url":"https:\/\/www.versiegelung24.com\/sk\/","logo":{"@type":"ImageObject","inLanguage":"sk-SK","@id":"https:\/\/www.versiegelung24.com\/sk\/#\/schema\/logo\/image\/","url":"https:\/\/www.versiegelung24.com\/wp-content\/uploads\/2020\/04\/versiegelung24.png","contentUrl":"https:\/\/www.versiegelung24.com\/wp-content\/uploads\/2020\/04\/versiegelung24.png","width":470,"height":102,"caption":"versiegelung24"},"image":{"@id":"https:\/\/www.versiegelung24.com\/sk\/#\/schema\/logo\/image\/"}}]},"product_price_amount":"42.49","product_price_currency":"EUR","og_availability":"instock","product_availability":"instock","product_retailer_item_id":"PED-1A","product_condition":"new"},"_links":{"self":[{"href":"https:\/\/www.versiegelung24.com\/sk\/wp-json\/wp\/v2\/product\/46476","targetHints":{"allow":["GET"]}}],"collection":[{"href":"https:\/\/www.versiegelung24.com\/sk\/wp-json\/wp\/v2\/product"}],"about":[{"href":"https:\/\/www.versiegelung24.com\/sk\/wp-json\/wp\/v2\/types\/product"}],"version-history":[{"count":23,"href":"https:\/\/www.versiegelung24.com\/sk\/wp-json\/wp\/v2\/product\/46476\/revisions"}],"predecessor-version":[{"id":180435,"href":"https:\/\/www.versiegelung24.com\/sk\/wp-json\/wp\/v2\/product\/46476\/revisions\/180435"}],"wp:featuredmedia":[{"embeddable":true,"href":"https:\/\/www.versiegelung24.com\/sk\/wp-json\/wp\/v2\/media\/21938"}],"wp:attachment":[{"href":"https:\/\/www.versiegelung24.com\/sk\/wp-json\/wp\/v2\/media?parent=46476"}],"wp:term":[{"taxonomy":"product_brand","embeddable":true,"href":"https:\/\/www.versiegelung24.com\/sk\/wp-json\/wp\/v2\/product_brand?post=46476"},{"taxonomy":"product_cat","embeddable":true,"href":"https:\/\/www.versiegelung24.com\/sk\/wp-json\/wp\/v2\/product_cat?post=46476"},{"taxonomy":"product_tag","embeddable":true,"href":"https:\/\/www.versiegelung24.com\/sk\/wp-json\/wp\/v2\/product_tag?post=46476"}],"curies":[{"name":"wp","href":"https:\/\/api.w.org\/{rel}","templated":true}]}}