{"id":46816,"date":"2022-01-04T20:13:16","date_gmt":"2022-01-04T19:13:40","guid":{"rendered":"https:\/\/www.versiegelung24.com\/?post_type=product&#038;p=46816"},"modified":"2025-01-13T16:34:58","modified_gmt":"2025-01-13T15:34:58","slug":"pedexan-davkovac-na-dezinfekciu-topanok-pedspend","status":"publish","type":"product","link":"https:\/\/www.versiegelung24.com\/sk\/pedexan-davkovac-na-dezinfekciu-topanok-pedspend.html","title":{"rendered":"PedSpend &#8211; d\u00e1vkova\u010d s rozpra\u0161ovacou ty\u010dou na dezinfekciu obuvi Pedexan"},"content":{"rendered":"\n<h1 class=\"wp-block-heading\" id=\"pedspend-spender-mit-spruhlanze-fur-pedexan-schuhdesinfektion\">PedSpend \u2013 d\u00e1vkova\u010d s rozpra\u0161ovacou ty\u010dou na dezinfekciu obuvi Pedexan<\/h1>\n\n<p><strong>Z\u00e1sobn\u00edk na dezinfekciu obuvi pre stacion\u00e1rne alebo mobiln\u00e9 pou\u017eitie. Ide\u00e1lne pre hygienick\u00e9 o\u0161etrenie obuvi, napr\u00edklad pracovnej obuvi v priemysle a remesl\u00e1ch, bowlingov\u00fdch dr\u00e1hach alebo po\u017ei\u010dovniach ly\u017e\u00ed.<\/strong><\/p>\n\n<h4 class=\"wp-block-heading\" id=\"properties\">Vlastnosti produktu<\/h4>\n\n<div class=\"wp-block-columns is-layout-flex wp-container-core-columns-is-layout-9d6595d7 wp-block-columns-is-layout-flex\">\n<div class=\"wp-block-column is-layout-flow wp-block-column-is-layout-flow\">\n<p>Rozsah <strong>dod\u00e1vky:<\/strong> Z\u00e1sobn\u00edk na dezinfekciu obuvi PedSpend (uzamykate\u013en\u00fd) s 1,4 m rozpra\u0161ovacou ty\u010dou<\/p>\n<\/div>\n\n\n\n<div class=\"wp-block-column is-layout-flow wp-block-column-is-layout-flow\">\n<p><strong>Vhodn\u00e9 pre: <a href=\"https:\/\/www.versiegelung24.com\/sk\/flasticka-na-dezinfekciu-topanok-pedexan.html\">dezinfekciu top\u00e1nok Pedexan<\/a><\/strong> 1 litrov\u00e1 plniaca f\u013ea\u0161a a v\u0161etky 1 l euro d\u00e1vkovacie plniace f\u013ea\u0161e<\/p>\n<\/div>\n<\/div>\n\n<hr \/>\n\n<h4 class=\"wp-block-heading\" id=\"application\">Aplik\u00e1cia<\/h4>\n\n<p>Oblasti <strong>pou\u017eitia:<\/strong> priemysel a obchod, po\u017ei\u010dov\u0148a bowlingov\u00fdch top\u00e1nok, ly\u017eiarskych top\u00e1nok, kor\u010d\u00fa\u013e<\/p>\n","protected":false},"excerpt":{"rendered":"<p>PedSpend \u2013 d\u00e1vkova\u010d s rozpra\u0161ovacou ty\u010dou na dezinfekciu obuvi Pedexan Z\u00e1sobn\u00edk na dezinfekciu obuvi pre stacion\u00e1rne alebo mobiln\u00e9 pou\u017eitie. Ide\u00e1lne pre hygienick\u00e9 o\u0161etrenie obuvi, napr\u00edklad pracovnej obuvi v priemysle a remesl\u00e1ch, bowlingov\u00fdch dr\u00e1hach alebo po\u017ei\u010dovniach ly\u017e\u00ed. Vlastnosti produktu Rozsah dod\u00e1vky: Z\u00e1sobn\u00edk na dezinfekciu obuvi PedSpend (uzamykate\u013en\u00fd) s 1,4 m rozpra\u0161ovacou ty\u010dou Vhodn\u00e9 pre: dezinfekciu top\u00e1nok&hellip;&nbsp;<a href=\"https:\/\/www.versiegelung24.com\/sk\/pedexan-davkovac-na-dezinfekciu-topanok-pedspend.html\" rel=\"bookmark\">Read More &raquo;<span class=\"screen-reader-text\">PedSpend &#8211; d\u00e1vkova\u010d s rozpra\u0161ovacou ty\u010dou na dezinfekciu obuvi Pedexan<\/span><\/a><\/p>\n","protected":false},"featured_media":46879,"template":"","meta":{"_acf_changed":false,"neve_meta_sidebar":"","neve_meta_container":"","neve_meta_enable_content_width":"","neve_meta_content_width":0,"neve_meta_title_alignment":"","neve_meta_author_avatar":"","neve_post_elements_order":"","neve_meta_disable_header":"","neve_meta_disable_footer":"","neve_meta_disable_title":"","neve_meta_reading_time":"","_surfaces":[],"_ver_product_tabs":[],"footnotes":""},"product_brand":[],"product_cat":[2381,2867],"product_tag":[],"class_list":{"0":"post-46816","1":"product","2":"type-product","3":"status-publish","4":"has-post-thumbnail","6":"product_cat-dezinfekcne-prostriedky","7":"product_cat-dezinfekcne-prostriedky-na-topanky","9":"first","10":"instock","11":"taxable","12":"shipping-taxable","13":"purchasable","14":"product-type-simple"},"acf":[],"yoast_head":"<!-- This site is optimized with the Yoast SEO Premium plugin v22.8 (Yoast SEO v27.5) - https:\/\/yoast.com\/product\/yoast-seo-premium-wordpress\/ -->\n<title>PedSpend - d\u00e1vkova\u010d s rozpra\u0161ovacou ty\u010dou na dezinfekciu obuvi Pedexan - versiegelung24.com<\/title>\n<meta name=\"description\" content=\"Dezinfekcia obuvi Pedexan - rie\u0161enie proti nepr\u00edjemn\u00e9mu z\u00e1pachu a bakt\u00e9ri\u00e1m a plesniam.\" \/>\n<meta name=\"robots\" content=\"index, follow, max-snippet:-1, max-image-preview:large, max-video-preview:-1\" \/>\n<link rel=\"canonical\" href=\"https:\/\/www.versiegelung24.com\/sk\/pedexan-davkovac-na-dezinfekciu-topanok-pedspend.html\" \/>\n<meta property=\"og:locale\" content=\"sk_SK\" \/>\n<meta property=\"og:type\" content=\"article\" \/>\n<meta property=\"og:title\" content=\"PedSpend - d\u00e1vkova\u010d s rozpra\u0161ovacou ty\u010dou na dezinfekciu obuvi Pedexan\" \/>\n<meta property=\"og:description\" content=\"Dezinfekcia obuvi Pedexan - rie\u0161enie proti nepr\u00edjemn\u00e9mu z\u00e1pachu a bakt\u00e9ri\u00e1m a plesniam.\" \/>\n<meta property=\"og:url\" content=\"https:\/\/www.versiegelung24.com\/sk\/pedexan-davkovac-na-dezinfekciu-topanok-pedspend.html\" \/>\n<meta property=\"og:site_name\" content=\"versiegelung24.com\" \/>\n<meta property=\"article:modified_time\" content=\"2025-01-13T15:34:58+00:00\" \/>\n<meta property=\"og:image\" content=\"https:\/\/www.versiegelung24.com\/wp-content\/uploads\/2022\/01\/produkt-pedexan-pedspend.png\" \/>\n\t<meta property=\"og:image:width\" content=\"2000\" \/>\n\t<meta property=\"og:image:height\" content=\"2000\" \/>\n\t<meta property=\"og:image:type\" content=\"image\/png\" \/>\n<meta name=\"twitter:card\" content=\"summary_large_image\" \/>\n<meta name=\"twitter:label1\" content=\"Cena\" \/>\n\t<meta name=\"twitter:data1\" content=\"119,00&euro;\" \/>\n\t<meta name=\"twitter:label2\" content=\"Dostupnos\u0165\" \/>\n\t<meta name=\"twitter:data2\" content=\"Na sklade\" \/>\n<script type=\"application\/ld+json\" class=\"yoast-schema-graph\">{\"@context\":\"https:\\\/\\\/schema.org\",\"@graph\":[{\"@type\":\"WebPage\",\"@id\":\"https:\\\/\\\/www.versiegelung24.com\\\/sk\\\/pedexan-davkovac-na-dezinfekciu-topanok-pedspend.html\",\"url\":\"https:\\\/\\\/www.versiegelung24.com\\\/sk\\\/pedexan-davkovac-na-dezinfekciu-topanok-pedspend.html\",\"name\":\"PedSpend - d\u00e1vkova\u010d s rozpra\u0161ovacou ty\u010dou na dezinfekciu obuvi Pedexan - versiegelung24.com\",\"isPartOf\":{\"@id\":\"https:\\\/\\\/www.versiegelung24.com\\\/sk\\\/#website\"},\"primaryImageOfPage\":{\"@id\":\"https:\\\/\\\/www.versiegelung24.com\\\/sk\\\/pedexan-davkovac-na-dezinfekciu-topanok-pedspend.html#primaryimage\"},\"image\":{\"@id\":\"https:\\\/\\\/www.versiegelung24.com\\\/sk\\\/pedexan-davkovac-na-dezinfekciu-topanok-pedspend.html#primaryimage\"},\"thumbnailUrl\":\"https:\\\/\\\/www.versiegelung24.com\\\/wp-content\\\/uploads\\\/2022\\\/01\\\/produkt-pedexan-pedspend.png\",\"datePublished\":\"2022-01-04T19:13:40+00:00\",\"dateModified\":\"2025-01-13T15:34:58+00:00\",\"description\":\"Dezinfekcia obuvi Pedexan - rie\u0161enie proti nepr\u00edjemn\u00e9mu z\u00e1pachu a bakt\u00e9ri\u00e1m a plesniam.\",\"breadcrumb\":{\"@id\":\"https:\\\/\\\/www.versiegelung24.com\\\/sk\\\/pedexan-davkovac-na-dezinfekciu-topanok-pedspend.html#breadcrumb\"},\"inLanguage\":\"sk-SK\",\"potentialAction\":[{\"@type\":\"ReadAction\",\"target\":[\"https:\\\/\\\/www.versiegelung24.com\\\/sk\\\/pedexan-davkovac-na-dezinfekciu-topanok-pedspend.html\"]}]},{\"@type\":\"ImageObject\",\"inLanguage\":\"sk-SK\",\"@id\":\"https:\\\/\\\/www.versiegelung24.com\\\/sk\\\/pedexan-davkovac-na-dezinfekciu-topanok-pedspend.html#primaryimage\",\"url\":\"https:\\\/\\\/www.versiegelung24.com\\\/wp-content\\\/uploads\\\/2022\\\/01\\\/produkt-pedexan-pedspend.png\",\"contentUrl\":\"https:\\\/\\\/www.versiegelung24.com\\\/wp-content\\\/uploads\\\/2022\\\/01\\\/produkt-pedexan-pedspend.png\",\"width\":2000,\"height\":2000},{\"@type\":\"BreadcrumbList\",\"@id\":\"https:\\\/\\\/www.versiegelung24.com\\\/sk\\\/pedexan-davkovac-na-dezinfekciu-topanok-pedspend.html#breadcrumb\",\"itemListElement\":[{\"@type\":\"ListItem\",\"position\":1,\"name\":\"\u00davodn\u00e1 str\u00e1nka\",\"item\":\"https:\\\/\\\/www.versiegelung24.com\\\/sk\\\/predna-strana\\\/\"},{\"@type\":\"ListItem\",\"position\":2,\"name\":\"Obchod\",\"item\":\"https:\\\/\\\/www.versiegelung24.com\\\/sk\\\/obchod\\\/\"},{\"@type\":\"ListItem\",\"position\":3,\"name\":\"PedSpend &#8211; d\u00e1vkova\u010d s rozpra\u0161ovacou ty\u010dou na dezinfekciu obuvi Pedexan\"}]},{\"@type\":\"WebSite\",\"@id\":\"https:\\\/\\\/www.versiegelung24.com\\\/sk\\\/#website\",\"url\":\"https:\\\/\\\/www.versiegelung24.com\\\/sk\\\/\",\"name\":\"versiegelung24.com\",\"description\":\"Fl\u00fcssigglas-Versiegelung - Made in Germany\",\"publisher\":{\"@id\":\"https:\\\/\\\/www.versiegelung24.com\\\/sk\\\/#organization\"},\"potentialAction\":[{\"@type\":\"SearchAction\",\"target\":{\"@type\":\"EntryPoint\",\"urlTemplate\":\"https:\\\/\\\/www.versiegelung24.com\\\/sk\\\/?s={search_term_string}\"},\"query-input\":{\"@type\":\"PropertyValueSpecification\",\"valueRequired\":true,\"valueName\":\"search_term_string\"}}],\"inLanguage\":\"sk-SK\"},{\"@type\":\"Organization\",\"@id\":\"https:\\\/\\\/www.versiegelung24.com\\\/sk\\\/#organization\",\"name\":\"versiegelung24\",\"url\":\"https:\\\/\\\/www.versiegelung24.com\\\/sk\\\/\",\"logo\":{\"@type\":\"ImageObject\",\"inLanguage\":\"sk-SK\",\"@id\":\"https:\\\/\\\/www.versiegelung24.com\\\/sk\\\/#\\\/schema\\\/logo\\\/image\\\/\",\"url\":\"https:\\\/\\\/www.versiegelung24.com\\\/wp-content\\\/uploads\\\/2020\\\/04\\\/versiegelung24.png\",\"contentUrl\":\"https:\\\/\\\/www.versiegelung24.com\\\/wp-content\\\/uploads\\\/2020\\\/04\\\/versiegelung24.png\",\"width\":470,\"height\":102,\"caption\":\"versiegelung24\"},\"image\":{\"@id\":\"https:\\\/\\\/www.versiegelung24.com\\\/sk\\\/#\\\/schema\\\/logo\\\/image\\\/\"}}]}<\/script>\n<meta property=\"product:price:amount\" content=\"119.00\" \/>\n<meta property=\"product:price:currency\" content=\"EUR\" \/>\n<meta property=\"og:availability\" content=\"instock\" \/>\n<meta property=\"product:availability\" content=\"instock\" \/>\n<meta property=\"product:retailer_item_id\" content=\"PED-spend\" \/>\n<meta property=\"product:condition\" content=\"new\" \/>\n<!-- \/ Yoast SEO Premium plugin. -->","yoast_head_json":{"title":"PedSpend - d\u00e1vkova\u010d s rozpra\u0161ovacou ty\u010dou na dezinfekciu obuvi Pedexan - versiegelung24.com","description":"Dezinfekcia obuvi Pedexan - rie\u0161enie proti nepr\u00edjemn\u00e9mu z\u00e1pachu a bakt\u00e9ri\u00e1m a plesniam.","robots":{"index":"index","follow":"follow","max-snippet":"max-snippet:-1","max-image-preview":"max-image-preview:large","max-video-preview":"max-video-preview:-1"},"canonical":"https:\/\/www.versiegelung24.com\/sk\/pedexan-davkovac-na-dezinfekciu-topanok-pedspend.html","og_locale":"sk_SK","og_type":"article","og_title":"PedSpend - d\u00e1vkova\u010d s rozpra\u0161ovacou ty\u010dou na dezinfekciu obuvi Pedexan","og_description":"Dezinfekcia obuvi Pedexan - rie\u0161enie proti nepr\u00edjemn\u00e9mu z\u00e1pachu a bakt\u00e9ri\u00e1m a plesniam.","og_url":"https:\/\/www.versiegelung24.com\/sk\/pedexan-davkovac-na-dezinfekciu-topanok-pedspend.html","og_site_name":"versiegelung24.com","article_modified_time":"2025-01-13T15:34:58+00:00","og_image":[{"width":2000,"height":2000,"url":"https:\/\/www.versiegelung24.com\/wp-content\/uploads\/2022\/01\/produkt-pedexan-pedspend.png","type":"image\/png"}],"twitter_card":"summary_large_image","twitter_misc":{"Cena":"119,00&euro;","Dostupnos\u0165":"Na sklade"},"schema":{"@context":"https:\/\/schema.org","@graph":[{"@type":"WebPage","@id":"https:\/\/www.versiegelung24.com\/sk\/pedexan-davkovac-na-dezinfekciu-topanok-pedspend.html","url":"https:\/\/www.versiegelung24.com\/sk\/pedexan-davkovac-na-dezinfekciu-topanok-pedspend.html","name":"PedSpend - d\u00e1vkova\u010d s rozpra\u0161ovacou ty\u010dou na dezinfekciu obuvi Pedexan - versiegelung24.com","isPartOf":{"@id":"https:\/\/www.versiegelung24.com\/sk\/#website"},"primaryImageOfPage":{"@id":"https:\/\/www.versiegelung24.com\/sk\/pedexan-davkovac-na-dezinfekciu-topanok-pedspend.html#primaryimage"},"image":{"@id":"https:\/\/www.versiegelung24.com\/sk\/pedexan-davkovac-na-dezinfekciu-topanok-pedspend.html#primaryimage"},"thumbnailUrl":"https:\/\/www.versiegelung24.com\/wp-content\/uploads\/2022\/01\/produkt-pedexan-pedspend.png","datePublished":"2022-01-04T19:13:40+00:00","dateModified":"2025-01-13T15:34:58+00:00","description":"Dezinfekcia obuvi Pedexan - rie\u0161enie proti nepr\u00edjemn\u00e9mu z\u00e1pachu a bakt\u00e9ri\u00e1m a plesniam.","breadcrumb":{"@id":"https:\/\/www.versiegelung24.com\/sk\/pedexan-davkovac-na-dezinfekciu-topanok-pedspend.html#breadcrumb"},"inLanguage":"sk-SK","potentialAction":[{"@type":"ReadAction","target":["https:\/\/www.versiegelung24.com\/sk\/pedexan-davkovac-na-dezinfekciu-topanok-pedspend.html"]}]},{"@type":"ImageObject","inLanguage":"sk-SK","@id":"https:\/\/www.versiegelung24.com\/sk\/pedexan-davkovac-na-dezinfekciu-topanok-pedspend.html#primaryimage","url":"https:\/\/www.versiegelung24.com\/wp-content\/uploads\/2022\/01\/produkt-pedexan-pedspend.png","contentUrl":"https:\/\/www.versiegelung24.com\/wp-content\/uploads\/2022\/01\/produkt-pedexan-pedspend.png","width":2000,"height":2000},{"@type":"BreadcrumbList","@id":"https:\/\/www.versiegelung24.com\/sk\/pedexan-davkovac-na-dezinfekciu-topanok-pedspend.html#breadcrumb","itemListElement":[{"@type":"ListItem","position":1,"name":"\u00davodn\u00e1 str\u00e1nka","item":"https:\/\/www.versiegelung24.com\/sk\/predna-strana\/"},{"@type":"ListItem","position":2,"name":"Obchod","item":"https:\/\/www.versiegelung24.com\/sk\/obchod\/"},{"@type":"ListItem","position":3,"name":"PedSpend &#8211; d\u00e1vkova\u010d s rozpra\u0161ovacou ty\u010dou na dezinfekciu obuvi Pedexan"}]},{"@type":"WebSite","@id":"https:\/\/www.versiegelung24.com\/sk\/#website","url":"https:\/\/www.versiegelung24.com\/sk\/","name":"versiegelung24.com","description":"Fl\u00fcssigglas-Versiegelung - Made in Germany","publisher":{"@id":"https:\/\/www.versiegelung24.com\/sk\/#organization"},"potentialAction":[{"@type":"SearchAction","target":{"@type":"EntryPoint","urlTemplate":"https:\/\/www.versiegelung24.com\/sk\/?s={search_term_string}"},"query-input":{"@type":"PropertyValueSpecification","valueRequired":true,"valueName":"search_term_string"}}],"inLanguage":"sk-SK"},{"@type":"Organization","@id":"https:\/\/www.versiegelung24.com\/sk\/#organization","name":"versiegelung24","url":"https:\/\/www.versiegelung24.com\/sk\/","logo":{"@type":"ImageObject","inLanguage":"sk-SK","@id":"https:\/\/www.versiegelung24.com\/sk\/#\/schema\/logo\/image\/","url":"https:\/\/www.versiegelung24.com\/wp-content\/uploads\/2020\/04\/versiegelung24.png","contentUrl":"https:\/\/www.versiegelung24.com\/wp-content\/uploads\/2020\/04\/versiegelung24.png","width":470,"height":102,"caption":"versiegelung24"},"image":{"@id":"https:\/\/www.versiegelung24.com\/sk\/#\/schema\/logo\/image\/"}}]},"product_price_amount":"119.00","product_price_currency":"EUR","og_availability":"instock","product_availability":"instock","product_retailer_item_id":"PED-spend","product_condition":"new"},"_links":{"self":[{"href":"https:\/\/www.versiegelung24.com\/sk\/wp-json\/wp\/v2\/product\/46816","targetHints":{"allow":["GET"]}}],"collection":[{"href":"https:\/\/www.versiegelung24.com\/sk\/wp-json\/wp\/v2\/product"}],"about":[{"href":"https:\/\/www.versiegelung24.com\/sk\/wp-json\/wp\/v2\/types\/product"}],"version-history":[{"count":14,"href":"https:\/\/www.versiegelung24.com\/sk\/wp-json\/wp\/v2\/product\/46816\/revisions"}],"predecessor-version":[{"id":180462,"href":"https:\/\/www.versiegelung24.com\/sk\/wp-json\/wp\/v2\/product\/46816\/revisions\/180462"}],"wp:featuredmedia":[{"embeddable":true,"href":"https:\/\/www.versiegelung24.com\/sk\/wp-json\/wp\/v2\/media\/46879"}],"wp:attachment":[{"href":"https:\/\/www.versiegelung24.com\/sk\/wp-json\/wp\/v2\/media?parent=46816"}],"wp:term":[{"taxonomy":"product_brand","embeddable":true,"href":"https:\/\/www.versiegelung24.com\/sk\/wp-json\/wp\/v2\/product_brand?post=46816"},{"taxonomy":"product_cat","embeddable":true,"href":"https:\/\/www.versiegelung24.com\/sk\/wp-json\/wp\/v2\/product_cat?post=46816"},{"taxonomy":"product_tag","embeddable":true,"href":"https:\/\/www.versiegelung24.com\/sk\/wp-json\/wp\/v2\/product_tag?post=46816"}],"curies":[{"name":"wp","href":"https:\/\/api.w.org\/{rel}","templated":true}]}}