{"id":62262,"date":"2022-02-06T23:03:40","date_gmt":"2022-02-06T22:04:05","guid":{"rendered":"https:\/\/www.versiegelung24.com\/?post_type=product&#038;p=62262"},"modified":"2025-01-05T17:32:21","modified_gmt":"2025-01-05T16:32:21","slug":"kompletny-premiovy-solarny-system-fotovoltaicky-tesniaci-s-extremnou-trvanlivostou-a-zvysenie-ucinnosti","status":"publish","type":"product","link":"https:\/\/www.versiegelung24.com\/sk\/product\/kompletny-premiovy-solarny-system-fotovoltaicky-tesniaci-s-extremnou-trvanlivostou-a-zvysenie-ucinnosti\/","title":{"rendered":"Kompletn\u00e1 sada pre tesnenie sol\u00e1rnych syst\u00e9mov \/ fotovoltaick\u00fdch syst\u00e9mov"},"content":{"rendered":"\n<p><strong>Kompletn\u00e1 sada pozost\u00e1vaj\u00faca z biologick\u00e9ho pred\u010disti\u010da, bioetanolu na odstra\u0148ovanie tuku a vysokov\u00fdkonn\u00e9ho nano-tesnenia na b\u00e1ze tekut\u00e9ho skla<\/strong><\/p>\n\n<p><strong>Vysoko \u00fa\u010dinn\u00fd nano povlak pre sol\u00e1rne syst\u00e9my s lotosov\u00fdm efektom (odpudzuje vodu)<\/strong><\/p>\n\n<p>Vysok\u00e1 kvalita Made in Germany<\/p>\n\n<h4 class=\"wp-block-heading\" id=\"properties\">vlastnosti<\/h4>\n\n<div class=\"wp-block-columns is-layout-flex wp-container-core-columns-is-layout-9d6595d7 wp-block-columns-is-layout-flex\">\n<div class=\"wp-block-column is-layout-flow wp-block-column-is-layout-flow\">\n<ul class=\"wp-block-list\">\n<li>Bud\u00faca technol\u00f3gia s nevidite\u013enou ochrannou vrstvou, &#8220;hrub\u00e1&#8221; cca 100 nm (nanometrov)<\/li>\n\n\n\n<li>Chr\u00e1ni povrch<\/li>\n\n\n\n<li>Odoln\u00fd vo\u010di teplu a mrazu<\/li>\n\n\n\n<li>Odoln\u00e9 vo\u010di morskej vode a soli (kysl\u00e9\/z\u00e1sadit\u00e9 1,5 a\u017e 12,5 ph)<\/li>\n\n\n\n<li>Odpudzuje vodu a ne\u010distoty<\/li>\n\n\n\n<li>Jednoduch\u00e1 a r\u00fdchla aplik\u00e1cia<\/li>\n\n\n\n<li>Pou\u017eite\u013en\u00e9 pri +10\u00b0 a\u017e +30\u00b0C<\/li>\n\n\n\n<li>UV stabiln\u00fd<\/li>\n\n\n\n<li>Efekt \u201eEasy-to-clean\u201c (povrchy sa \u013eahko \u010distia = \u0161etr\u00ed \u010das a peniaze a niektor\u00e9 ne\u010distoty u\u017e zmyje d\u00e1\u017e\u010f)<\/li>\n\n\n\n<li>Spotreba: cca 150 m\u00b2 na jeden liter<\/li>\n\n\n\n<li>Zni\u017euje ekologick\u00fa (CO2) stopu pri \u010disten\u00ed:\n<ul class=\"wp-block-list\">\n<li>Vy\u017eaduje sa menej vody<\/li>\n\n\n\n<li>Je potrebn\u00fdch menej chemick\u00fdch \u010distiacich prostriedkov<\/li>\n<\/ul>\n<\/li>\n<\/ul>\n<\/div>\n\n\n\n<div class=\"wp-block-column is-layout-flow wp-block-column-is-layout-flow\">\n<p><strong>Rozsah doru\u010denia:<\/strong><\/p>\n\n\n\n<ul class=\"wp-block-list\">\n<li>500 ml Biosativa\u00ae koncentr\u00e1t organick\u00e9ho \u010disti\u010da 1:10 na pred\u010distenie<\/li>\n\n\n\n<li>1 000 ml izopropanol alkoholu 99,9% na odmastenie<\/li>\n\n\n\n<li>500 ml Tekut\u00e9 sklo tesnenie 7601 (pre cca 75-100 m\u00b2)<\/li>\n\n\n\n<li>100 su\u0161iacich utierok 25 x 16 cm na pred\u010distenie<\/li>\n\n\n\n<li>10 utierok z mikrovl\u00e1kna 10 x 10 cm na aplik\u00e1ciu<\/li>\n\n\n\n<li>5 utierok z mikrovl\u00e1kna 30 x 30 cm na le\u0161tenie<\/li>\n\n\n\n<li>10 jednorazov\u00fdch ochrann\u00fdch rukav\u00edc<\/li>\n<\/ul>\n<\/div>\n<\/div>\n\n<hr\/>\n\n<h4 class=\"wp-block-heading\" id=\"application\">Aplik\u00e1cia<\/h4>\n\n<p>Jednoduch\u00e1 aplik\u00e1cia<\/p>\n\n<ol class=\"wp-block-list\">\n<li>Modul ve\u013emi dobre pred\u010distite pr\u00edpravkom Biosativa (\u010d\u00edm lep\u0161ie pred\u010distenie, t\u00fdm dlh\u0161ie tesnenie vydr\u017e\u00ed)<\/li>\n\n\n\n<li>Pred utesnen\u00edm op\u00e4\u0165 o\u010distite alkoholom<\/li>\n\n\n\n<li>Naneste tesnenie handri\u010dkou, vyle\u0161tite &#8211; hotovo.<\/li>\n<\/ol>\n\n<p><\/p>\n","protected":false},"excerpt":{"rendered":"<div class=\"column mcb-column mcb-item-mrk8thufa one column_column column-margin-0px\">\n<div class=\"column_attr clearfix\"><b>Fotovoltick\u00e9 moduly prin\u00e1\u0161aj\u00fa svoj najlep\u0161\u00ed v\u00fdnos za optim\u00e1lnych podmienok<\/b> <b>.<\/b> <\/div>\n<div class=\"column_attr clearfix\"><b>S na\u0161\u00edm \u0161peci\u00e1lnym tesnen\u00edm predl\u017eujeme \u010distiaci cyklus a zna\u010dne zjednodu\u0161ujeme \u010distenie. <\/b><\/div>\n<div class=\"column_attr clearfix\"><b>To vedie k zv\u00fd\u0161eniu n\u00e1vratnosti va\u0161ej invest\u00edcie.<\/b><\/div>\n<\/div>\n","protected":false},"featured_media":18513,"template":"","meta":{"_acf_changed":false,"neve_meta_sidebar":"","neve_meta_container":"","neve_meta_enable_content_width":"","neve_meta_content_width":0,"neve_meta_title_alignment":"","neve_meta_author_avatar":"","neve_post_elements_order":"","neve_meta_disable_header":"","neve_meta_disable_footer":"","neve_meta_disable_title":"","neve_meta_reading_time":"","_surfaces":[],"_ver_product_tabs":[],"footnotes":""},"product_brand":[],"product_cat":[2269],"product_tag":[],"class_list":{"0":"post-62262","1":"product","2":"type-product","3":"status-publish","4":"has-post-thumbnail","6":"product_cat-tesnenie-na-sklo-a-keramiku","8":"first","9":"instock","10":"taxable","11":"shipping-taxable","12":"purchasable","13":"product-type-simple"},"acf":[],"yoast_head":"<!-- This site is optimized with the Yoast SEO Premium plugin v22.8 (Yoast SEO v27.5) - https:\/\/yoast.com\/product\/yoast-seo-premium-wordpress\/ -->\n<title>Kompletn\u00e1 sada pre tesnenie sol\u00e1rnych syst\u00e9mov \/ fotovoltaick\u00fdch syst\u00e9mov - versiegelung24.com<\/title>\n<meta name=\"robots\" content=\"index, follow, max-snippet:-1, max-image-preview:large, max-video-preview:-1\" \/>\n<link rel=\"canonical\" href=\"https:\/\/www.versiegelung24.com\/sk\/product\/kompletny-premiovy-solarny-system-fotovoltaicky-tesniaci-s-extremnou-trvanlivostou-a-zvysenie-ucinnosti\/\" \/>\n<meta property=\"og:locale\" content=\"sk_SK\" \/>\n<meta property=\"og:type\" content=\"article\" \/>\n<meta property=\"og:title\" content=\"Kompletn\u00e1 sada pre tesnenie sol\u00e1rnych syst\u00e9mov \/ fotovoltaick\u00fdch syst\u00e9mov\" \/>\n<meta property=\"og:description\" content=\"Fotovoltick\u00e9 moduly prin\u00e1\u0161aj\u00fa svoj najlep\u0161\u00ed v\u00fdnos za optim\u00e1lnych podmienok . S na\u0161\u00edm \u0161peci\u00e1lnym tesnen\u00edm predl\u017eujeme \u010distiaci cyklus a zna\u010dne zjednodu\u0161ujeme \u010distenie. To vedie k zv\u00fd\u0161eniu n\u00e1vratnosti va\u0161ej invest\u00edcie.\" \/>\n<meta property=\"og:url\" content=\"https:\/\/www.versiegelung24.com\/sk\/product\/kompletny-premiovy-solarny-system-fotovoltaicky-tesniaci-s-extremnou-trvanlivostou-a-zvysenie-ucinnosti\/\" \/>\n<meta property=\"og:site_name\" content=\"versiegelung24.com\" \/>\n<meta property=\"article:modified_time\" content=\"2025-01-05T16:32:21+00:00\" \/>\n<meta property=\"og:image\" content=\"https:\/\/www.versiegelung24.com\/wp-content\/uploads\/2020\/06\/produkt-7000-7601-1000-Solarversiegelung-scaled.jpg\" \/>\n\t<meta property=\"og:image:width\" content=\"2560\" \/>\n\t<meta property=\"og:image:height\" content=\"2560\" \/>\n\t<meta property=\"og:image:type\" content=\"image\/jpeg\" \/>\n<meta name=\"twitter:card\" content=\"summary_large_image\" \/>\n<meta name=\"twitter:label1\" content=\"Cena\" \/>\n\t<meta name=\"twitter:data1\" content=\"199,00&euro;\" \/>\n\t<meta name=\"twitter:label2\" content=\"Dostupnos\u0165\" \/>\n\t<meta name=\"twitter:data2\" content=\"Na sklade\" \/>\n<script type=\"application\/ld+json\" class=\"yoast-schema-graph\">{\"@context\":\"https:\\\/\\\/schema.org\",\"@graph\":[{\"@type\":\"WebPage\",\"@id\":\"https:\\\/\\\/www.versiegelung24.com\\\/sk\\\/product\\\/kompletny-premiovy-solarny-system-fotovoltaicky-tesniaci-s-extremnou-trvanlivostou-a-zvysenie-ucinnosti\\\/\",\"url\":\"https:\\\/\\\/www.versiegelung24.com\\\/sk\\\/product\\\/kompletny-premiovy-solarny-system-fotovoltaicky-tesniaci-s-extremnou-trvanlivostou-a-zvysenie-ucinnosti\\\/\",\"name\":\"Kompletn\u00e1 sada pre tesnenie sol\u00e1rnych syst\u00e9mov \\\/ fotovoltaick\u00fdch syst\u00e9mov - versiegelung24.com\",\"isPartOf\":{\"@id\":\"https:\\\/\\\/www.versiegelung24.com\\\/sk\\\/#website\"},\"primaryImageOfPage\":{\"@id\":\"https:\\\/\\\/www.versiegelung24.com\\\/sk\\\/product\\\/kompletny-premiovy-solarny-system-fotovoltaicky-tesniaci-s-extremnou-trvanlivostou-a-zvysenie-ucinnosti\\\/#primaryimage\"},\"image\":{\"@id\":\"https:\\\/\\\/www.versiegelung24.com\\\/sk\\\/product\\\/kompletny-premiovy-solarny-system-fotovoltaicky-tesniaci-s-extremnou-trvanlivostou-a-zvysenie-ucinnosti\\\/#primaryimage\"},\"thumbnailUrl\":\"https:\\\/\\\/www.versiegelung24.com\\\/wp-content\\\/uploads\\\/2020\\\/06\\\/produkt-7000-7601-1000-Solarversiegelung-scaled.jpg\",\"datePublished\":\"2022-02-06T22:04:05+00:00\",\"dateModified\":\"2025-01-05T16:32:21+00:00\",\"breadcrumb\":{\"@id\":\"https:\\\/\\\/www.versiegelung24.com\\\/sk\\\/product\\\/kompletny-premiovy-solarny-system-fotovoltaicky-tesniaci-s-extremnou-trvanlivostou-a-zvysenie-ucinnosti\\\/#breadcrumb\"},\"inLanguage\":\"sk-SK\",\"potentialAction\":[{\"@type\":\"ReadAction\",\"target\":[\"https:\\\/\\\/www.versiegelung24.com\\\/sk\\\/product\\\/kompletny-premiovy-solarny-system-fotovoltaicky-tesniaci-s-extremnou-trvanlivostou-a-zvysenie-ucinnosti\\\/\"]}]},{\"@type\":\"ImageObject\",\"inLanguage\":\"sk-SK\",\"@id\":\"https:\\\/\\\/www.versiegelung24.com\\\/sk\\\/product\\\/kompletny-premiovy-solarny-system-fotovoltaicky-tesniaci-s-extremnou-trvanlivostou-a-zvysenie-ucinnosti\\\/#primaryimage\",\"url\":\"https:\\\/\\\/www.versiegelung24.com\\\/wp-content\\\/uploads\\\/2020\\\/06\\\/produkt-7000-7601-1000-Solarversiegelung-scaled.jpg\",\"contentUrl\":\"https:\\\/\\\/www.versiegelung24.com\\\/wp-content\\\/uploads\\\/2020\\\/06\\\/produkt-7000-7601-1000-Solarversiegelung-scaled.jpg\",\"width\":2560,\"height\":2560},{\"@type\":\"BreadcrumbList\",\"@id\":\"https:\\\/\\\/www.versiegelung24.com\\\/sk\\\/product\\\/kompletny-premiovy-solarny-system-fotovoltaicky-tesniaci-s-extremnou-trvanlivostou-a-zvysenie-ucinnosti\\\/#breadcrumb\",\"itemListElement\":[{\"@type\":\"ListItem\",\"position\":1,\"name\":\"\u00davodn\u00e1 str\u00e1nka\",\"item\":\"https:\\\/\\\/www.versiegelung24.com\\\/sk\\\/predna-strana\\\/\"},{\"@type\":\"ListItem\",\"position\":2,\"name\":\"Obchod\",\"item\":\"https:\\\/\\\/www.versiegelung24.com\\\/sk\\\/obchod\\\/\"},{\"@type\":\"ListItem\",\"position\":3,\"name\":\"Kompletn\u00e1 sada pre tesnenie sol\u00e1rnych syst\u00e9mov \\\/ fotovoltaick\u00fdch syst\u00e9mov\"}]},{\"@type\":\"WebSite\",\"@id\":\"https:\\\/\\\/www.versiegelung24.com\\\/sk\\\/#website\",\"url\":\"https:\\\/\\\/www.versiegelung24.com\\\/sk\\\/\",\"name\":\"versiegelung24.com\",\"description\":\"Fl\u00fcssigglas-Versiegelung - Made in Germany\",\"publisher\":{\"@id\":\"https:\\\/\\\/www.versiegelung24.com\\\/sk\\\/#organization\"},\"potentialAction\":[{\"@type\":\"SearchAction\",\"target\":{\"@type\":\"EntryPoint\",\"urlTemplate\":\"https:\\\/\\\/www.versiegelung24.com\\\/sk\\\/?s={search_term_string}\"},\"query-input\":{\"@type\":\"PropertyValueSpecification\",\"valueRequired\":true,\"valueName\":\"search_term_string\"}}],\"inLanguage\":\"sk-SK\"},{\"@type\":\"Organization\",\"@id\":\"https:\\\/\\\/www.versiegelung24.com\\\/sk\\\/#organization\",\"name\":\"versiegelung24\",\"url\":\"https:\\\/\\\/www.versiegelung24.com\\\/sk\\\/\",\"logo\":{\"@type\":\"ImageObject\",\"inLanguage\":\"sk-SK\",\"@id\":\"https:\\\/\\\/www.versiegelung24.com\\\/sk\\\/#\\\/schema\\\/logo\\\/image\\\/\",\"url\":\"https:\\\/\\\/www.versiegelung24.com\\\/wp-content\\\/uploads\\\/2020\\\/04\\\/versiegelung24.png\",\"contentUrl\":\"https:\\\/\\\/www.versiegelung24.com\\\/wp-content\\\/uploads\\\/2020\\\/04\\\/versiegelung24.png\",\"width\":470,\"height\":102,\"caption\":\"versiegelung24\"},\"image\":{\"@id\":\"https:\\\/\\\/www.versiegelung24.com\\\/sk\\\/#\\\/schema\\\/logo\\\/image\\\/\"}}]}<\/script>\n<meta property=\"product:price:amount\" content=\"199.00\" \/>\n<meta property=\"product:price:currency\" content=\"EUR\" \/>\n<meta property=\"og:availability\" content=\"instock\" \/>\n<meta property=\"product:availability\" content=\"instock\" \/>\n<meta property=\"product:retailer_item_id\" content=\"7005-5575-komplettset\" \/>\n<meta property=\"product:condition\" content=\"new\" \/>\n<!-- \/ Yoast SEO Premium plugin. -->","yoast_head_json":{"title":"Kompletn\u00e1 sada pre tesnenie sol\u00e1rnych syst\u00e9mov \/ fotovoltaick\u00fdch syst\u00e9mov - versiegelung24.com","robots":{"index":"index","follow":"follow","max-snippet":"max-snippet:-1","max-image-preview":"max-image-preview:large","max-video-preview":"max-video-preview:-1"},"canonical":"https:\/\/www.versiegelung24.com\/sk\/product\/kompletny-premiovy-solarny-system-fotovoltaicky-tesniaci-s-extremnou-trvanlivostou-a-zvysenie-ucinnosti\/","og_locale":"sk_SK","og_type":"article","og_title":"Kompletn\u00e1 sada pre tesnenie sol\u00e1rnych syst\u00e9mov \/ fotovoltaick\u00fdch syst\u00e9mov","og_description":"Fotovoltick\u00e9 moduly prin\u00e1\u0161aj\u00fa svoj najlep\u0161\u00ed v\u00fdnos za optim\u00e1lnych podmienok . S na\u0161\u00edm \u0161peci\u00e1lnym tesnen\u00edm predl\u017eujeme \u010distiaci cyklus a zna\u010dne zjednodu\u0161ujeme \u010distenie. To vedie k zv\u00fd\u0161eniu n\u00e1vratnosti va\u0161ej invest\u00edcie.","og_url":"https:\/\/www.versiegelung24.com\/sk\/product\/kompletny-premiovy-solarny-system-fotovoltaicky-tesniaci-s-extremnou-trvanlivostou-a-zvysenie-ucinnosti\/","og_site_name":"versiegelung24.com","article_modified_time":"2025-01-05T16:32:21+00:00","og_image":[{"width":2560,"height":2560,"url":"https:\/\/www.versiegelung24.com\/wp-content\/uploads\/2020\/06\/produkt-7000-7601-1000-Solarversiegelung-scaled.jpg","type":"image\/jpeg"}],"twitter_card":"summary_large_image","twitter_misc":{"Cena":"199,00&euro;","Dostupnos\u0165":"Na sklade"},"schema":{"@context":"https:\/\/schema.org","@graph":[{"@type":"WebPage","@id":"https:\/\/www.versiegelung24.com\/sk\/product\/kompletny-premiovy-solarny-system-fotovoltaicky-tesniaci-s-extremnou-trvanlivostou-a-zvysenie-ucinnosti\/","url":"https:\/\/www.versiegelung24.com\/sk\/product\/kompletny-premiovy-solarny-system-fotovoltaicky-tesniaci-s-extremnou-trvanlivostou-a-zvysenie-ucinnosti\/","name":"Kompletn\u00e1 sada pre tesnenie sol\u00e1rnych syst\u00e9mov \/ fotovoltaick\u00fdch syst\u00e9mov - versiegelung24.com","isPartOf":{"@id":"https:\/\/www.versiegelung24.com\/sk\/#website"},"primaryImageOfPage":{"@id":"https:\/\/www.versiegelung24.com\/sk\/product\/kompletny-premiovy-solarny-system-fotovoltaicky-tesniaci-s-extremnou-trvanlivostou-a-zvysenie-ucinnosti\/#primaryimage"},"image":{"@id":"https:\/\/www.versiegelung24.com\/sk\/product\/kompletny-premiovy-solarny-system-fotovoltaicky-tesniaci-s-extremnou-trvanlivostou-a-zvysenie-ucinnosti\/#primaryimage"},"thumbnailUrl":"https:\/\/www.versiegelung24.com\/wp-content\/uploads\/2020\/06\/produkt-7000-7601-1000-Solarversiegelung-scaled.jpg","datePublished":"2022-02-06T22:04:05+00:00","dateModified":"2025-01-05T16:32:21+00:00","breadcrumb":{"@id":"https:\/\/www.versiegelung24.com\/sk\/product\/kompletny-premiovy-solarny-system-fotovoltaicky-tesniaci-s-extremnou-trvanlivostou-a-zvysenie-ucinnosti\/#breadcrumb"},"inLanguage":"sk-SK","potentialAction":[{"@type":"ReadAction","target":["https:\/\/www.versiegelung24.com\/sk\/product\/kompletny-premiovy-solarny-system-fotovoltaicky-tesniaci-s-extremnou-trvanlivostou-a-zvysenie-ucinnosti\/"]}]},{"@type":"ImageObject","inLanguage":"sk-SK","@id":"https:\/\/www.versiegelung24.com\/sk\/product\/kompletny-premiovy-solarny-system-fotovoltaicky-tesniaci-s-extremnou-trvanlivostou-a-zvysenie-ucinnosti\/#primaryimage","url":"https:\/\/www.versiegelung24.com\/wp-content\/uploads\/2020\/06\/produkt-7000-7601-1000-Solarversiegelung-scaled.jpg","contentUrl":"https:\/\/www.versiegelung24.com\/wp-content\/uploads\/2020\/06\/produkt-7000-7601-1000-Solarversiegelung-scaled.jpg","width":2560,"height":2560},{"@type":"BreadcrumbList","@id":"https:\/\/www.versiegelung24.com\/sk\/product\/kompletny-premiovy-solarny-system-fotovoltaicky-tesniaci-s-extremnou-trvanlivostou-a-zvysenie-ucinnosti\/#breadcrumb","itemListElement":[{"@type":"ListItem","position":1,"name":"\u00davodn\u00e1 str\u00e1nka","item":"https:\/\/www.versiegelung24.com\/sk\/predna-strana\/"},{"@type":"ListItem","position":2,"name":"Obchod","item":"https:\/\/www.versiegelung24.com\/sk\/obchod\/"},{"@type":"ListItem","position":3,"name":"Kompletn\u00e1 sada pre tesnenie sol\u00e1rnych syst\u00e9mov \/ fotovoltaick\u00fdch syst\u00e9mov"}]},{"@type":"WebSite","@id":"https:\/\/www.versiegelung24.com\/sk\/#website","url":"https:\/\/www.versiegelung24.com\/sk\/","name":"versiegelung24.com","description":"Fl\u00fcssigglas-Versiegelung - Made in Germany","publisher":{"@id":"https:\/\/www.versiegelung24.com\/sk\/#organization"},"potentialAction":[{"@type":"SearchAction","target":{"@type":"EntryPoint","urlTemplate":"https:\/\/www.versiegelung24.com\/sk\/?s={search_term_string}"},"query-input":{"@type":"PropertyValueSpecification","valueRequired":true,"valueName":"search_term_string"}}],"inLanguage":"sk-SK"},{"@type":"Organization","@id":"https:\/\/www.versiegelung24.com\/sk\/#organization","name":"versiegelung24","url":"https:\/\/www.versiegelung24.com\/sk\/","logo":{"@type":"ImageObject","inLanguage":"sk-SK","@id":"https:\/\/www.versiegelung24.com\/sk\/#\/schema\/logo\/image\/","url":"https:\/\/www.versiegelung24.com\/wp-content\/uploads\/2020\/04\/versiegelung24.png","contentUrl":"https:\/\/www.versiegelung24.com\/wp-content\/uploads\/2020\/04\/versiegelung24.png","width":470,"height":102,"caption":"versiegelung24"},"image":{"@id":"https:\/\/www.versiegelung24.com\/sk\/#\/schema\/logo\/image\/"}}]},"product_price_amount":"199.00","product_price_currency":"EUR","og_availability":"instock","product_availability":"instock","product_retailer_item_id":"7005-5575-komplettset","product_condition":"new"},"_links":{"self":[{"href":"https:\/\/www.versiegelung24.com\/sk\/wp-json\/wp\/v2\/product\/62262","targetHints":{"allow":["GET"]}}],"collection":[{"href":"https:\/\/www.versiegelung24.com\/sk\/wp-json\/wp\/v2\/product"}],"about":[{"href":"https:\/\/www.versiegelung24.com\/sk\/wp-json\/wp\/v2\/types\/product"}],"version-history":[{"count":13,"href":"https:\/\/www.versiegelung24.com\/sk\/wp-json\/wp\/v2\/product\/62262\/revisions"}],"predecessor-version":[{"id":141465,"href":"https:\/\/www.versiegelung24.com\/sk\/wp-json\/wp\/v2\/product\/62262\/revisions\/141465"}],"wp:featuredmedia":[{"embeddable":true,"href":"https:\/\/www.versiegelung24.com\/sk\/wp-json\/wp\/v2\/media\/18513"}],"wp:attachment":[{"href":"https:\/\/www.versiegelung24.com\/sk\/wp-json\/wp\/v2\/media?parent=62262"}],"wp:term":[{"taxonomy":"product_brand","embeddable":true,"href":"https:\/\/www.versiegelung24.com\/sk\/wp-json\/wp\/v2\/product_brand?post=62262"},{"taxonomy":"product_cat","embeddable":true,"href":"https:\/\/www.versiegelung24.com\/sk\/wp-json\/wp\/v2\/product_cat?post=62262"},{"taxonomy":"product_tag","embeddable":true,"href":"https:\/\/www.versiegelung24.com\/sk\/wp-json\/wp\/v2\/product_tag?post=62262"}],"curies":[{"name":"wp","href":"https:\/\/api.w.org\/{rel}","templated":true}]}}