{"id":62845,"date":"2022-02-08T13:30:16","date_gmt":"2022-02-08T12:30:47","guid":{"rendered":"https:\/\/www.versiegelung24.com\/?post_type=product&#038;p=62845"},"modified":"2024-03-08T19:54:37","modified_gmt":"2024-03-08T18:54:37","slug":"profesionalne-remeselnicke-ochranne-okuliare-champ-kopie-2","status":"publish","type":"product","link":"https:\/\/www.versiegelung24.com\/sk\/product\/profesionalne-remeselnicke-ochranne-okuliare-champ-kopie-2\/","title":{"rendered":"Ochrann\u00e9 okuliare BASIC \u010d\u00edry"},"content":{"rendered":"\n<h3 class=\"wp-block-heading\" id=\"h-schutzbrille-basic-mit-gutem-tragekomfort-und-integriertem-seitenschutz-nach-din-en-166\">Ochrann\u00e9 okuliare BASIC s dobr\u00fdm komfortom nosenia a integrovanou bo\u010dnou ochranou pod\u013ea DIN EN 166<\/h3>\n\n<h4 class=\"wp-block-heading\" id=\"properties\">Vlastnosti produktu<\/h4>\n\n<ul class=\"wp-block-list\"><li>Okuliare BASIC s\u00fa vybaven\u00e9 integrovanou bo\u010dnou ochranou<\/li><li>Farba dr\u017eiaka je modr\u00e1. S\u00fa nastavite\u013en\u00e9 na d\u013a\u017eku a v\u00fd\u0161ku<\/li><li>Polykarbon\u00e1tov\u00e1 \u0161o\u0161ovka s povrchovou \u00fapravou proti po\u0161kriabaniu<\/li><li>Celkov\u00e1 hmotnos\u0165 ochrann\u00fdch okuliarov je pribli\u017ene 30 gramov<\/li><li>Norma: EN 166<\/li><\/ul>","protected":false},"excerpt":{"rendered":"<p><strong>Ochrann\u00e9 okuliare BASIC:<\/strong><\/p>\n<p>\u2713 S dobr\u00fdm komfortom nosenia<\/p>\n<p>\u2713 Integrovan\u00e1 bo\u010dn\u00e1 ochrana pod\u013ea DIN EN 166<\/p>\n","protected":false},"featured_media":63193,"template":"","meta":{"_acf_changed":false,"neve_meta_sidebar":"","neve_meta_container":"","neve_meta_enable_content_width":"","neve_meta_content_width":0,"neve_meta_title_alignment":"","neve_meta_author_avatar":"","neve_post_elements_order":"","neve_meta_disable_header":"","neve_meta_disable_footer":"","neve_meta_disable_title":"","neve_meta_reading_time":"","_surfaces":[],"_ver_product_tabs":[],"footnotes":""},"product_brand":[],"product_cat":[3089],"product_tag":[],"class_list":{"0":"post-62845","1":"product","2":"type-product","3":"status-publish","4":"has-post-thumbnail","6":"product_cat-zariadeni","8":"first","9":"instock","10":"taxable","11":"shipping-taxable","12":"purchasable","13":"product-type-simple"},"acf":[],"yoast_head":"<!-- This site is optimized with the Yoast SEO Premium plugin v22.8 (Yoast SEO v27.5) - https:\/\/yoast.com\/product\/yoast-seo-premium-wordpress\/ -->\n<title>Ochrann\u00e9 okuliare BASIC \u010d\u00edry - versiegelung24.com<\/title>\n<meta name=\"robots\" content=\"index, follow, max-snippet:-1, max-image-preview:large, max-video-preview:-1\" \/>\n<link rel=\"canonical\" href=\"https:\/\/www.versiegelung24.com\/sk\/product\/profesionalne-remeselnicke-ochranne-okuliare-champ-kopie-2\/\" \/>\n<meta property=\"og:locale\" content=\"sk_SK\" \/>\n<meta property=\"og:type\" content=\"article\" \/>\n<meta property=\"og:title\" content=\"Ochrann\u00e9 okuliare BASIC \u010d\u00edry\" \/>\n<meta property=\"og:description\" content=\"Ochrann\u00e9 okuliare BASIC: \u2713 S dobr\u00fdm komfortom nosenia \u2713 Integrovan\u00e1 bo\u010dn\u00e1 ochrana pod\u013ea DIN EN 166\" \/>\n<meta property=\"og:url\" content=\"https:\/\/www.versiegelung24.com\/sk\/product\/profesionalne-remeselnicke-ochranne-okuliare-champ-kopie-2\/\" \/>\n<meta property=\"og:site_name\" content=\"versiegelung24.com\" \/>\n<meta property=\"article:modified_time\" content=\"2024-03-08T18:54:37+00:00\" \/>\n<meta property=\"og:image\" content=\"https:\/\/www.versiegelung24.com\/wp-content\/uploads\/2022\/02\/produkt-v24-41931-schutzbrille-basic-klare-sicht.jpg\" \/>\n\t<meta property=\"og:image:width\" content=\"2000\" \/>\n\t<meta property=\"og:image:height\" content=\"2000\" \/>\n\t<meta property=\"og:image:type\" content=\"image\/jpeg\" \/>\n<meta name=\"twitter:card\" content=\"summary_large_image\" \/>\n<meta name=\"twitter:label1\" content=\"Cena\" \/>\n\t<meta name=\"twitter:data1\" content=\"7,49&euro;\" \/>\n\t<meta name=\"twitter:label2\" content=\"Dostupnos\u0165\" \/>\n\t<meta name=\"twitter:data2\" content=\"Na sklade\" \/>\n<script type=\"application\/ld+json\" class=\"yoast-schema-graph\">{\"@context\":\"https:\\\/\\\/schema.org\",\"@graph\":[{\"@type\":\"WebPage\",\"@id\":\"https:\\\/\\\/www.versiegelung24.com\\\/sk\\\/product\\\/profesionalne-remeselnicke-ochranne-okuliare-champ-kopie-2\\\/\",\"url\":\"https:\\\/\\\/www.versiegelung24.com\\\/sk\\\/product\\\/profesionalne-remeselnicke-ochranne-okuliare-champ-kopie-2\\\/\",\"name\":\"Ochrann\u00e9 okuliare BASIC \u010d\u00edry - versiegelung24.com\",\"isPartOf\":{\"@id\":\"https:\\\/\\\/www.versiegelung24.com\\\/sk\\\/#website\"},\"primaryImageOfPage\":{\"@id\":\"https:\\\/\\\/www.versiegelung24.com\\\/sk\\\/product\\\/profesionalne-remeselnicke-ochranne-okuliare-champ-kopie-2\\\/#primaryimage\"},\"image\":{\"@id\":\"https:\\\/\\\/www.versiegelung24.com\\\/sk\\\/product\\\/profesionalne-remeselnicke-ochranne-okuliare-champ-kopie-2\\\/#primaryimage\"},\"thumbnailUrl\":\"https:\\\/\\\/www.versiegelung24.com\\\/wp-content\\\/uploads\\\/2022\\\/02\\\/produkt-v24-41931-schutzbrille-basic-klare-sicht.jpg\",\"datePublished\":\"2022-02-08T12:30:47+00:00\",\"dateModified\":\"2024-03-08T18:54:37+00:00\",\"breadcrumb\":{\"@id\":\"https:\\\/\\\/www.versiegelung24.com\\\/sk\\\/product\\\/profesionalne-remeselnicke-ochranne-okuliare-champ-kopie-2\\\/#breadcrumb\"},\"inLanguage\":\"sk-SK\",\"potentialAction\":[{\"@type\":\"ReadAction\",\"target\":[\"https:\\\/\\\/www.versiegelung24.com\\\/sk\\\/product\\\/profesionalne-remeselnicke-ochranne-okuliare-champ-kopie-2\\\/\"]}]},{\"@type\":\"ImageObject\",\"inLanguage\":\"sk-SK\",\"@id\":\"https:\\\/\\\/www.versiegelung24.com\\\/sk\\\/product\\\/profesionalne-remeselnicke-ochranne-okuliare-champ-kopie-2\\\/#primaryimage\",\"url\":\"https:\\\/\\\/www.versiegelung24.com\\\/wp-content\\\/uploads\\\/2022\\\/02\\\/produkt-v24-41931-schutzbrille-basic-klare-sicht.jpg\",\"contentUrl\":\"https:\\\/\\\/www.versiegelung24.com\\\/wp-content\\\/uploads\\\/2022\\\/02\\\/produkt-v24-41931-schutzbrille-basic-klare-sicht.jpg\",\"width\":2000,\"height\":2000},{\"@type\":\"BreadcrumbList\",\"@id\":\"https:\\\/\\\/www.versiegelung24.com\\\/sk\\\/product\\\/profesionalne-remeselnicke-ochranne-okuliare-champ-kopie-2\\\/#breadcrumb\",\"itemListElement\":[{\"@type\":\"ListItem\",\"position\":1,\"name\":\"\u00davodn\u00e1 str\u00e1nka\",\"item\":\"https:\\\/\\\/www.versiegelung24.com\\\/sk\\\/predna-strana\\\/\"},{\"@type\":\"ListItem\",\"position\":2,\"name\":\"Obchod\",\"item\":\"https:\\\/\\\/www.versiegelung24.com\\\/sk\\\/obchod\\\/\"},{\"@type\":\"ListItem\",\"position\":3,\"name\":\"Ochrann\u00e9 okuliare BASIC \u010d\u00edry\"}]},{\"@type\":\"WebSite\",\"@id\":\"https:\\\/\\\/www.versiegelung24.com\\\/sk\\\/#website\",\"url\":\"https:\\\/\\\/www.versiegelung24.com\\\/sk\\\/\",\"name\":\"versiegelung24.com\",\"description\":\"Fl\u00fcssigglas-Versiegelung - Made in Germany\",\"publisher\":{\"@id\":\"https:\\\/\\\/www.versiegelung24.com\\\/sk\\\/#organization\"},\"potentialAction\":[{\"@type\":\"SearchAction\",\"target\":{\"@type\":\"EntryPoint\",\"urlTemplate\":\"https:\\\/\\\/www.versiegelung24.com\\\/sk\\\/?s={search_term_string}\"},\"query-input\":{\"@type\":\"PropertyValueSpecification\",\"valueRequired\":true,\"valueName\":\"search_term_string\"}}],\"inLanguage\":\"sk-SK\"},{\"@type\":\"Organization\",\"@id\":\"https:\\\/\\\/www.versiegelung24.com\\\/sk\\\/#organization\",\"name\":\"versiegelung24\",\"url\":\"https:\\\/\\\/www.versiegelung24.com\\\/sk\\\/\",\"logo\":{\"@type\":\"ImageObject\",\"inLanguage\":\"sk-SK\",\"@id\":\"https:\\\/\\\/www.versiegelung24.com\\\/sk\\\/#\\\/schema\\\/logo\\\/image\\\/\",\"url\":\"https:\\\/\\\/www.versiegelung24.com\\\/wp-content\\\/uploads\\\/2020\\\/04\\\/versiegelung24.png\",\"contentUrl\":\"https:\\\/\\\/www.versiegelung24.com\\\/wp-content\\\/uploads\\\/2020\\\/04\\\/versiegelung24.png\",\"width\":470,\"height\":102,\"caption\":\"versiegelung24\"},\"image\":{\"@id\":\"https:\\\/\\\/www.versiegelung24.com\\\/sk\\\/#\\\/schema\\\/logo\\\/image\\\/\"}}]}<\/script>\n<meta property=\"product:price:amount\" content=\"7.49\" \/>\n<meta property=\"product:price:currency\" content=\"EUR\" \/>\n<meta property=\"og:availability\" content=\"instock\" \/>\n<meta property=\"product:availability\" content=\"instock\" \/>\n<meta property=\"product:retailer_item_id\" content=\"V24-41931\" \/>\n<meta property=\"product:condition\" content=\"new\" \/>\n<!-- \/ Yoast SEO Premium plugin. -->","yoast_head_json":{"title":"Ochrann\u00e9 okuliare BASIC \u010d\u00edry - versiegelung24.com","robots":{"index":"index","follow":"follow","max-snippet":"max-snippet:-1","max-image-preview":"max-image-preview:large","max-video-preview":"max-video-preview:-1"},"canonical":"https:\/\/www.versiegelung24.com\/sk\/product\/profesionalne-remeselnicke-ochranne-okuliare-champ-kopie-2\/","og_locale":"sk_SK","og_type":"article","og_title":"Ochrann\u00e9 okuliare BASIC \u010d\u00edry","og_description":"Ochrann\u00e9 okuliare BASIC: \u2713 S dobr\u00fdm komfortom nosenia \u2713 Integrovan\u00e1 bo\u010dn\u00e1 ochrana pod\u013ea DIN EN 166","og_url":"https:\/\/www.versiegelung24.com\/sk\/product\/profesionalne-remeselnicke-ochranne-okuliare-champ-kopie-2\/","og_site_name":"versiegelung24.com","article_modified_time":"2024-03-08T18:54:37+00:00","og_image":[{"width":2000,"height":2000,"url":"https:\/\/www.versiegelung24.com\/wp-content\/uploads\/2022\/02\/produkt-v24-41931-schutzbrille-basic-klare-sicht.jpg","type":"image\/jpeg"}],"twitter_card":"summary_large_image","twitter_misc":{"Cena":"7,49&euro;","Dostupnos\u0165":"Na sklade"},"schema":{"@context":"https:\/\/schema.org","@graph":[{"@type":"WebPage","@id":"https:\/\/www.versiegelung24.com\/sk\/product\/profesionalne-remeselnicke-ochranne-okuliare-champ-kopie-2\/","url":"https:\/\/www.versiegelung24.com\/sk\/product\/profesionalne-remeselnicke-ochranne-okuliare-champ-kopie-2\/","name":"Ochrann\u00e9 okuliare BASIC \u010d\u00edry - versiegelung24.com","isPartOf":{"@id":"https:\/\/www.versiegelung24.com\/sk\/#website"},"primaryImageOfPage":{"@id":"https:\/\/www.versiegelung24.com\/sk\/product\/profesionalne-remeselnicke-ochranne-okuliare-champ-kopie-2\/#primaryimage"},"image":{"@id":"https:\/\/www.versiegelung24.com\/sk\/product\/profesionalne-remeselnicke-ochranne-okuliare-champ-kopie-2\/#primaryimage"},"thumbnailUrl":"https:\/\/www.versiegelung24.com\/wp-content\/uploads\/2022\/02\/produkt-v24-41931-schutzbrille-basic-klare-sicht.jpg","datePublished":"2022-02-08T12:30:47+00:00","dateModified":"2024-03-08T18:54:37+00:00","breadcrumb":{"@id":"https:\/\/www.versiegelung24.com\/sk\/product\/profesionalne-remeselnicke-ochranne-okuliare-champ-kopie-2\/#breadcrumb"},"inLanguage":"sk-SK","potentialAction":[{"@type":"ReadAction","target":["https:\/\/www.versiegelung24.com\/sk\/product\/profesionalne-remeselnicke-ochranne-okuliare-champ-kopie-2\/"]}]},{"@type":"ImageObject","inLanguage":"sk-SK","@id":"https:\/\/www.versiegelung24.com\/sk\/product\/profesionalne-remeselnicke-ochranne-okuliare-champ-kopie-2\/#primaryimage","url":"https:\/\/www.versiegelung24.com\/wp-content\/uploads\/2022\/02\/produkt-v24-41931-schutzbrille-basic-klare-sicht.jpg","contentUrl":"https:\/\/www.versiegelung24.com\/wp-content\/uploads\/2022\/02\/produkt-v24-41931-schutzbrille-basic-klare-sicht.jpg","width":2000,"height":2000},{"@type":"BreadcrumbList","@id":"https:\/\/www.versiegelung24.com\/sk\/product\/profesionalne-remeselnicke-ochranne-okuliare-champ-kopie-2\/#breadcrumb","itemListElement":[{"@type":"ListItem","position":1,"name":"\u00davodn\u00e1 str\u00e1nka","item":"https:\/\/www.versiegelung24.com\/sk\/predna-strana\/"},{"@type":"ListItem","position":2,"name":"Obchod","item":"https:\/\/www.versiegelung24.com\/sk\/obchod\/"},{"@type":"ListItem","position":3,"name":"Ochrann\u00e9 okuliare BASIC \u010d\u00edry"}]},{"@type":"WebSite","@id":"https:\/\/www.versiegelung24.com\/sk\/#website","url":"https:\/\/www.versiegelung24.com\/sk\/","name":"versiegelung24.com","description":"Fl\u00fcssigglas-Versiegelung - Made in Germany","publisher":{"@id":"https:\/\/www.versiegelung24.com\/sk\/#organization"},"potentialAction":[{"@type":"SearchAction","target":{"@type":"EntryPoint","urlTemplate":"https:\/\/www.versiegelung24.com\/sk\/?s={search_term_string}"},"query-input":{"@type":"PropertyValueSpecification","valueRequired":true,"valueName":"search_term_string"}}],"inLanguage":"sk-SK"},{"@type":"Organization","@id":"https:\/\/www.versiegelung24.com\/sk\/#organization","name":"versiegelung24","url":"https:\/\/www.versiegelung24.com\/sk\/","logo":{"@type":"ImageObject","inLanguage":"sk-SK","@id":"https:\/\/www.versiegelung24.com\/sk\/#\/schema\/logo\/image\/","url":"https:\/\/www.versiegelung24.com\/wp-content\/uploads\/2020\/04\/versiegelung24.png","contentUrl":"https:\/\/www.versiegelung24.com\/wp-content\/uploads\/2020\/04\/versiegelung24.png","width":470,"height":102,"caption":"versiegelung24"},"image":{"@id":"https:\/\/www.versiegelung24.com\/sk\/#\/schema\/logo\/image\/"}}]},"product_price_amount":"7.49","product_price_currency":"EUR","og_availability":"instock","product_availability":"instock","product_retailer_item_id":"V24-41931","product_condition":"new"},"_links":{"self":[{"href":"https:\/\/www.versiegelung24.com\/sk\/wp-json\/wp\/v2\/product\/62845","targetHints":{"allow":["GET"]}}],"collection":[{"href":"https:\/\/www.versiegelung24.com\/sk\/wp-json\/wp\/v2\/product"}],"about":[{"href":"https:\/\/www.versiegelung24.com\/sk\/wp-json\/wp\/v2\/types\/product"}],"version-history":[{"count":9,"href":"https:\/\/www.versiegelung24.com\/sk\/wp-json\/wp\/v2\/product\/62845\/revisions"}],"predecessor-version":[{"id":79634,"href":"https:\/\/www.versiegelung24.com\/sk\/wp-json\/wp\/v2\/product\/62845\/revisions\/79634"}],"wp:featuredmedia":[{"embeddable":true,"href":"https:\/\/www.versiegelung24.com\/sk\/wp-json\/wp\/v2\/media\/63193"}],"wp:attachment":[{"href":"https:\/\/www.versiegelung24.com\/sk\/wp-json\/wp\/v2\/media?parent=62845"}],"wp:term":[{"taxonomy":"product_brand","embeddable":true,"href":"https:\/\/www.versiegelung24.com\/sk\/wp-json\/wp\/v2\/product_brand?post=62845"},{"taxonomy":"product_cat","embeddable":true,"href":"https:\/\/www.versiegelung24.com\/sk\/wp-json\/wp\/v2\/product_cat?post=62845"},{"taxonomy":"product_tag","embeddable":true,"href":"https:\/\/www.versiegelung24.com\/sk\/wp-json\/wp\/v2\/product_tag?post=62845"}],"curies":[{"name":"wp","href":"https:\/\/api.w.org\/{rel}","templated":true}]}}