{"id":64070,"date":"2022-02-10T08:13:28","date_gmt":"2022-02-10T07:13:31","guid":{"rendered":"https:\/\/www.versiegelung24.com\/?post_type=product&#038;p=64070"},"modified":"2023-06-19T15:48:41","modified_gmt":"2023-06-19T13:48:41","slug":"drziak-na-maliarsky-valcek-colorus-classic-2k-comfort-rukovaet-6-mm-pre-10-16-cm-valceky-s-dlzkou-29-cm-kopie","status":"publish","type":"product","link":"https:\/\/www.versiegelung24.com\/sk\/product\/drziak-na-maliarsky-valcek-colorus-classic-2k-comfort-rukovaet-6-mm-pre-10-16-cm-valceky-s-dlzkou-29-cm-kopie\/","title":{"rendered":"Dr\u017eiak na maliarsky val\u010dek Colorus CLASSIC 2K Comfort rukov\u00e4\u0165 6 mm pre 10-16 cm val\u010deky s d\u013a\u017ekou 39 cm"},"content":{"rendered":"\n<h3 class=\"wp-block-heading\" id=\"h-profi-komfort-bugel-fur-heizkorperwalzen-und-kleinflachenwalzen-mit-6mm-walzenlager-spitzenqualitat\">Profesion\u00e1lny komfortn\u00fd dr\u017eiak pre val\u010deky chladi\u010da a val\u010deky s mal\u00fdm povrchom so 6 mm val\u010dekov\u00fdmi lo\u017eiskami. Najvy\u0161\u0161ia kvalita.<\/h3>\n\n<h4 class=\"wp-block-heading\" id=\"properties\">Vlastnosti produktu<\/h4>\n\n<ul class=\"wp-block-list\"><li>2-zlo\u017ekov\u00e1 rukov\u00e4\u0165 val\u010deka s ergonomickou a proti\u0161mykovou m\u00e4kkou rukov\u00e4\u0165ou.<\/li><li>Dr\u017eiaky val\u010dekov s\u00fa vyroben\u00e9 z pozinkovanej ocele, a preto pon\u00fakaj\u00fa ve\u013emi dlh\u00fa \u017eivotnos\u0165.<\/li><li>Vhodn\u00e9 pre v\u0161etky komer\u010dne dostupn\u00e9 teleskopick\u00e9 palice a teleskopick\u00e9 palice s click syst\u00e9mom.<\/li><li>Dr\u017eiak maliarskeho val\u010deka pre maliarske val\u010deky s priemerom val\u010dekov\u00e9ho lo\u017eiska 6 mm.<\/li><li>D\u013a\u017eka 39 cm<\/li><\/ul>","protected":false},"excerpt":{"rendered":"<p><strong>Profesion\u00e1lny komfortn\u00fd dr\u017eiak pre val\u010deky chladi\u010da a val\u010deky pre mal\u00e9 plochy:<\/strong><\/p>\n<p>\u2713 So 6 mm val\u010dekov\u00fdm lo\u017eiskom<\/p>\n<p>\u2713 \u0160pi\u010dkov\u00e1 kvalita<\/p>\n","protected":false},"featured_media":63944,"template":"","meta":{"_acf_changed":false,"neve_meta_sidebar":"","neve_meta_container":"","neve_meta_enable_content_width":"","neve_meta_content_width":0,"neve_meta_title_alignment":"","neve_meta_author_avatar":"","neve_post_elements_order":"","neve_meta_disable_header":"","neve_meta_disable_footer":"","neve_meta_disable_title":"","neve_meta_reading_time":"","_surfaces":[],"_ver_product_tabs":[],"footnotes":""},"product_brand":[],"product_cat":[3089],"product_tag":[],"class_list":{"0":"post-64070","1":"product","2":"type-product","3":"status-publish","4":"has-post-thumbnail","6":"product_cat-zariadeni","8":"first","9":"instock","10":"taxable","11":"shipping-taxable","12":"purchasable","13":"product-type-simple"},"acf":[],"yoast_head":"<!-- This site is optimized with the Yoast SEO Premium plugin v22.8 (Yoast SEO v27.5) - https:\/\/yoast.com\/product\/yoast-seo-premium-wordpress\/ -->\n<title>Dr\u017eiak na maliarsky val\u010dek Colorus CLASSIC 2K Comfort rukov\u00e4\u0165 6 mm pre 10-16 cm val\u010deky s d\u013a\u017ekou 39 cm - versiegelung24.com<\/title>\n<meta name=\"robots\" content=\"index, follow, max-snippet:-1, max-image-preview:large, max-video-preview:-1\" \/>\n<link rel=\"canonical\" href=\"https:\/\/www.versiegelung24.com\/sk\/product\/drziak-na-maliarsky-valcek-colorus-classic-2k-comfort-rukovaet-6-mm-pre-10-16-cm-valceky-s-dlzkou-29-cm-kopie\/\" \/>\n<meta property=\"og:locale\" content=\"sk_SK\" \/>\n<meta property=\"og:type\" content=\"article\" \/>\n<meta property=\"og:title\" content=\"Dr\u017eiak na maliarsky val\u010dek Colorus CLASSIC 2K Comfort rukov\u00e4\u0165 6 mm pre 10-16 cm val\u010deky s d\u013a\u017ekou 39 cm\" \/>\n<meta property=\"og:description\" content=\"Profesion\u00e1lny komfortn\u00fd dr\u017eiak pre val\u010deky chladi\u010da a val\u010deky pre mal\u00e9 plochy: \u2713 So 6 mm val\u010dekov\u00fdm lo\u017eiskom \u2713 \u0160pi\u010dkov\u00e1 kvalita\" \/>\n<meta property=\"og:url\" content=\"https:\/\/www.versiegelung24.com\/sk\/product\/drziak-na-maliarsky-valcek-colorus-classic-2k-comfort-rukovaet-6-mm-pre-10-16-cm-valceky-s-dlzkou-29-cm-kopie\/\" \/>\n<meta property=\"og:site_name\" content=\"versiegelung24.com\" \/>\n<meta property=\"article:modified_time\" content=\"2023-06-19T13:48:41+00:00\" \/>\n<meta property=\"og:image\" content=\"https:\/\/www.versiegelung24.com\/wp-content\/uploads\/2022\/02\/produkt-v24-1029-1039-2k-Colorus-Farbwalzen-Buegel-CLASSIC-2K-Comfort-Griff-6mm-fuer-10-16cm-Farbwalzen.jpg\" \/>\n\t<meta property=\"og:image:width\" content=\"2000\" \/>\n\t<meta property=\"og:image:height\" content=\"2000\" \/>\n\t<meta property=\"og:image:type\" content=\"image\/jpeg\" \/>\n<meta name=\"twitter:card\" content=\"summary_large_image\" \/>\n<meta name=\"twitter:label1\" content=\"Cena\" \/>\n\t<meta name=\"twitter:data1\" content=\"2,99&euro;\" \/>\n\t<meta name=\"twitter:label2\" content=\"Dostupnos\u0165\" \/>\n\t<meta name=\"twitter:data2\" content=\"Na sklade\" \/>\n<script type=\"application\/ld+json\" class=\"yoast-schema-graph\">{\"@context\":\"https:\\\/\\\/schema.org\",\"@graph\":[{\"@type\":\"WebPage\",\"@id\":\"https:\\\/\\\/www.versiegelung24.com\\\/sk\\\/product\\\/drziak-na-maliarsky-valcek-colorus-classic-2k-comfort-rukovaet-6-mm-pre-10-16-cm-valceky-s-dlzkou-29-cm-kopie\\\/\",\"url\":\"https:\\\/\\\/www.versiegelung24.com\\\/sk\\\/product\\\/drziak-na-maliarsky-valcek-colorus-classic-2k-comfort-rukovaet-6-mm-pre-10-16-cm-valceky-s-dlzkou-29-cm-kopie\\\/\",\"name\":\"Dr\u017eiak na maliarsky val\u010dek Colorus CLASSIC 2K Comfort rukov\u00e4\u0165 6 mm pre 10-16 cm val\u010deky s d\u013a\u017ekou 39 cm - versiegelung24.com\",\"isPartOf\":{\"@id\":\"https:\\\/\\\/www.versiegelung24.com\\\/sk\\\/#website\"},\"primaryImageOfPage\":{\"@id\":\"https:\\\/\\\/www.versiegelung24.com\\\/sk\\\/product\\\/drziak-na-maliarsky-valcek-colorus-classic-2k-comfort-rukovaet-6-mm-pre-10-16-cm-valceky-s-dlzkou-29-cm-kopie\\\/#primaryimage\"},\"image\":{\"@id\":\"https:\\\/\\\/www.versiegelung24.com\\\/sk\\\/product\\\/drziak-na-maliarsky-valcek-colorus-classic-2k-comfort-rukovaet-6-mm-pre-10-16-cm-valceky-s-dlzkou-29-cm-kopie\\\/#primaryimage\"},\"thumbnailUrl\":\"https:\\\/\\\/www.versiegelung24.com\\\/wp-content\\\/uploads\\\/2022\\\/02\\\/produkt-v24-1029-1039-2k-Colorus-Farbwalzen-Buegel-CLASSIC-2K-Comfort-Griff-6mm-fuer-10-16cm-Farbwalzen.jpg\",\"datePublished\":\"2022-02-10T07:13:31+00:00\",\"dateModified\":\"2023-06-19T13:48:41+00:00\",\"breadcrumb\":{\"@id\":\"https:\\\/\\\/www.versiegelung24.com\\\/sk\\\/product\\\/drziak-na-maliarsky-valcek-colorus-classic-2k-comfort-rukovaet-6-mm-pre-10-16-cm-valceky-s-dlzkou-29-cm-kopie\\\/#breadcrumb\"},\"inLanguage\":\"sk-SK\",\"potentialAction\":[{\"@type\":\"ReadAction\",\"target\":[\"https:\\\/\\\/www.versiegelung24.com\\\/sk\\\/product\\\/drziak-na-maliarsky-valcek-colorus-classic-2k-comfort-rukovaet-6-mm-pre-10-16-cm-valceky-s-dlzkou-29-cm-kopie\\\/\"]}]},{\"@type\":\"ImageObject\",\"inLanguage\":\"sk-SK\",\"@id\":\"https:\\\/\\\/www.versiegelung24.com\\\/sk\\\/product\\\/drziak-na-maliarsky-valcek-colorus-classic-2k-comfort-rukovaet-6-mm-pre-10-16-cm-valceky-s-dlzkou-29-cm-kopie\\\/#primaryimage\",\"url\":\"https:\\\/\\\/www.versiegelung24.com\\\/wp-content\\\/uploads\\\/2022\\\/02\\\/produkt-v24-1029-1039-2k-Colorus-Farbwalzen-Buegel-CLASSIC-2K-Comfort-Griff-6mm-fuer-10-16cm-Farbwalzen.jpg\",\"contentUrl\":\"https:\\\/\\\/www.versiegelung24.com\\\/wp-content\\\/uploads\\\/2022\\\/02\\\/produkt-v24-1029-1039-2k-Colorus-Farbwalzen-Buegel-CLASSIC-2K-Comfort-Griff-6mm-fuer-10-16cm-Farbwalzen.jpg\",\"width\":2000,\"height\":2000},{\"@type\":\"BreadcrumbList\",\"@id\":\"https:\\\/\\\/www.versiegelung24.com\\\/sk\\\/product\\\/drziak-na-maliarsky-valcek-colorus-classic-2k-comfort-rukovaet-6-mm-pre-10-16-cm-valceky-s-dlzkou-29-cm-kopie\\\/#breadcrumb\",\"itemListElement\":[{\"@type\":\"ListItem\",\"position\":1,\"name\":\"\u00davodn\u00e1 str\u00e1nka\",\"item\":\"https:\\\/\\\/www.versiegelung24.com\\\/sk\\\/predna-strana\\\/\"},{\"@type\":\"ListItem\",\"position\":2,\"name\":\"Obchod\",\"item\":\"https:\\\/\\\/www.versiegelung24.com\\\/sk\\\/obchod\\\/\"},{\"@type\":\"ListItem\",\"position\":3,\"name\":\"Dr\u017eiak na maliarsky val\u010dek Colorus CLASSIC 2K Comfort rukov\u00e4\u0165 6 mm pre 10-16 cm val\u010deky s d\u013a\u017ekou 39 cm\"}]},{\"@type\":\"WebSite\",\"@id\":\"https:\\\/\\\/www.versiegelung24.com\\\/sk\\\/#website\",\"url\":\"https:\\\/\\\/www.versiegelung24.com\\\/sk\\\/\",\"name\":\"versiegelung24.com\",\"description\":\"Fl\u00fcssigglas-Versiegelung - Made in Germany\",\"publisher\":{\"@id\":\"https:\\\/\\\/www.versiegelung24.com\\\/sk\\\/#organization\"},\"potentialAction\":[{\"@type\":\"SearchAction\",\"target\":{\"@type\":\"EntryPoint\",\"urlTemplate\":\"https:\\\/\\\/www.versiegelung24.com\\\/sk\\\/?s={search_term_string}\"},\"query-input\":{\"@type\":\"PropertyValueSpecification\",\"valueRequired\":true,\"valueName\":\"search_term_string\"}}],\"inLanguage\":\"sk-SK\"},{\"@type\":\"Organization\",\"@id\":\"https:\\\/\\\/www.versiegelung24.com\\\/sk\\\/#organization\",\"name\":\"versiegelung24\",\"url\":\"https:\\\/\\\/www.versiegelung24.com\\\/sk\\\/\",\"logo\":{\"@type\":\"ImageObject\",\"inLanguage\":\"sk-SK\",\"@id\":\"https:\\\/\\\/www.versiegelung24.com\\\/sk\\\/#\\\/schema\\\/logo\\\/image\\\/\",\"url\":\"https:\\\/\\\/www.versiegelung24.com\\\/wp-content\\\/uploads\\\/2020\\\/04\\\/versiegelung24.png\",\"contentUrl\":\"https:\\\/\\\/www.versiegelung24.com\\\/wp-content\\\/uploads\\\/2020\\\/04\\\/versiegelung24.png\",\"width\":470,\"height\":102,\"caption\":\"versiegelung24\"},\"image\":{\"@id\":\"https:\\\/\\\/www.versiegelung24.com\\\/sk\\\/#\\\/schema\\\/logo\\\/image\\\/\"}}]}<\/script>\n<meta property=\"product:price:amount\" content=\"2.99\" \/>\n<meta property=\"product:price:currency\" content=\"EUR\" \/>\n<meta property=\"og:availability\" content=\"instock\" \/>\n<meta property=\"product:availability\" content=\"instock\" \/>\n<meta property=\"product:retailer_item_id\" content=\"V24-1039-2K\" \/>\n<meta property=\"product:condition\" content=\"new\" \/>\n<!-- \/ Yoast SEO Premium plugin. -->","yoast_head_json":{"title":"Dr\u017eiak na maliarsky val\u010dek Colorus CLASSIC 2K Comfort rukov\u00e4\u0165 6 mm pre 10-16 cm val\u010deky s d\u013a\u017ekou 39 cm - versiegelung24.com","robots":{"index":"index","follow":"follow","max-snippet":"max-snippet:-1","max-image-preview":"max-image-preview:large","max-video-preview":"max-video-preview:-1"},"canonical":"https:\/\/www.versiegelung24.com\/sk\/product\/drziak-na-maliarsky-valcek-colorus-classic-2k-comfort-rukovaet-6-mm-pre-10-16-cm-valceky-s-dlzkou-29-cm-kopie\/","og_locale":"sk_SK","og_type":"article","og_title":"Dr\u017eiak na maliarsky val\u010dek Colorus CLASSIC 2K Comfort rukov\u00e4\u0165 6 mm pre 10-16 cm val\u010deky s d\u013a\u017ekou 39 cm","og_description":"Profesion\u00e1lny komfortn\u00fd dr\u017eiak pre val\u010deky chladi\u010da a val\u010deky pre mal\u00e9 plochy: \u2713 So 6 mm val\u010dekov\u00fdm lo\u017eiskom \u2713 \u0160pi\u010dkov\u00e1 kvalita","og_url":"https:\/\/www.versiegelung24.com\/sk\/product\/drziak-na-maliarsky-valcek-colorus-classic-2k-comfort-rukovaet-6-mm-pre-10-16-cm-valceky-s-dlzkou-29-cm-kopie\/","og_site_name":"versiegelung24.com","article_modified_time":"2023-06-19T13:48:41+00:00","og_image":[{"width":2000,"height":2000,"url":"https:\/\/www.versiegelung24.com\/wp-content\/uploads\/2022\/02\/produkt-v24-1029-1039-2k-Colorus-Farbwalzen-Buegel-CLASSIC-2K-Comfort-Griff-6mm-fuer-10-16cm-Farbwalzen.jpg","type":"image\/jpeg"}],"twitter_card":"summary_large_image","twitter_misc":{"Cena":"2,99&euro;","Dostupnos\u0165":"Na sklade"},"schema":{"@context":"https:\/\/schema.org","@graph":[{"@type":"WebPage","@id":"https:\/\/www.versiegelung24.com\/sk\/product\/drziak-na-maliarsky-valcek-colorus-classic-2k-comfort-rukovaet-6-mm-pre-10-16-cm-valceky-s-dlzkou-29-cm-kopie\/","url":"https:\/\/www.versiegelung24.com\/sk\/product\/drziak-na-maliarsky-valcek-colorus-classic-2k-comfort-rukovaet-6-mm-pre-10-16-cm-valceky-s-dlzkou-29-cm-kopie\/","name":"Dr\u017eiak na maliarsky val\u010dek Colorus CLASSIC 2K Comfort rukov\u00e4\u0165 6 mm pre 10-16 cm val\u010deky s d\u013a\u017ekou 39 cm - versiegelung24.com","isPartOf":{"@id":"https:\/\/www.versiegelung24.com\/sk\/#website"},"primaryImageOfPage":{"@id":"https:\/\/www.versiegelung24.com\/sk\/product\/drziak-na-maliarsky-valcek-colorus-classic-2k-comfort-rukovaet-6-mm-pre-10-16-cm-valceky-s-dlzkou-29-cm-kopie\/#primaryimage"},"image":{"@id":"https:\/\/www.versiegelung24.com\/sk\/product\/drziak-na-maliarsky-valcek-colorus-classic-2k-comfort-rukovaet-6-mm-pre-10-16-cm-valceky-s-dlzkou-29-cm-kopie\/#primaryimage"},"thumbnailUrl":"https:\/\/www.versiegelung24.com\/wp-content\/uploads\/2022\/02\/produkt-v24-1029-1039-2k-Colorus-Farbwalzen-Buegel-CLASSIC-2K-Comfort-Griff-6mm-fuer-10-16cm-Farbwalzen.jpg","datePublished":"2022-02-10T07:13:31+00:00","dateModified":"2023-06-19T13:48:41+00:00","breadcrumb":{"@id":"https:\/\/www.versiegelung24.com\/sk\/product\/drziak-na-maliarsky-valcek-colorus-classic-2k-comfort-rukovaet-6-mm-pre-10-16-cm-valceky-s-dlzkou-29-cm-kopie\/#breadcrumb"},"inLanguage":"sk-SK","potentialAction":[{"@type":"ReadAction","target":["https:\/\/www.versiegelung24.com\/sk\/product\/drziak-na-maliarsky-valcek-colorus-classic-2k-comfort-rukovaet-6-mm-pre-10-16-cm-valceky-s-dlzkou-29-cm-kopie\/"]}]},{"@type":"ImageObject","inLanguage":"sk-SK","@id":"https:\/\/www.versiegelung24.com\/sk\/product\/drziak-na-maliarsky-valcek-colorus-classic-2k-comfort-rukovaet-6-mm-pre-10-16-cm-valceky-s-dlzkou-29-cm-kopie\/#primaryimage","url":"https:\/\/www.versiegelung24.com\/wp-content\/uploads\/2022\/02\/produkt-v24-1029-1039-2k-Colorus-Farbwalzen-Buegel-CLASSIC-2K-Comfort-Griff-6mm-fuer-10-16cm-Farbwalzen.jpg","contentUrl":"https:\/\/www.versiegelung24.com\/wp-content\/uploads\/2022\/02\/produkt-v24-1029-1039-2k-Colorus-Farbwalzen-Buegel-CLASSIC-2K-Comfort-Griff-6mm-fuer-10-16cm-Farbwalzen.jpg","width":2000,"height":2000},{"@type":"BreadcrumbList","@id":"https:\/\/www.versiegelung24.com\/sk\/product\/drziak-na-maliarsky-valcek-colorus-classic-2k-comfort-rukovaet-6-mm-pre-10-16-cm-valceky-s-dlzkou-29-cm-kopie\/#breadcrumb","itemListElement":[{"@type":"ListItem","position":1,"name":"\u00davodn\u00e1 str\u00e1nka","item":"https:\/\/www.versiegelung24.com\/sk\/predna-strana\/"},{"@type":"ListItem","position":2,"name":"Obchod","item":"https:\/\/www.versiegelung24.com\/sk\/obchod\/"},{"@type":"ListItem","position":3,"name":"Dr\u017eiak na maliarsky val\u010dek Colorus CLASSIC 2K Comfort rukov\u00e4\u0165 6 mm pre 10-16 cm val\u010deky s d\u013a\u017ekou 39 cm"}]},{"@type":"WebSite","@id":"https:\/\/www.versiegelung24.com\/sk\/#website","url":"https:\/\/www.versiegelung24.com\/sk\/","name":"versiegelung24.com","description":"Fl\u00fcssigglas-Versiegelung - Made in Germany","publisher":{"@id":"https:\/\/www.versiegelung24.com\/sk\/#organization"},"potentialAction":[{"@type":"SearchAction","target":{"@type":"EntryPoint","urlTemplate":"https:\/\/www.versiegelung24.com\/sk\/?s={search_term_string}"},"query-input":{"@type":"PropertyValueSpecification","valueRequired":true,"valueName":"search_term_string"}}],"inLanguage":"sk-SK"},{"@type":"Organization","@id":"https:\/\/www.versiegelung24.com\/sk\/#organization","name":"versiegelung24","url":"https:\/\/www.versiegelung24.com\/sk\/","logo":{"@type":"ImageObject","inLanguage":"sk-SK","@id":"https:\/\/www.versiegelung24.com\/sk\/#\/schema\/logo\/image\/","url":"https:\/\/www.versiegelung24.com\/wp-content\/uploads\/2020\/04\/versiegelung24.png","contentUrl":"https:\/\/www.versiegelung24.com\/wp-content\/uploads\/2020\/04\/versiegelung24.png","width":470,"height":102,"caption":"versiegelung24"},"image":{"@id":"https:\/\/www.versiegelung24.com\/sk\/#\/schema\/logo\/image\/"}}]},"product_price_amount":"2.99","product_price_currency":"EUR","og_availability":"instock","product_availability":"instock","product_retailer_item_id":"V24-1039-2K","product_condition":"new"},"_links":{"self":[{"href":"https:\/\/www.versiegelung24.com\/sk\/wp-json\/wp\/v2\/product\/64070","targetHints":{"allow":["GET"]}}],"collection":[{"href":"https:\/\/www.versiegelung24.com\/sk\/wp-json\/wp\/v2\/product"}],"about":[{"href":"https:\/\/www.versiegelung24.com\/sk\/wp-json\/wp\/v2\/types\/product"}],"version-history":[{"count":9,"href":"https:\/\/www.versiegelung24.com\/sk\/wp-json\/wp\/v2\/product\/64070\/revisions"}],"predecessor-version":[{"id":79770,"href":"https:\/\/www.versiegelung24.com\/sk\/wp-json\/wp\/v2\/product\/64070\/revisions\/79770"}],"wp:featuredmedia":[{"embeddable":true,"href":"https:\/\/www.versiegelung24.com\/sk\/wp-json\/wp\/v2\/media\/63944"}],"wp:attachment":[{"href":"https:\/\/www.versiegelung24.com\/sk\/wp-json\/wp\/v2\/media?parent=64070"}],"wp:term":[{"taxonomy":"product_brand","embeddable":true,"href":"https:\/\/www.versiegelung24.com\/sk\/wp-json\/wp\/v2\/product_brand?post=64070"},{"taxonomy":"product_cat","embeddable":true,"href":"https:\/\/www.versiegelung24.com\/sk\/wp-json\/wp\/v2\/product_cat?post=64070"},{"taxonomy":"product_tag","embeddable":true,"href":"https:\/\/www.versiegelung24.com\/sk\/wp-json\/wp\/v2\/product_tag?post=64070"}],"curies":[{"name":"wp","href":"https:\/\/api.w.org\/{rel}","templated":true}]}}