{"id":82484,"date":"2022-02-23T13:57:07","date_gmt":"2022-02-23T12:57:11","guid":{"rendered":"https:\/\/www.versiegelung24.com\/?post_type=product&#038;p=82484"},"modified":"2025-01-13T17:10:28","modified_gmt":"2025-01-13T16:10:28","slug":"ochranne-okuliare-s-integrovanymi-bocnymi-stitmi-a-nastavitelnymi-ramami","status":"publish","type":"product","link":"https:\/\/www.versiegelung24.com\/sk\/zlte-nitrilove-pracovne-rukavice-s-pletenou-manzetou-kopie.html","title":{"rendered":"Ochrann\u00e9 okuliare s integrovanou bo\u010dnou ochranou a nastavite\u013en\u00fdmi strani\u010dkami"},"content":{"rendered":"\n<h4 class=\"wp-block-heading\" id=\"h-beschreibung\">Opis<\/h4>\n\n<p>M\u00e4kk\u00e9 dvojzlo\u017ekov\u00e9 okuliare s d\u013a\u017ekovo nastavite\u013en\u00fdmi strani\u010dkami, univerz\u00e1lne pou\u017eite\u013en\u00e9. Okuliare sp\u013a\u0148aj\u00fa po\u017eiadavky normy EN166. Uchytenie popruhov je mo\u017en\u00e9 v\u010faka opatrenej perfor\u00e1cii.<\/p>\n\n<p>Ochr\u00e1ni va\u0161e o\u010di pred mal\u00fdmi \u00falomkami s energiou n\u00e1razu a\u017e 45 m\/s (F) a m\u00e1 optim\u00e1lnu predn\u00fa a bo\u010dn\u00fa ochranu.<\/p>\n\n<hr \/>\n\n<h4 class=\"wp-block-heading\" id=\"properties\">Vlastnosti produktu<\/h4>\n\n<div class=\"wp-block-columns is-layout-flex wp-container-core-columns-is-layout-9d6595d7 wp-block-columns-is-layout-flex\">\n<div class=\"wp-block-column is-layout-flow wp-block-column-is-layout-flow\">\n<p>\u2713 Optim\u00e1lna ochrana proti n\u00e1razom a \u00falomkom<\/p>\n\n\n\n<p>\u2713 Nastavite\u013en\u00e1 ve\u013ekos\u0165 popruhov<\/p>\n\n\n\n<p>\u2713 Predn\u00e1 a bo\u010dn\u00e1 ochrana<\/p>\n\n\n\n<p>\u2713 Priestor pre okuliare s optick\u00fdmi \u0161o\u0161ovkami<\/p>\n\n\n\n<p>\u2713 Norma: EN166<\/p>\n\n\n\n<p>\u2713 Farba: \u010dierna<\/p>\n<\/div>\n<\/div>\n","protected":false},"excerpt":{"rendered":"<p>\u2713 Optim\u00e1lna ochrana proti n\u00e1razom a \u00falomkom<\/p>\n<p>\u2713 Nastavite\u013en\u00e1 ve\u013ekos\u0165 popruhov<\/p>\n<p>\u2713 Predn\u00e1 a bo\u010dn\u00e1 ochrana<\/p>\n<p>\u2713 Norma: EN166<\/p>\n","protected":false},"featured_media":82526,"template":"","meta":{"_acf_changed":false,"neve_meta_sidebar":"","neve_meta_container":"","neve_meta_enable_content_width":"","neve_meta_content_width":0,"neve_meta_title_alignment":"","neve_meta_author_avatar":"","neve_post_elements_order":"","neve_meta_disable_header":"","neve_meta_disable_footer":"","neve_meta_disable_title":"","neve_meta_reading_time":"","_surfaces":[],"_ver_product_tabs":[],"footnotes":""},"product_brand":[],"product_cat":[3089],"product_tag":[],"class_list":{"0":"post-82484","1":"product","2":"type-product","3":"status-publish","4":"has-post-thumbnail","6":"product_cat-zariadeni","8":"first","9":"instock","10":"taxable","11":"shipping-taxable","12":"purchasable","13":"product-type-simple"},"acf":[],"yoast_head":"<!-- This site is optimized with the Yoast SEO Premium plugin v22.8 (Yoast SEO v27.5) - https:\/\/yoast.com\/product\/yoast-seo-premium-wordpress\/ -->\n<title>Ochrann\u00e9 okuliare s integrovanou bo\u010dnou ochranou a nastavite\u013en\u00fdmi strani\u010dkami - versiegelung24.com<\/title>\n<meta name=\"robots\" content=\"index, follow, max-snippet:-1, max-image-preview:large, max-video-preview:-1\" \/>\n<link rel=\"canonical\" href=\"https:\/\/www.versiegelung24.com\/sk\/zlte-nitrilove-pracovne-rukavice-s-pletenou-manzetou-kopie.html\" \/>\n<meta property=\"og:locale\" content=\"sk_SK\" \/>\n<meta property=\"og:type\" content=\"article\" \/>\n<meta property=\"og:title\" content=\"Ochrann\u00e9 okuliare s integrovanou bo\u010dnou ochranou a nastavite\u013en\u00fdmi strani\u010dkami\" \/>\n<meta property=\"og:description\" content=\"\u2713 Optim\u00e1lna ochrana proti n\u00e1razom a \u00falomkom \u2713 Nastavite\u013en\u00e1 ve\u013ekos\u0165 popruhov \u2713 Predn\u00e1 a bo\u010dn\u00e1 ochrana \u2713 Norma: EN166\" \/>\n<meta property=\"og:url\" content=\"https:\/\/www.versiegelung24.com\/sk\/zlte-nitrilove-pracovne-rukavice-s-pletenou-manzetou-kopie.html\" \/>\n<meta property=\"og:site_name\" content=\"versiegelung24.com\" \/>\n<meta property=\"article:modified_time\" content=\"2025-01-13T16:10:28+00:00\" \/>\n<meta name=\"twitter:card\" content=\"summary_large_image\" \/>\n<meta name=\"twitter:label1\" content=\"Cena\" \/>\n\t<meta name=\"twitter:data1\" content=\"4,99&euro;\" \/>\n\t<meta name=\"twitter:label2\" content=\"Dostupnos\u0165\" \/>\n\t<meta name=\"twitter:data2\" content=\"Na sklade\" \/>\n<script type=\"application\/ld+json\" class=\"yoast-schema-graph\">{\"@context\":\"https:\\\/\\\/schema.org\",\"@graph\":[{\"@type\":\"WebPage\",\"@id\":\"https:\\\/\\\/www.versiegelung24.com\\\/sk\\\/zlte-nitrilove-pracovne-rukavice-s-pletenou-manzetou-kopie.html\",\"url\":\"https:\\\/\\\/www.versiegelung24.com\\\/sk\\\/zlte-nitrilove-pracovne-rukavice-s-pletenou-manzetou-kopie.html\",\"name\":\"Ochrann\u00e9 okuliare s integrovanou bo\u010dnou ochranou a nastavite\u013en\u00fdmi strani\u010dkami - versiegelung24.com\",\"isPartOf\":{\"@id\":\"https:\\\/\\\/www.versiegelung24.com\\\/sk\\\/#website\"},\"primaryImageOfPage\":{\"@id\":\"https:\\\/\\\/www.versiegelung24.com\\\/sk\\\/zlte-nitrilove-pracovne-rukavice-s-pletenou-manzetou-kopie.html#primaryimage\"},\"image\":{\"@id\":\"https:\\\/\\\/www.versiegelung24.com\\\/sk\\\/zlte-nitrilove-pracovne-rukavice-s-pletenou-manzetou-kopie.html#primaryimage\"},\"thumbnailUrl\":\"https:\\\/\\\/www.versiegelung24.com\\\/wp-content\\\/uploads\\\/2022\\\/02\\\/produkt-v24-sbvari1-schutzbrille.jpg\",\"datePublished\":\"2022-02-23T12:57:11+00:00\",\"dateModified\":\"2025-01-13T16:10:28+00:00\",\"breadcrumb\":{\"@id\":\"https:\\\/\\\/www.versiegelung24.com\\\/sk\\\/zlte-nitrilove-pracovne-rukavice-s-pletenou-manzetou-kopie.html#breadcrumb\"},\"inLanguage\":\"sk-SK\",\"potentialAction\":[{\"@type\":\"ReadAction\",\"target\":[\"https:\\\/\\\/www.versiegelung24.com\\\/sk\\\/zlte-nitrilove-pracovne-rukavice-s-pletenou-manzetou-kopie.html\"]}]},{\"@type\":\"ImageObject\",\"inLanguage\":\"sk-SK\",\"@id\":\"https:\\\/\\\/www.versiegelung24.com\\\/sk\\\/zlte-nitrilove-pracovne-rukavice-s-pletenou-manzetou-kopie.html#primaryimage\",\"url\":\"https:\\\/\\\/www.versiegelung24.com\\\/wp-content\\\/uploads\\\/2022\\\/02\\\/produkt-v24-sbvari1-schutzbrille.jpg\",\"contentUrl\":\"https:\\\/\\\/www.versiegelung24.com\\\/wp-content\\\/uploads\\\/2022\\\/02\\\/produkt-v24-sbvari1-schutzbrille.jpg\",\"width\":2000,\"height\":2000},{\"@type\":\"BreadcrumbList\",\"@id\":\"https:\\\/\\\/www.versiegelung24.com\\\/sk\\\/zlte-nitrilove-pracovne-rukavice-s-pletenou-manzetou-kopie.html#breadcrumb\",\"itemListElement\":[{\"@type\":\"ListItem\",\"position\":1,\"name\":\"\u00davodn\u00e1 str\u00e1nka\",\"item\":\"https:\\\/\\\/www.versiegelung24.com\\\/sk\\\/predna-strana\\\/\"},{\"@type\":\"ListItem\",\"position\":2,\"name\":\"Obchod\",\"item\":\"https:\\\/\\\/www.versiegelung24.com\\\/sk\\\/obchod\\\/\"},{\"@type\":\"ListItem\",\"position\":3,\"name\":\"Ochrann\u00e9 okuliare s integrovanou bo\u010dnou ochranou a nastavite\u013en\u00fdmi strani\u010dkami\"}]},{\"@type\":\"WebSite\",\"@id\":\"https:\\\/\\\/www.versiegelung24.com\\\/sk\\\/#website\",\"url\":\"https:\\\/\\\/www.versiegelung24.com\\\/sk\\\/\",\"name\":\"versiegelung24.com\",\"description\":\"Fl\u00fcssigglas-Versiegelung - Made in Germany\",\"publisher\":{\"@id\":\"https:\\\/\\\/www.versiegelung24.com\\\/sk\\\/#organization\"},\"potentialAction\":[{\"@type\":\"SearchAction\",\"target\":{\"@type\":\"EntryPoint\",\"urlTemplate\":\"https:\\\/\\\/www.versiegelung24.com\\\/sk\\\/?s={search_term_string}\"},\"query-input\":{\"@type\":\"PropertyValueSpecification\",\"valueRequired\":true,\"valueName\":\"search_term_string\"}}],\"inLanguage\":\"sk-SK\"},{\"@type\":\"Organization\",\"@id\":\"https:\\\/\\\/www.versiegelung24.com\\\/sk\\\/#organization\",\"name\":\"versiegelung24\",\"url\":\"https:\\\/\\\/www.versiegelung24.com\\\/sk\\\/\",\"logo\":{\"@type\":\"ImageObject\",\"inLanguage\":\"sk-SK\",\"@id\":\"https:\\\/\\\/www.versiegelung24.com\\\/sk\\\/#\\\/schema\\\/logo\\\/image\\\/\",\"url\":\"https:\\\/\\\/www.versiegelung24.com\\\/wp-content\\\/uploads\\\/2020\\\/04\\\/versiegelung24.png\",\"contentUrl\":\"https:\\\/\\\/www.versiegelung24.com\\\/wp-content\\\/uploads\\\/2020\\\/04\\\/versiegelung24.png\",\"width\":470,\"height\":102,\"caption\":\"versiegelung24\"},\"image\":{\"@id\":\"https:\\\/\\\/www.versiegelung24.com\\\/sk\\\/#\\\/schema\\\/logo\\\/image\\\/\"}}]}<\/script>\n<meta property=\"product:price:amount\" content=\"4.99\" \/>\n<meta property=\"product:price:currency\" content=\"EUR\" \/>\n<meta property=\"og:availability\" content=\"instock\" \/>\n<meta property=\"product:availability\" content=\"instock\" \/>\n<meta property=\"product:retailer_item_id\" content=\"V24-SBVARI1\" \/>\n<meta property=\"product:condition\" content=\"new\" \/>\n<!-- \/ Yoast SEO Premium plugin. -->","yoast_head_json":{"title":"Ochrann\u00e9 okuliare s integrovanou bo\u010dnou ochranou a nastavite\u013en\u00fdmi strani\u010dkami - versiegelung24.com","robots":{"index":"index","follow":"follow","max-snippet":"max-snippet:-1","max-image-preview":"max-image-preview:large","max-video-preview":"max-video-preview:-1"},"canonical":"https:\/\/www.versiegelung24.com\/sk\/zlte-nitrilove-pracovne-rukavice-s-pletenou-manzetou-kopie.html","og_locale":"sk_SK","og_type":"article","og_title":"Ochrann\u00e9 okuliare s integrovanou bo\u010dnou ochranou a nastavite\u013en\u00fdmi strani\u010dkami","og_description":"\u2713 Optim\u00e1lna ochrana proti n\u00e1razom a \u00falomkom \u2713 Nastavite\u013en\u00e1 ve\u013ekos\u0165 popruhov \u2713 Predn\u00e1 a bo\u010dn\u00e1 ochrana \u2713 Norma: EN166","og_url":"https:\/\/www.versiegelung24.com\/sk\/zlte-nitrilove-pracovne-rukavice-s-pletenou-manzetou-kopie.html","og_site_name":"versiegelung24.com","article_modified_time":"2025-01-13T16:10:28+00:00","twitter_card":"summary_large_image","twitter_misc":{"Cena":"4,99&euro;","Dostupnos\u0165":"Na sklade"},"schema":{"@context":"https:\/\/schema.org","@graph":[{"@type":"WebPage","@id":"https:\/\/www.versiegelung24.com\/sk\/zlte-nitrilove-pracovne-rukavice-s-pletenou-manzetou-kopie.html","url":"https:\/\/www.versiegelung24.com\/sk\/zlte-nitrilove-pracovne-rukavice-s-pletenou-manzetou-kopie.html","name":"Ochrann\u00e9 okuliare s integrovanou bo\u010dnou ochranou a nastavite\u013en\u00fdmi strani\u010dkami - versiegelung24.com","isPartOf":{"@id":"https:\/\/www.versiegelung24.com\/sk\/#website"},"primaryImageOfPage":{"@id":"https:\/\/www.versiegelung24.com\/sk\/zlte-nitrilove-pracovne-rukavice-s-pletenou-manzetou-kopie.html#primaryimage"},"image":{"@id":"https:\/\/www.versiegelung24.com\/sk\/zlte-nitrilove-pracovne-rukavice-s-pletenou-manzetou-kopie.html#primaryimage"},"thumbnailUrl":"https:\/\/www.versiegelung24.com\/wp-content\/uploads\/2022\/02\/produkt-v24-sbvari1-schutzbrille.jpg","datePublished":"2022-02-23T12:57:11+00:00","dateModified":"2025-01-13T16:10:28+00:00","breadcrumb":{"@id":"https:\/\/www.versiegelung24.com\/sk\/zlte-nitrilove-pracovne-rukavice-s-pletenou-manzetou-kopie.html#breadcrumb"},"inLanguage":"sk-SK","potentialAction":[{"@type":"ReadAction","target":["https:\/\/www.versiegelung24.com\/sk\/zlte-nitrilove-pracovne-rukavice-s-pletenou-manzetou-kopie.html"]}]},{"@type":"ImageObject","inLanguage":"sk-SK","@id":"https:\/\/www.versiegelung24.com\/sk\/zlte-nitrilove-pracovne-rukavice-s-pletenou-manzetou-kopie.html#primaryimage","url":"https:\/\/www.versiegelung24.com\/wp-content\/uploads\/2022\/02\/produkt-v24-sbvari1-schutzbrille.jpg","contentUrl":"https:\/\/www.versiegelung24.com\/wp-content\/uploads\/2022\/02\/produkt-v24-sbvari1-schutzbrille.jpg","width":2000,"height":2000},{"@type":"BreadcrumbList","@id":"https:\/\/www.versiegelung24.com\/sk\/zlte-nitrilove-pracovne-rukavice-s-pletenou-manzetou-kopie.html#breadcrumb","itemListElement":[{"@type":"ListItem","position":1,"name":"\u00davodn\u00e1 str\u00e1nka","item":"https:\/\/www.versiegelung24.com\/sk\/predna-strana\/"},{"@type":"ListItem","position":2,"name":"Obchod","item":"https:\/\/www.versiegelung24.com\/sk\/obchod\/"},{"@type":"ListItem","position":3,"name":"Ochrann\u00e9 okuliare s integrovanou bo\u010dnou ochranou a nastavite\u013en\u00fdmi strani\u010dkami"}]},{"@type":"WebSite","@id":"https:\/\/www.versiegelung24.com\/sk\/#website","url":"https:\/\/www.versiegelung24.com\/sk\/","name":"versiegelung24.com","description":"Fl\u00fcssigglas-Versiegelung - Made in Germany","publisher":{"@id":"https:\/\/www.versiegelung24.com\/sk\/#organization"},"potentialAction":[{"@type":"SearchAction","target":{"@type":"EntryPoint","urlTemplate":"https:\/\/www.versiegelung24.com\/sk\/?s={search_term_string}"},"query-input":{"@type":"PropertyValueSpecification","valueRequired":true,"valueName":"search_term_string"}}],"inLanguage":"sk-SK"},{"@type":"Organization","@id":"https:\/\/www.versiegelung24.com\/sk\/#organization","name":"versiegelung24","url":"https:\/\/www.versiegelung24.com\/sk\/","logo":{"@type":"ImageObject","inLanguage":"sk-SK","@id":"https:\/\/www.versiegelung24.com\/sk\/#\/schema\/logo\/image\/","url":"https:\/\/www.versiegelung24.com\/wp-content\/uploads\/2020\/04\/versiegelung24.png","contentUrl":"https:\/\/www.versiegelung24.com\/wp-content\/uploads\/2020\/04\/versiegelung24.png","width":470,"height":102,"caption":"versiegelung24"},"image":{"@id":"https:\/\/www.versiegelung24.com\/sk\/#\/schema\/logo\/image\/"}}]},"product_price_amount":"4.99","product_price_currency":"EUR","og_availability":"instock","product_availability":"instock","product_retailer_item_id":"V24-SBVARI1","product_condition":"new"},"_links":{"self":[{"href":"https:\/\/www.versiegelung24.com\/sk\/wp-json\/wp\/v2\/product\/82484","targetHints":{"allow":["GET"]}}],"collection":[{"href":"https:\/\/www.versiegelung24.com\/sk\/wp-json\/wp\/v2\/product"}],"about":[{"href":"https:\/\/www.versiegelung24.com\/sk\/wp-json\/wp\/v2\/types\/product"}],"version-history":[{"count":7,"href":"https:\/\/www.versiegelung24.com\/sk\/wp-json\/wp\/v2\/product\/82484\/revisions"}],"predecessor-version":[{"id":180788,"href":"https:\/\/www.versiegelung24.com\/sk\/wp-json\/wp\/v2\/product\/82484\/revisions\/180788"}],"wp:featuredmedia":[{"embeddable":true,"href":"https:\/\/www.versiegelung24.com\/sk\/wp-json\/wp\/v2\/media\/82526"}],"wp:attachment":[{"href":"https:\/\/www.versiegelung24.com\/sk\/wp-json\/wp\/v2\/media?parent=82484"}],"wp:term":[{"taxonomy":"product_brand","embeddable":true,"href":"https:\/\/www.versiegelung24.com\/sk\/wp-json\/wp\/v2\/product_brand?post=82484"},{"taxonomy":"product_cat","embeddable":true,"href":"https:\/\/www.versiegelung24.com\/sk\/wp-json\/wp\/v2\/product_cat?post=82484"},{"taxonomy":"product_tag","embeddable":true,"href":"https:\/\/www.versiegelung24.com\/sk\/wp-json\/wp\/v2\/product_tag?post=82484"}],"curies":[{"name":"wp","href":"https:\/\/api.w.org\/{rel}","templated":true}]}}